{"id":27156,"date":"2025-03-24T15:09:09","date_gmt":"2025-03-24T21:09:09","guid":{"rendered":"https:\/\/mivoot.com\/gt\/?post_type=product&#038;p=27156"},"modified":"2025-03-24T15:09:10","modified_gmt":"2025-03-24T21:09:10","slug":"router-n300-wi-fi-xpon-ont-hg3-tenda","status":"publish","type":"product","link":"https:\/\/mivoot.com\/gt\/producto\/router-n300-wi-fi-xpon-ont-hg3-tenda\/","title":{"rendered":"Router N300 Wi-Fi  xPON ONT HG3 Tenda"},"content":{"rendered":"<h1 style=\"text-align: center\"><span style=\"color: #ff6600\"><strong>Personalizaci\u00f3n preestablecida, <\/strong><\/span><span style=\"color: #ff6600\"><strong>conexi\u00f3n sencilla<\/strong><\/span><\/h1>\n<p>&nbsp;<\/p>\n<h3><strong><span style=\"color: #ff6600\">Preajuste f\u00e1cil, preconfiguraci\u00f3n<\/span><\/strong><\/h3>\n<h4>HG3 Admite una configuraci\u00f3n predeterminada personalizada para aplicar a dispositivos por lotes.\u00a0Despu\u00e9s de un mal funcionamiento de los consumidores, la funci\u00f3n de reinicio f\u00e1cil puede restaurar la configuraci\u00f3n predeterminada, que solo puede ser modificada por el ISP, lo que reduce los servicios posventa.<\/h4>\n<h3 style=\"text-align: right\"><strong><span style=\"color: #ff6600\">Estable y confiable<\/span><\/strong><\/h3>\n<h4 style=\"text-align: right\">La CPU de 1 GHz coopera con 1G de RAM y ofrece una excelente velocidad de Internet.\u00a0Dise\u00f1o delicado de disipaci\u00f3n de calor para hacer funcionar el dispositivo de manera estable<\/h4>\n<p>&nbsp;<\/p>\n<h3><strong><span style=\"color: #ff6600\">Autoadaptaci\u00f3n para redes EPON y GPON<\/span><\/strong><\/h3>\n<h4>La tecnolog\u00eda inteligente integrada de detecci\u00f3n de enlaces EPON y GPON cambia autom\u00e1ticamente y la implementaci\u00f3n del dispositivo es flexible<\/h4>\n<p>&nbsp;<\/p>\n<h3 style=\"text-align: right\"><strong><span style=\"color: #ff6600\">Antena 2*5dBi para una mejor cobertura Wi-Fi<\/span><\/strong><\/h3>\n<div>\n<h4 style=\"text-align: right\">2 antenas de ganancia s\u00faper omnidireccional de 5 dBi, con tecnolog\u00eda de sintonizaci\u00f3n RF de Tenda, que permiten que la se\u00f1al cubra una pared m\u00e1s<\/h4>\n<\/div>\n<h3><strong><span style=\"color: #ff6600\">Alta compatibilidad con OLT en todo el mundo<\/span><\/strong><\/h3>\n<div>\n<h4>Tenda Lab ha realizado varias pruebas de compatibilidad en las principales marcas OLT globales, como Huawei, ZTE, Fiberhome, NOKIA, Tenda, etc., para garantizar que ONU se adapte perfectamente al entorno local del ISP.<\/h4>\n<p>&nbsp;<\/p>\n<p><img fetchpriority=\"high\" decoding=\"async\" class=\" wp-image-27179 aligncenter\" src=\"https:\/\/mivoot.com\/gt\/wp-content\/uploads\/2025\/03\/Captura-de-pantalla-2025-03-24-142412-300x143.png\" alt=\"\" width=\"947\" height=\"451\" srcset=\"https:\/\/mivoot.com\/gt\/wp-content\/uploads\/2025\/03\/Captura-de-pantalla-2025-03-24-142412-300x143.png 300w, https:\/\/mivoot.com\/gt\/wp-content\/uploads\/2025\/03\/Captura-de-pantalla-2025-03-24-142412-410x196.png 410w, https:\/\/mivoot.com\/gt\/wp-content\/uploads\/2025\/03\/Captura-de-pantalla-2025-03-24-142412-64x31.png 64w, https:\/\/mivoot.com\/gt\/wp-content\/uploads\/2025\/03\/Captura-de-pantalla-2025-03-24-142412-768x367.png 768w, https:\/\/mivoot.com\/gt\/wp-content\/uploads\/2025\/03\/Captura-de-pantalla-2025-03-24-142412-600x287.png 600w\" sizes=\"(max-width: 947px) 100vw, 947px\" \/><\/p>\n<p>&nbsp;<\/p>\n<p>&nbsp;<\/p>\n<\/div>\n<ul>\n<li>\u00a0Modificaci\u00f3n por lotes personalizada de la configuraci\u00f3n predeterminada<\/li>\n<li>\u00a0Estable y confiable con el potente chipset y el delicado dise\u00f1o de enfriamiento<\/li>\n<li>\u00a0EPON y GPON autoadaptativos<\/li>\n<li>\u00a0Alta compatibilidad con OLT<\/li>\n<li>\u00a0Gesti\u00f3n OAM\/OMCI\/TR069<\/li>\n<\/ul>\n","protected":false},"excerpt":{"rendered":"<p>&#8211; Est\u00e1ndares IEEE: IEEE 802, 802.1Q, 802.10, IEEE 802.11, 802.3U, 802.3Z<br \/>\n&#8211; Est\u00e1ndares PON: GPON: IT G.984.1, IT G.984.2, IT G.984.3, IT G.984.4  EPON: IEEE802.3ah<br \/>\n&#8211; Interfaces: 1 puerto SC\/APC (o UPC), 1 puerto LAN RJ45 de 1000 Mbps, 1 puerto LAN RJ45 de 100 Mbps, 1 puerto DC<br \/>\n&#8211; Longitud de onda \u00f3ptica: Transmitir a 1310 nm, recibir a 1490 nm<br \/>\n&#8211; Distancia de transmisi\u00f3n: 20 km m\u00e1ximo<br \/>\n&#8211; 1,25 Gbps de subida m\u00e1ximo, 2,5 Gbps de bajada m\u00e1ximo<br \/>\n&#8211; Dimensi\u00f3n: 166,6 x 90,5 x 27 mm (ancho x profundidad x alto)<br \/>\n&#8211; Antena: Antena 2 * 5 dBi<\/p>\n","protected":false},"featured_media":27183,"comment_status":"open","ping_status":"closed","template":"","meta":{"jetpack_publicize_message":"","jetpack_publicize_feature_enabled":true,"jetpack_social_post_already_shared":true,"jetpack_social_options":{"image_generator_settings":{"template":"highway","default_image_id":0,"font":"","enabled":false},"version":2}},"pwb-brand":[318],"product_brand":[],"product_cat":[17],"product_tag":[],"class_list":{"0":"post-27156","1":"product","2":"type-product","3":"status-publish","4":"has-post-thumbnail","6":"pwb-brand-tenda","7":"product_cat-redes-e-internet","9":"first","10":"instock","11":"taxable","12":"shipping-taxable","13":"purchasable","14":"product-type-simple"},"yoast_head":"<!-- This site is optimized with the Yoast SEO Premium plugin v25.7.1 (Yoast SEO v26.8) - https:\/\/yoast.com\/product\/yoast-seo-premium-wordpress\/ -->\n<title>Router N300 Wi-Fi xPON ONT HG3 Tenda - Mivoot<\/title>\n<meta name=\"robots\" content=\"index, follow, max-snippet:-1, max-image-preview:large, max-video-preview:-1\" \/>\n<link rel=\"canonical\" href=\"https:\/\/mivoot.com\/gt\/producto\/router-n300-wi-fi-xpon-ont-hg3-tenda\/\" \/>\n<meta property=\"og:locale\" content=\"es_ES\" \/>\n<meta property=\"og:type\" content=\"article\" \/>\n<meta property=\"og:title\" content=\"Router N300 Wi-Fi xPON ONT HG3 Tenda\" \/>\n<meta property=\"og:description\" content=\"- Est\u00e1ndares IEEE: IEEE 802, 802.1Q, 802.10, IEEE 802.11, 802.3U, 802.3Z - Est\u00e1ndares PON: GPON: IT G.984.1, IT G.984.2, IT G.984.3, IT G.984.4 EPON: IEEE802.3ah - Interfaces: 1 puerto SC\/APC (o UPC), 1 puerto LAN RJ45 de 1000 Mbps, 1 puerto LAN RJ45 de 100 Mbps, 1 puerto DC - Longitud de onda \u00f3ptica: Transmitir a 1310 nm, recibir a 1490 nm - Distancia de transmisi\u00f3n: 20 km m\u00e1ximo - 1,25 Gbps de subida m\u00e1ximo, 2,5 Gbps de bajada m\u00e1ximo - Dimensi\u00f3n: 166,6 x 90,5 x 27 mm (ancho x profundidad x alto) - Antena: Antena 2 * 5 dBi\" \/>\n<meta property=\"og:url\" content=\"https:\/\/mivoot.com\/gt\/producto\/router-n300-wi-fi-xpon-ont-hg3-tenda\/\" \/>\n<meta property=\"og:site_name\" content=\"Mivoot\" \/>\n<meta property=\"article:publisher\" content=\"https:\/\/www.facebook.com\/mivootgt\" \/>\n<meta property=\"article:modified_time\" content=\"2025-03-24T21:09:10+00:00\" \/>\n<meta property=\"og:image\" content=\"https:\/\/mivoot.com\/gt\/wp-content\/uploads\/2025\/03\/20220421162425_0641.jpg\" \/>\n\t<meta property=\"og:image:width\" content=\"1000\" \/>\n\t<meta property=\"og:image:height\" content=\"1000\" \/>\n\t<meta property=\"og:image:type\" content=\"image\/jpeg\" \/>\n<meta name=\"twitter:card\" content=\"summary_large_image\" \/>\n<meta name=\"twitter:label1\" content=\"Est. reading time\" \/>\n\t<meta name=\"twitter:data1\" content=\"2 minutos\" \/>\n<script type=\"application\/ld+json\" class=\"yoast-schema-graph\">{\"@context\":\"https:\/\/schema.org\",\"@graph\":[{\"@type\":\"WebPage\",\"@id\":\"https:\/\/mivoot.com\/gt\/producto\/router-n300-wi-fi-xpon-ont-hg3-tenda\/\",\"url\":\"https:\/\/mivoot.com\/gt\/producto\/router-n300-wi-fi-xpon-ont-hg3-tenda\/\",\"name\":\"Router N300 Wi-Fi xPON ONT HG3 Tenda - Mivoot\",\"isPartOf\":{\"@id\":\"https:\/\/mivoot.com\/gt\/#website\"},\"primaryImageOfPage\":{\"@id\":\"https:\/\/mivoot.com\/gt\/producto\/router-n300-wi-fi-xpon-ont-hg3-tenda\/#primaryimage\"},\"image\":{\"@id\":\"https:\/\/mivoot.com\/gt\/producto\/router-n300-wi-fi-xpon-ont-hg3-tenda\/#primaryimage\"},\"thumbnailUrl\":\"https:\/\/mivoot.com\/gt\/wp-content\/uploads\/2025\/03\/20220421162425_0641.jpg\",\"datePublished\":\"2025-03-24T21:09:09+00:00\",\"dateModified\":\"2025-03-24T21:09:10+00:00\",\"breadcrumb\":{\"@id\":\"https:\/\/mivoot.com\/gt\/producto\/router-n300-wi-fi-xpon-ont-hg3-tenda\/#breadcrumb\"},\"inLanguage\":\"es\",\"potentialAction\":[{\"@type\":\"ReadAction\",\"target\":[\"https:\/\/mivoot.com\/gt\/producto\/router-n300-wi-fi-xpon-ont-hg3-tenda\/\"]}]},{\"@type\":\"ImageObject\",\"inLanguage\":\"es\",\"@id\":\"https:\/\/mivoot.com\/gt\/producto\/router-n300-wi-fi-xpon-ont-hg3-tenda\/#primaryimage\",\"url\":\"https:\/\/mivoot.com\/gt\/wp-content\/uploads\/2025\/03\/20220421162425_0641.jpg\",\"contentUrl\":\"https:\/\/mivoot.com\/gt\/wp-content\/uploads\/2025\/03\/20220421162425_0641.jpg\",\"width\":1000,\"height\":1000},{\"@type\":\"BreadcrumbList\",\"@id\":\"https:\/\/mivoot.com\/gt\/producto\/router-n300-wi-fi-xpon-ont-hg3-tenda\/#breadcrumb\",\"itemListElement\":[{\"@type\":\"ListItem\",\"position\":1,\"name\":\"Inicio\",\"item\":\"https:\/\/mivoot.com\/gt\/\"},{\"@type\":\"ListItem\",\"position\":2,\"name\":\"Productos\",\"item\":\"https:\/\/mivoot.com\/gt\/producto\/\"},{\"@type\":\"ListItem\",\"position\":3,\"name\":\"Tenda\",\"item\":\"https:\/\/mivoot.com\/gt\/marca\/tenda\/\"},{\"@type\":\"ListItem\",\"position\":4,\"name\":\"Router N300 Wi-Fi xPON ONT HG3 Tenda\"}]},{\"@type\":\"WebSite\",\"@id\":\"https:\/\/mivoot.com\/gt\/#website\",\"url\":\"https:\/\/mivoot.com\/gt\/\",\"name\":\"Mivoot\",\"description\":\"Mivoot Guatemala | Tienda Online\",\"publisher\":{\"@id\":\"https:\/\/mivoot.com\/gt\/#organization\"},\"alternateName\":\"mivoot\",\"potentialAction\":[{\"@type\":\"SearchAction\",\"target\":{\"@type\":\"EntryPoint\",\"urlTemplate\":\"https:\/\/mivoot.com\/gt\/?s={search_term_string}\"},\"query-input\":{\"@type\":\"PropertyValueSpecification\",\"valueRequired\":true,\"valueName\":\"search_term_string\"}}],\"inLanguage\":\"es\"},{\"@type\":\"Organization\",\"@id\":\"https:\/\/mivoot.com\/gt\/#organization\",\"name\":\"Mivoot Guatemala\",\"alternateName\":\"mivoot.com\",\"url\":\"https:\/\/mivoot.com\/gt\/\",\"logo\":{\"@type\":\"ImageObject\",\"inLanguage\":\"es\",\"@id\":\"https:\/\/mivoot.com\/gt\/#\/schema\/logo\/image\/\",\"url\":\"https:\/\/mivoot.com\/gt\/wp-content\/uploads\/2023\/03\/cropped-icon.png\",\"contentUrl\":\"https:\/\/mivoot.com\/gt\/wp-content\/uploads\/2023\/03\/cropped-icon.png\",\"width\":512,\"height\":512,\"caption\":\"Mivoot Guatemala\"},\"image\":{\"@id\":\"https:\/\/mivoot.com\/gt\/#\/schema\/logo\/image\/\"},\"sameAs\":[\"https:\/\/www.facebook.com\/mivootgt\",\"https:\/\/instagram.com\/mivoot\"]}]}<\/script>\n<!-- \/ Yoast SEO Premium plugin. -->","yoast_head_json":{"title":"Router N300 Wi-Fi xPON ONT HG3 Tenda - Mivoot","robots":{"index":"index","follow":"follow","max-snippet":"max-snippet:-1","max-image-preview":"max-image-preview:large","max-video-preview":"max-video-preview:-1"},"canonical":"https:\/\/mivoot.com\/gt\/producto\/router-n300-wi-fi-xpon-ont-hg3-tenda\/","og_locale":"es_ES","og_type":"article","og_title":"Router N300 Wi-Fi xPON ONT HG3 Tenda","og_description":"- Est\u00e1ndares IEEE: IEEE 802, 802.1Q, 802.10, IEEE 802.11, 802.3U, 802.3Z - Est\u00e1ndares PON: GPON: IT G.984.1, IT G.984.2, IT G.984.3, IT G.984.4 EPON: IEEE802.3ah - Interfaces: 1 puerto SC\/APC (o UPC), 1 puerto LAN RJ45 de 1000 Mbps, 1 puerto LAN RJ45 de 100 Mbps, 1 puerto DC - Longitud de onda \u00f3ptica: Transmitir a 1310 nm, recibir a 1490 nm - Distancia de transmisi\u00f3n: 20 km m\u00e1ximo - 1,25 Gbps de subida m\u00e1ximo, 2,5 Gbps de bajada m\u00e1ximo - Dimensi\u00f3n: 166,6 x 90,5 x 27 mm (ancho x profundidad x alto) - Antena: Antena 2 * 5 dBi","og_url":"https:\/\/mivoot.com\/gt\/producto\/router-n300-wi-fi-xpon-ont-hg3-tenda\/","og_site_name":"Mivoot","article_publisher":"https:\/\/www.facebook.com\/mivootgt","article_modified_time":"2025-03-24T21:09:10+00:00","og_image":[{"width":1000,"height":1000,"url":"https:\/\/mivoot.com\/gt\/wp-content\/uploads\/2025\/03\/20220421162425_0641.jpg","type":"image\/jpeg"}],"twitter_card":"summary_large_image","twitter_misc":{"Est. reading time":"2 minutos"},"schema":{"@context":"https:\/\/schema.org","@graph":[{"@type":"WebPage","@id":"https:\/\/mivoot.com\/gt\/producto\/router-n300-wi-fi-xpon-ont-hg3-tenda\/","url":"https:\/\/mivoot.com\/gt\/producto\/router-n300-wi-fi-xpon-ont-hg3-tenda\/","name":"Router N300 Wi-Fi xPON ONT HG3 Tenda - Mivoot","isPartOf":{"@id":"https:\/\/mivoot.com\/gt\/#website"},"primaryImageOfPage":{"@id":"https:\/\/mivoot.com\/gt\/producto\/router-n300-wi-fi-xpon-ont-hg3-tenda\/#primaryimage"},"image":{"@id":"https:\/\/mivoot.com\/gt\/producto\/router-n300-wi-fi-xpon-ont-hg3-tenda\/#primaryimage"},"thumbnailUrl":"https:\/\/mivoot.com\/gt\/wp-content\/uploads\/2025\/03\/20220421162425_0641.jpg","datePublished":"2025-03-24T21:09:09+00:00","dateModified":"2025-03-24T21:09:10+00:00","breadcrumb":{"@id":"https:\/\/mivoot.com\/gt\/producto\/router-n300-wi-fi-xpon-ont-hg3-tenda\/#breadcrumb"},"inLanguage":"es","potentialAction":[{"@type":"ReadAction","target":["https:\/\/mivoot.com\/gt\/producto\/router-n300-wi-fi-xpon-ont-hg3-tenda\/"]}]},{"@type":"ImageObject","inLanguage":"es","@id":"https:\/\/mivoot.com\/gt\/producto\/router-n300-wi-fi-xpon-ont-hg3-tenda\/#primaryimage","url":"https:\/\/mivoot.com\/gt\/wp-content\/uploads\/2025\/03\/20220421162425_0641.jpg","contentUrl":"https:\/\/mivoot.com\/gt\/wp-content\/uploads\/2025\/03\/20220421162425_0641.jpg","width":1000,"height":1000},{"@type":"BreadcrumbList","@id":"https:\/\/mivoot.com\/gt\/producto\/router-n300-wi-fi-xpon-ont-hg3-tenda\/#breadcrumb","itemListElement":[{"@type":"ListItem","position":1,"name":"Inicio","item":"https:\/\/mivoot.com\/gt\/"},{"@type":"ListItem","position":2,"name":"Productos","item":"https:\/\/mivoot.com\/gt\/producto\/"},{"@type":"ListItem","position":3,"name":"Tenda","item":"https:\/\/mivoot.com\/gt\/marca\/tenda\/"},{"@type":"ListItem","position":4,"name":"Router N300 Wi-Fi xPON ONT HG3 Tenda"}]},{"@type":"WebSite","@id":"https:\/\/mivoot.com\/gt\/#website","url":"https:\/\/mivoot.com\/gt\/","name":"Mivoot","description":"Mivoot Guatemala | Tienda Online","publisher":{"@id":"https:\/\/mivoot.com\/gt\/#organization"},"alternateName":"mivoot","potentialAction":[{"@type":"SearchAction","target":{"@type":"EntryPoint","urlTemplate":"https:\/\/mivoot.com\/gt\/?s={search_term_string}"},"query-input":{"@type":"PropertyValueSpecification","valueRequired":true,"valueName":"search_term_string"}}],"inLanguage":"es"},{"@type":"Organization","@id":"https:\/\/mivoot.com\/gt\/#organization","name":"Mivoot Guatemala","alternateName":"mivoot.com","url":"https:\/\/mivoot.com\/gt\/","logo":{"@type":"ImageObject","inLanguage":"es","@id":"https:\/\/mivoot.com\/gt\/#\/schema\/logo\/image\/","url":"https:\/\/mivoot.com\/gt\/wp-content\/uploads\/2023\/03\/cropped-icon.png","contentUrl":"https:\/\/mivoot.com\/gt\/wp-content\/uploads\/2023\/03\/cropped-icon.png","width":512,"height":512,"caption":"Mivoot Guatemala"},"image":{"@id":"https:\/\/mivoot.com\/gt\/#\/schema\/logo\/image\/"},"sameAs":["https:\/\/www.facebook.com\/mivootgt","https:\/\/instagram.com\/mivoot"]}]}},"jetpack_publicize_connections":[],"jetpack_sharing_enabled":true,"brands":[{"id":318,"name":"Tenda","slug":"tenda"}],"_links":{"self":[{"href":"https:\/\/mivoot.com\/gt\/wp-json\/wp\/v2\/product\/27156","targetHints":{"allow":["GET"]}}],"collection":[{"href":"https:\/\/mivoot.com\/gt\/wp-json\/wp\/v2\/product"}],"about":[{"href":"https:\/\/mivoot.com\/gt\/wp-json\/wp\/v2\/types\/product"}],"replies":[{"embeddable":true,"href":"https:\/\/mivoot.com\/gt\/wp-json\/wp\/v2\/comments?post=27156"}],"version-history":[{"count":1,"href":"https:\/\/mivoot.com\/gt\/wp-json\/wp\/v2\/product\/27156\/revisions"}],"predecessor-version":[{"id":27185,"href":"https:\/\/mivoot.com\/gt\/wp-json\/wp\/v2\/product\/27156\/revisions\/27185"}],"wp:featuredmedia":[{"embeddable":true,"href":"https:\/\/mivoot.com\/gt\/wp-json\/wp\/v2\/media\/27183"}],"wp:attachment":[{"href":"https:\/\/mivoot.com\/gt\/wp-json\/wp\/v2\/media?parent=27156"}],"wp:term":[{"taxonomy":"pwb-brand","embeddable":true,"href":"https:\/\/mivoot.com\/gt\/wp-json\/wp\/v2\/pwb-brand?post=27156"},{"taxonomy":"product_brand","embeddable":true,"href":"https:\/\/mivoot.com\/gt\/wp-json\/wp\/v2\/product_brand?post=27156"},{"taxonomy":"product_cat","embeddable":true,"href":"https:\/\/mivoot.com\/gt\/wp-json\/wp\/v2\/product_cat?post=27156"},{"taxonomy":"product_tag","embeddable":true,"href":"https:\/\/mivoot.com\/gt\/wp-json\/wp\/v2\/product_tag?post=27156"}],"curies":[{"name":"wp","href":"https:\/\/api.w.org\/{rel}","templated":true}]}}