{"id":27193,"date":"2025-03-24T16:56:26","date_gmt":"2025-03-24T22:56:26","guid":{"rendered":"https:\/\/mivoot.com\/gt\/?post_type=product&#038;p=27193"},"modified":"2025-03-24T17:01:17","modified_gmt":"2025-03-24T23:01:17","slug":"sofa-gaming-fidom-negro-cougar","status":"publish","type":"product","link":"https:\/\/mivoot.com\/gt\/producto\/sofa-gaming-fidom-negro-cougar\/","title":{"rendered":"Sof\u00e1 Gaming Fidom Negro Cougar"},"content":{"rendered":"<div class=\"elementor-element elementor-element-4009d2a elementor-widget elementor-widget-heading\" data-id=\"4009d2a\" data-element_type=\"widget\" data-widget_type=\"heading.default\">\n<div class=\"elementor-widget-container\">\n<h1><img decoding=\"async\" src=\"https:\/\/cougargaming.com\/_cgrwdr_\/wwdpp\/wp-content\/uploads\/2024\/10\/FIDOM-Banner2.jpg\" \/><\/h1>\n<h1 class=\"elementor-heading-title elementor-size-xxl\" style=\"text-align: center;\"><span style=\"color: #ff6600;\">SOFA FIDOM <span style=\"font-size: 23.04px;\">Confort Din\u00e1mico<\/span><\/span><\/h1>\n<\/div>\n<\/div>\n<div class=\"elementor-element elementor-element-4784338 elementor-widget elementor-widget-heading\" data-id=\"4784338\" data-element_type=\"widget\" data-widget_type=\"heading.default\">\n<div class=\"elementor-widget-container\"><\/div>\n<\/div>\n<p>El Fidom prioriza la comodidad, la estabilidad y la libertad: la tapicer\u00eda de imitaci\u00f3n de lino promueve la transpirabilidad, y el sistema trimotion todo en uno le permite balancearse, reclinarse y girar a su gusto. Con una gran variedad de opciones de posicionamiento y acolchado especializado, adem\u00e1s de un reposapi\u00e9s plegable y un respaldo reclinable, este sof\u00e1 para juegos garantiza comodidad superior tanto para jugar como para relajarse disfrutando de una pel\u00edcula o una serie.<\/p>\n<ul>\n<li>Base trimotion todo en uno que te ofrece la libertad de balancearte, reclinarte y girar.<\/li>\n<li>Acolchado de imitaci\u00f3n de lino que te mantiene fresco y c\u00f3modo.<\/li>\n<li>Bolsillo lateral para llevar lo imprescindible al alcance de la mano.<\/li>\n<li>Dise\u00f1ado para un soporte espec\u00edfico del cuerpo.<\/li>\n<li>La almohada lumbar elimina la tensi\u00f3n y la fatiga.<\/li>\n<li>Acolchado especializado que optimiza el confort.<\/li>\n<li>Opciones de reclinaci\u00f3n ajustables con un interruptor.<\/li>\n<li>Apoyo Espec\u00edfico para el Cuerpo<\/li>\n<\/ul>\n<h4>El Fidom est\u00e1 dise\u00f1ado para optimizar el apoyo en zonas espec\u00edficas del cuerpo.<\/h4>\n<ul>\n<li>A. Cabeza: El reposacabezas contorneado reduce la tensi\u00f3n del cuello para un confort duradero.<\/li>\n<li>B. Hombros y Espalda: El respaldo ergon\u00f3mico se alinea con la columna para ofrecer apoyo total a la espalda.<\/li>\n<li>C. Regi\u00f3n Lumbar: La almohadilla lumbar elimina la tensi\u00f3n de la zona lumbar.<\/li>\n<li>D. Brazos: Los reposabrazos acolchados proporcionan un apoyo equilibrado sin restricci\u00f3n de movimientos.<\/li>\n<li>E. Caderas: La distribuci\u00f3n uniforme del peso alivia la presi\u00f3n sobre las caderas.<\/li>\n<li>F. Muslos: El \u00e1ngulo de reclinaci\u00f3n ajustable mejora la comodidad de las piernas y promueve la circulaci\u00f3n.<\/li>\n<li>G. Pantorrillas: El reposapi\u00e9s extendido apoya las pantorrillas, reduciendo la presi\u00f3n en la parte inferior de la pierna.<\/li>\n<li>H. Tobillos: Reposapi\u00e9s acolchado para una posici\u00f3n relajada.<\/li>\n<\/ul>\n<h4>Tapicer\u00eda de Imitaci\u00f3n de Lino<\/h4>\n<p>La imitaci\u00f3n de lino promueve la transpirabilidad, manteni\u00e9ndole fresco y c\u00f3modo durante largas sesiones. Disponible en dos colores.<\/p>\n<h4>Balancea, Reclina y Gira<\/h4>\n<p>La base trimotion todo en uno ofrece una gran variedad de opciones de posicionamiento, permitiendo balancearse, reclinarse y girar a gusto. La base tiene certificaci\u00f3n SGS y soporta una carga m\u00e1xima de 350 libras (159 kg).<\/p>\n<h4>Acolchado Especializado<\/h4>\n<p>La combinaci\u00f3n de fibras de poli\u00e9ster siliconadas de relleno suelto de primera calidad y espuma de alta densidad del respaldo atempera la suavidad con la cantidad justa de elasticidad. La espuma de alta densidad y los muelles ensacados del asiento garantizan una amortiguaci\u00f3n firme y flexible.<\/p>\n<h4>Soporte Lumbar<\/h4>\n<p>La almohadilla lumbar alivia la tensi\u00f3n y la fatiga en la zona lumbar, manteni\u00e9ndole relajado y saludable durante todas tus campa\u00f1as.<\/p>\n<h4>Bolsillo Lateral<\/h4>\n<p>Un pr\u00e1ctico bolsillo lateral mantiene tus objetos esenciales al alcance, permiti\u00e9ndote concentrarte en tu juego.<\/p>\n<p>&nbsp;<\/p>\n<p><img decoding=\"async\" class=\"aligncenter\" src=\"https:\/\/cougargaming.com\/_cgrwdr_\/wwdpp\/wp-content\/uploads\/2024\/10\/FIDOM-dimensions-1024x534.jpg\" \/><\/p>\n","protected":false},"excerpt":{"rendered":"<p>&#8211; Superficie de Imitaci\u00f3n de Lino Transpirable<br \/>\n&#8211; Bolsillo lateral para llevar lo imprescindible al alcance de la mano.<br \/>\n&#8211; Dise\u00f1ado para un soporte espec\u00edfico del cuerpo.<br \/>\n&#8211; La almohada lumbar elimina la tensi\u00f3n y la fatiga.<br \/>\n&#8211; Dise\u00f1o con Reclinaci\u00f3n Ajustable<br \/>\n&#8211; 2 x Bolsillos de Almacenamiento (Lateral)<br \/>\n&#8211; Base TriMotion AIO<br \/>\n&#8211; 160\u00b0 Ajuste Reclinable<br \/>\n&#8211; 150kg Peso Soportado<\/p>\n","protected":false},"featured_media":27197,"comment_status":"open","ping_status":"closed","template":"","meta":{"jetpack_publicize_message":"","jetpack_publicize_feature_enabled":true,"jetpack_social_post_already_shared":true,"jetpack_social_options":{"image_generator_settings":{"template":"highway","default_image_id":0,"font":"","enabled":false},"version":2}},"pwb-brand":[85],"product_brand":[],"product_cat":[46],"product_tag":[],"class_list":{"0":"post-27193","1":"product","2":"type-product","3":"status-publish","4":"has-post-thumbnail","6":"pwb-brand-cougar","7":"product_cat-sillas","9":"first","10":"instock","11":"taxable","12":"shipping-taxable","13":"product-type-simple"},"yoast_head":"<!-- This site is optimized with the Yoast SEO Premium plugin v25.7.1 (Yoast SEO v26.8) - https:\/\/yoast.com\/product\/yoast-seo-premium-wordpress\/ -->\n<title>Sof\u00e1 Gaming Fidom Negro Cougar - Mivoot<\/title>\n<meta name=\"robots\" content=\"index, follow, max-snippet:-1, max-image-preview:large, max-video-preview:-1\" \/>\n<link rel=\"canonical\" href=\"https:\/\/mivoot.com\/gt\/producto\/sofa-gaming-fidom-negro-cougar\/\" \/>\n<meta property=\"og:locale\" content=\"es_ES\" \/>\n<meta property=\"og:type\" content=\"article\" \/>\n<meta property=\"og:title\" content=\"Sof\u00e1 Gaming Fidom Negro Cougar\" \/>\n<meta property=\"og:description\" content=\"- Superficie de Imitaci\u00f3n de Lino Transpirable - Bolsillo lateral para llevar lo imprescindible al alcance de la mano. - Dise\u00f1ado para un soporte espec\u00edfico del cuerpo. - La almohada lumbar elimina la tensi\u00f3n y la fatiga. - Dise\u00f1o con Reclinaci\u00f3n Ajustable - 2 x Bolsillos de Almacenamiento (Lateral) - Base TriMotion AIO - 160\u00b0 Ajuste Reclinable - 150kg Peso Soportado\" \/>\n<meta property=\"og:url\" content=\"https:\/\/mivoot.com\/gt\/producto\/sofa-gaming-fidom-negro-cougar\/\" \/>\n<meta property=\"og:site_name\" content=\"Mivoot\" \/>\n<meta property=\"article:publisher\" content=\"https:\/\/www.facebook.com\/mivootgt\" \/>\n<meta property=\"article:modified_time\" content=\"2025-03-24T23:01:17+00:00\" \/>\n<meta property=\"og:image\" content=\"https:\/\/mivoot.com\/gt\/wp-content\/uploads\/2025\/03\/Fidom-01.png\" \/>\n\t<meta property=\"og:image:width\" content=\"550\" \/>\n\t<meta property=\"og:image:height\" content=\"550\" \/>\n\t<meta property=\"og:image:type\" content=\"image\/png\" \/>\n<meta name=\"twitter:card\" content=\"summary_large_image\" \/>\n<meta name=\"twitter:label1\" content=\"Est. reading time\" \/>\n\t<meta name=\"twitter:data1\" content=\"3 minutos\" \/>\n<script type=\"application\/ld+json\" class=\"yoast-schema-graph\">{\"@context\":\"https:\/\/schema.org\",\"@graph\":[{\"@type\":\"WebPage\",\"@id\":\"https:\/\/mivoot.com\/gt\/producto\/sofa-gaming-fidom-negro-cougar\/\",\"url\":\"https:\/\/mivoot.com\/gt\/producto\/sofa-gaming-fidom-negro-cougar\/\",\"name\":\"Sof\u00e1 Gaming Fidom Negro Cougar - Mivoot\",\"isPartOf\":{\"@id\":\"https:\/\/mivoot.com\/gt\/#website\"},\"primaryImageOfPage\":{\"@id\":\"https:\/\/mivoot.com\/gt\/producto\/sofa-gaming-fidom-negro-cougar\/#primaryimage\"},\"image\":{\"@id\":\"https:\/\/mivoot.com\/gt\/producto\/sofa-gaming-fidom-negro-cougar\/#primaryimage\"},\"thumbnailUrl\":\"https:\/\/mivoot.com\/gt\/wp-content\/uploads\/2025\/03\/Fidom-01.png\",\"datePublished\":\"2025-03-24T22:56:26+00:00\",\"dateModified\":\"2025-03-24T23:01:17+00:00\",\"breadcrumb\":{\"@id\":\"https:\/\/mivoot.com\/gt\/producto\/sofa-gaming-fidom-negro-cougar\/#breadcrumb\"},\"inLanguage\":\"es\",\"potentialAction\":[{\"@type\":\"ReadAction\",\"target\":[\"https:\/\/mivoot.com\/gt\/producto\/sofa-gaming-fidom-negro-cougar\/\"]}]},{\"@type\":\"ImageObject\",\"inLanguage\":\"es\",\"@id\":\"https:\/\/mivoot.com\/gt\/producto\/sofa-gaming-fidom-negro-cougar\/#primaryimage\",\"url\":\"https:\/\/mivoot.com\/gt\/wp-content\/uploads\/2025\/03\/Fidom-01.png\",\"contentUrl\":\"https:\/\/mivoot.com\/gt\/wp-content\/uploads\/2025\/03\/Fidom-01.png\",\"width\":550,\"height\":550},{\"@type\":\"BreadcrumbList\",\"@id\":\"https:\/\/mivoot.com\/gt\/producto\/sofa-gaming-fidom-negro-cougar\/#breadcrumb\",\"itemListElement\":[{\"@type\":\"ListItem\",\"position\":1,\"name\":\"Inicio\",\"item\":\"https:\/\/mivoot.com\/gt\/\"},{\"@type\":\"ListItem\",\"position\":2,\"name\":\"Productos\",\"item\":\"https:\/\/mivoot.com\/gt\/producto\/\"},{\"@type\":\"ListItem\",\"position\":3,\"name\":\"Cougar\",\"item\":\"https:\/\/mivoot.com\/gt\/marca\/cougar\/\"},{\"@type\":\"ListItem\",\"position\":4,\"name\":\"Sof\u00e1 Gaming Fidom Negro Cougar\"}]},{\"@type\":\"WebSite\",\"@id\":\"https:\/\/mivoot.com\/gt\/#website\",\"url\":\"https:\/\/mivoot.com\/gt\/\",\"name\":\"Mivoot\",\"description\":\"Mivoot Guatemala | Tienda Online\",\"publisher\":{\"@id\":\"https:\/\/mivoot.com\/gt\/#organization\"},\"alternateName\":\"mivoot\",\"potentialAction\":[{\"@type\":\"SearchAction\",\"target\":{\"@type\":\"EntryPoint\",\"urlTemplate\":\"https:\/\/mivoot.com\/gt\/?s={search_term_string}\"},\"query-input\":{\"@type\":\"PropertyValueSpecification\",\"valueRequired\":true,\"valueName\":\"search_term_string\"}}],\"inLanguage\":\"es\"},{\"@type\":\"Organization\",\"@id\":\"https:\/\/mivoot.com\/gt\/#organization\",\"name\":\"Mivoot Guatemala\",\"alternateName\":\"mivoot.com\",\"url\":\"https:\/\/mivoot.com\/gt\/\",\"logo\":{\"@type\":\"ImageObject\",\"inLanguage\":\"es\",\"@id\":\"https:\/\/mivoot.com\/gt\/#\/schema\/logo\/image\/\",\"url\":\"https:\/\/mivoot.com\/gt\/wp-content\/uploads\/2023\/03\/cropped-icon.png\",\"contentUrl\":\"https:\/\/mivoot.com\/gt\/wp-content\/uploads\/2023\/03\/cropped-icon.png\",\"width\":512,\"height\":512,\"caption\":\"Mivoot Guatemala\"},\"image\":{\"@id\":\"https:\/\/mivoot.com\/gt\/#\/schema\/logo\/image\/\"},\"sameAs\":[\"https:\/\/www.facebook.com\/mivootgt\",\"https:\/\/instagram.com\/mivoot\"]}]}<\/script>\n<!-- \/ Yoast SEO Premium plugin. -->","yoast_head_json":{"title":"Sof\u00e1 Gaming Fidom Negro Cougar - Mivoot","robots":{"index":"index","follow":"follow","max-snippet":"max-snippet:-1","max-image-preview":"max-image-preview:large","max-video-preview":"max-video-preview:-1"},"canonical":"https:\/\/mivoot.com\/gt\/producto\/sofa-gaming-fidom-negro-cougar\/","og_locale":"es_ES","og_type":"article","og_title":"Sof\u00e1 Gaming Fidom Negro Cougar","og_description":"- Superficie de Imitaci\u00f3n de Lino Transpirable - Bolsillo lateral para llevar lo imprescindible al alcance de la mano. - Dise\u00f1ado para un soporte espec\u00edfico del cuerpo. - La almohada lumbar elimina la tensi\u00f3n y la fatiga. - Dise\u00f1o con Reclinaci\u00f3n Ajustable - 2 x Bolsillos de Almacenamiento (Lateral) - Base TriMotion AIO - 160\u00b0 Ajuste Reclinable - 150kg Peso Soportado","og_url":"https:\/\/mivoot.com\/gt\/producto\/sofa-gaming-fidom-negro-cougar\/","og_site_name":"Mivoot","article_publisher":"https:\/\/www.facebook.com\/mivootgt","article_modified_time":"2025-03-24T23:01:17+00:00","og_image":[{"width":550,"height":550,"url":"https:\/\/mivoot.com\/gt\/wp-content\/uploads\/2025\/03\/Fidom-01.png","type":"image\/png"}],"twitter_card":"summary_large_image","twitter_misc":{"Est. reading time":"3 minutos"},"schema":{"@context":"https:\/\/schema.org","@graph":[{"@type":"WebPage","@id":"https:\/\/mivoot.com\/gt\/producto\/sofa-gaming-fidom-negro-cougar\/","url":"https:\/\/mivoot.com\/gt\/producto\/sofa-gaming-fidom-negro-cougar\/","name":"Sof\u00e1 Gaming Fidom Negro Cougar - Mivoot","isPartOf":{"@id":"https:\/\/mivoot.com\/gt\/#website"},"primaryImageOfPage":{"@id":"https:\/\/mivoot.com\/gt\/producto\/sofa-gaming-fidom-negro-cougar\/#primaryimage"},"image":{"@id":"https:\/\/mivoot.com\/gt\/producto\/sofa-gaming-fidom-negro-cougar\/#primaryimage"},"thumbnailUrl":"https:\/\/mivoot.com\/gt\/wp-content\/uploads\/2025\/03\/Fidom-01.png","datePublished":"2025-03-24T22:56:26+00:00","dateModified":"2025-03-24T23:01:17+00:00","breadcrumb":{"@id":"https:\/\/mivoot.com\/gt\/producto\/sofa-gaming-fidom-negro-cougar\/#breadcrumb"},"inLanguage":"es","potentialAction":[{"@type":"ReadAction","target":["https:\/\/mivoot.com\/gt\/producto\/sofa-gaming-fidom-negro-cougar\/"]}]},{"@type":"ImageObject","inLanguage":"es","@id":"https:\/\/mivoot.com\/gt\/producto\/sofa-gaming-fidom-negro-cougar\/#primaryimage","url":"https:\/\/mivoot.com\/gt\/wp-content\/uploads\/2025\/03\/Fidom-01.png","contentUrl":"https:\/\/mivoot.com\/gt\/wp-content\/uploads\/2025\/03\/Fidom-01.png","width":550,"height":550},{"@type":"BreadcrumbList","@id":"https:\/\/mivoot.com\/gt\/producto\/sofa-gaming-fidom-negro-cougar\/#breadcrumb","itemListElement":[{"@type":"ListItem","position":1,"name":"Inicio","item":"https:\/\/mivoot.com\/gt\/"},{"@type":"ListItem","position":2,"name":"Productos","item":"https:\/\/mivoot.com\/gt\/producto\/"},{"@type":"ListItem","position":3,"name":"Cougar","item":"https:\/\/mivoot.com\/gt\/marca\/cougar\/"},{"@type":"ListItem","position":4,"name":"Sof\u00e1 Gaming Fidom Negro Cougar"}]},{"@type":"WebSite","@id":"https:\/\/mivoot.com\/gt\/#website","url":"https:\/\/mivoot.com\/gt\/","name":"Mivoot","description":"Mivoot Guatemala | Tienda Online","publisher":{"@id":"https:\/\/mivoot.com\/gt\/#organization"},"alternateName":"mivoot","potentialAction":[{"@type":"SearchAction","target":{"@type":"EntryPoint","urlTemplate":"https:\/\/mivoot.com\/gt\/?s={search_term_string}"},"query-input":{"@type":"PropertyValueSpecification","valueRequired":true,"valueName":"search_term_string"}}],"inLanguage":"es"},{"@type":"Organization","@id":"https:\/\/mivoot.com\/gt\/#organization","name":"Mivoot Guatemala","alternateName":"mivoot.com","url":"https:\/\/mivoot.com\/gt\/","logo":{"@type":"ImageObject","inLanguage":"es","@id":"https:\/\/mivoot.com\/gt\/#\/schema\/logo\/image\/","url":"https:\/\/mivoot.com\/gt\/wp-content\/uploads\/2023\/03\/cropped-icon.png","contentUrl":"https:\/\/mivoot.com\/gt\/wp-content\/uploads\/2023\/03\/cropped-icon.png","width":512,"height":512,"caption":"Mivoot Guatemala"},"image":{"@id":"https:\/\/mivoot.com\/gt\/#\/schema\/logo\/image\/"},"sameAs":["https:\/\/www.facebook.com\/mivootgt","https:\/\/instagram.com\/mivoot"]}]}},"jetpack_publicize_connections":[],"jetpack_sharing_enabled":true,"brands":[{"id":85,"name":"Cougar","slug":"cougar"}],"_links":{"self":[{"href":"https:\/\/mivoot.com\/gt\/wp-json\/wp\/v2\/product\/27193","targetHints":{"allow":["GET"]}}],"collection":[{"href":"https:\/\/mivoot.com\/gt\/wp-json\/wp\/v2\/product"}],"about":[{"href":"https:\/\/mivoot.com\/gt\/wp-json\/wp\/v2\/types\/product"}],"replies":[{"embeddable":true,"href":"https:\/\/mivoot.com\/gt\/wp-json\/wp\/v2\/comments?post=27193"}],"version-history":[{"count":3,"href":"https:\/\/mivoot.com\/gt\/wp-json\/wp\/v2\/product\/27193\/revisions"}],"predecessor-version":[{"id":27225,"href":"https:\/\/mivoot.com\/gt\/wp-json\/wp\/v2\/product\/27193\/revisions\/27225"}],"wp:featuredmedia":[{"embeddable":true,"href":"https:\/\/mivoot.com\/gt\/wp-json\/wp\/v2\/media\/27197"}],"wp:attachment":[{"href":"https:\/\/mivoot.com\/gt\/wp-json\/wp\/v2\/media?parent=27193"}],"wp:term":[{"taxonomy":"pwb-brand","embeddable":true,"href":"https:\/\/mivoot.com\/gt\/wp-json\/wp\/v2\/pwb-brand?post=27193"},{"taxonomy":"product_brand","embeddable":true,"href":"https:\/\/mivoot.com\/gt\/wp-json\/wp\/v2\/product_brand?post=27193"},{"taxonomy":"product_cat","embeddable":true,"href":"https:\/\/mivoot.com\/gt\/wp-json\/wp\/v2\/product_cat?post=27193"},{"taxonomy":"product_tag","embeddable":true,"href":"https:\/\/mivoot.com\/gt\/wp-json\/wp\/v2\/product_tag?post=27193"}],"curies":[{"name":"wp","href":"https:\/\/api.w.org\/{rel}","templated":true}]}}