{"id":27264,"date":"2025-03-25T10:43:45","date_gmt":"2025-03-25T16:43:45","guid":{"rendered":"https:\/\/mivoot.com\/gt\/?post_type=product&#038;p=27264"},"modified":"2025-03-25T10:43:47","modified_gmt":"2025-03-25T16:43:47","slug":"ac1200-wi-fi-de-doble-banda-xpon-ont-hg7-tenda","status":"publish","type":"product","link":"https:\/\/mivoot.com\/gt\/producto\/ac1200-wi-fi-de-doble-banda-xpon-ont-hg7-tenda\/","title":{"rendered":"AC1200 Wi-Fi de doble banda xPON ONT HG7 Tenda"},"content":{"rendered":"<h1 style=\"text-align: center\"><span style=\"color: #ff6600\"><strong>AC1200 Wi-Fi de doble banda xPON ONT<\/strong><\/span><\/h1>\n<p>&nbsp;<\/p>\n<p>&nbsp;<\/p>\n<h3><span style=\"color: #ff6600\">Autoadaptaci\u00f3n para redes EPON y GPON<\/span><\/h3>\n<h4 style=\"text-align: right\">HG7 admite redes EPON y GPON, y puede realizar una adaptaci\u00f3n autom\u00e1tica cuando conecta el cable de fibra; el soporte t\u00e9cnico del ISP no necesita configurarlo manualmente.\u00a0Nuestro cliente puede tomar mejores decisiones para cumplir con los diferentes requisitos de ISP.<\/h4>\n<p>&nbsp;<\/p>\n<h3><span style=\"color: #ff6600\">Wi-Fi de doble banda para una experiencia inal\u00e1mbrica de alta velocidad<\/span><\/h3>\n<h4 style=\"text-align: right\">Con el est\u00e1ndar 802.11ac wave 2.0 de nueva generaci\u00f3n, el HG7 ofrece una velocidad de datos de banda dual simult\u00e1nea de hasta 1167 Mbps.\u00a0La tecnolog\u00eda de refuerzo de se\u00f1al y Beamforming+ enriquecen su experiencia inal\u00e1mbrica.<\/h4>\n<p>&nbsp;<\/p>\n<h3><span style=\"color: #ff6600\">Antena de alta ganancia y RF potente para una mejor cobertura de se\u00f1al<\/span><\/h3>\n<h4 style=\"text-align: right\">Antena de 5 dBi y potencia de RF de hasta 23 dBm, con un dise\u00f1o l\u00edder de cable de acorde\u00f3n, HG7 equilibra el campo de la se\u00f1al y la ganancia, brind\u00e1ndole se\u00f1ales Wi-Fi m\u00e1s fuertes.\u00a0Garantice un buen rendimiento inal\u00e1mbrico para una amplia cobertura de se\u00f1al.<\/h4>\n<p>&nbsp;<\/p>\n<p><img fetchpriority=\"high\" decoding=\"async\" class=\" wp-image-27266 aligncenter\" src=\"https:\/\/mivoot.com\/gt\/wp-content\/uploads\/2025\/03\/Captura-de-pantalla-2025-03-25-103643-300x130.png\" alt=\"\" width=\"933\" height=\"404\" srcset=\"https:\/\/mivoot.com\/gt\/wp-content\/uploads\/2025\/03\/Captura-de-pantalla-2025-03-25-103643-300x130.png 300w, https:\/\/mivoot.com\/gt\/wp-content\/uploads\/2025\/03\/Captura-de-pantalla-2025-03-25-103643-410x178.png 410w, https:\/\/mivoot.com\/gt\/wp-content\/uploads\/2025\/03\/Captura-de-pantalla-2025-03-25-103643-64x28.png 64w, https:\/\/mivoot.com\/gt\/wp-content\/uploads\/2025\/03\/Captura-de-pantalla-2025-03-25-103643-768x333.png 768w, https:\/\/mivoot.com\/gt\/wp-content\/uploads\/2025\/03\/Captura-de-pantalla-2025-03-25-103643-600x260.png 600w, https:\/\/mivoot.com\/gt\/wp-content\/uploads\/2025\/03\/Captura-de-pantalla-2025-03-25-103643.png 1132w\" sizes=\"(max-width: 933px) 100vw, 933px\" \/><\/p>\n<p>&nbsp;<\/p>\n<h3><span style=\"color: #ff6600\">Gesti\u00f3n y mantenimiento m\u00e1s sencillos<\/span><\/h3>\n<div>\n<h4 style=\"text-align: right\">HG7 puede proporcionar operaci\u00f3n y mantenimiento eficientes, como modificaci\u00f3n comercial remota, actualizaci\u00f3n remota, reinicio remoto, diagn\u00f3stico remoto de fallas, etc., lo que hace que el control remoto sea f\u00e1cil y r\u00e1pido.<\/h4>\n<\/div>\n<p>&nbsp;<\/p>\n<p>&nbsp;<\/p>\n<p><img decoding=\"async\" class=\" wp-image-27267 aligncenter\" src=\"https:\/\/mivoot.com\/gt\/wp-content\/uploads\/2025\/03\/Captura-de-pantalla-2025-03-25-103939-300x156.png\" alt=\"\" width=\"933\" height=\"485\" srcset=\"https:\/\/mivoot.com\/gt\/wp-content\/uploads\/2025\/03\/Captura-de-pantalla-2025-03-25-103939-300x156.png 300w, https:\/\/mivoot.com\/gt\/wp-content\/uploads\/2025\/03\/Captura-de-pantalla-2025-03-25-103939-410x214.png 410w, https:\/\/mivoot.com\/gt\/wp-content\/uploads\/2025\/03\/Captura-de-pantalla-2025-03-25-103939-64x33.png 64w, https:\/\/mivoot.com\/gt\/wp-content\/uploads\/2025\/03\/Captura-de-pantalla-2025-03-25-103939-768x400.png 768w, https:\/\/mivoot.com\/gt\/wp-content\/uploads\/2025\/03\/Captura-de-pantalla-2025-03-25-103939-600x313.png 600w, https:\/\/mivoot.com\/gt\/wp-content\/uploads\/2025\/03\/Captura-de-pantalla-2025-03-25-103939.png 1099w\" sizes=\"(max-width: 933px) 100vw, 933px\" \/><\/p>\n<p>&nbsp;<\/p>\n<p>&nbsp;<\/p>\n","protected":false},"excerpt":{"rendered":"<p>&#8211; Est\u00e1ndares IEEE: IEEE 802, 802.1Q, 802.10, IEEE 802.11, 802.3U, 802.3Z<br \/>\n&#8211; Est\u00e1ndares PON: GPON: UIT G.984.1, UIT G984.2, UIT G984.3, UIT G984.4 EPON: IEEE 802.3 ah<br \/>\n&#8211; Interfaces: 1 puerto SC \/ APC PON (SC \/ UPC opcional), 2 puertos LAN RJ45 de 1000 Mbps, 1 puerto voip<br \/>\n&#8211; Longitud de onda \u00f3ptica: Transmita a 1310nm, reciba a 1490nm<br \/>\n&#8211; Frecuencia: 2,4 GHz y 5 GHz<br \/>\n&#8211; Conexi\u00f3n WAN: PPPoE, IP din\u00e1mica, IP est\u00e1tica, Bridge<br \/>\n&#8211; Dimensi\u00f3n: 163*115*28 mm (Ancho*Profundidad*Alto)<\/p>\n","protected":false},"featured_media":27271,"comment_status":"open","ping_status":"closed","template":"","meta":{"jetpack_publicize_message":"","jetpack_publicize_feature_enabled":true,"jetpack_social_post_already_shared":true,"jetpack_social_options":{"image_generator_settings":{"template":"highway","default_image_id":0,"font":"","enabled":false},"version":2}},"pwb-brand":[318],"product_brand":[],"product_cat":[17],"product_tag":[],"class_list":{"0":"post-27264","1":"product","2":"type-product","3":"status-publish","4":"has-post-thumbnail","6":"pwb-brand-tenda","7":"product_cat-redes-e-internet","9":"first","10":"instock","11":"taxable","12":"shipping-taxable","13":"purchasable","14":"product-type-simple"},"yoast_head":"<!-- This site is optimized with the Yoast SEO Premium plugin v25.7.1 (Yoast SEO v26.8) - https:\/\/yoast.com\/product\/yoast-seo-premium-wordpress\/ -->\n<title>AC1200 Wi-Fi de doble banda xPON ONT HG7 Tenda - Mivoot<\/title>\n<meta name=\"robots\" content=\"index, follow, max-snippet:-1, max-image-preview:large, max-video-preview:-1\" \/>\n<link rel=\"canonical\" href=\"https:\/\/mivoot.com\/gt\/producto\/ac1200-wi-fi-de-doble-banda-xpon-ont-hg7-tenda\/\" \/>\n<meta property=\"og:locale\" content=\"es_ES\" \/>\n<meta property=\"og:type\" content=\"article\" \/>\n<meta property=\"og:title\" content=\"AC1200 Wi-Fi de doble banda xPON ONT HG7 Tenda\" \/>\n<meta property=\"og:description\" content=\"- Est\u00e1ndares IEEE: IEEE 802, 802.1Q, 802.10, IEEE 802.11, 802.3U, 802.3Z - Est\u00e1ndares PON: GPON: UIT G.984.1, UIT G984.2, UIT G984.3, UIT G984.4 EPON: IEEE 802.3 ah - Interfaces: 1 puerto SC \/ APC PON (SC \/ UPC opcional), 2 puertos LAN RJ45 de 1000 Mbps, 1 puerto voip - Longitud de onda \u00f3ptica: Transmita a 1310nm, reciba a 1490nm - Frecuencia: 2,4 GHz y 5 GHz - Conexi\u00f3n WAN: PPPoE, IP din\u00e1mica, IP est\u00e1tica, Bridge - Dimensi\u00f3n: 163*115*28 mm (Ancho*Profundidad*Alto)\" \/>\n<meta property=\"og:url\" content=\"https:\/\/mivoot.com\/gt\/producto\/ac1200-wi-fi-de-doble-banda-xpon-ont-hg7-tenda\/\" \/>\n<meta property=\"og:site_name\" content=\"Mivoot\" \/>\n<meta property=\"article:publisher\" content=\"https:\/\/www.facebook.com\/mivootgt\" \/>\n<meta property=\"article:modified_time\" content=\"2025-03-25T16:43:47+00:00\" \/>\n<meta property=\"og:image\" content=\"https:\/\/mivoot.com\/gt\/wp-content\/uploads\/2025\/03\/20210624180448_3989.jpg\" \/>\n\t<meta property=\"og:image:width\" content=\"1000\" \/>\n\t<meta property=\"og:image:height\" content=\"1000\" \/>\n\t<meta property=\"og:image:type\" content=\"image\/jpeg\" \/>\n<meta name=\"twitter:card\" content=\"summary_large_image\" \/>\n<meta name=\"twitter:label1\" content=\"Est. reading time\" \/>\n\t<meta name=\"twitter:data1\" content=\"2 minutos\" \/>\n<script type=\"application\/ld+json\" class=\"yoast-schema-graph\">{\"@context\":\"https:\/\/schema.org\",\"@graph\":[{\"@type\":\"WebPage\",\"@id\":\"https:\/\/mivoot.com\/gt\/producto\/ac1200-wi-fi-de-doble-banda-xpon-ont-hg7-tenda\/\",\"url\":\"https:\/\/mivoot.com\/gt\/producto\/ac1200-wi-fi-de-doble-banda-xpon-ont-hg7-tenda\/\",\"name\":\"AC1200 Wi-Fi de doble banda xPON ONT HG7 Tenda - Mivoot\",\"isPartOf\":{\"@id\":\"https:\/\/mivoot.com\/gt\/#website\"},\"primaryImageOfPage\":{\"@id\":\"https:\/\/mivoot.com\/gt\/producto\/ac1200-wi-fi-de-doble-banda-xpon-ont-hg7-tenda\/#primaryimage\"},\"image\":{\"@id\":\"https:\/\/mivoot.com\/gt\/producto\/ac1200-wi-fi-de-doble-banda-xpon-ont-hg7-tenda\/#primaryimage\"},\"thumbnailUrl\":\"https:\/\/mivoot.com\/gt\/wp-content\/uploads\/2025\/03\/20210624180448_3989.jpg\",\"datePublished\":\"2025-03-25T16:43:45+00:00\",\"dateModified\":\"2025-03-25T16:43:47+00:00\",\"breadcrumb\":{\"@id\":\"https:\/\/mivoot.com\/gt\/producto\/ac1200-wi-fi-de-doble-banda-xpon-ont-hg7-tenda\/#breadcrumb\"},\"inLanguage\":\"es\",\"potentialAction\":[{\"@type\":\"ReadAction\",\"target\":[\"https:\/\/mivoot.com\/gt\/producto\/ac1200-wi-fi-de-doble-banda-xpon-ont-hg7-tenda\/\"]}]},{\"@type\":\"ImageObject\",\"inLanguage\":\"es\",\"@id\":\"https:\/\/mivoot.com\/gt\/producto\/ac1200-wi-fi-de-doble-banda-xpon-ont-hg7-tenda\/#primaryimage\",\"url\":\"https:\/\/mivoot.com\/gt\/wp-content\/uploads\/2025\/03\/20210624180448_3989.jpg\",\"contentUrl\":\"https:\/\/mivoot.com\/gt\/wp-content\/uploads\/2025\/03\/20210624180448_3989.jpg\",\"width\":1000,\"height\":1000},{\"@type\":\"BreadcrumbList\",\"@id\":\"https:\/\/mivoot.com\/gt\/producto\/ac1200-wi-fi-de-doble-banda-xpon-ont-hg7-tenda\/#breadcrumb\",\"itemListElement\":[{\"@type\":\"ListItem\",\"position\":1,\"name\":\"Inicio\",\"item\":\"https:\/\/mivoot.com\/gt\/\"},{\"@type\":\"ListItem\",\"position\":2,\"name\":\"Productos\",\"item\":\"https:\/\/mivoot.com\/gt\/producto\/\"},{\"@type\":\"ListItem\",\"position\":3,\"name\":\"Tenda\",\"item\":\"https:\/\/mivoot.com\/gt\/marca\/tenda\/\"},{\"@type\":\"ListItem\",\"position\":4,\"name\":\"AC1200 Wi-Fi de doble banda xPON ONT HG7 Tenda\"}]},{\"@type\":\"WebSite\",\"@id\":\"https:\/\/mivoot.com\/gt\/#website\",\"url\":\"https:\/\/mivoot.com\/gt\/\",\"name\":\"Mivoot\",\"description\":\"Mivoot Guatemala | Tienda Online\",\"publisher\":{\"@id\":\"https:\/\/mivoot.com\/gt\/#organization\"},\"alternateName\":\"mivoot\",\"potentialAction\":[{\"@type\":\"SearchAction\",\"target\":{\"@type\":\"EntryPoint\",\"urlTemplate\":\"https:\/\/mivoot.com\/gt\/?s={search_term_string}\"},\"query-input\":{\"@type\":\"PropertyValueSpecification\",\"valueRequired\":true,\"valueName\":\"search_term_string\"}}],\"inLanguage\":\"es\"},{\"@type\":\"Organization\",\"@id\":\"https:\/\/mivoot.com\/gt\/#organization\",\"name\":\"Mivoot Guatemala\",\"alternateName\":\"mivoot.com\",\"url\":\"https:\/\/mivoot.com\/gt\/\",\"logo\":{\"@type\":\"ImageObject\",\"inLanguage\":\"es\",\"@id\":\"https:\/\/mivoot.com\/gt\/#\/schema\/logo\/image\/\",\"url\":\"https:\/\/mivoot.com\/gt\/wp-content\/uploads\/2023\/03\/cropped-icon.png\",\"contentUrl\":\"https:\/\/mivoot.com\/gt\/wp-content\/uploads\/2023\/03\/cropped-icon.png\",\"width\":512,\"height\":512,\"caption\":\"Mivoot Guatemala\"},\"image\":{\"@id\":\"https:\/\/mivoot.com\/gt\/#\/schema\/logo\/image\/\"},\"sameAs\":[\"https:\/\/www.facebook.com\/mivootgt\",\"https:\/\/instagram.com\/mivoot\"]}]}<\/script>\n<!-- \/ Yoast SEO Premium plugin. -->","yoast_head_json":{"title":"AC1200 Wi-Fi de doble banda xPON ONT HG7 Tenda - Mivoot","robots":{"index":"index","follow":"follow","max-snippet":"max-snippet:-1","max-image-preview":"max-image-preview:large","max-video-preview":"max-video-preview:-1"},"canonical":"https:\/\/mivoot.com\/gt\/producto\/ac1200-wi-fi-de-doble-banda-xpon-ont-hg7-tenda\/","og_locale":"es_ES","og_type":"article","og_title":"AC1200 Wi-Fi de doble banda xPON ONT HG7 Tenda","og_description":"- Est\u00e1ndares IEEE: IEEE 802, 802.1Q, 802.10, IEEE 802.11, 802.3U, 802.3Z - Est\u00e1ndares PON: GPON: UIT G.984.1, UIT G984.2, UIT G984.3, UIT G984.4 EPON: IEEE 802.3 ah - Interfaces: 1 puerto SC \/ APC PON (SC \/ UPC opcional), 2 puertos LAN RJ45 de 1000 Mbps, 1 puerto voip - Longitud de onda \u00f3ptica: Transmita a 1310nm, reciba a 1490nm - Frecuencia: 2,4 GHz y 5 GHz - Conexi\u00f3n WAN: PPPoE, IP din\u00e1mica, IP est\u00e1tica, Bridge - Dimensi\u00f3n: 163*115*28 mm (Ancho*Profundidad*Alto)","og_url":"https:\/\/mivoot.com\/gt\/producto\/ac1200-wi-fi-de-doble-banda-xpon-ont-hg7-tenda\/","og_site_name":"Mivoot","article_publisher":"https:\/\/www.facebook.com\/mivootgt","article_modified_time":"2025-03-25T16:43:47+00:00","og_image":[{"width":1000,"height":1000,"url":"https:\/\/mivoot.com\/gt\/wp-content\/uploads\/2025\/03\/20210624180448_3989.jpg","type":"image\/jpeg"}],"twitter_card":"summary_large_image","twitter_misc":{"Est. reading time":"2 minutos"},"schema":{"@context":"https:\/\/schema.org","@graph":[{"@type":"WebPage","@id":"https:\/\/mivoot.com\/gt\/producto\/ac1200-wi-fi-de-doble-banda-xpon-ont-hg7-tenda\/","url":"https:\/\/mivoot.com\/gt\/producto\/ac1200-wi-fi-de-doble-banda-xpon-ont-hg7-tenda\/","name":"AC1200 Wi-Fi de doble banda xPON ONT HG7 Tenda - Mivoot","isPartOf":{"@id":"https:\/\/mivoot.com\/gt\/#website"},"primaryImageOfPage":{"@id":"https:\/\/mivoot.com\/gt\/producto\/ac1200-wi-fi-de-doble-banda-xpon-ont-hg7-tenda\/#primaryimage"},"image":{"@id":"https:\/\/mivoot.com\/gt\/producto\/ac1200-wi-fi-de-doble-banda-xpon-ont-hg7-tenda\/#primaryimage"},"thumbnailUrl":"https:\/\/mivoot.com\/gt\/wp-content\/uploads\/2025\/03\/20210624180448_3989.jpg","datePublished":"2025-03-25T16:43:45+00:00","dateModified":"2025-03-25T16:43:47+00:00","breadcrumb":{"@id":"https:\/\/mivoot.com\/gt\/producto\/ac1200-wi-fi-de-doble-banda-xpon-ont-hg7-tenda\/#breadcrumb"},"inLanguage":"es","potentialAction":[{"@type":"ReadAction","target":["https:\/\/mivoot.com\/gt\/producto\/ac1200-wi-fi-de-doble-banda-xpon-ont-hg7-tenda\/"]}]},{"@type":"ImageObject","inLanguage":"es","@id":"https:\/\/mivoot.com\/gt\/producto\/ac1200-wi-fi-de-doble-banda-xpon-ont-hg7-tenda\/#primaryimage","url":"https:\/\/mivoot.com\/gt\/wp-content\/uploads\/2025\/03\/20210624180448_3989.jpg","contentUrl":"https:\/\/mivoot.com\/gt\/wp-content\/uploads\/2025\/03\/20210624180448_3989.jpg","width":1000,"height":1000},{"@type":"BreadcrumbList","@id":"https:\/\/mivoot.com\/gt\/producto\/ac1200-wi-fi-de-doble-banda-xpon-ont-hg7-tenda\/#breadcrumb","itemListElement":[{"@type":"ListItem","position":1,"name":"Inicio","item":"https:\/\/mivoot.com\/gt\/"},{"@type":"ListItem","position":2,"name":"Productos","item":"https:\/\/mivoot.com\/gt\/producto\/"},{"@type":"ListItem","position":3,"name":"Tenda","item":"https:\/\/mivoot.com\/gt\/marca\/tenda\/"},{"@type":"ListItem","position":4,"name":"AC1200 Wi-Fi de doble banda xPON ONT HG7 Tenda"}]},{"@type":"WebSite","@id":"https:\/\/mivoot.com\/gt\/#website","url":"https:\/\/mivoot.com\/gt\/","name":"Mivoot","description":"Mivoot Guatemala | Tienda Online","publisher":{"@id":"https:\/\/mivoot.com\/gt\/#organization"},"alternateName":"mivoot","potentialAction":[{"@type":"SearchAction","target":{"@type":"EntryPoint","urlTemplate":"https:\/\/mivoot.com\/gt\/?s={search_term_string}"},"query-input":{"@type":"PropertyValueSpecification","valueRequired":true,"valueName":"search_term_string"}}],"inLanguage":"es"},{"@type":"Organization","@id":"https:\/\/mivoot.com\/gt\/#organization","name":"Mivoot Guatemala","alternateName":"mivoot.com","url":"https:\/\/mivoot.com\/gt\/","logo":{"@type":"ImageObject","inLanguage":"es","@id":"https:\/\/mivoot.com\/gt\/#\/schema\/logo\/image\/","url":"https:\/\/mivoot.com\/gt\/wp-content\/uploads\/2023\/03\/cropped-icon.png","contentUrl":"https:\/\/mivoot.com\/gt\/wp-content\/uploads\/2023\/03\/cropped-icon.png","width":512,"height":512,"caption":"Mivoot Guatemala"},"image":{"@id":"https:\/\/mivoot.com\/gt\/#\/schema\/logo\/image\/"},"sameAs":["https:\/\/www.facebook.com\/mivootgt","https:\/\/instagram.com\/mivoot"]}]}},"jetpack_publicize_connections":[],"jetpack_sharing_enabled":true,"brands":[{"id":318,"name":"Tenda","slug":"tenda"}],"_links":{"self":[{"href":"https:\/\/mivoot.com\/gt\/wp-json\/wp\/v2\/product\/27264","targetHints":{"allow":["GET"]}}],"collection":[{"href":"https:\/\/mivoot.com\/gt\/wp-json\/wp\/v2\/product"}],"about":[{"href":"https:\/\/mivoot.com\/gt\/wp-json\/wp\/v2\/types\/product"}],"replies":[{"embeddable":true,"href":"https:\/\/mivoot.com\/gt\/wp-json\/wp\/v2\/comments?post=27264"}],"version-history":[{"count":2,"href":"https:\/\/mivoot.com\/gt\/wp-json\/wp\/v2\/product\/27264\/revisions"}],"predecessor-version":[{"id":27282,"href":"https:\/\/mivoot.com\/gt\/wp-json\/wp\/v2\/product\/27264\/revisions\/27282"}],"wp:featuredmedia":[{"embeddable":true,"href":"https:\/\/mivoot.com\/gt\/wp-json\/wp\/v2\/media\/27271"}],"wp:attachment":[{"href":"https:\/\/mivoot.com\/gt\/wp-json\/wp\/v2\/media?parent=27264"}],"wp:term":[{"taxonomy":"pwb-brand","embeddable":true,"href":"https:\/\/mivoot.com\/gt\/wp-json\/wp\/v2\/pwb-brand?post=27264"},{"taxonomy":"product_brand","embeddable":true,"href":"https:\/\/mivoot.com\/gt\/wp-json\/wp\/v2\/product_brand?post=27264"},{"taxonomy":"product_cat","embeddable":true,"href":"https:\/\/mivoot.com\/gt\/wp-json\/wp\/v2\/product_cat?post=27264"},{"taxonomy":"product_tag","embeddable":true,"href":"https:\/\/mivoot.com\/gt\/wp-json\/wp\/v2\/product_tag?post=27264"}],"curies":[{"name":"wp","href":"https:\/\/api.w.org\/{rel}","templated":true}]}}