{"id":27285,"date":"2025-03-25T11:48:13","date_gmt":"2025-03-25T17:48:13","guid":{"rendered":"https:\/\/mivoot.com\/gt\/?post_type=product&#038;p=27285"},"modified":"2025-03-25T11:48:14","modified_gmt":"2025-03-25T17:48:14","slug":"switch-ethernet-de-8-puertos-s108-tenda","status":"publish","type":"product","link":"https:\/\/mivoot.com\/gt\/producto\/switch-ethernet-de-8-puertos-s108-tenda\/","title":{"rendered":"Switch Ethernet de 8 puertos S108 Tenda"},"content":{"rendered":"<h2 class=\"title\" style=\"text-align: center\"><strong><span class=\"parent\" style=\"color: #ff6600\">Switch Ethernet de 8 puertos<\/span><\/strong><\/h2>\n<p style=\"text-align: center\">No importa lo que tenga, una peque\u00f1a oficina o una oficina en casa. Todo lo que desea es la diversi\u00f3n de navegar y buscar una forma innovadora de agregar m\u00e1s puertos Ethernet a su red, Tenda S108 puede satisfacer todas sus necesidades y expandir su red. Adem\u00e1s, tambi\u00e9n tiene un precio competitivo.<\/p>\n<p>&nbsp;<\/p>\n<h3><strong><span style=\"color: #ff6600\">Conecta y reproduce<\/span><\/strong><\/h3>\n<p style=\"text-align: right\">Ya sea que sea un entusiasta de la tecnolog\u00eda o un usuario por primera vez, S108 es muy f\u00e1cil e intuitivo de configurar sin operaciones que consumen mucho tiempo. Hacemos que la configuraci\u00f3n sea r\u00e1pida y f\u00e1cil para brindarle lo mejor de Internet.<\/p>\n<p style=\"text-align: right\">\n<h3 style=\"text-align: right\"><strong><span style=\"color: #ff6600\">Red ultrarr\u00e1pida sin p\u00e9rdida de datos<\/span><\/strong><\/h3>\n<p style=\"text-align: left\">Con el modo de almacenamiento y reenv\u00edo, el aprendizaje autom\u00e1tico de la direcci\u00f3n MAC y el envejecimiento autom\u00e1tico, S108 puede transferir datos a larga distancia sin p\u00e9rdida para garantizar un rendimiento WiFi estable y ultrarr\u00e1pido.<\/p>\n<p>&nbsp;<\/p>\n<h3 style=\"text-align: center\"><strong><span style=\"color: #ff6600\">Bonita y peque\u00f1a<\/span><\/strong><\/h3>\n<p style=\"text-align: center\">S108 es bonito y peque\u00f1o. No ocupar\u00e1 mucho espacio en el escritorio o en el piso. Debido al peque\u00f1o dise\u00f1o, puede colocar el S105 en cualquier lugar que desee y moverse con flexibilidad.<br \/>\nViene en un bonito estuche con patr\u00f3n en forma de c\u00fapula. Encajar\u00e1 igualmente bien en cualquier decoraci\u00f3n de escritorio. No solo para uso de WiFi. Sino que tambi\u00e9n puede ser un adorno para el hogar.<\/p>\n<p>&nbsp;<\/p>\n","protected":false},"excerpt":{"rendered":"<p>&#8211; Los puertos RJ45 de negociaci\u00f3n autom\u00e1tica de 8 * 10\/100 Mbps obtienen la conexi\u00f3n m\u00e1s r\u00e1pida posible<br \/>\n&#8211; Cumple con los est\u00e1ndares IEEE802.3, IEEE802.3u, IEEE802.3X<br \/>\n&#8211; 8 * indicadores LED muestran el estado de la conexi\u00f3n<br \/>\n&#8211; Admite d\u00faplex completo y semid\u00faplex de 10\/100 M<br \/>\n&#8211; Modo almacenar y reenviar<br \/>\n&#8211; Admite el aprendizaje autom\u00e1tico y el envejecimiento autom\u00e1tico de direcciones MAC<br \/>\n&#8211; Soporta para conectarse con la c\u00e1mara IP.<br \/>\n&#8211; Plug-and-play sin configuraci\u00f3n<br \/>\n&#8211; Admite instalaci\u00f3n de escritorio y montaje en pared Las tecnolog\u00edas de ahorro de energ\u00eda lo ayudan a ahorrar energ\u00eda y dinero<\/p>\n","protected":false},"featured_media":27293,"comment_status":"open","ping_status":"closed","template":"","meta":{"jetpack_publicize_message":"","jetpack_publicize_feature_enabled":true,"jetpack_social_post_already_shared":true,"jetpack_social_options":{"image_generator_settings":{"template":"highway","default_image_id":0,"font":"","enabled":false},"version":2}},"pwb-brand":[318],"product_brand":[],"product_cat":[515],"product_tag":[],"class_list":{"0":"post-27285","1":"product","2":"type-product","3":"status-publish","4":"has-post-thumbnail","6":"pwb-brand-tenda","7":"product_cat-redes-y-switch","9":"first","10":"instock","11":"taxable","12":"shipping-taxable","13":"purchasable","14":"product-type-simple"},"yoast_head":"<!-- This site is optimized with the Yoast SEO Premium plugin v25.7.1 (Yoast SEO v26.8) - https:\/\/yoast.com\/product\/yoast-seo-premium-wordpress\/ -->\n<title>Switch Ethernet de 8 puertos S108 Tenda - Mivoot<\/title>\n<meta name=\"robots\" content=\"index, follow, max-snippet:-1, max-image-preview:large, max-video-preview:-1\" \/>\n<link rel=\"canonical\" href=\"https:\/\/mivoot.com\/gt\/producto\/switch-ethernet-de-8-puertos-s108-tenda\/\" \/>\n<meta property=\"og:locale\" content=\"es_ES\" \/>\n<meta property=\"og:type\" content=\"article\" \/>\n<meta property=\"og:title\" content=\"Switch Ethernet de 8 puertos S108 Tenda\" \/>\n<meta property=\"og:description\" content=\"- Los puertos RJ45 de negociaci\u00f3n autom\u00e1tica de 8 * 10\/100 Mbps obtienen la conexi\u00f3n m\u00e1s r\u00e1pida posible - Cumple con los est\u00e1ndares IEEE802.3, IEEE802.3u, IEEE802.3X - 8 * indicadores LED muestran el estado de la conexi\u00f3n - Admite d\u00faplex completo y semid\u00faplex de 10\/100 M - Modo almacenar y reenviar - Admite el aprendizaje autom\u00e1tico y el envejecimiento autom\u00e1tico de direcciones MAC - Soporta para conectarse con la c\u00e1mara IP. - Plug-and-play sin configuraci\u00f3n - Admite instalaci\u00f3n de escritorio y montaje en pared Las tecnolog\u00edas de ahorro de energ\u00eda lo ayudan a ahorrar energ\u00eda y dinero\" \/>\n<meta property=\"og:url\" content=\"https:\/\/mivoot.com\/gt\/producto\/switch-ethernet-de-8-puertos-s108-tenda\/\" \/>\n<meta property=\"og:site_name\" content=\"Mivoot\" \/>\n<meta property=\"article:publisher\" content=\"https:\/\/www.facebook.com\/mivootgt\" \/>\n<meta property=\"article:modified_time\" content=\"2025-03-25T17:48:14+00:00\" \/>\n<meta property=\"og:image\" content=\"https:\/\/mivoot.com\/gt\/wp-content\/uploads\/2025\/03\/20158101052197743.jpg\" \/>\n\t<meta property=\"og:image:width\" content=\"1000\" \/>\n\t<meta property=\"og:image:height\" content=\"1000\" \/>\n\t<meta property=\"og:image:type\" content=\"image\/jpeg\" \/>\n<meta name=\"twitter:card\" content=\"summary_large_image\" \/>\n<meta name=\"twitter:label1\" content=\"Est. reading time\" \/>\n\t<meta name=\"twitter:data1\" content=\"2 minutos\" \/>\n<script type=\"application\/ld+json\" class=\"yoast-schema-graph\">{\"@context\":\"https:\/\/schema.org\",\"@graph\":[{\"@type\":\"WebPage\",\"@id\":\"https:\/\/mivoot.com\/gt\/producto\/switch-ethernet-de-8-puertos-s108-tenda\/\",\"url\":\"https:\/\/mivoot.com\/gt\/producto\/switch-ethernet-de-8-puertos-s108-tenda\/\",\"name\":\"Switch Ethernet de 8 puertos S108 Tenda - Mivoot\",\"isPartOf\":{\"@id\":\"https:\/\/mivoot.com\/gt\/#website\"},\"primaryImageOfPage\":{\"@id\":\"https:\/\/mivoot.com\/gt\/producto\/switch-ethernet-de-8-puertos-s108-tenda\/#primaryimage\"},\"image\":{\"@id\":\"https:\/\/mivoot.com\/gt\/producto\/switch-ethernet-de-8-puertos-s108-tenda\/#primaryimage\"},\"thumbnailUrl\":\"https:\/\/mivoot.com\/gt\/wp-content\/uploads\/2025\/03\/20158101052197743.jpg\",\"datePublished\":\"2025-03-25T17:48:13+00:00\",\"dateModified\":\"2025-03-25T17:48:14+00:00\",\"breadcrumb\":{\"@id\":\"https:\/\/mivoot.com\/gt\/producto\/switch-ethernet-de-8-puertos-s108-tenda\/#breadcrumb\"},\"inLanguage\":\"es\",\"potentialAction\":[{\"@type\":\"ReadAction\",\"target\":[\"https:\/\/mivoot.com\/gt\/producto\/switch-ethernet-de-8-puertos-s108-tenda\/\"]}]},{\"@type\":\"ImageObject\",\"inLanguage\":\"es\",\"@id\":\"https:\/\/mivoot.com\/gt\/producto\/switch-ethernet-de-8-puertos-s108-tenda\/#primaryimage\",\"url\":\"https:\/\/mivoot.com\/gt\/wp-content\/uploads\/2025\/03\/20158101052197743.jpg\",\"contentUrl\":\"https:\/\/mivoot.com\/gt\/wp-content\/uploads\/2025\/03\/20158101052197743.jpg\",\"width\":1000,\"height\":1000},{\"@type\":\"BreadcrumbList\",\"@id\":\"https:\/\/mivoot.com\/gt\/producto\/switch-ethernet-de-8-puertos-s108-tenda\/#breadcrumb\",\"itemListElement\":[{\"@type\":\"ListItem\",\"position\":1,\"name\":\"Inicio\",\"item\":\"https:\/\/mivoot.com\/gt\/\"},{\"@type\":\"ListItem\",\"position\":2,\"name\":\"Productos\",\"item\":\"https:\/\/mivoot.com\/gt\/producto\/\"},{\"@type\":\"ListItem\",\"position\":3,\"name\":\"Tenda\",\"item\":\"https:\/\/mivoot.com\/gt\/marca\/tenda\/\"},{\"@type\":\"ListItem\",\"position\":4,\"name\":\"Switch Ethernet de 8 puertos S108 Tenda\"}]},{\"@type\":\"WebSite\",\"@id\":\"https:\/\/mivoot.com\/gt\/#website\",\"url\":\"https:\/\/mivoot.com\/gt\/\",\"name\":\"Mivoot\",\"description\":\"Mivoot Guatemala | Tienda Online\",\"publisher\":{\"@id\":\"https:\/\/mivoot.com\/gt\/#organization\"},\"alternateName\":\"mivoot\",\"potentialAction\":[{\"@type\":\"SearchAction\",\"target\":{\"@type\":\"EntryPoint\",\"urlTemplate\":\"https:\/\/mivoot.com\/gt\/?s={search_term_string}\"},\"query-input\":{\"@type\":\"PropertyValueSpecification\",\"valueRequired\":true,\"valueName\":\"search_term_string\"}}],\"inLanguage\":\"es\"},{\"@type\":\"Organization\",\"@id\":\"https:\/\/mivoot.com\/gt\/#organization\",\"name\":\"Mivoot Guatemala\",\"alternateName\":\"mivoot.com\",\"url\":\"https:\/\/mivoot.com\/gt\/\",\"logo\":{\"@type\":\"ImageObject\",\"inLanguage\":\"es\",\"@id\":\"https:\/\/mivoot.com\/gt\/#\/schema\/logo\/image\/\",\"url\":\"https:\/\/mivoot.com\/gt\/wp-content\/uploads\/2023\/03\/cropped-icon.png\",\"contentUrl\":\"https:\/\/mivoot.com\/gt\/wp-content\/uploads\/2023\/03\/cropped-icon.png\",\"width\":512,\"height\":512,\"caption\":\"Mivoot Guatemala\"},\"image\":{\"@id\":\"https:\/\/mivoot.com\/gt\/#\/schema\/logo\/image\/\"},\"sameAs\":[\"https:\/\/www.facebook.com\/mivootgt\",\"https:\/\/instagram.com\/mivoot\"]}]}<\/script>\n<!-- \/ Yoast SEO Premium plugin. -->","yoast_head_json":{"title":"Switch Ethernet de 8 puertos S108 Tenda - Mivoot","robots":{"index":"index","follow":"follow","max-snippet":"max-snippet:-1","max-image-preview":"max-image-preview:large","max-video-preview":"max-video-preview:-1"},"canonical":"https:\/\/mivoot.com\/gt\/producto\/switch-ethernet-de-8-puertos-s108-tenda\/","og_locale":"es_ES","og_type":"article","og_title":"Switch Ethernet de 8 puertos S108 Tenda","og_description":"- Los puertos RJ45 de negociaci\u00f3n autom\u00e1tica de 8 * 10\/100 Mbps obtienen la conexi\u00f3n m\u00e1s r\u00e1pida posible - Cumple con los est\u00e1ndares IEEE802.3, IEEE802.3u, IEEE802.3X - 8 * indicadores LED muestran el estado de la conexi\u00f3n - Admite d\u00faplex completo y semid\u00faplex de 10\/100 M - Modo almacenar y reenviar - Admite el aprendizaje autom\u00e1tico y el envejecimiento autom\u00e1tico de direcciones MAC - Soporta para conectarse con la c\u00e1mara IP. - Plug-and-play sin configuraci\u00f3n - Admite instalaci\u00f3n de escritorio y montaje en pared Las tecnolog\u00edas de ahorro de energ\u00eda lo ayudan a ahorrar energ\u00eda y dinero","og_url":"https:\/\/mivoot.com\/gt\/producto\/switch-ethernet-de-8-puertos-s108-tenda\/","og_site_name":"Mivoot","article_publisher":"https:\/\/www.facebook.com\/mivootgt","article_modified_time":"2025-03-25T17:48:14+00:00","og_image":[{"width":1000,"height":1000,"url":"https:\/\/mivoot.com\/gt\/wp-content\/uploads\/2025\/03\/20158101052197743.jpg","type":"image\/jpeg"}],"twitter_card":"summary_large_image","twitter_misc":{"Est. reading time":"2 minutos"},"schema":{"@context":"https:\/\/schema.org","@graph":[{"@type":"WebPage","@id":"https:\/\/mivoot.com\/gt\/producto\/switch-ethernet-de-8-puertos-s108-tenda\/","url":"https:\/\/mivoot.com\/gt\/producto\/switch-ethernet-de-8-puertos-s108-tenda\/","name":"Switch Ethernet de 8 puertos S108 Tenda - Mivoot","isPartOf":{"@id":"https:\/\/mivoot.com\/gt\/#website"},"primaryImageOfPage":{"@id":"https:\/\/mivoot.com\/gt\/producto\/switch-ethernet-de-8-puertos-s108-tenda\/#primaryimage"},"image":{"@id":"https:\/\/mivoot.com\/gt\/producto\/switch-ethernet-de-8-puertos-s108-tenda\/#primaryimage"},"thumbnailUrl":"https:\/\/mivoot.com\/gt\/wp-content\/uploads\/2025\/03\/20158101052197743.jpg","datePublished":"2025-03-25T17:48:13+00:00","dateModified":"2025-03-25T17:48:14+00:00","breadcrumb":{"@id":"https:\/\/mivoot.com\/gt\/producto\/switch-ethernet-de-8-puertos-s108-tenda\/#breadcrumb"},"inLanguage":"es","potentialAction":[{"@type":"ReadAction","target":["https:\/\/mivoot.com\/gt\/producto\/switch-ethernet-de-8-puertos-s108-tenda\/"]}]},{"@type":"ImageObject","inLanguage":"es","@id":"https:\/\/mivoot.com\/gt\/producto\/switch-ethernet-de-8-puertos-s108-tenda\/#primaryimage","url":"https:\/\/mivoot.com\/gt\/wp-content\/uploads\/2025\/03\/20158101052197743.jpg","contentUrl":"https:\/\/mivoot.com\/gt\/wp-content\/uploads\/2025\/03\/20158101052197743.jpg","width":1000,"height":1000},{"@type":"BreadcrumbList","@id":"https:\/\/mivoot.com\/gt\/producto\/switch-ethernet-de-8-puertos-s108-tenda\/#breadcrumb","itemListElement":[{"@type":"ListItem","position":1,"name":"Inicio","item":"https:\/\/mivoot.com\/gt\/"},{"@type":"ListItem","position":2,"name":"Productos","item":"https:\/\/mivoot.com\/gt\/producto\/"},{"@type":"ListItem","position":3,"name":"Tenda","item":"https:\/\/mivoot.com\/gt\/marca\/tenda\/"},{"@type":"ListItem","position":4,"name":"Switch Ethernet de 8 puertos S108 Tenda"}]},{"@type":"WebSite","@id":"https:\/\/mivoot.com\/gt\/#website","url":"https:\/\/mivoot.com\/gt\/","name":"Mivoot","description":"Mivoot Guatemala | Tienda Online","publisher":{"@id":"https:\/\/mivoot.com\/gt\/#organization"},"alternateName":"mivoot","potentialAction":[{"@type":"SearchAction","target":{"@type":"EntryPoint","urlTemplate":"https:\/\/mivoot.com\/gt\/?s={search_term_string}"},"query-input":{"@type":"PropertyValueSpecification","valueRequired":true,"valueName":"search_term_string"}}],"inLanguage":"es"},{"@type":"Organization","@id":"https:\/\/mivoot.com\/gt\/#organization","name":"Mivoot Guatemala","alternateName":"mivoot.com","url":"https:\/\/mivoot.com\/gt\/","logo":{"@type":"ImageObject","inLanguage":"es","@id":"https:\/\/mivoot.com\/gt\/#\/schema\/logo\/image\/","url":"https:\/\/mivoot.com\/gt\/wp-content\/uploads\/2023\/03\/cropped-icon.png","contentUrl":"https:\/\/mivoot.com\/gt\/wp-content\/uploads\/2023\/03\/cropped-icon.png","width":512,"height":512,"caption":"Mivoot Guatemala"},"image":{"@id":"https:\/\/mivoot.com\/gt\/#\/schema\/logo\/image\/"},"sameAs":["https:\/\/www.facebook.com\/mivootgt","https:\/\/instagram.com\/mivoot"]}]}},"jetpack_publicize_connections":[],"jetpack_sharing_enabled":true,"brands":[{"id":318,"name":"Tenda","slug":"tenda"}],"_links":{"self":[{"href":"https:\/\/mivoot.com\/gt\/wp-json\/wp\/v2\/product\/27285","targetHints":{"allow":["GET"]}}],"collection":[{"href":"https:\/\/mivoot.com\/gt\/wp-json\/wp\/v2\/product"}],"about":[{"href":"https:\/\/mivoot.com\/gt\/wp-json\/wp\/v2\/types\/product"}],"replies":[{"embeddable":true,"href":"https:\/\/mivoot.com\/gt\/wp-json\/wp\/v2\/comments?post=27285"}],"version-history":[{"count":1,"href":"https:\/\/mivoot.com\/gt\/wp-json\/wp\/v2\/product\/27285\/revisions"}],"predecessor-version":[{"id":27294,"href":"https:\/\/mivoot.com\/gt\/wp-json\/wp\/v2\/product\/27285\/revisions\/27294"}],"wp:featuredmedia":[{"embeddable":true,"href":"https:\/\/mivoot.com\/gt\/wp-json\/wp\/v2\/media\/27293"}],"wp:attachment":[{"href":"https:\/\/mivoot.com\/gt\/wp-json\/wp\/v2\/media?parent=27285"}],"wp:term":[{"taxonomy":"pwb-brand","embeddable":true,"href":"https:\/\/mivoot.com\/gt\/wp-json\/wp\/v2\/pwb-brand?post=27285"},{"taxonomy":"product_brand","embeddable":true,"href":"https:\/\/mivoot.com\/gt\/wp-json\/wp\/v2\/product_brand?post=27285"},{"taxonomy":"product_cat","embeddable":true,"href":"https:\/\/mivoot.com\/gt\/wp-json\/wp\/v2\/product_cat?post=27285"},{"taxonomy":"product_tag","embeddable":true,"href":"https:\/\/mivoot.com\/gt\/wp-json\/wp\/v2\/product_tag?post=27285"}],"curies":[{"name":"wp","href":"https:\/\/api.w.org\/{rel}","templated":true}]}}