{"id":27330,"date":"2025-03-25T17:57:31","date_gmt":"2025-03-25T23:57:31","guid":{"rendered":"https:\/\/mivoot.com\/gt\/?post_type=product&#038;p=27330"},"modified":"2025-03-25T17:57:32","modified_gmt":"2025-03-25T23:57:32","slug":"switch-4-puertos-poe-administrable-rj45-60w-hikvision","status":"publish","type":"product","link":"https:\/\/mivoot.com\/gt\/producto\/switch-4-puertos-poe-administrable-rj45-60w-hikvision\/","title":{"rendered":"Switch 4 Puertos POE+ Administrable RJ45 60W Hikvision"},"content":{"rendered":"<h1 class=\"prod_name prod_name-content\" style=\"text-align: center;\">Conmutador POE inteligente Fast Ethernet de 4 puertos <span style=\"font-size: 23.04px;\">DS-3E1105P-EI<\/span><\/h1>\n<div class=\"product_description-content\">\n<h4><span class=\"tech-specs-items-description__title--heading\">General\u00a0<\/span><\/h4>\n<ul class=\"tech-specs-items-description\" data-target=\"General\">\n<li class=\"tech-specs-items-description-list\"><span class=\"tech-specs-items-description__title\">Alojamiento <\/span><span class=\"tech-specs-items-description__title-details\">Material met\u00e1lico<\/span><\/li>\n<li class=\"tech-specs-items-description-list\"><span class=\"tech-specs-items-description__title\">Peso neto<\/span><span class=\"tech-specs-items-description__title-details\">0,26 kg (0,573 libras)<\/span><\/li>\n<li class=\"tech-specs-items-description-list\"><span class=\"tech-specs-items-description__title\">Peso bruto<\/span><span class=\"tech-specs-items-description__title-details\">0,75 kg (1,65 libras)<\/span><\/li>\n<li class=\"tech-specs-items-description-list\"><span class=\"tech-specs-items-description__title\">Dimensiones (W x H x D)<\/span><span class=\"tech-specs-items-description__title-details\">121,1 mm \u00d7 27,6 mm \u00d7 83,1 mm (4,77&#8221; \u00d7 1,09&#8221; \u00d7 3,27&#8221;)<\/span><\/li>\n<li class=\"tech-specs-items-description-list\"><span class=\"tech-specs-items-description__title\">Temperatura de funcionamiento<\/span><span class=\"tech-specs-items-description__title-details\">0 \u00b0C a 40 \u00b0C (32 \u00b0F a 104 \u00b0F)<\/span><\/li>\n<li class=\"tech-specs-items-description-list\"><span class=\"tech-specs-items-description__title\">Temperatura de almacenamiento<\/span><span class=\"tech-specs-items-description__title-details\">-40 \u00b0C a 85 \u00b0C (-40 \u00b0F a 185 \u00b0F)<\/span><\/li>\n<li class=\"tech-specs-items-description-list\"><span class=\"tech-specs-items-description__title\">Condiciones de humedad<\/span><span class=\"tech-specs-items-description__title-details\">5% a 95% (sin condensaci\u00f3n)<\/span><\/li>\n<li class=\"tech-specs-items-description-list\"><span class=\"tech-specs-items-description__title\">Humedad relativa<\/span><span class=\"tech-specs-items-description__title-details\">5% a 95% (sin condensaci\u00f3n)<\/span><\/li>\n<li class=\"tech-specs-items-description-list\"><span class=\"tech-specs-items-description__title\">Fuente de alimentaci\u00f3n<\/span><span class=\"tech-specs-items-description__title-details\">54 VCC, 1,2 A<\/span><\/li>\n<li class=\"tech-specs-items-description-list\"><span class=\"tech-specs-items-description__title\">Modo de instalaci\u00f3n<\/span><span class=\"tech-specs-items-description__title-details\">Montaje en escritorio, montaje en pared<\/span><\/li>\n<li class=\"tech-specs-items-description-list\"><span class=\"tech-specs-items-description__title\">Max. El consumo de energ\u00eda<\/span><span class=\"tech-specs-items-description__title-details\">65 W<\/span><\/li>\n<li class=\"tech-specs-items-description-list\"><span class=\"tech-specs-items-description__title\">Consumo de energ\u00eda en inactivo<\/span><span class=\"tech-specs-items-description__title-details\">0,9 pulgadas<\/span><\/li>\n<li class=\"tech-specs-items-description-list\"><span class=\"tech-specs-items-description__title\">Protecci\u00f3n contra sobretensiones<\/span><span class=\"tech-specs-items-description__title-details\">6 kV<\/span><\/li>\n<\/ul>\n<h4><span class=\"tech-specs-items-description__title--heading\">Par\u00e1metros de red<\/span><\/h4>\n<ul class=\"tech-specs-items-description\" data-target=\"Network Parameters\">\n<li class=\"tech-specs-items-description-list\"><span class=\"tech-specs-items-description__title\">Puertos<\/span><span class=\"tech-specs-items-description__title-details\">4 puertos PoE de 10\/100 Mbps, 1 puerto RJ45 de 10\/100 Mbps<\/span><\/li>\n<li class=\"tech-specs-items-description-list\"><span class=\"tech-specs-items-description__title\">Tabla de direcciones MAC<\/span><span class=\"tech-specs-items-description__title-details\">2 mil<\/span><\/li>\n<li class=\"tech-specs-items-description-list\"><span class=\"tech-specs-items-description__title\">Capacidad de conmutaci\u00f3n<\/span><span class=\"tech-specs-items-description__title-details\">1 Gbps<\/span><\/li>\n<li class=\"tech-specs-items-description-list\"><span class=\"tech-specs-items-description__title\">Tasa de reenv\u00edo de paquetes<\/span><span class=\"tech-specs-items-description__title-details\">0,74 Mpps<\/span><\/li>\n<li class=\"tech-specs-items-description-list\"><span class=\"tech-specs-items-description__title\">Cach\u00e9 interna<\/span><span class=\"tech-specs-items-description__title-details\">768 kbits<\/span><\/li>\n<\/ul>\n<h4><span class=\"tech-specs-items-description__title--heading\">Fuente de alimentaci\u00f3n PoE<\/span><\/h4>\n<ul class=\"tech-specs-items-description\" data-target=\"PoE Power Supply\">\n<li class=\"tech-specs-items-description-list\"><span class=\"tech-specs-items-description__title\">Est\u00e1ndar PoE<\/span><span class=\"tech-specs-items-description__title-details\">IEEE 802.3af, IEEE 802.3at<\/span><\/li>\n<li class=\"tech-specs-items-description-list\"><span class=\"tech-specs-items-description__title\">Pin de alimentaci\u00f3n PoE<\/span><span class=\"tech-specs-items-description__title-details\">Tramo final: 1\/2(-), 3\/6(+)<\/span><\/li>\n<li class=\"tech-specs-items-description-list\"><span class=\"tech-specs-items-description__title\">Puerto PoE<\/span><span class=\"tech-specs-items-description__title-details\">PoE: Puertos 1 a 4<\/span><\/li>\n<li class=\"tech-specs-items-description-list\"><span class=\"tech-specs-items-description__title\">Max. Puerto de alimentaci\u00f3n<\/span><span class=\"tech-specs-items-description__title-details\">30 vatios<\/span><\/li>\n<li class=\"tech-specs-items-description-list\"><span class=\"tech-specs-items-description__title\">Presupuesto de energ\u00eda PoE<\/span><span class=\"tech-specs-items-description__title-details\">60 vatios<\/span><\/li>\n<\/ul>\n<h4><span class=\"tech-specs-items-description__title--heading\">Funci\u00f3n de software<\/span><\/h4>\n<ul class=\"tech-specs-items-description\" data-target=\"Software Function\">\n<li class=\"tech-specs-items-description-list\"><span class=\"tech-specs-items-description__title\">Largo alcance<\/span>\n<p class=\"mb-p\">Puertos 1 a 4: hasta 300 m. El rendimiento de largo alcance puede variar seg\u00fan el modelo de la c\u00e1mara o el estado del cable.<\/p>\n<\/li>\n<li class=\"tech-specs-items-description-list\"><span class=\"tech-specs-items-description__title\">Puerto VIP<\/span><span class=\"tech-specs-items-description__title-details\">Puertos 1 a 2: los datos de los puertos VIP se reenv\u00edan de forma preferencial cuando los recursos de ancho de banda son insuficientes.<\/span><\/li>\n<li class=\"tech-specs-items-description-list\"><span class=\"tech-specs-items-description__title\">Aislamiento del puerto<\/span>\n<p class=\"mb-p\">Puertos 1 a 4: modo de aislamiento de puertos para mejorar la seguridad de la red Los puertos de un grupo de aislamiento no pueden comunicarse entre s\u00ed, pero pueden comunicarse con puertos fuera del grupo de aislamiento.<\/p>\n<\/li>\n<li class=\"tech-specs-items-description-list\"><span class=\"tech-specs-items-description__title\">Vigilancia de PoE<\/span><span class=\"tech-specs-items-description__title-details\">Puertos 1 a 4: detectan y reinician autom\u00e1ticamente las c\u00e1maras que no responden.<\/span><\/li>\n<li class=\"tech-specs-items-description-list\"><span class=\"tech-specs-items-description__title\">Agregaci\u00f3n de enlaces<\/span>\n<p class=\"mb-p\">La agregaci\u00f3n de enlaces se utiliza para agregar m\u00faltiples puertos f\u00edsicos para formar un puerto l\u00f3gico para equilibrar la carga, la expansi\u00f3n del ancho de banda y la protecci\u00f3n del puerto.<\/p>\n<p class=\"mb-p\">Admite agregaci\u00f3n de enlaces est\u00e1ticos.<\/p>\n<p class=\"mb-p\">Admite 1 grupo(s) de agregaci\u00f3n.<\/p>\n<\/li>\n<li class=\"tech-specs-items-description-list\"><span class=\"tech-specs-items-description__title\">Prevenci\u00f3n de bucles<\/span>\n<p class=\"mb-p\">La prevenci\u00f3n de bucles se utiliza para evitar la formaci\u00f3n de bucles en la red de conmutaci\u00f3n, lo que afectar\u00eda gravemente la comunicaci\u00f3n de la red. Est\u00e1 deshabilitada por defecto.<\/p>\n<p class=\"mb-p\">Admite 802.1D STP.<\/p>\n<p class=\"mb-p\">Admite RSTP 802.1w.<\/p>\n<\/li>\n<li class=\"tech-specs-items-description-list\"><span class=\"tech-specs-items-description__title\">VLAN<\/span>\n<p class=\"mb-p\">VLAN se utiliza para la planificaci\u00f3n de la escala de la red y la mejora del estado de la red.<\/p>\n<p class=\"mb-p\">Admite 802.1Q.<\/p>\n<p class=\"mb-p\">ID de VLAN configurable de 1 a 4094.<\/p>\n<p class=\"mb-p\">Soporte troncal, modo puerto de acceso.<\/p>\n<p class=\"mb-p\">Admite un m\u00e1ximo de 32 VLAN.<\/p>\n<\/li>\n<li class=\"tech-specs-items-description-list\"><span class=\"tech-specs-items-description__title\">Central hidroel\u00e9ctrica<\/span>\n<p class=\"mb-p\">Admite activaci\u00f3n con un solo clic y gesti\u00f3n remota a trav\u00e9s de Hik-Partner Pro. Funciones compatibles:<\/p>\n<p class=\"mb-p\">1. Muestra la velocidad del puerto.<\/p>\n<p class=\"mb-p\">2. Muestra la tasa de utilizaci\u00f3n del ancho de banda del puerto.<\/p>\n<p class=\"mb-p\">3. Muestra el uso de energ\u00eda PoE.<\/p>\n<p class=\"mb-p\">4. Mostrar informaci\u00f3n de topolog\u00eda.<\/p>\n<p class=\"mb-p\">5. Mostrar el estado de la alarma.<\/p>\n<p class=\"mb-p\">6. Reinicie los puertos y dispositivos.<\/p>\n<p class=\"mb-p\">7. Habilite el modo de puerto de largo alcance.<\/p>\n<p class=\"mb-p\">8. Actualice el dispositivo de forma remota.<\/p>\n<\/li>\n<li class=\"tech-specs-items-description-list\"><span class=\"tech-specs-items-description__title\">Mantenimiento del sistema<\/span>\n<p class=\"mb-p\">Admite gesti\u00f3n de dispositivos v\u00eda web.<\/p>\n<p class=\"mb-p\">Compatible con cliente DHCP. Habilitado de forma predeterminada para la asignaci\u00f3n din\u00e1mica de direcciones IP de administraci\u00f3n.<\/p>\n<p class=\"mb-p\">Admite Super IP, que es una direcci\u00f3n IP fija (10.180.190.200) para acceso directo.<\/p>\n<p class=\"mb-p\">Gesti\u00f3n de soporte a trav\u00e9s de Hik-Central Pro.<\/p>\n<p class=\"mb-p\">Admite gesti\u00f3n remota a trav\u00e9s de Hik-Partner Pro.<\/p>\n<p class=\"mb-p\">Admite detecci\u00f3n de cables. Se pueden detectar circuitos abiertos y cortocircuitos anormales, as\u00ed como la longitud del cable de red.<\/p>\n<p class=\"mb-p\">Admite LLDP 802.1ab para el descubrimiento de dispositivos pares.<\/p>\n<p class=\"mb-p\">Admite SNMP v1\/v2c para acceso a plataformas de gesti\u00f3n de terceros.<\/p>\n<p class=\"mb-p\">Admite duplicaci\u00f3n de puertos para localizaci\u00f3n de fallas.<\/p>\n<\/li>\n<\/ul>\n<\/div>\n","protected":false},"excerpt":{"rendered":"<p>&#8211; 4 puertos PoE de 10\/100 Mbps, 1 puerto RJ45 de 10\/100 Mbps<br \/>\n&#8211; Protecci\u00f3n contra sobretensiones de 6 KV para puertos PoE.<br \/>\n&#8211; Presupuesto total de energ\u00eda PoE 60 W<br \/>\n&#8211; Admite VLAN 802.1Q<br \/>\n&#8211; Admite el sistema de vigilancia PoE para detectar y reiniciar las c\u00e1maras que no responden<br \/>\n&#8211; Admite prevenci\u00f3n de bucles STP\/RSTP<br \/>\n&#8211; Admite detecci\u00f3n de cables para localizar fallas<br \/>\n&#8211; Transmisi\u00f3n PoE de largo alcance de hasta 300 m<\/p>\n","protected":false},"featured_media":27323,"comment_status":"open","ping_status":"closed","template":"","meta":{"jetpack_publicize_message":"","jetpack_publicize_feature_enabled":true,"jetpack_social_post_already_shared":true,"jetpack_social_options":{"image_generator_settings":{"template":"highway","default_image_id":0,"font":"","enabled":false},"version":2}},"pwb-brand":[113],"product_brand":[],"product_cat":[515],"product_tag":[],"class_list":{"0":"post-27330","1":"product","2":"type-product","3":"status-publish","4":"has-post-thumbnail","6":"pwb-brand-hikvision","7":"product_cat-redes-y-switch","9":"first","10":"instock","11":"taxable","12":"shipping-taxable","13":"product-type-simple"},"yoast_head":"<!-- This site is optimized with the Yoast SEO Premium plugin v25.7.1 (Yoast SEO v26.8) - https:\/\/yoast.com\/product\/yoast-seo-premium-wordpress\/ -->\n<title>Switch 4 Puertos POE+ Administrable RJ45 60W Hikvision - Mivoot<\/title>\n<meta name=\"robots\" content=\"index, follow, max-snippet:-1, max-image-preview:large, max-video-preview:-1\" \/>\n<link rel=\"canonical\" href=\"https:\/\/mivoot.com\/gt\/producto\/switch-4-puertos-poe-administrable-rj45-60w-hikvision\/\" \/>\n<meta property=\"og:locale\" content=\"es_ES\" \/>\n<meta property=\"og:type\" content=\"article\" \/>\n<meta property=\"og:title\" content=\"Switch 4 Puertos POE+ Administrable RJ45 60W Hikvision\" \/>\n<meta property=\"og:description\" content=\"- 4 puertos PoE de 10\/100 Mbps, 1 puerto RJ45 de 10\/100 Mbps - Protecci\u00f3n contra sobretensiones de 6 KV para puertos PoE. - Presupuesto total de energ\u00eda PoE 60 W - Admite VLAN 802.1Q - Admite el sistema de vigilancia PoE para detectar y reiniciar las c\u00e1maras que no responden - Admite prevenci\u00f3n de bucles STP\/RSTP - Admite detecci\u00f3n de cables para localizar fallas - Transmisi\u00f3n PoE de largo alcance de hasta 300 m\" \/>\n<meta property=\"og:url\" content=\"https:\/\/mivoot.com\/gt\/producto\/switch-4-puertos-poe-administrable-rj45-60w-hikvision\/\" \/>\n<meta property=\"og:site_name\" content=\"Mivoot\" \/>\n<meta property=\"article:publisher\" content=\"https:\/\/www.facebook.com\/mivootgt\" \/>\n<meta property=\"article:modified_time\" content=\"2025-03-25T23:57:32+00:00\" \/>\n<meta property=\"og:image\" content=\"https:\/\/mivoot.com\/gt\/wp-content\/uploads\/2025\/03\/DS3E0105PE_MB-l.webp\" \/>\n\t<meta property=\"og:image:width\" content=\"1000\" \/>\n\t<meta property=\"og:image:height\" content=\"1000\" \/>\n\t<meta property=\"og:image:type\" content=\"image\/webp\" \/>\n<meta name=\"twitter:card\" content=\"summary_large_image\" \/>\n<meta name=\"twitter:label1\" content=\"Est. reading time\" \/>\n\t<meta name=\"twitter:data1\" content=\"4 minutos\" \/>\n<script type=\"application\/ld+json\" class=\"yoast-schema-graph\">{\"@context\":\"https:\/\/schema.org\",\"@graph\":[{\"@type\":\"WebPage\",\"@id\":\"https:\/\/mivoot.com\/gt\/producto\/switch-4-puertos-poe-administrable-rj45-60w-hikvision\/\",\"url\":\"https:\/\/mivoot.com\/gt\/producto\/switch-4-puertos-poe-administrable-rj45-60w-hikvision\/\",\"name\":\"Switch 4 Puertos POE+ Administrable RJ45 60W Hikvision - Mivoot\",\"isPartOf\":{\"@id\":\"https:\/\/mivoot.com\/gt\/#website\"},\"primaryImageOfPage\":{\"@id\":\"https:\/\/mivoot.com\/gt\/producto\/switch-4-puertos-poe-administrable-rj45-60w-hikvision\/#primaryimage\"},\"image\":{\"@id\":\"https:\/\/mivoot.com\/gt\/producto\/switch-4-puertos-poe-administrable-rj45-60w-hikvision\/#primaryimage\"},\"thumbnailUrl\":\"https:\/\/mivoot.com\/gt\/wp-content\/uploads\/2025\/03\/DS3E0105PE_MB-l.webp\",\"datePublished\":\"2025-03-25T23:57:31+00:00\",\"dateModified\":\"2025-03-25T23:57:32+00:00\",\"breadcrumb\":{\"@id\":\"https:\/\/mivoot.com\/gt\/producto\/switch-4-puertos-poe-administrable-rj45-60w-hikvision\/#breadcrumb\"},\"inLanguage\":\"es\",\"potentialAction\":[{\"@type\":\"ReadAction\",\"target\":[\"https:\/\/mivoot.com\/gt\/producto\/switch-4-puertos-poe-administrable-rj45-60w-hikvision\/\"]}]},{\"@type\":\"ImageObject\",\"inLanguage\":\"es\",\"@id\":\"https:\/\/mivoot.com\/gt\/producto\/switch-4-puertos-poe-administrable-rj45-60w-hikvision\/#primaryimage\",\"url\":\"https:\/\/mivoot.com\/gt\/wp-content\/uploads\/2025\/03\/DS3E0105PE_MB-l.webp\",\"contentUrl\":\"https:\/\/mivoot.com\/gt\/wp-content\/uploads\/2025\/03\/DS3E0105PE_MB-l.webp\",\"width\":1000,\"height\":1000},{\"@type\":\"BreadcrumbList\",\"@id\":\"https:\/\/mivoot.com\/gt\/producto\/switch-4-puertos-poe-administrable-rj45-60w-hikvision\/#breadcrumb\",\"itemListElement\":[{\"@type\":\"ListItem\",\"position\":1,\"name\":\"Inicio\",\"item\":\"https:\/\/mivoot.com\/gt\/\"},{\"@type\":\"ListItem\",\"position\":2,\"name\":\"Productos\",\"item\":\"https:\/\/mivoot.com\/gt\/producto\/\"},{\"@type\":\"ListItem\",\"position\":3,\"name\":\"Hikvision\",\"item\":\"https:\/\/mivoot.com\/gt\/marca\/hikvision\/\"},{\"@type\":\"ListItem\",\"position\":4,\"name\":\"Switch 4 Puertos POE+ Administrable RJ45 60W Hikvision\"}]},{\"@type\":\"WebSite\",\"@id\":\"https:\/\/mivoot.com\/gt\/#website\",\"url\":\"https:\/\/mivoot.com\/gt\/\",\"name\":\"Mivoot\",\"description\":\"Mivoot Guatemala | Tienda Online\",\"publisher\":{\"@id\":\"https:\/\/mivoot.com\/gt\/#organization\"},\"alternateName\":\"mivoot\",\"potentialAction\":[{\"@type\":\"SearchAction\",\"target\":{\"@type\":\"EntryPoint\",\"urlTemplate\":\"https:\/\/mivoot.com\/gt\/?s={search_term_string}\"},\"query-input\":{\"@type\":\"PropertyValueSpecification\",\"valueRequired\":true,\"valueName\":\"search_term_string\"}}],\"inLanguage\":\"es\"},{\"@type\":\"Organization\",\"@id\":\"https:\/\/mivoot.com\/gt\/#organization\",\"name\":\"Mivoot Guatemala\",\"alternateName\":\"mivoot.com\",\"url\":\"https:\/\/mivoot.com\/gt\/\",\"logo\":{\"@type\":\"ImageObject\",\"inLanguage\":\"es\",\"@id\":\"https:\/\/mivoot.com\/gt\/#\/schema\/logo\/image\/\",\"url\":\"https:\/\/mivoot.com\/gt\/wp-content\/uploads\/2023\/03\/cropped-icon.png\",\"contentUrl\":\"https:\/\/mivoot.com\/gt\/wp-content\/uploads\/2023\/03\/cropped-icon.png\",\"width\":512,\"height\":512,\"caption\":\"Mivoot Guatemala\"},\"image\":{\"@id\":\"https:\/\/mivoot.com\/gt\/#\/schema\/logo\/image\/\"},\"sameAs\":[\"https:\/\/www.facebook.com\/mivootgt\",\"https:\/\/instagram.com\/mivoot\"]}]}<\/script>\n<!-- \/ Yoast SEO Premium plugin. -->","yoast_head_json":{"title":"Switch 4 Puertos POE+ Administrable RJ45 60W Hikvision - Mivoot","robots":{"index":"index","follow":"follow","max-snippet":"max-snippet:-1","max-image-preview":"max-image-preview:large","max-video-preview":"max-video-preview:-1"},"canonical":"https:\/\/mivoot.com\/gt\/producto\/switch-4-puertos-poe-administrable-rj45-60w-hikvision\/","og_locale":"es_ES","og_type":"article","og_title":"Switch 4 Puertos POE+ Administrable RJ45 60W Hikvision","og_description":"- 4 puertos PoE de 10\/100 Mbps, 1 puerto RJ45 de 10\/100 Mbps - Protecci\u00f3n contra sobretensiones de 6 KV para puertos PoE. - Presupuesto total de energ\u00eda PoE 60 W - Admite VLAN 802.1Q - Admite el sistema de vigilancia PoE para detectar y reiniciar las c\u00e1maras que no responden - Admite prevenci\u00f3n de bucles STP\/RSTP - Admite detecci\u00f3n de cables para localizar fallas - Transmisi\u00f3n PoE de largo alcance de hasta 300 m","og_url":"https:\/\/mivoot.com\/gt\/producto\/switch-4-puertos-poe-administrable-rj45-60w-hikvision\/","og_site_name":"Mivoot","article_publisher":"https:\/\/www.facebook.com\/mivootgt","article_modified_time":"2025-03-25T23:57:32+00:00","og_image":[{"width":1000,"height":1000,"url":"https:\/\/mivoot.com\/gt\/wp-content\/uploads\/2025\/03\/DS3E0105PE_MB-l.webp","type":"image\/webp"}],"twitter_card":"summary_large_image","twitter_misc":{"Est. reading time":"4 minutos"},"schema":{"@context":"https:\/\/schema.org","@graph":[{"@type":"WebPage","@id":"https:\/\/mivoot.com\/gt\/producto\/switch-4-puertos-poe-administrable-rj45-60w-hikvision\/","url":"https:\/\/mivoot.com\/gt\/producto\/switch-4-puertos-poe-administrable-rj45-60w-hikvision\/","name":"Switch 4 Puertos POE+ Administrable RJ45 60W Hikvision - Mivoot","isPartOf":{"@id":"https:\/\/mivoot.com\/gt\/#website"},"primaryImageOfPage":{"@id":"https:\/\/mivoot.com\/gt\/producto\/switch-4-puertos-poe-administrable-rj45-60w-hikvision\/#primaryimage"},"image":{"@id":"https:\/\/mivoot.com\/gt\/producto\/switch-4-puertos-poe-administrable-rj45-60w-hikvision\/#primaryimage"},"thumbnailUrl":"https:\/\/mivoot.com\/gt\/wp-content\/uploads\/2025\/03\/DS3E0105PE_MB-l.webp","datePublished":"2025-03-25T23:57:31+00:00","dateModified":"2025-03-25T23:57:32+00:00","breadcrumb":{"@id":"https:\/\/mivoot.com\/gt\/producto\/switch-4-puertos-poe-administrable-rj45-60w-hikvision\/#breadcrumb"},"inLanguage":"es","potentialAction":[{"@type":"ReadAction","target":["https:\/\/mivoot.com\/gt\/producto\/switch-4-puertos-poe-administrable-rj45-60w-hikvision\/"]}]},{"@type":"ImageObject","inLanguage":"es","@id":"https:\/\/mivoot.com\/gt\/producto\/switch-4-puertos-poe-administrable-rj45-60w-hikvision\/#primaryimage","url":"https:\/\/mivoot.com\/gt\/wp-content\/uploads\/2025\/03\/DS3E0105PE_MB-l.webp","contentUrl":"https:\/\/mivoot.com\/gt\/wp-content\/uploads\/2025\/03\/DS3E0105PE_MB-l.webp","width":1000,"height":1000},{"@type":"BreadcrumbList","@id":"https:\/\/mivoot.com\/gt\/producto\/switch-4-puertos-poe-administrable-rj45-60w-hikvision\/#breadcrumb","itemListElement":[{"@type":"ListItem","position":1,"name":"Inicio","item":"https:\/\/mivoot.com\/gt\/"},{"@type":"ListItem","position":2,"name":"Productos","item":"https:\/\/mivoot.com\/gt\/producto\/"},{"@type":"ListItem","position":3,"name":"Hikvision","item":"https:\/\/mivoot.com\/gt\/marca\/hikvision\/"},{"@type":"ListItem","position":4,"name":"Switch 4 Puertos POE+ Administrable RJ45 60W Hikvision"}]},{"@type":"WebSite","@id":"https:\/\/mivoot.com\/gt\/#website","url":"https:\/\/mivoot.com\/gt\/","name":"Mivoot","description":"Mivoot Guatemala | Tienda Online","publisher":{"@id":"https:\/\/mivoot.com\/gt\/#organization"},"alternateName":"mivoot","potentialAction":[{"@type":"SearchAction","target":{"@type":"EntryPoint","urlTemplate":"https:\/\/mivoot.com\/gt\/?s={search_term_string}"},"query-input":{"@type":"PropertyValueSpecification","valueRequired":true,"valueName":"search_term_string"}}],"inLanguage":"es"},{"@type":"Organization","@id":"https:\/\/mivoot.com\/gt\/#organization","name":"Mivoot Guatemala","alternateName":"mivoot.com","url":"https:\/\/mivoot.com\/gt\/","logo":{"@type":"ImageObject","inLanguage":"es","@id":"https:\/\/mivoot.com\/gt\/#\/schema\/logo\/image\/","url":"https:\/\/mivoot.com\/gt\/wp-content\/uploads\/2023\/03\/cropped-icon.png","contentUrl":"https:\/\/mivoot.com\/gt\/wp-content\/uploads\/2023\/03\/cropped-icon.png","width":512,"height":512,"caption":"Mivoot Guatemala"},"image":{"@id":"https:\/\/mivoot.com\/gt\/#\/schema\/logo\/image\/"},"sameAs":["https:\/\/www.facebook.com\/mivootgt","https:\/\/instagram.com\/mivoot"]}]}},"jetpack_publicize_connections":[],"jetpack_sharing_enabled":true,"brands":[{"id":113,"name":"Hikvision","slug":"hikvision"}],"_links":{"self":[{"href":"https:\/\/mivoot.com\/gt\/wp-json\/wp\/v2\/product\/27330","targetHints":{"allow":["GET"]}}],"collection":[{"href":"https:\/\/mivoot.com\/gt\/wp-json\/wp\/v2\/product"}],"about":[{"href":"https:\/\/mivoot.com\/gt\/wp-json\/wp\/v2\/types\/product"}],"replies":[{"embeddable":true,"href":"https:\/\/mivoot.com\/gt\/wp-json\/wp\/v2\/comments?post=27330"}],"version-history":[{"count":1,"href":"https:\/\/mivoot.com\/gt\/wp-json\/wp\/v2\/product\/27330\/revisions"}],"predecessor-version":[{"id":27331,"href":"https:\/\/mivoot.com\/gt\/wp-json\/wp\/v2\/product\/27330\/revisions\/27331"}],"wp:featuredmedia":[{"embeddable":true,"href":"https:\/\/mivoot.com\/gt\/wp-json\/wp\/v2\/media\/27323"}],"wp:attachment":[{"href":"https:\/\/mivoot.com\/gt\/wp-json\/wp\/v2\/media?parent=27330"}],"wp:term":[{"taxonomy":"pwb-brand","embeddable":true,"href":"https:\/\/mivoot.com\/gt\/wp-json\/wp\/v2\/pwb-brand?post=27330"},{"taxonomy":"product_brand","embeddable":true,"href":"https:\/\/mivoot.com\/gt\/wp-json\/wp\/v2\/product_brand?post=27330"},{"taxonomy":"product_cat","embeddable":true,"href":"https:\/\/mivoot.com\/gt\/wp-json\/wp\/v2\/product_cat?post=27330"},{"taxonomy":"product_tag","embeddable":true,"href":"https:\/\/mivoot.com\/gt\/wp-json\/wp\/v2\/product_tag?post=27330"}],"curies":[{"name":"wp","href":"https:\/\/api.w.org\/{rel}","templated":true}]}}