{"id":27332,"date":"2025-03-25T19:03:57","date_gmt":"2025-03-26T01:03:57","guid":{"rendered":"https:\/\/mivoot.com\/gt\/?post_type=product&#038;p=27332"},"modified":"2025-03-25T19:03:58","modified_gmt":"2025-03-26T01:03:58","slug":"impresora-multifuncional-inalambrica-ecotank-l6490-epson","status":"publish","type":"product","link":"https:\/\/mivoot.com\/gt\/producto\/impresora-multifuncional-inalambrica-ecotank-l6490-epson\/","title":{"rendered":"Impresora Multifuncional Inal\u00e1mbrica EcoTank L6490 Epson"},"content":{"rendered":"<div class=\"product-page_header__NUBQo\">\n<div class=\"page-body-title_page-body-title__Hoqo7 product-page_title__RU5YR\">\n<h1 class=\"page-body-title_heading__rF0WV\" style=\"text-align: center;\">EcoTank L6490 Impresora Multifuncional Inal\u00e1mbrica a Color<\/h1>\n<h1 class=\"page-body-title_heading__rF0WV\" style=\"text-align: center;\"><span style=\"font-size: 20.16px;\">Multifuncional A4 perfecta para el ambiente de Home Office y grupos de trabajo peque\u00f1os<\/span><\/h1>\n<\/div>\n<\/div>\n<div class=\"description\">\n<p>La impresora multifuncional EcoTank L6490 tiene un dise\u00f1o compacto para impresiones r\u00e1pidas y a bajo costo con menos intervenciones y tiempo de inactividad.<br \/>\nCuenta con capacidad de hasta 250 hojas en las dos bandejas frontales con botellas de reemplazo de tinta que permiten imprimir hasta 7.500 p\u00e1ginas ISO (negro) y hasta 6.000 p\u00e1ginas ISO (color).<\/p>\n<\/div>\n<ol>\n<li style=\"font-weight: 400;\"><b><strong>Funciones:<\/strong><\/b>\u00a0Imprime | Inal\u00e1mbrica | Escanea | Fax<\/li>\n<li style=\"font-weight: 400;\"><b><strong>Tinta:<\/strong><\/b>\u00a0Tinta de pigmento DURABrite<sup>\u00ae<\/sup>\u00a0Pro<\/li>\n<li style=\"font-weight: 400;\"><b><strong>Velocidad de impresi\u00f3n:<\/strong><\/b>\u00a017 ISO ppm (negro\/color) simplex<sup>\u2020<\/sup><\/li>\n<\/ol>\n<h3>ESPECIFICACIONES<\/h3>\n<table id=\"Especificaciones__Generales\" class=\"table table-striped table-hover\" border=\"0\">\n<tbody>\n<tr>\n<td>Marca:<\/td>\n<td>Epson<\/td>\n<\/tr>\n<tr>\n<td>Art\u00edculo:<\/td>\n<td>Multifuncional<\/td>\n<\/tr>\n<tr>\n<td>Serie:<\/td>\n<td>EcoTank<\/td>\n<\/tr>\n<tr>\n<td>Modelo:<\/td>\n<td>L6490<\/td>\n<\/tr>\n<tr>\n<td>Funciones:<\/td>\n<td>Imprima, escanee, copie y env\u00ede faxes con ADF<\/td>\n<\/tr>\n<tr>\n<td>M\u00e9todo de impresi\u00f3n:<\/td>\n<td>Cabezal de impresi\u00f3n PrecisionCore<\/td>\n<\/tr>\n<tr>\n<td>Resoluci\u00f3n M\u00e1xima:<\/td>\n<td>4800 x 1200 ppp<\/td>\n<\/tr>\n<tr>\n<td>Impresi\u00f3n autom\u00e1tica a 2 caras:<\/td>\n<td>S\u00ed<\/td>\n<\/tr>\n<tr>\n<td>Velocidad de impresi\u00f3n:<\/td>\n<td>Borrador, A4 (negro \/ color): Hasta 37,0 ppm \/ 23,0 ppm | ISO 24734, A4 a una cara (negro \/ color): Hasta 17,0 ipm \/ 9,5 ipm<\/td>\n<\/tr>\n<tr>\n<td>Tiempo de salida de la primera p\u00e1gina desde el modo Listo (negro \/ color):<\/td>\n<td>S\u00edmplex: hasta 7,0 segundos \/ 11,0 segundos<\/td>\n<\/tr>\n<tr>\n<td>Tama\u00f1o m\u00e1ximo de copia:<\/td>\n<td>Legal<\/td>\n<\/tr>\n<tr>\n<td>Resoluci\u00f3n de copia:<\/td>\n<td>600 x 600 ppp<\/td>\n<\/tr>\n<tr>\n<td>Copias m\u00e1ximas:<\/td>\n<td>99 copias<\/td>\n<\/tr>\n<tr>\n<td>Velocidad de copia:<\/td>\n<td>ISO 29183, cama plana a una cara A4 (negro \/ color): Hasta 12.0 ipm \/ 6.0 ipm | ISO 24735, AAD A4 a una cara (negro \/ color): Hasta 10,0 ipm \/ 4,5 ipm<\/td>\n<\/tr>\n<tr>\n<td>Tipo de esc\u00e1ner:<\/td>\n<td>Esc\u00e1ner de im\u00e1genes en color de superficie plana<\/td>\n<\/tr>\n<tr>\n<td>Tipo de sensor:<\/td>\n<td>CIS<\/td>\n<\/tr>\n<tr>\n<td>Resoluci\u00f3n \u00f3ptica:<\/td>\n<td>1200 x 2400 ppp<\/td>\n<\/tr>\n<tr>\n<td>Velocidad de escaneo:<\/td>\n<td>Cama plana (negro \/ color): 200 ppp: 12 segundos \/ 27 segundos | ADF monocromo (simplex \/ d\u00faplex): 200 ppp: 6,0 ipm<\/td>\n<\/tr>\n<tr>\n<td>Tipo de fax:<\/td>\n<td>Capacidad de fax en blanco y negro y en color<\/td>\n<\/tr>\n<tr>\n<td>Recibir memoria \/ memoria de p\u00e1gina:<\/td>\n<td>2 MB, memoria de p\u00e1gina de hasta 180 p\u00e1ginas<\/td>\n<\/tr>\n<tr>\n<td>Velocidad de fax (tasa de transferencia de datos):<\/td>\n<td>Hasta 33,6 kbps, aprox. 3 seg \/ p\u00e1gina<\/td>\n<\/tr>\n<tr>\n<td>Resoluci\u00f3n de fax:<\/td>\n<td>Hasta 200 x 200 ppp<\/td>\n<\/tr>\n<tr>\n<td>Marcaci\u00f3n r\u00e1pida \/ Marcaci\u00f3n de grupo:<\/td>\n<td>Hasta 100 n\u00fameros, 99 grupos<\/td>\n<\/tr>\n<tr>\n<td>Funciones de fax:<\/td>\n<td>PC Fax (transmisi\u00f3n \/ recepci\u00f3n), rellamada autom\u00e1tica, libreta de direcciones, difusi\u00f3n de fax (solo mono), reserva de transmisi\u00f3n, recepci\u00f3n de sondeo, vista previa de fax<\/td>\n<\/tr>\n<tr>\n<td>Capacidad de entrada de papel est\u00e1ndar:<\/td>\n<td>Cassette 1: hasta 250 hojas de papel normal (80 g \/ m 2 ), hasta 20 hojas de papel fotogr\u00e1fico satinado de primera calidad. Ranura posterior: 1 hoja (80 g \/ m 2 )<\/td>\n<\/tr>\n<tr>\n<td>Capacidad de salida:<\/td>\n<td>Hasta 30 hojas de papel normal (80 g \/ m Hasta 30 hojas de papel normal (80 g \/ m2) Hasta 20 hojas de papel fotogr\u00e1fico brillante premium) Hasta 20 hojas de papel fotogr\u00e1fico brillante premium<\/td>\n<\/tr>\n<tr>\n<td>Compatibilidad del sistema operativo:<\/td>\n<td>Windows XP \/ XP Professional \/ Vista \/ 7\/8 \/ 8.1 \/ 10 Windows Server 2003\/2008\/2012\/2016 Mac OS X 10.6.8 o posterior<\/td>\n<\/tr>\n<tr>\n<td>Conectividad:<\/td>\n<td>USB 2.0, Inal\u00e1mbrico IEEE 802.11b \/ g \/ n, Wi-Fi Direct, Ethernet<\/td>\n<\/tr>\n<tr>\n<td>Pantalla:<\/td>\n<td>Pantalla t\u00e1ctil LCD a color de 2,4 &#8220;<\/td>\n<\/tr>\n<tr>\n<td>Dimensiones:<\/td>\n<td>37.5 cm x 34.7 cm x 34.6 cm<\/td>\n<\/tr>\n<tr>\n<td>Peso:<\/td>\n<td>7.3 kg<\/td>\n<\/tr>\n<\/tbody>\n<\/table>\n","protected":false},"excerpt":{"rendered":"<p>&#8211; Funciones: Imprime | Inal\u00e1mbrica | Escanea | Fax<br \/>\n&#8211; Tinta: Tinta de pigmento DURABrite\u00ae Pro<br \/>\n&#8211; Tecnolog\u00eda de impresi\u00f3n: PrecisionCore\u00ae 4 colores (CMYK)<br \/>\n&#8211; Velocidad de impresi\u00f3n: 17 ISO ppm (negro\/color) simplex<br \/>\n&#8211; Resoluci\u00f3n m\u00e1xima de impresi\u00f3n:4.800 dpi x 1.200 dpi<br \/>\n&#8211; Tipo de esc\u00e1ner:Cama plana a color\/ADF (Alimentador Autom\u00e1tico de Documentos)<br \/>\n&#8211; Resoluci\u00f3n de copiado (entrada y salida): Hasta 600 dpi x 600 dpi y hasta 600 dpi x 1.200 dpi<br \/>\n&#8211; Velocidad del esc\u00e1ner (ADF): 6\/5 ipm en negro\/color (ISO)<\/p>\n","protected":false},"featured_media":27338,"comment_status":"open","ping_status":"closed","template":"","meta":{"jetpack_publicize_message":"","jetpack_publicize_feature_enabled":true,"jetpack_social_post_already_shared":true,"jetpack_social_options":{"image_generator_settings":{"template":"highway","default_image_id":0,"font":"","enabled":false},"version":2}},"pwb-brand":[188],"product_brand":[],"product_cat":[176],"product_tag":[],"class_list":{"0":"post-27332","1":"product","2":"type-product","3":"status-publish","4":"has-post-thumbnail","6":"pwb-brand-epson","7":"product_cat-impresora-multifuncional","9":"first","10":"instock","11":"taxable","12":"shipping-taxable","13":"purchasable","14":"product-type-simple"},"yoast_head":"<!-- This site is optimized with the Yoast SEO Premium plugin v25.7.1 (Yoast SEO v26.8) - https:\/\/yoast.com\/product\/yoast-seo-premium-wordpress\/ -->\n<title>Impresora Multifuncional Inal\u00e1mbrica EcoTank L6490 Epson - Mivoot<\/title>\n<meta name=\"robots\" content=\"index, follow, max-snippet:-1, max-image-preview:large, max-video-preview:-1\" \/>\n<link rel=\"canonical\" href=\"https:\/\/mivoot.com\/gt\/producto\/impresora-multifuncional-inalambrica-ecotank-l6490-epson\/\" \/>\n<meta property=\"og:locale\" content=\"es_ES\" \/>\n<meta property=\"og:type\" content=\"article\" \/>\n<meta property=\"og:title\" content=\"Impresora Multifuncional Inal\u00e1mbrica EcoTank L6490 Epson\" \/>\n<meta property=\"og:description\" content=\"- Funciones: Imprime | Inal\u00e1mbrica | Escanea | Fax - Tinta: Tinta de pigmento DURABrite\u00ae Pro  - Tecnolog\u00eda de impresi\u00f3n: PrecisionCore\u00ae 4 colores (CMYK) - Velocidad de impresi\u00f3n: 17 ISO ppm (negro\/color) simplex - Resoluci\u00f3n m\u00e1xima de impresi\u00f3n:4.800 dpi x 1.200 dpi - Tipo de esc\u00e1ner:Cama plana a color\/ADF (Alimentador Autom\u00e1tico de Documentos) - Resoluci\u00f3n de copiado (entrada y salida): Hasta 600 dpi x 600 dpi y hasta 600 dpi x 1.200 dpi - Velocidad del esc\u00e1ner (ADF): 6\/5 ipm en negro\/color (ISO)\" \/>\n<meta property=\"og:url\" content=\"https:\/\/mivoot.com\/gt\/producto\/impresora-multifuncional-inalambrica-ecotank-l6490-epson\/\" \/>\n<meta property=\"og:site_name\" content=\"Mivoot\" \/>\n<meta property=\"article:publisher\" content=\"https:\/\/www.facebook.com\/mivootgt\" \/>\n<meta property=\"article:modified_time\" content=\"2025-03-26T01:03:58+00:00\" \/>\n<meta property=\"og:image\" content=\"https:\/\/mivoot.com\/gt\/wp-content\/uploads\/2025\/03\/EcoTank-L6490-02.jpg\" \/>\n\t<meta property=\"og:image:width\" content=\"690\" \/>\n\t<meta property=\"og:image:height\" content=\"460\" \/>\n\t<meta property=\"og:image:type\" content=\"image\/jpeg\" \/>\n<meta name=\"twitter:card\" content=\"summary_large_image\" \/>\n<meta name=\"twitter:label1\" content=\"Est. reading time\" \/>\n\t<meta name=\"twitter:data1\" content=\"3 minutos\" \/>\n<script type=\"application\/ld+json\" class=\"yoast-schema-graph\">{\"@context\":\"https:\/\/schema.org\",\"@graph\":[{\"@type\":\"WebPage\",\"@id\":\"https:\/\/mivoot.com\/gt\/producto\/impresora-multifuncional-inalambrica-ecotank-l6490-epson\/\",\"url\":\"https:\/\/mivoot.com\/gt\/producto\/impresora-multifuncional-inalambrica-ecotank-l6490-epson\/\",\"name\":\"Impresora Multifuncional Inal\u00e1mbrica EcoTank L6490 Epson - Mivoot\",\"isPartOf\":{\"@id\":\"https:\/\/mivoot.com\/gt\/#website\"},\"primaryImageOfPage\":{\"@id\":\"https:\/\/mivoot.com\/gt\/producto\/impresora-multifuncional-inalambrica-ecotank-l6490-epson\/#primaryimage\"},\"image\":{\"@id\":\"https:\/\/mivoot.com\/gt\/producto\/impresora-multifuncional-inalambrica-ecotank-l6490-epson\/#primaryimage\"},\"thumbnailUrl\":\"https:\/\/mivoot.com\/gt\/wp-content\/uploads\/2025\/03\/EcoTank-L6490-02.jpg\",\"datePublished\":\"2025-03-26T01:03:57+00:00\",\"dateModified\":\"2025-03-26T01:03:58+00:00\",\"breadcrumb\":{\"@id\":\"https:\/\/mivoot.com\/gt\/producto\/impresora-multifuncional-inalambrica-ecotank-l6490-epson\/#breadcrumb\"},\"inLanguage\":\"es\",\"potentialAction\":[{\"@type\":\"ReadAction\",\"target\":[\"https:\/\/mivoot.com\/gt\/producto\/impresora-multifuncional-inalambrica-ecotank-l6490-epson\/\"]}]},{\"@type\":\"ImageObject\",\"inLanguage\":\"es\",\"@id\":\"https:\/\/mivoot.com\/gt\/producto\/impresora-multifuncional-inalambrica-ecotank-l6490-epson\/#primaryimage\",\"url\":\"https:\/\/mivoot.com\/gt\/wp-content\/uploads\/2025\/03\/EcoTank-L6490-02.jpg\",\"contentUrl\":\"https:\/\/mivoot.com\/gt\/wp-content\/uploads\/2025\/03\/EcoTank-L6490-02.jpg\",\"width\":690,\"height\":460},{\"@type\":\"BreadcrumbList\",\"@id\":\"https:\/\/mivoot.com\/gt\/producto\/impresora-multifuncional-inalambrica-ecotank-l6490-epson\/#breadcrumb\",\"itemListElement\":[{\"@type\":\"ListItem\",\"position\":1,\"name\":\"Inicio\",\"item\":\"https:\/\/mivoot.com\/gt\/\"},{\"@type\":\"ListItem\",\"position\":2,\"name\":\"Productos\",\"item\":\"https:\/\/mivoot.com\/gt\/producto\/\"},{\"@type\":\"ListItem\",\"position\":3,\"name\":\"Epson\",\"item\":\"https:\/\/mivoot.com\/gt\/marca\/epson\/\"},{\"@type\":\"ListItem\",\"position\":4,\"name\":\"Impresora Multifuncional Inal\u00e1mbrica EcoTank L6490 Epson\"}]},{\"@type\":\"WebSite\",\"@id\":\"https:\/\/mivoot.com\/gt\/#website\",\"url\":\"https:\/\/mivoot.com\/gt\/\",\"name\":\"Mivoot\",\"description\":\"Mivoot Guatemala | Tienda Online\",\"publisher\":{\"@id\":\"https:\/\/mivoot.com\/gt\/#organization\"},\"alternateName\":\"mivoot\",\"potentialAction\":[{\"@type\":\"SearchAction\",\"target\":{\"@type\":\"EntryPoint\",\"urlTemplate\":\"https:\/\/mivoot.com\/gt\/?s={search_term_string}\"},\"query-input\":{\"@type\":\"PropertyValueSpecification\",\"valueRequired\":true,\"valueName\":\"search_term_string\"}}],\"inLanguage\":\"es\"},{\"@type\":\"Organization\",\"@id\":\"https:\/\/mivoot.com\/gt\/#organization\",\"name\":\"Mivoot Guatemala\",\"alternateName\":\"mivoot.com\",\"url\":\"https:\/\/mivoot.com\/gt\/\",\"logo\":{\"@type\":\"ImageObject\",\"inLanguage\":\"es\",\"@id\":\"https:\/\/mivoot.com\/gt\/#\/schema\/logo\/image\/\",\"url\":\"https:\/\/mivoot.com\/gt\/wp-content\/uploads\/2023\/03\/cropped-icon.png\",\"contentUrl\":\"https:\/\/mivoot.com\/gt\/wp-content\/uploads\/2023\/03\/cropped-icon.png\",\"width\":512,\"height\":512,\"caption\":\"Mivoot Guatemala\"},\"image\":{\"@id\":\"https:\/\/mivoot.com\/gt\/#\/schema\/logo\/image\/\"},\"sameAs\":[\"https:\/\/www.facebook.com\/mivootgt\",\"https:\/\/instagram.com\/mivoot\"]}]}<\/script>\n<!-- \/ Yoast SEO Premium plugin. -->","yoast_head_json":{"title":"Impresora Multifuncional Inal\u00e1mbrica EcoTank L6490 Epson - Mivoot","robots":{"index":"index","follow":"follow","max-snippet":"max-snippet:-1","max-image-preview":"max-image-preview:large","max-video-preview":"max-video-preview:-1"},"canonical":"https:\/\/mivoot.com\/gt\/producto\/impresora-multifuncional-inalambrica-ecotank-l6490-epson\/","og_locale":"es_ES","og_type":"article","og_title":"Impresora Multifuncional Inal\u00e1mbrica EcoTank L6490 Epson","og_description":"- Funciones: Imprime | Inal\u00e1mbrica | Escanea | Fax - Tinta: Tinta de pigmento DURABrite\u00ae Pro  - Tecnolog\u00eda de impresi\u00f3n: PrecisionCore\u00ae 4 colores (CMYK) - Velocidad de impresi\u00f3n: 17 ISO ppm (negro\/color) simplex - Resoluci\u00f3n m\u00e1xima de impresi\u00f3n:4.800 dpi x 1.200 dpi - Tipo de esc\u00e1ner:Cama plana a color\/ADF (Alimentador Autom\u00e1tico de Documentos) - Resoluci\u00f3n de copiado (entrada y salida): Hasta 600 dpi x 600 dpi y hasta 600 dpi x 1.200 dpi - Velocidad del esc\u00e1ner (ADF): 6\/5 ipm en negro\/color (ISO)","og_url":"https:\/\/mivoot.com\/gt\/producto\/impresora-multifuncional-inalambrica-ecotank-l6490-epson\/","og_site_name":"Mivoot","article_publisher":"https:\/\/www.facebook.com\/mivootgt","article_modified_time":"2025-03-26T01:03:58+00:00","og_image":[{"width":690,"height":460,"url":"https:\/\/mivoot.com\/gt\/wp-content\/uploads\/2025\/03\/EcoTank-L6490-02.jpg","type":"image\/jpeg"}],"twitter_card":"summary_large_image","twitter_misc":{"Est. reading time":"3 minutos"},"schema":{"@context":"https:\/\/schema.org","@graph":[{"@type":"WebPage","@id":"https:\/\/mivoot.com\/gt\/producto\/impresora-multifuncional-inalambrica-ecotank-l6490-epson\/","url":"https:\/\/mivoot.com\/gt\/producto\/impresora-multifuncional-inalambrica-ecotank-l6490-epson\/","name":"Impresora Multifuncional Inal\u00e1mbrica EcoTank L6490 Epson - Mivoot","isPartOf":{"@id":"https:\/\/mivoot.com\/gt\/#website"},"primaryImageOfPage":{"@id":"https:\/\/mivoot.com\/gt\/producto\/impresora-multifuncional-inalambrica-ecotank-l6490-epson\/#primaryimage"},"image":{"@id":"https:\/\/mivoot.com\/gt\/producto\/impresora-multifuncional-inalambrica-ecotank-l6490-epson\/#primaryimage"},"thumbnailUrl":"https:\/\/mivoot.com\/gt\/wp-content\/uploads\/2025\/03\/EcoTank-L6490-02.jpg","datePublished":"2025-03-26T01:03:57+00:00","dateModified":"2025-03-26T01:03:58+00:00","breadcrumb":{"@id":"https:\/\/mivoot.com\/gt\/producto\/impresora-multifuncional-inalambrica-ecotank-l6490-epson\/#breadcrumb"},"inLanguage":"es","potentialAction":[{"@type":"ReadAction","target":["https:\/\/mivoot.com\/gt\/producto\/impresora-multifuncional-inalambrica-ecotank-l6490-epson\/"]}]},{"@type":"ImageObject","inLanguage":"es","@id":"https:\/\/mivoot.com\/gt\/producto\/impresora-multifuncional-inalambrica-ecotank-l6490-epson\/#primaryimage","url":"https:\/\/mivoot.com\/gt\/wp-content\/uploads\/2025\/03\/EcoTank-L6490-02.jpg","contentUrl":"https:\/\/mivoot.com\/gt\/wp-content\/uploads\/2025\/03\/EcoTank-L6490-02.jpg","width":690,"height":460},{"@type":"BreadcrumbList","@id":"https:\/\/mivoot.com\/gt\/producto\/impresora-multifuncional-inalambrica-ecotank-l6490-epson\/#breadcrumb","itemListElement":[{"@type":"ListItem","position":1,"name":"Inicio","item":"https:\/\/mivoot.com\/gt\/"},{"@type":"ListItem","position":2,"name":"Productos","item":"https:\/\/mivoot.com\/gt\/producto\/"},{"@type":"ListItem","position":3,"name":"Epson","item":"https:\/\/mivoot.com\/gt\/marca\/epson\/"},{"@type":"ListItem","position":4,"name":"Impresora Multifuncional Inal\u00e1mbrica EcoTank L6490 Epson"}]},{"@type":"WebSite","@id":"https:\/\/mivoot.com\/gt\/#website","url":"https:\/\/mivoot.com\/gt\/","name":"Mivoot","description":"Mivoot Guatemala | Tienda Online","publisher":{"@id":"https:\/\/mivoot.com\/gt\/#organization"},"alternateName":"mivoot","potentialAction":[{"@type":"SearchAction","target":{"@type":"EntryPoint","urlTemplate":"https:\/\/mivoot.com\/gt\/?s={search_term_string}"},"query-input":{"@type":"PropertyValueSpecification","valueRequired":true,"valueName":"search_term_string"}}],"inLanguage":"es"},{"@type":"Organization","@id":"https:\/\/mivoot.com\/gt\/#organization","name":"Mivoot Guatemala","alternateName":"mivoot.com","url":"https:\/\/mivoot.com\/gt\/","logo":{"@type":"ImageObject","inLanguage":"es","@id":"https:\/\/mivoot.com\/gt\/#\/schema\/logo\/image\/","url":"https:\/\/mivoot.com\/gt\/wp-content\/uploads\/2023\/03\/cropped-icon.png","contentUrl":"https:\/\/mivoot.com\/gt\/wp-content\/uploads\/2023\/03\/cropped-icon.png","width":512,"height":512,"caption":"Mivoot Guatemala"},"image":{"@id":"https:\/\/mivoot.com\/gt\/#\/schema\/logo\/image\/"},"sameAs":["https:\/\/www.facebook.com\/mivootgt","https:\/\/instagram.com\/mivoot"]}]}},"jetpack_publicize_connections":[],"jetpack_sharing_enabled":true,"brands":[{"id":188,"name":"Epson","slug":"epson"}],"_links":{"self":[{"href":"https:\/\/mivoot.com\/gt\/wp-json\/wp\/v2\/product\/27332","targetHints":{"allow":["GET"]}}],"collection":[{"href":"https:\/\/mivoot.com\/gt\/wp-json\/wp\/v2\/product"}],"about":[{"href":"https:\/\/mivoot.com\/gt\/wp-json\/wp\/v2\/types\/product"}],"replies":[{"embeddable":true,"href":"https:\/\/mivoot.com\/gt\/wp-json\/wp\/v2\/comments?post=27332"}],"version-history":[{"count":1,"href":"https:\/\/mivoot.com\/gt\/wp-json\/wp\/v2\/product\/27332\/revisions"}],"predecessor-version":[{"id":27342,"href":"https:\/\/mivoot.com\/gt\/wp-json\/wp\/v2\/product\/27332\/revisions\/27342"}],"wp:featuredmedia":[{"embeddable":true,"href":"https:\/\/mivoot.com\/gt\/wp-json\/wp\/v2\/media\/27338"}],"wp:attachment":[{"href":"https:\/\/mivoot.com\/gt\/wp-json\/wp\/v2\/media?parent=27332"}],"wp:term":[{"taxonomy":"pwb-brand","embeddable":true,"href":"https:\/\/mivoot.com\/gt\/wp-json\/wp\/v2\/pwb-brand?post=27332"},{"taxonomy":"product_brand","embeddable":true,"href":"https:\/\/mivoot.com\/gt\/wp-json\/wp\/v2\/product_brand?post=27332"},{"taxonomy":"product_cat","embeddable":true,"href":"https:\/\/mivoot.com\/gt\/wp-json\/wp\/v2\/product_cat?post=27332"},{"taxonomy":"product_tag","embeddable":true,"href":"https:\/\/mivoot.com\/gt\/wp-json\/wp\/v2\/product_tag?post=27332"}],"curies":[{"name":"wp","href":"https:\/\/api.w.org\/{rel}","templated":true}]}}