{"id":27362,"date":"2025-03-26T11:45:21","date_gmt":"2025-03-26T17:45:21","guid":{"rendered":"https:\/\/mivoot.com\/gt\/?post_type=product&#038;p=27362"},"modified":"2025-03-26T11:49:50","modified_gmt":"2025-03-26T17:49:50","slug":"protector-de-voltaje-1800w-2pack-forza","status":"publish","type":"product","link":"https:\/\/mivoot.com\/gt\/producto\/protector-de-voltaje-1800w-2pack-forza\/","title":{"rendered":"Protector de Voltaje 1800W 2Pack Forza"},"content":{"rendered":"<h1><img decoding=\"async\" src=\"https:\/\/forza-ups-frontend.s3.amazonaws.com\/media\/img\/FVP-1201B_DK_Banner1_ENG.png\" \/><\/h1>\n<h1><img decoding=\"async\" src=\"https:\/\/forza-ups-frontend.s3.amazonaws.com\/media\/img\/FVP-1201B_DK_Banner2_SPA.png\" alt=\"FVP-1201B_DK_Banner2_SPA.png\" \/><\/h1>\n<h1 class=\"page-title page-title-original\" style=\"text-align: center;\">Protector de voltaje Zion (paquete de 2) 900 J\/1800 W, 1 salida, enchufe de 350\u00b0, temporizador de 120 V<\/h1>\n<h4 class=\"text-black\" style=\"text-align: center;\" data-v-01385bd4=\"\">Bot\u00f3n de encendido Bot\u00f3n pulsador frontal<\/h4>\n<h5 style=\"text-align: center;\" data-v-01385bd4=\"\"><span data-v-01385bd4=\"\">Se utiliza para apagar c\u00f3modamente los dispositivos conectados<\/span><\/h5>\n<h4 class=\"text-black\" style=\"text-align: center;\" data-v-01385bd4=\"\">Indicador visual LED Informaci\u00f3n de un vistazo<\/h4>\n<h5 style=\"text-align: center;\" data-v-01385bd4=\"\"><span data-v-01385bd4=\"\">Proporciona el modo de funcionamiento del protector de voltaje.<\/span><\/h5>\n<p><img decoding=\"async\" src=\"https:\/\/forza-ups-frontend.s3.amazonaws.com\/media\/img\/FVP-1201B_DK_Banner3_ENG.png\" alt=\"FVP-1201B_DK_Banner3_ENG.png\" \/><img decoding=\"async\" src=\"https:\/\/forza-ups-frontend.s3.amazonaws.com\/media\/img\/FVP-1201B_DK_Banner3_SPA.png\" alt=\"FVP-1201B_DK_Banner3_SPA.png\" \/><\/p>\n<ul>\n<li class=\"col-sm-6 col-xs-12\">\u00a0<strong data-v-01385bd4=\"\">Apagado autom\u00e1tico<\/strong><\/li>\n<\/ul>\n<p>Proteja su equipo contra fluctuaciones de energ\u00eda potencialmente da\u00f1inas y otras irregularidades en el suministro el\u00e9ctrico cortando la energ\u00eda cuando los niveles de voltaje sean demasiado bajos o demasiado altos.<\/p>\n<ul>\n<li class=\"col-sm-6 col-xs-12\"><strong data-v-01385bd4=\"\">Protecci\u00f3n contra sobretensiones, sobrecargas, descargas el\u00e9ctricas y protecci\u00f3n contra voltaje.<\/strong><\/li>\n<\/ul>\n<p>Ofrece una protecci\u00f3n superior al desviar el exceso de voltaje de los equipos conectados durante sobretensiones o picos de tensi\u00f3n.<\/p>\n<ul>\n<li class=\"col-sm-6 col-xs-12\">\u00a0<strong data-v-01385bd4=\"\">Disyuntor reiniciable.<\/strong><\/li>\n<\/ul>\n<p>Impide autom\u00e1ticamente el flujo de electricidad en un circuito el\u00e9ctrico como medida de seguridad al detectar niveles de tensi\u00f3n altos indeseados. Puede reiniciarse para reanudar el funcionamiento.<\/p>\n<ul>\n<li class=\"col-sm-6 col-xs-12\"><strong data-v-01385bd4=\"\">Tecnolog\u00eda MOV<\/strong><\/li>\n<\/ul>\n<p>La tecnolog\u00eda de varistor de \u00f3xido met\u00e1lico (MOV) ayuda a absorber y redirigir la energ\u00eda transitoria evitando que la electricidad perdida llegue al equipo protegido.<\/p>\n<ul>\n<li class=\"col-sm-6 col-xs-12\"><strong data-v-01385bd4=\"\">Material retardante al fuego<\/strong><\/li>\n<\/ul>\n<p>Todos nuestros productos est\u00e1n construidos con material retardante al fuego, garantizando que ante cualquier falla el equipo no se incendiar\u00e1.<\/p>\n<ul>\n<li class=\"col-sm-6 col-xs-12\"><strong data-v-01385bd4=\"\">Indicadores visuales LED<\/strong><\/li>\n<\/ul>\n<p>Monitoreo simplificado. Los LED muestran el estado y el modo de funcionamiento del equipo de protecci\u00f3n el\u00e9ctrica en tiempo real.<\/p>\n<ul>\n<li class=\"col-sm-6 col-xs-12\"><strong data-v-01385bd4=\"\">Temporizador de retardo<\/strong><\/li>\n<\/ul>\n<p><strong data-v-01385bd4=\"\"> El <\/strong>temporizador de retardo incorporado ajustable ayuda a encender el equipo en diferentes intervalos, lo que evita picos el\u00e9ctricos altos al restablecerse la energ\u00eda de la red el\u00e9ctrica.<\/p>\n<ul>\n<li class=\"col-sm-6 col-xs-12\"><strong data-v-01385bd4=\"\">Enchufe totalmente giratorio<\/strong><\/li>\n<\/ul>\n<p>Cuenta con innovadoras salidas giratorias y protegidas para acomodar y posicionar f\u00e1cilmente todos sus componentes sin obstruir otras salidas disponibles.<\/p>\n<p>&nbsp;<\/p>\n","protected":false},"excerpt":{"rendered":"<p>&#8211; Capacidad: 1800W<br \/>\n&#8211; Voltaje: 120 V<br \/>\n&#8211; Tipo de entrada: NEMA 5-15P<br \/>\n&#8211; Tipo de salida: 1 x NEMA 5-15R<br \/>\n&#8211; Indicador visual: Luz de estado LED<\/p>\n","protected":false},"featured_media":27364,"comment_status":"open","ping_status":"closed","template":"","meta":{"jetpack_publicize_message":"","jetpack_publicize_feature_enabled":true,"jetpack_social_post_already_shared":true,"jetpack_social_options":{"image_generator_settings":{"template":"highway","default_image_id":0,"font":"","enabled":false},"version":2}},"pwb-brand":[110],"product_brand":[],"product_cat":[179,224],"product_tag":[],"class_list":{"0":"post-27362","1":"product","2":"type-product","3":"status-publish","4":"has-post-thumbnail","6":"pwb-brand-forza","7":"product_cat-regulador","8":"product_cat-supresor-sobretensiones","10":"first","11":"instock","12":"taxable","13":"shipping-taxable","14":"purchasable","15":"product-type-simple"},"yoast_head":"<!-- This site is optimized with the Yoast SEO Premium plugin v25.7.1 (Yoast SEO v26.8) - https:\/\/yoast.com\/product\/yoast-seo-premium-wordpress\/ -->\n<title>Protector de Voltaje 1800W 2Pack Forza - Mivoot<\/title>\n<meta name=\"robots\" content=\"index, follow, max-snippet:-1, max-image-preview:large, max-video-preview:-1\" \/>\n<link rel=\"canonical\" href=\"https:\/\/mivoot.com\/gt\/producto\/protector-de-voltaje-1800w-2pack-forza\/\" \/>\n<meta property=\"og:locale\" content=\"es_ES\" \/>\n<meta property=\"og:type\" content=\"article\" \/>\n<meta property=\"og:title\" content=\"Protector de Voltaje 1800W 2Pack Forza\" \/>\n<meta property=\"og:description\" content=\"- Capacidad: 1800W - Voltaje: 120 V - Tipo de entrada: NEMA 5-15P - Tipo de salida: 1 x NEMA 5-15R - Indicador visual: Luz de estado LED\" \/>\n<meta property=\"og:url\" content=\"https:\/\/mivoot.com\/gt\/producto\/protector-de-voltaje-1800w-2pack-forza\/\" \/>\n<meta property=\"og:site_name\" content=\"Mivoot\" \/>\n<meta property=\"article:publisher\" content=\"https:\/\/www.facebook.com\/mivootgt\" \/>\n<meta property=\"article:modified_time\" content=\"2025-03-26T17:49:50+00:00\" \/>\n<meta property=\"og:image\" content=\"https:\/\/mivoot.com\/gt\/wp-content\/uploads\/2025\/03\/FVP-1201B-2PK_Land.jpg\" \/>\n\t<meta property=\"og:image:width\" content=\"2000\" \/>\n\t<meta property=\"og:image:height\" content=\"2000\" \/>\n\t<meta property=\"og:image:type\" content=\"image\/jpeg\" \/>\n<meta name=\"twitter:card\" content=\"summary_large_image\" \/>\n<meta name=\"twitter:label1\" content=\"Est. reading time\" \/>\n\t<meta name=\"twitter:data1\" content=\"3 minutos\" \/>\n<script type=\"application\/ld+json\" class=\"yoast-schema-graph\">{\"@context\":\"https:\/\/schema.org\",\"@graph\":[{\"@type\":\"WebPage\",\"@id\":\"https:\/\/mivoot.com\/gt\/producto\/protector-de-voltaje-1800w-2pack-forza\/\",\"url\":\"https:\/\/mivoot.com\/gt\/producto\/protector-de-voltaje-1800w-2pack-forza\/\",\"name\":\"Protector de Voltaje 1800W 2Pack Forza - Mivoot\",\"isPartOf\":{\"@id\":\"https:\/\/mivoot.com\/gt\/#website\"},\"primaryImageOfPage\":{\"@id\":\"https:\/\/mivoot.com\/gt\/producto\/protector-de-voltaje-1800w-2pack-forza\/#primaryimage\"},\"image\":{\"@id\":\"https:\/\/mivoot.com\/gt\/producto\/protector-de-voltaje-1800w-2pack-forza\/#primaryimage\"},\"thumbnailUrl\":\"https:\/\/mivoot.com\/gt\/wp-content\/uploads\/2025\/03\/FVP-1201B-2PK_Land.jpg\",\"datePublished\":\"2025-03-26T17:45:21+00:00\",\"dateModified\":\"2025-03-26T17:49:50+00:00\",\"breadcrumb\":{\"@id\":\"https:\/\/mivoot.com\/gt\/producto\/protector-de-voltaje-1800w-2pack-forza\/#breadcrumb\"},\"inLanguage\":\"es\",\"potentialAction\":[{\"@type\":\"ReadAction\",\"target\":[\"https:\/\/mivoot.com\/gt\/producto\/protector-de-voltaje-1800w-2pack-forza\/\"]}]},{\"@type\":\"ImageObject\",\"inLanguage\":\"es\",\"@id\":\"https:\/\/mivoot.com\/gt\/producto\/protector-de-voltaje-1800w-2pack-forza\/#primaryimage\",\"url\":\"https:\/\/mivoot.com\/gt\/wp-content\/uploads\/2025\/03\/FVP-1201B-2PK_Land.jpg\",\"contentUrl\":\"https:\/\/mivoot.com\/gt\/wp-content\/uploads\/2025\/03\/FVP-1201B-2PK_Land.jpg\",\"width\":2000,\"height\":2000},{\"@type\":\"BreadcrumbList\",\"@id\":\"https:\/\/mivoot.com\/gt\/producto\/protector-de-voltaje-1800w-2pack-forza\/#breadcrumb\",\"itemListElement\":[{\"@type\":\"ListItem\",\"position\":1,\"name\":\"Inicio\",\"item\":\"https:\/\/mivoot.com\/gt\/\"},{\"@type\":\"ListItem\",\"position\":2,\"name\":\"Productos\",\"item\":\"https:\/\/mivoot.com\/gt\/producto\/\"},{\"@type\":\"ListItem\",\"position\":3,\"name\":\"Forza\",\"item\":\"https:\/\/mivoot.com\/gt\/marca\/forza\/\"},{\"@type\":\"ListItem\",\"position\":4,\"name\":\"Protector de Voltaje 1800W 2Pack Forza\"}]},{\"@type\":\"WebSite\",\"@id\":\"https:\/\/mivoot.com\/gt\/#website\",\"url\":\"https:\/\/mivoot.com\/gt\/\",\"name\":\"Mivoot\",\"description\":\"Mivoot Guatemala | Tienda Online\",\"publisher\":{\"@id\":\"https:\/\/mivoot.com\/gt\/#organization\"},\"alternateName\":\"mivoot\",\"potentialAction\":[{\"@type\":\"SearchAction\",\"target\":{\"@type\":\"EntryPoint\",\"urlTemplate\":\"https:\/\/mivoot.com\/gt\/?s={search_term_string}\"},\"query-input\":{\"@type\":\"PropertyValueSpecification\",\"valueRequired\":true,\"valueName\":\"search_term_string\"}}],\"inLanguage\":\"es\"},{\"@type\":\"Organization\",\"@id\":\"https:\/\/mivoot.com\/gt\/#organization\",\"name\":\"Mivoot Guatemala\",\"alternateName\":\"mivoot.com\",\"url\":\"https:\/\/mivoot.com\/gt\/\",\"logo\":{\"@type\":\"ImageObject\",\"inLanguage\":\"es\",\"@id\":\"https:\/\/mivoot.com\/gt\/#\/schema\/logo\/image\/\",\"url\":\"https:\/\/mivoot.com\/gt\/wp-content\/uploads\/2023\/03\/cropped-icon.png\",\"contentUrl\":\"https:\/\/mivoot.com\/gt\/wp-content\/uploads\/2023\/03\/cropped-icon.png\",\"width\":512,\"height\":512,\"caption\":\"Mivoot Guatemala\"},\"image\":{\"@id\":\"https:\/\/mivoot.com\/gt\/#\/schema\/logo\/image\/\"},\"sameAs\":[\"https:\/\/www.facebook.com\/mivootgt\",\"https:\/\/instagram.com\/mivoot\"]}]}<\/script>\n<!-- \/ Yoast SEO Premium plugin. -->","yoast_head_json":{"title":"Protector de Voltaje 1800W 2Pack Forza - Mivoot","robots":{"index":"index","follow":"follow","max-snippet":"max-snippet:-1","max-image-preview":"max-image-preview:large","max-video-preview":"max-video-preview:-1"},"canonical":"https:\/\/mivoot.com\/gt\/producto\/protector-de-voltaje-1800w-2pack-forza\/","og_locale":"es_ES","og_type":"article","og_title":"Protector de Voltaje 1800W 2Pack Forza","og_description":"- Capacidad: 1800W - Voltaje: 120 V - Tipo de entrada: NEMA 5-15P - Tipo de salida: 1 x NEMA 5-15R - Indicador visual: Luz de estado LED","og_url":"https:\/\/mivoot.com\/gt\/producto\/protector-de-voltaje-1800w-2pack-forza\/","og_site_name":"Mivoot","article_publisher":"https:\/\/www.facebook.com\/mivootgt","article_modified_time":"2025-03-26T17:49:50+00:00","og_image":[{"width":2000,"height":2000,"url":"https:\/\/mivoot.com\/gt\/wp-content\/uploads\/2025\/03\/FVP-1201B-2PK_Land.jpg","type":"image\/jpeg"}],"twitter_card":"summary_large_image","twitter_misc":{"Est. reading time":"3 minutos"},"schema":{"@context":"https:\/\/schema.org","@graph":[{"@type":"WebPage","@id":"https:\/\/mivoot.com\/gt\/producto\/protector-de-voltaje-1800w-2pack-forza\/","url":"https:\/\/mivoot.com\/gt\/producto\/protector-de-voltaje-1800w-2pack-forza\/","name":"Protector de Voltaje 1800W 2Pack Forza - Mivoot","isPartOf":{"@id":"https:\/\/mivoot.com\/gt\/#website"},"primaryImageOfPage":{"@id":"https:\/\/mivoot.com\/gt\/producto\/protector-de-voltaje-1800w-2pack-forza\/#primaryimage"},"image":{"@id":"https:\/\/mivoot.com\/gt\/producto\/protector-de-voltaje-1800w-2pack-forza\/#primaryimage"},"thumbnailUrl":"https:\/\/mivoot.com\/gt\/wp-content\/uploads\/2025\/03\/FVP-1201B-2PK_Land.jpg","datePublished":"2025-03-26T17:45:21+00:00","dateModified":"2025-03-26T17:49:50+00:00","breadcrumb":{"@id":"https:\/\/mivoot.com\/gt\/producto\/protector-de-voltaje-1800w-2pack-forza\/#breadcrumb"},"inLanguage":"es","potentialAction":[{"@type":"ReadAction","target":["https:\/\/mivoot.com\/gt\/producto\/protector-de-voltaje-1800w-2pack-forza\/"]}]},{"@type":"ImageObject","inLanguage":"es","@id":"https:\/\/mivoot.com\/gt\/producto\/protector-de-voltaje-1800w-2pack-forza\/#primaryimage","url":"https:\/\/mivoot.com\/gt\/wp-content\/uploads\/2025\/03\/FVP-1201B-2PK_Land.jpg","contentUrl":"https:\/\/mivoot.com\/gt\/wp-content\/uploads\/2025\/03\/FVP-1201B-2PK_Land.jpg","width":2000,"height":2000},{"@type":"BreadcrumbList","@id":"https:\/\/mivoot.com\/gt\/producto\/protector-de-voltaje-1800w-2pack-forza\/#breadcrumb","itemListElement":[{"@type":"ListItem","position":1,"name":"Inicio","item":"https:\/\/mivoot.com\/gt\/"},{"@type":"ListItem","position":2,"name":"Productos","item":"https:\/\/mivoot.com\/gt\/producto\/"},{"@type":"ListItem","position":3,"name":"Forza","item":"https:\/\/mivoot.com\/gt\/marca\/forza\/"},{"@type":"ListItem","position":4,"name":"Protector de Voltaje 1800W 2Pack Forza"}]},{"@type":"WebSite","@id":"https:\/\/mivoot.com\/gt\/#website","url":"https:\/\/mivoot.com\/gt\/","name":"Mivoot","description":"Mivoot Guatemala | Tienda Online","publisher":{"@id":"https:\/\/mivoot.com\/gt\/#organization"},"alternateName":"mivoot","potentialAction":[{"@type":"SearchAction","target":{"@type":"EntryPoint","urlTemplate":"https:\/\/mivoot.com\/gt\/?s={search_term_string}"},"query-input":{"@type":"PropertyValueSpecification","valueRequired":true,"valueName":"search_term_string"}}],"inLanguage":"es"},{"@type":"Organization","@id":"https:\/\/mivoot.com\/gt\/#organization","name":"Mivoot Guatemala","alternateName":"mivoot.com","url":"https:\/\/mivoot.com\/gt\/","logo":{"@type":"ImageObject","inLanguage":"es","@id":"https:\/\/mivoot.com\/gt\/#\/schema\/logo\/image\/","url":"https:\/\/mivoot.com\/gt\/wp-content\/uploads\/2023\/03\/cropped-icon.png","contentUrl":"https:\/\/mivoot.com\/gt\/wp-content\/uploads\/2023\/03\/cropped-icon.png","width":512,"height":512,"caption":"Mivoot Guatemala"},"image":{"@id":"https:\/\/mivoot.com\/gt\/#\/schema\/logo\/image\/"},"sameAs":["https:\/\/www.facebook.com\/mivootgt","https:\/\/instagram.com\/mivoot"]}]}},"jetpack_publicize_connections":[],"jetpack_sharing_enabled":true,"brands":[{"id":110,"name":"Forza","slug":"forza"}],"_links":{"self":[{"href":"https:\/\/mivoot.com\/gt\/wp-json\/wp\/v2\/product\/27362","targetHints":{"allow":["GET"]}}],"collection":[{"href":"https:\/\/mivoot.com\/gt\/wp-json\/wp\/v2\/product"}],"about":[{"href":"https:\/\/mivoot.com\/gt\/wp-json\/wp\/v2\/types\/product"}],"replies":[{"embeddable":true,"href":"https:\/\/mivoot.com\/gt\/wp-json\/wp\/v2\/comments?post=27362"}],"version-history":[{"count":3,"href":"https:\/\/mivoot.com\/gt\/wp-json\/wp\/v2\/product\/27362\/revisions"}],"predecessor-version":[{"id":27367,"href":"https:\/\/mivoot.com\/gt\/wp-json\/wp\/v2\/product\/27362\/revisions\/27367"}],"wp:featuredmedia":[{"embeddable":true,"href":"https:\/\/mivoot.com\/gt\/wp-json\/wp\/v2\/media\/27364"}],"wp:attachment":[{"href":"https:\/\/mivoot.com\/gt\/wp-json\/wp\/v2\/media?parent=27362"}],"wp:term":[{"taxonomy":"pwb-brand","embeddable":true,"href":"https:\/\/mivoot.com\/gt\/wp-json\/wp\/v2\/pwb-brand?post=27362"},{"taxonomy":"product_brand","embeddable":true,"href":"https:\/\/mivoot.com\/gt\/wp-json\/wp\/v2\/product_brand?post=27362"},{"taxonomy":"product_cat","embeddable":true,"href":"https:\/\/mivoot.com\/gt\/wp-json\/wp\/v2\/product_cat?post=27362"},{"taxonomy":"product_tag","embeddable":true,"href":"https:\/\/mivoot.com\/gt\/wp-json\/wp\/v2\/product_tag?post=27362"}],"curies":[{"name":"wp","href":"https:\/\/api.w.org\/{rel}","templated":true}]}}