{"id":27423,"date":"2025-03-27T14:11:44","date_gmt":"2025-03-27T20:11:44","guid":{"rendered":"https:\/\/mivoot.com\/gt\/?post_type=product&#038;p=27423"},"modified":"2025-03-27T14:11:45","modified_gmt":"2025-03-27T20:11:45","slug":"tv-box-s-4k-2da-generacion-xiaomi","status":"publish","type":"product","link":"https:\/\/mivoot.com\/gt\/producto\/tv-box-s-4k-2da-generacion-xiaomi\/","title":{"rendered":"TV Box S 4K 2da Generaci\u00f3n Xiaomi"},"content":{"rendered":"<div class=\"div5\">\n<div class=\"div6\">\n<h1><img decoding=\"async\" src=\"https:\/\/m.media-amazon.com\/images\/S\/aplus-media-library-service-media\/d5acc315-fa44-4624-8dd9-146e5a24f9a1.__CR0,0,1464,600_PT0_SX1464_V1___.jpg\" alt=\"Xiaomi TV Box S (2nd Gen)\" \/><\/h1>\n<h1 class=\"text-container-4630\" style=\"text-align: center;\"><span class=\"xm-text split_text5469 f-bold mi-brand mi-brand--xiaomi\" data-key=\"name_1\" data-type=\"text\" data-id=\"977w66lbz7\">TV Box S<\/span><span class=\"xm-text split_text5473 f-bold\" data-key=\"name_2\" data-type=\"text\" data-id=\"koy4c0djs5\">2nd Gen 4K \u2013 Google TV \u2013 CPU quad-core \u2013 2 GB RAM \u2013 8 GB ROM \u2013 Mando a distancia Bluetooth<\/span><\/h1>\n<\/div>\n<\/div>\n<div>\n<p>El\u00a0<em><strong>TV Box S 2nd Gen<\/strong><\/em>\u00a0es el nuevo\u00a0<em>Android TV de Xiaomi<\/em>. Este reproductor multimedia con sistema operativo\u00a0<strong>Android<\/strong>\u00a0te permite convertir en una\u00a0<i>Smart TV<\/i>\u00a0tanto un monitor como una televisi\u00f3n sin conexi\u00f3n a Internet. admite la reproducci\u00f3n de contenidos en\u00a0<strong>4K<\/strong>, y es compatible con las tecnolog\u00edas\u00a0<strong>HDR10+, Dolby Vision, Dolby Atmos y DTS-HD<\/strong>. Adem\u00e1s, ofrece un rendimiento m\u00e1s que satisfactorio gracias al\u00a0<strong>procesador de cuatro n\u00facleos<\/strong>, a sus\u00a0<strong>2 GB de RAM<\/strong>\u00a0y sus\u00a0<strong>8 GB<\/strong>\u00a0de memoria interna.<\/p>\n<h3>Resoluci\u00f3n de imagen 4K y sonido envolvente Dolby Atmos<\/h3>\n<p>Con una resoluci\u00f3n\u00a0<em><strong>4K UHD<\/strong><\/em>\u00a0y compatibilidad con\u00a0<strong>Dolby Vision<\/strong>\u00a0y\u00a0<strong>HDR10+<\/strong>, el Xiaomi TV Box S 2nd Gen ayuda a que cada detalle, ya sea oscuro o brillante, se perciba con una claridad lo m\u00e1s cercana posible a la realidad.<\/p>\n<p><img decoding=\"async\" src=\"https:\/\/m.media-amazon.com\/images\/S\/aplus-media-library-service-media\/3c5109d3-9be6-43cf-9d41-19f4d33efd9d.__CR0,0,1464,600_PT0_SX1464_V1___.jpg\" alt=\"Xiaomi TV Box S (2nd Gen)\" \/><img decoding=\"async\" src=\"https:\/\/m.media-amazon.com\/images\/S\/aplus-media-library-service-media\/0a7a32c9-5ef5-4454-bb76-fd63892fea0d.__CR0,0,1464,600_PT0_SX1464_V1___.jpg\" alt=\"Xiaomi TV Box S (2nd Gen)\" \/><img decoding=\"async\" src=\"https:\/\/m.media-amazon.com\/images\/S\/aplus-media-library-service-media\/7c3c149a-7704-4261-8863-ef439faf74d1.__CR0,0,1464,600_PT0_SX1464_V1___.jpg\" alt=\"Xiaomi TV Box S (2nd Gen)\" \/><\/p>\n<\/div>\n","protected":false},"excerpt":{"rendered":"<p>&#8211; Resoluci\u00f3n de salida: 4K (3840 x 2160)<br \/>\n&#8211; Descodificador de v\u00eddeo: Hasta 4K 60FPS<br \/>\n&#8211; UPC: Cuatro n\u00facleos Cortex-A55<br \/>\n&#8211; Procesador gr\u00e1fico: ARM Mali G31 MP2<br \/>\n&#8211; RAM: 2 GB ROM 8GB<br \/>\n&#8211; Sistema operativo: Google TV<br \/>\n&#8211; Wi-Fi: 2.4GHz\/ 5GHz<br \/>\n&#8211; Bluetooth: 5.2<br \/>\n&#8211; Admite Dolby Audio\u00ae y DTS-HD<br \/>\n&#8211; Compatible con Dolby Vision\u00ae<br \/>\n&#8211; Admite HDR10+<br \/>\n&#8211; HDMI 2.1: 1<br \/>\n&#8211; USB 2.0: 1<\/p>\n","protected":false},"featured_media":27428,"comment_status":"open","ping_status":"closed","template":"","meta":{"jetpack_publicize_message":"","jetpack_publicize_feature_enabled":true,"jetpack_social_post_already_shared":true,"jetpack_social_options":{"image_generator_settings":{"template":"highway","default_image_id":0,"font":"","enabled":false},"version":2}},"pwb-brand":[94],"product_brand":[],"product_cat":[284],"product_tag":[],"class_list":{"0":"post-27423","1":"product","2":"type-product","3":"status-publish","4":"has-post-thumbnail","6":"pwb-brand-xiaomi","7":"product_cat-televisores","9":"first","10":"instock","11":"taxable","12":"shipping-taxable","13":"purchasable","14":"product-type-simple"},"yoast_head":"<!-- This site is optimized with the Yoast SEO Premium plugin v25.7.1 (Yoast SEO v26.8) - https:\/\/yoast.com\/product\/yoast-seo-premium-wordpress\/ -->\n<title>TV Box S 4K 2da Generaci\u00f3n Xiaomi - Mivoot<\/title>\n<meta name=\"robots\" content=\"index, follow, max-snippet:-1, max-image-preview:large, max-video-preview:-1\" \/>\n<link rel=\"canonical\" href=\"https:\/\/mivoot.com\/gt\/producto\/tv-box-s-4k-2da-generacion-xiaomi\/\" \/>\n<meta property=\"og:locale\" content=\"es_ES\" \/>\n<meta property=\"og:type\" content=\"article\" \/>\n<meta property=\"og:title\" content=\"TV Box S 4K 2da Generaci\u00f3n Xiaomi\" \/>\n<meta property=\"og:description\" content=\"- Resoluci\u00f3n de salida: 4K (3840 x 2160)  - Descodificador de v\u00eddeo: Hasta 4K 60FPS - UPC: Cuatro n\u00facleos Cortex-A55 - Procesador gr\u00e1fico: ARM Mali G31 MP2 - RAM: 2 GB ROM 8GB - Sistema operativo: Google TV - Wi-Fi: 2.4GHz\/ 5GHz - Bluetooth: 5.2 - Admite Dolby Audio\u00ae y DTS-HD - Compatible con Dolby Vision\u00ae - Admite HDR10+ - HDMI 2.1: 1 - USB 2.0: 1\" \/>\n<meta property=\"og:url\" content=\"https:\/\/mivoot.com\/gt\/producto\/tv-box-s-4k-2da-generacion-xiaomi\/\" \/>\n<meta property=\"og:site_name\" content=\"Mivoot\" \/>\n<meta property=\"article:publisher\" content=\"https:\/\/www.facebook.com\/mivootgt\" \/>\n<meta property=\"article:modified_time\" content=\"2025-03-27T20:11:45+00:00\" \/>\n<meta property=\"og:image\" content=\"https:\/\/mivoot.com\/gt\/wp-content\/uploads\/2025\/03\/tv-box-s.png\" \/>\n\t<meta property=\"og:image:width\" content=\"1000\" \/>\n\t<meta property=\"og:image:height\" content=\"1000\" \/>\n\t<meta property=\"og:image:type\" content=\"image\/png\" \/>\n<meta name=\"twitter:card\" content=\"summary_large_image\" \/>\n<meta name=\"twitter:label1\" content=\"Est. reading time\" \/>\n\t<meta name=\"twitter:data1\" content=\"2 minutos\" \/>\n<script type=\"application\/ld+json\" class=\"yoast-schema-graph\">{\"@context\":\"https:\/\/schema.org\",\"@graph\":[{\"@type\":\"WebPage\",\"@id\":\"https:\/\/mivoot.com\/gt\/producto\/tv-box-s-4k-2da-generacion-xiaomi\/\",\"url\":\"https:\/\/mivoot.com\/gt\/producto\/tv-box-s-4k-2da-generacion-xiaomi\/\",\"name\":\"TV Box S 4K 2da Generaci\u00f3n Xiaomi - Mivoot\",\"isPartOf\":{\"@id\":\"https:\/\/mivoot.com\/gt\/#website\"},\"primaryImageOfPage\":{\"@id\":\"https:\/\/mivoot.com\/gt\/producto\/tv-box-s-4k-2da-generacion-xiaomi\/#primaryimage\"},\"image\":{\"@id\":\"https:\/\/mivoot.com\/gt\/producto\/tv-box-s-4k-2da-generacion-xiaomi\/#primaryimage\"},\"thumbnailUrl\":\"https:\/\/mivoot.com\/gt\/wp-content\/uploads\/2025\/03\/tv-box-s.png\",\"datePublished\":\"2025-03-27T20:11:44+00:00\",\"dateModified\":\"2025-03-27T20:11:45+00:00\",\"breadcrumb\":{\"@id\":\"https:\/\/mivoot.com\/gt\/producto\/tv-box-s-4k-2da-generacion-xiaomi\/#breadcrumb\"},\"inLanguage\":\"es\",\"potentialAction\":[{\"@type\":\"ReadAction\",\"target\":[\"https:\/\/mivoot.com\/gt\/producto\/tv-box-s-4k-2da-generacion-xiaomi\/\"]}]},{\"@type\":\"ImageObject\",\"inLanguage\":\"es\",\"@id\":\"https:\/\/mivoot.com\/gt\/producto\/tv-box-s-4k-2da-generacion-xiaomi\/#primaryimage\",\"url\":\"https:\/\/mivoot.com\/gt\/wp-content\/uploads\/2025\/03\/tv-box-s.png\",\"contentUrl\":\"https:\/\/mivoot.com\/gt\/wp-content\/uploads\/2025\/03\/tv-box-s.png\",\"width\":1000,\"height\":1000},{\"@type\":\"BreadcrumbList\",\"@id\":\"https:\/\/mivoot.com\/gt\/producto\/tv-box-s-4k-2da-generacion-xiaomi\/#breadcrumb\",\"itemListElement\":[{\"@type\":\"ListItem\",\"position\":1,\"name\":\"Inicio\",\"item\":\"https:\/\/mivoot.com\/gt\/\"},{\"@type\":\"ListItem\",\"position\":2,\"name\":\"Productos\",\"item\":\"https:\/\/mivoot.com\/gt\/producto\/\"},{\"@type\":\"ListItem\",\"position\":3,\"name\":\"Xiaomi\",\"item\":\"https:\/\/mivoot.com\/gt\/marca\/xiaomi\/\"},{\"@type\":\"ListItem\",\"position\":4,\"name\":\"TV Box S 4K 2da Generaci\u00f3n Xiaomi\"}]},{\"@type\":\"WebSite\",\"@id\":\"https:\/\/mivoot.com\/gt\/#website\",\"url\":\"https:\/\/mivoot.com\/gt\/\",\"name\":\"Mivoot\",\"description\":\"Mivoot Guatemala | Tienda Online\",\"publisher\":{\"@id\":\"https:\/\/mivoot.com\/gt\/#organization\"},\"alternateName\":\"mivoot\",\"potentialAction\":[{\"@type\":\"SearchAction\",\"target\":{\"@type\":\"EntryPoint\",\"urlTemplate\":\"https:\/\/mivoot.com\/gt\/?s={search_term_string}\"},\"query-input\":{\"@type\":\"PropertyValueSpecification\",\"valueRequired\":true,\"valueName\":\"search_term_string\"}}],\"inLanguage\":\"es\"},{\"@type\":\"Organization\",\"@id\":\"https:\/\/mivoot.com\/gt\/#organization\",\"name\":\"Mivoot Guatemala\",\"alternateName\":\"mivoot.com\",\"url\":\"https:\/\/mivoot.com\/gt\/\",\"logo\":{\"@type\":\"ImageObject\",\"inLanguage\":\"es\",\"@id\":\"https:\/\/mivoot.com\/gt\/#\/schema\/logo\/image\/\",\"url\":\"https:\/\/mivoot.com\/gt\/wp-content\/uploads\/2023\/03\/cropped-icon.png\",\"contentUrl\":\"https:\/\/mivoot.com\/gt\/wp-content\/uploads\/2023\/03\/cropped-icon.png\",\"width\":512,\"height\":512,\"caption\":\"Mivoot Guatemala\"},\"image\":{\"@id\":\"https:\/\/mivoot.com\/gt\/#\/schema\/logo\/image\/\"},\"sameAs\":[\"https:\/\/www.facebook.com\/mivootgt\",\"https:\/\/instagram.com\/mivoot\"]}]}<\/script>\n<!-- \/ Yoast SEO Premium plugin. -->","yoast_head_json":{"title":"TV Box S 4K 2da Generaci\u00f3n Xiaomi - Mivoot","robots":{"index":"index","follow":"follow","max-snippet":"max-snippet:-1","max-image-preview":"max-image-preview:large","max-video-preview":"max-video-preview:-1"},"canonical":"https:\/\/mivoot.com\/gt\/producto\/tv-box-s-4k-2da-generacion-xiaomi\/","og_locale":"es_ES","og_type":"article","og_title":"TV Box S 4K 2da Generaci\u00f3n Xiaomi","og_description":"- Resoluci\u00f3n de salida: 4K (3840 x 2160)  - Descodificador de v\u00eddeo: Hasta 4K 60FPS - UPC: Cuatro n\u00facleos Cortex-A55 - Procesador gr\u00e1fico: ARM Mali G31 MP2 - RAM: 2 GB ROM 8GB - Sistema operativo: Google TV - Wi-Fi: 2.4GHz\/ 5GHz - Bluetooth: 5.2 - Admite Dolby Audio\u00ae y DTS-HD - Compatible con Dolby Vision\u00ae - Admite HDR10+ - HDMI 2.1: 1 - USB 2.0: 1","og_url":"https:\/\/mivoot.com\/gt\/producto\/tv-box-s-4k-2da-generacion-xiaomi\/","og_site_name":"Mivoot","article_publisher":"https:\/\/www.facebook.com\/mivootgt","article_modified_time":"2025-03-27T20:11:45+00:00","og_image":[{"width":1000,"height":1000,"url":"https:\/\/mivoot.com\/gt\/wp-content\/uploads\/2025\/03\/tv-box-s.png","type":"image\/png"}],"twitter_card":"summary_large_image","twitter_misc":{"Est. reading time":"2 minutos"},"schema":{"@context":"https:\/\/schema.org","@graph":[{"@type":"WebPage","@id":"https:\/\/mivoot.com\/gt\/producto\/tv-box-s-4k-2da-generacion-xiaomi\/","url":"https:\/\/mivoot.com\/gt\/producto\/tv-box-s-4k-2da-generacion-xiaomi\/","name":"TV Box S 4K 2da Generaci\u00f3n Xiaomi - Mivoot","isPartOf":{"@id":"https:\/\/mivoot.com\/gt\/#website"},"primaryImageOfPage":{"@id":"https:\/\/mivoot.com\/gt\/producto\/tv-box-s-4k-2da-generacion-xiaomi\/#primaryimage"},"image":{"@id":"https:\/\/mivoot.com\/gt\/producto\/tv-box-s-4k-2da-generacion-xiaomi\/#primaryimage"},"thumbnailUrl":"https:\/\/mivoot.com\/gt\/wp-content\/uploads\/2025\/03\/tv-box-s.png","datePublished":"2025-03-27T20:11:44+00:00","dateModified":"2025-03-27T20:11:45+00:00","breadcrumb":{"@id":"https:\/\/mivoot.com\/gt\/producto\/tv-box-s-4k-2da-generacion-xiaomi\/#breadcrumb"},"inLanguage":"es","potentialAction":[{"@type":"ReadAction","target":["https:\/\/mivoot.com\/gt\/producto\/tv-box-s-4k-2da-generacion-xiaomi\/"]}]},{"@type":"ImageObject","inLanguage":"es","@id":"https:\/\/mivoot.com\/gt\/producto\/tv-box-s-4k-2da-generacion-xiaomi\/#primaryimage","url":"https:\/\/mivoot.com\/gt\/wp-content\/uploads\/2025\/03\/tv-box-s.png","contentUrl":"https:\/\/mivoot.com\/gt\/wp-content\/uploads\/2025\/03\/tv-box-s.png","width":1000,"height":1000},{"@type":"BreadcrumbList","@id":"https:\/\/mivoot.com\/gt\/producto\/tv-box-s-4k-2da-generacion-xiaomi\/#breadcrumb","itemListElement":[{"@type":"ListItem","position":1,"name":"Inicio","item":"https:\/\/mivoot.com\/gt\/"},{"@type":"ListItem","position":2,"name":"Productos","item":"https:\/\/mivoot.com\/gt\/producto\/"},{"@type":"ListItem","position":3,"name":"Xiaomi","item":"https:\/\/mivoot.com\/gt\/marca\/xiaomi\/"},{"@type":"ListItem","position":4,"name":"TV Box S 4K 2da Generaci\u00f3n Xiaomi"}]},{"@type":"WebSite","@id":"https:\/\/mivoot.com\/gt\/#website","url":"https:\/\/mivoot.com\/gt\/","name":"Mivoot","description":"Mivoot Guatemala | Tienda Online","publisher":{"@id":"https:\/\/mivoot.com\/gt\/#organization"},"alternateName":"mivoot","potentialAction":[{"@type":"SearchAction","target":{"@type":"EntryPoint","urlTemplate":"https:\/\/mivoot.com\/gt\/?s={search_term_string}"},"query-input":{"@type":"PropertyValueSpecification","valueRequired":true,"valueName":"search_term_string"}}],"inLanguage":"es"},{"@type":"Organization","@id":"https:\/\/mivoot.com\/gt\/#organization","name":"Mivoot Guatemala","alternateName":"mivoot.com","url":"https:\/\/mivoot.com\/gt\/","logo":{"@type":"ImageObject","inLanguage":"es","@id":"https:\/\/mivoot.com\/gt\/#\/schema\/logo\/image\/","url":"https:\/\/mivoot.com\/gt\/wp-content\/uploads\/2023\/03\/cropped-icon.png","contentUrl":"https:\/\/mivoot.com\/gt\/wp-content\/uploads\/2023\/03\/cropped-icon.png","width":512,"height":512,"caption":"Mivoot Guatemala"},"image":{"@id":"https:\/\/mivoot.com\/gt\/#\/schema\/logo\/image\/"},"sameAs":["https:\/\/www.facebook.com\/mivootgt","https:\/\/instagram.com\/mivoot"]}]}},"jetpack_publicize_connections":[],"jetpack_sharing_enabled":true,"brands":[{"id":94,"name":"Xiaomi","slug":"xiaomi"}],"_links":{"self":[{"href":"https:\/\/mivoot.com\/gt\/wp-json\/wp\/v2\/product\/27423","targetHints":{"allow":["GET"]}}],"collection":[{"href":"https:\/\/mivoot.com\/gt\/wp-json\/wp\/v2\/product"}],"about":[{"href":"https:\/\/mivoot.com\/gt\/wp-json\/wp\/v2\/types\/product"}],"replies":[{"embeddable":true,"href":"https:\/\/mivoot.com\/gt\/wp-json\/wp\/v2\/comments?post=27423"}],"version-history":[{"count":1,"href":"https:\/\/mivoot.com\/gt\/wp-json\/wp\/v2\/product\/27423\/revisions"}],"predecessor-version":[{"id":27429,"href":"https:\/\/mivoot.com\/gt\/wp-json\/wp\/v2\/product\/27423\/revisions\/27429"}],"wp:featuredmedia":[{"embeddable":true,"href":"https:\/\/mivoot.com\/gt\/wp-json\/wp\/v2\/media\/27428"}],"wp:attachment":[{"href":"https:\/\/mivoot.com\/gt\/wp-json\/wp\/v2\/media?parent=27423"}],"wp:term":[{"taxonomy":"pwb-brand","embeddable":true,"href":"https:\/\/mivoot.com\/gt\/wp-json\/wp\/v2\/pwb-brand?post=27423"},{"taxonomy":"product_brand","embeddable":true,"href":"https:\/\/mivoot.com\/gt\/wp-json\/wp\/v2\/product_brand?post=27423"},{"taxonomy":"product_cat","embeddable":true,"href":"https:\/\/mivoot.com\/gt\/wp-json\/wp\/v2\/product_cat?post=27423"},{"taxonomy":"product_tag","embeddable":true,"href":"https:\/\/mivoot.com\/gt\/wp-json\/wp\/v2\/product_tag?post=27423"}],"curies":[{"name":"wp","href":"https:\/\/api.w.org\/{rel}","templated":true}]}}