{"id":27651,"date":"2025-04-08T14:08:48","date_gmt":"2025-04-08T20:08:48","guid":{"rendered":"https:\/\/mivoot.com\/gt\/?post_type=product&#038;p=27651"},"modified":"2025-04-08T14:08:48","modified_gmt":"2025-04-08T20:08:48","slug":"video-balun-pasivo-kit-100-unidades-para-camaras-cctv-1080p-zkteco","status":"publish","type":"product","link":"https:\/\/mivoot.com\/gt\/producto\/video-balun-pasivo-kit-100-unidades-para-camaras-cctv-1080p-zkteco\/","title":{"rendered":"Video Balun Pasivo KIT 100 Unidades para C\u00e1maras CCTV 1080p ZKTeco"},"content":{"rendered":"<h1 style=\"text-align: center;\">Video Balun Pasivo KIT 100 Unidades para C\u00e1maras CCTV 1080p ZKTeco<\/h1>\n<ul>\n<li>F\u00e1cil instalaci\u00f3n, utilizando el sistema de cable UTP est\u00e1ndar.<\/li>\n<li>BNC macho permite la conexi\u00f3n directamente a la c\u00e1mara o DVR.<\/li>\n<li>Admite todos los dispositivos de video, como c\u00e1mara, monitor, DVR<\/li>\n<li>Usando cable UTP (CAT 5, RJ45) para transmitir se\u00f1al de video y audio<\/li>\n<li>Gracias a un di\u00e1metro m\u00e1s peque\u00f1o, extremadamente f\u00e1cil de instala<\/li>\n<\/ul>\n","protected":false},"excerpt":{"rendered":"<p>&#8211; BALUM PASIVO PARA CCTV 1080P<br \/>\n&#8211; Par de adaptadores pasivos de CCTV<br \/>\n&#8211; 1080p a 250 Mts \/ 720p a 400 Mts<br \/>\n&#8211; Soporta HDCVI\/AHD\/ TVI\/ CBVS\/<br \/>\n&#8211; 100 Unidades en KIT<\/p>\n","protected":false},"featured_media":27654,"comment_status":"open","ping_status":"closed","template":"","meta":{"jetpack_publicize_message":"","jetpack_publicize_feature_enabled":true,"jetpack_social_post_already_shared":true,"jetpack_social_options":{"image_generator_settings":{"template":"highway","default_image_id":0,"font":"","enabled":false},"version":2}},"pwb-brand":[101],"product_brand":[],"product_cat":[400],"product_tag":[],"class_list":{"0":"post-27651","1":"product","2":"type-product","3":"status-publish","4":"has-post-thumbnail","6":"pwb-brand-zkteco-guatemala","7":"product_cat-accesorios-camaras-seguridad","9":"first","10":"instock","11":"taxable","12":"shipping-taxable","13":"purchasable","14":"product-type-simple"},"yoast_head":"<!-- This site is optimized with the Yoast SEO Premium plugin v25.7.1 (Yoast SEO v26.8) - https:\/\/yoast.com\/product\/yoast-seo-premium-wordpress\/ -->\n<title>Video Balun Pasivo KIT 100 Unidades para C\u00e1maras CCTV 1080p ZKTeco - Mivoot<\/title>\n<meta name=\"robots\" content=\"index, follow, max-snippet:-1, max-image-preview:large, max-video-preview:-1\" \/>\n<link rel=\"canonical\" href=\"https:\/\/mivoot.com\/gt\/producto\/video-balun-pasivo-kit-100-unidades-para-camaras-cctv-1080p-zkteco\/\" \/>\n<meta property=\"og:locale\" content=\"es_ES\" \/>\n<meta property=\"og:type\" content=\"article\" \/>\n<meta property=\"og:title\" content=\"Video Balun Pasivo KIT 100 Unidades para C\u00e1maras CCTV 1080p ZKTeco\" \/>\n<meta property=\"og:description\" content=\"- BALUM PASIVO PARA CCTV 1080P - Par de adaptadores pasivos de CCTV - 1080p a 250 Mts \/ 720p a 400 Mts - Soporta HDCVI\/AHD\/ TVI\/ CBVS\/ - 100 Unidades en KIT\" \/>\n<meta property=\"og:url\" content=\"https:\/\/mivoot.com\/gt\/producto\/video-balun-pasivo-kit-100-unidades-para-camaras-cctv-1080p-zkteco\/\" \/>\n<meta property=\"og:site_name\" content=\"Mivoot\" \/>\n<meta property=\"article:publisher\" content=\"https:\/\/www.facebook.com\/mivootgt\" \/>\n<meta property=\"og:image\" content=\"https:\/\/mivoot.com\/gt\/wp-content\/uploads\/2025\/04\/img-20210519-030127-845.jpg\" \/>\n\t<meta property=\"og:image:width\" content=\"600\" \/>\n\t<meta property=\"og:image:height\" content=\"600\" \/>\n\t<meta property=\"og:image:type\" content=\"image\/jpeg\" \/>\n<meta name=\"twitter:card\" content=\"summary_large_image\" \/>\n<meta name=\"twitter:label1\" content=\"Est. reading time\" \/>\n\t<meta name=\"twitter:data1\" content=\"1 minuto\" \/>\n<script type=\"application\/ld+json\" class=\"yoast-schema-graph\">{\"@context\":\"https:\/\/schema.org\",\"@graph\":[{\"@type\":\"WebPage\",\"@id\":\"https:\/\/mivoot.com\/gt\/producto\/video-balun-pasivo-kit-100-unidades-para-camaras-cctv-1080p-zkteco\/\",\"url\":\"https:\/\/mivoot.com\/gt\/producto\/video-balun-pasivo-kit-100-unidades-para-camaras-cctv-1080p-zkteco\/\",\"name\":\"Video Balun Pasivo KIT 100 Unidades para C\u00e1maras CCTV 1080p ZKTeco - Mivoot\",\"isPartOf\":{\"@id\":\"https:\/\/mivoot.com\/gt\/#website\"},\"primaryImageOfPage\":{\"@id\":\"https:\/\/mivoot.com\/gt\/producto\/video-balun-pasivo-kit-100-unidades-para-camaras-cctv-1080p-zkteco\/#primaryimage\"},\"image\":{\"@id\":\"https:\/\/mivoot.com\/gt\/producto\/video-balun-pasivo-kit-100-unidades-para-camaras-cctv-1080p-zkteco\/#primaryimage\"},\"thumbnailUrl\":\"https:\/\/mivoot.com\/gt\/wp-content\/uploads\/2025\/04\/img-20210519-030127-845.jpg\",\"datePublished\":\"2025-04-08T20:08:48+00:00\",\"breadcrumb\":{\"@id\":\"https:\/\/mivoot.com\/gt\/producto\/video-balun-pasivo-kit-100-unidades-para-camaras-cctv-1080p-zkteco\/#breadcrumb\"},\"inLanguage\":\"es\",\"potentialAction\":[{\"@type\":\"ReadAction\",\"target\":[\"https:\/\/mivoot.com\/gt\/producto\/video-balun-pasivo-kit-100-unidades-para-camaras-cctv-1080p-zkteco\/\"]}]},{\"@type\":\"ImageObject\",\"inLanguage\":\"es\",\"@id\":\"https:\/\/mivoot.com\/gt\/producto\/video-balun-pasivo-kit-100-unidades-para-camaras-cctv-1080p-zkteco\/#primaryimage\",\"url\":\"https:\/\/mivoot.com\/gt\/wp-content\/uploads\/2025\/04\/img-20210519-030127-845.jpg\",\"contentUrl\":\"https:\/\/mivoot.com\/gt\/wp-content\/uploads\/2025\/04\/img-20210519-030127-845.jpg\",\"width\":600,\"height\":600},{\"@type\":\"BreadcrumbList\",\"@id\":\"https:\/\/mivoot.com\/gt\/producto\/video-balun-pasivo-kit-100-unidades-para-camaras-cctv-1080p-zkteco\/#breadcrumb\",\"itemListElement\":[{\"@type\":\"ListItem\",\"position\":1,\"name\":\"Inicio\",\"item\":\"https:\/\/mivoot.com\/gt\/\"},{\"@type\":\"ListItem\",\"position\":2,\"name\":\"Productos\",\"item\":\"https:\/\/mivoot.com\/gt\/producto\/\"},{\"@type\":\"ListItem\",\"position\":3,\"name\":\"ZKTeco\",\"item\":\"https:\/\/mivoot.com\/gt\/marca\/zkteco-guatemala\/\"},{\"@type\":\"ListItem\",\"position\":4,\"name\":\"Video Balun Pasivo KIT 100 Unidades para C\u00e1maras CCTV 1080p ZKTeco\"}]},{\"@type\":\"WebSite\",\"@id\":\"https:\/\/mivoot.com\/gt\/#website\",\"url\":\"https:\/\/mivoot.com\/gt\/\",\"name\":\"Mivoot\",\"description\":\"Mivoot Guatemala | Tienda Online\",\"publisher\":{\"@id\":\"https:\/\/mivoot.com\/gt\/#organization\"},\"alternateName\":\"mivoot\",\"potentialAction\":[{\"@type\":\"SearchAction\",\"target\":{\"@type\":\"EntryPoint\",\"urlTemplate\":\"https:\/\/mivoot.com\/gt\/?s={search_term_string}\"},\"query-input\":{\"@type\":\"PropertyValueSpecification\",\"valueRequired\":true,\"valueName\":\"search_term_string\"}}],\"inLanguage\":\"es\"},{\"@type\":\"Organization\",\"@id\":\"https:\/\/mivoot.com\/gt\/#organization\",\"name\":\"Mivoot Guatemala\",\"alternateName\":\"mivoot.com\",\"url\":\"https:\/\/mivoot.com\/gt\/\",\"logo\":{\"@type\":\"ImageObject\",\"inLanguage\":\"es\",\"@id\":\"https:\/\/mivoot.com\/gt\/#\/schema\/logo\/image\/\",\"url\":\"https:\/\/mivoot.com\/gt\/wp-content\/uploads\/2023\/03\/cropped-icon.png\",\"contentUrl\":\"https:\/\/mivoot.com\/gt\/wp-content\/uploads\/2023\/03\/cropped-icon.png\",\"width\":512,\"height\":512,\"caption\":\"Mivoot Guatemala\"},\"image\":{\"@id\":\"https:\/\/mivoot.com\/gt\/#\/schema\/logo\/image\/\"},\"sameAs\":[\"https:\/\/www.facebook.com\/mivootgt\",\"https:\/\/instagram.com\/mivoot\"]}]}<\/script>\n<!-- \/ Yoast SEO Premium plugin. -->","yoast_head_json":{"title":"Video Balun Pasivo KIT 100 Unidades para C\u00e1maras CCTV 1080p ZKTeco - Mivoot","robots":{"index":"index","follow":"follow","max-snippet":"max-snippet:-1","max-image-preview":"max-image-preview:large","max-video-preview":"max-video-preview:-1"},"canonical":"https:\/\/mivoot.com\/gt\/producto\/video-balun-pasivo-kit-100-unidades-para-camaras-cctv-1080p-zkteco\/","og_locale":"es_ES","og_type":"article","og_title":"Video Balun Pasivo KIT 100 Unidades para C\u00e1maras CCTV 1080p ZKTeco","og_description":"- BALUM PASIVO PARA CCTV 1080P - Par de adaptadores pasivos de CCTV - 1080p a 250 Mts \/ 720p a 400 Mts - Soporta HDCVI\/AHD\/ TVI\/ CBVS\/ - 100 Unidades en KIT","og_url":"https:\/\/mivoot.com\/gt\/producto\/video-balun-pasivo-kit-100-unidades-para-camaras-cctv-1080p-zkteco\/","og_site_name":"Mivoot","article_publisher":"https:\/\/www.facebook.com\/mivootgt","og_image":[{"width":600,"height":600,"url":"https:\/\/mivoot.com\/gt\/wp-content\/uploads\/2025\/04\/img-20210519-030127-845.jpg","type":"image\/jpeg"}],"twitter_card":"summary_large_image","twitter_misc":{"Est. reading time":"1 minuto"},"schema":{"@context":"https:\/\/schema.org","@graph":[{"@type":"WebPage","@id":"https:\/\/mivoot.com\/gt\/producto\/video-balun-pasivo-kit-100-unidades-para-camaras-cctv-1080p-zkteco\/","url":"https:\/\/mivoot.com\/gt\/producto\/video-balun-pasivo-kit-100-unidades-para-camaras-cctv-1080p-zkteco\/","name":"Video Balun Pasivo KIT 100 Unidades para C\u00e1maras CCTV 1080p ZKTeco - Mivoot","isPartOf":{"@id":"https:\/\/mivoot.com\/gt\/#website"},"primaryImageOfPage":{"@id":"https:\/\/mivoot.com\/gt\/producto\/video-balun-pasivo-kit-100-unidades-para-camaras-cctv-1080p-zkteco\/#primaryimage"},"image":{"@id":"https:\/\/mivoot.com\/gt\/producto\/video-balun-pasivo-kit-100-unidades-para-camaras-cctv-1080p-zkteco\/#primaryimage"},"thumbnailUrl":"https:\/\/mivoot.com\/gt\/wp-content\/uploads\/2025\/04\/img-20210519-030127-845.jpg","datePublished":"2025-04-08T20:08:48+00:00","breadcrumb":{"@id":"https:\/\/mivoot.com\/gt\/producto\/video-balun-pasivo-kit-100-unidades-para-camaras-cctv-1080p-zkteco\/#breadcrumb"},"inLanguage":"es","potentialAction":[{"@type":"ReadAction","target":["https:\/\/mivoot.com\/gt\/producto\/video-balun-pasivo-kit-100-unidades-para-camaras-cctv-1080p-zkteco\/"]}]},{"@type":"ImageObject","inLanguage":"es","@id":"https:\/\/mivoot.com\/gt\/producto\/video-balun-pasivo-kit-100-unidades-para-camaras-cctv-1080p-zkteco\/#primaryimage","url":"https:\/\/mivoot.com\/gt\/wp-content\/uploads\/2025\/04\/img-20210519-030127-845.jpg","contentUrl":"https:\/\/mivoot.com\/gt\/wp-content\/uploads\/2025\/04\/img-20210519-030127-845.jpg","width":600,"height":600},{"@type":"BreadcrumbList","@id":"https:\/\/mivoot.com\/gt\/producto\/video-balun-pasivo-kit-100-unidades-para-camaras-cctv-1080p-zkteco\/#breadcrumb","itemListElement":[{"@type":"ListItem","position":1,"name":"Inicio","item":"https:\/\/mivoot.com\/gt\/"},{"@type":"ListItem","position":2,"name":"Productos","item":"https:\/\/mivoot.com\/gt\/producto\/"},{"@type":"ListItem","position":3,"name":"ZKTeco","item":"https:\/\/mivoot.com\/gt\/marca\/zkteco-guatemala\/"},{"@type":"ListItem","position":4,"name":"Video Balun Pasivo KIT 100 Unidades para C\u00e1maras CCTV 1080p ZKTeco"}]},{"@type":"WebSite","@id":"https:\/\/mivoot.com\/gt\/#website","url":"https:\/\/mivoot.com\/gt\/","name":"Mivoot","description":"Mivoot Guatemala | Tienda Online","publisher":{"@id":"https:\/\/mivoot.com\/gt\/#organization"},"alternateName":"mivoot","potentialAction":[{"@type":"SearchAction","target":{"@type":"EntryPoint","urlTemplate":"https:\/\/mivoot.com\/gt\/?s={search_term_string}"},"query-input":{"@type":"PropertyValueSpecification","valueRequired":true,"valueName":"search_term_string"}}],"inLanguage":"es"},{"@type":"Organization","@id":"https:\/\/mivoot.com\/gt\/#organization","name":"Mivoot Guatemala","alternateName":"mivoot.com","url":"https:\/\/mivoot.com\/gt\/","logo":{"@type":"ImageObject","inLanguage":"es","@id":"https:\/\/mivoot.com\/gt\/#\/schema\/logo\/image\/","url":"https:\/\/mivoot.com\/gt\/wp-content\/uploads\/2023\/03\/cropped-icon.png","contentUrl":"https:\/\/mivoot.com\/gt\/wp-content\/uploads\/2023\/03\/cropped-icon.png","width":512,"height":512,"caption":"Mivoot Guatemala"},"image":{"@id":"https:\/\/mivoot.com\/gt\/#\/schema\/logo\/image\/"},"sameAs":["https:\/\/www.facebook.com\/mivootgt","https:\/\/instagram.com\/mivoot"]}]}},"jetpack_publicize_connections":[],"jetpack_sharing_enabled":true,"brands":[{"id":101,"name":"ZKTeco","slug":"zkteco-guatemala"}],"_links":{"self":[{"href":"https:\/\/mivoot.com\/gt\/wp-json\/wp\/v2\/product\/27651","targetHints":{"allow":["GET"]}}],"collection":[{"href":"https:\/\/mivoot.com\/gt\/wp-json\/wp\/v2\/product"}],"about":[{"href":"https:\/\/mivoot.com\/gt\/wp-json\/wp\/v2\/types\/product"}],"replies":[{"embeddable":true,"href":"https:\/\/mivoot.com\/gt\/wp-json\/wp\/v2\/comments?post=27651"}],"version-history":[{"count":1,"href":"https:\/\/mivoot.com\/gt\/wp-json\/wp\/v2\/product\/27651\/revisions"}],"predecessor-version":[{"id":27656,"href":"https:\/\/mivoot.com\/gt\/wp-json\/wp\/v2\/product\/27651\/revisions\/27656"}],"wp:featuredmedia":[{"embeddable":true,"href":"https:\/\/mivoot.com\/gt\/wp-json\/wp\/v2\/media\/27654"}],"wp:attachment":[{"href":"https:\/\/mivoot.com\/gt\/wp-json\/wp\/v2\/media?parent=27651"}],"wp:term":[{"taxonomy":"pwb-brand","embeddable":true,"href":"https:\/\/mivoot.com\/gt\/wp-json\/wp\/v2\/pwb-brand?post=27651"},{"taxonomy":"product_brand","embeddable":true,"href":"https:\/\/mivoot.com\/gt\/wp-json\/wp\/v2\/product_brand?post=27651"},{"taxonomy":"product_cat","embeddable":true,"href":"https:\/\/mivoot.com\/gt\/wp-json\/wp\/v2\/product_cat?post=27651"},{"taxonomy":"product_tag","embeddable":true,"href":"https:\/\/mivoot.com\/gt\/wp-json\/wp\/v2\/product_tag?post=27651"}],"curies":[{"name":"wp","href":"https:\/\/api.w.org\/{rel}","templated":true}]}}