{"id":27667,"date":"2025-04-16T20:32:35","date_gmt":"2025-04-17T02:32:35","guid":{"rendered":"https:\/\/mivoot.com\/gt\/?post_type=product&#038;p=27667"},"modified":"2025-05-21T12:48:02","modified_gmt":"2025-05-21T18:48:02","slug":"generador-de-energia-portatil-solar-100w-titan-forza","status":"publish","type":"product","link":"https:\/\/mivoot.com\/gt\/producto\/generador-de-energia-portatil-solar-100w-titan-forza\/","title":{"rendered":"Generador Power Bank de Energ\u00eda Port\u00e1til Solar 100W Titan Forza"},"content":{"rendered":"<h1 class=\"subtitle\" style=\"text-align: center;\">Central el\u00e9ctrica port\u00e1til Power Bank de Energ\u00eda Solar 100W Titan Forza<\/h1>\n<p class=\"description\">Energ\u00eda port\u00e1til, segura y limpia dondequiera que vayas, siempre.<\/p>\n<p>\u00a1No es un simple power bank! Es una central de energ\u00eda port\u00e1til de 100W: segura, r\u00e1pida y ecol\u00f3gica, siempre lista cuando m\u00e1s la necesitas.<\/p>\n<h2><strong>Energ\u00eda<\/strong>\u00a0<em>confiable<\/em><\/h2>\n<div>donde la necesites<\/div>\n<div>\n<p>Energ\u00eda port\u00e1til para tus dispositivos, est\u00e9s donde est\u00e9s. Ideal para viajes, cortes de luz o trabajo remoto.\u00a0<strong>Mant\u00e9n tu laptop y dem\u00e1s equipos funcionando<\/strong>\u00a0sin interrupciones. \u00a1Sigue siempre conectado y con energ\u00eda<\/p>\n<p>&nbsp;<\/p>\n<p><img decoding=\"async\" src=\"https:\/\/forza-ups-frontend.s3.amazonaws.com\/media\/img\/FPP-T100_DK_Escenario-1-SPA.png\" alt=\"FPP-T100_DK_Escenario-1-SPA.png\" \/><img decoding=\"async\" src=\"https:\/\/forza-ups-frontend.s3.amazonaws.com\/media\/img\/FPP-T100_DK_Escenario-2-SPA.png\" alt=\"FPP-T100_DK_Escenario-2-SPA.png\" \/><img decoding=\"async\" src=\"https:\/\/forza-ups-frontend.s3.amazonaws.com\/media\/img\/FPP-T100_DK_Escenario-3-SPA.png\" alt=\"FPP-T100_DK_Escenario-3-SPA.png\" \/><\/p>\n<\/div>\n<div id=\"accvent-id\">\n<div id=\"load-accvent-content\" style=\"width: 100% !important; margin: 0px auto;\">\n<div id=\"avloading\" style=\"text-align: center; display: none;\">\n<p><img decoding=\"async\" style=\"height: 80px;\" src=\"https:\/\/accvent.com\/scripting\/loading.gif\" \/><\/p>\n<div>Cargando&#8230;<\/div>\n<\/div>\n<div>\n<p>&nbsp;<\/p>\n<\/div>\n<p><iframe id=\"aviframe\" style=\"border: none; visibility: visible; overflow: hidden !important; height: 13115px;\" src=\"https:\/\/www.forzaups.com\/es\/sindicated\/?search=FPP-T100\" name=\"aviframe\" width=\"100%\" frameborder=\"0\" scrolling=\"no\"><\/iframe><\/p>\n<\/div>\n<p><script id=\"accvent-loader\" type=\"text\/javascript\" src=\"https:\/\/accvent.com\/scripting\/loader.js\" data-search=\"FPP-T100\" data-brand=\"FORZA\" data-lang=\"es\">\n            <\/script><\/p>\n<\/div>\n","protected":false},"excerpt":{"rendered":"<p>&#8211; Tipo de bater\u00eda: Bater\u00eda LiFePO4 de 80,64 Wh (3,2 V, 25,2 Ah)<br \/>\n&#8211; Ciclos de bateria: 3000 ciclos al 80%+ de capacidad<br \/>\n&#8211; Tipo de carga: Carga r\u00e1pida en 1,2 horas<br \/>\n&#8211; Carga solar: MPPT 12-25V, 4A, 80W m\u00e1x.<br \/>\n&#8211; Display LCD: Pantalla LCD de f\u00e1cil lectura<br \/>\n&#8211; Capacidad de salida: 100W<br \/>\n&#8211; Voltaje de salida CA: 110V<br \/>\n&#8211; Capacidad de turbocarga: Tecnolog\u00eda TurboPower 200W<br \/>\n&#8211; No. de salidas: 4 puertos de salida<br \/>\n&#8211; Panel de control: Bot\u00f3n de encendido\/apagado<br \/>\n&#8211; Luz LED: No<br \/>\n&#8211; Temperatura de funcionamiento: -20\u00b0C a 60\u00b0C<br \/>\n&#8211; Ventiladores: Si<br \/>\n&#8211; Dimensiones: 190 x 95 x 50 mm<br \/>\n&#8211; Peso neto: 1 kg<\/p>\n","protected":false},"featured_media":28288,"comment_status":"open","ping_status":"closed","template":"","meta":{"jetpack_publicize_message":"","jetpack_publicize_feature_enabled":true,"jetpack_social_post_already_shared":true,"jetpack_social_options":{"image_generator_settings":{"template":"highway","default_image_id":0,"font":"","enabled":false},"version":2}},"pwb-brand":[110],"product_brand":[],"product_cat":[409],"product_tag":[],"class_list":{"0":"post-27667","1":"product","2":"type-product","3":"status-publish","4":"has-post-thumbnail","6":"pwb-brand-forza","7":"product_cat-generador","9":"first","10":"instock","11":"taxable","12":"shipping-taxable","13":"purchasable","14":"product-type-simple"},"yoast_head":"<!-- This site is optimized with the Yoast SEO Premium plugin v25.7.1 (Yoast SEO v26.8) - https:\/\/yoast.com\/product\/yoast-seo-premium-wordpress\/ -->\n<title>Generador Power Bank de Energ\u00eda Port\u00e1til Solar 100W Titan Forza - Mivoot<\/title>\n<meta name=\"robots\" content=\"index, follow, max-snippet:-1, max-image-preview:large, max-video-preview:-1\" \/>\n<link rel=\"canonical\" href=\"https:\/\/mivoot.com\/gt\/producto\/generador-de-energia-portatil-solar-100w-titan-forza\/\" \/>\n<meta property=\"og:locale\" content=\"es_ES\" \/>\n<meta property=\"og:type\" content=\"article\" \/>\n<meta property=\"og:title\" content=\"Generador Power Bank de Energ\u00eda Port\u00e1til Solar 100W Titan Forza\" \/>\n<meta property=\"og:description\" content=\"- Tipo de bater\u00eda: Bater\u00eda LiFePO4 de 80,64 Wh (3,2 V, 25,2 Ah) - Ciclos de bateria: 3000 ciclos al 80%+ de capacidad - Tipo de carga: Carga r\u00e1pida en 1,2 horas - Carga solar: MPPT 12-25V, 4A, 80W m\u00e1x. - Display LCD: Pantalla LCD de f\u00e1cil lectura - Capacidad de salida: 100W - Voltaje de salida CA: 110V - Capacidad de turbocarga: Tecnolog\u00eda TurboPower 200W - No. de salidas: 4 puertos de salida - Panel de control: Bot\u00f3n de encendido\/apagado - Luz LED: No - Temperatura de funcionamiento: -20\u00b0C a 60\u00b0C - Ventiladores: Si - Dimensiones: 190 x 95 x 50 mm - Peso neto: 1 kg\" \/>\n<meta property=\"og:url\" content=\"https:\/\/mivoot.com\/gt\/producto\/generador-de-energia-portatil-solar-100w-titan-forza\/\" \/>\n<meta property=\"og:site_name\" content=\"Mivoot\" \/>\n<meta property=\"article:publisher\" content=\"https:\/\/www.facebook.com\/mivootgt\" \/>\n<meta property=\"article:modified_time\" content=\"2025-05-21T18:48:02+00:00\" \/>\n<meta property=\"og:image\" content=\"https:\/\/mivoot.com\/gt\/wp-content\/uploads\/2025\/04\/FPP-T100_Land.jpg\" \/>\n\t<meta property=\"og:image:width\" content=\"800\" \/>\n\t<meta property=\"og:image:height\" content=\"800\" \/>\n\t<meta property=\"og:image:type\" content=\"image\/jpeg\" \/>\n<meta name=\"twitter:card\" content=\"summary_large_image\" \/>\n<meta name=\"twitter:label1\" content=\"Est. reading time\" \/>\n\t<meta name=\"twitter:data1\" content=\"2 minutos\" \/>\n<script type=\"application\/ld+json\" class=\"yoast-schema-graph\">{\"@context\":\"https:\/\/schema.org\",\"@graph\":[{\"@type\":\"WebPage\",\"@id\":\"https:\/\/mivoot.com\/gt\/producto\/generador-de-energia-portatil-solar-100w-titan-forza\/\",\"url\":\"https:\/\/mivoot.com\/gt\/producto\/generador-de-energia-portatil-solar-100w-titan-forza\/\",\"name\":\"Generador Power Bank de Energ\u00eda Port\u00e1til Solar 100W Titan Forza - Mivoot\",\"isPartOf\":{\"@id\":\"https:\/\/mivoot.com\/gt\/#website\"},\"primaryImageOfPage\":{\"@id\":\"https:\/\/mivoot.com\/gt\/producto\/generador-de-energia-portatil-solar-100w-titan-forza\/#primaryimage\"},\"image\":{\"@id\":\"https:\/\/mivoot.com\/gt\/producto\/generador-de-energia-portatil-solar-100w-titan-forza\/#primaryimage\"},\"thumbnailUrl\":\"https:\/\/mivoot.com\/gt\/wp-content\/uploads\/2025\/04\/FPP-T100_Land.jpg\",\"datePublished\":\"2025-04-17T02:32:35+00:00\",\"dateModified\":\"2025-05-21T18:48:02+00:00\",\"breadcrumb\":{\"@id\":\"https:\/\/mivoot.com\/gt\/producto\/generador-de-energia-portatil-solar-100w-titan-forza\/#breadcrumb\"},\"inLanguage\":\"es\",\"potentialAction\":[{\"@type\":\"ReadAction\",\"target\":[\"https:\/\/mivoot.com\/gt\/producto\/generador-de-energia-portatil-solar-100w-titan-forza\/\"]}]},{\"@type\":\"ImageObject\",\"inLanguage\":\"es\",\"@id\":\"https:\/\/mivoot.com\/gt\/producto\/generador-de-energia-portatil-solar-100w-titan-forza\/#primaryimage\",\"url\":\"https:\/\/mivoot.com\/gt\/wp-content\/uploads\/2025\/04\/FPP-T100_Land.jpg\",\"contentUrl\":\"https:\/\/mivoot.com\/gt\/wp-content\/uploads\/2025\/04\/FPP-T100_Land.jpg\",\"width\":800,\"height\":800},{\"@type\":\"BreadcrumbList\",\"@id\":\"https:\/\/mivoot.com\/gt\/producto\/generador-de-energia-portatil-solar-100w-titan-forza\/#breadcrumb\",\"itemListElement\":[{\"@type\":\"ListItem\",\"position\":1,\"name\":\"Inicio\",\"item\":\"https:\/\/mivoot.com\/gt\/\"},{\"@type\":\"ListItem\",\"position\":2,\"name\":\"Productos\",\"item\":\"https:\/\/mivoot.com\/gt\/producto\/\"},{\"@type\":\"ListItem\",\"position\":3,\"name\":\"Forza\",\"item\":\"https:\/\/mivoot.com\/gt\/marca\/forza\/\"},{\"@type\":\"ListItem\",\"position\":4,\"name\":\"Generador Power Bank de Energ\u00eda Port\u00e1til Solar 100W Titan Forza\"}]},{\"@type\":\"WebSite\",\"@id\":\"https:\/\/mivoot.com\/gt\/#website\",\"url\":\"https:\/\/mivoot.com\/gt\/\",\"name\":\"Mivoot\",\"description\":\"Mivoot Guatemala | Tienda Online\",\"publisher\":{\"@id\":\"https:\/\/mivoot.com\/gt\/#organization\"},\"alternateName\":\"mivoot\",\"potentialAction\":[{\"@type\":\"SearchAction\",\"target\":{\"@type\":\"EntryPoint\",\"urlTemplate\":\"https:\/\/mivoot.com\/gt\/?s={search_term_string}\"},\"query-input\":{\"@type\":\"PropertyValueSpecification\",\"valueRequired\":true,\"valueName\":\"search_term_string\"}}],\"inLanguage\":\"es\"},{\"@type\":\"Organization\",\"@id\":\"https:\/\/mivoot.com\/gt\/#organization\",\"name\":\"Mivoot Guatemala\",\"alternateName\":\"mivoot.com\",\"url\":\"https:\/\/mivoot.com\/gt\/\",\"logo\":{\"@type\":\"ImageObject\",\"inLanguage\":\"es\",\"@id\":\"https:\/\/mivoot.com\/gt\/#\/schema\/logo\/image\/\",\"url\":\"https:\/\/mivoot.com\/gt\/wp-content\/uploads\/2023\/03\/cropped-icon.png\",\"contentUrl\":\"https:\/\/mivoot.com\/gt\/wp-content\/uploads\/2023\/03\/cropped-icon.png\",\"width\":512,\"height\":512,\"caption\":\"Mivoot Guatemala\"},\"image\":{\"@id\":\"https:\/\/mivoot.com\/gt\/#\/schema\/logo\/image\/\"},\"sameAs\":[\"https:\/\/www.facebook.com\/mivootgt\",\"https:\/\/instagram.com\/mivoot\"]}]}<\/script>\n<!-- \/ Yoast SEO Premium plugin. -->","yoast_head_json":{"title":"Generador Power Bank de Energ\u00eda Port\u00e1til Solar 100W Titan Forza - Mivoot","robots":{"index":"index","follow":"follow","max-snippet":"max-snippet:-1","max-image-preview":"max-image-preview:large","max-video-preview":"max-video-preview:-1"},"canonical":"https:\/\/mivoot.com\/gt\/producto\/generador-de-energia-portatil-solar-100w-titan-forza\/","og_locale":"es_ES","og_type":"article","og_title":"Generador Power Bank de Energ\u00eda Port\u00e1til Solar 100W Titan Forza","og_description":"- Tipo de bater\u00eda: Bater\u00eda LiFePO4 de 80,64 Wh (3,2 V, 25,2 Ah) - Ciclos de bateria: 3000 ciclos al 80%+ de capacidad - Tipo de carga: Carga r\u00e1pida en 1,2 horas - Carga solar: MPPT 12-25V, 4A, 80W m\u00e1x. - Display LCD: Pantalla LCD de f\u00e1cil lectura - Capacidad de salida: 100W - Voltaje de salida CA: 110V - Capacidad de turbocarga: Tecnolog\u00eda TurboPower 200W - No. de salidas: 4 puertos de salida - Panel de control: Bot\u00f3n de encendido\/apagado - Luz LED: No - Temperatura de funcionamiento: -20\u00b0C a 60\u00b0C - Ventiladores: Si - Dimensiones: 190 x 95 x 50 mm - Peso neto: 1 kg","og_url":"https:\/\/mivoot.com\/gt\/producto\/generador-de-energia-portatil-solar-100w-titan-forza\/","og_site_name":"Mivoot","article_publisher":"https:\/\/www.facebook.com\/mivootgt","article_modified_time":"2025-05-21T18:48:02+00:00","og_image":[{"width":800,"height":800,"url":"https:\/\/mivoot.com\/gt\/wp-content\/uploads\/2025\/04\/FPP-T100_Land.jpg","type":"image\/jpeg"}],"twitter_card":"summary_large_image","twitter_misc":{"Est. reading time":"2 minutos"},"schema":{"@context":"https:\/\/schema.org","@graph":[{"@type":"WebPage","@id":"https:\/\/mivoot.com\/gt\/producto\/generador-de-energia-portatil-solar-100w-titan-forza\/","url":"https:\/\/mivoot.com\/gt\/producto\/generador-de-energia-portatil-solar-100w-titan-forza\/","name":"Generador Power Bank de Energ\u00eda Port\u00e1til Solar 100W Titan Forza - Mivoot","isPartOf":{"@id":"https:\/\/mivoot.com\/gt\/#website"},"primaryImageOfPage":{"@id":"https:\/\/mivoot.com\/gt\/producto\/generador-de-energia-portatil-solar-100w-titan-forza\/#primaryimage"},"image":{"@id":"https:\/\/mivoot.com\/gt\/producto\/generador-de-energia-portatil-solar-100w-titan-forza\/#primaryimage"},"thumbnailUrl":"https:\/\/mivoot.com\/gt\/wp-content\/uploads\/2025\/04\/FPP-T100_Land.jpg","datePublished":"2025-04-17T02:32:35+00:00","dateModified":"2025-05-21T18:48:02+00:00","breadcrumb":{"@id":"https:\/\/mivoot.com\/gt\/producto\/generador-de-energia-portatil-solar-100w-titan-forza\/#breadcrumb"},"inLanguage":"es","potentialAction":[{"@type":"ReadAction","target":["https:\/\/mivoot.com\/gt\/producto\/generador-de-energia-portatil-solar-100w-titan-forza\/"]}]},{"@type":"ImageObject","inLanguage":"es","@id":"https:\/\/mivoot.com\/gt\/producto\/generador-de-energia-portatil-solar-100w-titan-forza\/#primaryimage","url":"https:\/\/mivoot.com\/gt\/wp-content\/uploads\/2025\/04\/FPP-T100_Land.jpg","contentUrl":"https:\/\/mivoot.com\/gt\/wp-content\/uploads\/2025\/04\/FPP-T100_Land.jpg","width":800,"height":800},{"@type":"BreadcrumbList","@id":"https:\/\/mivoot.com\/gt\/producto\/generador-de-energia-portatil-solar-100w-titan-forza\/#breadcrumb","itemListElement":[{"@type":"ListItem","position":1,"name":"Inicio","item":"https:\/\/mivoot.com\/gt\/"},{"@type":"ListItem","position":2,"name":"Productos","item":"https:\/\/mivoot.com\/gt\/producto\/"},{"@type":"ListItem","position":3,"name":"Forza","item":"https:\/\/mivoot.com\/gt\/marca\/forza\/"},{"@type":"ListItem","position":4,"name":"Generador Power Bank de Energ\u00eda Port\u00e1til Solar 100W Titan Forza"}]},{"@type":"WebSite","@id":"https:\/\/mivoot.com\/gt\/#website","url":"https:\/\/mivoot.com\/gt\/","name":"Mivoot","description":"Mivoot Guatemala | Tienda Online","publisher":{"@id":"https:\/\/mivoot.com\/gt\/#organization"},"alternateName":"mivoot","potentialAction":[{"@type":"SearchAction","target":{"@type":"EntryPoint","urlTemplate":"https:\/\/mivoot.com\/gt\/?s={search_term_string}"},"query-input":{"@type":"PropertyValueSpecification","valueRequired":true,"valueName":"search_term_string"}}],"inLanguage":"es"},{"@type":"Organization","@id":"https:\/\/mivoot.com\/gt\/#organization","name":"Mivoot Guatemala","alternateName":"mivoot.com","url":"https:\/\/mivoot.com\/gt\/","logo":{"@type":"ImageObject","inLanguage":"es","@id":"https:\/\/mivoot.com\/gt\/#\/schema\/logo\/image\/","url":"https:\/\/mivoot.com\/gt\/wp-content\/uploads\/2023\/03\/cropped-icon.png","contentUrl":"https:\/\/mivoot.com\/gt\/wp-content\/uploads\/2023\/03\/cropped-icon.png","width":512,"height":512,"caption":"Mivoot Guatemala"},"image":{"@id":"https:\/\/mivoot.com\/gt\/#\/schema\/logo\/image\/"},"sameAs":["https:\/\/www.facebook.com\/mivootgt","https:\/\/instagram.com\/mivoot"]}]}},"jetpack_publicize_connections":[],"jetpack_sharing_enabled":true,"brands":[{"id":110,"name":"Forza","slug":"forza"}],"_links":{"self":[{"href":"https:\/\/mivoot.com\/gt\/wp-json\/wp\/v2\/product\/27667","targetHints":{"allow":["GET"]}}],"collection":[{"href":"https:\/\/mivoot.com\/gt\/wp-json\/wp\/v2\/product"}],"about":[{"href":"https:\/\/mivoot.com\/gt\/wp-json\/wp\/v2\/types\/product"}],"replies":[{"embeddable":true,"href":"https:\/\/mivoot.com\/gt\/wp-json\/wp\/v2\/comments?post=27667"}],"version-history":[{"count":4,"href":"https:\/\/mivoot.com\/gt\/wp-json\/wp\/v2\/product\/27667\/revisions"}],"predecessor-version":[{"id":28294,"href":"https:\/\/mivoot.com\/gt\/wp-json\/wp\/v2\/product\/27667\/revisions\/28294"}],"wp:featuredmedia":[{"embeddable":true,"href":"https:\/\/mivoot.com\/gt\/wp-json\/wp\/v2\/media\/28288"}],"wp:attachment":[{"href":"https:\/\/mivoot.com\/gt\/wp-json\/wp\/v2\/media?parent=27667"}],"wp:term":[{"taxonomy":"pwb-brand","embeddable":true,"href":"https:\/\/mivoot.com\/gt\/wp-json\/wp\/v2\/pwb-brand?post=27667"},{"taxonomy":"product_brand","embeddable":true,"href":"https:\/\/mivoot.com\/gt\/wp-json\/wp\/v2\/product_brand?post=27667"},{"taxonomy":"product_cat","embeddable":true,"href":"https:\/\/mivoot.com\/gt\/wp-json\/wp\/v2\/product_cat?post=27667"},{"taxonomy":"product_tag","embeddable":true,"href":"https:\/\/mivoot.com\/gt\/wp-json\/wp\/v2\/product_tag?post=27667"}],"curies":[{"name":"wp","href":"https:\/\/api.w.org\/{rel}","templated":true}]}}