{"id":27760,"date":"2025-05-01T11:59:30","date_gmt":"2025-05-01T17:59:30","guid":{"rendered":"https:\/\/mivoot.com\/gt\/?post_type=product&#038;p=27760"},"modified":"2025-05-01T12:03:17","modified_gmt":"2025-05-01T18:03:17","slug":"estabilizador-osmo-mobile-7-dji","status":"publish","type":"product","link":"https:\/\/mivoot.com\/gt\/producto\/estabilizador-osmo-mobile-7-dji\/","title":{"rendered":"Estabilizador Osmo Mobile 7 DJI"},"content":{"rendered":"<div class=\"feature_UbV5SNP5Eo\">\n<div class=\"hasLeftMedia_UbV5SNP5Eo\">\n<h1 id=\"title\" class=\"a-size-large a-spacing-none\" style=\"text-align: center;\"><span id=\"productTitle\" class=\"a-size-large product-title-word-break\">Estabilizador DJI Osmo Mobile 7 para iPhone y Android, tr\u00edpode integrado, ultraligero<\/span><\/h1>\n<ul>\n<li class=\"js-injected-html text_UbV5SNP5Eo\">El Osmo Mobile 7 ofrece una estabilidad mejorada para distancias m\u00e1s largas gracias a la tecnolog\u00eda ActiveTrack 7.0 actualizada, que rastrea autom\u00e1ticamente las formas del cuerpo para seguir a los sujetos sin necesidad de seleccionarlo manualmente.<\/li>\n<li class=\"js-injected-html text_UbV5SNP5Eo\">Sigue a los sujetos incluso despu\u00e9s de que dejen de encuadrar gracias al zoom autom\u00e1tico y los movimientos del estabilizador para una grabaci\u00f3n continua. La Captura Inteligente detecta varios sujetos y te permite cambiar f\u00e1cilmente con solo tocar la pantalla de tu tel\u00e9fono.<\/li>\n<li class=\"js-injected-html text_UbV5SNP5Eo\">El seguimiento fluido localiza a tu sujeto preferido, ya sea una persona o una mascota, y mantiene un seguimiento continuo sin importar el movimiento ni los obst\u00e1culos. La tecnolog\u00eda de estabilizaci\u00f3n integrada crea fotos sin vibraciones ni distorsiones debido al terreno.<\/li>\n<\/ul>\n<p><img decoding=\"async\" src=\"https:\/\/f.media-amazon.com\/images\/S\/aplus-media-library-service-media\/d4d28501-edf7-427e-ace0-b33f52370271.__CR0,0,2928,1200_PT0_SX1464_V1___.jpg\" alt=\"Captura inteligente\" \/><\/p>\n<div class=\"feature_UbV5SNP5Eo\">\n<div class=\"hasLeftMedia_UbV5SNP5Eo\">\n<div class=\"featureHeader_UbV5SNP5Eo\">\n<h4 class=\"text_TAw0W35QK_ comfy_TAw0W35QK_ sizeTitle2_TAw0W35QK_ weightNormal_TAw0W35QK_ primary_i3MsQsqoe0\">Modos de disparo inteligentes<\/h4>\n<div class=\"text_TAw0W35QK_ comfy_TAw0W35QK_ sizeTitle2_TAw0W35QK_ weightNormal_TAw0W35QK_ primary_i3MsQsqoe0\">Adem\u00e1s de los modos de seguimiento pan\/tilt habituales de DJI y SpinShot, el Osmo Mobile 7 tambi\u00e9n ofrece modos de grabaci\u00f3n inteligentes para una visualizaci\u00f3n m\u00e1s amplia. Utiliza Time-Lapse, Motion-Lapse e Hyper-Lapse para una fusi\u00f3n perfecta del tiempo. Usa tres modos panor\u00e1micos diferentes para capturar grandes extensiones. Ampl\u00eda y comprime tu v\u00eddeo con DynamicZoom y los modos Move In o Move Out.<\/div>\n<\/div>\n<div><img decoding=\"async\" src=\"https:\/\/f.media-amazon.com\/images\/S\/aplus-media-library-service-media\/d0445230-1b50-4bde-b7ae-c91a3a2f8a8f.__CR0,0,2928,1200_PT0_SX1464_V1___.jpg\" alt=\"Control de gestos\" \/><\/div>\n<div class=\"featureHeader_UbV5SNP5Eo\">\n<h4 class=\"text_TAw0W35QK_ comfy_TAw0W35QK_ sizeTitle2_TAw0W35QK_ weightNormal_TAw0W35QK_ primary_i3MsQsqoe0\">Modo Padres e Hijos<\/h4>\n<div class=\"text_TAw0W35QK_ comfy_TAw0W35QK_ sizeTitle2_TAw0W35QK_ weightNormal_TAw0W35QK_ primary_i3MsQsqoe0\">Una nueva funci\u00f3n incluida en la OM 7 es el Modo Padres e Hijos, que te ayuda a convertirte en el fot\u00f3grafo de tu familia. Captura autom\u00e1ticamente momentos con tus hijos gracias al seguimiento mejorado y accede a diversas plantillas para crear recuerdos digitales.<\/div>\n<div><img decoding=\"async\" src=\"https:\/\/f.media-amazon.com\/images\/S\/aplus-media-library-service-media\/9f60d8cb-fc25-44ad-8a85-66d021735db6.__CR0,0,2928,1200_PT0_SX1464_V1___.jpg\" alt=\"Control remoto con reloj\" \/><\/div>\n<h4 class=\"text_TAw0W35QK_ comfy_TAw0W35QK_ sizeTitle2_TAw0W35QK_ weightNormal_TAw0W35QK_ primary_i3MsQsqoe0\">Duraci\u00f3n de la bater\u00eda y carga del tel\u00e9fono<\/h4>\n<div class=\"text_TAw0W35QK_ comfy_TAw0W35QK_ sizeTitle2_TAw0W35QK_ weightNormal_TAw0W35QK_ primary_i3MsQsqoe0\">Una bater\u00eda recargable integrada permite que el Mobile 7 funcione durante 10 horas. Una vez agotada, se puede recargar en 2,5 horas con el cable de alimentaci\u00f3n incluido y el puerto USB-C. Este mismo puerto USB-C tambi\u00e9n puede utilizarse como salida de alimentaci\u00f3n para cargar el smartphone cuando el estabilizador est\u00e1 apagado.<\/div>\n<\/div>\n<\/div>\n<\/div>\n<\/div>\n<\/div>\n<div><\/div>\n<div>\n<div class=\"featureHeader_UbV5SNP5Eo\">\n<h4 class=\"text_TAw0W35QK_ comfy_TAw0W35QK_ sizeTitle2_TAw0W35QK_ weightNormal_TAw0W35QK_ primary_i3MsQsqoe0\">Aplicaci\u00f3n DJI Mimo<\/h4>\n<\/div>\n<div class=\"js-injected-html text_UbV5SNP5Eo\">\n<ul>\n<li>La tecnolog\u00eda ActiveTrack 7.0 integrada en la aplicaci\u00f3n permite que el Osmo Mobile 7 mantenga autom\u00e1ticamente su tel\u00e9fono orientado hacia usted mientras se mueve.<\/li>\n<li>Utilice su Apple Watch para ver la transmisi\u00f3n de la c\u00e1mara, controlar el estabilizador y habilitar ActiveTrack de forma remota.<\/li>\n<li>La edici\u00f3n de un solo toque impulsada por IA y las plantillas de video exclusivas hacen que crear videos sea intuitivo y f\u00e1cil.<\/li>\n<li>ShotGuides analiza tu entorno de disparo y recomienda una secuencia de disparo con un tutorial guiado.<\/li>\n<\/ul>\n<p><img decoding=\"async\" src=\"https:\/\/f.media-amazon.com\/images\/S\/aplus-media-library-service-media\/8e6ba3c0-1265-4ecc-9aa6-f960d1020831.__CR0,0,2928,1200_PT0_SX1464_V1___.jpg\" alt=\"Tr\u00edpode incorporado\" \/><\/p>\n<p><img decoding=\"async\" src=\"https:\/\/se-cdn.djiits.com\/tpc\/uploads\/carousel\/image\/fbf5fc58488dbea4c274b627b54097f6@ultra.jpg?format=webp\" alt=\"u\u00f1a del pulgar\" \/><\/p>\n<p>&nbsp;<\/p>\n<\/div>\n<\/div>\n<div class=\"feature_UbV5SNP5Eo\">\n<div class=\"hasRightMedia_UbV5SNP5Eo\">\n<div class=\"isImage_UbV5SNP5Eo media_UbV5SNP5Eo\"><\/div>\n<\/div>\n<\/div>\n","protected":false},"excerpt":{"rendered":"<p>&#8211; Estabilizaci\u00f3n en 3 ejes<br \/>\n&#8211; Tr\u00edpode integrado y dise\u00f1o plegable<br \/>\n&#8211; ActiveTrack 7.0<br \/>\n&#8211; Sencillos tutoriales y Edici\u00f3n en un toque<br \/>\n&#8211; Superligero y c\u00f3mo de sujetar<br \/>\n&#8211; Con\u00e9ctalo a la app DJI Mimo para acceder a ShotGuides<br \/>\n&#8211; Ultraligero y Ergon\u00f3mico: pesa solo 300 gramos,<br \/>\n&#8211; 10 horas de bater\u00eda y carga del tel\u00e9fono<br \/>\n&#8211; Dise\u00f1o Plegable con Tr\u00edpode Integrado<br \/>\n&#8211; Tiempo de carga: Aprox. 2,5 horas (con cargador USB-C de 10 W)<br \/>\n&#8211; Puerto de carga del card\u00e1n: USB-C<br \/>\n&#8211; Carga del tel\u00e9fono: Compatible<\/p>\n","protected":false},"featured_media":27761,"comment_status":"open","ping_status":"closed","template":"","meta":{"jetpack_publicize_message":"","jetpack_publicize_feature_enabled":true,"jetpack_social_post_already_shared":true,"jetpack_social_options":{"image_generator_settings":{"template":"highway","default_image_id":0,"font":"","enabled":false},"version":2}},"pwb-brand":[476],"product_brand":[],"product_cat":[424],"product_tag":[],"class_list":{"0":"post-27760","1":"product","2":"type-product","3":"status-publish","4":"has-post-thumbnail","6":"pwb-brand-dji","7":"product_cat-estabilizadores","9":"first","10":"instock","11":"taxable","12":"shipping-taxable","13":"purchasable","14":"product-type-simple"},"yoast_head":"<!-- This site is optimized with the Yoast SEO Premium plugin v25.7.1 (Yoast SEO v26.8) - https:\/\/yoast.com\/product\/yoast-seo-premium-wordpress\/ -->\n<title>Estabilizador Osmo Mobile 7 DJI - Mivoot<\/title>\n<meta name=\"robots\" content=\"index, follow, max-snippet:-1, max-image-preview:large, max-video-preview:-1\" \/>\n<link rel=\"canonical\" href=\"https:\/\/mivoot.com\/gt\/producto\/estabilizador-osmo-mobile-7-dji\/\" \/>\n<meta property=\"og:locale\" content=\"es_ES\" \/>\n<meta property=\"og:type\" content=\"article\" \/>\n<meta property=\"og:title\" content=\"Estabilizador Osmo Mobile 7 DJI\" \/>\n<meta property=\"og:description\" content=\"- Estabilizaci\u00f3n en 3 ejes - Tr\u00edpode integrado y dise\u00f1o plegable - ActiveTrack 7.0 - Sencillos tutoriales y Edici\u00f3n en un toque - Superligero y c\u00f3mo de sujetar - Con\u00e9ctalo a la app DJI Mimo para acceder a ShotGuides  - Ultraligero y Ergon\u00f3mico: pesa solo 300 gramos, - 10 horas de bater\u00eda y carga del tel\u00e9fono - Dise\u00f1o Plegable con Tr\u00edpode Integrado - Tiempo de carga: Aprox. 2,5 horas (con cargador USB-C de 10 W) - Puerto de carga del card\u00e1n: USB-C - Carga del tel\u00e9fono: Compatible\" \/>\n<meta property=\"og:url\" content=\"https:\/\/mivoot.com\/gt\/producto\/estabilizador-osmo-mobile-7-dji\/\" \/>\n<meta property=\"og:site_name\" content=\"Mivoot\" \/>\n<meta property=\"article:publisher\" content=\"https:\/\/www.facebook.com\/mivootgt\" \/>\n<meta property=\"article:modified_time\" content=\"2025-05-01T18:03:17+00:00\" \/>\n<meta property=\"og:image\" content=\"https:\/\/mivoot.com\/gt\/wp-content\/uploads\/2025\/05\/osmo-mobile-7.jpg\" \/>\n\t<meta property=\"og:image:width\" content=\"300\" \/>\n\t<meta property=\"og:image:height\" content=\"300\" \/>\n\t<meta property=\"og:image:type\" content=\"image\/jpeg\" \/>\n<meta name=\"twitter:card\" content=\"summary_large_image\" \/>\n<meta name=\"twitter:label1\" content=\"Est. reading time\" \/>\n\t<meta name=\"twitter:data1\" content=\"5 minutos\" \/>\n<script type=\"application\/ld+json\" class=\"yoast-schema-graph\">{\"@context\":\"https:\/\/schema.org\",\"@graph\":[{\"@type\":\"WebPage\",\"@id\":\"https:\/\/mivoot.com\/gt\/producto\/estabilizador-osmo-mobile-7-dji\/\",\"url\":\"https:\/\/mivoot.com\/gt\/producto\/estabilizador-osmo-mobile-7-dji\/\",\"name\":\"Estabilizador Osmo Mobile 7 DJI - Mivoot\",\"isPartOf\":{\"@id\":\"https:\/\/mivoot.com\/gt\/#website\"},\"primaryImageOfPage\":{\"@id\":\"https:\/\/mivoot.com\/gt\/producto\/estabilizador-osmo-mobile-7-dji\/#primaryimage\"},\"image\":{\"@id\":\"https:\/\/mivoot.com\/gt\/producto\/estabilizador-osmo-mobile-7-dji\/#primaryimage\"},\"thumbnailUrl\":\"https:\/\/mivoot.com\/gt\/wp-content\/uploads\/2025\/05\/osmo-mobile-7.jpg\",\"datePublished\":\"2025-05-01T17:59:30+00:00\",\"dateModified\":\"2025-05-01T18:03:17+00:00\",\"breadcrumb\":{\"@id\":\"https:\/\/mivoot.com\/gt\/producto\/estabilizador-osmo-mobile-7-dji\/#breadcrumb\"},\"inLanguage\":\"es\",\"potentialAction\":[{\"@type\":\"ReadAction\",\"target\":[\"https:\/\/mivoot.com\/gt\/producto\/estabilizador-osmo-mobile-7-dji\/\"]}]},{\"@type\":\"ImageObject\",\"inLanguage\":\"es\",\"@id\":\"https:\/\/mivoot.com\/gt\/producto\/estabilizador-osmo-mobile-7-dji\/#primaryimage\",\"url\":\"https:\/\/mivoot.com\/gt\/wp-content\/uploads\/2025\/05\/osmo-mobile-7.jpg\",\"contentUrl\":\"https:\/\/mivoot.com\/gt\/wp-content\/uploads\/2025\/05\/osmo-mobile-7.jpg\",\"width\":300,\"height\":300},{\"@type\":\"BreadcrumbList\",\"@id\":\"https:\/\/mivoot.com\/gt\/producto\/estabilizador-osmo-mobile-7-dji\/#breadcrumb\",\"itemListElement\":[{\"@type\":\"ListItem\",\"position\":1,\"name\":\"Inicio\",\"item\":\"https:\/\/mivoot.com\/gt\/\"},{\"@type\":\"ListItem\",\"position\":2,\"name\":\"Productos\",\"item\":\"https:\/\/mivoot.com\/gt\/producto\/\"},{\"@type\":\"ListItem\",\"position\":3,\"name\":\"DJI\",\"item\":\"https:\/\/mivoot.com\/gt\/marca\/dji\/\"},{\"@type\":\"ListItem\",\"position\":4,\"name\":\"Estabilizador Osmo Mobile 7 DJI\"}]},{\"@type\":\"WebSite\",\"@id\":\"https:\/\/mivoot.com\/gt\/#website\",\"url\":\"https:\/\/mivoot.com\/gt\/\",\"name\":\"Mivoot\",\"description\":\"Mivoot Guatemala | Tienda Online\",\"publisher\":{\"@id\":\"https:\/\/mivoot.com\/gt\/#organization\"},\"alternateName\":\"mivoot\",\"potentialAction\":[{\"@type\":\"SearchAction\",\"target\":{\"@type\":\"EntryPoint\",\"urlTemplate\":\"https:\/\/mivoot.com\/gt\/?s={search_term_string}\"},\"query-input\":{\"@type\":\"PropertyValueSpecification\",\"valueRequired\":true,\"valueName\":\"search_term_string\"}}],\"inLanguage\":\"es\"},{\"@type\":\"Organization\",\"@id\":\"https:\/\/mivoot.com\/gt\/#organization\",\"name\":\"Mivoot Guatemala\",\"alternateName\":\"mivoot.com\",\"url\":\"https:\/\/mivoot.com\/gt\/\",\"logo\":{\"@type\":\"ImageObject\",\"inLanguage\":\"es\",\"@id\":\"https:\/\/mivoot.com\/gt\/#\/schema\/logo\/image\/\",\"url\":\"https:\/\/mivoot.com\/gt\/wp-content\/uploads\/2023\/03\/cropped-icon.png\",\"contentUrl\":\"https:\/\/mivoot.com\/gt\/wp-content\/uploads\/2023\/03\/cropped-icon.png\",\"width\":512,\"height\":512,\"caption\":\"Mivoot Guatemala\"},\"image\":{\"@id\":\"https:\/\/mivoot.com\/gt\/#\/schema\/logo\/image\/\"},\"sameAs\":[\"https:\/\/www.facebook.com\/mivootgt\",\"https:\/\/instagram.com\/mivoot\"]}]}<\/script>\n<!-- \/ Yoast SEO Premium plugin. -->","yoast_head_json":{"title":"Estabilizador Osmo Mobile 7 DJI - Mivoot","robots":{"index":"index","follow":"follow","max-snippet":"max-snippet:-1","max-image-preview":"max-image-preview:large","max-video-preview":"max-video-preview:-1"},"canonical":"https:\/\/mivoot.com\/gt\/producto\/estabilizador-osmo-mobile-7-dji\/","og_locale":"es_ES","og_type":"article","og_title":"Estabilizador Osmo Mobile 7 DJI","og_description":"- Estabilizaci\u00f3n en 3 ejes - Tr\u00edpode integrado y dise\u00f1o plegable - ActiveTrack 7.0 - Sencillos tutoriales y Edici\u00f3n en un toque - Superligero y c\u00f3mo de sujetar - Con\u00e9ctalo a la app DJI Mimo para acceder a ShotGuides  - Ultraligero y Ergon\u00f3mico: pesa solo 300 gramos, - 10 horas de bater\u00eda y carga del tel\u00e9fono - Dise\u00f1o Plegable con Tr\u00edpode Integrado - Tiempo de carga: Aprox. 2,5 horas (con cargador USB-C de 10 W) - Puerto de carga del card\u00e1n: USB-C - Carga del tel\u00e9fono: Compatible","og_url":"https:\/\/mivoot.com\/gt\/producto\/estabilizador-osmo-mobile-7-dji\/","og_site_name":"Mivoot","article_publisher":"https:\/\/www.facebook.com\/mivootgt","article_modified_time":"2025-05-01T18:03:17+00:00","og_image":[{"width":300,"height":300,"url":"https:\/\/mivoot.com\/gt\/wp-content\/uploads\/2025\/05\/osmo-mobile-7.jpg","type":"image\/jpeg"}],"twitter_card":"summary_large_image","twitter_misc":{"Est. reading time":"5 minutos"},"schema":{"@context":"https:\/\/schema.org","@graph":[{"@type":"WebPage","@id":"https:\/\/mivoot.com\/gt\/producto\/estabilizador-osmo-mobile-7-dji\/","url":"https:\/\/mivoot.com\/gt\/producto\/estabilizador-osmo-mobile-7-dji\/","name":"Estabilizador Osmo Mobile 7 DJI - Mivoot","isPartOf":{"@id":"https:\/\/mivoot.com\/gt\/#website"},"primaryImageOfPage":{"@id":"https:\/\/mivoot.com\/gt\/producto\/estabilizador-osmo-mobile-7-dji\/#primaryimage"},"image":{"@id":"https:\/\/mivoot.com\/gt\/producto\/estabilizador-osmo-mobile-7-dji\/#primaryimage"},"thumbnailUrl":"https:\/\/mivoot.com\/gt\/wp-content\/uploads\/2025\/05\/osmo-mobile-7.jpg","datePublished":"2025-05-01T17:59:30+00:00","dateModified":"2025-05-01T18:03:17+00:00","breadcrumb":{"@id":"https:\/\/mivoot.com\/gt\/producto\/estabilizador-osmo-mobile-7-dji\/#breadcrumb"},"inLanguage":"es","potentialAction":[{"@type":"ReadAction","target":["https:\/\/mivoot.com\/gt\/producto\/estabilizador-osmo-mobile-7-dji\/"]}]},{"@type":"ImageObject","inLanguage":"es","@id":"https:\/\/mivoot.com\/gt\/producto\/estabilizador-osmo-mobile-7-dji\/#primaryimage","url":"https:\/\/mivoot.com\/gt\/wp-content\/uploads\/2025\/05\/osmo-mobile-7.jpg","contentUrl":"https:\/\/mivoot.com\/gt\/wp-content\/uploads\/2025\/05\/osmo-mobile-7.jpg","width":300,"height":300},{"@type":"BreadcrumbList","@id":"https:\/\/mivoot.com\/gt\/producto\/estabilizador-osmo-mobile-7-dji\/#breadcrumb","itemListElement":[{"@type":"ListItem","position":1,"name":"Inicio","item":"https:\/\/mivoot.com\/gt\/"},{"@type":"ListItem","position":2,"name":"Productos","item":"https:\/\/mivoot.com\/gt\/producto\/"},{"@type":"ListItem","position":3,"name":"DJI","item":"https:\/\/mivoot.com\/gt\/marca\/dji\/"},{"@type":"ListItem","position":4,"name":"Estabilizador Osmo Mobile 7 DJI"}]},{"@type":"WebSite","@id":"https:\/\/mivoot.com\/gt\/#website","url":"https:\/\/mivoot.com\/gt\/","name":"Mivoot","description":"Mivoot Guatemala | Tienda Online","publisher":{"@id":"https:\/\/mivoot.com\/gt\/#organization"},"alternateName":"mivoot","potentialAction":[{"@type":"SearchAction","target":{"@type":"EntryPoint","urlTemplate":"https:\/\/mivoot.com\/gt\/?s={search_term_string}"},"query-input":{"@type":"PropertyValueSpecification","valueRequired":true,"valueName":"search_term_string"}}],"inLanguage":"es"},{"@type":"Organization","@id":"https:\/\/mivoot.com\/gt\/#organization","name":"Mivoot Guatemala","alternateName":"mivoot.com","url":"https:\/\/mivoot.com\/gt\/","logo":{"@type":"ImageObject","inLanguage":"es","@id":"https:\/\/mivoot.com\/gt\/#\/schema\/logo\/image\/","url":"https:\/\/mivoot.com\/gt\/wp-content\/uploads\/2023\/03\/cropped-icon.png","contentUrl":"https:\/\/mivoot.com\/gt\/wp-content\/uploads\/2023\/03\/cropped-icon.png","width":512,"height":512,"caption":"Mivoot Guatemala"},"image":{"@id":"https:\/\/mivoot.com\/gt\/#\/schema\/logo\/image\/"},"sameAs":["https:\/\/www.facebook.com\/mivootgt","https:\/\/instagram.com\/mivoot"]}]}},"jetpack_publicize_connections":[],"jetpack_sharing_enabled":true,"brands":[{"id":476,"name":"DJI","slug":"dji"}],"_links":{"self":[{"href":"https:\/\/mivoot.com\/gt\/wp-json\/wp\/v2\/product\/27760","targetHints":{"allow":["GET"]}}],"collection":[{"href":"https:\/\/mivoot.com\/gt\/wp-json\/wp\/v2\/product"}],"about":[{"href":"https:\/\/mivoot.com\/gt\/wp-json\/wp\/v2\/types\/product"}],"replies":[{"embeddable":true,"href":"https:\/\/mivoot.com\/gt\/wp-json\/wp\/v2\/comments?post=27760"}],"version-history":[{"count":4,"href":"https:\/\/mivoot.com\/gt\/wp-json\/wp\/v2\/product\/27760\/revisions"}],"predecessor-version":[{"id":27771,"href":"https:\/\/mivoot.com\/gt\/wp-json\/wp\/v2\/product\/27760\/revisions\/27771"}],"wp:featuredmedia":[{"embeddable":true,"href":"https:\/\/mivoot.com\/gt\/wp-json\/wp\/v2\/media\/27761"}],"wp:attachment":[{"href":"https:\/\/mivoot.com\/gt\/wp-json\/wp\/v2\/media?parent=27760"}],"wp:term":[{"taxonomy":"pwb-brand","embeddable":true,"href":"https:\/\/mivoot.com\/gt\/wp-json\/wp\/v2\/pwb-brand?post=27760"},{"taxonomy":"product_brand","embeddable":true,"href":"https:\/\/mivoot.com\/gt\/wp-json\/wp\/v2\/product_brand?post=27760"},{"taxonomy":"product_cat","embeddable":true,"href":"https:\/\/mivoot.com\/gt\/wp-json\/wp\/v2\/product_cat?post=27760"},{"taxonomy":"product_tag","embeddable":true,"href":"https:\/\/mivoot.com\/gt\/wp-json\/wp\/v2\/product_tag?post=27760"}],"curies":[{"name":"wp","href":"https:\/\/api.w.org\/{rel}","templated":true}]}}