{"id":27808,"date":"2025-05-01T13:50:10","date_gmt":"2025-05-01T19:50:10","guid":{"rendered":"https:\/\/mivoot.com\/gt\/?post_type=product&#038;p=27808"},"modified":"2025-05-01T13:52:35","modified_gmt":"2025-05-01T19:52:35","slug":"escaner-de-documentos-duplex-a-color-ds-410-epson","status":"publish","type":"product","link":"https:\/\/mivoot.com\/gt\/producto\/escaner-de-documentos-duplex-a-color-ds-410-epson\/","title":{"rendered":"Esc\u00e1ner de Documentos Duplex a Color DS-410 Epson"},"content":{"rendered":"<h3><img decoding=\"async\" src=\"https:\/\/f.media-amazon.com\/images\/S\/aplus-media-library-service-media\/6aced2df-b7d9-4981-8522-f798be9ed3cf.__CR0,0,1464,600_PT0_SX1464_V1___.jpg\" alt=\"DS-410 Document Scanner\" \/><img decoding=\"async\" src=\"https:\/\/f.media-amazon.com\/images\/S\/aplus-media-library-service-media\/6677266d-73b2-4ab8-8c8c-d6ae0ee9de20.__CR0,0,1464,600_PT0_SX1464_V1___.jpg\" alt=\"Easily scan batches of documents\" \/><\/h3>\n<div class=\"title_RiltKdop13\">\n<h1 class=\"text_TAw0W35QK_ comfy_TAw0W35QK_ sizeTitle2_TAw0W35QK_ weightNormal_TAw0W35QK_ primary_i3MsQsqoe0\" style=\"text-align: center;\" data-selenium=\"productTitle\">Epson WorkForce DS-410 Document Scanner<\/h1>\n<\/div>\n<div class=\"metaShare_RiltKdop13\">\n<div class=\"meta_RiltKdop13\">\n<div class=\"element_kcQ1qlyqn6\"><span style=\"font-size: 20.16px;\">Esc\u00e1ner confiable de documentos para las funciones m\u00e1s b\u00e1sicas de la oficina<\/span><\/div>\n<\/div>\n<\/div>\n<div class=\"description\">\n<p>El esc\u00e1ner DS-410 es el producto ideal para usuarios de oficinas peque\u00f1as o personas que trabajan en casa.\u00a0 Dise\u00f1ado para resolver las tareas diarias m\u00e1s b\u00e1sicas. Es un producto rentable, de alta productividad y bajo precio.\u00a0 Construido para una f\u00e1cil integraci\u00f3n con pr\u00e1cticamente cualquier software de gesti\u00f3n de documentos, incluye los drivers ISIS\u00ae y TWAIN. La compatibilidad de la l\u00ednea DS con ISIS permite incrementar la eficiencia en la captura de documentos que puede recopilar informaci\u00f3n en diversos formatos y desde diversos medios, haciendolo perfecto para la oficina. El esc\u00e1ner DS-410 es capaz de generar documentos PDF con reconocimiento de texto, y cuenta con un vers\u00e1til manejo de documentos (p\u00e1ginas de 11&#8243; x 17&#8243;4), tarjetas r\u00edgidas de pl\u00e1stico, tarjetas de presentaci\u00f3n, hojas de varios gramajes y m\u00e1s.<\/p>\n<p><img decoding=\"async\" src=\"https:\/\/f.media-amazon.com\/images\/S\/aplus-media-library-service-media\/e3ce4bf4-726e-4320-aee8-e85950528c08.__CR0,0,1464,600_PT0_SX1464_V1___.jpg\" \/><\/p>\n<ul>\n<li>Esc\u00e1ner con alimentador autom\u00e1tico de 50 hojas<\/li>\n<li>Resoluci\u00f3n \u00f3ptica: 600 dpi<\/li>\n<li>Velocidad: 26 ppm \/ 52 ipm<sup>1<\/sup><\/li>\n<\/ul>\n<section class=\"row\">\n<div class=\"simple-responsive-banner-component module-text-list js-tl-rte container-fluid container-main-content__aligned\" data-cpt-id=\"8796105999420\">\n<div class=\"module-content\">\n<ul>\n<li><b>R\u00e1pida Velocidad de escaneo:<\/b>\u00a0Escanee hasta 26 ppm \/ 52 ipm, capturando ambos lados en una sola pasada<sup>1<\/sup><\/li>\n<li><b>Escaneo directo a servicios de la nube:<\/b>\u00a0Escanea documentos directamente a servicios como Dropbox\u00ae, SharePoint\u00ae, Evernote\u00ae, Google DriveTM y m\u00e1s<sup>3<\/sup><\/li>\n<li><b>Integraci\u00f3n f\u00e1cil:<\/b>\u00a0Incluye TWAIN e ISIS\u00ae\u00a0para f\u00e1cil intregraci\u00f3n con softwares existente<\/li>\n<li><b>Creaci\u00f3n de documentos editables:<\/b>\u00a0Escanee documentos y convi\u00e9rtalos en archivos Word y Excel\u00ae editables, o PDF con reconocimiento de texto con el software OCR<\/li>\n<li><b>Vers\u00e1til:<\/b>\u00a0Escanea p\u00e1ginas plegadas, tarjetas de identificaci\u00f3n r\u00edgidas y de presentaci\u00f3n, hojas individuales y m\u00e1s<\/li>\n<li><b>Productividad:<\/b>\u00a0Alimentador autom\u00e1tico de documentos (ADF) con capacidad para 50 p\u00e1ginas<\/li>\n<li><b>Alimentaci\u00f3n de papel fiable:<\/b>\u00a0Su dise\u00f1o permite una manipulaci\u00f3n de papel fiable<\/li>\n<li><b>Confiable y programable:<\/b>\u00a0Cuenta con un modo programable de escaneo y un ciclo de trabajo de hasta 3000 p\u00e1ginas al d\u00eda<sup>2<\/sup><\/li>\n<\/ul>\n<\/div>\n<\/div>\n<\/section>\n<\/div>\n<p>&nbsp;<\/p>\n<p>&nbsp;<\/p>\n<div class=\"text-rows three-up control-row\">\n<div class=\"product-classifications\">\n<h4><strong>Especificaciones del Esc\u00e1ner:<\/strong><\/h4>\n<hr \/>\n<ul>\n<li><strong>Tipo de Esc\u00e1ner: <\/strong>Alimentaci\u00f3n vertical, Esc\u00e1ner a color d\u00faplex de un paso<\/li>\n<li><strong>Dispositivo Fotoel\u00e9ctrico: <\/strong>CIS (Sensor de Contacto de Imagen)<\/li>\n<li><strong>Resoluci\u00f3n \u00d3ptica: <\/strong>600 dpi<\/li>\n<li><strong>R<\/strong><strong>esoluci\u00f3n M\u00e1xima: <\/strong>1200 dpi<\/li>\n<li><strong>Profundidad del Bit de Color: <\/strong>RGB x 48 bits interno \/ 24 bits externo<\/li>\n<li><strong>Profundidad del Bit Monocrom\u00e1tico: <\/strong>1-bit<\/li>\n<li><strong>Profundidad de la Escala de Grises del Bit: <\/strong>16 bits interno \/ 8 bits externo<\/li>\n<li><strong>Resoluci\u00f3n de Salida: <\/strong>75 to 1200 dpi<\/li>\n<li><strong>Pixeles Efectivos: <\/strong>5,100 x 21,600 pixels<\/li>\n<li><strong>Fuente de Luz: <\/strong>LED RGB de 3 colores<\/li>\n<li><strong>Velocidad de Escaneo: <\/strong>200\/300 dpi : B\/N &amp; color ( 26 ppm\/52 ipm)<\/li>\n<\/ul>\n<h4><strong>Alimentador Autom\u00e1tico de Documentos:<\/strong><\/h4>\n<hr \/>\n<ul>\n<li><strong>Capacidad:<\/strong>50 p\u00e1ginas<\/li>\n<li><strong>T<\/strong><strong>ama\u00f1os de Documento: <\/strong>M\u00e1x. 21.59 x 304.8 cm<br \/>\nM\u00edn. 5.08 x 5.08 cm<\/li>\n<li><strong>Ciclo Diario de Trabajo:<\/strong>3,000 sheets<\/li>\n<li><strong>Peso del Papel:<\/strong>50 \u2013 210 g\/m2 M\u00e1x. grosor de tarjeta en relieve: menos de 1.24 mm<\/li>\n<li><strong>Consumibles:<\/strong>Rodillo: 100000 Hojas<\/li>\n<\/ul>\n<h4><strong>General:<\/strong><\/h4>\n<hr \/>\n<ul>\n<li><strong>Sistemas de Operaci\u00f3n: <\/strong>Windows 10 32-bit, Windows 10 64-bit, Windows 8.1 32-bit, Windows 8.1 64-bit, Windows 8 32-bit, Windows 8 64-bit, Windows 7 32-bit, Windows 7 64-bit<\/li>\n<li><strong>Temperatura:<\/strong>5\u00b0 a 35\u00b0 C (En operaci\u00f3n)<\/li>\n<li><strong>Humedad:<\/strong>10% &#8211; 80% (sin condensaci\u00f3n)<\/li>\n<li><strong>Dimensiones:<\/strong>Ancho: 29.7cm x Profundidad: 15.2cm x Alto: 15.5 cm<\/li>\n<li><strong>Peso:<\/strong>2.5 kg<\/li>\n<\/ul>\n<\/div>\n<div class=\"text-row\" data-classificationid=\"General\"><\/div>\n<\/div>\n<div class=\"additional-content\">\n<div class=\"text-rows three-up\">\n<div class=\"product-classifications\">\n<div class=\"text-row\" data-classificationid=\"Scan Features\">\n<h4><strong>Carcater\u00edsticas del Escaner:<\/strong><\/h4>\n<hr \/>\n<p><strong>Botones:<\/strong>Inicio, Escanear , Detener<\/div>\n<div class=\"text-row\" data-classificationid=\"Connectivity\">\n<h4><strong>Conectividad:<\/strong><\/h4>\n<hr \/>\n<p><strong>Conectividad Est\u00e1ndar:<\/strong>USB 2.0 de alta velocidad<\/div>\n<div class=\"text-row\" data-classificationid=\"General Scanner\">\n<h4><strong>Detalles del Esc\u00e1ner:<\/strong><\/h4>\n<hr \/>\n<p><strong>Software incluido:<\/strong>Epson Scan 2, Epson Software Updater, EpsonNet Config Utility, Document Capture Pro, Epson Scan OCR<br \/>\nDrivers soportados: TWAIN y ISIS<strong>Ciclo Diario de Trabajo:<\/strong>Hasta 3000 p\u00e1ginas\/d\u00eda<sup>2<\/sup><\/div>\n<div class=\"text-row\" data-classificationid=\"Power-1\">\n<h4><strong>Energ\u00eda:<\/strong><\/h4>\n<hr \/>\n<p><strong>Voltaje de Fuente de Poder:<\/strong>AC 100 &#8211; 240 V<strong>Voltaje Nominal:<\/strong>100 \u2013 240 VAC<strong>Frecuencia Nominal:<\/strong>50 \u2013 60 Hz<strong>Consumo de Energ\u00eda:<\/strong>En operaci\u00f3n: 16 W<br \/>\nModo de espera: 4.1 W<br \/>\nModo suspendido: 0.8 W<br \/>\nApagado: 0.2 W<\/div>\n<\/div>\n<\/div>\n<\/div>\n<div class=\"description\">\n<section class=\"row\">\n<div class=\"simple-responsive-banner-component module-text-list js-tl-rte container-fluid container-main-content__aligned\" data-cpt-id=\"8796105999420\">\n<div class=\"module-content\">\n<div class=\"text-rows two-up\">\n<div class=\"text-row three-fourths\"><\/div>\n<\/div>\n<\/div>\n<\/div>\n<\/section>\n<\/div>\n","protected":false},"excerpt":{"rendered":"<p>&#8211; Alimentaci\u00f3n vertical, Esc\u00e1ner a color d\u00faplex de un paso<br \/>\n&#8211; Sensor de imagen de contacto (CIS)<br \/>\n\u2013 a dos caras<br \/>\n\u2013 Letter<br \/>\n\u2013 600 ppp x 600 ppp<br \/>\n\u2013 hasta 26 ppm (mono) \/ hasta 26 ppm (color)<br \/>\n\u2013 Alimentador autom\u00e1tico de documentos (ADF) (50 hojas)<br \/>\n\u2013 hasta 3000 exploraciones por d\u00eda \u2013 USB 2.0<\/p>\n","protected":false},"featured_media":27811,"comment_status":"open","ping_status":"closed","template":"","meta":{"jetpack_publicize_message":"","jetpack_publicize_feature_enabled":true,"jetpack_social_post_already_shared":true,"jetpack_social_options":{"image_generator_settings":{"template":"highway","default_image_id":0,"font":"","enabled":false},"version":2}},"pwb-brand":[188],"product_brand":[],"product_cat":[461],"product_tag":[],"class_list":{"0":"post-27808","1":"product","2":"type-product","3":"status-publish","4":"has-post-thumbnail","6":"pwb-brand-epson","7":"product_cat-escaner","9":"first","10":"instock","11":"taxable","12":"shipping-taxable","13":"purchasable","14":"product-type-simple"},"yoast_head":"<!-- This site is optimized with the Yoast SEO Premium plugin v25.7.1 (Yoast SEO v26.8) - https:\/\/yoast.com\/product\/yoast-seo-premium-wordpress\/ -->\n<title>Esc\u00e1ner de Documentos Duplex a Color DS-410 Epson - Mivoot<\/title>\n<meta name=\"robots\" content=\"index, follow, max-snippet:-1, max-image-preview:large, max-video-preview:-1\" \/>\n<link rel=\"canonical\" href=\"https:\/\/mivoot.com\/gt\/producto\/escaner-de-documentos-duplex-a-color-ds-410-epson\/\" \/>\n<meta property=\"og:locale\" content=\"es_ES\" \/>\n<meta property=\"og:type\" content=\"article\" \/>\n<meta property=\"og:title\" content=\"Esc\u00e1ner de Documentos Duplex a Color DS-410 Epson\" \/>\n<meta property=\"og:description\" content=\"- Alimentaci\u00f3n vertical, Esc\u00e1ner a color d\u00faplex de un paso - Sensor de imagen de contacto (CIS)  \u2013 a dos caras  \u2013 Letter  \u2013 600 ppp x 600 ppp  \u2013 hasta 26 ppm (mono) \/ hasta 26 ppm (color)  \u2013 Alimentador autom\u00e1tico de documentos (ADF) (50 hojas)  \u2013 hasta 3000 exploraciones por d\u00eda \u2013 USB 2.0\" \/>\n<meta property=\"og:url\" content=\"https:\/\/mivoot.com\/gt\/producto\/escaner-de-documentos-duplex-a-color-ds-410-epson\/\" \/>\n<meta property=\"og:site_name\" content=\"Mivoot\" \/>\n<meta property=\"article:publisher\" content=\"https:\/\/www.facebook.com\/mivootgt\" \/>\n<meta property=\"article:modified_time\" content=\"2025-05-01T19:52:35+00:00\" \/>\n<meta property=\"og:image\" content=\"https:\/\/mivoot.com\/gt\/wp-content\/uploads\/2025\/05\/Epson-DS-410-02.jpg\" \/>\n\t<meta property=\"og:image:width\" content=\"690\" \/>\n\t<meta property=\"og:image:height\" content=\"460\" \/>\n\t<meta property=\"og:image:type\" content=\"image\/jpeg\" \/>\n<meta name=\"twitter:card\" content=\"summary_large_image\" \/>\n<meta name=\"twitter:label1\" content=\"Est. reading time\" \/>\n\t<meta name=\"twitter:data1\" content=\"4 minutos\" \/>\n<script type=\"application\/ld+json\" class=\"yoast-schema-graph\">{\"@context\":\"https:\/\/schema.org\",\"@graph\":[{\"@type\":\"WebPage\",\"@id\":\"https:\/\/mivoot.com\/gt\/producto\/escaner-de-documentos-duplex-a-color-ds-410-epson\/\",\"url\":\"https:\/\/mivoot.com\/gt\/producto\/escaner-de-documentos-duplex-a-color-ds-410-epson\/\",\"name\":\"Esc\u00e1ner de Documentos Duplex a Color DS-410 Epson - Mivoot\",\"isPartOf\":{\"@id\":\"https:\/\/mivoot.com\/gt\/#website\"},\"primaryImageOfPage\":{\"@id\":\"https:\/\/mivoot.com\/gt\/producto\/escaner-de-documentos-duplex-a-color-ds-410-epson\/#primaryimage\"},\"image\":{\"@id\":\"https:\/\/mivoot.com\/gt\/producto\/escaner-de-documentos-duplex-a-color-ds-410-epson\/#primaryimage\"},\"thumbnailUrl\":\"https:\/\/mivoot.com\/gt\/wp-content\/uploads\/2025\/05\/Epson-DS-410-02.jpg\",\"datePublished\":\"2025-05-01T19:50:10+00:00\",\"dateModified\":\"2025-05-01T19:52:35+00:00\",\"breadcrumb\":{\"@id\":\"https:\/\/mivoot.com\/gt\/producto\/escaner-de-documentos-duplex-a-color-ds-410-epson\/#breadcrumb\"},\"inLanguage\":\"es\",\"potentialAction\":[{\"@type\":\"ReadAction\",\"target\":[\"https:\/\/mivoot.com\/gt\/producto\/escaner-de-documentos-duplex-a-color-ds-410-epson\/\"]}]},{\"@type\":\"ImageObject\",\"inLanguage\":\"es\",\"@id\":\"https:\/\/mivoot.com\/gt\/producto\/escaner-de-documentos-duplex-a-color-ds-410-epson\/#primaryimage\",\"url\":\"https:\/\/mivoot.com\/gt\/wp-content\/uploads\/2025\/05\/Epson-DS-410-02.jpg\",\"contentUrl\":\"https:\/\/mivoot.com\/gt\/wp-content\/uploads\/2025\/05\/Epson-DS-410-02.jpg\",\"width\":690,\"height\":460},{\"@type\":\"BreadcrumbList\",\"@id\":\"https:\/\/mivoot.com\/gt\/producto\/escaner-de-documentos-duplex-a-color-ds-410-epson\/#breadcrumb\",\"itemListElement\":[{\"@type\":\"ListItem\",\"position\":1,\"name\":\"Inicio\",\"item\":\"https:\/\/mivoot.com\/gt\/\"},{\"@type\":\"ListItem\",\"position\":2,\"name\":\"Productos\",\"item\":\"https:\/\/mivoot.com\/gt\/producto\/\"},{\"@type\":\"ListItem\",\"position\":3,\"name\":\"Epson\",\"item\":\"https:\/\/mivoot.com\/gt\/marca\/epson\/\"},{\"@type\":\"ListItem\",\"position\":4,\"name\":\"Esc\u00e1ner de Documentos Duplex a Color DS-410 Epson\"}]},{\"@type\":\"WebSite\",\"@id\":\"https:\/\/mivoot.com\/gt\/#website\",\"url\":\"https:\/\/mivoot.com\/gt\/\",\"name\":\"Mivoot\",\"description\":\"Mivoot Guatemala | Tienda Online\",\"publisher\":{\"@id\":\"https:\/\/mivoot.com\/gt\/#organization\"},\"alternateName\":\"mivoot\",\"potentialAction\":[{\"@type\":\"SearchAction\",\"target\":{\"@type\":\"EntryPoint\",\"urlTemplate\":\"https:\/\/mivoot.com\/gt\/?s={search_term_string}\"},\"query-input\":{\"@type\":\"PropertyValueSpecification\",\"valueRequired\":true,\"valueName\":\"search_term_string\"}}],\"inLanguage\":\"es\"},{\"@type\":\"Organization\",\"@id\":\"https:\/\/mivoot.com\/gt\/#organization\",\"name\":\"Mivoot Guatemala\",\"alternateName\":\"mivoot.com\",\"url\":\"https:\/\/mivoot.com\/gt\/\",\"logo\":{\"@type\":\"ImageObject\",\"inLanguage\":\"es\",\"@id\":\"https:\/\/mivoot.com\/gt\/#\/schema\/logo\/image\/\",\"url\":\"https:\/\/mivoot.com\/gt\/wp-content\/uploads\/2023\/03\/cropped-icon.png\",\"contentUrl\":\"https:\/\/mivoot.com\/gt\/wp-content\/uploads\/2023\/03\/cropped-icon.png\",\"width\":512,\"height\":512,\"caption\":\"Mivoot Guatemala\"},\"image\":{\"@id\":\"https:\/\/mivoot.com\/gt\/#\/schema\/logo\/image\/\"},\"sameAs\":[\"https:\/\/www.facebook.com\/mivootgt\",\"https:\/\/instagram.com\/mivoot\"]}]}<\/script>\n<!-- \/ Yoast SEO Premium plugin. -->","yoast_head_json":{"title":"Esc\u00e1ner de Documentos Duplex a Color DS-410 Epson - Mivoot","robots":{"index":"index","follow":"follow","max-snippet":"max-snippet:-1","max-image-preview":"max-image-preview:large","max-video-preview":"max-video-preview:-1"},"canonical":"https:\/\/mivoot.com\/gt\/producto\/escaner-de-documentos-duplex-a-color-ds-410-epson\/","og_locale":"es_ES","og_type":"article","og_title":"Esc\u00e1ner de Documentos Duplex a Color DS-410 Epson","og_description":"- Alimentaci\u00f3n vertical, Esc\u00e1ner a color d\u00faplex de un paso - Sensor de imagen de contacto (CIS)  \u2013 a dos caras  \u2013 Letter  \u2013 600 ppp x 600 ppp  \u2013 hasta 26 ppm (mono) \/ hasta 26 ppm (color)  \u2013 Alimentador autom\u00e1tico de documentos (ADF) (50 hojas)  \u2013 hasta 3000 exploraciones por d\u00eda \u2013 USB 2.0","og_url":"https:\/\/mivoot.com\/gt\/producto\/escaner-de-documentos-duplex-a-color-ds-410-epson\/","og_site_name":"Mivoot","article_publisher":"https:\/\/www.facebook.com\/mivootgt","article_modified_time":"2025-05-01T19:52:35+00:00","og_image":[{"width":690,"height":460,"url":"https:\/\/mivoot.com\/gt\/wp-content\/uploads\/2025\/05\/Epson-DS-410-02.jpg","type":"image\/jpeg"}],"twitter_card":"summary_large_image","twitter_misc":{"Est. reading time":"4 minutos"},"schema":{"@context":"https:\/\/schema.org","@graph":[{"@type":"WebPage","@id":"https:\/\/mivoot.com\/gt\/producto\/escaner-de-documentos-duplex-a-color-ds-410-epson\/","url":"https:\/\/mivoot.com\/gt\/producto\/escaner-de-documentos-duplex-a-color-ds-410-epson\/","name":"Esc\u00e1ner de Documentos Duplex a Color DS-410 Epson - Mivoot","isPartOf":{"@id":"https:\/\/mivoot.com\/gt\/#website"},"primaryImageOfPage":{"@id":"https:\/\/mivoot.com\/gt\/producto\/escaner-de-documentos-duplex-a-color-ds-410-epson\/#primaryimage"},"image":{"@id":"https:\/\/mivoot.com\/gt\/producto\/escaner-de-documentos-duplex-a-color-ds-410-epson\/#primaryimage"},"thumbnailUrl":"https:\/\/mivoot.com\/gt\/wp-content\/uploads\/2025\/05\/Epson-DS-410-02.jpg","datePublished":"2025-05-01T19:50:10+00:00","dateModified":"2025-05-01T19:52:35+00:00","breadcrumb":{"@id":"https:\/\/mivoot.com\/gt\/producto\/escaner-de-documentos-duplex-a-color-ds-410-epson\/#breadcrumb"},"inLanguage":"es","potentialAction":[{"@type":"ReadAction","target":["https:\/\/mivoot.com\/gt\/producto\/escaner-de-documentos-duplex-a-color-ds-410-epson\/"]}]},{"@type":"ImageObject","inLanguage":"es","@id":"https:\/\/mivoot.com\/gt\/producto\/escaner-de-documentos-duplex-a-color-ds-410-epson\/#primaryimage","url":"https:\/\/mivoot.com\/gt\/wp-content\/uploads\/2025\/05\/Epson-DS-410-02.jpg","contentUrl":"https:\/\/mivoot.com\/gt\/wp-content\/uploads\/2025\/05\/Epson-DS-410-02.jpg","width":690,"height":460},{"@type":"BreadcrumbList","@id":"https:\/\/mivoot.com\/gt\/producto\/escaner-de-documentos-duplex-a-color-ds-410-epson\/#breadcrumb","itemListElement":[{"@type":"ListItem","position":1,"name":"Inicio","item":"https:\/\/mivoot.com\/gt\/"},{"@type":"ListItem","position":2,"name":"Productos","item":"https:\/\/mivoot.com\/gt\/producto\/"},{"@type":"ListItem","position":3,"name":"Epson","item":"https:\/\/mivoot.com\/gt\/marca\/epson\/"},{"@type":"ListItem","position":4,"name":"Esc\u00e1ner de Documentos Duplex a Color DS-410 Epson"}]},{"@type":"WebSite","@id":"https:\/\/mivoot.com\/gt\/#website","url":"https:\/\/mivoot.com\/gt\/","name":"Mivoot","description":"Mivoot Guatemala | Tienda Online","publisher":{"@id":"https:\/\/mivoot.com\/gt\/#organization"},"alternateName":"mivoot","potentialAction":[{"@type":"SearchAction","target":{"@type":"EntryPoint","urlTemplate":"https:\/\/mivoot.com\/gt\/?s={search_term_string}"},"query-input":{"@type":"PropertyValueSpecification","valueRequired":true,"valueName":"search_term_string"}}],"inLanguage":"es"},{"@type":"Organization","@id":"https:\/\/mivoot.com\/gt\/#organization","name":"Mivoot Guatemala","alternateName":"mivoot.com","url":"https:\/\/mivoot.com\/gt\/","logo":{"@type":"ImageObject","inLanguage":"es","@id":"https:\/\/mivoot.com\/gt\/#\/schema\/logo\/image\/","url":"https:\/\/mivoot.com\/gt\/wp-content\/uploads\/2023\/03\/cropped-icon.png","contentUrl":"https:\/\/mivoot.com\/gt\/wp-content\/uploads\/2023\/03\/cropped-icon.png","width":512,"height":512,"caption":"Mivoot Guatemala"},"image":{"@id":"https:\/\/mivoot.com\/gt\/#\/schema\/logo\/image\/"},"sameAs":["https:\/\/www.facebook.com\/mivootgt","https:\/\/instagram.com\/mivoot"]}]}},"jetpack_publicize_connections":[],"jetpack_sharing_enabled":true,"brands":[{"id":188,"name":"Epson","slug":"epson"}],"_links":{"self":[{"href":"https:\/\/mivoot.com\/gt\/wp-json\/wp\/v2\/product\/27808","targetHints":{"allow":["GET"]}}],"collection":[{"href":"https:\/\/mivoot.com\/gt\/wp-json\/wp\/v2\/product"}],"about":[{"href":"https:\/\/mivoot.com\/gt\/wp-json\/wp\/v2\/types\/product"}],"replies":[{"embeddable":true,"href":"https:\/\/mivoot.com\/gt\/wp-json\/wp\/v2\/comments?post=27808"}],"version-history":[{"count":2,"href":"https:\/\/mivoot.com\/gt\/wp-json\/wp\/v2\/product\/27808\/revisions"}],"predecessor-version":[{"id":27816,"href":"https:\/\/mivoot.com\/gt\/wp-json\/wp\/v2\/product\/27808\/revisions\/27816"}],"wp:featuredmedia":[{"embeddable":true,"href":"https:\/\/mivoot.com\/gt\/wp-json\/wp\/v2\/media\/27811"}],"wp:attachment":[{"href":"https:\/\/mivoot.com\/gt\/wp-json\/wp\/v2\/media?parent=27808"}],"wp:term":[{"taxonomy":"pwb-brand","embeddable":true,"href":"https:\/\/mivoot.com\/gt\/wp-json\/wp\/v2\/pwb-brand?post=27808"},{"taxonomy":"product_brand","embeddable":true,"href":"https:\/\/mivoot.com\/gt\/wp-json\/wp\/v2\/product_brand?post=27808"},{"taxonomy":"product_cat","embeddable":true,"href":"https:\/\/mivoot.com\/gt\/wp-json\/wp\/v2\/product_cat?post=27808"},{"taxonomy":"product_tag","embeddable":true,"href":"https:\/\/mivoot.com\/gt\/wp-json\/wp\/v2\/product_tag?post=27808"}],"curies":[{"name":"wp","href":"https:\/\/api.w.org\/{rel}","templated":true}]}}