{"id":27817,"date":"2025-05-01T13:59:49","date_gmt":"2025-05-01T19:59:49","guid":{"rendered":"https:\/\/mivoot.com\/gt\/?post_type=product&#038;p=27817"},"modified":"2025-05-01T14:03:26","modified_gmt":"2025-05-01T20:03:26","slug":"escaner-de-documentos-duplex-a-color-ds-770-ii-epson","status":"publish","type":"product","link":"https:\/\/mivoot.com\/gt\/producto\/escaner-de-documentos-duplex-a-color-ds-770-ii-epson\/","title":{"rendered":"Esc\u00e1ner de Documentos D\u00faplex a Color DS-770 II Epson"},"content":{"rendered":"<h1 class=\"name\" style=\"text-align: center;\">Esc\u00e1ner D\u00faplex de Documentos a Color Epson DS-770 II<\/h1>\n<div class=\"bv2-BVRRSummaryContainer\" data-bv-show=\"rating_summary\" data-bv-product-id=\"B11B262201\" data-bv-ready=\"true\">\n<div class=\"bv_main_container\"><\/div>\n<\/div>\n<h3 class=\"head-line\">El poder de escanear grandes vol\u00famenes de documentos de forma m\u00e1s r\u00e1pida y eficiente<\/h3>\n<p><span class=\"sub-desc\">La elecci\u00f3n perfecta para entornos de uso intensivo, el r\u00e1pido y eficiente esc\u00e1ner de documentos DS-770 II ofrece escaneos de alta calidad de hasta 45 ppm\/90 ipm<sup>1<\/sup>. Cuenta con un robusto alimentador autom\u00e1tico de documentos de 100 p\u00e1ginas e incluye controladores TWAIN e ISIS\u00ae para una f\u00e1cil integraci\u00f3n con la mayor\u00eda de los sistemas de administraci\u00f3n de documentos profesionales existentes. Un ciclo de trabajo m\u00e1ximo diario de hasta 7.000 hojas<sup>2<\/sup>\u00a0ayuda a mejorar la productividad de los grupos de trabajo ocupados. El DS-770 II escanea a cuentas de almacenamiento en l\u00ednea<sup>3<\/sup>, por lo que puede enviar documentos importantes a su destino de manera eficiente.<\/span><\/p>\n<ul>\n<li><strong>Velocidad de escaneo r\u00e1pida a todo color desarrollada por un l\u00edder en tecnolog\u00eda en captura de im\u00e1genes:<\/strong>\u00a0hasta 45 ppm\/90 ipm\u00b9. Escaneado de una sola pasada a doble cara.<\/li>\n<li><strong>Compatibilidad insuperable con pr\u00e1cticamente cualquier software de gesti\u00f3n de documentos:<\/strong>\u00a0incluye controladores TWAIN\u00ae e ISIS para una f\u00e1cil integraci\u00f3n con el software existente.<\/li>\n<li><strong>F\u00e1cil escaneo de pilas de papeles sin necesidad de preclasificar:<\/strong>\u00a0escanee a la vez documentos de distintos tama\u00f1os y pesos de papel con el alimentador autom\u00e1tico de documentos (ADF) de 100 p\u00e1ginas.<\/li>\n<li><strong>Dise\u00f1ado para ser confiable:<\/strong>\u00a0las caracter\u00edsticas mejoradas incluyen el modo de velocidad lenta, trabajos programables y un ciclo de trabajo m\u00e1ximo diario de hasta 7.000 hojas\u00b2.<\/li>\n<li><strong>F\u00e1cil para compartir y colaborar:<\/strong>\u00a0env\u00ede por correo electr\u00f3nico o cargue en servicios populares de almacenamiento en la nube, escanee a Google Drive\u2122, Evernote\u00ae, SharePoint\u00ae y m\u00e1s, con el software Epson Document Capture Pro\u00ae.<\/li>\n<li><strong>Generaci\u00f3n de archivos PDF editables y con capacidad de b\u00fasqueda:<\/strong>\u00a0escanee a archivos de Word\u00ae, PowerPoint\u00ae y Excel\u00ae editables o archivos PDF con capacidad de b\u00fasqueda con el software de reconocimiento de caracteres (OCR) incluido.<\/li>\n<li><strong>Rendimiento y productividad de clase mundial:<\/strong>\u00a0tecnolog\u00eda \u00fanica que incluye eliminaci\u00f3n de p\u00e1ginas en blanco, rotaci\u00f3n autom\u00e1tica, correcci\u00f3n din\u00e1mica de sesgo, detecci\u00f3n de suciedad, detecci\u00f3n de doble alimentaci\u00f3n y protecci\u00f3n del papel.<\/li>\n<li><strong>Manejo vers\u00e1til del papel:<\/strong>\u00a0escanee pilas de tarjetas comerciales y de identificaci\u00f3n, hojas sueltas, p\u00e1ginas extralargas de hasta 610 cm (240&#8243;) y p\u00e1ginas dobladas de hasta 28 cm x 43,2 cm (11&#8243; x 17&#8243;)<sup>3<\/sup>.<\/li>\n<li><strong>Automatice tareas f\u00e1cilmente:<\/strong>\u00a0incluye el software Epson Document Capture Pro\u00ae para crear y administrar trabajos de escaneo f\u00e1cilmente.<\/li>\n<li><strong>Caracter\u00edsticas Ecol\u00f3gicas:<\/strong>\u00a0Cumple con la norma RoHS<\/li>\n<\/ul>\n<p>&nbsp;<\/p>\n<div class=\"text-row\" data-classificationid=\"Specifications PDF Link\">\n<h4><strong>Especificaciones:<\/strong><\/h4>\n<hr \/>\n<p><strong>PDF de especificaciones del producto:<\/strong><a href=\"https:\/\/mediaserver.goepson.com\/ImConvServlet\/imconv\/87c061f229e874022abfe6e069daef8b029d430e\/original?assetDescr=Especificaciones-DS-770-II.pdf\" target=\"_blank\" rel=\"noopener\"><b>DESCARGAR AHORA \u25ba<\/b><\/a><\/p>\n<\/div>\n<h4><strong>Especificaciones del Esc\u00e1ner:<\/strong><\/h4>\n<hr \/>\n<ul>\n<li><strong>Tipo de Esc\u00e1ner:<\/strong>Color con cama plana\/autom\u00e1tico de doble faz ADF<\/li>\n<li><strong>Sensor:<\/strong>Color (CIS)<\/li>\n<li><strong>Resoluci\u00f3n \u00d3ptica:<\/strong>600 dpi<\/li>\n<li><strong>Resoluci\u00f3n M\u00e1xima:<\/strong>1.200 dpi<\/li>\n<li><strong>Profundidad del Bit de Color:<\/strong>30-bit entrada\/24- bit salida<\/li>\n<li><strong>Caracter\u00edsticas del esc\u00e1ner:<\/strong>Carro fijo y documento en movimiento<\/li>\n<li><strong>M\u00e1xima Superficie de Digitalizaci\u00f3n:<\/strong>M\u00ednimo: 5,1 cm x 5,1 cm (2&#8243; x 2&#8243;)<br \/>\nM\u00e1ximo: 21,6 cm x 609,6 cm (8,5&#8243; x 240&#8243;) a 200 dpi<br \/>\nM\u00e1ximo: 21,6 cm x 546,1 cm (8,5&#8243; x 215&#8243;) a 300 dpi<\/li>\n<li><strong>Peso del Papel:<\/strong>27 g\/m\u00b2 &#8211; 413 g\/m\u00b2<\/li>\n<li><strong>Fuente de Luz:<\/strong>LED RGB de 3 colores<\/li>\n<li><strong>Velocidad de Escaneo:<\/strong>Blanco y negro, color, escala de grises, 300 dpi: 45 ppm\/90 ipm\u00b9<\/li>\n<\/ul>\n<h4><strong>Alimentador Autom\u00e1tico de Documentos:<\/strong><\/h4>\n<hr \/>\n<ul>\n<li><strong>Capacidad:<\/strong>100 p\u00e1ginas<\/li>\n<li><strong>Tipo:<\/strong>Alimentaci\u00f3n vertical (cara abajo)<\/li>\n<li><strong>Ciclo Diario de Trabajo:<\/strong>Hasta 7.000 p\u00e1ginas\u00b2<\/li>\n<\/ul>\n<p>&nbsp;<\/p>\n<p><img decoding=\"async\" src=\"https:\/\/device.report\/m\/a8d926c750f4dc59ff88c2f3021740374999e2fb75577d4317e1af9c90f637ad.png\" alt=\"Epson DS 770 II\" \/><\/p>\n","protected":false},"excerpt":{"rendered":"<p>&#8211; Velocidad de escaneo r\u00e1pida a todo color desarrollada por un l\u00edder en tecnolog\u00eda en captura de im\u00e1genes<br \/>\n&#8211; Compatibilidad insuperable con pr\u00e1cticamente cualquier software de gesti\u00f3n de documentos<br \/>\n&#8211; F\u00e1cil escaneo de pilas de papeles sin necesidad de preclasificar<br \/>\n&#8211; ADF de 100 p\u00e1ginas<br \/>\n&#8211; Ciclo de trabajo m\u00e1ximo diario de hasta 7.000 hojas<br \/>\n&#8211; Velocidad 45 ppm \/ 90 ipm (300 dpi)<br \/>\n&#8211; USB 3.0<br \/>\n&#8211; Resoluci\u00f3n \u00f3ptica: 600 ppp<br \/>\n&#8211; Resoluci\u00f3n de salida: 50 a 1200 ppp<br \/>\n&#8211; Resoluci\u00f3n M\u00e1xima Interpolada: 1200 dpi<br \/>\n&#8211; P\u00edxeles efectivos: 5100 x 9300 p\u00edxeles<\/p>\n","protected":false},"featured_media":27821,"comment_status":"open","ping_status":"closed","template":"","meta":{"jetpack_publicize_message":"","jetpack_publicize_feature_enabled":true,"jetpack_social_post_already_shared":true,"jetpack_social_options":{"image_generator_settings":{"template":"highway","default_image_id":0,"font":"","enabled":false},"version":2}},"pwb-brand":[188],"product_brand":[],"product_cat":[461],"product_tag":[],"class_list":{"0":"post-27817","1":"product","2":"type-product","3":"status-publish","4":"has-post-thumbnail","6":"pwb-brand-epson","7":"product_cat-escaner","9":"first","10":"instock","11":"sale","12":"taxable","13":"shipping-taxable","14":"purchasable","15":"product-type-simple"},"yoast_head":"<!-- This site is optimized with the Yoast SEO Premium plugin v25.7.1 (Yoast SEO v26.8) - https:\/\/yoast.com\/product\/yoast-seo-premium-wordpress\/ -->\n<title>Esc\u00e1ner de Documentos D\u00faplex a Color DS-770 II Epson - Mivoot<\/title>\n<meta name=\"robots\" content=\"index, follow, max-snippet:-1, max-image-preview:large, max-video-preview:-1\" \/>\n<link rel=\"canonical\" href=\"https:\/\/mivoot.com\/gt\/producto\/escaner-de-documentos-duplex-a-color-ds-770-ii-epson\/\" \/>\n<meta property=\"og:locale\" content=\"es_ES\" \/>\n<meta property=\"og:type\" content=\"article\" \/>\n<meta property=\"og:title\" content=\"Esc\u00e1ner de Documentos D\u00faplex a Color DS-770 II Epson\" \/>\n<meta property=\"og:description\" content=\"- Velocidad de escaneo r\u00e1pida a todo color desarrollada por un l\u00edder en tecnolog\u00eda en captura de im\u00e1genes - Compatibilidad insuperable con pr\u00e1cticamente cualquier software de gesti\u00f3n de documentos - F\u00e1cil escaneo de pilas de papeles sin necesidad de preclasificar - ADF de 100 p\u00e1ginas - Ciclo de trabajo m\u00e1ximo diario de hasta 7.000 hojas - Velocidad 45 ppm \/ 90 ipm (300 dpi) - USB 3.0 - Resoluci\u00f3n \u00f3ptica: 600 ppp - Resoluci\u00f3n de salida: 50 a 1200 ppp - Resoluci\u00f3n M\u00e1xima Interpolada: 1200 dpi - P\u00edxeles efectivos: 5100 x 9300 p\u00edxeles\" \/>\n<meta property=\"og:url\" content=\"https:\/\/mivoot.com\/gt\/producto\/escaner-de-documentos-duplex-a-color-ds-770-ii-epson\/\" \/>\n<meta property=\"og:site_name\" content=\"Mivoot\" \/>\n<meta property=\"article:publisher\" content=\"https:\/\/www.facebook.com\/mivootgt\" \/>\n<meta property=\"article:modified_time\" content=\"2025-05-01T20:03:26+00:00\" \/>\n<meta property=\"og:image\" content=\"https:\/\/mivoot.com\/gt\/wp-content\/uploads\/2025\/05\/Epson-DS-770-II-03.jpg\" \/>\n\t<meta property=\"og:image:width\" content=\"768\" \/>\n\t<meta property=\"og:image:height\" content=\"768\" \/>\n\t<meta property=\"og:image:type\" content=\"image\/jpeg\" \/>\n<meta name=\"twitter:card\" content=\"summary_large_image\" \/>\n<meta name=\"twitter:label1\" content=\"Est. reading time\" \/>\n\t<meta name=\"twitter:data1\" content=\"4 minutos\" \/>\n<script type=\"application\/ld+json\" class=\"yoast-schema-graph\">{\"@context\":\"https:\/\/schema.org\",\"@graph\":[{\"@type\":\"WebPage\",\"@id\":\"https:\/\/mivoot.com\/gt\/producto\/escaner-de-documentos-duplex-a-color-ds-770-ii-epson\/\",\"url\":\"https:\/\/mivoot.com\/gt\/producto\/escaner-de-documentos-duplex-a-color-ds-770-ii-epson\/\",\"name\":\"Esc\u00e1ner de Documentos D\u00faplex a Color DS-770 II Epson - Mivoot\",\"isPartOf\":{\"@id\":\"https:\/\/mivoot.com\/gt\/#website\"},\"primaryImageOfPage\":{\"@id\":\"https:\/\/mivoot.com\/gt\/producto\/escaner-de-documentos-duplex-a-color-ds-770-ii-epson\/#primaryimage\"},\"image\":{\"@id\":\"https:\/\/mivoot.com\/gt\/producto\/escaner-de-documentos-duplex-a-color-ds-770-ii-epson\/#primaryimage\"},\"thumbnailUrl\":\"https:\/\/mivoot.com\/gt\/wp-content\/uploads\/2025\/05\/Epson-DS-770-II-03.jpg\",\"datePublished\":\"2025-05-01T19:59:49+00:00\",\"dateModified\":\"2025-05-01T20:03:26+00:00\",\"breadcrumb\":{\"@id\":\"https:\/\/mivoot.com\/gt\/producto\/escaner-de-documentos-duplex-a-color-ds-770-ii-epson\/#breadcrumb\"},\"inLanguage\":\"es\",\"potentialAction\":[{\"@type\":\"ReadAction\",\"target\":[\"https:\/\/mivoot.com\/gt\/producto\/escaner-de-documentos-duplex-a-color-ds-770-ii-epson\/\"]}]},{\"@type\":\"ImageObject\",\"inLanguage\":\"es\",\"@id\":\"https:\/\/mivoot.com\/gt\/producto\/escaner-de-documentos-duplex-a-color-ds-770-ii-epson\/#primaryimage\",\"url\":\"https:\/\/mivoot.com\/gt\/wp-content\/uploads\/2025\/05\/Epson-DS-770-II-03.jpg\",\"contentUrl\":\"https:\/\/mivoot.com\/gt\/wp-content\/uploads\/2025\/05\/Epson-DS-770-II-03.jpg\",\"width\":768,\"height\":768},{\"@type\":\"BreadcrumbList\",\"@id\":\"https:\/\/mivoot.com\/gt\/producto\/escaner-de-documentos-duplex-a-color-ds-770-ii-epson\/#breadcrumb\",\"itemListElement\":[{\"@type\":\"ListItem\",\"position\":1,\"name\":\"Inicio\",\"item\":\"https:\/\/mivoot.com\/gt\/\"},{\"@type\":\"ListItem\",\"position\":2,\"name\":\"Productos\",\"item\":\"https:\/\/mivoot.com\/gt\/producto\/\"},{\"@type\":\"ListItem\",\"position\":3,\"name\":\"Epson\",\"item\":\"https:\/\/mivoot.com\/gt\/marca\/epson\/\"},{\"@type\":\"ListItem\",\"position\":4,\"name\":\"Esc\u00e1ner de Documentos D\u00faplex a Color DS-770 II Epson\"}]},{\"@type\":\"WebSite\",\"@id\":\"https:\/\/mivoot.com\/gt\/#website\",\"url\":\"https:\/\/mivoot.com\/gt\/\",\"name\":\"Mivoot\",\"description\":\"Mivoot Guatemala | Tienda Online\",\"publisher\":{\"@id\":\"https:\/\/mivoot.com\/gt\/#organization\"},\"alternateName\":\"mivoot\",\"potentialAction\":[{\"@type\":\"SearchAction\",\"target\":{\"@type\":\"EntryPoint\",\"urlTemplate\":\"https:\/\/mivoot.com\/gt\/?s={search_term_string}\"},\"query-input\":{\"@type\":\"PropertyValueSpecification\",\"valueRequired\":true,\"valueName\":\"search_term_string\"}}],\"inLanguage\":\"es\"},{\"@type\":\"Organization\",\"@id\":\"https:\/\/mivoot.com\/gt\/#organization\",\"name\":\"Mivoot Guatemala\",\"alternateName\":\"mivoot.com\",\"url\":\"https:\/\/mivoot.com\/gt\/\",\"logo\":{\"@type\":\"ImageObject\",\"inLanguage\":\"es\",\"@id\":\"https:\/\/mivoot.com\/gt\/#\/schema\/logo\/image\/\",\"url\":\"https:\/\/mivoot.com\/gt\/wp-content\/uploads\/2023\/03\/cropped-icon.png\",\"contentUrl\":\"https:\/\/mivoot.com\/gt\/wp-content\/uploads\/2023\/03\/cropped-icon.png\",\"width\":512,\"height\":512,\"caption\":\"Mivoot Guatemala\"},\"image\":{\"@id\":\"https:\/\/mivoot.com\/gt\/#\/schema\/logo\/image\/\"},\"sameAs\":[\"https:\/\/www.facebook.com\/mivootgt\",\"https:\/\/instagram.com\/mivoot\"]}]}<\/script>\n<!-- \/ Yoast SEO Premium plugin. -->","yoast_head_json":{"title":"Esc\u00e1ner de Documentos D\u00faplex a Color DS-770 II Epson - Mivoot","robots":{"index":"index","follow":"follow","max-snippet":"max-snippet:-1","max-image-preview":"max-image-preview:large","max-video-preview":"max-video-preview:-1"},"canonical":"https:\/\/mivoot.com\/gt\/producto\/escaner-de-documentos-duplex-a-color-ds-770-ii-epson\/","og_locale":"es_ES","og_type":"article","og_title":"Esc\u00e1ner de Documentos D\u00faplex a Color DS-770 II Epson","og_description":"- Velocidad de escaneo r\u00e1pida a todo color desarrollada por un l\u00edder en tecnolog\u00eda en captura de im\u00e1genes - Compatibilidad insuperable con pr\u00e1cticamente cualquier software de gesti\u00f3n de documentos - F\u00e1cil escaneo de pilas de papeles sin necesidad de preclasificar - ADF de 100 p\u00e1ginas - Ciclo de trabajo m\u00e1ximo diario de hasta 7.000 hojas - Velocidad 45 ppm \/ 90 ipm (300 dpi) - USB 3.0 - Resoluci\u00f3n \u00f3ptica: 600 ppp - Resoluci\u00f3n de salida: 50 a 1200 ppp - Resoluci\u00f3n M\u00e1xima Interpolada: 1200 dpi - P\u00edxeles efectivos: 5100 x 9300 p\u00edxeles","og_url":"https:\/\/mivoot.com\/gt\/producto\/escaner-de-documentos-duplex-a-color-ds-770-ii-epson\/","og_site_name":"Mivoot","article_publisher":"https:\/\/www.facebook.com\/mivootgt","article_modified_time":"2025-05-01T20:03:26+00:00","og_image":[{"width":768,"height":768,"url":"https:\/\/mivoot.com\/gt\/wp-content\/uploads\/2025\/05\/Epson-DS-770-II-03.jpg","type":"image\/jpeg"}],"twitter_card":"summary_large_image","twitter_misc":{"Est. reading time":"4 minutos"},"schema":{"@context":"https:\/\/schema.org","@graph":[{"@type":"WebPage","@id":"https:\/\/mivoot.com\/gt\/producto\/escaner-de-documentos-duplex-a-color-ds-770-ii-epson\/","url":"https:\/\/mivoot.com\/gt\/producto\/escaner-de-documentos-duplex-a-color-ds-770-ii-epson\/","name":"Esc\u00e1ner de Documentos D\u00faplex a Color DS-770 II Epson - Mivoot","isPartOf":{"@id":"https:\/\/mivoot.com\/gt\/#website"},"primaryImageOfPage":{"@id":"https:\/\/mivoot.com\/gt\/producto\/escaner-de-documentos-duplex-a-color-ds-770-ii-epson\/#primaryimage"},"image":{"@id":"https:\/\/mivoot.com\/gt\/producto\/escaner-de-documentos-duplex-a-color-ds-770-ii-epson\/#primaryimage"},"thumbnailUrl":"https:\/\/mivoot.com\/gt\/wp-content\/uploads\/2025\/05\/Epson-DS-770-II-03.jpg","datePublished":"2025-05-01T19:59:49+00:00","dateModified":"2025-05-01T20:03:26+00:00","breadcrumb":{"@id":"https:\/\/mivoot.com\/gt\/producto\/escaner-de-documentos-duplex-a-color-ds-770-ii-epson\/#breadcrumb"},"inLanguage":"es","potentialAction":[{"@type":"ReadAction","target":["https:\/\/mivoot.com\/gt\/producto\/escaner-de-documentos-duplex-a-color-ds-770-ii-epson\/"]}]},{"@type":"ImageObject","inLanguage":"es","@id":"https:\/\/mivoot.com\/gt\/producto\/escaner-de-documentos-duplex-a-color-ds-770-ii-epson\/#primaryimage","url":"https:\/\/mivoot.com\/gt\/wp-content\/uploads\/2025\/05\/Epson-DS-770-II-03.jpg","contentUrl":"https:\/\/mivoot.com\/gt\/wp-content\/uploads\/2025\/05\/Epson-DS-770-II-03.jpg","width":768,"height":768},{"@type":"BreadcrumbList","@id":"https:\/\/mivoot.com\/gt\/producto\/escaner-de-documentos-duplex-a-color-ds-770-ii-epson\/#breadcrumb","itemListElement":[{"@type":"ListItem","position":1,"name":"Inicio","item":"https:\/\/mivoot.com\/gt\/"},{"@type":"ListItem","position":2,"name":"Productos","item":"https:\/\/mivoot.com\/gt\/producto\/"},{"@type":"ListItem","position":3,"name":"Epson","item":"https:\/\/mivoot.com\/gt\/marca\/epson\/"},{"@type":"ListItem","position":4,"name":"Esc\u00e1ner de Documentos D\u00faplex a Color DS-770 II Epson"}]},{"@type":"WebSite","@id":"https:\/\/mivoot.com\/gt\/#website","url":"https:\/\/mivoot.com\/gt\/","name":"Mivoot","description":"Mivoot Guatemala | Tienda Online","publisher":{"@id":"https:\/\/mivoot.com\/gt\/#organization"},"alternateName":"mivoot","potentialAction":[{"@type":"SearchAction","target":{"@type":"EntryPoint","urlTemplate":"https:\/\/mivoot.com\/gt\/?s={search_term_string}"},"query-input":{"@type":"PropertyValueSpecification","valueRequired":true,"valueName":"search_term_string"}}],"inLanguage":"es"},{"@type":"Organization","@id":"https:\/\/mivoot.com\/gt\/#organization","name":"Mivoot Guatemala","alternateName":"mivoot.com","url":"https:\/\/mivoot.com\/gt\/","logo":{"@type":"ImageObject","inLanguage":"es","@id":"https:\/\/mivoot.com\/gt\/#\/schema\/logo\/image\/","url":"https:\/\/mivoot.com\/gt\/wp-content\/uploads\/2023\/03\/cropped-icon.png","contentUrl":"https:\/\/mivoot.com\/gt\/wp-content\/uploads\/2023\/03\/cropped-icon.png","width":512,"height":512,"caption":"Mivoot Guatemala"},"image":{"@id":"https:\/\/mivoot.com\/gt\/#\/schema\/logo\/image\/"},"sameAs":["https:\/\/www.facebook.com\/mivootgt","https:\/\/instagram.com\/mivoot"]}]}},"jetpack_publicize_connections":[],"jetpack_sharing_enabled":true,"brands":[{"id":188,"name":"Epson","slug":"epson"}],"_links":{"self":[{"href":"https:\/\/mivoot.com\/gt\/wp-json\/wp\/v2\/product\/27817","targetHints":{"allow":["GET"]}}],"collection":[{"href":"https:\/\/mivoot.com\/gt\/wp-json\/wp\/v2\/product"}],"about":[{"href":"https:\/\/mivoot.com\/gt\/wp-json\/wp\/v2\/types\/product"}],"replies":[{"embeddable":true,"href":"https:\/\/mivoot.com\/gt\/wp-json\/wp\/v2\/comments?post=27817"}],"version-history":[{"count":2,"href":"https:\/\/mivoot.com\/gt\/wp-json\/wp\/v2\/product\/27817\/revisions"}],"predecessor-version":[{"id":27823,"href":"https:\/\/mivoot.com\/gt\/wp-json\/wp\/v2\/product\/27817\/revisions\/27823"}],"wp:featuredmedia":[{"embeddable":true,"href":"https:\/\/mivoot.com\/gt\/wp-json\/wp\/v2\/media\/27821"}],"wp:attachment":[{"href":"https:\/\/mivoot.com\/gt\/wp-json\/wp\/v2\/media?parent=27817"}],"wp:term":[{"taxonomy":"pwb-brand","embeddable":true,"href":"https:\/\/mivoot.com\/gt\/wp-json\/wp\/v2\/pwb-brand?post=27817"},{"taxonomy":"product_brand","embeddable":true,"href":"https:\/\/mivoot.com\/gt\/wp-json\/wp\/v2\/product_brand?post=27817"},{"taxonomy":"product_cat","embeddable":true,"href":"https:\/\/mivoot.com\/gt\/wp-json\/wp\/v2\/product_cat?post=27817"},{"taxonomy":"product_tag","embeddable":true,"href":"https:\/\/mivoot.com\/gt\/wp-json\/wp\/v2\/product_tag?post=27817"}],"curies":[{"name":"wp","href":"https:\/\/api.w.org\/{rel}","templated":true}]}}