{"id":27832,"date":"2025-05-01T15:10:20","date_gmt":"2025-05-01T21:10:20","guid":{"rendered":"https:\/\/mivoot.com\/gt\/?post_type=product&#038;p=27832"},"modified":"2025-05-01T15:11:44","modified_gmt":"2025-05-01T21:11:44","slug":"control-de-acceso-y-videoportero-wi-fi-huella-tarjeta-f35-zkteco","status":"publish","type":"product","link":"https:\/\/mivoot.com\/gt\/producto\/control-de-acceso-y-videoportero-wi-fi-huella-tarjeta-f35-zkteco\/","title":{"rendered":"Control de Acceso y Videoportero Wi-Fi Huella Tarjeta F35 ZKTeco"},"content":{"rendered":"<div class=\"x-p\">\n<p><img decoding=\"async\" src=\"https:\/\/new-website-file.s3.ap-southeast-1.amazonaws.com\/images\/20241209\/F35%201920x700px-01.jpg\" alt=\"F35\" \/><\/p>\n<p>El F35 de ZKTeco es un terminal de control de acceso independiente con funci\u00f3n de videoportero. Incorpora verificaci\u00f3n de huella dactilar en el cristal, lo que ofrece autenticaci\u00f3n biom\u00e9trica segura sin necesidad de un bot\u00f3n dedicado.<\/p>\n<p>Adem\u00e1s, admite m\u00faltiples m\u00f3dulos de tarjetas tecnol\u00f3gicas para la verificaci\u00f3n y, al integrarse con el software ZKBioTime, puede utilizarse como terminal de control de asistencia. Adem\u00e1s, una de las caracter\u00edsticas destacadas del F35 es su monitor a color de 2,4 pulgadas, c\u00e1mara de 2 MP, micr\u00f3fono integrado y altavoces para videoportero unidireccional a trav\u00e9s de un monitor interior con protocolo SIP.<\/p>\n<p>El F35 es compatible con el protocolo ONVIF; su firmware permite la conexi\u00f3n AC push y la conversi\u00f3n a TA push. El marco de aleaci\u00f3n de aluminio del F35 ofrece una protecci\u00f3n robusta y cuenta con una clasificaci\u00f3n de protecci\u00f3n IP65, lo que garantiza su funcionamiento en condiciones clim\u00e1ticas adversas.<\/p>\n<p><img decoding=\"async\" src=\"https:\/\/new-website-file.s3.ap-southeast-1.amazonaws.com\/images\/20240311\/F35%20Banner%202024.jpg\" \/><\/p>\n<h3>CARACTERISTICAS<\/h3>\n<ul>\n<li>Verificaci\u00f3n de huellas dactilares en el vidrio.<\/li>\n<li>Marco de aleaci\u00f3n de aluminio y panel de vidrio 2.5D.<\/li>\n<li>Admite cliente SIP (versi\u00f3n 2.0) para intercomunicador de v\u00eddeo unidireccional.<\/li>\n<li>Totalmente compatible con el monitor interior del intercomunicador de video SIP ZKTeco (VT07-B01 y VT07-B01-W)<\/li>\n<li>Obtuvo clasificaci\u00f3n de protecci\u00f3n IP65 a prueba de polvo y agua.<\/li>\n<li>Comunicaci\u00f3n: TCP\/IP y Wi-Fi (Opcional).<\/li>\n<li>Admite videoconferencia mediante aplicaci\u00f3n m\u00f3vil: ZSmart.<\/li>\n<li>M\u00f3dulos de tarjeta disponibles: Tarjeta de identificaci\u00f3n de 125 kHz (est\u00e1ndar) \/<\/li>\n<li>Tarjeta de identificaci\u00f3n de 125 kHz y tarjeta IC de 13,56 MHz (opcional) \/ Tarjeta multitecnolog\u00eda (opcional): Tarjeta de identificaci\u00f3n y IC de 125 kHz y 13,56 MHz y DESFire EV1 \/ EV2 \/ Felica \/ HID proxy \/ HID ICLASS.<\/li>\n<li>M\u00faltiples m\u00e9todos de verificaci\u00f3n: Huella dactilar \/ Tarjeta \/ Contrase\u00f1a.<\/li>\n<li>Admite push de CA y conversi\u00f3n a push de TA.<\/li>\n<li>Admite timbre y timbre inal\u00e1mbrico (opcional).<\/li>\n<\/ul>\n<p>&nbsp;<\/p>\n<\/div>\n<div class=\"x-right-a\"><img fetchpriority=\"high\" decoding=\"async\" class=\"size-full wp-image-27844 aligncenter\" src=\"https:\/\/mivoot.com\/gt\/wp-content\/uploads\/2025\/05\/F35-ES.png\" alt=\"\" width=\"938\" height=\"726\" srcset=\"https:\/\/mivoot.com\/gt\/wp-content\/uploads\/2025\/05\/F35-ES.png 938w, https:\/\/mivoot.com\/gt\/wp-content\/uploads\/2025\/05\/F35-ES-410x317.png 410w, https:\/\/mivoot.com\/gt\/wp-content\/uploads\/2025\/05\/F35-ES-64x50.png 64w, https:\/\/mivoot.com\/gt\/wp-content\/uploads\/2025\/05\/F35-ES-300x232.png 300w, https:\/\/mivoot.com\/gt\/wp-content\/uploads\/2025\/05\/F35-ES-768x594.png 768w, https:\/\/mivoot.com\/gt\/wp-content\/uploads\/2025\/05\/F35-ES-600x464.png 600w\" sizes=\"(max-width: 938px) 100vw, 938px\" \/> <img decoding=\"async\" class=\"size-full wp-image-27845 aligncenter\" src=\"https:\/\/mivoot.com\/gt\/wp-content\/uploads\/2025\/05\/F35-ES2.png\" alt=\"\" width=\"656\" height=\"393\" srcset=\"https:\/\/mivoot.com\/gt\/wp-content\/uploads\/2025\/05\/F35-ES2.png 656w, https:\/\/mivoot.com\/gt\/wp-content\/uploads\/2025\/05\/F35-ES2-410x246.png 410w, https:\/\/mivoot.com\/gt\/wp-content\/uploads\/2025\/05\/F35-ES2-64x38.png 64w, https:\/\/mivoot.com\/gt\/wp-content\/uploads\/2025\/05\/F35-ES2-300x180.png 300w, https:\/\/mivoot.com\/gt\/wp-content\/uploads\/2025\/05\/F35-ES2-600x359.png 600w\" sizes=\"(max-width: 656px) 100vw, 656px\" \/><\/div>\n","protected":false},"excerpt":{"rendered":"<p>Pantalla LCD a color TFT de 2,4&#8243; (720 x 1280)<br \/>\nC\u00e1mara a 2MP<br \/>\nCapacidad del usuario 10.000 (1:N)<br \/>\nCapacidad de la tarjeta 10.000 (1:N)<br \/>\nCapacidad de la plantilla de huellas dactilares 10.000 (1:N)<br \/>\nCapacidad de transacci\u00f3n 500.000<\/p>\n","protected":false},"featured_media":27843,"comment_status":"open","ping_status":"closed","template":"","meta":{"jetpack_publicize_message":"","jetpack_publicize_feature_enabled":true,"jetpack_social_post_already_shared":true,"jetpack_social_options":{"image_generator_settings":{"template":"highway","default_image_id":0,"font":"","enabled":false},"version":2}},"pwb-brand":[101],"product_brand":[],"product_cat":[19,356],"product_tag":[],"class_list":{"0":"post-27832","1":"product","2":"type-product","3":"status-publish","4":"has-post-thumbnail","6":"pwb-brand-zkteco-guatemala","7":"product_cat-control-de-acceso","8":"product_cat-video-portero","10":"first","11":"instock","12":"taxable","13":"shipping-taxable","14":"purchasable","15":"product-type-simple"},"yoast_head":"<!-- This site is optimized with the Yoast SEO Premium plugin v25.7.1 (Yoast SEO v26.8) - https:\/\/yoast.com\/product\/yoast-seo-premium-wordpress\/ -->\n<title>Control de Acceso y Videoportero Wi-Fi Huella Tarjeta F35 ZKTeco - Mivoot<\/title>\n<meta name=\"robots\" content=\"index, follow, max-snippet:-1, max-image-preview:large, max-video-preview:-1\" \/>\n<link rel=\"canonical\" href=\"https:\/\/mivoot.com\/gt\/producto\/control-de-acceso-y-videoportero-wi-fi-huella-tarjeta-f35-zkteco\/\" \/>\n<meta property=\"og:locale\" content=\"es_ES\" \/>\n<meta property=\"og:type\" content=\"article\" \/>\n<meta property=\"og:title\" content=\"Control de Acceso y Videoportero Wi-Fi Huella Tarjeta F35 ZKTeco\" \/>\n<meta property=\"og:description\" content=\"Pantalla LCD a color TFT de 2,4&quot; (720 x 1280) C\u00e1mara a 2MP Capacidad del usuario 10.000 (1:N) Capacidad de la tarjeta 10.000 (1:N) Capacidad de la plantilla de huellas dactilares 10.000 (1:N) Capacidad de transacci\u00f3n 500.000\" \/>\n<meta property=\"og:url\" content=\"https:\/\/mivoot.com\/gt\/producto\/control-de-acceso-y-videoportero-wi-fi-huella-tarjeta-f35-zkteco\/\" \/>\n<meta property=\"og:site_name\" content=\"Mivoot\" \/>\n<meta property=\"article:publisher\" content=\"https:\/\/www.facebook.com\/mivootgt\" \/>\n<meta property=\"article:modified_time\" content=\"2025-05-01T21:11:44+00:00\" \/>\n<meta property=\"og:image\" content=\"https:\/\/mivoot.com\/gt\/wp-content\/uploads\/2025\/05\/F35-06.jpg\" \/>\n\t<meta property=\"og:image:width\" content=\"500\" \/>\n\t<meta property=\"og:image:height\" content=\"500\" \/>\n\t<meta property=\"og:image:type\" content=\"image\/jpeg\" \/>\n<meta name=\"twitter:card\" content=\"summary_large_image\" \/>\n<meta name=\"twitter:label1\" content=\"Est. reading time\" \/>\n\t<meta name=\"twitter:data1\" content=\"3 minutos\" \/>\n<script type=\"application\/ld+json\" class=\"yoast-schema-graph\">{\"@context\":\"https:\/\/schema.org\",\"@graph\":[{\"@type\":\"WebPage\",\"@id\":\"https:\/\/mivoot.com\/gt\/producto\/control-de-acceso-y-videoportero-wi-fi-huella-tarjeta-f35-zkteco\/\",\"url\":\"https:\/\/mivoot.com\/gt\/producto\/control-de-acceso-y-videoportero-wi-fi-huella-tarjeta-f35-zkteco\/\",\"name\":\"Control de Acceso y Videoportero Wi-Fi Huella Tarjeta F35 ZKTeco - Mivoot\",\"isPartOf\":{\"@id\":\"https:\/\/mivoot.com\/gt\/#website\"},\"primaryImageOfPage\":{\"@id\":\"https:\/\/mivoot.com\/gt\/producto\/control-de-acceso-y-videoportero-wi-fi-huella-tarjeta-f35-zkteco\/#primaryimage\"},\"image\":{\"@id\":\"https:\/\/mivoot.com\/gt\/producto\/control-de-acceso-y-videoportero-wi-fi-huella-tarjeta-f35-zkteco\/#primaryimage\"},\"thumbnailUrl\":\"https:\/\/mivoot.com\/gt\/wp-content\/uploads\/2025\/05\/F35-06.jpg\",\"datePublished\":\"2025-05-01T21:10:20+00:00\",\"dateModified\":\"2025-05-01T21:11:44+00:00\",\"breadcrumb\":{\"@id\":\"https:\/\/mivoot.com\/gt\/producto\/control-de-acceso-y-videoportero-wi-fi-huella-tarjeta-f35-zkteco\/#breadcrumb\"},\"inLanguage\":\"es\",\"potentialAction\":[{\"@type\":\"ReadAction\",\"target\":[\"https:\/\/mivoot.com\/gt\/producto\/control-de-acceso-y-videoportero-wi-fi-huella-tarjeta-f35-zkteco\/\"]}]},{\"@type\":\"ImageObject\",\"inLanguage\":\"es\",\"@id\":\"https:\/\/mivoot.com\/gt\/producto\/control-de-acceso-y-videoportero-wi-fi-huella-tarjeta-f35-zkteco\/#primaryimage\",\"url\":\"https:\/\/mivoot.com\/gt\/wp-content\/uploads\/2025\/05\/F35-06.jpg\",\"contentUrl\":\"https:\/\/mivoot.com\/gt\/wp-content\/uploads\/2025\/05\/F35-06.jpg\",\"width\":500,\"height\":500},{\"@type\":\"BreadcrumbList\",\"@id\":\"https:\/\/mivoot.com\/gt\/producto\/control-de-acceso-y-videoportero-wi-fi-huella-tarjeta-f35-zkteco\/#breadcrumb\",\"itemListElement\":[{\"@type\":\"ListItem\",\"position\":1,\"name\":\"Inicio\",\"item\":\"https:\/\/mivoot.com\/gt\/\"},{\"@type\":\"ListItem\",\"position\":2,\"name\":\"Productos\",\"item\":\"https:\/\/mivoot.com\/gt\/producto\/\"},{\"@type\":\"ListItem\",\"position\":3,\"name\":\"ZKTeco\",\"item\":\"https:\/\/mivoot.com\/gt\/marca\/zkteco-guatemala\/\"},{\"@type\":\"ListItem\",\"position\":4,\"name\":\"Control de Acceso y Videoportero Wi-Fi Huella Tarjeta F35 ZKTeco\"}]},{\"@type\":\"WebSite\",\"@id\":\"https:\/\/mivoot.com\/gt\/#website\",\"url\":\"https:\/\/mivoot.com\/gt\/\",\"name\":\"Mivoot\",\"description\":\"Mivoot Guatemala | Tienda Online\",\"publisher\":{\"@id\":\"https:\/\/mivoot.com\/gt\/#organization\"},\"alternateName\":\"mivoot\",\"potentialAction\":[{\"@type\":\"SearchAction\",\"target\":{\"@type\":\"EntryPoint\",\"urlTemplate\":\"https:\/\/mivoot.com\/gt\/?s={search_term_string}\"},\"query-input\":{\"@type\":\"PropertyValueSpecification\",\"valueRequired\":true,\"valueName\":\"search_term_string\"}}],\"inLanguage\":\"es\"},{\"@type\":\"Organization\",\"@id\":\"https:\/\/mivoot.com\/gt\/#organization\",\"name\":\"Mivoot Guatemala\",\"alternateName\":\"mivoot.com\",\"url\":\"https:\/\/mivoot.com\/gt\/\",\"logo\":{\"@type\":\"ImageObject\",\"inLanguage\":\"es\",\"@id\":\"https:\/\/mivoot.com\/gt\/#\/schema\/logo\/image\/\",\"url\":\"https:\/\/mivoot.com\/gt\/wp-content\/uploads\/2023\/03\/cropped-icon.png\",\"contentUrl\":\"https:\/\/mivoot.com\/gt\/wp-content\/uploads\/2023\/03\/cropped-icon.png\",\"width\":512,\"height\":512,\"caption\":\"Mivoot Guatemala\"},\"image\":{\"@id\":\"https:\/\/mivoot.com\/gt\/#\/schema\/logo\/image\/\"},\"sameAs\":[\"https:\/\/www.facebook.com\/mivootgt\",\"https:\/\/instagram.com\/mivoot\"]}]}<\/script>\n<!-- \/ Yoast SEO Premium plugin. -->","yoast_head_json":{"title":"Control de Acceso y Videoportero Wi-Fi Huella Tarjeta F35 ZKTeco - Mivoot","robots":{"index":"index","follow":"follow","max-snippet":"max-snippet:-1","max-image-preview":"max-image-preview:large","max-video-preview":"max-video-preview:-1"},"canonical":"https:\/\/mivoot.com\/gt\/producto\/control-de-acceso-y-videoportero-wi-fi-huella-tarjeta-f35-zkteco\/","og_locale":"es_ES","og_type":"article","og_title":"Control de Acceso y Videoportero Wi-Fi Huella Tarjeta F35 ZKTeco","og_description":"Pantalla LCD a color TFT de 2,4\" (720 x 1280) C\u00e1mara a 2MP Capacidad del usuario 10.000 (1:N) Capacidad de la tarjeta 10.000 (1:N) Capacidad de la plantilla de huellas dactilares 10.000 (1:N) Capacidad de transacci\u00f3n 500.000","og_url":"https:\/\/mivoot.com\/gt\/producto\/control-de-acceso-y-videoportero-wi-fi-huella-tarjeta-f35-zkteco\/","og_site_name":"Mivoot","article_publisher":"https:\/\/www.facebook.com\/mivootgt","article_modified_time":"2025-05-01T21:11:44+00:00","og_image":[{"width":500,"height":500,"url":"https:\/\/mivoot.com\/gt\/wp-content\/uploads\/2025\/05\/F35-06.jpg","type":"image\/jpeg"}],"twitter_card":"summary_large_image","twitter_misc":{"Est. reading time":"3 minutos"},"schema":{"@context":"https:\/\/schema.org","@graph":[{"@type":"WebPage","@id":"https:\/\/mivoot.com\/gt\/producto\/control-de-acceso-y-videoportero-wi-fi-huella-tarjeta-f35-zkteco\/","url":"https:\/\/mivoot.com\/gt\/producto\/control-de-acceso-y-videoportero-wi-fi-huella-tarjeta-f35-zkteco\/","name":"Control de Acceso y Videoportero Wi-Fi Huella Tarjeta F35 ZKTeco - Mivoot","isPartOf":{"@id":"https:\/\/mivoot.com\/gt\/#website"},"primaryImageOfPage":{"@id":"https:\/\/mivoot.com\/gt\/producto\/control-de-acceso-y-videoportero-wi-fi-huella-tarjeta-f35-zkteco\/#primaryimage"},"image":{"@id":"https:\/\/mivoot.com\/gt\/producto\/control-de-acceso-y-videoportero-wi-fi-huella-tarjeta-f35-zkteco\/#primaryimage"},"thumbnailUrl":"https:\/\/mivoot.com\/gt\/wp-content\/uploads\/2025\/05\/F35-06.jpg","datePublished":"2025-05-01T21:10:20+00:00","dateModified":"2025-05-01T21:11:44+00:00","breadcrumb":{"@id":"https:\/\/mivoot.com\/gt\/producto\/control-de-acceso-y-videoportero-wi-fi-huella-tarjeta-f35-zkteco\/#breadcrumb"},"inLanguage":"es","potentialAction":[{"@type":"ReadAction","target":["https:\/\/mivoot.com\/gt\/producto\/control-de-acceso-y-videoportero-wi-fi-huella-tarjeta-f35-zkteco\/"]}]},{"@type":"ImageObject","inLanguage":"es","@id":"https:\/\/mivoot.com\/gt\/producto\/control-de-acceso-y-videoportero-wi-fi-huella-tarjeta-f35-zkteco\/#primaryimage","url":"https:\/\/mivoot.com\/gt\/wp-content\/uploads\/2025\/05\/F35-06.jpg","contentUrl":"https:\/\/mivoot.com\/gt\/wp-content\/uploads\/2025\/05\/F35-06.jpg","width":500,"height":500},{"@type":"BreadcrumbList","@id":"https:\/\/mivoot.com\/gt\/producto\/control-de-acceso-y-videoportero-wi-fi-huella-tarjeta-f35-zkteco\/#breadcrumb","itemListElement":[{"@type":"ListItem","position":1,"name":"Inicio","item":"https:\/\/mivoot.com\/gt\/"},{"@type":"ListItem","position":2,"name":"Productos","item":"https:\/\/mivoot.com\/gt\/producto\/"},{"@type":"ListItem","position":3,"name":"ZKTeco","item":"https:\/\/mivoot.com\/gt\/marca\/zkteco-guatemala\/"},{"@type":"ListItem","position":4,"name":"Control de Acceso y Videoportero Wi-Fi Huella Tarjeta F35 ZKTeco"}]},{"@type":"WebSite","@id":"https:\/\/mivoot.com\/gt\/#website","url":"https:\/\/mivoot.com\/gt\/","name":"Mivoot","description":"Mivoot Guatemala | Tienda Online","publisher":{"@id":"https:\/\/mivoot.com\/gt\/#organization"},"alternateName":"mivoot","potentialAction":[{"@type":"SearchAction","target":{"@type":"EntryPoint","urlTemplate":"https:\/\/mivoot.com\/gt\/?s={search_term_string}"},"query-input":{"@type":"PropertyValueSpecification","valueRequired":true,"valueName":"search_term_string"}}],"inLanguage":"es"},{"@type":"Organization","@id":"https:\/\/mivoot.com\/gt\/#organization","name":"Mivoot Guatemala","alternateName":"mivoot.com","url":"https:\/\/mivoot.com\/gt\/","logo":{"@type":"ImageObject","inLanguage":"es","@id":"https:\/\/mivoot.com\/gt\/#\/schema\/logo\/image\/","url":"https:\/\/mivoot.com\/gt\/wp-content\/uploads\/2023\/03\/cropped-icon.png","contentUrl":"https:\/\/mivoot.com\/gt\/wp-content\/uploads\/2023\/03\/cropped-icon.png","width":512,"height":512,"caption":"Mivoot Guatemala"},"image":{"@id":"https:\/\/mivoot.com\/gt\/#\/schema\/logo\/image\/"},"sameAs":["https:\/\/www.facebook.com\/mivootgt","https:\/\/instagram.com\/mivoot"]}]}},"jetpack_publicize_connections":[],"jetpack_sharing_enabled":true,"brands":[{"id":101,"name":"ZKTeco","slug":"zkteco-guatemala"}],"_links":{"self":[{"href":"https:\/\/mivoot.com\/gt\/wp-json\/wp\/v2\/product\/27832","targetHints":{"allow":["GET"]}}],"collection":[{"href":"https:\/\/mivoot.com\/gt\/wp-json\/wp\/v2\/product"}],"about":[{"href":"https:\/\/mivoot.com\/gt\/wp-json\/wp\/v2\/types\/product"}],"replies":[{"embeddable":true,"href":"https:\/\/mivoot.com\/gt\/wp-json\/wp\/v2\/comments?post=27832"}],"version-history":[{"count":1,"href":"https:\/\/mivoot.com\/gt\/wp-json\/wp\/v2\/product\/27832\/revisions"}],"predecessor-version":[{"id":27846,"href":"https:\/\/mivoot.com\/gt\/wp-json\/wp\/v2\/product\/27832\/revisions\/27846"}],"wp:featuredmedia":[{"embeddable":true,"href":"https:\/\/mivoot.com\/gt\/wp-json\/wp\/v2\/media\/27843"}],"wp:attachment":[{"href":"https:\/\/mivoot.com\/gt\/wp-json\/wp\/v2\/media?parent=27832"}],"wp:term":[{"taxonomy":"pwb-brand","embeddable":true,"href":"https:\/\/mivoot.com\/gt\/wp-json\/wp\/v2\/pwb-brand?post=27832"},{"taxonomy":"product_brand","embeddable":true,"href":"https:\/\/mivoot.com\/gt\/wp-json\/wp\/v2\/product_brand?post=27832"},{"taxonomy":"product_cat","embeddable":true,"href":"https:\/\/mivoot.com\/gt\/wp-json\/wp\/v2\/product_cat?post=27832"},{"taxonomy":"product_tag","embeddable":true,"href":"https:\/\/mivoot.com\/gt\/wp-json\/wp\/v2\/product_tag?post=27832"}],"curies":[{"name":"wp","href":"https:\/\/api.w.org\/{rel}","templated":true}]}}