{"id":27892,"date":"2025-05-05T16:16:17","date_gmt":"2025-05-05T22:16:17","guid":{"rendered":"https:\/\/mivoot.com\/gt\/?post_type=product&#038;p=27892"},"modified":"2025-05-05T16:20:55","modified_gmt":"2025-05-05T22:20:55","slug":"camara-wi-fi-de-dos-vias-con-pantalla-nexxt","status":"publish","type":"product","link":"https:\/\/mivoot.com\/gt\/producto\/camara-wi-fi-de-dos-vias-con-pantalla-nexxt\/","title":{"rendered":"C\u00e1mara Wi-Fi de Dos V\u00edas con Pantalla Nexxt"},"content":{"rendered":"<h3 class=\"text-c-secondary h5\">Vigila cada \u00e1ngulo, mantente conectado y disponible para los ni\u00f1os y los ancianos en casa las 24 horas del d\u00eda.<\/h3>\n<p class=\"text-justify\">La c\u00e1mara dom\u00e9stica inteligente definitiva que te har\u00e1 sentir como si estuvieras all\u00ed cuando m\u00e1s te necesite.<\/p>\n<ul>\n<li>C\u00e1mara PTZ (pan-tilt-zoom) con rotaci\u00f3n panor\u00e1mica de 355\u00b0 que se activa y controla desde la aplicaci\u00f3n Nexxt Home, para controlar cada rinc\u00f3n de la habitaci\u00f3n.<\/li>\n<li>Conexi\u00f3n Wi-Fi\u00ae\u00a0<sup>para<\/sup>\u00a0transmisi\u00f3n inal\u00e1mbrica a trav\u00e9s de su red dom\u00e9stica.<\/li>\n<li>Comunicaci\u00f3n de audio y video bidireccional a trav\u00e9s de pantalla y micr\u00f3fono integrados para ver y hablar con tus seres queridos en cualquier momento y desde cualquier lugar.<\/li>\n<li>Bot\u00f3n dedicado para videollamadas de emergencia. Si su hijo o familiar mayor necesita ayuda urgente, simplemente puede presionar el bot\u00f3n para iniciar una videollamada y solicitar su apoyo.<\/li>\n<li>Resoluci\u00f3n de video Full HD 1080p de 2 MP<\/li>\n<li>LED infrarrojos para funci\u00f3n de visi\u00f3n nocturna<\/li>\n<li>Detecci\u00f3n de movimiento avanzada, con un alcance efectivo de hasta 33 pies.<\/li>\n<li>Acceso f\u00e1cil de compartir<\/li>\n<li>Listo para la nube: acceso r\u00e1pido y seguro a tu galer\u00eda. Revisa cada segundo o detalle de tus videos registrados cuando quieras para no perderte ning\u00fan momento importante.<\/li>\n<li>Admite almacenamiento local adicional a trav\u00e9s de una tarjeta microSD\u2122 de hasta 128 GB*.<\/li>\n<li>Nexxt View\u00a0<sup>\u00ae<\/sup>\u00a0admite la visualizaci\u00f3n remota y el control simult\u00e1neos en tiempo real de todas sus c\u00e1maras Nexxt Home\u00a0<sup>\u00ae<\/sup>\u00a0en una \u00fanica plataforma web.<\/li>\n<\/ul>\n<p><img decoding=\"async\" class=\"aligncenter\" src=\"http:\/\/nexxt-connectivity-frontend.s3.amazonaws.com\/media\/img\/NHC-IP20_Infografia_DK.jpg\" \/><\/p>\n<div id=\"accvent-id\">\n<div id=\"load-accvent-content\" style=\"width: 100% !important; margin: 0px auto;\">\n<div>\n<div id=\"avloading\" style=\"text-align: center; display: none;\">\n<p><img decoding=\"async\" style=\"height: 80px;\" src=\"https:\/\/accvent.com\/scripting\/loading.gif\" \/><\/p>\n<div>Cargando&#8230;<\/div>\n<\/div>\n<p><iframe id=\"aviframe\" style=\"border: none; visibility: visible; overflow: hidden !important; height: 5957px;\" src=\"https:\/\/nexxtsolutions.com\/es\/conectividad\/sindicado\/?slug=NHC-IP20\" name=\"aviframe\" width=\"100%\" frameborder=\"0\" scrolling=\"no\"><\/iframe><\/p>\n<\/div>\n<\/div>\n<p><script id=\"accvent-loader\" type=\"text\/javascript\" src=\"https:\/\/accvent.com\/scripting\/loader.js\" data-search=\"NHC-IP20\" data-brand=\"NEXXT_CONNECTIVITY\" data-lang=\"es\">\n            <\/script><\/p>\n<\/div>\n","protected":false},"excerpt":{"rendered":"<p>&#8211; C\u00e1mara PTZ (pan-tilt-zoom) con rotaci\u00f3n panor\u00e1mica de 355\u00b0<br \/>\n&#8211; Conexi\u00f3n Wi-Fi\u00ae<br \/>\n&#8211; Comunicaci\u00f3n de audio y video bidireccional a trav\u00e9s de pantalla y micr\u00f3fono integrados<br \/>\n&#8211; Bot\u00f3n dedicado para videollamadas de emergencia.<br \/>\n&#8211; Resoluci\u00f3n de video Full HD 1080p de 2 MP<br \/>\n&#8211; LED infrarrojos para funci\u00f3n de visi\u00f3n nocturna<br \/>\n&#8211; Detecci\u00f3n de movimiento avanzada, con un alcance efectivo de hasta 33 pies.<br \/>\n&#8211; Acceso f\u00e1cil de compartir<br \/>\n&#8211; Admite almacenamiento tarjeta microSD\u2122 de hasta 128 GB*.<\/p>\n","protected":false},"featured_media":27896,"comment_status":"open","ping_status":"closed","template":"","meta":{"jetpack_publicize_message":"","jetpack_publicize_feature_enabled":true,"jetpack_social_post_already_shared":true,"jetpack_social_options":{"image_generator_settings":{"template":"highway","default_image_id":0,"font":"","enabled":false},"version":2}},"pwb-brand":[72],"product_brand":[],"product_cat":[401],"product_tag":[],"class_list":{"0":"post-27892","1":"product","2":"type-product","3":"status-publish","4":"has-post-thumbnail","6":"pwb-brand-nexxt","7":"product_cat-camaras-wi-fi-inalambricas","9":"first","10":"instock","11":"taxable","12":"shipping-taxable","13":"purchasable","14":"product-type-simple"},"yoast_head":"<!-- This site is optimized with the Yoast SEO Premium plugin v25.7.1 (Yoast SEO v26.8) - https:\/\/yoast.com\/product\/yoast-seo-premium-wordpress\/ -->\n<title>C\u00e1mara Wi-Fi de Dos V\u00edas con Pantalla Nexxt - Mivoot<\/title>\n<meta name=\"robots\" content=\"index, follow, max-snippet:-1, max-image-preview:large, max-video-preview:-1\" \/>\n<link rel=\"canonical\" href=\"https:\/\/mivoot.com\/gt\/producto\/camara-wi-fi-de-dos-vias-con-pantalla-nexxt\/\" \/>\n<meta property=\"og:locale\" content=\"es_ES\" \/>\n<meta property=\"og:type\" content=\"article\" \/>\n<meta property=\"og:title\" content=\"C\u00e1mara Wi-Fi de Dos V\u00edas con Pantalla Nexxt\" \/>\n<meta property=\"og:description\" content=\"- C\u00e1mara PTZ (pan-tilt-zoom) con rotaci\u00f3n panor\u00e1mica de 355\u00b0  - Conexi\u00f3n Wi-Fi\u00ae - Comunicaci\u00f3n de audio y video bidireccional a trav\u00e9s de pantalla y micr\u00f3fono integrados - Bot\u00f3n dedicado para videollamadas de emergencia.  - Resoluci\u00f3n de video Full HD 1080p de 2 MP - LED infrarrojos para funci\u00f3n de visi\u00f3n nocturna - Detecci\u00f3n de movimiento avanzada, con un alcance efectivo de hasta 33 pies. - Acceso f\u00e1cil de compartir - Admite almacenamiento tarjeta microSD\u2122 de hasta 128 GB*.\" \/>\n<meta property=\"og:url\" content=\"https:\/\/mivoot.com\/gt\/producto\/camara-wi-fi-de-dos-vias-con-pantalla-nexxt\/\" \/>\n<meta property=\"og:site_name\" content=\"Mivoot\" \/>\n<meta property=\"article:publisher\" content=\"https:\/\/www.facebook.com\/mivootgt\" \/>\n<meta property=\"article:modified_time\" content=\"2025-05-05T22:20:55+00:00\" \/>\n<meta property=\"og:image\" content=\"https:\/\/mivoot.com\/gt\/wp-content\/uploads\/2025\/05\/NHC-IP20.jpg\" \/>\n\t<meta property=\"og:image:width\" content=\"1000\" \/>\n\t<meta property=\"og:image:height\" content=\"1000\" \/>\n\t<meta property=\"og:image:type\" content=\"image\/jpeg\" \/>\n<meta name=\"twitter:card\" content=\"summary_large_image\" \/>\n<meta name=\"twitter:label1\" content=\"Est. reading time\" \/>\n\t<meta name=\"twitter:data1\" content=\"2 minutos\" \/>\n<script type=\"application\/ld+json\" class=\"yoast-schema-graph\">{\"@context\":\"https:\/\/schema.org\",\"@graph\":[{\"@type\":\"WebPage\",\"@id\":\"https:\/\/mivoot.com\/gt\/producto\/camara-wi-fi-de-dos-vias-con-pantalla-nexxt\/\",\"url\":\"https:\/\/mivoot.com\/gt\/producto\/camara-wi-fi-de-dos-vias-con-pantalla-nexxt\/\",\"name\":\"C\u00e1mara Wi-Fi de Dos V\u00edas con Pantalla Nexxt - Mivoot\",\"isPartOf\":{\"@id\":\"https:\/\/mivoot.com\/gt\/#website\"},\"primaryImageOfPage\":{\"@id\":\"https:\/\/mivoot.com\/gt\/producto\/camara-wi-fi-de-dos-vias-con-pantalla-nexxt\/#primaryimage\"},\"image\":{\"@id\":\"https:\/\/mivoot.com\/gt\/producto\/camara-wi-fi-de-dos-vias-con-pantalla-nexxt\/#primaryimage\"},\"thumbnailUrl\":\"https:\/\/mivoot.com\/gt\/wp-content\/uploads\/2025\/05\/NHC-IP20.webp\",\"datePublished\":\"2025-05-05T22:16:17+00:00\",\"dateModified\":\"2025-05-05T22:20:55+00:00\",\"breadcrumb\":{\"@id\":\"https:\/\/mivoot.com\/gt\/producto\/camara-wi-fi-de-dos-vias-con-pantalla-nexxt\/#breadcrumb\"},\"inLanguage\":\"es\",\"potentialAction\":[{\"@type\":\"ReadAction\",\"target\":[\"https:\/\/mivoot.com\/gt\/producto\/camara-wi-fi-de-dos-vias-con-pantalla-nexxt\/\"]}]},{\"@type\":\"ImageObject\",\"inLanguage\":\"es\",\"@id\":\"https:\/\/mivoot.com\/gt\/producto\/camara-wi-fi-de-dos-vias-con-pantalla-nexxt\/#primaryimage\",\"url\":\"https:\/\/mivoot.com\/gt\/wp-content\/uploads\/2025\/05\/NHC-IP20.webp\",\"contentUrl\":\"https:\/\/mivoot.com\/gt\/wp-content\/uploads\/2025\/05\/NHC-IP20.webp\",\"width\":1000,\"height\":1000},{\"@type\":\"BreadcrumbList\",\"@id\":\"https:\/\/mivoot.com\/gt\/producto\/camara-wi-fi-de-dos-vias-con-pantalla-nexxt\/#breadcrumb\",\"itemListElement\":[{\"@type\":\"ListItem\",\"position\":1,\"name\":\"Inicio\",\"item\":\"https:\/\/mivoot.com\/gt\/\"},{\"@type\":\"ListItem\",\"position\":2,\"name\":\"Productos\",\"item\":\"https:\/\/mivoot.com\/gt\/producto\/\"},{\"@type\":\"ListItem\",\"position\":3,\"name\":\"Nexxt\",\"item\":\"https:\/\/mivoot.com\/gt\/marca\/nexxt\/\"},{\"@type\":\"ListItem\",\"position\":4,\"name\":\"C\u00e1mara Wi-Fi de Dos V\u00edas con Pantalla Nexxt\"}]},{\"@type\":\"WebSite\",\"@id\":\"https:\/\/mivoot.com\/gt\/#website\",\"url\":\"https:\/\/mivoot.com\/gt\/\",\"name\":\"Mivoot\",\"description\":\"Mivoot Guatemala | Tienda Online\",\"publisher\":{\"@id\":\"https:\/\/mivoot.com\/gt\/#organization\"},\"alternateName\":\"mivoot\",\"potentialAction\":[{\"@type\":\"SearchAction\",\"target\":{\"@type\":\"EntryPoint\",\"urlTemplate\":\"https:\/\/mivoot.com\/gt\/?s={search_term_string}\"},\"query-input\":{\"@type\":\"PropertyValueSpecification\",\"valueRequired\":true,\"valueName\":\"search_term_string\"}}],\"inLanguage\":\"es\"},{\"@type\":\"Organization\",\"@id\":\"https:\/\/mivoot.com\/gt\/#organization\",\"name\":\"Mivoot Guatemala\",\"alternateName\":\"mivoot.com\",\"url\":\"https:\/\/mivoot.com\/gt\/\",\"logo\":{\"@type\":\"ImageObject\",\"inLanguage\":\"es\",\"@id\":\"https:\/\/mivoot.com\/gt\/#\/schema\/logo\/image\/\",\"url\":\"https:\/\/mivoot.com\/gt\/wp-content\/uploads\/2023\/03\/cropped-icon.png\",\"contentUrl\":\"https:\/\/mivoot.com\/gt\/wp-content\/uploads\/2023\/03\/cropped-icon.png\",\"width\":512,\"height\":512,\"caption\":\"Mivoot Guatemala\"},\"image\":{\"@id\":\"https:\/\/mivoot.com\/gt\/#\/schema\/logo\/image\/\"},\"sameAs\":[\"https:\/\/www.facebook.com\/mivootgt\",\"https:\/\/instagram.com\/mivoot\"]}]}<\/script>\n<!-- \/ Yoast SEO Premium plugin. -->","yoast_head_json":{"title":"C\u00e1mara Wi-Fi de Dos V\u00edas con Pantalla Nexxt - Mivoot","robots":{"index":"index","follow":"follow","max-snippet":"max-snippet:-1","max-image-preview":"max-image-preview:large","max-video-preview":"max-video-preview:-1"},"canonical":"https:\/\/mivoot.com\/gt\/producto\/camara-wi-fi-de-dos-vias-con-pantalla-nexxt\/","og_locale":"es_ES","og_type":"article","og_title":"C\u00e1mara Wi-Fi de Dos V\u00edas con Pantalla Nexxt","og_description":"- C\u00e1mara PTZ (pan-tilt-zoom) con rotaci\u00f3n panor\u00e1mica de 355\u00b0  - Conexi\u00f3n Wi-Fi\u00ae - Comunicaci\u00f3n de audio y video bidireccional a trav\u00e9s de pantalla y micr\u00f3fono integrados - Bot\u00f3n dedicado para videollamadas de emergencia.  - Resoluci\u00f3n de video Full HD 1080p de 2 MP - LED infrarrojos para funci\u00f3n de visi\u00f3n nocturna - Detecci\u00f3n de movimiento avanzada, con un alcance efectivo de hasta 33 pies. - Acceso f\u00e1cil de compartir - Admite almacenamiento tarjeta microSD\u2122 de hasta 128 GB*.","og_url":"https:\/\/mivoot.com\/gt\/producto\/camara-wi-fi-de-dos-vias-con-pantalla-nexxt\/","og_site_name":"Mivoot","article_publisher":"https:\/\/www.facebook.com\/mivootgt","article_modified_time":"2025-05-05T22:20:55+00:00","og_image":[{"width":1000,"height":1000,"url":"https:\/\/mivoot.com\/gt\/wp-content\/uploads\/2025\/05\/NHC-IP20.jpg","type":"image\/jpeg"}],"twitter_card":"summary_large_image","twitter_misc":{"Est. reading time":"2 minutos"},"schema":{"@context":"https:\/\/schema.org","@graph":[{"@type":"WebPage","@id":"https:\/\/mivoot.com\/gt\/producto\/camara-wi-fi-de-dos-vias-con-pantalla-nexxt\/","url":"https:\/\/mivoot.com\/gt\/producto\/camara-wi-fi-de-dos-vias-con-pantalla-nexxt\/","name":"C\u00e1mara Wi-Fi de Dos V\u00edas con Pantalla Nexxt - Mivoot","isPartOf":{"@id":"https:\/\/mivoot.com\/gt\/#website"},"primaryImageOfPage":{"@id":"https:\/\/mivoot.com\/gt\/producto\/camara-wi-fi-de-dos-vias-con-pantalla-nexxt\/#primaryimage"},"image":{"@id":"https:\/\/mivoot.com\/gt\/producto\/camara-wi-fi-de-dos-vias-con-pantalla-nexxt\/#primaryimage"},"thumbnailUrl":"https:\/\/mivoot.com\/gt\/wp-content\/uploads\/2025\/05\/NHC-IP20.webp","datePublished":"2025-05-05T22:16:17+00:00","dateModified":"2025-05-05T22:20:55+00:00","breadcrumb":{"@id":"https:\/\/mivoot.com\/gt\/producto\/camara-wi-fi-de-dos-vias-con-pantalla-nexxt\/#breadcrumb"},"inLanguage":"es","potentialAction":[{"@type":"ReadAction","target":["https:\/\/mivoot.com\/gt\/producto\/camara-wi-fi-de-dos-vias-con-pantalla-nexxt\/"]}]},{"@type":"ImageObject","inLanguage":"es","@id":"https:\/\/mivoot.com\/gt\/producto\/camara-wi-fi-de-dos-vias-con-pantalla-nexxt\/#primaryimage","url":"https:\/\/mivoot.com\/gt\/wp-content\/uploads\/2025\/05\/NHC-IP20.webp","contentUrl":"https:\/\/mivoot.com\/gt\/wp-content\/uploads\/2025\/05\/NHC-IP20.webp","width":1000,"height":1000},{"@type":"BreadcrumbList","@id":"https:\/\/mivoot.com\/gt\/producto\/camara-wi-fi-de-dos-vias-con-pantalla-nexxt\/#breadcrumb","itemListElement":[{"@type":"ListItem","position":1,"name":"Inicio","item":"https:\/\/mivoot.com\/gt\/"},{"@type":"ListItem","position":2,"name":"Productos","item":"https:\/\/mivoot.com\/gt\/producto\/"},{"@type":"ListItem","position":3,"name":"Nexxt","item":"https:\/\/mivoot.com\/gt\/marca\/nexxt\/"},{"@type":"ListItem","position":4,"name":"C\u00e1mara Wi-Fi de Dos V\u00edas con Pantalla Nexxt"}]},{"@type":"WebSite","@id":"https:\/\/mivoot.com\/gt\/#website","url":"https:\/\/mivoot.com\/gt\/","name":"Mivoot","description":"Mivoot Guatemala | Tienda Online","publisher":{"@id":"https:\/\/mivoot.com\/gt\/#organization"},"alternateName":"mivoot","potentialAction":[{"@type":"SearchAction","target":{"@type":"EntryPoint","urlTemplate":"https:\/\/mivoot.com\/gt\/?s={search_term_string}"},"query-input":{"@type":"PropertyValueSpecification","valueRequired":true,"valueName":"search_term_string"}}],"inLanguage":"es"},{"@type":"Organization","@id":"https:\/\/mivoot.com\/gt\/#organization","name":"Mivoot Guatemala","alternateName":"mivoot.com","url":"https:\/\/mivoot.com\/gt\/","logo":{"@type":"ImageObject","inLanguage":"es","@id":"https:\/\/mivoot.com\/gt\/#\/schema\/logo\/image\/","url":"https:\/\/mivoot.com\/gt\/wp-content\/uploads\/2023\/03\/cropped-icon.png","contentUrl":"https:\/\/mivoot.com\/gt\/wp-content\/uploads\/2023\/03\/cropped-icon.png","width":512,"height":512,"caption":"Mivoot Guatemala"},"image":{"@id":"https:\/\/mivoot.com\/gt\/#\/schema\/logo\/image\/"},"sameAs":["https:\/\/www.facebook.com\/mivootgt","https:\/\/instagram.com\/mivoot"]}]}},"jetpack_publicize_connections":[],"jetpack_sharing_enabled":true,"brands":[{"id":72,"name":"Nexxt","slug":"nexxt"}],"_links":{"self":[{"href":"https:\/\/mivoot.com\/gt\/wp-json\/wp\/v2\/product\/27892","targetHints":{"allow":["GET"]}}],"collection":[{"href":"https:\/\/mivoot.com\/gt\/wp-json\/wp\/v2\/product"}],"about":[{"href":"https:\/\/mivoot.com\/gt\/wp-json\/wp\/v2\/types\/product"}],"replies":[{"embeddable":true,"href":"https:\/\/mivoot.com\/gt\/wp-json\/wp\/v2\/comments?post=27892"}],"version-history":[{"count":2,"href":"https:\/\/mivoot.com\/gt\/wp-json\/wp\/v2\/product\/27892\/revisions"}],"predecessor-version":[{"id":27900,"href":"https:\/\/mivoot.com\/gt\/wp-json\/wp\/v2\/product\/27892\/revisions\/27900"}],"wp:featuredmedia":[{"embeddable":true,"href":"https:\/\/mivoot.com\/gt\/wp-json\/wp\/v2\/media\/27896"}],"wp:attachment":[{"href":"https:\/\/mivoot.com\/gt\/wp-json\/wp\/v2\/media?parent=27892"}],"wp:term":[{"taxonomy":"pwb-brand","embeddable":true,"href":"https:\/\/mivoot.com\/gt\/wp-json\/wp\/v2\/pwb-brand?post=27892"},{"taxonomy":"product_brand","embeddable":true,"href":"https:\/\/mivoot.com\/gt\/wp-json\/wp\/v2\/product_brand?post=27892"},{"taxonomy":"product_cat","embeddable":true,"href":"https:\/\/mivoot.com\/gt\/wp-json\/wp\/v2\/product_cat?post=27892"},{"taxonomy":"product_tag","embeddable":true,"href":"https:\/\/mivoot.com\/gt\/wp-json\/wp\/v2\/product_tag?post=27892"}],"curies":[{"name":"wp","href":"https:\/\/api.w.org\/{rel}","templated":true}]}}