{"id":27953,"date":"2025-05-06T12:55:10","date_gmt":"2025-05-06T18:55:10","guid":{"rendered":"https:\/\/mivoot.com\/gt\/?post_type=product&#038;p=27953"},"modified":"2025-05-06T12:55:11","modified_gmt":"2025-05-06T18:55:11","slug":"proyector-dlp-xga-4000-lumenes-hdmi-vga-mx560-benq","status":"publish","type":"product","link":"https:\/\/mivoot.com\/gt\/producto\/proyector-dlp-xga-4000-lumenes-hdmi-vga-mx560-benq\/","title":{"rendered":"Proyector DLP XGA 4000 L\u00famenes HDMI VGA MX560 BenQ"},"content":{"rendered":"<h1 class=\"g6-text-subtitle g6-subtitle-md t-black\" style=\"text-align: center;\">Proyector Profesional de BenQ MX560 | Proyector 4000 lm XGA con funci\u00f3n de ahorro de energ\u00eda SmartEco<\/h1>\n<h2 class=\"g6-text-title g6-title-md t-black \">Optimizaci\u00f3n del consumo de energ\u00eda que favorece la transformaci\u00f3n digital<\/h2>\n<ul>\n<li>El modo SmartEco reduce el consumo de energ\u00eda de la l\u00e1mpara hasta en un 70 %.<\/li>\n<li>Alto nivel de brillo: 4000 l\u00famenes, alto contraste: 20 000:1.<\/li>\n<li>El HDMI doble ofrece conectividad flexible entre dispositivos.<\/li>\n<li>Puerto USB tipo A (1,5 A) para cargar dispositivos inteligentes.<\/li>\n<li>Lentes de cristal puro para disfrutar de im\u00e1genes de total claridad y precisi\u00f3n.<\/li>\n<li>Diversos modos de color para cada tipo de presentaci\u00f3n.<\/li>\n<li>Correcci\u00f3n trapezoidal vertical autom\u00e1tica que proporciona una alineaci\u00f3n de imagen perfecta.<\/li>\n<li>Candado Kensington para disuadir del robo del dispositivo.<\/li>\n<\/ul>\n<h2 class=\"g6-text-title g6-title-md t-black  \">Ahorra energ\u00eda f\u00e1cilmente<\/h2>\n<p class=\" g6-text-desc g6-text-md t-black \">La tecnolog\u00eda SmartEco de BenQ reduce el consumo de energ\u00eda hasta un 70\u00a0% en comparaci\u00f3n con el modo Eco tradicional, ajustando la potencia de la l\u00e1mpara de forma inteligente sin sacrificar la calidad de la imagen. Ampl\u00eda la vida \u00fatil de la l\u00e1mpara, reduce los costes de mantenimiento y disfruta de cualquier contenido.<\/p>\n<h2 class=\"g6-text-title g6-title-md t-black  \">Ahorra de forma inteligente<\/h2>\n<p class=\" g6-text-desc g6-text-md t-black \">El modo SmartEco ajusta din\u00e1micamente la potencia de la l\u00e1mpara adapt\u00e1ndose de forma inteligente al contenido sin sacrificar la calidad de la imagen para ofrecer un rendimiento \u00f3ptimo.<\/p>\n<h3 class=\"g6-text-title g6-title-sm t-black  \">Claridad y color duraderos sin igual<\/h3>\n<p class=\" g6-text-desc g6-text-md t-black \">Las lentes de cristal puro de BenQ permiten proyectar im\u00e1genes precisas durante toda su vida \u00fatil, mientras que la tecnolog\u00eda DLP garantiza colores exactos e intensos a lo largo del tiempo. Con sus modos de color calibrados, las im\u00e1genes brillar\u00e1n en su m\u00e1xima expresi\u00f3n, iluminando tus ideas en cada detalle.<\/p>\n<h3 class=\"g6-text-title g6-title-sm t-black  \">Tu proyector DLP de confianza<\/h3>\n<p class=\" g6-text-desc g6-text-md t-black \">Elige BenQ con confianza para todas tus necesidades de proyecci\u00f3n. Como marca de proyectores DLP m\u00e1s vendida del mundo desde hace m\u00e1s de 10 a\u00f1os, ofrecemos un rendimiento sin igual, con la calidad que mereces.<\/p>\n<p><img decoding=\"async\" class=\"aligncenter\" src=\"https:\/\/image.benq.com\/is\/image\/benqco\/content_017-2?$ResponsivePreset$&amp;wid=1220&amp;dpr=off\" alt=\"BenQ MX560 io port is with reliable transmission and versatile connectivity\" \/><\/p>\n<p><img fetchpriority=\"high\" decoding=\"async\" class=\"alignnone size-full wp-image-27954\" src=\"https:\/\/mivoot.com\/gt\/wp-content\/uploads\/2025\/05\/MX560-00.jpg\" alt=\"\" width=\"800\" height=\"800\" srcset=\"https:\/\/mivoot.com\/gt\/wp-content\/uploads\/2025\/05\/MX560-00.jpg 800w, https:\/\/mivoot.com\/gt\/wp-content\/uploads\/2025\/05\/MX560-00-250x250.jpg 250w, https:\/\/mivoot.com\/gt\/wp-content\/uploads\/2025\/05\/MX560-00-100x100.jpg 100w, https:\/\/mivoot.com\/gt\/wp-content\/uploads\/2025\/05\/MX560-00-410x410.jpg 410w, https:\/\/mivoot.com\/gt\/wp-content\/uploads\/2025\/05\/MX560-00-64x64.jpg 64w, https:\/\/mivoot.com\/gt\/wp-content\/uploads\/2025\/05\/MX560-00-300x300.jpg 300w, https:\/\/mivoot.com\/gt\/wp-content\/uploads\/2025\/05\/MX560-00-150x150.jpg 150w, https:\/\/mivoot.com\/gt\/wp-content\/uploads\/2025\/05\/MX560-00-768x768.jpg 768w, https:\/\/mivoot.com\/gt\/wp-content\/uploads\/2025\/05\/MX560-00-600x600.jpg 600w, https:\/\/mivoot.com\/gt\/wp-content\/uploads\/2025\/05\/MX560-00-50x50.jpg 50w\" sizes=\"(max-width: 800px) 100vw, 800px\" \/> <img decoding=\"async\" class=\"alignnone size-full wp-image-27955\" src=\"https:\/\/mivoot.com\/gt\/wp-content\/uploads\/2025\/05\/MX560-01.jpg\" alt=\"\" width=\"800\" height=\"800\" srcset=\"https:\/\/mivoot.com\/gt\/wp-content\/uploads\/2025\/05\/MX560-01.jpg 800w, https:\/\/mivoot.com\/gt\/wp-content\/uploads\/2025\/05\/MX560-01-250x250.jpg 250w, https:\/\/mivoot.com\/gt\/wp-content\/uploads\/2025\/05\/MX560-01-100x100.jpg 100w, https:\/\/mivoot.com\/gt\/wp-content\/uploads\/2025\/05\/MX560-01-410x410.jpg 410w, https:\/\/mivoot.com\/gt\/wp-content\/uploads\/2025\/05\/MX560-01-64x64.jpg 64w, https:\/\/mivoot.com\/gt\/wp-content\/uploads\/2025\/05\/MX560-01-300x300.jpg 300w, https:\/\/mivoot.com\/gt\/wp-content\/uploads\/2025\/05\/MX560-01-150x150.jpg 150w, https:\/\/mivoot.com\/gt\/wp-content\/uploads\/2025\/05\/MX560-01-768x768.jpg 768w, https:\/\/mivoot.com\/gt\/wp-content\/uploads\/2025\/05\/MX560-01-600x600.jpg 600w, https:\/\/mivoot.com\/gt\/wp-content\/uploads\/2025\/05\/MX560-01-50x50.jpg 50w\" sizes=\"(max-width: 800px) 100vw, 800px\" \/><\/p>\n<p>&nbsp;<\/p>\n<div class=\"spec-container active\">\n<div class=\"category-container\">\n<h4 class=\"category\">Pantalla<\/h4>\n<\/div>\n<div class=\"feature-container\">\n<ul>\n<li class=\"item\">\n<div class=\"name\">Brillo (ANSI L\u00famenes) 4000<\/div>\n<\/li>\n<li class=\"item\">\n<div class=\"name\">Resoluci\u00f3n XGA (1024&#215;768)<\/div>\n<\/li>\n<li class=\"item\">\n<div class=\"name\">Relaci\u00f3n de aspecto nativo 4:3<\/div>\n<\/li>\n<li class=\"item\">\n<div class=\"name\">Relaci\u00f3n de contraste (FOFO) 20\u00a0000:1<\/div>\n<\/li>\n<li class=\"item\">\n<div class=\"name\">Colores mostrados 30-bit (1.07 billones de colores)<\/div>\n<\/li>\n<li class=\"item\">\n<div class=\"name\">Fuente de luz L\u00e1mpara<\/div>\n<\/li>\n<li class=\"item\">\n<div class=\"name\">Vida \u00fatil de fuente de luz<\/div>\n<div class=\"detail\">a. Normal 6000 horas, c. SmartEco 10\u00a0000 horas, d. LampSave 15\u00a0000 horas, b. ECO 10\u00a0000 horas<\/div>\n<\/li>\n<\/ul>\n<\/div>\n<\/div>\n<div class=\"spec-container active\">\n<div class=\"category-container\">\n<h4 class=\"category\">\u00d3ptico<\/h4>\n<\/div>\n<div class=\"feature-container\">\n<ul>\n<li class=\"item\">\n<div class=\"name\">Relaci\u00f3n de proyecci\u00f3n 1.96~2.15<\/div>\n<\/li>\n<li class=\"item\">\n<div class=\"name\">Relaci\u00f3n de zoom 1,1x<\/div>\n<\/li>\n<li class=\"item\">\n<div class=\"name\">Lente F\/# = 2.56 ~ 2.68, f = 22 ~ 24.1 mm<\/div>\n<\/li>\n<li class=\"item\">\n<div class=\"name\">Desplazamiento de la proyecci\u00f3n (altura total) 110%<\/div>\n<\/li>\n<li class=\"item\">\n<div class=\"name\">Ajuste de keystone 1D, Vertical (autom\u00e1tica) \u00b1 40 grados<\/div>\n<\/li>\n<\/ul>\n<\/div>\n<\/div>\n<div class=\"spec-container active\">\n<div class=\"category-container\">\n<h4 class=\"category\">Imagen<\/h4>\n<\/div>\n<div class=\"feature-container\">\n<ul>\n<li class=\"item\">\n<div class=\"name\">Modos de imagen<\/div>\n<div class=\"detail\">3D, Brillante, Infograf\u00eda, Presentaci\u00f3n, Hoja de c\u00e1lculo, sRGB, Usuario 1, Usuario 2<\/div>\n<\/li>\n<\/ul>\n<\/div>\n<\/div>\n<div class=\"spec-container active\">\n<div class=\"category-container\">\n<h4 class=\"category\">Compatibilidad<\/h4>\n<\/div>\n<div class=\"feature-container\">\n<ul>\n<li class=\"item\">\n<div class=\"name\">Resoluciones compatibles<\/div>\n<div class=\"detail\">VGA (640 x 480) a WUXGA_RB (1920 x 1200) *RB=Reduced Blanking<\/div>\n<\/li>\n<li class=\"item\">\n<div class=\"name\">Frecuencia horizontal<\/div>\n<div class=\"detail\">15K~102K\u00a0Hz<\/div>\n<\/li>\n<\/ul>\n<\/div>\n<\/div>\n<div class=\"spec-container active\">\n<div class=\"category-container\">\n<h4 class=\"category\">Interfaz in\/out<\/h4>\n<\/div>\n<div class=\"feature-container\">\n<ul>\n<li class=\"item\">\n<div class=\"name\">PC in (D-Sub 15 pin)<\/div>\n<div class=\"detail\">(x1)<\/div>\n<\/li>\n<li class=\"item\">\n<div class=\"name\">Monitor out (D-Sub 15 pin)<\/div>\n<div class=\"detail\">(x1)<\/div>\n<\/li>\n<li class=\"item\">\n<div class=\"name\">V\u00eddeo Compuesto in (RCA)<\/div>\n<div class=\"detail\">(x1)<\/div>\n<\/li>\n<li class=\"item\">\n<div class=\"name\">S-Video in (Mini DIN 4pin)<\/div>\n<div class=\"detail\">(x1)<\/div>\n<\/li>\n<li class=\"item\">\n<div class=\"name\">HDMI in<\/div>\n<div class=\"detail\">(x2), HDMI-1 (1.4a\/HDCP1.4), HDMI-2 (1.4a\/HDCP1.4)<\/div>\n<\/li>\n<li class=\"item\">\n<div class=\"name\">USB Tipo A<\/div>\n<div class=\"detail\">(x1)<\/div>\n<\/li>\n<li class=\"item\">\n<div class=\"name\">USB Tipo Mini B<\/div>\n<div class=\"detail\">(x1)<\/div>\n<\/li>\n<li class=\"item\">\n<div class=\"name\">RS232 in (DB-9pin)<\/div>\n<div class=\"detail\">(x1)<\/div>\n<\/li>\n<\/ul>\n<\/div>\n<\/div>\n<div class=\"spec-container active\">\n<div class=\"category-container\">\n<h4 class=\"category\">Audio<\/h4>\n<\/div>\n<div class=\"feature-container\">\n<ul>\n<li class=\"item\">\n<div class=\"name\">Altavoz<\/div>\n<div class=\"detail\">(x1), 10W<\/div>\n<\/li>\n<li class=\"item\">\n<div class=\"name\">Audio in (3.5mm &#8211; Mini Jack)<\/div>\n<div class=\"detail\">(x1)<\/div>\n<\/li>\n<li class=\"item\">\n<div class=\"name\">Audio out (3.5mm &#8211; Mini Jack)<\/div>\n<div class=\"detail\">(x1)<\/div>\n<\/li>\n<\/ul>\n<\/div>\n<\/div>\n<div class=\"spec-container active\">\n<div class=\"category-container\">\n<h4 class=\"category\">Ambiente<\/h4>\n<\/div>\n<div class=\"feature-container\">\n<ul>\n<li class=\"item\">\n<div class=\"name\">Temperatura de operaci\u00f3n<\/div>\n<div class=\"detail\">0~40\u2103<\/div>\n<\/li>\n<li class=\"item\">\n<div class=\"name\">Fuente de alimentaci\u00f3n<\/div>\n<div class=\"detail\">De 100 a 240 V de CA, 50\/60 Hz<\/div>\n<\/li>\n<li class=\"item\">\n<div class=\"name\">Consumo de energ\u00eda t\u00edpico (110\u00a0V)<\/div>\n<div class=\"detail\">260W\/110V<\/div>\n<\/li>\n<li class=\"item\">\n<div class=\"name\">Ruido ac\u00fastico (t\u00edp.\/eco.) (dB)<\/div>\n<div class=\"detail\">34\/29<\/div>\n<\/li>\n<\/ul>\n<\/div>\n<\/div>\n<div class=\"spec-container active\">\n<div class=\"category-container\">\n<h4 class=\"category\">Accesorios<\/h4>\n<\/div>\n<div class=\"feature-container\">\n<ul>\n<li class=\"item\">\n<div class=\"name\">Mando a distancia con bater\u00eda<\/div>\n<div class=\"detail\">RCX016<\/div>\n<\/li>\n<li class=\"item\">\n<div class=\"name\">Cable de alimentaci\u00f3n (por regi\u00f3n)<\/div>\n<div class=\"detail\">x1 (1,8 m)<\/div>\n<\/li>\n<li class=\"item\">\n<div class=\"name\">Cable VGA (D-sub de 15 clavijas)<\/div>\n<div class=\"detail\">1 (1,5 m)<\/div>\n<\/li>\n<li class=\"item\">\n<div class=\"name\">Lentes 3D<\/div>\n<div class=\"detail\">DGD5, (Opcional)<\/div>\n<\/li>\n<li class=\"item\">\n<div class=\"name\">Gu\u00eda de inicio r\u00e1pido<\/div>\n<div class=\"detail\">(x1) 21L<\/div>\n<\/li>\n<li class=\"item\">\n<div class=\"name\">Tarjeta de garant\u00eda (por regi\u00f3n)<\/div>\n<div class=\"detail\">S\u00ed<\/div>\n<\/li>\n<li class=\"item\">\n<div class=\"name\">Montaje en techo universal<\/div>\n<div class=\"detail\">CMG3, (Opcional)<\/div>\n<\/li>\n<\/ul>\n<\/div>\n<\/div>\n<div class=\"spec-container active\">\n<div class=\"category-container\">\n<h4 class=\"category\">Dimensiones y peso<\/h4>\n<\/div>\n<div class=\"feature-container\">\n<ul>\n<li class=\"item\">\n<div class=\"name\">Dimensiones (An.xAlt.xProf.) (mm)<\/div>\n<div class=\"detail\">296 x120 x221<\/div>\n<\/li>\n<li class=\"item\">\n<div class=\"name\">Peso neto (kg)<\/div>\n<div class=\"detail\">2.3<\/div>\n<\/li>\n<\/ul>\n<\/div>\n<\/div>\n<div class=\"spec-container active\">\n<div class=\"category-container\">\n<h4 class=\"category\">Sistema de proyecci\u00f3n<\/h4>\n<\/div>\n<div class=\"feature-container\">\n<ul>\n<li class=\"item\">\n<div class=\"name\">Sistema de proyecci\u00f3n<\/div>\n<div class=\"detail\">DLP<\/div>\n<\/li>\n<\/ul>\n<\/div>\n<\/div>\n","protected":false},"excerpt":{"rendered":"<p>&#8211; Tecnolog\u00eda de Exhibici\u00f3n DLP\u200e<br \/>\n&#8211; Brillo (ANSI L\u00famenes) 4000<br \/>\n&#8211; Resoluci\u00f3n XGA (1024&#215;768)<br \/>\n&#8211; Relaci\u00f3n de aspecto nativo 4:3<br \/>\n&#8211; Relaci\u00f3n de contraste (FOFO) 20 000:1<br \/>\n&#8211; Colores mostrados 30-bit (1.07 billones de colores)<br \/>\n&#8211; Fuente de luz L\u00e1mpara<br \/>\n&#8211; Contraste\u200e 20.000: 1<br \/>\n&#8211; Consumo de Energ\u00eda\u200e 260W\u200e<br \/>\n&#8211; Colores\u200e 1.07 Billones\u200e<br \/>\n&#8211; Lente F\/# = 2.56 ~ 2.68, f = 22 ~ 24.1 mm<br \/>\n&#8211; 1 PC in (D-Sub 15 pin)<br \/>\n&#8211; 1 Monitor out (D-Sub 15 pin)<br \/>\n&#8211; 1 V\u00eddeo Compuesto in (RCA)<br \/>\n&#8211; 1 S-Video in (Mini DIN 4pin)<br \/>\n&#8211; 2 HDMI-1 (1.4a\/HDCP1.4), HDMI-2 (1.4a\/HDCP1.4)<br \/>\n&#8211; 1 USB Tipo A<br \/>\n&#8211; 1 USB Tipo Mini B<br \/>\n&#8211; 1 RS232 in (DB-9pin)<br \/>\n&#8211; Dimensiones (An.xAlt.xProf.) (mm) 296 x120 x221<\/p>\n","protected":false},"featured_media":27948,"comment_status":"open","ping_status":"closed","template":"","meta":{"jetpack_publicize_message":"","jetpack_publicize_feature_enabled":true,"jetpack_social_post_already_shared":true,"jetpack_social_options":{"image_generator_settings":{"template":"highway","default_image_id":0,"font":"","enabled":false},"version":2}},"pwb-brand":[622],"product_brand":[],"product_cat":[274],"product_tag":[],"class_list":{"0":"post-27953","1":"product","2":"type-product","3":"status-publish","4":"has-post-thumbnail","6":"pwb-brand-benq","7":"product_cat-poyectores","9":"first","10":"instock","11":"taxable","12":"shipping-taxable","13":"purchasable","14":"product-type-simple"},"yoast_head":"<!-- This site is optimized with the Yoast SEO Premium plugin v25.7.1 (Yoast SEO v26.8) - https:\/\/yoast.com\/product\/yoast-seo-premium-wordpress\/ -->\n<title>Proyector DLP XGA 4000 L\u00famenes HDMI VGA MX560 BenQ - Mivoot<\/title>\n<meta name=\"robots\" content=\"index, follow, max-snippet:-1, max-image-preview:large, max-video-preview:-1\" \/>\n<link rel=\"canonical\" href=\"https:\/\/mivoot.com\/gt\/producto\/proyector-dlp-xga-4000-lumenes-hdmi-vga-mx560-benq\/\" \/>\n<meta property=\"og:locale\" content=\"es_ES\" \/>\n<meta property=\"og:type\" content=\"article\" \/>\n<meta property=\"og:title\" content=\"Proyector DLP XGA 4000 L\u00famenes HDMI VGA MX560 BenQ\" \/>\n<meta property=\"og:description\" content=\"- Tecnolog\u00eda de Exhibici\u00f3n DLP\u200e - Brillo (ANSI L\u00famenes) 4000 - Resoluci\u00f3n XGA (1024x768) - Relaci\u00f3n de aspecto nativo 4:3 - Relaci\u00f3n de contraste (FOFO) 20 000:1 - Colores mostrados 30-bit (1.07 billones de colores) - Fuente de luz L\u00e1mpara - Contraste\u200e 20.000: 1 - Consumo de Energ\u00eda\u200e 260W\u200e - Colores\u200e 1.07 Billones\u200e - Lente F\/# = 2.56 ~ 2.68, f = 22 ~ 24.1 mm - 1 PC in (D-Sub 15 pin) - 1 Monitor out (D-Sub 15 pin) - 1 V\u00eddeo Compuesto in (RCA) - 1 S-Video in (Mini DIN 4pin) - 2 HDMI-1 (1.4a\/HDCP1.4), HDMI-2 (1.4a\/HDCP1.4) - 1 USB Tipo A - 1 USB Tipo Mini B - 1 RS232 in (DB-9pin) - Dimensiones (An.xAlt.xProf.) (mm) 296 x120 x221\" \/>\n<meta property=\"og:url\" content=\"https:\/\/mivoot.com\/gt\/producto\/proyector-dlp-xga-4000-lumenes-hdmi-vga-mx560-benq\/\" \/>\n<meta property=\"og:site_name\" content=\"Mivoot\" \/>\n<meta property=\"article:publisher\" content=\"https:\/\/www.facebook.com\/mivootgt\" \/>\n<meta property=\"article:modified_time\" content=\"2025-05-06T18:55:11+00:00\" \/>\n<meta property=\"og:image\" content=\"https:\/\/mivoot.com\/gt\/wp-content\/uploads\/2025\/05\/MW560-03.webp\" \/>\n\t<meta property=\"og:image:width\" content=\"800\" \/>\n\t<meta property=\"og:image:height\" content=\"800\" \/>\n\t<meta property=\"og:image:type\" content=\"image\/webp\" \/>\n<meta name=\"twitter:card\" content=\"summary_large_image\" \/>\n<meta name=\"twitter:label1\" content=\"Est. reading time\" \/>\n\t<meta name=\"twitter:data1\" content=\"4 minutos\" \/>\n<script type=\"application\/ld+json\" class=\"yoast-schema-graph\">{\"@context\":\"https:\/\/schema.org\",\"@graph\":[{\"@type\":\"WebPage\",\"@id\":\"https:\/\/mivoot.com\/gt\/producto\/proyector-dlp-xga-4000-lumenes-hdmi-vga-mx560-benq\/\",\"url\":\"https:\/\/mivoot.com\/gt\/producto\/proyector-dlp-xga-4000-lumenes-hdmi-vga-mx560-benq\/\",\"name\":\"Proyector DLP XGA 4000 L\u00famenes HDMI VGA MX560 BenQ - Mivoot\",\"isPartOf\":{\"@id\":\"https:\/\/mivoot.com\/gt\/#website\"},\"primaryImageOfPage\":{\"@id\":\"https:\/\/mivoot.com\/gt\/producto\/proyector-dlp-xga-4000-lumenes-hdmi-vga-mx560-benq\/#primaryimage\"},\"image\":{\"@id\":\"https:\/\/mivoot.com\/gt\/producto\/proyector-dlp-xga-4000-lumenes-hdmi-vga-mx560-benq\/#primaryimage\"},\"thumbnailUrl\":\"https:\/\/mivoot.com\/gt\/wp-content\/uploads\/2025\/05\/MW560-03.webp\",\"datePublished\":\"2025-05-06T18:55:10+00:00\",\"dateModified\":\"2025-05-06T18:55:11+00:00\",\"breadcrumb\":{\"@id\":\"https:\/\/mivoot.com\/gt\/producto\/proyector-dlp-xga-4000-lumenes-hdmi-vga-mx560-benq\/#breadcrumb\"},\"inLanguage\":\"es\",\"potentialAction\":[{\"@type\":\"ReadAction\",\"target\":[\"https:\/\/mivoot.com\/gt\/producto\/proyector-dlp-xga-4000-lumenes-hdmi-vga-mx560-benq\/\"]}]},{\"@type\":\"ImageObject\",\"inLanguage\":\"es\",\"@id\":\"https:\/\/mivoot.com\/gt\/producto\/proyector-dlp-xga-4000-lumenes-hdmi-vga-mx560-benq\/#primaryimage\",\"url\":\"https:\/\/mivoot.com\/gt\/wp-content\/uploads\/2025\/05\/MW560-03.webp\",\"contentUrl\":\"https:\/\/mivoot.com\/gt\/wp-content\/uploads\/2025\/05\/MW560-03.webp\",\"width\":800,\"height\":800},{\"@type\":\"BreadcrumbList\",\"@id\":\"https:\/\/mivoot.com\/gt\/producto\/proyector-dlp-xga-4000-lumenes-hdmi-vga-mx560-benq\/#breadcrumb\",\"itemListElement\":[{\"@type\":\"ListItem\",\"position\":1,\"name\":\"Inicio\",\"item\":\"https:\/\/mivoot.com\/gt\/\"},{\"@type\":\"ListItem\",\"position\":2,\"name\":\"Productos\",\"item\":\"https:\/\/mivoot.com\/gt\/producto\/\"},{\"@type\":\"ListItem\",\"position\":3,\"name\":\"BenQ\",\"item\":\"https:\/\/mivoot.com\/gt\/marca\/benq\/\"},{\"@type\":\"ListItem\",\"position\":4,\"name\":\"Proyector DLP XGA 4000 L\u00famenes HDMI VGA MX560 BenQ\"}]},{\"@type\":\"WebSite\",\"@id\":\"https:\/\/mivoot.com\/gt\/#website\",\"url\":\"https:\/\/mivoot.com\/gt\/\",\"name\":\"Mivoot\",\"description\":\"Mivoot Guatemala | Tienda Online\",\"publisher\":{\"@id\":\"https:\/\/mivoot.com\/gt\/#organization\"},\"alternateName\":\"mivoot\",\"potentialAction\":[{\"@type\":\"SearchAction\",\"target\":{\"@type\":\"EntryPoint\",\"urlTemplate\":\"https:\/\/mivoot.com\/gt\/?s={search_term_string}\"},\"query-input\":{\"@type\":\"PropertyValueSpecification\",\"valueRequired\":true,\"valueName\":\"search_term_string\"}}],\"inLanguage\":\"es\"},{\"@type\":\"Organization\",\"@id\":\"https:\/\/mivoot.com\/gt\/#organization\",\"name\":\"Mivoot Guatemala\",\"alternateName\":\"mivoot.com\",\"url\":\"https:\/\/mivoot.com\/gt\/\",\"logo\":{\"@type\":\"ImageObject\",\"inLanguage\":\"es\",\"@id\":\"https:\/\/mivoot.com\/gt\/#\/schema\/logo\/image\/\",\"url\":\"https:\/\/mivoot.com\/gt\/wp-content\/uploads\/2023\/03\/cropped-icon.png\",\"contentUrl\":\"https:\/\/mivoot.com\/gt\/wp-content\/uploads\/2023\/03\/cropped-icon.png\",\"width\":512,\"height\":512,\"caption\":\"Mivoot Guatemala\"},\"image\":{\"@id\":\"https:\/\/mivoot.com\/gt\/#\/schema\/logo\/image\/\"},\"sameAs\":[\"https:\/\/www.facebook.com\/mivootgt\",\"https:\/\/instagram.com\/mivoot\"]}]}<\/script>\n<!-- \/ Yoast SEO Premium plugin. -->","yoast_head_json":{"title":"Proyector DLP XGA 4000 L\u00famenes HDMI VGA MX560 BenQ - Mivoot","robots":{"index":"index","follow":"follow","max-snippet":"max-snippet:-1","max-image-preview":"max-image-preview:large","max-video-preview":"max-video-preview:-1"},"canonical":"https:\/\/mivoot.com\/gt\/producto\/proyector-dlp-xga-4000-lumenes-hdmi-vga-mx560-benq\/","og_locale":"es_ES","og_type":"article","og_title":"Proyector DLP XGA 4000 L\u00famenes HDMI VGA MX560 BenQ","og_description":"- Tecnolog\u00eda de Exhibici\u00f3n DLP\u200e - Brillo (ANSI L\u00famenes) 4000 - Resoluci\u00f3n XGA (1024x768) - Relaci\u00f3n de aspecto nativo 4:3 - Relaci\u00f3n de contraste (FOFO) 20 000:1 - Colores mostrados 30-bit (1.07 billones de colores) - Fuente de luz L\u00e1mpara - Contraste\u200e 20.000: 1 - Consumo de Energ\u00eda\u200e 260W\u200e - Colores\u200e 1.07 Billones\u200e - Lente F\/# = 2.56 ~ 2.68, f = 22 ~ 24.1 mm - 1 PC in (D-Sub 15 pin) - 1 Monitor out (D-Sub 15 pin) - 1 V\u00eddeo Compuesto in (RCA) - 1 S-Video in (Mini DIN 4pin) - 2 HDMI-1 (1.4a\/HDCP1.4), HDMI-2 (1.4a\/HDCP1.4) - 1 USB Tipo A - 1 USB Tipo Mini B - 1 RS232 in (DB-9pin) - Dimensiones (An.xAlt.xProf.) (mm) 296 x120 x221","og_url":"https:\/\/mivoot.com\/gt\/producto\/proyector-dlp-xga-4000-lumenes-hdmi-vga-mx560-benq\/","og_site_name":"Mivoot","article_publisher":"https:\/\/www.facebook.com\/mivootgt","article_modified_time":"2025-05-06T18:55:11+00:00","og_image":[{"width":800,"height":800,"url":"https:\/\/mivoot.com\/gt\/wp-content\/uploads\/2025\/05\/MW560-03.webp","type":"image\/webp"}],"twitter_card":"summary_large_image","twitter_misc":{"Est. reading time":"4 minutos"},"schema":{"@context":"https:\/\/schema.org","@graph":[{"@type":"WebPage","@id":"https:\/\/mivoot.com\/gt\/producto\/proyector-dlp-xga-4000-lumenes-hdmi-vga-mx560-benq\/","url":"https:\/\/mivoot.com\/gt\/producto\/proyector-dlp-xga-4000-lumenes-hdmi-vga-mx560-benq\/","name":"Proyector DLP XGA 4000 L\u00famenes HDMI VGA MX560 BenQ - Mivoot","isPartOf":{"@id":"https:\/\/mivoot.com\/gt\/#website"},"primaryImageOfPage":{"@id":"https:\/\/mivoot.com\/gt\/producto\/proyector-dlp-xga-4000-lumenes-hdmi-vga-mx560-benq\/#primaryimage"},"image":{"@id":"https:\/\/mivoot.com\/gt\/producto\/proyector-dlp-xga-4000-lumenes-hdmi-vga-mx560-benq\/#primaryimage"},"thumbnailUrl":"https:\/\/mivoot.com\/gt\/wp-content\/uploads\/2025\/05\/MW560-03.webp","datePublished":"2025-05-06T18:55:10+00:00","dateModified":"2025-05-06T18:55:11+00:00","breadcrumb":{"@id":"https:\/\/mivoot.com\/gt\/producto\/proyector-dlp-xga-4000-lumenes-hdmi-vga-mx560-benq\/#breadcrumb"},"inLanguage":"es","potentialAction":[{"@type":"ReadAction","target":["https:\/\/mivoot.com\/gt\/producto\/proyector-dlp-xga-4000-lumenes-hdmi-vga-mx560-benq\/"]}]},{"@type":"ImageObject","inLanguage":"es","@id":"https:\/\/mivoot.com\/gt\/producto\/proyector-dlp-xga-4000-lumenes-hdmi-vga-mx560-benq\/#primaryimage","url":"https:\/\/mivoot.com\/gt\/wp-content\/uploads\/2025\/05\/MW560-03.webp","contentUrl":"https:\/\/mivoot.com\/gt\/wp-content\/uploads\/2025\/05\/MW560-03.webp","width":800,"height":800},{"@type":"BreadcrumbList","@id":"https:\/\/mivoot.com\/gt\/producto\/proyector-dlp-xga-4000-lumenes-hdmi-vga-mx560-benq\/#breadcrumb","itemListElement":[{"@type":"ListItem","position":1,"name":"Inicio","item":"https:\/\/mivoot.com\/gt\/"},{"@type":"ListItem","position":2,"name":"Productos","item":"https:\/\/mivoot.com\/gt\/producto\/"},{"@type":"ListItem","position":3,"name":"BenQ","item":"https:\/\/mivoot.com\/gt\/marca\/benq\/"},{"@type":"ListItem","position":4,"name":"Proyector DLP XGA 4000 L\u00famenes HDMI VGA MX560 BenQ"}]},{"@type":"WebSite","@id":"https:\/\/mivoot.com\/gt\/#website","url":"https:\/\/mivoot.com\/gt\/","name":"Mivoot","description":"Mivoot Guatemala | Tienda Online","publisher":{"@id":"https:\/\/mivoot.com\/gt\/#organization"},"alternateName":"mivoot","potentialAction":[{"@type":"SearchAction","target":{"@type":"EntryPoint","urlTemplate":"https:\/\/mivoot.com\/gt\/?s={search_term_string}"},"query-input":{"@type":"PropertyValueSpecification","valueRequired":true,"valueName":"search_term_string"}}],"inLanguage":"es"},{"@type":"Organization","@id":"https:\/\/mivoot.com\/gt\/#organization","name":"Mivoot Guatemala","alternateName":"mivoot.com","url":"https:\/\/mivoot.com\/gt\/","logo":{"@type":"ImageObject","inLanguage":"es","@id":"https:\/\/mivoot.com\/gt\/#\/schema\/logo\/image\/","url":"https:\/\/mivoot.com\/gt\/wp-content\/uploads\/2023\/03\/cropped-icon.png","contentUrl":"https:\/\/mivoot.com\/gt\/wp-content\/uploads\/2023\/03\/cropped-icon.png","width":512,"height":512,"caption":"Mivoot Guatemala"},"image":{"@id":"https:\/\/mivoot.com\/gt\/#\/schema\/logo\/image\/"},"sameAs":["https:\/\/www.facebook.com\/mivootgt","https:\/\/instagram.com\/mivoot"]}]}},"jetpack_publicize_connections":[],"jetpack_sharing_enabled":true,"brands":[{"id":622,"name":"BenQ","slug":"benq"}],"_links":{"self":[{"href":"https:\/\/mivoot.com\/gt\/wp-json\/wp\/v2\/product\/27953","targetHints":{"allow":["GET"]}}],"collection":[{"href":"https:\/\/mivoot.com\/gt\/wp-json\/wp\/v2\/product"}],"about":[{"href":"https:\/\/mivoot.com\/gt\/wp-json\/wp\/v2\/types\/product"}],"replies":[{"embeddable":true,"href":"https:\/\/mivoot.com\/gt\/wp-json\/wp\/v2\/comments?post=27953"}],"version-history":[{"count":1,"href":"https:\/\/mivoot.com\/gt\/wp-json\/wp\/v2\/product\/27953\/revisions"}],"predecessor-version":[{"id":27956,"href":"https:\/\/mivoot.com\/gt\/wp-json\/wp\/v2\/product\/27953\/revisions\/27956"}],"wp:featuredmedia":[{"embeddable":true,"href":"https:\/\/mivoot.com\/gt\/wp-json\/wp\/v2\/media\/27948"}],"wp:attachment":[{"href":"https:\/\/mivoot.com\/gt\/wp-json\/wp\/v2\/media?parent=27953"}],"wp:term":[{"taxonomy":"pwb-brand","embeddable":true,"href":"https:\/\/mivoot.com\/gt\/wp-json\/wp\/v2\/pwb-brand?post=27953"},{"taxonomy":"product_brand","embeddable":true,"href":"https:\/\/mivoot.com\/gt\/wp-json\/wp\/v2\/product_brand?post=27953"},{"taxonomy":"product_cat","embeddable":true,"href":"https:\/\/mivoot.com\/gt\/wp-json\/wp\/v2\/product_cat?post=27953"},{"taxonomy":"product_tag","embeddable":true,"href":"https:\/\/mivoot.com\/gt\/wp-json\/wp\/v2\/product_tag?post=27953"}],"curies":[{"name":"wp","href":"https:\/\/api.w.org\/{rel}","templated":true}]}}