{"id":27966,"date":"2025-05-06T13:50:50","date_gmt":"2025-05-06T19:50:50","guid":{"rendered":"https:\/\/mivoot.com\/gt\/?post_type=product&#038;p=27966"},"modified":"2025-05-06T13:50:51","modified_gmt":"2025-05-06T19:50:51","slug":"proyector-wi-fi-bluetooth-pro-u10-home-cinema-yaber","status":"publish","type":"product","link":"https:\/\/mivoot.com\/gt\/producto\/proyector-wi-fi-bluetooth-pro-u10-home-cinema-yaber\/","title":{"rendered":"Proyector Wi-Fi Bluetooth Pro U10 Home Cinema Yaber"},"content":{"rendered":"<p><img decoding=\"async\" class=\"aligncenter\" src=\"https:\/\/www.yaber.com\/cdn\/shop\/files\/1-1676448916689.webp?v=1717937394&amp;width=970\" \/><\/p>\n<p>La felicidad es la fuente de la vida. Yaber espera traer felicidad a miles de familias y amantes del entretenimiento en todo el mundo con una variedad de productos de proyectores de entretenimiento.<\/p>\n<p>Inspirado en la serie espacial de pel\u00edculas, el proyector Yaber Pro U10 WiFi &amp; Bluetooth Projector adopt\u00f3 por primera vez el dise\u00f1o de estilo espacial exterior.<\/p>\n<p>Las caracter\u00edsticas de PRO U10 son la resoluci\u00f3n de 1080p de tama\u00f1o port\u00e1til, Wifi de doble banda de 5 GHz\/2.4GHz, 5.1 Bluetooth bidireccional, funci\u00f3n innovadora de correcci\u00f3n clave de 4 puntos (\u00b1 50 \u00b0 para cuatro \u00e1ngulos), que es una funci\u00f3n de correcci\u00f3n de piedra clave 4D mejorada.<\/p>\n<p>Native 1920*1080p Resolution, 12000: 1 contraste, la pantalla grande de 350 &#8220;ofrece detalles de imagen incre\u00edblemente n\u00edtidos, claridad de imagen notable y restaura la verdadera visi\u00f3n del color tanto para las casas como para las empresas.<\/p>\n<div class=\"row\"  id=\"row-1983730501\">\n\n\t<div id=\"col-2055013241\" class=\"col medium-1\/3 large-4\"  >\n\t\t<div class=\"col-inner\"  >\n\t\t\t\n\t\t\t\n<img decoding=\"async\" src=\"https:\/\/www.yaber.com\/cdn\/shop\/files\/WechatIMG1814.png?v=1717937820&amp;width=1380\" \/><\/p>\n<h3 class=\"text-column-heading\">\u00daltimo 5.1 Bluetooth bidireccional<\/h3>\n<div class=\"rte caption\">\n<p>Proyector de pel\u00edcula PRO U10 incorporado el chip Bluetooth m\u00e1s nuevo que no solo puede conectar f\u00e1cilmente Bluetooth, auriculares u otros equipos de audio, sino tambi\u00e9n conectarse libremente con tel\u00e9fonos m\u00f3viles o computadoras como altavoz. Con los altavoces duales est\u00e9reo de 10W Hi-Fi, ya sea que lo usen en interiores o al aire libre, los poderosos altavoces le brindan una experiencia inmersiva.<\/p>\n<p>1. Por favor, lea la p\u00e1gina 15 del manual cuidadosamente antes de usar la funci\u00f3n Bluetooth.<\/p>\n<p>2. cualquier pregunta sobre la funci\u00f3n Bluetooth, h\u00e1ganoslo saber.<\/p>\n<\/div>\n\t\t<\/div>\n\t\t\t<\/div>\n\n\t\n\n\t<div id=\"col-998906594\" class=\"col medium-1\/3 large-4\"  >\n\t\t<div class=\"col-inner\"  >\n\t\t\t\n\t\t\t\n<img decoding=\"async\" src=\"https:\/\/www.yaber.com\/cdn\/shop\/files\/WechatIMG1816.png?v=1717937820&amp;width=1380\" \/><\/p>\n<h3 class=\"text-column-heading\">Archivos de presentaci\u00f3n directamente a trav\u00e9s de USB<\/h3>\n<div class=\"rte caption\">\n<p>El proyector Yaber Pro U10 puede jugar PPT\/Excel\/Word\/PDF directamente desde su Stick USB y verlos en el proyector. Simplemente puede guardar su trabajo en la memoria USB y luego conectarlo y estar\u00e1 listo para comenzar. Mientras que otros proyectores solo admiten el formato de texto y necesitan conectar la computadora port\u00e1til\/PC con el proyector para mostrar PPT\/Excel\/Word\/PDF.<\/p>\n<p>Esta es una innovaci\u00f3n tecnol\u00f3gica muy importante, proporciona capacidades comerciales de inmediato.<\/p>\n<\/div>\n\t\t<\/div>\n\t\t\t<\/div>\n\n\t\n\n\t<div id=\"col-1323265966\" class=\"col medium-1\/3 large-4\"  >\n\t\t<div class=\"col-inner\"  >\n\t\t\t\n\t\t\t\n<img decoding=\"async\" src=\"https:\/\/www.yaber.com\/cdn\/shop\/files\/WechatIMG1819.png?v=1717937820&amp;width=1380\" \/><\/p>\n<h3 class=\"text-column-heading\">Dise\u00f1o de control de seguridad y receptores IR duales<\/h3>\n<div class=\"rte caption\">\n<p>Pro U10 es el primer proyector de 1080p que usa botones de retroiluminaci\u00f3n en el panel de control. Con llamativas luces LED verdes, se puede operar f\u00e1cilmente incluso en la oscuridad total.<\/p>\n<p>Los receptores IR dobles delanteros y traseros incorporados aumentan en gran medida el rango de control remoto, se despiden de las fallas de control remoto y dan m\u00e1s libertad para la colocaci\u00f3n del proyector.<\/p>\n<\/div>\n\t\t<\/div>\n\t\t\t<\/div>\n\n\t\n<\/div>\n<p><img decoding=\"async\" class=\"aligncenter\" src=\"https:\/\/www.yaber.com\/cdn\/shop\/files\/9-1676450508818.webp?v=1717937395&amp;width=970\" \/><\/p>\n<h3>La verdadera resoluci\u00f3n nativa de 1080p<\/h3>\n<p>La alta resoluci\u00f3n es especialmente importante para los proyectores de cine en casa. Por ejemplo, al comparar el n\u00famero de p\u00edxeles (resoluci\u00f3n) de 1920 * 1080 y 1280 * 800 con el mismo tama\u00f1o de pantalla, se convierte en una definici\u00f3n 4 veces mayor.<\/p>\n<p>El chip del proyector PRO U10 consiste en decenas de miles de lentes reflectantes, cada lente se cambia r\u00e1pidamente cada segundo para representar una imagen Full HD de 1080p. Tambi\u00e9n puede admitir videos 4K.<\/p>\n<p>La alta transmitancia y el \u00edndice de refracci\u00f3n de la lente esmeralda reducen la irritaci\u00f3n ocular, no es f\u00e1cil de producir fatiga visual.<\/p>\n<h3>Alto brillo<\/h3>\n<p>El proyector LCD Pro U10 utiliza la tecnolog\u00eda de pantalla LED y pantalla LCD brillante, con un alto brillo proporciona significativamente m\u00e1s del 50% de brillo que otro proyector WiFi Bluetooth de 1080p. El proyector Wifi Yaber Pro U10 se puede usar en condiciones de poca luz, no limitada a un entorno completamente oscuro.<\/p>\n<h3>Relaci\u00f3n de contraste de 12000: 1<\/h3>\n<p>La alta relaci\u00f3n de contraste de 12000: 1 permite que el proyector Yaber Pro U10 presente im\u00e1genes de color claras y v\u00edvidas. La cobertura de gama de color ultra alta puede restaurar el verdadero color, traer m\u00e1s disfrute visual real. En comparaci\u00f3n con la mayor\u00eda de los proyectores de 1080p en el mercado, el Pro U10 es superior en restauraci\u00f3n del color y rendimiento de calidad de imagen.<\/p>\n<h3>Amplia compatibilidad<\/h3>\n<p>Equipado con puertos HDMI de 2*, puertos USB de 2*, puerto AV y un conector para auriculares de 3.5 mm, este proyector se conecta f\u00e1cilmente con caja de TV, Stick de TV Amazon Fire, cromado, PC, computadora port\u00e1til, tableta, altavoces externos, caja X , Reproductor de DVD, lector de tarjetas, Stick USB, reproductores multimedia, iPad, iPhone, tel\u00e9fono inteligente Android. El \u00faltimo chip Bluetooth 5.1 incorporado puede conectarse con su altavoz Bluetooth en cualquier momento libremente.<\/p>\n<h3>Lista de paquetes<\/h3>\n<p>Proyector Yaber Pro U10*1; Cable HDMI*1; Tela de limpieza*1; Control remoto*1; Cable AV 3-en-1*1; Manual del usuario*1; Cable de alimentaci\u00f3n*1; Kit de limpieza*1; bolsa de proyector de usuario*1<\/p>\n<p><img decoding=\"async\" src=\"https:\/\/www.yaber.com\/cdn\/shop\/products\/2_d843c06a-5b27-40e3-9f72-e73a5d56d326.jpg?v=1744280495&amp;width=1500\" alt=\"YABER PROJECTOR U10 - YABER Home Projector, Entertainment Projector\" \/><\/p>\n","protected":false},"excerpt":{"rendered":"<p>&#8211; Tecnolog\u00eda de pantalla LED y pantalla LCD brillante<br \/>\n&#8211; Alta relaci\u00f3n de contraste de 12000<br \/>\n&#8211; Resoluci\u00f3n de 1080p<br \/>\n&#8211; Native 1920*1080p Resolution, 12000: 1 contraste<br \/>\n&#8211; Capacidad de proyecci\u00f3n de hasta 350.52 cm (138&#8243;)<br \/>\n&#8211; Wifi de doble banda de 5 GHz\/2.4GHz<br \/>\n&#8211; 5.1 Bluetooth bidireccional<br \/>\n&#8211; Altavoces est\u00e9reo Hi-Fi duales de 10 W<br \/>\n&#8211; 2 puertos HDMI de 2*<br \/>\n&#8211; 2 puertos USB de 2*<br \/>\n&#8211; 1 puerto AV<br \/>\n&#8211; 1 conector para auriculares de 3.5 mm<br \/>\n&#8211; Puede admitir videos 4K.<br \/>\n&#8211; Montaje en escritorio, pared y piso, Encimera.<br \/>\n&#8211; conecta f\u00e1cilmente con caja de TV, Stick de TV Amazon Fire, cromado, PC, computadora port\u00e1til, tableta, altavoces externos, caja X , Reproductor de DVD, lector de tarjetas, Stick USB, reproductores multimedia, iPad, iPhone, tel\u00e9fono inteligente Android<\/p>\n","protected":false},"featured_media":27967,"comment_status":"open","ping_status":"closed","template":"","meta":{"jetpack_publicize_message":"","jetpack_publicize_feature_enabled":true,"jetpack_social_post_already_shared":true,"jetpack_social_options":{"image_generator_settings":{"template":"highway","default_image_id":0,"font":"","enabled":false},"version":2}},"pwb-brand":[343],"product_brand":[],"product_cat":[274],"product_tag":[],"class_list":{"0":"post-27966","1":"product","2":"type-product","3":"status-publish","4":"has-post-thumbnail","6":"pwb-brand-mivoot","7":"product_cat-poyectores","9":"first","10":"instock","11":"taxable","12":"shipping-taxable","13":"purchasable","14":"product-type-simple"},"yoast_head":"<!-- This site is optimized with the Yoast SEO Premium plugin v25.7.1 (Yoast SEO v26.8) - https:\/\/yoast.com\/product\/yoast-seo-premium-wordpress\/ -->\n<title>Proyector Wi-Fi Bluetooth Pro U10 Home Cinema Yaber - Mivoot<\/title>\n<meta name=\"robots\" content=\"index, follow, max-snippet:-1, max-image-preview:large, max-video-preview:-1\" \/>\n<link rel=\"canonical\" href=\"https:\/\/mivoot.com\/gt\/producto\/proyector-wi-fi-bluetooth-pro-u10-home-cinema-yaber\/\" \/>\n<meta property=\"og:locale\" content=\"es_ES\" \/>\n<meta property=\"og:type\" content=\"article\" \/>\n<meta property=\"og:title\" content=\"Proyector Wi-Fi Bluetooth Pro U10 Home Cinema Yaber\" \/>\n<meta property=\"og:description\" content=\"- Tecnolog\u00eda de pantalla LED y pantalla LCD brillante - Alta relaci\u00f3n de contraste de 12000 - Resoluci\u00f3n de 1080p - Native 1920*1080p Resolution, 12000: 1 contraste - Capacidad de proyecci\u00f3n de hasta 350.52 cm (138&quot;)  - Wifi de doble banda de 5 GHz\/2.4GHz - 5.1 Bluetooth bidireccional - Altavoces est\u00e9reo Hi-Fi duales de 10 W  - 2 puertos HDMI de 2* - 2 puertos USB de 2* - 1 puerto AV  - 1 conector para auriculares de 3.5 mm - Puede admitir videos 4K. - Montaje en escritorio, pared y piso, Encimera. - conecta f\u00e1cilmente con caja de TV, Stick de TV Amazon Fire, cromado, PC, computadora port\u00e1til, tableta, altavoces externos, caja X , Reproductor de DVD, lector de tarjetas, Stick USB, reproductores multimedia, iPad, iPhone, tel\u00e9fono inteligente Android\" \/>\n<meta property=\"og:url\" content=\"https:\/\/mivoot.com\/gt\/producto\/proyector-wi-fi-bluetooth-pro-u10-home-cinema-yaber\/\" \/>\n<meta property=\"og:site_name\" content=\"Mivoot\" \/>\n<meta property=\"article:publisher\" content=\"https:\/\/www.facebook.com\/mivootgt\" \/>\n<meta property=\"article:modified_time\" content=\"2025-05-06T19:50:51+00:00\" \/>\n<meta property=\"og:image\" content=\"https:\/\/mivoot.com\/gt\/wp-content\/uploads\/2025\/05\/proyector-u10-yarber-00.jpg\" \/>\n\t<meta property=\"og:image:width\" content=\"1024\" \/>\n\t<meta property=\"og:image:height\" content=\"1024\" \/>\n\t<meta property=\"og:image:type\" content=\"image\/jpeg\" \/>\n<meta name=\"twitter:card\" content=\"summary_large_image\" \/>\n<meta name=\"twitter:label1\" content=\"Est. reading time\" \/>\n\t<meta name=\"twitter:data1\" content=\"5 minutos\" \/>\n<script type=\"application\/ld+json\" class=\"yoast-schema-graph\">{\"@context\":\"https:\/\/schema.org\",\"@graph\":[{\"@type\":\"WebPage\",\"@id\":\"https:\/\/mivoot.com\/gt\/producto\/proyector-wi-fi-bluetooth-pro-u10-home-cinema-yaber\/\",\"url\":\"https:\/\/mivoot.com\/gt\/producto\/proyector-wi-fi-bluetooth-pro-u10-home-cinema-yaber\/\",\"name\":\"Proyector Wi-Fi Bluetooth Pro U10 Home Cinema Yaber - Mivoot\",\"isPartOf\":{\"@id\":\"https:\/\/mivoot.com\/gt\/#website\"},\"primaryImageOfPage\":{\"@id\":\"https:\/\/mivoot.com\/gt\/producto\/proyector-wi-fi-bluetooth-pro-u10-home-cinema-yaber\/#primaryimage\"},\"image\":{\"@id\":\"https:\/\/mivoot.com\/gt\/producto\/proyector-wi-fi-bluetooth-pro-u10-home-cinema-yaber\/#primaryimage\"},\"thumbnailUrl\":\"https:\/\/mivoot.com\/gt\/wp-content\/uploads\/2025\/05\/proyector-u10-yarber-00.jpg\",\"datePublished\":\"2025-05-06T19:50:50+00:00\",\"dateModified\":\"2025-05-06T19:50:51+00:00\",\"breadcrumb\":{\"@id\":\"https:\/\/mivoot.com\/gt\/producto\/proyector-wi-fi-bluetooth-pro-u10-home-cinema-yaber\/#breadcrumb\"},\"inLanguage\":\"es\",\"potentialAction\":[{\"@type\":\"ReadAction\",\"target\":[\"https:\/\/mivoot.com\/gt\/producto\/proyector-wi-fi-bluetooth-pro-u10-home-cinema-yaber\/\"]}]},{\"@type\":\"ImageObject\",\"inLanguage\":\"es\",\"@id\":\"https:\/\/mivoot.com\/gt\/producto\/proyector-wi-fi-bluetooth-pro-u10-home-cinema-yaber\/#primaryimage\",\"url\":\"https:\/\/mivoot.com\/gt\/wp-content\/uploads\/2025\/05\/proyector-u10-yarber-00.jpg\",\"contentUrl\":\"https:\/\/mivoot.com\/gt\/wp-content\/uploads\/2025\/05\/proyector-u10-yarber-00.jpg\",\"width\":1024,\"height\":1024},{\"@type\":\"BreadcrumbList\",\"@id\":\"https:\/\/mivoot.com\/gt\/producto\/proyector-wi-fi-bluetooth-pro-u10-home-cinema-yaber\/#breadcrumb\",\"itemListElement\":[{\"@type\":\"ListItem\",\"position\":1,\"name\":\"Inicio\",\"item\":\"https:\/\/mivoot.com\/gt\/\"},{\"@type\":\"ListItem\",\"position\":2,\"name\":\"Productos\",\"item\":\"https:\/\/mivoot.com\/gt\/producto\/\"},{\"@type\":\"ListItem\",\"position\":3,\"name\":\"Mivoot\",\"item\":\"https:\/\/mivoot.com\/gt\/marca\/mivoot\/\"},{\"@type\":\"ListItem\",\"position\":4,\"name\":\"Proyector Wi-Fi Bluetooth Pro U10 Home Cinema Yaber\"}]},{\"@type\":\"WebSite\",\"@id\":\"https:\/\/mivoot.com\/gt\/#website\",\"url\":\"https:\/\/mivoot.com\/gt\/\",\"name\":\"Mivoot\",\"description\":\"Mivoot Guatemala | Tienda Online\",\"publisher\":{\"@id\":\"https:\/\/mivoot.com\/gt\/#organization\"},\"alternateName\":\"mivoot\",\"potentialAction\":[{\"@type\":\"SearchAction\",\"target\":{\"@type\":\"EntryPoint\",\"urlTemplate\":\"https:\/\/mivoot.com\/gt\/?s={search_term_string}\"},\"query-input\":{\"@type\":\"PropertyValueSpecification\",\"valueRequired\":true,\"valueName\":\"search_term_string\"}}],\"inLanguage\":\"es\"},{\"@type\":\"Organization\",\"@id\":\"https:\/\/mivoot.com\/gt\/#organization\",\"name\":\"Mivoot Guatemala\",\"alternateName\":\"mivoot.com\",\"url\":\"https:\/\/mivoot.com\/gt\/\",\"logo\":{\"@type\":\"ImageObject\",\"inLanguage\":\"es\",\"@id\":\"https:\/\/mivoot.com\/gt\/#\/schema\/logo\/image\/\",\"url\":\"https:\/\/mivoot.com\/gt\/wp-content\/uploads\/2023\/03\/cropped-icon.png\",\"contentUrl\":\"https:\/\/mivoot.com\/gt\/wp-content\/uploads\/2023\/03\/cropped-icon.png\",\"width\":512,\"height\":512,\"caption\":\"Mivoot Guatemala\"},\"image\":{\"@id\":\"https:\/\/mivoot.com\/gt\/#\/schema\/logo\/image\/\"},\"sameAs\":[\"https:\/\/www.facebook.com\/mivootgt\",\"https:\/\/instagram.com\/mivoot\"]}]}<\/script>\n<!-- \/ Yoast SEO Premium plugin. -->","yoast_head_json":{"title":"Proyector Wi-Fi Bluetooth Pro U10 Home Cinema Yaber - Mivoot","robots":{"index":"index","follow":"follow","max-snippet":"max-snippet:-1","max-image-preview":"max-image-preview:large","max-video-preview":"max-video-preview:-1"},"canonical":"https:\/\/mivoot.com\/gt\/producto\/proyector-wi-fi-bluetooth-pro-u10-home-cinema-yaber\/","og_locale":"es_ES","og_type":"article","og_title":"Proyector Wi-Fi Bluetooth Pro U10 Home Cinema Yaber","og_description":"- Tecnolog\u00eda de pantalla LED y pantalla LCD brillante - Alta relaci\u00f3n de contraste de 12000 - Resoluci\u00f3n de 1080p - Native 1920*1080p Resolution, 12000: 1 contraste - Capacidad de proyecci\u00f3n de hasta 350.52 cm (138\")  - Wifi de doble banda de 5 GHz\/2.4GHz - 5.1 Bluetooth bidireccional - Altavoces est\u00e9reo Hi-Fi duales de 10 W  - 2 puertos HDMI de 2* - 2 puertos USB de 2* - 1 puerto AV  - 1 conector para auriculares de 3.5 mm - Puede admitir videos 4K. - Montaje en escritorio, pared y piso, Encimera. - conecta f\u00e1cilmente con caja de TV, Stick de TV Amazon Fire, cromado, PC, computadora port\u00e1til, tableta, altavoces externos, caja X , Reproductor de DVD, lector de tarjetas, Stick USB, reproductores multimedia, iPad, iPhone, tel\u00e9fono inteligente Android","og_url":"https:\/\/mivoot.com\/gt\/producto\/proyector-wi-fi-bluetooth-pro-u10-home-cinema-yaber\/","og_site_name":"Mivoot","article_publisher":"https:\/\/www.facebook.com\/mivootgt","article_modified_time":"2025-05-06T19:50:51+00:00","og_image":[{"width":1024,"height":1024,"url":"https:\/\/mivoot.com\/gt\/wp-content\/uploads\/2025\/05\/proyector-u10-yarber-00.jpg","type":"image\/jpeg"}],"twitter_card":"summary_large_image","twitter_misc":{"Est. reading time":"5 minutos"},"schema":{"@context":"https:\/\/schema.org","@graph":[{"@type":"WebPage","@id":"https:\/\/mivoot.com\/gt\/producto\/proyector-wi-fi-bluetooth-pro-u10-home-cinema-yaber\/","url":"https:\/\/mivoot.com\/gt\/producto\/proyector-wi-fi-bluetooth-pro-u10-home-cinema-yaber\/","name":"Proyector Wi-Fi Bluetooth Pro U10 Home Cinema Yaber - Mivoot","isPartOf":{"@id":"https:\/\/mivoot.com\/gt\/#website"},"primaryImageOfPage":{"@id":"https:\/\/mivoot.com\/gt\/producto\/proyector-wi-fi-bluetooth-pro-u10-home-cinema-yaber\/#primaryimage"},"image":{"@id":"https:\/\/mivoot.com\/gt\/producto\/proyector-wi-fi-bluetooth-pro-u10-home-cinema-yaber\/#primaryimage"},"thumbnailUrl":"https:\/\/mivoot.com\/gt\/wp-content\/uploads\/2025\/05\/proyector-u10-yarber-00.jpg","datePublished":"2025-05-06T19:50:50+00:00","dateModified":"2025-05-06T19:50:51+00:00","breadcrumb":{"@id":"https:\/\/mivoot.com\/gt\/producto\/proyector-wi-fi-bluetooth-pro-u10-home-cinema-yaber\/#breadcrumb"},"inLanguage":"es","potentialAction":[{"@type":"ReadAction","target":["https:\/\/mivoot.com\/gt\/producto\/proyector-wi-fi-bluetooth-pro-u10-home-cinema-yaber\/"]}]},{"@type":"ImageObject","inLanguage":"es","@id":"https:\/\/mivoot.com\/gt\/producto\/proyector-wi-fi-bluetooth-pro-u10-home-cinema-yaber\/#primaryimage","url":"https:\/\/mivoot.com\/gt\/wp-content\/uploads\/2025\/05\/proyector-u10-yarber-00.jpg","contentUrl":"https:\/\/mivoot.com\/gt\/wp-content\/uploads\/2025\/05\/proyector-u10-yarber-00.jpg","width":1024,"height":1024},{"@type":"BreadcrumbList","@id":"https:\/\/mivoot.com\/gt\/producto\/proyector-wi-fi-bluetooth-pro-u10-home-cinema-yaber\/#breadcrumb","itemListElement":[{"@type":"ListItem","position":1,"name":"Inicio","item":"https:\/\/mivoot.com\/gt\/"},{"@type":"ListItem","position":2,"name":"Productos","item":"https:\/\/mivoot.com\/gt\/producto\/"},{"@type":"ListItem","position":3,"name":"Mivoot","item":"https:\/\/mivoot.com\/gt\/marca\/mivoot\/"},{"@type":"ListItem","position":4,"name":"Proyector Wi-Fi Bluetooth Pro U10 Home Cinema Yaber"}]},{"@type":"WebSite","@id":"https:\/\/mivoot.com\/gt\/#website","url":"https:\/\/mivoot.com\/gt\/","name":"Mivoot","description":"Mivoot Guatemala | Tienda Online","publisher":{"@id":"https:\/\/mivoot.com\/gt\/#organization"},"alternateName":"mivoot","potentialAction":[{"@type":"SearchAction","target":{"@type":"EntryPoint","urlTemplate":"https:\/\/mivoot.com\/gt\/?s={search_term_string}"},"query-input":{"@type":"PropertyValueSpecification","valueRequired":true,"valueName":"search_term_string"}}],"inLanguage":"es"},{"@type":"Organization","@id":"https:\/\/mivoot.com\/gt\/#organization","name":"Mivoot Guatemala","alternateName":"mivoot.com","url":"https:\/\/mivoot.com\/gt\/","logo":{"@type":"ImageObject","inLanguage":"es","@id":"https:\/\/mivoot.com\/gt\/#\/schema\/logo\/image\/","url":"https:\/\/mivoot.com\/gt\/wp-content\/uploads\/2023\/03\/cropped-icon.png","contentUrl":"https:\/\/mivoot.com\/gt\/wp-content\/uploads\/2023\/03\/cropped-icon.png","width":512,"height":512,"caption":"Mivoot Guatemala"},"image":{"@id":"https:\/\/mivoot.com\/gt\/#\/schema\/logo\/image\/"},"sameAs":["https:\/\/www.facebook.com\/mivootgt","https:\/\/instagram.com\/mivoot"]}]}},"jetpack_publicize_connections":[],"jetpack_sharing_enabled":true,"brands":[{"id":343,"name":"Mivoot","slug":"mivoot"}],"_links":{"self":[{"href":"https:\/\/mivoot.com\/gt\/wp-json\/wp\/v2\/product\/27966","targetHints":{"allow":["GET"]}}],"collection":[{"href":"https:\/\/mivoot.com\/gt\/wp-json\/wp\/v2\/product"}],"about":[{"href":"https:\/\/mivoot.com\/gt\/wp-json\/wp\/v2\/types\/product"}],"replies":[{"embeddable":true,"href":"https:\/\/mivoot.com\/gt\/wp-json\/wp\/v2\/comments?post=27966"}],"version-history":[{"count":1,"href":"https:\/\/mivoot.com\/gt\/wp-json\/wp\/v2\/product\/27966\/revisions"}],"predecessor-version":[{"id":27973,"href":"https:\/\/mivoot.com\/gt\/wp-json\/wp\/v2\/product\/27966\/revisions\/27973"}],"wp:featuredmedia":[{"embeddable":true,"href":"https:\/\/mivoot.com\/gt\/wp-json\/wp\/v2\/media\/27967"}],"wp:attachment":[{"href":"https:\/\/mivoot.com\/gt\/wp-json\/wp\/v2\/media?parent=27966"}],"wp:term":[{"taxonomy":"pwb-brand","embeddable":true,"href":"https:\/\/mivoot.com\/gt\/wp-json\/wp\/v2\/pwb-brand?post=27966"},{"taxonomy":"product_brand","embeddable":true,"href":"https:\/\/mivoot.com\/gt\/wp-json\/wp\/v2\/product_brand?post=27966"},{"taxonomy":"product_cat","embeddable":true,"href":"https:\/\/mivoot.com\/gt\/wp-json\/wp\/v2\/product_cat?post=27966"},{"taxonomy":"product_tag","embeddable":true,"href":"https:\/\/mivoot.com\/gt\/wp-json\/wp\/v2\/product_tag?post=27966"}],"curies":[{"name":"wp","href":"https:\/\/api.w.org\/{rel}","templated":true}]}}