{"id":27974,"date":"2025-05-06T14:21:53","date_gmt":"2025-05-06T20:21:53","guid":{"rendered":"https:\/\/mivoot.com\/gt\/?post_type=product&#038;p=27974"},"modified":"2025-05-06T14:21:54","modified_gmt":"2025-05-06T20:21:54","slug":"proyector-3lcd-xga-3400-lumenes-hdmi-vga-powerlite-e20-epson","status":"publish","type":"product","link":"https:\/\/mivoot.com\/gt\/producto\/proyector-3lcd-xga-3400-lumenes-hdmi-vga-powerlite-e20-epson\/","title":{"rendered":"Proyector 3LCD XGA 3400 L\u00famenes HDMI VGA PowerLite E20 Epson"},"content":{"rendered":"<div class=\"col-xs-12 col-md-9 pdp-new-version\">\n<div class=\"name\">\n<h1 class=\"name\" style=\"text-align: center;\">Proyector para Salas de Clases 3LCD XGA 3400 L\u00famenes HDMI VGA PowerLite E20 Epson<\/h1>\n<\/div>\n<\/div>\n<div class=\"simple-responsive-banner-component module-contact-bug col-xs-12 col-md-3\">Obt\u00e9n una sorprendente proyecci\u00f3n en la sala de clases a un precio accesible con el proyector PowerLite E20. Con la avanzada tecnolog\u00eda 3LCD, este proyector ultrabrillante de 3.400-l\u00famenes<sup>1<\/sup>\u00a0ofrece im\u00e1genes vibrantes y muy reales con el mejor Brillo de Color<sup>2<\/sup>\u00a0y una resoluci\u00f3n nativa XGA. Dise\u00f1ado espec\u00edficamente para ambientes de salas de clases, el PowerLite E20 aumenta la participaci\u00f3n y enriquece las lecciones con conectividad HDMI<sup>\u00ae<\/sup>\u00a0y un altavoz incorporado de 5 W. Construido para durar, este proyector proporciona una larga vida \u00fatil de la l\u00e1mpara de 12.000 horas en Modo ECO<sup>3<\/sup>, adem\u00e1s de una f\u00e1cil instalaci\u00f3n y flexibilidad de posicionamiento para una f\u00e1cil proyecci\u00f3n desde cualquier lugar de la sala de clases.<\/div>\n<div><\/div>\n<div>\n<ul data-cnet-ccs-icb-annotation=\"true\">\n<li data-cnet-ccs-icb-annotation=\"true\">Tecnolog\u00eda 3LCD para obtener el mejor Brillo de cClor de su clase<sup data-cnet-ccs-icb-annotation=\"true\">2<\/sup><\/li>\n<li data-cnet-ccs-icb-annotation=\"true\">Resoluci\u00f3n XGA Nativa y rendimieno de 4:3<\/li>\n<li data-cnet-ccs-icb-annotation=\"true\">Larga vida \u00fatil de la l\u00e1mpara de hasta12.000 horas en Modo ECO<sup data-cnet-ccs-icb-annotation=\"true\">3<\/sup><\/li>\n<li data-cnet-ccs-icb-annotation=\"true\">F\u00e1cil configuraci\u00f3n y flexibilidad de posicionamiento<\/li>\n<li data-cnet-ccs-icb-annotation=\"true\">Conectividad HDMI<\/li>\n<\/ul>\n<\/div>\n<p>&nbsp;<\/p>\n<p><img decoding=\"async\" class=\"aligncenter\" src=\"https:\/\/www.idcmayoristas.com\/wp-content\/uploads\/2025\/01\/Proyector-Epson-Powerlite-E20-Xga-3400-Lumenes-V11H981020-2.png\" \/><\/p>\n<p><img decoding=\"async\" class=\"aligncenter\" src=\"https:\/\/cdn.cs.1worldsync.com\/syndication\/mediaserverredirect\/01013ceb44c304a280e01525fb2cbed3\/width(1200).jpg\" alt=\"PowerLite E20 projector key features.\" \/><\/p>\n<p>&nbsp;<\/p>\n<div class=\"text-row\" data-classificationid=\"Specifications PDF Link\">\n<h4><strong>Especificaciones:<\/strong><\/h4>\n<hr \/>\n<p><strong>PDF de especificaciones del producto:<\/strong><a href=\"https:\/\/mediaserver.goepson.com\/ImConvServlet\/imconv\/2ad5ec165fad21315e82c537457088d04cc669fe\/original?assetDescr=Especificaciones-PowerLite-E20.pdf\" target=\"_blank\" rel=\"noopener\"><b>DESCARGAR AHORA \u25ba<\/b><\/a><\/p>\n<\/div>\n<h4><strong>Especificaciones del Proyector:<\/strong><\/h4>\n<hr \/>\n<ul>\n<li><strong>Sistema de Proyecci\u00f3n: <\/strong>Tecnolog\u00eda Epson 3LCD de 3 chips<\/li>\n<li><strong>M\u00e9todo de Proyecci\u00f3n: <\/strong>Frontal \/ Posterior \/ Techo<\/li>\n<li><strong>M\u00e9todo de visualizaci\u00f3n: <\/strong>Matriz activa de polisilicio TFT<\/li>\n<li><strong>N\u00famero de Pixeles: <\/strong>786,432 dots (1024 x 768) x 3<\/li>\n<li><strong>Luminosidad en Color: <\/strong>3.400 L\u00famenes<\/li>\n<li><strong>Luminosidad en Blanco: <\/strong>3.400 L\u00famenes<\/li>\n<li><strong>Relaci\u00f3n de Aspecto: <\/strong>4:3<\/li>\n<li><strong>Resoluci\u00f3n Nativa: <\/strong>1024 x 768 (XGA)<\/li>\n<li><strong>Re escalamiento: <\/strong>1280 x 800 (WXGA), 1280 x 960 (SXGA2), 1280 x 1024 (SXGA3) 1366 x 768 (WXGA60-3), 1400 x 1050 (SXGA+), 1440 x 900 (WXGA+)<\/li>\n<li><strong>Tipo de L\u00e1mpara: <\/strong>210W UHE<\/li>\n<li><strong>Vida \u00datil de la L\u00e1mpara:<\/strong><\/li>\n<li>Modo ECO: hasta 12.000 horas<sup>3<\/sup><\/li>\n<li>Modo Normal: hasta 6.000 horas<sup>3<\/sup><\/li>\n<li><strong>Relaci\u00f3n de Proyecci\u00f3n: <\/strong>1.44 (Zoom: Wide), 1.95 (Zoom: Tele)<\/li>\n<li><strong>T<\/strong><strong>ama\u00f1o &#8211; distancia projectada:<\/strong>30&#8243; to 350&#8243; (0.76 to 10.34 m)<\/li>\n<\/ul>\n<p><strong>Correcci\u00f3n de Trapecio:<\/strong><\/p>\n<ul>\n<li>Automatic: Vertical: \u00b130 degrees<\/li>\n<li>Slider: Horizontal: \u00b130 degrees<\/li>\n<li><strong>USB Plug &#8216;n Play: <\/strong>El proyector es compatible con computadoras PC y Mac<\/li>\n<li><strong>Relaci\u00f3n de Contraste: <\/strong>Hasta 15.000:1<\/li>\n<li><strong>Reproducci\u00f3n del Color:<\/strong>Hasta 1 bill\u00f3n de colores<\/li>\n<\/ul>\n<h4><strong>General:<\/strong><\/h4>\n<hr \/>\n<ul>\n<li><strong>Temperatura:<\/strong>41 \u02da to 95 \u02daF (5 \u02da to 35 \u02daC)<\/li>\n<li><strong>Peso:<\/strong>2,7 Kg<\/li>\n<li><strong>Seguridad:<\/strong>Kensington\u00ae Lock, traba de seguridad<\/li>\n<\/ul>\n","protected":false},"excerpt":{"rendered":"<p>&#8211; Resoluci\u00f3n Nativa: 1024 x 768 (XGA)<br \/>\n&#8211; Sistema de Proyecci\u00f3n: Tecnolog\u00eda Epson 3LCD de 3 chips<br \/>\n&#8211; M\u00e9todo de Proyecci\u00f3n: Frontal \/ Posterior \/ Techo<br \/>\n&#8211; Luminosidad en Color: 3.400 L\u00famenes<br \/>\n&#8211; 5W de potencia en los Altavoces integrados<br \/>\n&#8211; Salidas de Video HDMI, VGA y RCA<\/p>\n","protected":false},"featured_media":27979,"comment_status":"open","ping_status":"closed","template":"","meta":{"jetpack_publicize_message":"","jetpack_publicize_feature_enabled":true,"jetpack_social_post_already_shared":true,"jetpack_social_options":{"image_generator_settings":{"template":"highway","default_image_id":0,"font":"","enabled":false},"version":2}},"pwb-brand":[188],"product_brand":[],"product_cat":[274],"product_tag":[],"class_list":{"0":"post-27974","1":"product","2":"type-product","3":"status-publish","4":"has-post-thumbnail","6":"pwb-brand-epson","7":"product_cat-poyectores","9":"first","10":"instock","11":"taxable","12":"shipping-taxable","13":"purchasable","14":"product-type-simple"},"yoast_head":"<!-- This site is optimized with the Yoast SEO Premium plugin v25.7.1 (Yoast SEO v26.8) - https:\/\/yoast.com\/product\/yoast-seo-premium-wordpress\/ -->\n<title>Proyector 3LCD XGA 3400 L\u00famenes HDMI VGA PowerLite E20 Epson - Mivoot<\/title>\n<meta name=\"robots\" content=\"index, follow, max-snippet:-1, max-image-preview:large, max-video-preview:-1\" \/>\n<link rel=\"canonical\" href=\"https:\/\/mivoot.com\/gt\/producto\/proyector-3lcd-xga-3400-lumenes-hdmi-vga-powerlite-e20-epson\/\" \/>\n<meta property=\"og:locale\" content=\"es_ES\" \/>\n<meta property=\"og:type\" content=\"article\" \/>\n<meta property=\"og:title\" content=\"Proyector 3LCD XGA 3400 L\u00famenes HDMI VGA PowerLite E20 Epson\" \/>\n<meta property=\"og:description\" content=\"- Resoluci\u00f3n Nativa: 1024 x 768 (XGA) - Sistema de Proyecci\u00f3n: Tecnolog\u00eda Epson 3LCD de 3 chips - M\u00e9todo de Proyecci\u00f3n: Frontal \/ Posterior \/ Techo - Luminosidad en Color: 3.400 L\u00famenes - 5W de potencia en los Altavoces integrados - Salidas de Video HDMI, VGA y RCA\" \/>\n<meta property=\"og:url\" content=\"https:\/\/mivoot.com\/gt\/producto\/proyector-3lcd-xga-3400-lumenes-hdmi-vga-powerlite-e20-epson\/\" \/>\n<meta property=\"og:site_name\" content=\"Mivoot\" \/>\n<meta property=\"article:publisher\" content=\"https:\/\/www.facebook.com\/mivootgt\" \/>\n<meta property=\"article:modified_time\" content=\"2025-05-06T20:21:54+00:00\" \/>\n<meta property=\"og:image\" content=\"https:\/\/mivoot.com\/gt\/wp-content\/uploads\/2025\/05\/PowerLite-E20-.jpg\" \/>\n\t<meta property=\"og:image:width\" content=\"700\" \/>\n\t<meta property=\"og:image:height\" content=\"700\" \/>\n\t<meta property=\"og:image:type\" content=\"image\/jpeg\" \/>\n<meta name=\"twitter:card\" content=\"summary_large_image\" \/>\n<meta name=\"twitter:label1\" content=\"Est. reading time\" \/>\n\t<meta name=\"twitter:data1\" content=\"3 minutos\" \/>\n<script type=\"application\/ld+json\" class=\"yoast-schema-graph\">{\"@context\":\"https:\/\/schema.org\",\"@graph\":[{\"@type\":\"WebPage\",\"@id\":\"https:\/\/mivoot.com\/gt\/producto\/proyector-3lcd-xga-3400-lumenes-hdmi-vga-powerlite-e20-epson\/\",\"url\":\"https:\/\/mivoot.com\/gt\/producto\/proyector-3lcd-xga-3400-lumenes-hdmi-vga-powerlite-e20-epson\/\",\"name\":\"Proyector 3LCD XGA 3400 L\u00famenes HDMI VGA PowerLite E20 Epson - Mivoot\",\"isPartOf\":{\"@id\":\"https:\/\/mivoot.com\/gt\/#website\"},\"primaryImageOfPage\":{\"@id\":\"https:\/\/mivoot.com\/gt\/producto\/proyector-3lcd-xga-3400-lumenes-hdmi-vga-powerlite-e20-epson\/#primaryimage\"},\"image\":{\"@id\":\"https:\/\/mivoot.com\/gt\/producto\/proyector-3lcd-xga-3400-lumenes-hdmi-vga-powerlite-e20-epson\/#primaryimage\"},\"thumbnailUrl\":\"https:\/\/mivoot.com\/gt\/wp-content\/uploads\/2025\/05\/PowerLite-E20-.jpg\",\"datePublished\":\"2025-05-06T20:21:53+00:00\",\"dateModified\":\"2025-05-06T20:21:54+00:00\",\"breadcrumb\":{\"@id\":\"https:\/\/mivoot.com\/gt\/producto\/proyector-3lcd-xga-3400-lumenes-hdmi-vga-powerlite-e20-epson\/#breadcrumb\"},\"inLanguage\":\"es\",\"potentialAction\":[{\"@type\":\"ReadAction\",\"target\":[\"https:\/\/mivoot.com\/gt\/producto\/proyector-3lcd-xga-3400-lumenes-hdmi-vga-powerlite-e20-epson\/\"]}]},{\"@type\":\"ImageObject\",\"inLanguage\":\"es\",\"@id\":\"https:\/\/mivoot.com\/gt\/producto\/proyector-3lcd-xga-3400-lumenes-hdmi-vga-powerlite-e20-epson\/#primaryimage\",\"url\":\"https:\/\/mivoot.com\/gt\/wp-content\/uploads\/2025\/05\/PowerLite-E20-.jpg\",\"contentUrl\":\"https:\/\/mivoot.com\/gt\/wp-content\/uploads\/2025\/05\/PowerLite-E20-.jpg\",\"width\":700,\"height\":700},{\"@type\":\"BreadcrumbList\",\"@id\":\"https:\/\/mivoot.com\/gt\/producto\/proyector-3lcd-xga-3400-lumenes-hdmi-vga-powerlite-e20-epson\/#breadcrumb\",\"itemListElement\":[{\"@type\":\"ListItem\",\"position\":1,\"name\":\"Inicio\",\"item\":\"https:\/\/mivoot.com\/gt\/\"},{\"@type\":\"ListItem\",\"position\":2,\"name\":\"Productos\",\"item\":\"https:\/\/mivoot.com\/gt\/producto\/\"},{\"@type\":\"ListItem\",\"position\":3,\"name\":\"Epson\",\"item\":\"https:\/\/mivoot.com\/gt\/marca\/epson\/\"},{\"@type\":\"ListItem\",\"position\":4,\"name\":\"Proyector 3LCD XGA 3400 L\u00famenes HDMI VGA PowerLite E20 Epson\"}]},{\"@type\":\"WebSite\",\"@id\":\"https:\/\/mivoot.com\/gt\/#website\",\"url\":\"https:\/\/mivoot.com\/gt\/\",\"name\":\"Mivoot\",\"description\":\"Mivoot Guatemala | Tienda Online\",\"publisher\":{\"@id\":\"https:\/\/mivoot.com\/gt\/#organization\"},\"alternateName\":\"mivoot\",\"potentialAction\":[{\"@type\":\"SearchAction\",\"target\":{\"@type\":\"EntryPoint\",\"urlTemplate\":\"https:\/\/mivoot.com\/gt\/?s={search_term_string}\"},\"query-input\":{\"@type\":\"PropertyValueSpecification\",\"valueRequired\":true,\"valueName\":\"search_term_string\"}}],\"inLanguage\":\"es\"},{\"@type\":\"Organization\",\"@id\":\"https:\/\/mivoot.com\/gt\/#organization\",\"name\":\"Mivoot Guatemala\",\"alternateName\":\"mivoot.com\",\"url\":\"https:\/\/mivoot.com\/gt\/\",\"logo\":{\"@type\":\"ImageObject\",\"inLanguage\":\"es\",\"@id\":\"https:\/\/mivoot.com\/gt\/#\/schema\/logo\/image\/\",\"url\":\"https:\/\/mivoot.com\/gt\/wp-content\/uploads\/2023\/03\/cropped-icon.png\",\"contentUrl\":\"https:\/\/mivoot.com\/gt\/wp-content\/uploads\/2023\/03\/cropped-icon.png\",\"width\":512,\"height\":512,\"caption\":\"Mivoot Guatemala\"},\"image\":{\"@id\":\"https:\/\/mivoot.com\/gt\/#\/schema\/logo\/image\/\"},\"sameAs\":[\"https:\/\/www.facebook.com\/mivootgt\",\"https:\/\/instagram.com\/mivoot\"]}]}<\/script>\n<!-- \/ Yoast SEO Premium plugin. -->","yoast_head_json":{"title":"Proyector 3LCD XGA 3400 L\u00famenes HDMI VGA PowerLite E20 Epson - Mivoot","robots":{"index":"index","follow":"follow","max-snippet":"max-snippet:-1","max-image-preview":"max-image-preview:large","max-video-preview":"max-video-preview:-1"},"canonical":"https:\/\/mivoot.com\/gt\/producto\/proyector-3lcd-xga-3400-lumenes-hdmi-vga-powerlite-e20-epson\/","og_locale":"es_ES","og_type":"article","og_title":"Proyector 3LCD XGA 3400 L\u00famenes HDMI VGA PowerLite E20 Epson","og_description":"- Resoluci\u00f3n Nativa: 1024 x 768 (XGA) - Sistema de Proyecci\u00f3n: Tecnolog\u00eda Epson 3LCD de 3 chips - M\u00e9todo de Proyecci\u00f3n: Frontal \/ Posterior \/ Techo - Luminosidad en Color: 3.400 L\u00famenes - 5W de potencia en los Altavoces integrados - Salidas de Video HDMI, VGA y RCA","og_url":"https:\/\/mivoot.com\/gt\/producto\/proyector-3lcd-xga-3400-lumenes-hdmi-vga-powerlite-e20-epson\/","og_site_name":"Mivoot","article_publisher":"https:\/\/www.facebook.com\/mivootgt","article_modified_time":"2025-05-06T20:21:54+00:00","og_image":[{"width":700,"height":700,"url":"https:\/\/mivoot.com\/gt\/wp-content\/uploads\/2025\/05\/PowerLite-E20-.jpg","type":"image\/jpeg"}],"twitter_card":"summary_large_image","twitter_misc":{"Est. reading time":"3 minutos"},"schema":{"@context":"https:\/\/schema.org","@graph":[{"@type":"WebPage","@id":"https:\/\/mivoot.com\/gt\/producto\/proyector-3lcd-xga-3400-lumenes-hdmi-vga-powerlite-e20-epson\/","url":"https:\/\/mivoot.com\/gt\/producto\/proyector-3lcd-xga-3400-lumenes-hdmi-vga-powerlite-e20-epson\/","name":"Proyector 3LCD XGA 3400 L\u00famenes HDMI VGA PowerLite E20 Epson - Mivoot","isPartOf":{"@id":"https:\/\/mivoot.com\/gt\/#website"},"primaryImageOfPage":{"@id":"https:\/\/mivoot.com\/gt\/producto\/proyector-3lcd-xga-3400-lumenes-hdmi-vga-powerlite-e20-epson\/#primaryimage"},"image":{"@id":"https:\/\/mivoot.com\/gt\/producto\/proyector-3lcd-xga-3400-lumenes-hdmi-vga-powerlite-e20-epson\/#primaryimage"},"thumbnailUrl":"https:\/\/mivoot.com\/gt\/wp-content\/uploads\/2025\/05\/PowerLite-E20-.jpg","datePublished":"2025-05-06T20:21:53+00:00","dateModified":"2025-05-06T20:21:54+00:00","breadcrumb":{"@id":"https:\/\/mivoot.com\/gt\/producto\/proyector-3lcd-xga-3400-lumenes-hdmi-vga-powerlite-e20-epson\/#breadcrumb"},"inLanguage":"es","potentialAction":[{"@type":"ReadAction","target":["https:\/\/mivoot.com\/gt\/producto\/proyector-3lcd-xga-3400-lumenes-hdmi-vga-powerlite-e20-epson\/"]}]},{"@type":"ImageObject","inLanguage":"es","@id":"https:\/\/mivoot.com\/gt\/producto\/proyector-3lcd-xga-3400-lumenes-hdmi-vga-powerlite-e20-epson\/#primaryimage","url":"https:\/\/mivoot.com\/gt\/wp-content\/uploads\/2025\/05\/PowerLite-E20-.jpg","contentUrl":"https:\/\/mivoot.com\/gt\/wp-content\/uploads\/2025\/05\/PowerLite-E20-.jpg","width":700,"height":700},{"@type":"BreadcrumbList","@id":"https:\/\/mivoot.com\/gt\/producto\/proyector-3lcd-xga-3400-lumenes-hdmi-vga-powerlite-e20-epson\/#breadcrumb","itemListElement":[{"@type":"ListItem","position":1,"name":"Inicio","item":"https:\/\/mivoot.com\/gt\/"},{"@type":"ListItem","position":2,"name":"Productos","item":"https:\/\/mivoot.com\/gt\/producto\/"},{"@type":"ListItem","position":3,"name":"Epson","item":"https:\/\/mivoot.com\/gt\/marca\/epson\/"},{"@type":"ListItem","position":4,"name":"Proyector 3LCD XGA 3400 L\u00famenes HDMI VGA PowerLite E20 Epson"}]},{"@type":"WebSite","@id":"https:\/\/mivoot.com\/gt\/#website","url":"https:\/\/mivoot.com\/gt\/","name":"Mivoot","description":"Mivoot Guatemala | Tienda Online","publisher":{"@id":"https:\/\/mivoot.com\/gt\/#organization"},"alternateName":"mivoot","potentialAction":[{"@type":"SearchAction","target":{"@type":"EntryPoint","urlTemplate":"https:\/\/mivoot.com\/gt\/?s={search_term_string}"},"query-input":{"@type":"PropertyValueSpecification","valueRequired":true,"valueName":"search_term_string"}}],"inLanguage":"es"},{"@type":"Organization","@id":"https:\/\/mivoot.com\/gt\/#organization","name":"Mivoot Guatemala","alternateName":"mivoot.com","url":"https:\/\/mivoot.com\/gt\/","logo":{"@type":"ImageObject","inLanguage":"es","@id":"https:\/\/mivoot.com\/gt\/#\/schema\/logo\/image\/","url":"https:\/\/mivoot.com\/gt\/wp-content\/uploads\/2023\/03\/cropped-icon.png","contentUrl":"https:\/\/mivoot.com\/gt\/wp-content\/uploads\/2023\/03\/cropped-icon.png","width":512,"height":512,"caption":"Mivoot Guatemala"},"image":{"@id":"https:\/\/mivoot.com\/gt\/#\/schema\/logo\/image\/"},"sameAs":["https:\/\/www.facebook.com\/mivootgt","https:\/\/instagram.com\/mivoot"]}]}},"jetpack_publicize_connections":[],"jetpack_sharing_enabled":true,"brands":[{"id":188,"name":"Epson","slug":"epson"}],"_links":{"self":[{"href":"https:\/\/mivoot.com\/gt\/wp-json\/wp\/v2\/product\/27974","targetHints":{"allow":["GET"]}}],"collection":[{"href":"https:\/\/mivoot.com\/gt\/wp-json\/wp\/v2\/product"}],"about":[{"href":"https:\/\/mivoot.com\/gt\/wp-json\/wp\/v2\/types\/product"}],"replies":[{"embeddable":true,"href":"https:\/\/mivoot.com\/gt\/wp-json\/wp\/v2\/comments?post=27974"}],"version-history":[{"count":1,"href":"https:\/\/mivoot.com\/gt\/wp-json\/wp\/v2\/product\/27974\/revisions"}],"predecessor-version":[{"id":27980,"href":"https:\/\/mivoot.com\/gt\/wp-json\/wp\/v2\/product\/27974\/revisions\/27980"}],"wp:featuredmedia":[{"embeddable":true,"href":"https:\/\/mivoot.com\/gt\/wp-json\/wp\/v2\/media\/27979"}],"wp:attachment":[{"href":"https:\/\/mivoot.com\/gt\/wp-json\/wp\/v2\/media?parent=27974"}],"wp:term":[{"taxonomy":"pwb-brand","embeddable":true,"href":"https:\/\/mivoot.com\/gt\/wp-json\/wp\/v2\/pwb-brand?post=27974"},{"taxonomy":"product_brand","embeddable":true,"href":"https:\/\/mivoot.com\/gt\/wp-json\/wp\/v2\/product_brand?post=27974"},{"taxonomy":"product_cat","embeddable":true,"href":"https:\/\/mivoot.com\/gt\/wp-json\/wp\/v2\/product_cat?post=27974"},{"taxonomy":"product_tag","embeddable":true,"href":"https:\/\/mivoot.com\/gt\/wp-json\/wp\/v2\/product_tag?post=27974"}],"curies":[{"name":"wp","href":"https:\/\/api.w.org\/{rel}","templated":true}]}}