{"id":27984,"date":"2025-05-06T14:48:18","date_gmt":"2025-05-06T20:48:18","guid":{"rendered":"https:\/\/mivoot.com\/gt\/?post_type=product&#038;p=27984"},"modified":"2025-09-05T17:36:14","modified_gmt":"2025-09-05T23:36:14","slug":"proyector-3lcd-xga-36000-lumenes-hdmi-powerlite-x49-epson","status":"publish","type":"product","link":"https:\/\/mivoot.com\/gt\/producto\/proyector-3lcd-xga-36000-lumenes-hdmi-powerlite-x49-epson\/","title":{"rendered":"Proyector 3LCD XGA 36000 Lumenes HDMI PowerLite X49 Epson"},"content":{"rendered":"<h3 style=\"text-align: center;\">Proyector Port\u00e1til PowerLite X49 3LCD XGA con HDMI Proyector ideal para peque\u00f1as y medianas aulas de estudio<\/h3>\n<p>El PowerLite<sup data-cnet-ccs-icb-annotation=\"true\">\u00ae<\/sup>\u00a0X49 es el proyector ideal para el segmento de educaci\u00f3n. Brinda una pantalla de m\u00e1s de 100&#8243; con calidad excepcional.<br data-cnet-ccs-icb-annotation=\"true\" \/><br data-cnet-ccs-icb-annotation=\"true\" \/>La tecnolog\u00eda 3LCD ofrece im\u00e1genes claras, brillantes y llenas de color. Su luminosidad de 3.600 l\u00famenes en color<sup data-cnet-ccs-icb-annotation=\"true\">1<\/sup>\u00a0y 3.600 l\u00famenes en blanco<sup data-cnet-ccs-icb-annotation=\"true\">1<\/sup>\u00a0lo convierten en la mejor opci\u00f3n para aulas de educaci\u00f3n bien iluminadas. Adicionalmente, ofrece una conectividad avanzada con puertos HDMI<sup data-cnet-ccs-icb-annotation=\"true\">\u00ae<\/sup>, RJ-45 y conectividad inal\u00e1mbrica opcional<sup data-cnet-ccs-icb-annotation=\"true\">4<\/sup>, que permite proyectar el contenido sin requerir cables, perfecto para las aulas escolares actuales.<\/p>\n<p><strong>Tecnolog\u00eda 3LCD:<\/strong>\u00a0Proporciona im\u00e1genes vibrantes y llenas de color, con una luminosidad de 3.600 l\u00famenes tanto en color como en blanco<a class=\"ac-anchor sup-target\" href=\"https:\/\/epson.com.mx\/Para-el-trabajo\/Proyectores\/Proyectores-para-Salas-de-Clases-\/Proyector-Port%C3%A1til-PowerLite-X49-3LCD-XGA-con-HDMI\/p\/V11H982020\" target=\"_blank\" rel=\"noopener\" data-citationid=\"8b8b7155-0f8d-2b39-5c3d-ffc60cc04aa2-8\" aria-label=\"1: Tecnolog\u00eda 3LCD:\"><sup class=\"citation-sup\">1<\/sup><\/a>.<\/p>\n<ul>\n<li><strong>Resoluci\u00f3n XGA:<\/strong>\u00a0Resoluci\u00f3n nativa de 1024 x 768 p\u00edxeles, ideal para presentaciones detalladas y contenido educativo<a class=\"ac-anchor sup-target\" href=\"https:\/\/www.amazon.com\/-\/es\/EPSV11H982020-PowerLite-X49-proyector-pulgadas\/dp\/B08PPDDNDW\" target=\"_blank\" rel=\"noopener\" data-citationid=\"8b8b7155-0f8d-2b39-5c3d-ffc60cc04aa2-12\" aria-label=\"2: Resoluci\u00f3n XGA:\"><sup class=\"citation-sup\">2<\/sup><\/a>.<\/li>\n<li><strong>Conectividad Avanzada:<\/strong>\u00a0Incluye puertos HDMI, VGA, RJ-45 y USB, permitiendo una amplia gama de opciones de conexi\u00f3n<a class=\"ac-anchor sup-target\" href=\"https:\/\/www.intermaco.com.ar\/Articulos\/index\/14554-EPSON-V11H982020-PROYECTOR-EPSON-POWERLITE-X49-3600LM-XGA---VGA-X-2---HDMI---RJ45---SALIDA-DE-AUDIO-%28REMPL-X39%29\" target=\"_blank\" rel=\"noopener\" data-citationid=\"8b8b7155-0f8d-2b39-5c3d-ffc60cc04aa2-16\" aria-label=\"3: Conectividad Avanzada:\"><sup class=\"citation-sup\">3<\/sup><\/a>.<\/li>\n<li><strong>Larga Vida \u00datil de la L\u00e1mpara:<\/strong>\u00a0Hasta 12.000 horas en modo ECO, reduciendo la necesidad de reemplazos frecuentes<a class=\"ac-anchor sup-target\" href=\"https:\/\/asiscom.com.pe\/producto\/proyector-epson-powerlite-x49-v11h982020-3600-lumenes-1024x768-xga-parlante-monoaural-5w-x-1\/\" target=\"_blank\" rel=\"noopener\" data-citationid=\"8b8b7155-0f8d-2b39-5c3d-ffc60cc04aa2-20\" aria-label=\"4: Larga Vida \u00datil de la L\u00e1mpara:\"><sup class=\"citation-sup\">4<\/sup><\/a>.<\/li>\n<li><strong>Correcci\u00f3n Keystone:<\/strong>\u00a0Ajuste trapezoidal horizontal y vertical para una instalaci\u00f3n flexible y una imagen perfectamente alineada<a class=\"ac-anchor sup-target\" href=\"https:\/\/hca.pe\/products\/proyector-epson-powerlite-x49-v11h982020-3600-lumenes-1024x768-xga\" target=\"_blank\" rel=\"noopener\" data-citationid=\"8b8b7155-0f8d-2b39-5c3d-ffc60cc04aa2-24\" aria-label=\"5: Correcci\u00f3n Keystone:\"><sup class=\"citation-sup\">5<\/sup><\/a>.<\/li>\n<\/ul>\n<p><img decoding=\"async\" class=\"aligncenter\" src=\"https:\/\/www.xercom.com.pe\/archivos\/2024\/9\/v11h982020.gif\" \/><\/p>\n<h4>Ventajas:<\/h4>\n<ul>\n<li><strong>Flexibilidad de Uso:<\/strong>\u00a0Ideal para aulas, oficinas y presentaciones empresariales, adapt\u00e1ndose a diferentes necesidades y entornos.<\/li>\n<li><strong>Ahorro de Energ\u00eda:<\/strong>\u00a0El modo ECO prolonga la vida \u00fatil de la l\u00e1mpara y reduce el consumo de energ\u00eda<\/li>\n<li><strong>Gesti\u00f3n Remota:<\/strong>\u00a0La conectividad RJ-45 permite la gesti\u00f3n remota del proyector, facilitando su control y monitoreo<\/li>\n<li><strong>Calidad de Imagen Superior:<\/strong>\u00a0La tecnolog\u00eda 3LCD asegura un balance perfecto entre luz blanca y de color, ofreciendo proyecciones naturales y realistas<a class=\"ac-anchor sup-target\" href=\"https:\/\/epson.com.mx\/Para-el-trabajo\/Proyectores\/Proyectores-para-Salas-de-Clases-\/Proyector-Port%C3%A1til-PowerLite-X49-3LCD-XGA-con-HDMI\/p\/V11H982020\" target=\"_blank\" rel=\"noopener\" data-citationid=\"8b8b7155-0f8d-2b39-5c3d-ffc60cc04aa2-58\" aria-label=\"1: Calidad de Imagen Superior:\"><sup class=\"citation-sup\">1<\/sup><\/a>.<\/li>\n<\/ul>\n<h4><strong>Especificaciones del Proyector:<\/strong><\/h4>\n<hr \/>\n<ul>\n<li><strong>Sistema de Proyecci\u00f3n: <\/strong>Tecnolog\u00eda Epson 3LCD de 3 chips<\/li>\n<li><strong>M\u00e9todo de Proyecci\u00f3n: <\/strong>Frontal \/ Posterior \/ Techo<\/li>\n<li><strong>Pantalla LCD: <\/strong>0,55-pulgadas (C2fine)<\/li>\n<li><strong>M\u00e9todo de visualizaci\u00f3n: <\/strong>Poly-silicon TFT active matrix<\/li>\n<li><strong>N\u00famero de Pixeles: <\/strong>786.432 pixeles (1.024 px x 768 px) x 3<\/li>\n<li><strong>Luminosidad en Color: <\/strong>3.600 L\u00famenes<\/li>\n<li><strong>Luminosidad en Blanco: <\/strong>3.600 L\u00famenes<\/li>\n<li><strong>Relaci\u00f3n de Aspecto: <\/strong>4:3<\/li>\n<li><strong>Resoluci\u00f3n Nativa: <\/strong>XGA<\/li>\n<\/ul>\n<div class=\"text-row\" data-classificationid=\"Specifications Projector\"><strong>Re escalamiento: <\/strong>640 x 480 (VGA), 800 x 600 (SVGA), 1280 x 800 (WXGA), 1280 x 960 (SXGA2), 1280 x 1024 (SXGA3), 1366 x 768 (WXGA60-3), 1400 x 1050 (SXGA+), 1440 x 900 (WXGA+), 1680 x 900 (WXGA++), 1600 x 1200 (UXGA60)<\/div>\n<ul>\n<li><strong>Tipo de L\u00e1mpara: <\/strong>210W UHE<\/li>\n<li><strong>Vida \u00datil de la L\u00e1mpara: <\/strong>6.000 horas (normal); 12.000 horas (Eco)<\/li>\n<li><strong>Relaci\u00f3n de Proyecci\u00f3n: <\/strong>1.48 (Zoom:Wide), 1.77 (Zoom:Tele)<\/li>\n<li><strong>T<\/strong><strong>ama\u00f1o &#8211; distancia projectada: <\/strong>30&#8243; to 300&#8243; (0.89 to 9.12 m) (Zoom:Wide)<\/li>\n<\/ul>\n<div class=\"text-row\" data-classificationid=\"Specifications Projector\"><strong>Correcci\u00f3n de Trapecio: <\/strong><\/div>\n<div class=\"text-row\" data-classificationid=\"Specifications Projector\">Vertical: -30\u00b0 +30\u00ba<br \/>\nHorizontal: -30\u00b0 +30\u00b0<\/div>\n<ul>\n<li><strong>USB Plug &#8216;n Play: <\/strong>Projector is compatible with PC and Mac\u00ae computers<\/li>\n<li><strong>Relaci\u00f3n de Contraste: <\/strong>Hasta 16.000:1<\/li>\n<li><strong>Procesamiento del Color: <\/strong>10 bit<\/li>\n<li><strong>Reproducci\u00f3n del Color: <\/strong>Hasta 1 bill\u00f3n de colores<\/li>\n<\/ul>\n<h4><strong>General:<\/strong><\/h4>\n<hr \/>\n<ul>\n<li><strong>Temperatura:<\/strong>41\u00b0 to 95\u00b0 F (5\u00b0 to 35\u00b0 C)<\/li>\n<li><strong>Temperatura de uso:<\/strong>5 \u00b0C a 40 \u00b0C (41 \u00b0F a 104 \u00b0F)<\/li>\n<li><strong>Dimensiones:<\/strong>302 mm x 87 mm x 249 mm (ancho x alto x profundidad)<\/li>\n<li><strong>Peso:<\/strong>2,7 Kg<\/li>\n<li><strong>Seguridad:<\/strong>Kensington\u00ae Lock, traba de seguridad<\/li>\n<\/ul>\n<p>&nbsp;<\/p>\n<p><iframe title=\"Proyector Epson PowerLite W49\" width=\"1020\" height=\"574\" src=\"https:\/\/www.youtube.com\/embed\/kIBhO8cHJCw?feature=oembed&#038;enablejsapi=1&#038;origin=https:\/\/mivoot.com\" frameborder=\"0\" allow=\"accelerometer; autoplay; clipboard-write; encrypted-media; gyroscope; picture-in-picture; web-share\" referrerpolicy=\"strict-origin-when-cross-origin\" allowfullscreen><\/iframe><\/p>\n","protected":false},"excerpt":{"rendered":"<p>3.600 l\u00famenes de color y brillo blanco<br \/>\n&#8211; Resoluci\u00f3n XGA (1024 x 768) y relaci\u00f3n de aspecto 4:3<br \/>\n&#8211; Lampara hasta 12.000 horas en modo ECO<br \/>\n&#8211; Funci\u00f3n de moderador<br \/>\n&#8211; M\u00e9todo de Proyecci\u00f3n: Frontal \/ Posterior \/ Techo<br \/>\n&#8211; Pantalla LCD: 0,55-pulgadas (C2fine)<br \/>\n&#8211; USB Plug &#8216;n Play: Projector is compatible with PC and Mac\u00ae computers<br \/>\n&#8211; Relaci\u00f3n de Contraste: Hasta 16.000:1<br \/>\n&#8211; Procesamiento del Color: 10 bit<\/p>\n","protected":false},"featured_media":27988,"comment_status":"open","ping_status":"closed","template":"","meta":{"jetpack_publicize_message":"","jetpack_publicize_feature_enabled":true,"jetpack_social_post_already_shared":true,"jetpack_social_options":{"image_generator_settings":{"template":"highway","default_image_id":0,"font":"","enabled":false},"version":2}},"pwb-brand":[188],"product_brand":[],"product_cat":[274],"product_tag":[],"class_list":{"0":"post-27984","1":"product","2":"type-product","3":"status-publish","4":"has-post-thumbnail","6":"pwb-brand-epson","7":"product_cat-poyectores","9":"first","10":"instock","11":"sale","12":"taxable","13":"shipping-taxable","14":"purchasable","15":"product-type-simple"},"yoast_head":"<!-- This site is optimized with the Yoast SEO Premium plugin v25.7.1 (Yoast SEO v26.8) - https:\/\/yoast.com\/product\/yoast-seo-premium-wordpress\/ -->\n<title>Proyector 3LCD XGA 36000 Lumenes HDMI PowerLite X49 Epson - Mivoot<\/title>\n<meta name=\"robots\" content=\"index, follow, max-snippet:-1, max-image-preview:large, max-video-preview:-1\" \/>\n<link rel=\"canonical\" href=\"https:\/\/mivoot.com\/gt\/producto\/proyector-3lcd-xga-36000-lumenes-hdmi-powerlite-x49-epson\/\" \/>\n<meta property=\"og:locale\" content=\"es_ES\" \/>\n<meta property=\"og:type\" content=\"article\" \/>\n<meta property=\"og:title\" content=\"Proyector 3LCD XGA 36000 Lumenes HDMI PowerLite X49 Epson\" \/>\n<meta property=\"og:description\" content=\"3.600 l\u00famenes de color y brillo blanco - Resoluci\u00f3n XGA (1024 x 768) y relaci\u00f3n de aspecto 4:3 - Lampara hasta 12.000 horas en modo ECO - Funci\u00f3n de moderador - M\u00e9todo de Proyecci\u00f3n: Frontal \/ Posterior \/ Techo - Pantalla LCD: 0,55-pulgadas (C2fine) - USB Plug &#039;n Play: Projector is compatible with PC and Mac\u00ae computers - Relaci\u00f3n de Contraste: Hasta 16.000:1 - Procesamiento del Color: 10 bit\" \/>\n<meta property=\"og:url\" content=\"https:\/\/mivoot.com\/gt\/producto\/proyector-3lcd-xga-36000-lumenes-hdmi-powerlite-x49-epson\/\" \/>\n<meta property=\"og:site_name\" content=\"Mivoot\" \/>\n<meta property=\"article:publisher\" content=\"https:\/\/www.facebook.com\/mivootgt\" \/>\n<meta property=\"article:modified_time\" content=\"2025-09-05T23:36:14+00:00\" \/>\n<meta property=\"og:image\" content=\"https:\/\/mivoot.com\/gt\/wp-content\/uploads\/2025\/05\/PowerLite-X49-00.jpg\" \/>\n\t<meta property=\"og:image:width\" content=\"700\" \/>\n\t<meta property=\"og:image:height\" content=\"700\" \/>\n\t<meta property=\"og:image:type\" content=\"image\/jpeg\" \/>\n<meta name=\"twitter:card\" content=\"summary_large_image\" \/>\n<meta name=\"twitter:label1\" content=\"Est. reading time\" \/>\n\t<meta name=\"twitter:data1\" content=\"3 minutos\" \/>\n<script type=\"application\/ld+json\" class=\"yoast-schema-graph\">{\"@context\":\"https:\/\/schema.org\",\"@graph\":[{\"@type\":\"WebPage\",\"@id\":\"https:\/\/mivoot.com\/gt\/producto\/proyector-3lcd-xga-36000-lumenes-hdmi-powerlite-x49-epson\/\",\"url\":\"https:\/\/mivoot.com\/gt\/producto\/proyector-3lcd-xga-36000-lumenes-hdmi-powerlite-x49-epson\/\",\"name\":\"Proyector 3LCD XGA 36000 Lumenes HDMI PowerLite X49 Epson - Mivoot\",\"isPartOf\":{\"@id\":\"https:\/\/mivoot.com\/gt\/#website\"},\"primaryImageOfPage\":{\"@id\":\"https:\/\/mivoot.com\/gt\/producto\/proyector-3lcd-xga-36000-lumenes-hdmi-powerlite-x49-epson\/#primaryimage\"},\"image\":{\"@id\":\"https:\/\/mivoot.com\/gt\/producto\/proyector-3lcd-xga-36000-lumenes-hdmi-powerlite-x49-epson\/#primaryimage\"},\"thumbnailUrl\":\"https:\/\/mivoot.com\/gt\/wp-content\/uploads\/2025\/05\/PowerLite-X49-00.jpg\",\"datePublished\":\"2025-05-06T20:48:18+00:00\",\"dateModified\":\"2025-09-05T23:36:14+00:00\",\"breadcrumb\":{\"@id\":\"https:\/\/mivoot.com\/gt\/producto\/proyector-3lcd-xga-36000-lumenes-hdmi-powerlite-x49-epson\/#breadcrumb\"},\"inLanguage\":\"es\",\"potentialAction\":[{\"@type\":\"ReadAction\",\"target\":[\"https:\/\/mivoot.com\/gt\/producto\/proyector-3lcd-xga-36000-lumenes-hdmi-powerlite-x49-epson\/\"]}]},{\"@type\":\"ImageObject\",\"inLanguage\":\"es\",\"@id\":\"https:\/\/mivoot.com\/gt\/producto\/proyector-3lcd-xga-36000-lumenes-hdmi-powerlite-x49-epson\/#primaryimage\",\"url\":\"https:\/\/mivoot.com\/gt\/wp-content\/uploads\/2025\/05\/PowerLite-X49-00.jpg\",\"contentUrl\":\"https:\/\/mivoot.com\/gt\/wp-content\/uploads\/2025\/05\/PowerLite-X49-00.jpg\",\"width\":700,\"height\":700},{\"@type\":\"BreadcrumbList\",\"@id\":\"https:\/\/mivoot.com\/gt\/producto\/proyector-3lcd-xga-36000-lumenes-hdmi-powerlite-x49-epson\/#breadcrumb\",\"itemListElement\":[{\"@type\":\"ListItem\",\"position\":1,\"name\":\"Inicio\",\"item\":\"https:\/\/mivoot.com\/gt\/\"},{\"@type\":\"ListItem\",\"position\":2,\"name\":\"Productos\",\"item\":\"https:\/\/mivoot.com\/gt\/producto\/\"},{\"@type\":\"ListItem\",\"position\":3,\"name\":\"Epson\",\"item\":\"https:\/\/mivoot.com\/gt\/marca\/epson\/\"},{\"@type\":\"ListItem\",\"position\":4,\"name\":\"Proyector 3LCD XGA 36000 Lumenes HDMI PowerLite X49 Epson\"}]},{\"@type\":\"WebSite\",\"@id\":\"https:\/\/mivoot.com\/gt\/#website\",\"url\":\"https:\/\/mivoot.com\/gt\/\",\"name\":\"Mivoot\",\"description\":\"Mivoot Guatemala | Tienda Online\",\"publisher\":{\"@id\":\"https:\/\/mivoot.com\/gt\/#organization\"},\"alternateName\":\"mivoot\",\"potentialAction\":[{\"@type\":\"SearchAction\",\"target\":{\"@type\":\"EntryPoint\",\"urlTemplate\":\"https:\/\/mivoot.com\/gt\/?s={search_term_string}\"},\"query-input\":{\"@type\":\"PropertyValueSpecification\",\"valueRequired\":true,\"valueName\":\"search_term_string\"}}],\"inLanguage\":\"es\"},{\"@type\":\"Organization\",\"@id\":\"https:\/\/mivoot.com\/gt\/#organization\",\"name\":\"Mivoot Guatemala\",\"alternateName\":\"mivoot.com\",\"url\":\"https:\/\/mivoot.com\/gt\/\",\"logo\":{\"@type\":\"ImageObject\",\"inLanguage\":\"es\",\"@id\":\"https:\/\/mivoot.com\/gt\/#\/schema\/logo\/image\/\",\"url\":\"https:\/\/mivoot.com\/gt\/wp-content\/uploads\/2023\/03\/cropped-icon.png\",\"contentUrl\":\"https:\/\/mivoot.com\/gt\/wp-content\/uploads\/2023\/03\/cropped-icon.png\",\"width\":512,\"height\":512,\"caption\":\"Mivoot Guatemala\"},\"image\":{\"@id\":\"https:\/\/mivoot.com\/gt\/#\/schema\/logo\/image\/\"},\"sameAs\":[\"https:\/\/www.facebook.com\/mivootgt\",\"https:\/\/instagram.com\/mivoot\"]}]}<\/script>\n<!-- \/ Yoast SEO Premium plugin. -->","yoast_head_json":{"title":"Proyector 3LCD XGA 36000 Lumenes HDMI PowerLite X49 Epson - Mivoot","robots":{"index":"index","follow":"follow","max-snippet":"max-snippet:-1","max-image-preview":"max-image-preview:large","max-video-preview":"max-video-preview:-1"},"canonical":"https:\/\/mivoot.com\/gt\/producto\/proyector-3lcd-xga-36000-lumenes-hdmi-powerlite-x49-epson\/","og_locale":"es_ES","og_type":"article","og_title":"Proyector 3LCD XGA 36000 Lumenes HDMI PowerLite X49 Epson","og_description":"3.600 l\u00famenes de color y brillo blanco - Resoluci\u00f3n XGA (1024 x 768) y relaci\u00f3n de aspecto 4:3 - Lampara hasta 12.000 horas en modo ECO - Funci\u00f3n de moderador - M\u00e9todo de Proyecci\u00f3n: Frontal \/ Posterior \/ Techo - Pantalla LCD: 0,55-pulgadas (C2fine) - USB Plug 'n Play: Projector is compatible with PC and Mac\u00ae computers - Relaci\u00f3n de Contraste: Hasta 16.000:1 - Procesamiento del Color: 10 bit","og_url":"https:\/\/mivoot.com\/gt\/producto\/proyector-3lcd-xga-36000-lumenes-hdmi-powerlite-x49-epson\/","og_site_name":"Mivoot","article_publisher":"https:\/\/www.facebook.com\/mivootgt","article_modified_time":"2025-09-05T23:36:14+00:00","og_image":[{"width":700,"height":700,"url":"https:\/\/mivoot.com\/gt\/wp-content\/uploads\/2025\/05\/PowerLite-X49-00.jpg","type":"image\/jpeg"}],"twitter_card":"summary_large_image","twitter_misc":{"Est. reading time":"3 minutos"},"schema":{"@context":"https:\/\/schema.org","@graph":[{"@type":"WebPage","@id":"https:\/\/mivoot.com\/gt\/producto\/proyector-3lcd-xga-36000-lumenes-hdmi-powerlite-x49-epson\/","url":"https:\/\/mivoot.com\/gt\/producto\/proyector-3lcd-xga-36000-lumenes-hdmi-powerlite-x49-epson\/","name":"Proyector 3LCD XGA 36000 Lumenes HDMI PowerLite X49 Epson - Mivoot","isPartOf":{"@id":"https:\/\/mivoot.com\/gt\/#website"},"primaryImageOfPage":{"@id":"https:\/\/mivoot.com\/gt\/producto\/proyector-3lcd-xga-36000-lumenes-hdmi-powerlite-x49-epson\/#primaryimage"},"image":{"@id":"https:\/\/mivoot.com\/gt\/producto\/proyector-3lcd-xga-36000-lumenes-hdmi-powerlite-x49-epson\/#primaryimage"},"thumbnailUrl":"https:\/\/mivoot.com\/gt\/wp-content\/uploads\/2025\/05\/PowerLite-X49-00.jpg","datePublished":"2025-05-06T20:48:18+00:00","dateModified":"2025-09-05T23:36:14+00:00","breadcrumb":{"@id":"https:\/\/mivoot.com\/gt\/producto\/proyector-3lcd-xga-36000-lumenes-hdmi-powerlite-x49-epson\/#breadcrumb"},"inLanguage":"es","potentialAction":[{"@type":"ReadAction","target":["https:\/\/mivoot.com\/gt\/producto\/proyector-3lcd-xga-36000-lumenes-hdmi-powerlite-x49-epson\/"]}]},{"@type":"ImageObject","inLanguage":"es","@id":"https:\/\/mivoot.com\/gt\/producto\/proyector-3lcd-xga-36000-lumenes-hdmi-powerlite-x49-epson\/#primaryimage","url":"https:\/\/mivoot.com\/gt\/wp-content\/uploads\/2025\/05\/PowerLite-X49-00.jpg","contentUrl":"https:\/\/mivoot.com\/gt\/wp-content\/uploads\/2025\/05\/PowerLite-X49-00.jpg","width":700,"height":700},{"@type":"BreadcrumbList","@id":"https:\/\/mivoot.com\/gt\/producto\/proyector-3lcd-xga-36000-lumenes-hdmi-powerlite-x49-epson\/#breadcrumb","itemListElement":[{"@type":"ListItem","position":1,"name":"Inicio","item":"https:\/\/mivoot.com\/gt\/"},{"@type":"ListItem","position":2,"name":"Productos","item":"https:\/\/mivoot.com\/gt\/producto\/"},{"@type":"ListItem","position":3,"name":"Epson","item":"https:\/\/mivoot.com\/gt\/marca\/epson\/"},{"@type":"ListItem","position":4,"name":"Proyector 3LCD XGA 36000 Lumenes HDMI PowerLite X49 Epson"}]},{"@type":"WebSite","@id":"https:\/\/mivoot.com\/gt\/#website","url":"https:\/\/mivoot.com\/gt\/","name":"Mivoot","description":"Mivoot Guatemala | Tienda Online","publisher":{"@id":"https:\/\/mivoot.com\/gt\/#organization"},"alternateName":"mivoot","potentialAction":[{"@type":"SearchAction","target":{"@type":"EntryPoint","urlTemplate":"https:\/\/mivoot.com\/gt\/?s={search_term_string}"},"query-input":{"@type":"PropertyValueSpecification","valueRequired":true,"valueName":"search_term_string"}}],"inLanguage":"es"},{"@type":"Organization","@id":"https:\/\/mivoot.com\/gt\/#organization","name":"Mivoot Guatemala","alternateName":"mivoot.com","url":"https:\/\/mivoot.com\/gt\/","logo":{"@type":"ImageObject","inLanguage":"es","@id":"https:\/\/mivoot.com\/gt\/#\/schema\/logo\/image\/","url":"https:\/\/mivoot.com\/gt\/wp-content\/uploads\/2023\/03\/cropped-icon.png","contentUrl":"https:\/\/mivoot.com\/gt\/wp-content\/uploads\/2023\/03\/cropped-icon.png","width":512,"height":512,"caption":"Mivoot Guatemala"},"image":{"@id":"https:\/\/mivoot.com\/gt\/#\/schema\/logo\/image\/"},"sameAs":["https:\/\/www.facebook.com\/mivootgt","https:\/\/instagram.com\/mivoot"]}]}},"jetpack_publicize_connections":[],"jetpack_sharing_enabled":true,"brands":[{"id":188,"name":"Epson","slug":"epson"}],"_links":{"self":[{"href":"https:\/\/mivoot.com\/gt\/wp-json\/wp\/v2\/product\/27984","targetHints":{"allow":["GET"]}}],"collection":[{"href":"https:\/\/mivoot.com\/gt\/wp-json\/wp\/v2\/product"}],"about":[{"href":"https:\/\/mivoot.com\/gt\/wp-json\/wp\/v2\/types\/product"}],"replies":[{"embeddable":true,"href":"https:\/\/mivoot.com\/gt\/wp-json\/wp\/v2\/comments?post=27984"}],"version-history":[{"count":1,"href":"https:\/\/mivoot.com\/gt\/wp-json\/wp\/v2\/product\/27984\/revisions"}],"predecessor-version":[{"id":27989,"href":"https:\/\/mivoot.com\/gt\/wp-json\/wp\/v2\/product\/27984\/revisions\/27989"}],"wp:featuredmedia":[{"embeddable":true,"href":"https:\/\/mivoot.com\/gt\/wp-json\/wp\/v2\/media\/27988"}],"wp:attachment":[{"href":"https:\/\/mivoot.com\/gt\/wp-json\/wp\/v2\/media?parent=27984"}],"wp:term":[{"taxonomy":"pwb-brand","embeddable":true,"href":"https:\/\/mivoot.com\/gt\/wp-json\/wp\/v2\/pwb-brand?post=27984"},{"taxonomy":"product_brand","embeddable":true,"href":"https:\/\/mivoot.com\/gt\/wp-json\/wp\/v2\/product_brand?post=27984"},{"taxonomy":"product_cat","embeddable":true,"href":"https:\/\/mivoot.com\/gt\/wp-json\/wp\/v2\/product_cat?post=27984"},{"taxonomy":"product_tag","embeddable":true,"href":"https:\/\/mivoot.com\/gt\/wp-json\/wp\/v2\/product_tag?post=27984"}],"curies":[{"name":"wp","href":"https:\/\/api.w.org\/{rel}","templated":true}]}}