{"id":27990,"date":"2025-05-06T14:58:26","date_gmt":"2025-05-06T20:58:26","guid":{"rendered":"https:\/\/mivoot.com\/gt\/?post_type=product&#038;p=27990"},"modified":"2025-07-08T18:06:11","modified_gmt":"2025-07-09T00:06:11","slug":"proyector-3lcd-wxga-3800-lumenes-hdmi-powerlite-w49-epson","status":"publish","type":"product","link":"https:\/\/mivoot.com\/gt\/producto\/proyector-3lcd-wxga-3800-lumenes-hdmi-powerlite-w49-epson\/","title":{"rendered":"Proyector 3LCD WXGA 3800 Lumenes HDMI PowerLite W49 Epson"},"content":{"rendered":"<h1 class=\"product_title entry-title\" style=\"text-align: center;\">Proyector Epson \u2013 Proyector 3LCD \u2013 W49 \u2013 3800L<\/h1>\n<p>El PowerLite<sup>\u00ae<\/sup>\u00a0W49 es el proyector ideal para el segmento de educaci\u00f3n. Ofrece una pantalla de m\u00e1s de 100&#8243; con calidad excepcional. La tecnolog\u00eda 3LCD brinda im\u00e1genes claras, brillantes y llenas de color. Su luminosidad de 3.800 l\u00famenes en color1 y 3.800 l\u00famenes en blanco1 lo convierten en la mejor opci\u00f3n para aulas de educaci\u00f3n bien iluminadas. Adicional, ofrece una conectividad avanzada con puertos HDMI<sup>\u00ae<\/sup>, RJ-45 y conectividad inal\u00e1mbrica opcional<sup>4<\/sup>, la cual permite proyectar el contenido sin requerir cables, perfecto para las aulas escolares actuales.<\/p>\n<p>&nbsp;<\/p>\n<h4><strong>Especificaciones del Proyector:<\/strong><\/h4>\n<hr \/>\n<ul>\n<li><strong>Sistema de Proyecci\u00f3n:<\/strong>Tecnolog\u00eda Epson 3LCD de 3 chips<\/li>\n<li><strong>M\u00e9todo de Proyecci\u00f3n:<\/strong>Frontal \/ Posterior \/ Techo<\/li>\n<li><strong>Pantalla LCD:<\/strong>0,59 pulgadas (C2fine)<\/li>\n<li><strong>M\u00e9todo de visualizaci\u00f3n:<\/strong>Poly-silicon TFT active matrix<\/li>\n<li><strong>N\u00famero de Pixeles:<\/strong>1.024.000 pixeles (1.280 px x 800 px) x 3<\/li>\n<li><strong>Luminosidad en Color: <\/strong>3.800 L\u00famenes<\/li>\n<li><strong>Luminosidad en Blanco: <\/strong>3.800 L\u00famenes<\/li>\n<li><strong>Relaci\u00f3n de Aspecto: <\/strong>16:10<\/li>\n<li><strong>Resoluci\u00f3n Nativa: <\/strong>WXGA<\/li>\n<li><strong>Re escalamiento:<\/strong>640 x 480 (VGA), 800 x 600 (SVGA), 1280 x 960 (SXGA2), 1280 x 1024 (SXGA3), 1366 x 768 (WXGA60-3), 1400 x 1050 (SXGA+), 1440 x 900 (WXGA+), 1680 x 900 (WXGA++), 1600 x 1200 (UXGA60)<\/li>\n<li><strong>Tipo de L\u00e1mpara:<\/strong>210W UHE<\/li>\n<li><strong>Vida \u00datil de la L\u00e1mpara:<\/strong>8.000 horas (normal); 17.000 horas (Eco)<\/li>\n<li><strong>Relaci\u00f3n de Proyecci\u00f3n:<\/strong>1.30 (Zoom:Wide), 1.56 (Zoom:Tele)<\/li>\n<li><strong>Tama\u00f1o &#8211; distancia projectada:<\/strong>33&#8243; to 320&#8243; (0.91 to 9.07 m) (Zoom:Wide)<\/li>\n<li><strong>Correcci\u00f3n de Trapecio:<\/strong>Vertical: -30\u00b0 +30\u00ba<br \/>\nHorizontal: -30\u00b0 +30\u00b0<\/li>\n<li><strong>USB Plug &#8216;n Play:<\/strong>Projector is compatible with PC and Mac\u00ae computers<\/li>\n<li><strong>Relaci\u00f3n de Contraste: <\/strong>Hasta 16.000:1<\/li>\n<li><strong>Procesamiento del Color:<\/strong>10 bit<\/li>\n<li><strong>Reproducci\u00f3n del Color: <\/strong>Hasta 1 bill\u00f3n de colores<\/li>\n<\/ul>\n<div class=\"text-row\" data-classificationid=\"General\">\n<h4><strong>General:<\/strong><\/h4>\n<hr \/>\n<p><strong>Temperatura: <\/strong>41\u00b0 to 95\u00b0 F (5\u00b0 to 35\u00b0 C)<\/p>\n<\/div>\n<div class=\"text-row\" data-classificationid=\"General\"><strong>Temperatura de uso: <\/strong>5 \u00b0C a 40 \u00b0C (41 \u00b0F a 104 \u00b0F)<\/div>\n<div class=\"text-row\" data-classificationid=\"General\"><strong>Dimensiones:<\/strong>302 mm x 87 mm x 249 mm (ancho x alto x profundidad)<\/div>\n<div class=\"text-row\" data-classificationid=\"General\"><strong>Peso:<\/strong>2,7 Kg<\/div>\n<div class=\"text-row\" data-classificationid=\"General\"><strong>Seguridad:<\/strong>Kensington Lock , Traba de seguridad<\/div>\n<div data-classificationid=\"General\"><\/div>\n<div data-classificationid=\"General\">\n<h4><strong>Detalles del Proyector:<\/strong><\/h4>\n<hr \/>\n<p><strong>Formatos de Proyecci\u00f3n:<\/strong><\/p>\n<ul>\n<li style=\"list-style-type: none;\">\n<ul>\n<li>NTSC: 480 lines<\/li>\n<li>PAL: 576 lines<\/li>\n<\/ul>\n<\/li>\n<\/ul>\n<p>(Depends on observation of the multi-burst pattern)<\/p>\n<p><strong>Conexiones de Entrada:<\/strong>NTSC \/ NTSC4.43 \/ PAL \/ M-PAL \/ N-PAL \/ PAL60 \/ SECAM<strong>Interfaces:<\/strong><\/p>\n<ul>\n<li>1x USB-A<\/li>\n<li>1x USB-B<\/li>\n<li>1x LAN<\/li>\n<li>2x HDMI<\/li>\n<li>2x Computer\/Component<\/li>\n<li>1x Video<\/li>\n<li>1x RS-232c<\/li>\n<li>1x Stereo Mini-jack (Mic)<\/li>\n<li>1x Monitor Out<\/li>\n<li>Audio 1 &amp; 2<\/li>\n<li>Audio L &amp; R<\/li>\n<li>1x Audio Out<\/li>\n<li>Wireless LAN port: 802.11 b\/g\/n (optional \u2013 module sold separately)<\/li>\n<\/ul>\n<p><strong>Parlante:<\/strong>Monoaural: 5W x 1<strong>Ruido del Ventilador:<\/strong>28 dB \/ 37 dB<strong>Funciones ECO:<\/strong><\/p>\n<ul>\n<li>RoHS compliant<\/li>\n<li>Recyclable product<sup>7<\/sup><\/li>\n<li>Epson America, Inc. is a SmartWay<sup>SM<\/sup>\u00a0Transport Partner<sup>8<\/sup><\/li>\n<\/ul>\n<h4><strong>Conectividad del Proyector:<\/strong><\/h4>\n<hr \/>\n<ul>\n<li><strong>Conectividad Est\u00e1ndar:<\/strong>Entrada computadora x 2 D-sub15 pin<br \/>\nSalida computadora x 1 D-sub15 pin<br \/>\nHDMI\u00ae x 2<br \/>\nRCA Video In Amarillo x 1<br \/>\nUSB tipo A (para m\u00f3dulo inal\u00e1mbrico) x 1<br \/>\nUSB tipo B (para actualizaci\u00f3n Firmware ) x 1<br \/>\nStereo Mini &#8211; Entrada x 2<br \/>\nStereo Mini &#8211; Salida x 1<br \/>\nRS-232C x 1<br \/>\nAudio entrada RCA Blanco x 1, rojo x 1<br \/>\nRJ45 x 1<br \/>\nM\u00f3dulo inal\u00e1mbrico Accesorio opcional<sup>4<\/sup><\/li>\n<\/ul>\n<\/div>\n","protected":false},"excerpt":{"rendered":"<p>&#8211; Tecnolog\u00eda de Imagen 3LCD<br \/>\n&#8211; Relaci\u00f3n de Aspecto 16:9<br \/>\n&#8211; Resoluci\u00f3n Nativa WXGA (1200 X 800)<br \/>\n&#8211; Brillo (ANSI-Lumens) 3800<br \/>\n&#8211; Relaci\u00f3n de Contraste 16000:1<br \/>\n&#8211; Distancia de Proyecci\u00f3n 1,30 \u2013 1,56<br \/>\n&#8211; Tama\u00f1o de la Pantalla 33\u2033 a 320\u2033<br \/>\n&#8211; Lente de Proyecci\u00f3n Optical Zoom (manual) \/ Focus (manual)<br \/>\n&#8211; Nivel de Ruido Ventilador. 28 dB \/ 37 dB<\/p>\n","protected":false},"featured_media":27979,"comment_status":"open","ping_status":"closed","template":"","meta":{"jetpack_publicize_message":"","jetpack_publicize_feature_enabled":true,"jetpack_social_post_already_shared":true,"jetpack_social_options":{"image_generator_settings":{"template":"highway","default_image_id":0,"font":"","enabled":false},"version":2}},"pwb-brand":[188],"product_brand":[],"product_cat":[274],"product_tag":[],"class_list":{"0":"post-27990","1":"product","2":"type-product","3":"status-publish","4":"has-post-thumbnail","6":"pwb-brand-epson","7":"product_cat-poyectores","9":"first","10":"instock","11":"sale","12":"taxable","13":"shipping-taxable","14":"purchasable","15":"product-type-simple"},"yoast_head":"<!-- This site is optimized with the Yoast SEO Premium plugin v25.7.1 (Yoast SEO v26.8) - https:\/\/yoast.com\/product\/yoast-seo-premium-wordpress\/ -->\n<title>Proyector 3LCD WXGA 3800 Lumenes HDMI PowerLite W49 Epson - Mivoot<\/title>\n<meta name=\"robots\" content=\"index, follow, max-snippet:-1, max-image-preview:large, max-video-preview:-1\" \/>\n<link rel=\"canonical\" href=\"https:\/\/mivoot.com\/gt\/producto\/proyector-3lcd-wxga-3800-lumenes-hdmi-powerlite-w49-epson\/\" \/>\n<meta property=\"og:locale\" content=\"es_ES\" \/>\n<meta property=\"og:type\" content=\"article\" \/>\n<meta property=\"og:title\" content=\"Proyector 3LCD WXGA 3800 Lumenes HDMI PowerLite W49 Epson\" \/>\n<meta property=\"og:description\" content=\"- Tecnolog\u00eda de Imagen 3LCD - Relaci\u00f3n de Aspecto 16:9 - Resoluci\u00f3n Nativa WXGA (1200 X 800) - Brillo (ANSI-Lumens) 3800 - Relaci\u00f3n de Contraste 16000:1 - Distancia de Proyecci\u00f3n 1,30 \u2013 1,56 - Tama\u00f1o de la Pantalla 33\u2033 a 320\u2033 - Lente de Proyecci\u00f3n Optical Zoom (manual) \/ Focus (manual) - Nivel de Ruido Ventilador. 28 dB \/ 37 dB\" \/>\n<meta property=\"og:url\" content=\"https:\/\/mivoot.com\/gt\/producto\/proyector-3lcd-wxga-3800-lumenes-hdmi-powerlite-w49-epson\/\" \/>\n<meta property=\"og:site_name\" content=\"Mivoot\" \/>\n<meta property=\"article:publisher\" content=\"https:\/\/www.facebook.com\/mivootgt\" \/>\n<meta property=\"article:modified_time\" content=\"2025-07-09T00:06:11+00:00\" \/>\n<meta property=\"og:image\" content=\"https:\/\/mivoot.com\/gt\/wp-content\/uploads\/2025\/05\/PowerLite-E20-.jpg\" \/>\n\t<meta property=\"og:image:width\" content=\"700\" \/>\n\t<meta property=\"og:image:height\" content=\"700\" \/>\n\t<meta property=\"og:image:type\" content=\"image\/jpeg\" \/>\n<meta name=\"twitter:card\" content=\"summary_large_image\" \/>\n<meta name=\"twitter:label1\" content=\"Est. reading time\" \/>\n\t<meta name=\"twitter:data1\" content=\"3 minutos\" \/>\n<script type=\"application\/ld+json\" class=\"yoast-schema-graph\">{\"@context\":\"https:\/\/schema.org\",\"@graph\":[{\"@type\":\"WebPage\",\"@id\":\"https:\/\/mivoot.com\/gt\/producto\/proyector-3lcd-wxga-3800-lumenes-hdmi-powerlite-w49-epson\/\",\"url\":\"https:\/\/mivoot.com\/gt\/producto\/proyector-3lcd-wxga-3800-lumenes-hdmi-powerlite-w49-epson\/\",\"name\":\"Proyector 3LCD WXGA 3800 Lumenes HDMI PowerLite W49 Epson - Mivoot\",\"isPartOf\":{\"@id\":\"https:\/\/mivoot.com\/gt\/#website\"},\"primaryImageOfPage\":{\"@id\":\"https:\/\/mivoot.com\/gt\/producto\/proyector-3lcd-wxga-3800-lumenes-hdmi-powerlite-w49-epson\/#primaryimage\"},\"image\":{\"@id\":\"https:\/\/mivoot.com\/gt\/producto\/proyector-3lcd-wxga-3800-lumenes-hdmi-powerlite-w49-epson\/#primaryimage\"},\"thumbnailUrl\":\"https:\/\/mivoot.com\/gt\/wp-content\/uploads\/2025\/05\/PowerLite-E20-.jpg\",\"datePublished\":\"2025-05-06T20:58:26+00:00\",\"dateModified\":\"2025-07-09T00:06:11+00:00\",\"breadcrumb\":{\"@id\":\"https:\/\/mivoot.com\/gt\/producto\/proyector-3lcd-wxga-3800-lumenes-hdmi-powerlite-w49-epson\/#breadcrumb\"},\"inLanguage\":\"es\",\"potentialAction\":[{\"@type\":\"ReadAction\",\"target\":[\"https:\/\/mivoot.com\/gt\/producto\/proyector-3lcd-wxga-3800-lumenes-hdmi-powerlite-w49-epson\/\"]}]},{\"@type\":\"ImageObject\",\"inLanguage\":\"es\",\"@id\":\"https:\/\/mivoot.com\/gt\/producto\/proyector-3lcd-wxga-3800-lumenes-hdmi-powerlite-w49-epson\/#primaryimage\",\"url\":\"https:\/\/mivoot.com\/gt\/wp-content\/uploads\/2025\/05\/PowerLite-E20-.jpg\",\"contentUrl\":\"https:\/\/mivoot.com\/gt\/wp-content\/uploads\/2025\/05\/PowerLite-E20-.jpg\",\"width\":700,\"height\":700},{\"@type\":\"BreadcrumbList\",\"@id\":\"https:\/\/mivoot.com\/gt\/producto\/proyector-3lcd-wxga-3800-lumenes-hdmi-powerlite-w49-epson\/#breadcrumb\",\"itemListElement\":[{\"@type\":\"ListItem\",\"position\":1,\"name\":\"Inicio\",\"item\":\"https:\/\/mivoot.com\/gt\/\"},{\"@type\":\"ListItem\",\"position\":2,\"name\":\"Productos\",\"item\":\"https:\/\/mivoot.com\/gt\/producto\/\"},{\"@type\":\"ListItem\",\"position\":3,\"name\":\"Epson\",\"item\":\"https:\/\/mivoot.com\/gt\/marca\/epson\/\"},{\"@type\":\"ListItem\",\"position\":4,\"name\":\"Proyector 3LCD WXGA 3800 Lumenes HDMI PowerLite W49 Epson\"}]},{\"@type\":\"WebSite\",\"@id\":\"https:\/\/mivoot.com\/gt\/#website\",\"url\":\"https:\/\/mivoot.com\/gt\/\",\"name\":\"Mivoot\",\"description\":\"Mivoot Guatemala | Tienda Online\",\"publisher\":{\"@id\":\"https:\/\/mivoot.com\/gt\/#organization\"},\"alternateName\":\"mivoot\",\"potentialAction\":[{\"@type\":\"SearchAction\",\"target\":{\"@type\":\"EntryPoint\",\"urlTemplate\":\"https:\/\/mivoot.com\/gt\/?s={search_term_string}\"},\"query-input\":{\"@type\":\"PropertyValueSpecification\",\"valueRequired\":true,\"valueName\":\"search_term_string\"}}],\"inLanguage\":\"es\"},{\"@type\":\"Organization\",\"@id\":\"https:\/\/mivoot.com\/gt\/#organization\",\"name\":\"Mivoot Guatemala\",\"alternateName\":\"mivoot.com\",\"url\":\"https:\/\/mivoot.com\/gt\/\",\"logo\":{\"@type\":\"ImageObject\",\"inLanguage\":\"es\",\"@id\":\"https:\/\/mivoot.com\/gt\/#\/schema\/logo\/image\/\",\"url\":\"https:\/\/mivoot.com\/gt\/wp-content\/uploads\/2023\/03\/cropped-icon.png\",\"contentUrl\":\"https:\/\/mivoot.com\/gt\/wp-content\/uploads\/2023\/03\/cropped-icon.png\",\"width\":512,\"height\":512,\"caption\":\"Mivoot Guatemala\"},\"image\":{\"@id\":\"https:\/\/mivoot.com\/gt\/#\/schema\/logo\/image\/\"},\"sameAs\":[\"https:\/\/www.facebook.com\/mivootgt\",\"https:\/\/instagram.com\/mivoot\"]}]}<\/script>\n<!-- \/ Yoast SEO Premium plugin. -->","yoast_head_json":{"title":"Proyector 3LCD WXGA 3800 Lumenes HDMI PowerLite W49 Epson - Mivoot","robots":{"index":"index","follow":"follow","max-snippet":"max-snippet:-1","max-image-preview":"max-image-preview:large","max-video-preview":"max-video-preview:-1"},"canonical":"https:\/\/mivoot.com\/gt\/producto\/proyector-3lcd-wxga-3800-lumenes-hdmi-powerlite-w49-epson\/","og_locale":"es_ES","og_type":"article","og_title":"Proyector 3LCD WXGA 3800 Lumenes HDMI PowerLite W49 Epson","og_description":"- Tecnolog\u00eda de Imagen 3LCD - Relaci\u00f3n de Aspecto 16:9 - Resoluci\u00f3n Nativa WXGA (1200 X 800) - Brillo (ANSI-Lumens) 3800 - Relaci\u00f3n de Contraste 16000:1 - Distancia de Proyecci\u00f3n 1,30 \u2013 1,56 - Tama\u00f1o de la Pantalla 33\u2033 a 320\u2033 - Lente de Proyecci\u00f3n Optical Zoom (manual) \/ Focus (manual) - Nivel de Ruido Ventilador. 28 dB \/ 37 dB","og_url":"https:\/\/mivoot.com\/gt\/producto\/proyector-3lcd-wxga-3800-lumenes-hdmi-powerlite-w49-epson\/","og_site_name":"Mivoot","article_publisher":"https:\/\/www.facebook.com\/mivootgt","article_modified_time":"2025-07-09T00:06:11+00:00","og_image":[{"width":700,"height":700,"url":"https:\/\/mivoot.com\/gt\/wp-content\/uploads\/2025\/05\/PowerLite-E20-.jpg","type":"image\/jpeg"}],"twitter_card":"summary_large_image","twitter_misc":{"Est. reading time":"3 minutos"},"schema":{"@context":"https:\/\/schema.org","@graph":[{"@type":"WebPage","@id":"https:\/\/mivoot.com\/gt\/producto\/proyector-3lcd-wxga-3800-lumenes-hdmi-powerlite-w49-epson\/","url":"https:\/\/mivoot.com\/gt\/producto\/proyector-3lcd-wxga-3800-lumenes-hdmi-powerlite-w49-epson\/","name":"Proyector 3LCD WXGA 3800 Lumenes HDMI PowerLite W49 Epson - Mivoot","isPartOf":{"@id":"https:\/\/mivoot.com\/gt\/#website"},"primaryImageOfPage":{"@id":"https:\/\/mivoot.com\/gt\/producto\/proyector-3lcd-wxga-3800-lumenes-hdmi-powerlite-w49-epson\/#primaryimage"},"image":{"@id":"https:\/\/mivoot.com\/gt\/producto\/proyector-3lcd-wxga-3800-lumenes-hdmi-powerlite-w49-epson\/#primaryimage"},"thumbnailUrl":"https:\/\/mivoot.com\/gt\/wp-content\/uploads\/2025\/05\/PowerLite-E20-.jpg","datePublished":"2025-05-06T20:58:26+00:00","dateModified":"2025-07-09T00:06:11+00:00","breadcrumb":{"@id":"https:\/\/mivoot.com\/gt\/producto\/proyector-3lcd-wxga-3800-lumenes-hdmi-powerlite-w49-epson\/#breadcrumb"},"inLanguage":"es","potentialAction":[{"@type":"ReadAction","target":["https:\/\/mivoot.com\/gt\/producto\/proyector-3lcd-wxga-3800-lumenes-hdmi-powerlite-w49-epson\/"]}]},{"@type":"ImageObject","inLanguage":"es","@id":"https:\/\/mivoot.com\/gt\/producto\/proyector-3lcd-wxga-3800-lumenes-hdmi-powerlite-w49-epson\/#primaryimage","url":"https:\/\/mivoot.com\/gt\/wp-content\/uploads\/2025\/05\/PowerLite-E20-.jpg","contentUrl":"https:\/\/mivoot.com\/gt\/wp-content\/uploads\/2025\/05\/PowerLite-E20-.jpg","width":700,"height":700},{"@type":"BreadcrumbList","@id":"https:\/\/mivoot.com\/gt\/producto\/proyector-3lcd-wxga-3800-lumenes-hdmi-powerlite-w49-epson\/#breadcrumb","itemListElement":[{"@type":"ListItem","position":1,"name":"Inicio","item":"https:\/\/mivoot.com\/gt\/"},{"@type":"ListItem","position":2,"name":"Productos","item":"https:\/\/mivoot.com\/gt\/producto\/"},{"@type":"ListItem","position":3,"name":"Epson","item":"https:\/\/mivoot.com\/gt\/marca\/epson\/"},{"@type":"ListItem","position":4,"name":"Proyector 3LCD WXGA 3800 Lumenes HDMI PowerLite W49 Epson"}]},{"@type":"WebSite","@id":"https:\/\/mivoot.com\/gt\/#website","url":"https:\/\/mivoot.com\/gt\/","name":"Mivoot","description":"Mivoot Guatemala | Tienda Online","publisher":{"@id":"https:\/\/mivoot.com\/gt\/#organization"},"alternateName":"mivoot","potentialAction":[{"@type":"SearchAction","target":{"@type":"EntryPoint","urlTemplate":"https:\/\/mivoot.com\/gt\/?s={search_term_string}"},"query-input":{"@type":"PropertyValueSpecification","valueRequired":true,"valueName":"search_term_string"}}],"inLanguage":"es"},{"@type":"Organization","@id":"https:\/\/mivoot.com\/gt\/#organization","name":"Mivoot Guatemala","alternateName":"mivoot.com","url":"https:\/\/mivoot.com\/gt\/","logo":{"@type":"ImageObject","inLanguage":"es","@id":"https:\/\/mivoot.com\/gt\/#\/schema\/logo\/image\/","url":"https:\/\/mivoot.com\/gt\/wp-content\/uploads\/2023\/03\/cropped-icon.png","contentUrl":"https:\/\/mivoot.com\/gt\/wp-content\/uploads\/2023\/03\/cropped-icon.png","width":512,"height":512,"caption":"Mivoot Guatemala"},"image":{"@id":"https:\/\/mivoot.com\/gt\/#\/schema\/logo\/image\/"},"sameAs":["https:\/\/www.facebook.com\/mivootgt","https:\/\/instagram.com\/mivoot"]}]}},"jetpack_publicize_connections":[],"jetpack_sharing_enabled":true,"brands":[{"id":188,"name":"Epson","slug":"epson"}],"_links":{"self":[{"href":"https:\/\/mivoot.com\/gt\/wp-json\/wp\/v2\/product\/27990","targetHints":{"allow":["GET"]}}],"collection":[{"href":"https:\/\/mivoot.com\/gt\/wp-json\/wp\/v2\/product"}],"about":[{"href":"https:\/\/mivoot.com\/gt\/wp-json\/wp\/v2\/types\/product"}],"replies":[{"embeddable":true,"href":"https:\/\/mivoot.com\/gt\/wp-json\/wp\/v2\/comments?post=27990"}],"version-history":[{"count":2,"href":"https:\/\/mivoot.com\/gt\/wp-json\/wp\/v2\/product\/27990\/revisions"}],"predecessor-version":[{"id":29133,"href":"https:\/\/mivoot.com\/gt\/wp-json\/wp\/v2\/product\/27990\/revisions\/29133"}],"wp:featuredmedia":[{"embeddable":true,"href":"https:\/\/mivoot.com\/gt\/wp-json\/wp\/v2\/media\/27979"}],"wp:attachment":[{"href":"https:\/\/mivoot.com\/gt\/wp-json\/wp\/v2\/media?parent=27990"}],"wp:term":[{"taxonomy":"pwb-brand","embeddable":true,"href":"https:\/\/mivoot.com\/gt\/wp-json\/wp\/v2\/pwb-brand?post=27990"},{"taxonomy":"product_brand","embeddable":true,"href":"https:\/\/mivoot.com\/gt\/wp-json\/wp\/v2\/product_brand?post=27990"},{"taxonomy":"product_cat","embeddable":true,"href":"https:\/\/mivoot.com\/gt\/wp-json\/wp\/v2\/product_cat?post=27990"},{"taxonomy":"product_tag","embeddable":true,"href":"https:\/\/mivoot.com\/gt\/wp-json\/wp\/v2\/product_tag?post=27990"}],"curies":[{"name":"wp","href":"https:\/\/api.w.org\/{rel}","templated":true}]}}