{"id":27998,"date":"2025-05-06T18:39:15","date_gmt":"2025-05-07T00:39:15","guid":{"rendered":"https:\/\/mivoot.com\/gt\/?post_type=product&#038;p=27998"},"modified":"2025-05-06T18:39:15","modified_gmt":"2025-05-07T00:39:15","slug":"proyector-dlp-wuxga-3500-lumenes-hdmi-th585p-benq","status":"publish","type":"product","link":"https:\/\/mivoot.com\/gt\/producto\/proyector-dlp-wuxga-3500-lumenes-hdmi-th585p-benq\/","title":{"rendered":"Proyector DLP WUXGA 3500 L\u00famenes HDMI TH585P BenQ"},"content":{"rendered":"<h3 class=\"g6-text-subtitle g6-subtitle-md t-white\" style=\"text-align: center;\">Proyector Home Cinema TH585P | Proyector para cine en casa 1080p con HDR y 3500\u00a0lm<\/h3>\n<h2 class=\"g6-text-title g6-title-md  t-white \">Disfruta del cine Full HD en salas iluminadas<\/h2>\n<p class=\" g6-text-desc g6-text-md t-white \">Alegra la vista con la luminosidad de unas im\u00e1genes Full HD 1080p que ofrecen m\u00e1xima claridad en los detalles y una impresionante nitidez para vivir la mejor experiencia cinematogr\u00e1fica en casa en salas muy iluminadas.<\/p>\n<h2 class=\"g6-text-title g6-title-md t-black  \">Bajo Input LAG de entrada<\/h2>\n<p class=\" g6-text-desc g6-text-md t-black \">El input LAG ultra r\u00e1pido de 16.7ms en el TH585P asegura que tus percepciones visuales y auditivas, as\u00ed como tus pensamientos, se traduzcan en acciones sin ning\u00fan retraso.<\/p>\n<h2 class=\"g6-text-title g6-title-md t-black  \">Mejora de los detalles en negro<\/h2>\n<p class=\" g6-text-desc g6-text-md t-black \">Con la exclusiva tecnolog\u00eda Black Detail Enhancement,de BenQ, detecta y reacciona m\u00e1s r\u00e1pidamente a peligros inminentes al resaltar f\u00e1cilmente los detalles en escenas oscuras. Esta tecnolog\u00eda enfatiza los detalles finos sin comprometer el rendimiento del color en \u00e1reas m\u00e1s brillantes, permitiendo una percepci\u00f3n mejorada en todo tipo de iluminaci\u00f3n.<\/p>\n<h2 class=\"g6-text-title g6-title-md t-black  \">Correcci\u00f3n trapezoidal vertical autom\u00e1tica<\/h2>\n<p class=\" g6-text-desc g6-text-md t-black \">La correcci\u00f3n autom\u00e1tica de keystone vertical del TH585P ajusta las im\u00e1genes para que sean cuadradas autom\u00e1ticamente, permitiendo proyectar im\u00e1genes alineadas desde diversos \u00e1ngulos con facilidad.<\/p>\n<p><img decoding=\"async\" class=\"aligncenter\" src=\"https:\/\/image.benq.com\/is\/image\/benqco\/cinema-th585p-connectivity?$ResponsivePreset$&amp;wid=1300&amp;dpr=off\" alt=\"BenQ TH585P's IO port \" \/><\/p>\n<p>&nbsp;<\/p>\n<div class=\"all-spec-title-container\">\n<h1 class=\"all-spec-title g6-subtitle-md\">Todas las especificaciones<\/h1>\n<\/div>\n<div class=\"spec-container active\">\n<div class=\"category-container\">\n<p class=\"category\">Pantalla<\/p>\n<\/div>\n<div class=\"feature-container\">\n<ul>\n<li class=\"item\">\n<div class=\"name\">Brillo (ANSI L\u00famenes)<\/div>\n<div class=\"detail\">3500<\/div>\n<\/li>\n<li class=\"item\">\n<div class=\"name\">Resoluci\u00f3n<\/div>\n<div class=\"detail\">1080P (1920&#215;1080)<\/div>\n<\/li>\n<li class=\"item\">\n<div class=\"name\">Relaci\u00f3n de aspecto nativo<\/div>\n<div class=\"detail\">16:9<\/div>\n<\/li>\n<li class=\"item\">\n<div class=\"name\">Relaci\u00f3n de contraste (FOFO)<\/div>\n<div class=\"detail\">10\u00a0000:1<\/div>\n<\/li>\n<li class=\"item\">\n<div class=\"name\">Colores mostrados<\/div>\n<div class=\"detail\">30-bit (1.07 billones de colores)<\/div>\n<\/li>\n<li class=\"item\">\n<div class=\"name\">Fuente de luz<\/div>\n<div class=\"detail\">L\u00e1mpara<\/div>\n<\/li>\n<li class=\"item\">\n<div class=\"name\">Vida \u00fatil de fuente de luz<\/div>\n<div class=\"detail\">a. Normal 4000 horas, c. SmartEco 8000 horas, d. LampSave 15\u00a0000 horas, b. ECO 10\u00a0000 horas<\/div>\n<\/li>\n<\/ul>\n<\/div>\n<\/div>\n<div class=\"spec-container active\">\n<div class=\"category-container\">\n<p class=\"category\">\u00d3ptico<\/p>\n<\/div>\n<div class=\"feature-container\">\n<ul>\n<li class=\"item\">\n<div class=\"name\">Relaci\u00f3n de proyecci\u00f3n<\/div>\n<div class=\"detail\">1.5~1.65<\/div>\n<\/li>\n<li class=\"item\">\n<div class=\"name\">Relaci\u00f3n de zoom<\/div>\n<div class=\"detail\">1,1x<\/div>\n<\/li>\n<li class=\"item\">\n<div class=\"name\">Lente<\/div>\n<div class=\"detail\">F\/#=2.0~2.05;f=15.843~17.445 mm<\/div>\n<\/li>\n<li class=\"item\">\n<div class=\"name\">Desplazamiento de la proyecci\u00f3n (altura total)<\/div>\n<div class=\"detail\">100%<\/div>\n<\/li>\n<li class=\"item\">\n<div class=\"name\">Ajuste de keystone<\/div>\n<div class=\"detail\">1D, Vertical \u00b1 40 grados<\/div>\n<\/li>\n<\/ul>\n<\/div>\n<\/div>\n<div class=\"spec-container active\">\n<div class=\"category-container\">\n<p class=\"category\">Imagen<\/p>\n<\/div>\n<div class=\"feature-container\">\n<ul>\n<li class=\"item\">\n<div class=\"name\">Cobertura Rec. 709<\/div>\n<div class=\"detail\">95%<\/div>\n<\/li>\n<li class=\"item\">\n<div class=\"name\">Modos de imagen<\/div>\n<div class=\"detail\">3D, Brillante, Cine, Juego, Sala de estar, Deporte, Usuario 1, Usuario 2<\/div>\n<\/li>\n<\/ul>\n<\/div>\n<\/div>\n<div class=\"spec-container active\">\n<div class=\"category-container\">\n<p class=\"category\">Compatibilidad<\/p>\n<\/div>\n<div class=\"feature-container\">\n<ul>\n<li class=\"item\">\n<div class=\"name\">Input Lag<\/div>\n<div class=\"detail\">16,7 ms (1080P a 60 Hz)<\/div>\n<\/li>\n<li class=\"item\">\n<div class=\"name\">Resoluciones compatibles<\/div>\n<div class=\"detail\">VGA (640 x 480) a WUXGA_RB (1920 x 1200) *RB=Reduced Blanking<\/div>\n<\/li>\n<li class=\"item\">\n<div class=\"name\">Frecuencia horizontal<\/div>\n<div class=\"detail\">15K~102K\u00a0Hz<\/div>\n<\/li>\n<\/ul>\n<\/div>\n<\/div>\n<div class=\"spec-container active\">\n<div class=\"category-container\">\n<p class=\"category\">Interfaz in\/out<\/p>\n<\/div>\n<div class=\"feature-container\">\n<ul>\n<li class=\"item\">\n<div class=\"name\">HDMI in<\/div>\n<div class=\"detail\">(x2), HDMI-1 (1.4a\/HDCP1.4\/MHL), HDMI-2 (1.4a\/HDCP1.4\/MHL)<\/div>\n<\/li>\n<li class=\"item\">\n<div class=\"name\">USB Tipo A<\/div>\n<div class=\"detail\">(x1), USB Tipo A-1 (2.0\/Suministro de alimentaci\u00f3n de 1,5\u00a0A)<\/div>\n<\/li>\n<li class=\"item\">\n<div class=\"name\">RS232 in (DB-9pin)<\/div>\n<div class=\"detail\">(x1)<\/div>\n<\/li>\n<\/ul>\n<\/div>\n<\/div>\n<div class=\"spec-container active\">\n<div class=\"category-container\">\n<p class=\"category\">Audio<\/p>\n<\/div>\n<div class=\"feature-container\">\n<ul>\n<li class=\"item\">\n<div class=\"name\">Altavoz<\/div>\n<div class=\"detail\">(x1), 10W<\/div>\n<\/li>\n<li class=\"item\">\n<div class=\"name\">Audio in (3.5mm &#8211; Mini Jack)<\/div>\n<div class=\"detail\">(x1)<\/div>\n<\/li>\n<li class=\"item\">\n<div class=\"name\">Audio out (3.5mm &#8211; Mini Jack)<\/div>\n<div class=\"detail\">(x1)<\/div>\n<\/li>\n<\/ul>\n<\/div>\n<\/div>\n<div class=\"spec-container active\">\n<div class=\"category-container\">\n<p class=\"category\">Ambiente<\/p>\n<\/div>\n<div class=\"feature-container\">\n<ul>\n<li class=\"item\">\n<div class=\"name\">Temperatura de operaci\u00f3n<\/div>\n<div class=\"detail\">0~40\u2103<\/div>\n<\/li>\n<li class=\"item\">\n<div class=\"name\">Fuente de alimentaci\u00f3n<\/div>\n<div class=\"detail\">De 100 a 240 V de CA, 50\/60 Hz<\/div>\n<\/li>\n<li class=\"item\">\n<div class=\"name\">Consumo de energ\u00eda t\u00edpico (110\u00a0V)<\/div>\n<div class=\"detail\">297W\/110V<\/div>\n<\/li>\n<li class=\"item\">\n<div class=\"name\">Consumo de energ\u00eda en espera<\/div>\n<div class=\"detail\">&lt;0.5W<\/div>\n<\/li>\n<li class=\"item\">\n<div class=\"name\">Ruido ac\u00fastico (t\u00edp.\/eco.) (dB)<\/div>\n<div class=\"detail\">35\/29 dB<\/div>\n<\/li>\n<\/ul>\n<\/div>\n<\/div>\n<div class=\"spec-container active\">\n<div class=\"category-container\">\n<p class=\"category\">Accesorios<\/p>\n<\/div>\n<div class=\"feature-container\">\n<ul>\n<li class=\"item\">\n<div class=\"name\">Malet\u00edn para proyector<\/div>\n<div class=\"detail\">5J.J3T09.001, (Opcional)<\/div>\n<\/li>\n<li class=\"item\">\n<div class=\"name\">Mando a distancia con bater\u00eda<\/div>\n<div class=\"detail\">RCV013<\/div>\n<\/li>\n<li class=\"item\">\n<div class=\"name\">Cable de alimentaci\u00f3n (por regi\u00f3n)<\/div>\n<div class=\"detail\">x1 (1,8 m)<\/div>\n<\/li>\n<li class=\"item\">\n<div class=\"name\">Lentes 3D<\/div>\n<div class=\"detail\">DGD5, (Opcional)<\/div>\n<\/li>\n<li class=\"item\">\n<div class=\"name\">Gu\u00eda de inicio r\u00e1pido<\/div>\n<div class=\"detail\">(x1) 21L<\/div>\n<\/li>\n<li class=\"item\">\n<div class=\"name\">Tarjeta de garant\u00eda (por regi\u00f3n)<\/div>\n<div class=\"detail\">S\u00ed<\/div>\n<\/li>\n<\/ul>\n<\/div>\n<\/div>\n<div class=\"spec-container active\">\n<div class=\"category-container\">\n<p class=\"category\">Dimensiones y peso<\/p>\n<\/div>\n<div class=\"feature-container\">\n<ul>\n<li class=\"item\">\n<div class=\"name\">Dimensiones (An.xAlt.xProf.) (mm)<\/div>\n<div class=\"detail\">312 x 110 x 225<\/div>\n<\/li>\n<li class=\"item\">\n<div class=\"name\">Peso neto (kg)<\/div>\n<div class=\"detail\">2.79<\/div>\n<\/li>\n<li class=\"item\">\n<div class=\"name\">Dimensiones (An.xAlt.xProf.) (pulgada)<\/div>\n<div class=\"detail\">12.2 x 4.3 x 8.8<\/div>\n<\/li>\n<li class=\"item\">\n<div class=\"name\">Peso neto (lb)<\/div>\n<div class=\"detail\">6.15<\/div>\n<\/li>\n<\/ul>\n<\/div>\n<\/div>\n<div class=\"spec-container active\">\n<div class=\"category-container\">\n<p class=\"category\">Sistema de proyecci\u00f3n<\/p>\n<\/div>\n<div class=\"feature-container\">\n<ul>\n<li class=\"item\">\n<div class=\"name\">Sistema de proyecci\u00f3n<\/div>\n<div class=\"detail\">DLP<\/div>\n<\/li>\n<\/ul>\n<\/div>\n<\/div>\n","protected":false},"excerpt":{"rendered":"<p>&#8211; Sistema de proyecci\u00f3n: DLP<br \/>\n&#8211; Resoluci\u00f3n: 1080p (1920&#215;1080)<br \/>\n&#8211; Soporte de resoluci\u00f3n: VGA(640 x 480) to WUXGA(1920 x 1200)<br \/>\n&#8211; Brillo: 3500lm<br \/>\n&#8211; Contraste (FOFO): 10,000:1<br \/>\n&#8212; Colores de la pantalla: 30 Bits (1.07 billion colors)<br \/>\n&#8211; Relaci\u00f3n de aspecto nativa: 16:9<br \/>\n&#8211; Fuente de luz: L\u00e1mpara<br \/>\n&#8211; 1 x Altavoz 10W<br \/>\n&#8211; 1 x USB 2.0<br \/>\n&#8211; 2 x HDMI 1.4a<br \/>\n&#8211; 1 x RS-232 (DB-9pin)<br \/>\n&#8211; 2 x Conector 3.5mm Audio<br \/>\n&#8211; Temperatura de Operaci\u00f3n 0 ~ 40\u2103<\/p>\n","protected":false},"featured_media":28001,"comment_status":"open","ping_status":"closed","template":"","meta":{"jetpack_publicize_message":"","jetpack_publicize_feature_enabled":true,"jetpack_social_post_already_shared":true,"jetpack_social_options":{"image_generator_settings":{"template":"highway","default_image_id":0,"font":"","enabled":false},"version":2}},"pwb-brand":[622],"product_brand":[],"product_cat":[274],"product_tag":[],"class_list":{"0":"post-27998","1":"product","2":"type-product","3":"status-publish","4":"has-post-thumbnail","6":"pwb-brand-benq","7":"product_cat-poyectores","9":"first","10":"instock","11":"taxable","12":"shipping-taxable","13":"purchasable","14":"product-type-simple"},"yoast_head":"<!-- This site is optimized with the Yoast SEO Premium plugin v25.7.1 (Yoast SEO v26.8) - https:\/\/yoast.com\/product\/yoast-seo-premium-wordpress\/ -->\n<title>Proyector DLP WUXGA 3500 L\u00famenes HDMI TH585P BenQ - Mivoot<\/title>\n<meta name=\"robots\" content=\"index, follow, max-snippet:-1, max-image-preview:large, max-video-preview:-1\" \/>\n<link rel=\"canonical\" href=\"https:\/\/mivoot.com\/gt\/producto\/proyector-dlp-wuxga-3500-lumenes-hdmi-th585p-benq\/\" \/>\n<meta property=\"og:locale\" content=\"es_ES\" \/>\n<meta property=\"og:type\" content=\"article\" \/>\n<meta property=\"og:title\" content=\"Proyector DLP WUXGA 3500 L\u00famenes HDMI TH585P BenQ\" \/>\n<meta property=\"og:description\" content=\"- Sistema de proyecci\u00f3n: DLP - Resoluci\u00f3n: 1080p (1920x1080) - Soporte de resoluci\u00f3n: VGA(640 x 480) to WUXGA(1920 x 1200) - Brillo: 3500lm - Contraste (FOFO): 10,000:1 -- Colores de la pantalla: 30 Bits (1.07 billion colors) - Relaci\u00f3n de aspecto nativa: 16:9 - Fuente de luz: L\u00e1mpara - 1 x Altavoz 10W - 1 x USB 2.0 - 2 x HDMI 1.4a - 1 x RS-232 (DB-9pin) - 2 x Conector 3.5mm Audio - Temperatura de Operaci\u00f3n 0 ~ 40\u2103\" \/>\n<meta property=\"og:url\" content=\"https:\/\/mivoot.com\/gt\/producto\/proyector-dlp-wuxga-3500-lumenes-hdmi-th585p-benq\/\" \/>\n<meta property=\"og:site_name\" content=\"Mivoot\" \/>\n<meta property=\"article:publisher\" content=\"https:\/\/www.facebook.com\/mivootgt\" \/>\n<meta property=\"og:image\" content=\"https:\/\/mivoot.com\/gt\/wp-content\/uploads\/2025\/05\/TH585P-01.jpg\" \/>\n\t<meta property=\"og:image:width\" content=\"800\" \/>\n\t<meta property=\"og:image:height\" content=\"800\" \/>\n\t<meta property=\"og:image:type\" content=\"image\/jpeg\" \/>\n<meta name=\"twitter:card\" content=\"summary_large_image\" \/>\n<meta name=\"twitter:label1\" content=\"Est. reading time\" \/>\n\t<meta name=\"twitter:data1\" content=\"3 minutos\" \/>\n<script type=\"application\/ld+json\" class=\"yoast-schema-graph\">{\"@context\":\"https:\/\/schema.org\",\"@graph\":[{\"@type\":\"WebPage\",\"@id\":\"https:\/\/mivoot.com\/gt\/producto\/proyector-dlp-wuxga-3500-lumenes-hdmi-th585p-benq\/\",\"url\":\"https:\/\/mivoot.com\/gt\/producto\/proyector-dlp-wuxga-3500-lumenes-hdmi-th585p-benq\/\",\"name\":\"Proyector DLP WUXGA 3500 L\u00famenes HDMI TH585P BenQ - Mivoot\",\"isPartOf\":{\"@id\":\"https:\/\/mivoot.com\/gt\/#website\"},\"primaryImageOfPage\":{\"@id\":\"https:\/\/mivoot.com\/gt\/producto\/proyector-dlp-wuxga-3500-lumenes-hdmi-th585p-benq\/#primaryimage\"},\"image\":{\"@id\":\"https:\/\/mivoot.com\/gt\/producto\/proyector-dlp-wuxga-3500-lumenes-hdmi-th585p-benq\/#primaryimage\"},\"thumbnailUrl\":\"https:\/\/mivoot.com\/gt\/wp-content\/uploads\/2025\/05\/TH585P-01.jpg\",\"datePublished\":\"2025-05-07T00:39:15+00:00\",\"breadcrumb\":{\"@id\":\"https:\/\/mivoot.com\/gt\/producto\/proyector-dlp-wuxga-3500-lumenes-hdmi-th585p-benq\/#breadcrumb\"},\"inLanguage\":\"es\",\"potentialAction\":[{\"@type\":\"ReadAction\",\"target\":[\"https:\/\/mivoot.com\/gt\/producto\/proyector-dlp-wuxga-3500-lumenes-hdmi-th585p-benq\/\"]}]},{\"@type\":\"ImageObject\",\"inLanguage\":\"es\",\"@id\":\"https:\/\/mivoot.com\/gt\/producto\/proyector-dlp-wuxga-3500-lumenes-hdmi-th585p-benq\/#primaryimage\",\"url\":\"https:\/\/mivoot.com\/gt\/wp-content\/uploads\/2025\/05\/TH585P-01.jpg\",\"contentUrl\":\"https:\/\/mivoot.com\/gt\/wp-content\/uploads\/2025\/05\/TH585P-01.jpg\",\"width\":800,\"height\":800},{\"@type\":\"BreadcrumbList\",\"@id\":\"https:\/\/mivoot.com\/gt\/producto\/proyector-dlp-wuxga-3500-lumenes-hdmi-th585p-benq\/#breadcrumb\",\"itemListElement\":[{\"@type\":\"ListItem\",\"position\":1,\"name\":\"Inicio\",\"item\":\"https:\/\/mivoot.com\/gt\/\"},{\"@type\":\"ListItem\",\"position\":2,\"name\":\"Productos\",\"item\":\"https:\/\/mivoot.com\/gt\/producto\/\"},{\"@type\":\"ListItem\",\"position\":3,\"name\":\"BenQ\",\"item\":\"https:\/\/mivoot.com\/gt\/marca\/benq\/\"},{\"@type\":\"ListItem\",\"position\":4,\"name\":\"Proyector DLP WUXGA 3500 L\u00famenes HDMI TH585P BenQ\"}]},{\"@type\":\"WebSite\",\"@id\":\"https:\/\/mivoot.com\/gt\/#website\",\"url\":\"https:\/\/mivoot.com\/gt\/\",\"name\":\"Mivoot\",\"description\":\"Mivoot Guatemala | Tienda Online\",\"publisher\":{\"@id\":\"https:\/\/mivoot.com\/gt\/#organization\"},\"alternateName\":\"mivoot\",\"potentialAction\":[{\"@type\":\"SearchAction\",\"target\":{\"@type\":\"EntryPoint\",\"urlTemplate\":\"https:\/\/mivoot.com\/gt\/?s={search_term_string}\"},\"query-input\":{\"@type\":\"PropertyValueSpecification\",\"valueRequired\":true,\"valueName\":\"search_term_string\"}}],\"inLanguage\":\"es\"},{\"@type\":\"Organization\",\"@id\":\"https:\/\/mivoot.com\/gt\/#organization\",\"name\":\"Mivoot Guatemala\",\"alternateName\":\"mivoot.com\",\"url\":\"https:\/\/mivoot.com\/gt\/\",\"logo\":{\"@type\":\"ImageObject\",\"inLanguage\":\"es\",\"@id\":\"https:\/\/mivoot.com\/gt\/#\/schema\/logo\/image\/\",\"url\":\"https:\/\/mivoot.com\/gt\/wp-content\/uploads\/2023\/03\/cropped-icon.png\",\"contentUrl\":\"https:\/\/mivoot.com\/gt\/wp-content\/uploads\/2023\/03\/cropped-icon.png\",\"width\":512,\"height\":512,\"caption\":\"Mivoot Guatemala\"},\"image\":{\"@id\":\"https:\/\/mivoot.com\/gt\/#\/schema\/logo\/image\/\"},\"sameAs\":[\"https:\/\/www.facebook.com\/mivootgt\",\"https:\/\/instagram.com\/mivoot\"]}]}<\/script>\n<!-- \/ Yoast SEO Premium plugin. -->","yoast_head_json":{"title":"Proyector DLP WUXGA 3500 L\u00famenes HDMI TH585P BenQ - Mivoot","robots":{"index":"index","follow":"follow","max-snippet":"max-snippet:-1","max-image-preview":"max-image-preview:large","max-video-preview":"max-video-preview:-1"},"canonical":"https:\/\/mivoot.com\/gt\/producto\/proyector-dlp-wuxga-3500-lumenes-hdmi-th585p-benq\/","og_locale":"es_ES","og_type":"article","og_title":"Proyector DLP WUXGA 3500 L\u00famenes HDMI TH585P BenQ","og_description":"- Sistema de proyecci\u00f3n: DLP - Resoluci\u00f3n: 1080p (1920x1080) - Soporte de resoluci\u00f3n: VGA(640 x 480) to WUXGA(1920 x 1200) - Brillo: 3500lm - Contraste (FOFO): 10,000:1 -- Colores de la pantalla: 30 Bits (1.07 billion colors) - Relaci\u00f3n de aspecto nativa: 16:9 - Fuente de luz: L\u00e1mpara - 1 x Altavoz 10W - 1 x USB 2.0 - 2 x HDMI 1.4a - 1 x RS-232 (DB-9pin) - 2 x Conector 3.5mm Audio - Temperatura de Operaci\u00f3n 0 ~ 40\u2103","og_url":"https:\/\/mivoot.com\/gt\/producto\/proyector-dlp-wuxga-3500-lumenes-hdmi-th585p-benq\/","og_site_name":"Mivoot","article_publisher":"https:\/\/www.facebook.com\/mivootgt","og_image":[{"width":800,"height":800,"url":"https:\/\/mivoot.com\/gt\/wp-content\/uploads\/2025\/05\/TH585P-01.jpg","type":"image\/jpeg"}],"twitter_card":"summary_large_image","twitter_misc":{"Est. reading time":"3 minutos"},"schema":{"@context":"https:\/\/schema.org","@graph":[{"@type":"WebPage","@id":"https:\/\/mivoot.com\/gt\/producto\/proyector-dlp-wuxga-3500-lumenes-hdmi-th585p-benq\/","url":"https:\/\/mivoot.com\/gt\/producto\/proyector-dlp-wuxga-3500-lumenes-hdmi-th585p-benq\/","name":"Proyector DLP WUXGA 3500 L\u00famenes HDMI TH585P BenQ - Mivoot","isPartOf":{"@id":"https:\/\/mivoot.com\/gt\/#website"},"primaryImageOfPage":{"@id":"https:\/\/mivoot.com\/gt\/producto\/proyector-dlp-wuxga-3500-lumenes-hdmi-th585p-benq\/#primaryimage"},"image":{"@id":"https:\/\/mivoot.com\/gt\/producto\/proyector-dlp-wuxga-3500-lumenes-hdmi-th585p-benq\/#primaryimage"},"thumbnailUrl":"https:\/\/mivoot.com\/gt\/wp-content\/uploads\/2025\/05\/TH585P-01.jpg","datePublished":"2025-05-07T00:39:15+00:00","breadcrumb":{"@id":"https:\/\/mivoot.com\/gt\/producto\/proyector-dlp-wuxga-3500-lumenes-hdmi-th585p-benq\/#breadcrumb"},"inLanguage":"es","potentialAction":[{"@type":"ReadAction","target":["https:\/\/mivoot.com\/gt\/producto\/proyector-dlp-wuxga-3500-lumenes-hdmi-th585p-benq\/"]}]},{"@type":"ImageObject","inLanguage":"es","@id":"https:\/\/mivoot.com\/gt\/producto\/proyector-dlp-wuxga-3500-lumenes-hdmi-th585p-benq\/#primaryimage","url":"https:\/\/mivoot.com\/gt\/wp-content\/uploads\/2025\/05\/TH585P-01.jpg","contentUrl":"https:\/\/mivoot.com\/gt\/wp-content\/uploads\/2025\/05\/TH585P-01.jpg","width":800,"height":800},{"@type":"BreadcrumbList","@id":"https:\/\/mivoot.com\/gt\/producto\/proyector-dlp-wuxga-3500-lumenes-hdmi-th585p-benq\/#breadcrumb","itemListElement":[{"@type":"ListItem","position":1,"name":"Inicio","item":"https:\/\/mivoot.com\/gt\/"},{"@type":"ListItem","position":2,"name":"Productos","item":"https:\/\/mivoot.com\/gt\/producto\/"},{"@type":"ListItem","position":3,"name":"BenQ","item":"https:\/\/mivoot.com\/gt\/marca\/benq\/"},{"@type":"ListItem","position":4,"name":"Proyector DLP WUXGA 3500 L\u00famenes HDMI TH585P BenQ"}]},{"@type":"WebSite","@id":"https:\/\/mivoot.com\/gt\/#website","url":"https:\/\/mivoot.com\/gt\/","name":"Mivoot","description":"Mivoot Guatemala | Tienda Online","publisher":{"@id":"https:\/\/mivoot.com\/gt\/#organization"},"alternateName":"mivoot","potentialAction":[{"@type":"SearchAction","target":{"@type":"EntryPoint","urlTemplate":"https:\/\/mivoot.com\/gt\/?s={search_term_string}"},"query-input":{"@type":"PropertyValueSpecification","valueRequired":true,"valueName":"search_term_string"}}],"inLanguage":"es"},{"@type":"Organization","@id":"https:\/\/mivoot.com\/gt\/#organization","name":"Mivoot Guatemala","alternateName":"mivoot.com","url":"https:\/\/mivoot.com\/gt\/","logo":{"@type":"ImageObject","inLanguage":"es","@id":"https:\/\/mivoot.com\/gt\/#\/schema\/logo\/image\/","url":"https:\/\/mivoot.com\/gt\/wp-content\/uploads\/2023\/03\/cropped-icon.png","contentUrl":"https:\/\/mivoot.com\/gt\/wp-content\/uploads\/2023\/03\/cropped-icon.png","width":512,"height":512,"caption":"Mivoot Guatemala"},"image":{"@id":"https:\/\/mivoot.com\/gt\/#\/schema\/logo\/image\/"},"sameAs":["https:\/\/www.facebook.com\/mivootgt","https:\/\/instagram.com\/mivoot"]}]}},"jetpack_publicize_connections":[],"jetpack_sharing_enabled":true,"brands":[{"id":622,"name":"BenQ","slug":"benq"}],"_links":{"self":[{"href":"https:\/\/mivoot.com\/gt\/wp-json\/wp\/v2\/product\/27998","targetHints":{"allow":["GET"]}}],"collection":[{"href":"https:\/\/mivoot.com\/gt\/wp-json\/wp\/v2\/product"}],"about":[{"href":"https:\/\/mivoot.com\/gt\/wp-json\/wp\/v2\/types\/product"}],"replies":[{"embeddable":true,"href":"https:\/\/mivoot.com\/gt\/wp-json\/wp\/v2\/comments?post=27998"}],"version-history":[{"count":1,"href":"https:\/\/mivoot.com\/gt\/wp-json\/wp\/v2\/product\/27998\/revisions"}],"predecessor-version":[{"id":28004,"href":"https:\/\/mivoot.com\/gt\/wp-json\/wp\/v2\/product\/27998\/revisions\/28004"}],"wp:featuredmedia":[{"embeddable":true,"href":"https:\/\/mivoot.com\/gt\/wp-json\/wp\/v2\/media\/28001"}],"wp:attachment":[{"href":"https:\/\/mivoot.com\/gt\/wp-json\/wp\/v2\/media?parent=27998"}],"wp:term":[{"taxonomy":"pwb-brand","embeddable":true,"href":"https:\/\/mivoot.com\/gt\/wp-json\/wp\/v2\/pwb-brand?post=27998"},{"taxonomy":"product_brand","embeddable":true,"href":"https:\/\/mivoot.com\/gt\/wp-json\/wp\/v2\/product_brand?post=27998"},{"taxonomy":"product_cat","embeddable":true,"href":"https:\/\/mivoot.com\/gt\/wp-json\/wp\/v2\/product_cat?post=27998"},{"taxonomy":"product_tag","embeddable":true,"href":"https:\/\/mivoot.com\/gt\/wp-json\/wp\/v2\/product_tag?post=27998"}],"curies":[{"name":"wp","href":"https:\/\/api.w.org\/{rel}","templated":true}]}}