{"id":28099,"date":"2025-05-09T16:59:05","date_gmt":"2025-05-09T22:59:05","guid":{"rendered":"https:\/\/mivoot.com\/gt\/?post_type=product&#038;p=28099"},"modified":"2025-05-09T17:11:36","modified_gmt":"2025-05-09T23:11:36","slug":"estabilizador-osmo-mobile-7p-dji","status":"publish","type":"product","link":"https:\/\/mivoot.com\/gt\/producto\/estabilizador-osmo-mobile-7p-dji\/","title":{"rendered":"Estabilizador Osmo Mobile 7P DJI"},"content":{"rendered":"<h1 style=\"text-align: center;\"><strong>Osmo Mobile 7 Pro<\/strong><\/h1>\n<p>Vloguea con facilidad gracias a la tecnolog\u00eda port\u00e1til de DJI, que cuenta con estabilizaci\u00f3n de s\u00e9ptima generaci\u00f3n, ActiveTrack 7.0 y funciones inteligentes para que captures contenido incre\u00edble en tu tel\u00e9fono de manera muy sencilla<\/p>\n<h4>Seguimiento nativo y funcionalidad vers\u00e1til<\/h4>\n<p>El nuevo m\u00f3dulo multifuncional\u00a0\u00a0permite el seguimiento de sujetos sin DJI Mimo y ofrece recepci\u00f3n de audio e iluminaci\u00f3n para un soporte creativo completo.<\/p>\n<h4>Estabilizaci\u00f3n robusta de card\u00e1n de 3 ejes<\/h4>\n<p>Con la estabilizaci\u00f3n de s\u00e9ptima generaci\u00f3n de DJI, la serie Osmo Mobile 7 funciona con la mayor\u00eda de los tel\u00e9fonos inteligentes \u00a0para brindar tomas fluidas y sin vibraciones en todo momento.<\/p>\n<h4>Despliegue r\u00e1pido, lanzamiento r\u00e1pido<\/h4>\n<p>Despliega el estabilizador para encenderlo. Conecta f\u00e1cilmente un tel\u00e9fono emparejado gracias a su dise\u00f1o magn\u00e9tico, y el DJI Mimo se desplegar\u00e1 autom\u00e1ticamente \u00a0para grabar r\u00e1pidamente.<\/p>\n<h4>Varilla de extensi\u00f3n y tr\u00edpode incorporados<\/h4>\n<p>La varilla de extensi\u00f3n y el tr\u00edpode integrados\u00a0del Osmo Mobile 7P ofrecen \u00e1ngulos vers\u00e1tiles sin equipo adicional, lo que garantiza la creaci\u00f3n y el almacenamiento de videos en solitario sin esfuerzo.<\/p>\n<h4>Tutoriales sencillos y edici\u00f3n con un solo toque<\/h4>\n<p>Captura y edita f\u00e1cilmente con la app Mimo. Con ShotGuides y One-Tap Edit, obt\u00e9n informaci\u00f3n inteligente de la escena y crea videos impresionantes r\u00e1pidamente.<\/p>\n<h4>10 horas de duraci\u00f3n de la bater\u00eda y carga del tel\u00e9fono<\/h4>\n<p>La serie Osmo Mobile 7 ofrece 10 horas de funcionamiento\u00a0<sup>[6]<\/sup>\u00a0y un puerto USB-C para cargar el tel\u00e9fono, ideal para filmaciones prolongadas al aire libre y transmisi\u00f3n en vivo.<\/p>\n<p><img decoding=\"async\" src=\"https:\/\/se-cdn.djiits.com\/tpc\/uploads\/core_selling_point\/image\/8f8458d141ffc766a8a40b85384578b7@origin.jpg?format=webp\" \/><\/p>\n<div class=\"row\"  id=\"row-1571275704\">\n\n\t<div id=\"col-843913319\" class=\"col medium-1\/6 large-2\"  >\n\t\t<div class=\"col-inner\"  >\n\t\t\t\n\t\t\t\n<img decoding=\"async\" class=\"\" src=\"https:\/\/se-cdn.djiits.com\/tpc\/uploads\/in_the_box\/cover\/5e0d9749a0e4061020b156baa2335299@retina_small.png?format=webp\" alt=\"Osmo Mobile 7P\" width=\"127\" height=\"127\" \/><\/p>\n<div class=\"index__info___KTELS\">\n<p class=\"index__title___pwyV3\">Osmo Mobile 7P \u00d7\u00a01<\/p>\n\t\t<\/div>\n\t\t\t<\/div>\n\n\t\n\n\t<div id=\"col-1907236530\" class=\"col medium-1\/6 large-2\"  >\n\t\t<div class=\"col-inner\"  >\n\t\t\t\n\t\t\t\n<img decoding=\"async\" class=\"\" src=\"https:\/\/se-cdn.djiits.com\/tpc\/uploads\/in_the_box\/cover\/6c04dfd8ee7fbd0e59ed87de5c929aa3@retina_small.png?format=webp\" alt=\"Abrazadera magn\u00e9tica para tel\u00e9fono DJI OM 7 Series\" width=\"153\" height=\"153\" \/><\/p>\n<div class=\"index__info___KTELS\">\n<p class=\"index__title___pwyV3\">Abrazadera magn\u00e9tica para tel\u00e9fono DJI OM 7 Series \u00d7\u00a01<\/p>\n\t\t<\/div>\n\t\t\t<\/div>\n\n\t\n\n\t<div id=\"col-1953398600\" class=\"col medium-1\/6 large-2\"  >\n\t\t<div class=\"col-inner\"  >\n\t\t\t\n\t\t\t\n<img decoding=\"async\" class=\"\" src=\"https:\/\/se-cdn.djiits.com\/tpc\/uploads\/in_the_box\/cover\/8e774a8687de9dc8c4c0e10a2db9839b@retina_small.png?format=webp\" alt=\"M\u00f3dulo multifuncional DJI OM\" width=\"137\" height=\"137\" \/><\/p>\n<div class=\"index__info___KTELS\">\n<p class=\"index__title___pwyV3\">M\u00f3dulo multifuncional DJI OM \u00d7\u00a01<\/p>\n\t\t<\/div>\n\t\t\t<\/div>\n\n\t\n\n\t<div id=\"col-682806351\" class=\"col medium-1\/6 large-2\"  >\n\t\t<div class=\"col-inner\"  >\n\t\t\t\n\t\t\t\n<img loading=\"lazy\" decoding=\"async\" class=\"\" src=\"https:\/\/se-cdn.djiits.com\/tpc\/uploads\/in_the_box\/cover\/f9872ae25dd40037c94e0c81e62b7bc3@retina_small.png?format=webp\" alt=\"Cable de alimentaci\u00f3n (USB-C a USB-C, 50 cm)\" width=\"149\" height=\"149\" \/><\/p>\n<div class=\"index__info___KTELS\">\n<p class=\"index__title___pwyV3\">Cable de alimentaci\u00f3n (USB-C a USB-C, 50 cm) \u00d7\u00a01<\/p>\n\t\t<\/div>\n\t\t\t<\/div>\n\n\t\n\n\t<div id=\"col-692071433\" class=\"col medium-1\/6 large-2\"  >\n\t\t<div class=\"col-inner\"  >\n\t\t\t\n\t\t\t\n<img loading=\"lazy\" decoding=\"async\" class=\"\" src=\"https:\/\/se-cdn.djiits.com\/tpc\/uploads\/in_the_box\/cover\/bc7d65db820c5e7d7fb0eae743bc2907@retina_small.png?format=webp\" alt=\"Cable de carga de tel\u00e9fono\/grabaci\u00f3n de audio (USB-C a USB-C, 15 cm)\" width=\"128\" height=\"128\" \/><\/p>\n<div class=\"index__info___KTELS\">\n<p class=\"index__title___pwyV3\">Cable de carga de tel\u00e9fono\/grabaci\u00f3n de audio (USB-C a USB-C, 15 cm) \u00d7\u00a01<\/p>\n\t\t<\/div>\n\t\t\t<\/div>\n\n\t\n\n\t<div id=\"col-1801269843\" class=\"col medium-1\/6 large-2\"  >\n\t\t<div class=\"col-inner\"  >\n\t\t\t\n\t\t\t\n<img loading=\"lazy\" decoding=\"async\" class=\"\" src=\"https:\/\/se-cdn.djiits.com\/tpc\/uploads\/in_the_box\/cover\/e90ec29395ee84de315efeed6b2c0eef@retina_small.png?format=webp\" alt=\"Bolsa de almacenamiento\" width=\"148\" height=\"148\" \/><\/p>\n<div class=\"index__info___KTELS\">\n<p class=\"index__title___pwyV3\">Bolsa de almacenamiento \u00d7\u00a01<\/p>\n\t\t<\/div>\n\t\t\t<\/div>\n\n\t\n<\/div>\n<p>&nbsp;<\/p>\n<p><img decoding=\"async\" class=\"aligncenter\" src=\"https:\/\/se-cdn.djiits.com\/tpc\/uploads\/carousel\/image\/8f2b0865b68bbc161b4ad347d6f3667c@ultra.jpg?format=webp\" alt=\"u\u00f1a del pulgar\" \/>.<\/p>\n<\/div>\n<\/div>\n<\/div>\n<\/div>\n<\/div>\n<\/div>\n","protected":false},"excerpt":{"rendered":"<p>&#8211; Seguimiento nativo con capacidades de audio e iluminaci\u00f3n integradas<br \/>\n&#8211; Robusta estabilizaci\u00f3n en 3 ejes<br \/>\n&#8211; Sencillos tutoriales y Edici\u00f3n en un toque<br \/>\n&#8211; Se pliega y se inicia r\u00e1pidamente<br \/>\n&#8211; Brazo extensible y tr\u00edpode integrados<br \/>\n&#8211; 10 horas de bater\u00eda y carga del tel\u00e9fono<\/p>\n","protected":false},"featured_media":28103,"comment_status":"open","ping_status":"closed","template":"","meta":{"jetpack_publicize_message":"","jetpack_publicize_feature_enabled":true,"jetpack_social_post_already_shared":true,"jetpack_social_options":{"image_generator_settings":{"template":"highway","default_image_id":0,"font":"","enabled":false},"version":2}},"pwb-brand":[476],"product_brand":[],"product_cat":[424],"product_tag":[],"class_list":{"0":"post-28099","1":"product","2":"type-product","3":"status-publish","4":"has-post-thumbnail","6":"pwb-brand-dji","7":"product_cat-estabilizadores","9":"first","10":"instock","11":"taxable","12":"shipping-taxable","13":"purchasable","14":"product-type-simple"},"yoast_head":"<!-- This site is optimized with the Yoast SEO Premium plugin v25.7.1 (Yoast SEO v26.8) - https:\/\/yoast.com\/product\/yoast-seo-premium-wordpress\/ -->\n<title>Estabilizador Osmo Mobile 7P DJI - Mivoot<\/title>\n<meta name=\"robots\" content=\"index, follow, max-snippet:-1, max-image-preview:large, max-video-preview:-1\" \/>\n<link rel=\"canonical\" href=\"https:\/\/mivoot.com\/gt\/producto\/estabilizador-osmo-mobile-7p-dji\/\" \/>\n<meta property=\"og:locale\" content=\"es_ES\" \/>\n<meta property=\"og:type\" content=\"article\" \/>\n<meta property=\"og:title\" content=\"Estabilizador Osmo Mobile 7P DJI\" \/>\n<meta property=\"og:description\" content=\"- Seguimiento nativo con capacidades de audio e iluminaci\u00f3n integradas - Robusta estabilizaci\u00f3n en 3 ejes - Sencillos tutoriales y Edici\u00f3n en un toque - Se pliega y se inicia r\u00e1pidamente - Brazo extensible y tr\u00edpode integrados - 10 horas de bater\u00eda y carga del tel\u00e9fono\" \/>\n<meta property=\"og:url\" content=\"https:\/\/mivoot.com\/gt\/producto\/estabilizador-osmo-mobile-7p-dji\/\" \/>\n<meta property=\"og:site_name\" content=\"Mivoot\" \/>\n<meta property=\"article:publisher\" content=\"https:\/\/www.facebook.com\/mivootgt\" \/>\n<meta property=\"article:modified_time\" content=\"2025-05-09T23:11:36+00:00\" \/>\n<meta property=\"og:image\" content=\"https:\/\/mivoot.com\/gt\/wp-content\/uploads\/2025\/05\/omo-7p-03.webp\" \/>\n\t<meta property=\"og:image:width\" content=\"1280\" \/>\n\t<meta property=\"og:image:height\" content=\"1280\" \/>\n\t<meta property=\"og:image:type\" content=\"image\/webp\" \/>\n<meta name=\"twitter:card\" content=\"summary_large_image\" \/>\n<meta name=\"twitter:label1\" content=\"Est. reading time\" \/>\n\t<meta name=\"twitter:data1\" content=\"4 minutos\" \/>\n<script type=\"application\/ld+json\" class=\"yoast-schema-graph\">{\"@context\":\"https:\/\/schema.org\",\"@graph\":[{\"@type\":\"WebPage\",\"@id\":\"https:\/\/mivoot.com\/gt\/producto\/estabilizador-osmo-mobile-7p-dji\/\",\"url\":\"https:\/\/mivoot.com\/gt\/producto\/estabilizador-osmo-mobile-7p-dji\/\",\"name\":\"Estabilizador Osmo Mobile 7P DJI - Mivoot\",\"isPartOf\":{\"@id\":\"https:\/\/mivoot.com\/gt\/#website\"},\"primaryImageOfPage\":{\"@id\":\"https:\/\/mivoot.com\/gt\/producto\/estabilizador-osmo-mobile-7p-dji\/#primaryimage\"},\"image\":{\"@id\":\"https:\/\/mivoot.com\/gt\/producto\/estabilizador-osmo-mobile-7p-dji\/#primaryimage\"},\"thumbnailUrl\":\"https:\/\/mivoot.com\/gt\/wp-content\/uploads\/2025\/05\/omo-7p-03.webp\",\"datePublished\":\"2025-05-09T22:59:05+00:00\",\"dateModified\":\"2025-05-09T23:11:36+00:00\",\"breadcrumb\":{\"@id\":\"https:\/\/mivoot.com\/gt\/producto\/estabilizador-osmo-mobile-7p-dji\/#breadcrumb\"},\"inLanguage\":\"es\",\"potentialAction\":[{\"@type\":\"ReadAction\",\"target\":[\"https:\/\/mivoot.com\/gt\/producto\/estabilizador-osmo-mobile-7p-dji\/\"]}]},{\"@type\":\"ImageObject\",\"inLanguage\":\"es\",\"@id\":\"https:\/\/mivoot.com\/gt\/producto\/estabilizador-osmo-mobile-7p-dji\/#primaryimage\",\"url\":\"https:\/\/mivoot.com\/gt\/wp-content\/uploads\/2025\/05\/omo-7p-03.webp\",\"contentUrl\":\"https:\/\/mivoot.com\/gt\/wp-content\/uploads\/2025\/05\/omo-7p-03.webp\",\"width\":1280,\"height\":1280},{\"@type\":\"BreadcrumbList\",\"@id\":\"https:\/\/mivoot.com\/gt\/producto\/estabilizador-osmo-mobile-7p-dji\/#breadcrumb\",\"itemListElement\":[{\"@type\":\"ListItem\",\"position\":1,\"name\":\"Inicio\",\"item\":\"https:\/\/mivoot.com\/gt\/\"},{\"@type\":\"ListItem\",\"position\":2,\"name\":\"Productos\",\"item\":\"https:\/\/mivoot.com\/gt\/producto\/\"},{\"@type\":\"ListItem\",\"position\":3,\"name\":\"DJI\",\"item\":\"https:\/\/mivoot.com\/gt\/marca\/dji\/\"},{\"@type\":\"ListItem\",\"position\":4,\"name\":\"Estabilizador Osmo Mobile 7P DJI\"}]},{\"@type\":\"WebSite\",\"@id\":\"https:\/\/mivoot.com\/gt\/#website\",\"url\":\"https:\/\/mivoot.com\/gt\/\",\"name\":\"Mivoot\",\"description\":\"Mivoot Guatemala | Tienda Online\",\"publisher\":{\"@id\":\"https:\/\/mivoot.com\/gt\/#organization\"},\"alternateName\":\"mivoot\",\"potentialAction\":[{\"@type\":\"SearchAction\",\"target\":{\"@type\":\"EntryPoint\",\"urlTemplate\":\"https:\/\/mivoot.com\/gt\/?s={search_term_string}\"},\"query-input\":{\"@type\":\"PropertyValueSpecification\",\"valueRequired\":true,\"valueName\":\"search_term_string\"}}],\"inLanguage\":\"es\"},{\"@type\":\"Organization\",\"@id\":\"https:\/\/mivoot.com\/gt\/#organization\",\"name\":\"Mivoot Guatemala\",\"alternateName\":\"mivoot.com\",\"url\":\"https:\/\/mivoot.com\/gt\/\",\"logo\":{\"@type\":\"ImageObject\",\"inLanguage\":\"es\",\"@id\":\"https:\/\/mivoot.com\/gt\/#\/schema\/logo\/image\/\",\"url\":\"https:\/\/mivoot.com\/gt\/wp-content\/uploads\/2023\/03\/cropped-icon.png\",\"contentUrl\":\"https:\/\/mivoot.com\/gt\/wp-content\/uploads\/2023\/03\/cropped-icon.png\",\"width\":512,\"height\":512,\"caption\":\"Mivoot Guatemala\"},\"image\":{\"@id\":\"https:\/\/mivoot.com\/gt\/#\/schema\/logo\/image\/\"},\"sameAs\":[\"https:\/\/www.facebook.com\/mivootgt\",\"https:\/\/instagram.com\/mivoot\"]}]}<\/script>\n<!-- \/ Yoast SEO Premium plugin. -->","yoast_head_json":{"title":"Estabilizador Osmo Mobile 7P DJI - Mivoot","robots":{"index":"index","follow":"follow","max-snippet":"max-snippet:-1","max-image-preview":"max-image-preview:large","max-video-preview":"max-video-preview:-1"},"canonical":"https:\/\/mivoot.com\/gt\/producto\/estabilizador-osmo-mobile-7p-dji\/","og_locale":"es_ES","og_type":"article","og_title":"Estabilizador Osmo Mobile 7P DJI","og_description":"- Seguimiento nativo con capacidades de audio e iluminaci\u00f3n integradas - Robusta estabilizaci\u00f3n en 3 ejes - Sencillos tutoriales y Edici\u00f3n en un toque - Se pliega y se inicia r\u00e1pidamente - Brazo extensible y tr\u00edpode integrados - 10 horas de bater\u00eda y carga del tel\u00e9fono","og_url":"https:\/\/mivoot.com\/gt\/producto\/estabilizador-osmo-mobile-7p-dji\/","og_site_name":"Mivoot","article_publisher":"https:\/\/www.facebook.com\/mivootgt","article_modified_time":"2025-05-09T23:11:36+00:00","og_image":[{"width":1280,"height":1280,"url":"https:\/\/mivoot.com\/gt\/wp-content\/uploads\/2025\/05\/omo-7p-03.webp","type":"image\/webp"}],"twitter_card":"summary_large_image","twitter_misc":{"Est. reading time":"4 minutos"},"schema":{"@context":"https:\/\/schema.org","@graph":[{"@type":"WebPage","@id":"https:\/\/mivoot.com\/gt\/producto\/estabilizador-osmo-mobile-7p-dji\/","url":"https:\/\/mivoot.com\/gt\/producto\/estabilizador-osmo-mobile-7p-dji\/","name":"Estabilizador Osmo Mobile 7P DJI - Mivoot","isPartOf":{"@id":"https:\/\/mivoot.com\/gt\/#website"},"primaryImageOfPage":{"@id":"https:\/\/mivoot.com\/gt\/producto\/estabilizador-osmo-mobile-7p-dji\/#primaryimage"},"image":{"@id":"https:\/\/mivoot.com\/gt\/producto\/estabilizador-osmo-mobile-7p-dji\/#primaryimage"},"thumbnailUrl":"https:\/\/mivoot.com\/gt\/wp-content\/uploads\/2025\/05\/omo-7p-03.webp","datePublished":"2025-05-09T22:59:05+00:00","dateModified":"2025-05-09T23:11:36+00:00","breadcrumb":{"@id":"https:\/\/mivoot.com\/gt\/producto\/estabilizador-osmo-mobile-7p-dji\/#breadcrumb"},"inLanguage":"es","potentialAction":[{"@type":"ReadAction","target":["https:\/\/mivoot.com\/gt\/producto\/estabilizador-osmo-mobile-7p-dji\/"]}]},{"@type":"ImageObject","inLanguage":"es","@id":"https:\/\/mivoot.com\/gt\/producto\/estabilizador-osmo-mobile-7p-dji\/#primaryimage","url":"https:\/\/mivoot.com\/gt\/wp-content\/uploads\/2025\/05\/omo-7p-03.webp","contentUrl":"https:\/\/mivoot.com\/gt\/wp-content\/uploads\/2025\/05\/omo-7p-03.webp","width":1280,"height":1280},{"@type":"BreadcrumbList","@id":"https:\/\/mivoot.com\/gt\/producto\/estabilizador-osmo-mobile-7p-dji\/#breadcrumb","itemListElement":[{"@type":"ListItem","position":1,"name":"Inicio","item":"https:\/\/mivoot.com\/gt\/"},{"@type":"ListItem","position":2,"name":"Productos","item":"https:\/\/mivoot.com\/gt\/producto\/"},{"@type":"ListItem","position":3,"name":"DJI","item":"https:\/\/mivoot.com\/gt\/marca\/dji\/"},{"@type":"ListItem","position":4,"name":"Estabilizador Osmo Mobile 7P DJI"}]},{"@type":"WebSite","@id":"https:\/\/mivoot.com\/gt\/#website","url":"https:\/\/mivoot.com\/gt\/","name":"Mivoot","description":"Mivoot Guatemala | Tienda Online","publisher":{"@id":"https:\/\/mivoot.com\/gt\/#organization"},"alternateName":"mivoot","potentialAction":[{"@type":"SearchAction","target":{"@type":"EntryPoint","urlTemplate":"https:\/\/mivoot.com\/gt\/?s={search_term_string}"},"query-input":{"@type":"PropertyValueSpecification","valueRequired":true,"valueName":"search_term_string"}}],"inLanguage":"es"},{"@type":"Organization","@id":"https:\/\/mivoot.com\/gt\/#organization","name":"Mivoot Guatemala","alternateName":"mivoot.com","url":"https:\/\/mivoot.com\/gt\/","logo":{"@type":"ImageObject","inLanguage":"es","@id":"https:\/\/mivoot.com\/gt\/#\/schema\/logo\/image\/","url":"https:\/\/mivoot.com\/gt\/wp-content\/uploads\/2023\/03\/cropped-icon.png","contentUrl":"https:\/\/mivoot.com\/gt\/wp-content\/uploads\/2023\/03\/cropped-icon.png","width":512,"height":512,"caption":"Mivoot Guatemala"},"image":{"@id":"https:\/\/mivoot.com\/gt\/#\/schema\/logo\/image\/"},"sameAs":["https:\/\/www.facebook.com\/mivootgt","https:\/\/instagram.com\/mivoot"]}]}},"jetpack_publicize_connections":[],"jetpack_sharing_enabled":true,"brands":[{"id":476,"name":"DJI","slug":"dji"}],"_links":{"self":[{"href":"https:\/\/mivoot.com\/gt\/wp-json\/wp\/v2\/product\/28099","targetHints":{"allow":["GET"]}}],"collection":[{"href":"https:\/\/mivoot.com\/gt\/wp-json\/wp\/v2\/product"}],"about":[{"href":"https:\/\/mivoot.com\/gt\/wp-json\/wp\/v2\/types\/product"}],"replies":[{"embeddable":true,"href":"https:\/\/mivoot.com\/gt\/wp-json\/wp\/v2\/comments?post=28099"}],"version-history":[{"count":3,"href":"https:\/\/mivoot.com\/gt\/wp-json\/wp\/v2\/product\/28099\/revisions"}],"predecessor-version":[{"id":28108,"href":"https:\/\/mivoot.com\/gt\/wp-json\/wp\/v2\/product\/28099\/revisions\/28108"}],"wp:featuredmedia":[{"embeddable":true,"href":"https:\/\/mivoot.com\/gt\/wp-json\/wp\/v2\/media\/28103"}],"wp:attachment":[{"href":"https:\/\/mivoot.com\/gt\/wp-json\/wp\/v2\/media?parent=28099"}],"wp:term":[{"taxonomy":"pwb-brand","embeddable":true,"href":"https:\/\/mivoot.com\/gt\/wp-json\/wp\/v2\/pwb-brand?post=28099"},{"taxonomy":"product_brand","embeddable":true,"href":"https:\/\/mivoot.com\/gt\/wp-json\/wp\/v2\/product_brand?post=28099"},{"taxonomy":"product_cat","embeddable":true,"href":"https:\/\/mivoot.com\/gt\/wp-json\/wp\/v2\/product_cat?post=28099"},{"taxonomy":"product_tag","embeddable":true,"href":"https:\/\/mivoot.com\/gt\/wp-json\/wp\/v2\/product_tag?post=28099"}],"curies":[{"name":"wp","href":"https:\/\/api.w.org\/{rel}","templated":true}]}}