{"id":28122,"date":"2025-05-12T21:01:30","date_gmt":"2025-05-13T03:01:30","guid":{"rendered":"https:\/\/mivoot.com\/gt\/?post_type=product&#038;p=28122"},"modified":"2026-03-11T14:39:04","modified_gmt":"2026-03-11T20:39:04","slug":"impresora-de-etiquetas-tt-td-usb-bluetooth-te200-tsc","status":"publish","type":"product","link":"https:\/\/mivoot.com\/gt\/producto\/impresora-de-etiquetas-tt-td-usb-bluetooth-te200-tsc\/","title":{"rendered":"Impresora de Etiquetas TT TD USB Bluetooth TE200 TSC"},"content":{"rendered":"<div class=\"content\"><span style=\"font-size: 25.92px\">Serie TE de 4 pulgadas, Impresoras de escritorio de alto rendimiento<\/span><\/div>\n<div class=\"whole-product-header-bottom\">\n<div class=\"whole-product-header-bottom-left field_product_image\">\n<div class=\"product-body-description\">\n<div class=\"field field--name-body field--type-text-with-summary field--label-hidden field--item\">\n<p>Con cintas de n\u00facleo de una pulgada hasta 300 m, los modelos de la serie TE ofrecen un tama\u00f1o popular para satisfacer casi las necesidades de impresi\u00f3n de etiquetas de cualquier cliente.<\/p>\n<div class=\"whole-product-header-bottom\">\n<div class=\"whole-product-header-bottom-left field_product_image\">\n<div class=\"product-description\">\n<div class=\"field field--name-field-description field--type-text-long field--label-hidden field--item\">\n<p>El dise\u00f1o innovador de la Serie TE ofrece a nuestros revendedores nuevas oportunidades para satisfacer aplicaciones de mercado \u00fanicas. El mecanismo de impresi\u00f3n que normalmente reside dentro de la impresora se puede comprar por separado para aquellos que buscan integrar la capacidad de impresi\u00f3n de etiquetas personalizadas en sus propios dise\u00f1os fabricados. Las aplicaciones de este mecanismo de impresi\u00f3n \u00fanico pueden incluir el uso con aplicaciones de quiosco, aplicadores de etiquetas peque\u00f1as, impresi\u00f3n a pedido en dos colores e impresi\u00f3n a dos caras.<\/p>\n<\/div>\n<\/div>\n<\/div>\n<div class=\"whole-product-header-bottom-right field_product_image\">\n<div class=\"product-images\">\n<div class=\"slider field field--name-field-product-image field--type-image field--label-hidden field--items slick-initialized slick-slider\">\n<div class=\"slick-list draggable\">\n<div class=\"slick-track\">\n<div id=\"\" class=\"slick-slide slick-cloned\" data-slick-index=\"-1\" aria-hidden=\"true\">\n<div class=\"field--item\">\n<ul>\n<li>Trabajo en progreso<\/li>\n<li>Etiquetas de art\u00edculos<\/li>\n<li>Etiquetas de instrucciones<\/li>\n<li>Etiquetas de agencia<\/li>\n<li>Identificaci\u00f3n del paciente<\/li>\n<li>Farmacia<\/li>\n<li>Identificaci\u00f3n de la muestra<\/li>\n<li>Etiquetas de env\u00edo<\/li>\n<li>Recibir etiquetas<\/li>\n<li>Etiquetas de env\u00edo<\/li>\n<li>Etiquetas de carpeta de archivos<\/li>\n<li>Identificaci\u00f3n de producto<\/li>\n<li>Etiquetas de precio<\/li>\n<li>Etiquetas para estantes<\/li>\n<li>Etiquetas de joyer\u00eda<\/li>\n<\/ul>\n<p><img decoding=\"async\" src=\"https:\/\/aspimx.com\/wp-content\/uploads\/2024\/05\/8123g4LuEZL.webp\" \/><\/p>\n<p>La Serie TE puede imprimir una amplia variedad de etiquetas que van desde etiquetas de env\u00edo hasta etiquetas y r\u00f3tulos de identificaci\u00f3n de productos de cumplimiento y de uso general. Otras aplicaciones incluyen talleres de servicio de autom\u00f3viles, centros de env\u00edo y correo sin cita previa y control de inventario para almacenes.<\/p>\n<\/div>\n<\/div>\n<\/div>\n<\/div>\n<\/div>\n<\/div>\n<\/div>\n<\/div>\n<\/div>\n<\/div>\n<\/div>\n<\/div>\n<p><label for=\"n1281n\">Resoluci\u00f3n<\/label><\/p>\n<div class=\"right\">\n<div class=\"col4\">203 ppp (8 puntos \/ mm)<\/div>\n<div><label for=\"n1277n\">M\u00e9todo de Impresi\u00f3n<\/label><\/p>\n<div class=\"right\">\n<div class=\"col4\">Transferencia t\u00e9rmica \/ t\u00e9rmica directa<\/div>\n<div><label for=\"n1286n\">Pantalla<\/label><\/p>\n<div class=\"right\">\n<div class=\"col4\">LED con botones<\/div>\n<\/div>\n<div><label for=\"n1308n\">Conectividad Cableada<\/label><\/p>\n<div class=\"right\">\n<div class=\"col4\">USB<\/div>\n<div><label for=\"n1314n\">Conectividad Inal\u00e1mbrica<\/label><\/p>\n<div class=\"right\">\n<div class=\"col4\">Bluetooth<\/div>\n<div><label for=\"n1318n\">Gesti\u00f3n de Impresoras Empresariales<\/label><\/p>\n<div class=\"right\">\n<div class=\"col4\">Consola TSC<\/div>\n<div><label for=\"n1321n\">Tipo<\/label><\/p>\n<div class=\"right\">\n<div class=\"col4\">Escritorio<\/div>\n<div><label for=\"n1327n\">Max. Velocidad de Impresi\u00f3n<\/label><\/p>\n<div class=\"right\">\n<div class=\"col4\">Hasta 6 ips (152 mm \/ s)<\/div>\n<div><label for=\"n1328n\">Max. Ancho de Impresi\u00f3n<\/label><\/p>\n<div class=\"right\">\n<div class=\"col4\">4,25 &#8220;(108 mm)<\/div>\n<div><label for=\"n1329n\">Max. Longitud de impresi\u00f3n<\/label><\/p>\n<div class=\"right\">\n<div class=\"col4\">110 &#8220;(2,794 mm)<\/div>\n<div><label for=\"n1330n\">RAM<\/label><\/p>\n<div class=\"right\">\n<div class=\"col4\">SDRAM de 16 MB<\/div>\n<div><label for=\"n1331n\">Destello<\/label><\/p>\n<div class=\"right\">\n<div class=\"col4\">8 MB<\/div>\n<\/div>\n<\/div>\n<\/div>\n<\/div>\n<\/div>\n<\/div>\n<\/div>\n<\/div>\n<\/div>\n<\/div>\n<\/div>\n<\/div>\n<\/div>\n<\/div>\n<\/div>\n<\/div>\n<\/div>\n<\/div>\n<\/div>\n<\/div>\n<\/div>\n<\/div>\n<div><\/div>\n<div><\/div>\n<div><\/div>\n<div><\/div>\n<div><\/div>\n<div><\/div>\n<div><img decoding=\"async\" class=\"aligncenter\" src=\"https:\/\/aspimx.com\/wp-content\/uploads\/2024\/05\/TSC-TE210-203DPI-1.webp\" \/><\/div>\n<div><\/div>\n<div><\/div>\n<div><\/div>\n<div><\/div>\n<div><\/div>\n<div><\/div>\n<div class=\"right\">\n<div>\n<div class=\"right\">\n<div>\n<div>\n<div class=\"right\">\n<div>\n<div class=\"right\">\n<div>\n<div class=\"right\">\n<div>\n<div class=\"right\">\n<div>\n<div class=\"right\">\n<div>\n<div class=\"right\">\n<div>\n<div class=\"right\">\n<div>\n<div class=\"right\">\n<div>\n<div class=\"right\">\n<div><\/div>\n<\/div>\n<\/div>\n<\/div>\n<\/div>\n<\/div>\n<\/div>\n<\/div>\n<\/div>\n<\/div>\n<\/div>\n<\/div>\n<\/div>\n<\/div>\n<\/div>\n<\/div>\n<\/div>\n<\/div>\n<\/div>\n<\/div>\n<\/div>\n<\/div>\n<\/div>\n","protected":false},"excerpt":{"rendered":"<p>&#8211; Resoluci\u00f3n 203 ppp (8 puntos \/ mm)<br \/>\n&#8211; M\u00e9todo de Impresi\u00f3n Transferencia t\u00e9rmica \/ t\u00e9rmica directa<br \/>\n&#8211; Pantalla LED con botones<br \/>\n&#8211; Conectividad Cableada USB<br \/>\n&#8211; Conectividad Inal\u00e1mbrica Bluetooth<br \/>\n&#8211; Gesti\u00f3n de Impresoras Empresariales Consola TSC<br \/>\n&#8211; Tipo Escritorio<br \/>\n&#8211; Max. Velocidad de Impresi\u00f3n Hasta 6 ips (152 mm \/ s)<br \/>\n&#8211; Max. Ancho de Impresi\u00f3n 4,25 &#8220;(108 mm)<br \/>\n&#8211; Max. Longitud de impresi\u00f3n 110 &#8220;(2,794 mm)<\/p>\n","protected":false},"featured_media":28123,"comment_status":"open","ping_status":"closed","template":"","meta":{"jetpack_publicize_message":"","jetpack_publicize_feature_enabled":true,"jetpack_social_post_already_shared":true,"jetpack_social_options":{"image_generator_settings":{"template":"highway","default_image_id":0,"font":"","enabled":false},"version":2}},"pwb-brand":[625],"product_brand":[],"product_cat":[174,305],"product_tag":[],"class_list":{"0":"post-28122","1":"product","2":"type-product","3":"status-publish","4":"has-post-thumbnail","6":"pwb-brand-tsc","7":"product_cat-imptermica","8":"product_cat-impresoratermicarecibos","10":"first","11":"instock","12":"sale","13":"taxable","14":"shipping-taxable","15":"purchasable","16":"product-type-simple"},"yoast_head":"<!-- This site is optimized with the Yoast SEO Premium plugin v25.7.1 (Yoast SEO v26.8) - https:\/\/yoast.com\/product\/yoast-seo-premium-wordpress\/ -->\n<title>Impresora de Etiquetas TT TD USB Bluetooth TE200 TSC - Mivoot<\/title>\n<meta name=\"robots\" content=\"index, follow, max-snippet:-1, max-image-preview:large, max-video-preview:-1\" \/>\n<link rel=\"canonical\" href=\"https:\/\/mivoot.com\/gt\/producto\/impresora-de-etiquetas-tt-td-usb-bluetooth-te200-tsc\/\" \/>\n<meta property=\"og:locale\" content=\"es_ES\" \/>\n<meta property=\"og:type\" content=\"article\" \/>\n<meta property=\"og:title\" content=\"Impresora de Etiquetas TT TD USB Bluetooth TE200 TSC\" \/>\n<meta property=\"og:description\" content=\"- Resoluci\u00f3n 203 ppp (8 puntos \/ mm) - M\u00e9todo de Impresi\u00f3n Transferencia t\u00e9rmica \/ t\u00e9rmica directa - Pantalla LED con botones - Conectividad Cableada USB - Conectividad Inal\u00e1mbrica Bluetooth - Gesti\u00f3n de Impresoras Empresariales Consola TSC - Tipo Escritorio - Max. Velocidad de Impresi\u00f3n Hasta 6 ips (152 mm \/ s) - Max. Ancho de Impresi\u00f3n 4,25 &quot;(108 mm) - Max. Longitud de impresi\u00f3n 110 &quot;(2,794 mm)\" \/>\n<meta property=\"og:url\" content=\"https:\/\/mivoot.com\/gt\/producto\/impresora-de-etiquetas-tt-td-usb-bluetooth-te200-tsc\/\" \/>\n<meta property=\"og:site_name\" content=\"Mivoot\" \/>\n<meta property=\"article:publisher\" content=\"https:\/\/www.facebook.com\/mivootgt\" \/>\n<meta property=\"article:modified_time\" content=\"2026-03-11T20:39:04+00:00\" \/>\n<meta property=\"og:image\" content=\"https:\/\/mivoot.com\/gt\/wp-content\/uploads\/2025\/05\/TE200-00.png\" \/>\n\t<meta property=\"og:image:width\" content=\"500\" \/>\n\t<meta property=\"og:image:height\" content=\"500\" \/>\n\t<meta property=\"og:image:type\" content=\"image\/png\" \/>\n<meta name=\"twitter:card\" content=\"summary_large_image\" \/>\n<meta name=\"twitter:label1\" content=\"Est. reading time\" \/>\n\t<meta name=\"twitter:data1\" content=\"2 minutos\" \/>\n<script type=\"application\/ld+json\" class=\"yoast-schema-graph\">{\"@context\":\"https:\/\/schema.org\",\"@graph\":[{\"@type\":\"WebPage\",\"@id\":\"https:\/\/mivoot.com\/gt\/producto\/impresora-de-etiquetas-tt-td-usb-bluetooth-te200-tsc\/\",\"url\":\"https:\/\/mivoot.com\/gt\/producto\/impresora-de-etiquetas-tt-td-usb-bluetooth-te200-tsc\/\",\"name\":\"Impresora de Etiquetas TT TD USB Bluetooth TE200 TSC - Mivoot\",\"isPartOf\":{\"@id\":\"https:\/\/mivoot.com\/gt\/#website\"},\"primaryImageOfPage\":{\"@id\":\"https:\/\/mivoot.com\/gt\/producto\/impresora-de-etiquetas-tt-td-usb-bluetooth-te200-tsc\/#primaryimage\"},\"image\":{\"@id\":\"https:\/\/mivoot.com\/gt\/producto\/impresora-de-etiquetas-tt-td-usb-bluetooth-te200-tsc\/#primaryimage\"},\"thumbnailUrl\":\"https:\/\/mivoot.com\/gt\/wp-content\/uploads\/2025\/05\/TE200-00.png\",\"datePublished\":\"2025-05-13T03:01:30+00:00\",\"dateModified\":\"2026-03-11T20:39:04+00:00\",\"breadcrumb\":{\"@id\":\"https:\/\/mivoot.com\/gt\/producto\/impresora-de-etiquetas-tt-td-usb-bluetooth-te200-tsc\/#breadcrumb\"},\"inLanguage\":\"es\",\"potentialAction\":[{\"@type\":\"ReadAction\",\"target\":[\"https:\/\/mivoot.com\/gt\/producto\/impresora-de-etiquetas-tt-td-usb-bluetooth-te200-tsc\/\"]}]},{\"@type\":\"ImageObject\",\"inLanguage\":\"es\",\"@id\":\"https:\/\/mivoot.com\/gt\/producto\/impresora-de-etiquetas-tt-td-usb-bluetooth-te200-tsc\/#primaryimage\",\"url\":\"https:\/\/mivoot.com\/gt\/wp-content\/uploads\/2025\/05\/TE200-00.png\",\"contentUrl\":\"https:\/\/mivoot.com\/gt\/wp-content\/uploads\/2025\/05\/TE200-00.png\",\"width\":500,\"height\":500},{\"@type\":\"BreadcrumbList\",\"@id\":\"https:\/\/mivoot.com\/gt\/producto\/impresora-de-etiquetas-tt-td-usb-bluetooth-te200-tsc\/#breadcrumb\",\"itemListElement\":[{\"@type\":\"ListItem\",\"position\":1,\"name\":\"Inicio\",\"item\":\"https:\/\/mivoot.com\/gt\/\"},{\"@type\":\"ListItem\",\"position\":2,\"name\":\"Productos\",\"item\":\"https:\/\/mivoot.com\/gt\/producto\/\"},{\"@type\":\"ListItem\",\"position\":3,\"name\":\"TSC\",\"item\":\"https:\/\/mivoot.com\/gt\/marca\/tsc\/\"},{\"@type\":\"ListItem\",\"position\":4,\"name\":\"Impresora de Etiquetas TT TD USB Bluetooth TE200 TSC\"}]},{\"@type\":\"WebSite\",\"@id\":\"https:\/\/mivoot.com\/gt\/#website\",\"url\":\"https:\/\/mivoot.com\/gt\/\",\"name\":\"Mivoot\",\"description\":\"Mivoot Guatemala | Tienda Online\",\"publisher\":{\"@id\":\"https:\/\/mivoot.com\/gt\/#organization\"},\"alternateName\":\"mivoot\",\"potentialAction\":[{\"@type\":\"SearchAction\",\"target\":{\"@type\":\"EntryPoint\",\"urlTemplate\":\"https:\/\/mivoot.com\/gt\/?s={search_term_string}\"},\"query-input\":{\"@type\":\"PropertyValueSpecification\",\"valueRequired\":true,\"valueName\":\"search_term_string\"}}],\"inLanguage\":\"es\"},{\"@type\":\"Organization\",\"@id\":\"https:\/\/mivoot.com\/gt\/#organization\",\"name\":\"Mivoot Guatemala\",\"alternateName\":\"mivoot.com\",\"url\":\"https:\/\/mivoot.com\/gt\/\",\"logo\":{\"@type\":\"ImageObject\",\"inLanguage\":\"es\",\"@id\":\"https:\/\/mivoot.com\/gt\/#\/schema\/logo\/image\/\",\"url\":\"https:\/\/mivoot.com\/gt\/wp-content\/uploads\/2023\/03\/cropped-icon.png\",\"contentUrl\":\"https:\/\/mivoot.com\/gt\/wp-content\/uploads\/2023\/03\/cropped-icon.png\",\"width\":512,\"height\":512,\"caption\":\"Mivoot Guatemala\"},\"image\":{\"@id\":\"https:\/\/mivoot.com\/gt\/#\/schema\/logo\/image\/\"},\"sameAs\":[\"https:\/\/www.facebook.com\/mivootgt\",\"https:\/\/instagram.com\/mivoot\"]}]}<\/script>\n<!-- \/ Yoast SEO Premium plugin. -->","yoast_head_json":{"title":"Impresora de Etiquetas TT TD USB Bluetooth TE200 TSC - Mivoot","robots":{"index":"index","follow":"follow","max-snippet":"max-snippet:-1","max-image-preview":"max-image-preview:large","max-video-preview":"max-video-preview:-1"},"canonical":"https:\/\/mivoot.com\/gt\/producto\/impresora-de-etiquetas-tt-td-usb-bluetooth-te200-tsc\/","og_locale":"es_ES","og_type":"article","og_title":"Impresora de Etiquetas TT TD USB Bluetooth TE200 TSC","og_description":"- Resoluci\u00f3n 203 ppp (8 puntos \/ mm) - M\u00e9todo de Impresi\u00f3n Transferencia t\u00e9rmica \/ t\u00e9rmica directa - Pantalla LED con botones - Conectividad Cableada USB - Conectividad Inal\u00e1mbrica Bluetooth - Gesti\u00f3n de Impresoras Empresariales Consola TSC - Tipo Escritorio - Max. Velocidad de Impresi\u00f3n Hasta 6 ips (152 mm \/ s) - Max. Ancho de Impresi\u00f3n 4,25 \"(108 mm) - Max. Longitud de impresi\u00f3n 110 \"(2,794 mm)","og_url":"https:\/\/mivoot.com\/gt\/producto\/impresora-de-etiquetas-tt-td-usb-bluetooth-te200-tsc\/","og_site_name":"Mivoot","article_publisher":"https:\/\/www.facebook.com\/mivootgt","article_modified_time":"2026-03-11T20:39:04+00:00","og_image":[{"width":500,"height":500,"url":"https:\/\/mivoot.com\/gt\/wp-content\/uploads\/2025\/05\/TE200-00.png","type":"image\/png"}],"twitter_card":"summary_large_image","twitter_misc":{"Est. reading time":"2 minutos"},"schema":{"@context":"https:\/\/schema.org","@graph":[{"@type":"WebPage","@id":"https:\/\/mivoot.com\/gt\/producto\/impresora-de-etiquetas-tt-td-usb-bluetooth-te200-tsc\/","url":"https:\/\/mivoot.com\/gt\/producto\/impresora-de-etiquetas-tt-td-usb-bluetooth-te200-tsc\/","name":"Impresora de Etiquetas TT TD USB Bluetooth TE200 TSC - Mivoot","isPartOf":{"@id":"https:\/\/mivoot.com\/gt\/#website"},"primaryImageOfPage":{"@id":"https:\/\/mivoot.com\/gt\/producto\/impresora-de-etiquetas-tt-td-usb-bluetooth-te200-tsc\/#primaryimage"},"image":{"@id":"https:\/\/mivoot.com\/gt\/producto\/impresora-de-etiquetas-tt-td-usb-bluetooth-te200-tsc\/#primaryimage"},"thumbnailUrl":"https:\/\/mivoot.com\/gt\/wp-content\/uploads\/2025\/05\/TE200-00.png","datePublished":"2025-05-13T03:01:30+00:00","dateModified":"2026-03-11T20:39:04+00:00","breadcrumb":{"@id":"https:\/\/mivoot.com\/gt\/producto\/impresora-de-etiquetas-tt-td-usb-bluetooth-te200-tsc\/#breadcrumb"},"inLanguage":"es","potentialAction":[{"@type":"ReadAction","target":["https:\/\/mivoot.com\/gt\/producto\/impresora-de-etiquetas-tt-td-usb-bluetooth-te200-tsc\/"]}]},{"@type":"ImageObject","inLanguage":"es","@id":"https:\/\/mivoot.com\/gt\/producto\/impresora-de-etiquetas-tt-td-usb-bluetooth-te200-tsc\/#primaryimage","url":"https:\/\/mivoot.com\/gt\/wp-content\/uploads\/2025\/05\/TE200-00.png","contentUrl":"https:\/\/mivoot.com\/gt\/wp-content\/uploads\/2025\/05\/TE200-00.png","width":500,"height":500},{"@type":"BreadcrumbList","@id":"https:\/\/mivoot.com\/gt\/producto\/impresora-de-etiquetas-tt-td-usb-bluetooth-te200-tsc\/#breadcrumb","itemListElement":[{"@type":"ListItem","position":1,"name":"Inicio","item":"https:\/\/mivoot.com\/gt\/"},{"@type":"ListItem","position":2,"name":"Productos","item":"https:\/\/mivoot.com\/gt\/producto\/"},{"@type":"ListItem","position":3,"name":"TSC","item":"https:\/\/mivoot.com\/gt\/marca\/tsc\/"},{"@type":"ListItem","position":4,"name":"Impresora de Etiquetas TT TD USB Bluetooth TE200 TSC"}]},{"@type":"WebSite","@id":"https:\/\/mivoot.com\/gt\/#website","url":"https:\/\/mivoot.com\/gt\/","name":"Mivoot","description":"Mivoot Guatemala | Tienda Online","publisher":{"@id":"https:\/\/mivoot.com\/gt\/#organization"},"alternateName":"mivoot","potentialAction":[{"@type":"SearchAction","target":{"@type":"EntryPoint","urlTemplate":"https:\/\/mivoot.com\/gt\/?s={search_term_string}"},"query-input":{"@type":"PropertyValueSpecification","valueRequired":true,"valueName":"search_term_string"}}],"inLanguage":"es"},{"@type":"Organization","@id":"https:\/\/mivoot.com\/gt\/#organization","name":"Mivoot Guatemala","alternateName":"mivoot.com","url":"https:\/\/mivoot.com\/gt\/","logo":{"@type":"ImageObject","inLanguage":"es","@id":"https:\/\/mivoot.com\/gt\/#\/schema\/logo\/image\/","url":"https:\/\/mivoot.com\/gt\/wp-content\/uploads\/2023\/03\/cropped-icon.png","contentUrl":"https:\/\/mivoot.com\/gt\/wp-content\/uploads\/2023\/03\/cropped-icon.png","width":512,"height":512,"caption":"Mivoot Guatemala"},"image":{"@id":"https:\/\/mivoot.com\/gt\/#\/schema\/logo\/image\/"},"sameAs":["https:\/\/www.facebook.com\/mivootgt","https:\/\/instagram.com\/mivoot"]}]}},"jetpack_publicize_connections":[],"jetpack_sharing_enabled":true,"brands":[{"id":625,"name":"TSC","slug":"tsc"}],"_links":{"self":[{"href":"https:\/\/mivoot.com\/gt\/wp-json\/wp\/v2\/product\/28122","targetHints":{"allow":["GET"]}}],"collection":[{"href":"https:\/\/mivoot.com\/gt\/wp-json\/wp\/v2\/product"}],"about":[{"href":"https:\/\/mivoot.com\/gt\/wp-json\/wp\/v2\/types\/product"}],"replies":[{"embeddable":true,"href":"https:\/\/mivoot.com\/gt\/wp-json\/wp\/v2\/comments?post=28122"}],"version-history":[{"count":2,"href":"https:\/\/mivoot.com\/gt\/wp-json\/wp\/v2\/product\/28122\/revisions"}],"predecessor-version":[{"id":32574,"href":"https:\/\/mivoot.com\/gt\/wp-json\/wp\/v2\/product\/28122\/revisions\/32574"}],"wp:featuredmedia":[{"embeddable":true,"href":"https:\/\/mivoot.com\/gt\/wp-json\/wp\/v2\/media\/28123"}],"wp:attachment":[{"href":"https:\/\/mivoot.com\/gt\/wp-json\/wp\/v2\/media?parent=28122"}],"wp:term":[{"taxonomy":"pwb-brand","embeddable":true,"href":"https:\/\/mivoot.com\/gt\/wp-json\/wp\/v2\/pwb-brand?post=28122"},{"taxonomy":"product_brand","embeddable":true,"href":"https:\/\/mivoot.com\/gt\/wp-json\/wp\/v2\/product_brand?post=28122"},{"taxonomy":"product_cat","embeddable":true,"href":"https:\/\/mivoot.com\/gt\/wp-json\/wp\/v2\/product_cat?post=28122"},{"taxonomy":"product_tag","embeddable":true,"href":"https:\/\/mivoot.com\/gt\/wp-json\/wp\/v2\/product_tag?post=28122"}],"curies":[{"name":"wp","href":"https:\/\/api.w.org\/{rel}","templated":true}]}}