{"id":28165,"date":"2025-05-14T11:21:16","date_gmt":"2025-05-14T17:21:16","guid":{"rendered":"https:\/\/mivoot.com\/gt\/?post_type=product&#038;p=28165"},"modified":"2025-05-14T11:33:54","modified_gmt":"2025-05-14T17:33:54","slug":"video-portero-hd-analogo-de-4-cables-kis212-hikvision","status":"publish","type":"product","link":"https:\/\/mivoot.com\/gt\/producto\/video-portero-hd-analogo-de-4-cables-kis212-hikvision\/","title":{"rendered":"Video Portero HD Analogo de 4 Cables KIS212 Hikvision"},"content":{"rendered":"<h1 style=\"text-align: center;\">Video Portero HD Analogo de 4 Cables KIS212 Hikvision<\/h1>\n<h4><strong>Par\u00e1metros de la Estaci\u00f3n de Puerta para Video<\/strong><\/h4>\n<ul>\n<li>Luz Suplementaria: Luz infrarroja, hasta 3 m<\/li>\n<li>Resoluci\u00f3n: Resoluci\u00f3n de transmisi\u00f3n: 1280 * 720@60fps<\/li>\n<li>FOV: Horizontal: 130\u00b0, Vertical: 70\u00b0<\/li>\n<\/ul>\n<h4><strong>Audio de la Estaci\u00f3n de Puerta<\/strong><\/h4>\n<ul>\n<li>Entrada de Audio: Micr\u00f3fono omnidireccional incorporado<\/li>\n<li>Salida de Audio: Altavoz incorporado<\/li>\n<\/ul>\n<h4><strong>Interfaces de Dispositivos de la Estaci\u00f3n de Puerta<\/strong><\/h4>\n<ul>\n<li>Control de Cerradura: 1 rel\u00e9, m\u00e1ximo 30V 1 A<\/li>\n<li>Puerto de Depuraci\u00f3n: 1<\/li>\n<li>Cuatro Hilos: 1 interfaz de cuatro hilos<\/li>\n<\/ul>\n<h4><strong>Caracter\u00edsticas Generales de la Estaci\u00f3n de Puerta<\/strong><\/h4>\n<ul>\n<li>Bot\u00f3n: 1 bot\u00f3n f\u00edsico<\/li>\n<li>Indicador: \/<\/li>\n<li>Fuente de Alimentaci\u00f3n: 12 VCC<\/li>\n<li>Consumo de Energ\u00eda: M\u00e1x. 4W<\/li>\n<li>Temperatura de Trabajo: -30\u00b0C a +60\u00b0C<\/li>\n<li>Humedad de Trabajo: 10% a 90%<\/li>\n<li>Dimensiones: 136mm x 51mm x 20mm<\/li>\n<li>Ambiente de Aplicaci\u00f3n: Interior<\/li>\n<li>Instalaci\u00f3n: Montaje en Superficie<\/li>\n<li>Nivel de Protecci\u00f3n: \/<\/li>\n<li>Material: Pl\u00e1stico<\/li>\n<\/ul>\n<h4><strong>Visualizaci\u00f3n de la Estaci\u00f3n Interior<\/strong><\/h4>\n<ul>\n<li>M\u00e9todo de Operaci\u00f3n: Bot\u00f3n F\u00edsico<\/li>\n<li>Tipo: TFT a Color de 7 pulgadas<\/li>\n<li>Resoluci\u00f3n: 1024 x 600<\/li>\n<\/ul>\n<h4><strong>Par\u00e1metros de Audio de la Estaci\u00f3n Interior<\/strong><\/h4>\n<ul>\n<li>Entrada de Audio: Micr\u00f3fono omnidireccional incorporado<\/li>\n<li>Salida de Audio: Altavoz incorporado<\/li>\n<\/ul>\n<h4><strong>Capacidad de la Estaci\u00f3n Interior<\/strong><\/h4>\n<ul>\n<li>Capacidad de Extensiones Interiores Vinculadas: 2<\/li>\n<li>Capacidad de Tel\u00e9fonos de Puerta Vinculados: 2<\/li>\n<li>C\u00e1mara An\u00e1loga Vinculada: 1<\/li>\n<\/ul>\n<h4><strong>Interfaces de Dispositivos de la Estaci\u00f3n Interior<\/strong><\/h4>\n<ul>\n<li>Entrada de Alimentaci\u00f3n: 12V CC<\/li>\n<li>Puerto de Depuraci\u00f3n: 1<\/li>\n<li>Interfaz de Cuatro Hilos: 4, 2 para extensiones interiores, 2 para tel\u00e9fonos de puerta<\/li>\n<li>Interruptor DIP: 1 Bit<\/li>\n<li>BNC: 1<\/li>\n<\/ul>\n<h4><strong>Caracter\u00edsticas Generales de la Estaci\u00f3n Interior<\/strong><\/h4>\n<ul>\n<li>Bot\u00f3n: 4 botones f\u00edsicos<\/li>\n<li>Fuente de Alimentaci\u00f3n: 12 VCC<\/li>\n<li>Consumo de Energ\u00eda: \u22645 W<\/li>\n<li>Temperatura de Trabajo: -10\u00b0C a +55\u00b0C (14\u00b0F a 131\u00b0F)<\/li>\n<li>Humedad de Trabajo: 10% a 90%<\/li>\n<li>Dimensiones (Ancho \u00d7 Alto \u00d7 Profundidad): 178mm x 132mm x 19mm<\/li>\n<li>Instalaci\u00f3n: Montaje en Superficie<\/li>\n<li>Ambiente de Aplicaci\u00f3n: Interior<\/li>\n<li>Nivel de Protecci\u00f3n: \/<\/li>\n<\/ul>\n<p><strong>KIT INCLUYE:<\/strong><\/p>\n<p>\u2013 1 Botonera para 1 vivienda<br \/>\n\u2013 1 pantalla a color de 7\u2033 resoluci\u00f3n: 1024 x 600<br \/>\n\u2013 Accesorios para montaje<br \/>\n\u2013 1 Fuente de alimentaci\u00f3n<\/p>\n","protected":false},"excerpt":{"rendered":"<p>&#8211; Calidad de v\u00eddeo HD TVI<br \/>\n&#8211; Plug &#038; Play<br \/>\n&#8211; Una pulsaci\u00f3n para llamar<br \/>\n&#8211; Una pulsaci\u00f3n para desbloquear la puerta<br \/>\n&#8211; M\u00e1ximo 2 estaciones de puerta y 3 estaciones interiores en un sistema<br \/>\n&#8211; Monitor con comunicaci\u00f3n manos libres<br \/>\n\u2013 Pantalla a color de 7\u2033<br \/>\n\u2013 Resoluci\u00f3n: 1024 x 600<br \/>\n\u2013 Soporta el monitoreo de frente de calle adem\u00e1s de una c\u00e1mara an\u00e1loga adicional<\/p>\n","protected":false},"featured_media":28166,"comment_status":"open","ping_status":"closed","template":"","meta":{"jetpack_publicize_message":"","jetpack_publicize_feature_enabled":true,"jetpack_social_post_already_shared":true,"jetpack_social_options":{"image_generator_settings":{"template":"highway","default_image_id":0,"font":"","enabled":false},"version":2}},"pwb-brand":[113],"product_brand":[],"product_cat":[356],"product_tag":[],"class_list":{"0":"post-28165","1":"product","2":"type-product","3":"status-publish","4":"has-post-thumbnail","6":"pwb-brand-hikvision","7":"product_cat-video-portero","9":"first","10":"instock","11":"taxable","12":"shipping-taxable","13":"purchasable","14":"product-type-simple"},"yoast_head":"<!-- This site is optimized with the Yoast SEO Premium plugin v25.7.1 (Yoast SEO v26.8) - https:\/\/yoast.com\/product\/yoast-seo-premium-wordpress\/ -->\n<title>Video Portero HD Analogo de 4 Cables KIS212 Hikvision - Mivoot<\/title>\n<meta name=\"robots\" content=\"index, follow, max-snippet:-1, max-image-preview:large, max-video-preview:-1\" \/>\n<link rel=\"canonical\" href=\"https:\/\/mivoot.com\/gt\/producto\/video-portero-hd-analogo-de-4-cables-kis212-hikvision\/\" \/>\n<meta property=\"og:locale\" content=\"es_ES\" \/>\n<meta property=\"og:type\" content=\"article\" \/>\n<meta property=\"og:title\" content=\"Video Portero HD Analogo de 4 Cables KIS212 Hikvision\" \/>\n<meta property=\"og:description\" content=\"- Calidad de v\u00eddeo HD TVI - Plug &amp; Play - Una pulsaci\u00f3n para llamar - Una pulsaci\u00f3n para desbloquear la puerta - M\u00e1ximo 2 estaciones de puerta y 3 estaciones interiores en un sistema - Monitor con comunicaci\u00f3n manos libres \u2013 Pantalla a color de 7\u2033 \u2013 Resoluci\u00f3n: 1024 x 600 \u2013 Soporta el monitoreo de frente de calle adem\u00e1s de una c\u00e1mara an\u00e1loga adicional\" \/>\n<meta property=\"og:url\" content=\"https:\/\/mivoot.com\/gt\/producto\/video-portero-hd-analogo-de-4-cables-kis212-hikvision\/\" \/>\n<meta property=\"og:site_name\" content=\"Mivoot\" \/>\n<meta property=\"article:publisher\" content=\"https:\/\/www.facebook.com\/mivootgt\" \/>\n<meta property=\"article:modified_time\" content=\"2025-05-14T17:33:54+00:00\" \/>\n<meta property=\"og:image\" content=\"https:\/\/mivoot.com\/gt\/wp-content\/uploads\/2025\/05\/DS-KIS212.jpg\" \/>\n\t<meta property=\"og:image:width\" content=\"500\" \/>\n\t<meta property=\"og:image:height\" content=\"500\" \/>\n\t<meta property=\"og:image:type\" content=\"image\/jpeg\" \/>\n<meta name=\"twitter:card\" content=\"summary_large_image\" \/>\n<meta name=\"twitter:label1\" content=\"Est. reading time\" \/>\n\t<meta name=\"twitter:data1\" content=\"2 minutos\" \/>\n<script type=\"application\/ld+json\" class=\"yoast-schema-graph\">{\"@context\":\"https:\/\/schema.org\",\"@graph\":[{\"@type\":\"WebPage\",\"@id\":\"https:\/\/mivoot.com\/gt\/producto\/video-portero-hd-analogo-de-4-cables-kis212-hikvision\/\",\"url\":\"https:\/\/mivoot.com\/gt\/producto\/video-portero-hd-analogo-de-4-cables-kis212-hikvision\/\",\"name\":\"Video Portero HD Analogo de 4 Cables KIS212 Hikvision - Mivoot\",\"isPartOf\":{\"@id\":\"https:\/\/mivoot.com\/gt\/#website\"},\"primaryImageOfPage\":{\"@id\":\"https:\/\/mivoot.com\/gt\/producto\/video-portero-hd-analogo-de-4-cables-kis212-hikvision\/#primaryimage\"},\"image\":{\"@id\":\"https:\/\/mivoot.com\/gt\/producto\/video-portero-hd-analogo-de-4-cables-kis212-hikvision\/#primaryimage\"},\"thumbnailUrl\":\"https:\/\/mivoot.com\/gt\/wp-content\/uploads\/2025\/05\/DS-KIS212.jpg\",\"datePublished\":\"2025-05-14T17:21:16+00:00\",\"dateModified\":\"2025-05-14T17:33:54+00:00\",\"breadcrumb\":{\"@id\":\"https:\/\/mivoot.com\/gt\/producto\/video-portero-hd-analogo-de-4-cables-kis212-hikvision\/#breadcrumb\"},\"inLanguage\":\"es\",\"potentialAction\":[{\"@type\":\"ReadAction\",\"target\":[\"https:\/\/mivoot.com\/gt\/producto\/video-portero-hd-analogo-de-4-cables-kis212-hikvision\/\"]}]},{\"@type\":\"ImageObject\",\"inLanguage\":\"es\",\"@id\":\"https:\/\/mivoot.com\/gt\/producto\/video-portero-hd-analogo-de-4-cables-kis212-hikvision\/#primaryimage\",\"url\":\"https:\/\/mivoot.com\/gt\/wp-content\/uploads\/2025\/05\/DS-KIS212.jpg\",\"contentUrl\":\"https:\/\/mivoot.com\/gt\/wp-content\/uploads\/2025\/05\/DS-KIS212.jpg\",\"width\":500,\"height\":500},{\"@type\":\"BreadcrumbList\",\"@id\":\"https:\/\/mivoot.com\/gt\/producto\/video-portero-hd-analogo-de-4-cables-kis212-hikvision\/#breadcrumb\",\"itemListElement\":[{\"@type\":\"ListItem\",\"position\":1,\"name\":\"Inicio\",\"item\":\"https:\/\/mivoot.com\/gt\/\"},{\"@type\":\"ListItem\",\"position\":2,\"name\":\"Productos\",\"item\":\"https:\/\/mivoot.com\/gt\/producto\/\"},{\"@type\":\"ListItem\",\"position\":3,\"name\":\"Hikvision\",\"item\":\"https:\/\/mivoot.com\/gt\/marca\/hikvision\/\"},{\"@type\":\"ListItem\",\"position\":4,\"name\":\"Video Portero HD Analogo de 4 Cables KIS212 Hikvision\"}]},{\"@type\":\"WebSite\",\"@id\":\"https:\/\/mivoot.com\/gt\/#website\",\"url\":\"https:\/\/mivoot.com\/gt\/\",\"name\":\"Mivoot\",\"description\":\"Mivoot Guatemala | Tienda Online\",\"publisher\":{\"@id\":\"https:\/\/mivoot.com\/gt\/#organization\"},\"alternateName\":\"mivoot\",\"potentialAction\":[{\"@type\":\"SearchAction\",\"target\":{\"@type\":\"EntryPoint\",\"urlTemplate\":\"https:\/\/mivoot.com\/gt\/?s={search_term_string}\"},\"query-input\":{\"@type\":\"PropertyValueSpecification\",\"valueRequired\":true,\"valueName\":\"search_term_string\"}}],\"inLanguage\":\"es\"},{\"@type\":\"Organization\",\"@id\":\"https:\/\/mivoot.com\/gt\/#organization\",\"name\":\"Mivoot Guatemala\",\"alternateName\":\"mivoot.com\",\"url\":\"https:\/\/mivoot.com\/gt\/\",\"logo\":{\"@type\":\"ImageObject\",\"inLanguage\":\"es\",\"@id\":\"https:\/\/mivoot.com\/gt\/#\/schema\/logo\/image\/\",\"url\":\"https:\/\/mivoot.com\/gt\/wp-content\/uploads\/2023\/03\/cropped-icon.png\",\"contentUrl\":\"https:\/\/mivoot.com\/gt\/wp-content\/uploads\/2023\/03\/cropped-icon.png\",\"width\":512,\"height\":512,\"caption\":\"Mivoot Guatemala\"},\"image\":{\"@id\":\"https:\/\/mivoot.com\/gt\/#\/schema\/logo\/image\/\"},\"sameAs\":[\"https:\/\/www.facebook.com\/mivootgt\",\"https:\/\/instagram.com\/mivoot\"]}]}<\/script>\n<!-- \/ Yoast SEO Premium plugin. -->","yoast_head_json":{"title":"Video Portero HD Analogo de 4 Cables KIS212 Hikvision - Mivoot","robots":{"index":"index","follow":"follow","max-snippet":"max-snippet:-1","max-image-preview":"max-image-preview:large","max-video-preview":"max-video-preview:-1"},"canonical":"https:\/\/mivoot.com\/gt\/producto\/video-portero-hd-analogo-de-4-cables-kis212-hikvision\/","og_locale":"es_ES","og_type":"article","og_title":"Video Portero HD Analogo de 4 Cables KIS212 Hikvision","og_description":"- Calidad de v\u00eddeo HD TVI - Plug & Play - Una pulsaci\u00f3n para llamar - Una pulsaci\u00f3n para desbloquear la puerta - M\u00e1ximo 2 estaciones de puerta y 3 estaciones interiores en un sistema - Monitor con comunicaci\u00f3n manos libres \u2013 Pantalla a color de 7\u2033 \u2013 Resoluci\u00f3n: 1024 x 600 \u2013 Soporta el monitoreo de frente de calle adem\u00e1s de una c\u00e1mara an\u00e1loga adicional","og_url":"https:\/\/mivoot.com\/gt\/producto\/video-portero-hd-analogo-de-4-cables-kis212-hikvision\/","og_site_name":"Mivoot","article_publisher":"https:\/\/www.facebook.com\/mivootgt","article_modified_time":"2025-05-14T17:33:54+00:00","og_image":[{"width":500,"height":500,"url":"https:\/\/mivoot.com\/gt\/wp-content\/uploads\/2025\/05\/DS-KIS212.jpg","type":"image\/jpeg"}],"twitter_card":"summary_large_image","twitter_misc":{"Est. reading time":"2 minutos"},"schema":{"@context":"https:\/\/schema.org","@graph":[{"@type":"WebPage","@id":"https:\/\/mivoot.com\/gt\/producto\/video-portero-hd-analogo-de-4-cables-kis212-hikvision\/","url":"https:\/\/mivoot.com\/gt\/producto\/video-portero-hd-analogo-de-4-cables-kis212-hikvision\/","name":"Video Portero HD Analogo de 4 Cables KIS212 Hikvision - Mivoot","isPartOf":{"@id":"https:\/\/mivoot.com\/gt\/#website"},"primaryImageOfPage":{"@id":"https:\/\/mivoot.com\/gt\/producto\/video-portero-hd-analogo-de-4-cables-kis212-hikvision\/#primaryimage"},"image":{"@id":"https:\/\/mivoot.com\/gt\/producto\/video-portero-hd-analogo-de-4-cables-kis212-hikvision\/#primaryimage"},"thumbnailUrl":"https:\/\/mivoot.com\/gt\/wp-content\/uploads\/2025\/05\/DS-KIS212.jpg","datePublished":"2025-05-14T17:21:16+00:00","dateModified":"2025-05-14T17:33:54+00:00","breadcrumb":{"@id":"https:\/\/mivoot.com\/gt\/producto\/video-portero-hd-analogo-de-4-cables-kis212-hikvision\/#breadcrumb"},"inLanguage":"es","potentialAction":[{"@type":"ReadAction","target":["https:\/\/mivoot.com\/gt\/producto\/video-portero-hd-analogo-de-4-cables-kis212-hikvision\/"]}]},{"@type":"ImageObject","inLanguage":"es","@id":"https:\/\/mivoot.com\/gt\/producto\/video-portero-hd-analogo-de-4-cables-kis212-hikvision\/#primaryimage","url":"https:\/\/mivoot.com\/gt\/wp-content\/uploads\/2025\/05\/DS-KIS212.jpg","contentUrl":"https:\/\/mivoot.com\/gt\/wp-content\/uploads\/2025\/05\/DS-KIS212.jpg","width":500,"height":500},{"@type":"BreadcrumbList","@id":"https:\/\/mivoot.com\/gt\/producto\/video-portero-hd-analogo-de-4-cables-kis212-hikvision\/#breadcrumb","itemListElement":[{"@type":"ListItem","position":1,"name":"Inicio","item":"https:\/\/mivoot.com\/gt\/"},{"@type":"ListItem","position":2,"name":"Productos","item":"https:\/\/mivoot.com\/gt\/producto\/"},{"@type":"ListItem","position":3,"name":"Hikvision","item":"https:\/\/mivoot.com\/gt\/marca\/hikvision\/"},{"@type":"ListItem","position":4,"name":"Video Portero HD Analogo de 4 Cables KIS212 Hikvision"}]},{"@type":"WebSite","@id":"https:\/\/mivoot.com\/gt\/#website","url":"https:\/\/mivoot.com\/gt\/","name":"Mivoot","description":"Mivoot Guatemala | Tienda Online","publisher":{"@id":"https:\/\/mivoot.com\/gt\/#organization"},"alternateName":"mivoot","potentialAction":[{"@type":"SearchAction","target":{"@type":"EntryPoint","urlTemplate":"https:\/\/mivoot.com\/gt\/?s={search_term_string}"},"query-input":{"@type":"PropertyValueSpecification","valueRequired":true,"valueName":"search_term_string"}}],"inLanguage":"es"},{"@type":"Organization","@id":"https:\/\/mivoot.com\/gt\/#organization","name":"Mivoot Guatemala","alternateName":"mivoot.com","url":"https:\/\/mivoot.com\/gt\/","logo":{"@type":"ImageObject","inLanguage":"es","@id":"https:\/\/mivoot.com\/gt\/#\/schema\/logo\/image\/","url":"https:\/\/mivoot.com\/gt\/wp-content\/uploads\/2023\/03\/cropped-icon.png","contentUrl":"https:\/\/mivoot.com\/gt\/wp-content\/uploads\/2023\/03\/cropped-icon.png","width":512,"height":512,"caption":"Mivoot Guatemala"},"image":{"@id":"https:\/\/mivoot.com\/gt\/#\/schema\/logo\/image\/"},"sameAs":["https:\/\/www.facebook.com\/mivootgt","https:\/\/instagram.com\/mivoot"]}]}},"jetpack_publicize_connections":[],"jetpack_sharing_enabled":true,"brands":[{"id":113,"name":"Hikvision","slug":"hikvision"}],"_links":{"self":[{"href":"https:\/\/mivoot.com\/gt\/wp-json\/wp\/v2\/product\/28165","targetHints":{"allow":["GET"]}}],"collection":[{"href":"https:\/\/mivoot.com\/gt\/wp-json\/wp\/v2\/product"}],"about":[{"href":"https:\/\/mivoot.com\/gt\/wp-json\/wp\/v2\/types\/product"}],"replies":[{"embeddable":true,"href":"https:\/\/mivoot.com\/gt\/wp-json\/wp\/v2\/comments?post=28165"}],"version-history":[{"count":1,"href":"https:\/\/mivoot.com\/gt\/wp-json\/wp\/v2\/product\/28165\/revisions"}],"predecessor-version":[{"id":28169,"href":"https:\/\/mivoot.com\/gt\/wp-json\/wp\/v2\/product\/28165\/revisions\/28169"}],"wp:featuredmedia":[{"embeddable":true,"href":"https:\/\/mivoot.com\/gt\/wp-json\/wp\/v2\/media\/28166"}],"wp:attachment":[{"href":"https:\/\/mivoot.com\/gt\/wp-json\/wp\/v2\/media?parent=28165"}],"wp:term":[{"taxonomy":"pwb-brand","embeddable":true,"href":"https:\/\/mivoot.com\/gt\/wp-json\/wp\/v2\/pwb-brand?post=28165"},{"taxonomy":"product_brand","embeddable":true,"href":"https:\/\/mivoot.com\/gt\/wp-json\/wp\/v2\/product_brand?post=28165"},{"taxonomy":"product_cat","embeddable":true,"href":"https:\/\/mivoot.com\/gt\/wp-json\/wp\/v2\/product_cat?post=28165"},{"taxonomy":"product_tag","embeddable":true,"href":"https:\/\/mivoot.com\/gt\/wp-json\/wp\/v2\/product_tag?post=28165"}],"curies":[{"name":"wp","href":"https:\/\/api.w.org\/{rel}","templated":true}]}}