{"id":28210,"date":"2025-05-15T19:25:07","date_gmt":"2025-05-16T01:25:07","guid":{"rendered":"https:\/\/mivoot.com\/gt\/?post_type=product&#038;p=28210"},"modified":"2025-06-05T12:59:25","modified_gmt":"2025-06-05T18:59:25","slug":"ups-1000va-600w-zkteco","status":"publish","type":"product","link":"https:\/\/mivoot.com\/gt\/producto\/ups-1000va-600w-zkteco\/","title":{"rendered":"UPS 1000VA 600W ZKTeco"},"content":{"rendered":"<h1 style=\"text-align: center;\">UPS 1500VA 900W ZKTeco<\/h1>\n<p>Para necesidades m\u00e1s exigentes, el\u00a0<strong data-end=\"943\" data-start=\"925\">ZKUPS-600W-LED<\/strong>\u00a0ofrece una potencia de 1000VA\/600W, ideal para equipos que requieren mayor respaldo energ\u00e9tico.<\/p>\n<p>Como los otros modelos, admite entrada de 110-120VAC o 220-240VAC y proporciona salida en los mismos voltajes.<\/p>\n<p>Su pantalla LED facilita el monitoreo del sistema, mientras que su bater\u00eda de 12V\/7AH asegura un rendimiento estable con un tiempo de transferencia de 4 a 6 ms.<\/p>\n<ul>\n<li>Capacity 1000VA 600W<\/li>\n<li>Entrada Voltage 110 V\/120 VAC or 220\/230\/240 VAC<\/li>\n<li>Voltage Range 81 to 145 VAC or 145 to 275 VAC<\/li>\n<li>Frequency 60\/50 Hz (Auto sensing)<\/li>\n<li>Salida Voltage 110\/120 VAC or 220\/230\/240 VAC<\/li>\n<li>Charge Time 8 hours recover to 90% capacity<\/li>\n<li>Protecci\u00f3n contra descarga total, cortocircuito y sobrecarga.<\/li>\n<li>Dimension (mm) 320 \u00d7 90 \u00d7 140<\/li>\n<li>Weight (kg) 5.3<\/li>\n<li>Control inteligente de CPU<\/li>\n<li>Reinicio autom\u00e1tico mientras el aire acondicionado se recupera<\/li>\n<li>AVR elevador y reductor para estabilizaci\u00f3n de voltaje<\/li>\n<li>Funci\u00f3n de arranque en fr\u00edo y funci\u00f3n de carga en modo apagado<\/li>\n<li>Puerto de comunicaci\u00f3n USB o RS-232 opcional, RJ-45 y SNMP<\/li>\n<li>Ofrecemos paneles LED para selecci\u00f3n, panel multicolor.<\/li>\n<\/ul>\n<p>&nbsp;<\/p>\n<p><img fetchpriority=\"high\" decoding=\"async\" class=\"size-full wp-image-28205 lazy-load-active aligncenter\" src=\"https:\/\/mivoot.com\/gt\/wp-content\/uploads\/2025\/05\/espeficif.png\" sizes=\"(max-width: 708px) 100vw, 708px\" srcset=\"https:\/\/mivoot.com\/gt\/wp-content\/uploads\/2025\/05\/espeficif.png 708w, https:\/\/mivoot.com\/gt\/wp-content\/uploads\/2025\/05\/espeficif-300x148.png 300w, https:\/\/mivoot.com\/gt\/wp-content\/uploads\/2025\/05\/espeficif-600x297.png 600w, https:\/\/mivoot.com\/gt\/wp-content\/uploads\/2025\/05\/espeficif-410x203.png 410w, https:\/\/mivoot.com\/gt\/wp-content\/uploads\/2025\/05\/espeficif-64x32.png 64w\" alt=\"\" width=\"708\" height=\"350\" data-src=\"https:\/\/mivoot.com\/gt\/wp-content\/uploads\/2025\/05\/espeficif.png\" data-srcset=\"https:\/\/mivoot.com\/gt\/wp-content\/uploads\/2025\/05\/espeficif.png 708w, https:\/\/mivoot.com\/gt\/wp-content\/uploads\/2025\/05\/espeficif-300x148.png 300w, https:\/\/mivoot.com\/gt\/wp-content\/uploads\/2025\/05\/espeficif-600x297.png 600w, https:\/\/mivoot.com\/gt\/wp-content\/uploads\/2025\/05\/espeficif-410x203.png 410w, https:\/\/mivoot.com\/gt\/wp-content\/uploads\/2025\/05\/espeficif-64x32.png 64w\" \/><\/p>\n","protected":false},"excerpt":{"rendered":"<p>&#8211; Entrada Voltage 110 V\/120 VAC or 220\/230\/240 VAC<br \/>\n&#8211; Voltage Range 81 to 145 VAC or 145 to 275 VAC<br \/>\n&#8211; Frequency 60\/50 Hz (Auto sensing)<br \/>\n&#8211; Salida Voltage 110\/120 VAC or 220\/230\/240 VAC<br \/>\n-Charge Time 8 hours recover to 90% capacity<br \/>\n&#8211; Protecci\u00f3n contra descarga total, cortocircuito y sobrecarga.<br \/>\n&#8211; Dimension (mm) 320 \u00d7 90 \u00d7 140<br \/>\n&#8211; Weight (kg) 5.3<br \/>\n&#8211; Control inteligente de CPU<br \/>\n&#8211; Reinicio autom\u00e1tico mientras el aire acondicionado se recupera<br \/>\n&#8211; AVR elevador y reductor para estabilizaci\u00f3n de voltaje<br \/>\n&#8211; Funci\u00f3n de arranque en fr\u00edo y funci\u00f3n de carga en modo apagado<br \/>\n&#8211; Puerto de comunicaci\u00f3n USB o RS-232 opcional, RJ-45 y SNMP<\/p>\n","protected":false},"featured_media":28203,"comment_status":"open","ping_status":"closed","template":"","meta":{"jetpack_publicize_message":"","jetpack_publicize_feature_enabled":true,"jetpack_social_post_already_shared":true,"jetpack_social_options":{"image_generator_settings":{"template":"highway","default_image_id":0,"font":"","enabled":false},"version":2}},"pwb-brand":[101],"product_brand":[],"product_cat":[178],"product_tag":[],"class_list":{"0":"post-28210","1":"product","2":"type-product","3":"status-publish","4":"has-post-thumbnail","6":"pwb-brand-zkteco-guatemala","7":"product_cat-ups","9":"first","10":"instock","11":"taxable","12":"shipping-taxable","13":"purchasable","14":"product-type-simple"},"yoast_head":"<!-- This site is optimized with the Yoast SEO Premium plugin v25.7.1 (Yoast SEO v26.8) - https:\/\/yoast.com\/product\/yoast-seo-premium-wordpress\/ -->\n<title>UPS 1000VA 600W ZKTeco - Mivoot<\/title>\n<meta name=\"robots\" content=\"index, follow, max-snippet:-1, max-image-preview:large, max-video-preview:-1\" \/>\n<link rel=\"canonical\" href=\"https:\/\/mivoot.com\/gt\/producto\/ups-1000va-600w-zkteco\/\" \/>\n<meta property=\"og:locale\" content=\"es_ES\" \/>\n<meta property=\"og:type\" content=\"article\" \/>\n<meta property=\"og:title\" content=\"UPS 1000VA 600W ZKTeco\" \/>\n<meta property=\"og:description\" content=\"- Entrada Voltage 110 V\/120 VAC or 220\/230\/240 VAC - Voltage Range 81 to 145 VAC or 145 to 275 VAC - Frequency 60\/50 Hz (Auto sensing) - Salida Voltage 110\/120 VAC or 220\/230\/240 VAC -Charge Time 8 hours recover to 90% capacity - Protecci\u00f3n contra descarga total, cortocircuito y sobrecarga. - Dimension (mm) 320 \u00d7 90 \u00d7 140 - Weight (kg) 5.3 - Control inteligente de CPU - Reinicio autom\u00e1tico mientras el aire acondicionado se recupera - AVR elevador y reductor para estabilizaci\u00f3n de voltaje - Funci\u00f3n de arranque en fr\u00edo y funci\u00f3n de carga en modo apagado - Puerto de comunicaci\u00f3n USB o RS-232 opcional, RJ-45 y SNMP\" \/>\n<meta property=\"og:url\" content=\"https:\/\/mivoot.com\/gt\/producto\/ups-1000va-600w-zkteco\/\" \/>\n<meta property=\"og:site_name\" content=\"Mivoot\" \/>\n<meta property=\"article:publisher\" content=\"https:\/\/www.facebook.com\/mivootgt\" \/>\n<meta property=\"article:modified_time\" content=\"2025-06-05T18:59:25+00:00\" \/>\n<meta property=\"og:image\" content=\"https:\/\/mivoot.com\/gt\/wp-content\/uploads\/2025\/05\/ZKUPS-360w.jpg\" \/>\n\t<meta property=\"og:image:width\" content=\"500\" \/>\n\t<meta property=\"og:image:height\" content=\"500\" \/>\n\t<meta property=\"og:image:type\" content=\"image\/jpeg\" \/>\n<meta name=\"twitter:card\" content=\"summary_large_image\" \/>\n<meta name=\"twitter:label1\" content=\"Est. reading time\" \/>\n\t<meta name=\"twitter:data1\" content=\"2 minutos\" \/>\n<script type=\"application\/ld+json\" class=\"yoast-schema-graph\">{\"@context\":\"https:\/\/schema.org\",\"@graph\":[{\"@type\":\"WebPage\",\"@id\":\"https:\/\/mivoot.com\/gt\/producto\/ups-1000va-600w-zkteco\/\",\"url\":\"https:\/\/mivoot.com\/gt\/producto\/ups-1000va-600w-zkteco\/\",\"name\":\"UPS 1000VA 600W ZKTeco - Mivoot\",\"isPartOf\":{\"@id\":\"https:\/\/mivoot.com\/gt\/#website\"},\"primaryImageOfPage\":{\"@id\":\"https:\/\/mivoot.com\/gt\/producto\/ups-1000va-600w-zkteco\/#primaryimage\"},\"image\":{\"@id\":\"https:\/\/mivoot.com\/gt\/producto\/ups-1000va-600w-zkteco\/#primaryimage\"},\"thumbnailUrl\":\"https:\/\/mivoot.com\/gt\/wp-content\/uploads\/2025\/05\/ZKUPS-360w.jpg\",\"datePublished\":\"2025-05-16T01:25:07+00:00\",\"dateModified\":\"2025-06-05T18:59:25+00:00\",\"breadcrumb\":{\"@id\":\"https:\/\/mivoot.com\/gt\/producto\/ups-1000va-600w-zkteco\/#breadcrumb\"},\"inLanguage\":\"es\",\"potentialAction\":[{\"@type\":\"ReadAction\",\"target\":[\"https:\/\/mivoot.com\/gt\/producto\/ups-1000va-600w-zkteco\/\"]}]},{\"@type\":\"ImageObject\",\"inLanguage\":\"es\",\"@id\":\"https:\/\/mivoot.com\/gt\/producto\/ups-1000va-600w-zkteco\/#primaryimage\",\"url\":\"https:\/\/mivoot.com\/gt\/wp-content\/uploads\/2025\/05\/ZKUPS-360w.jpg\",\"contentUrl\":\"https:\/\/mivoot.com\/gt\/wp-content\/uploads\/2025\/05\/ZKUPS-360w.jpg\",\"width\":500,\"height\":500},{\"@type\":\"BreadcrumbList\",\"@id\":\"https:\/\/mivoot.com\/gt\/producto\/ups-1000va-600w-zkteco\/#breadcrumb\",\"itemListElement\":[{\"@type\":\"ListItem\",\"position\":1,\"name\":\"Inicio\",\"item\":\"https:\/\/mivoot.com\/gt\/\"},{\"@type\":\"ListItem\",\"position\":2,\"name\":\"Productos\",\"item\":\"https:\/\/mivoot.com\/gt\/producto\/\"},{\"@type\":\"ListItem\",\"position\":3,\"name\":\"ZKTeco\",\"item\":\"https:\/\/mivoot.com\/gt\/marca\/zkteco-guatemala\/\"},{\"@type\":\"ListItem\",\"position\":4,\"name\":\"UPS 1000VA 600W ZKTeco\"}]},{\"@type\":\"WebSite\",\"@id\":\"https:\/\/mivoot.com\/gt\/#website\",\"url\":\"https:\/\/mivoot.com\/gt\/\",\"name\":\"Mivoot\",\"description\":\"Mivoot Guatemala | Tienda Online\",\"publisher\":{\"@id\":\"https:\/\/mivoot.com\/gt\/#organization\"},\"alternateName\":\"mivoot\",\"potentialAction\":[{\"@type\":\"SearchAction\",\"target\":{\"@type\":\"EntryPoint\",\"urlTemplate\":\"https:\/\/mivoot.com\/gt\/?s={search_term_string}\"},\"query-input\":{\"@type\":\"PropertyValueSpecification\",\"valueRequired\":true,\"valueName\":\"search_term_string\"}}],\"inLanguage\":\"es\"},{\"@type\":\"Organization\",\"@id\":\"https:\/\/mivoot.com\/gt\/#organization\",\"name\":\"Mivoot Guatemala\",\"alternateName\":\"mivoot.com\",\"url\":\"https:\/\/mivoot.com\/gt\/\",\"logo\":{\"@type\":\"ImageObject\",\"inLanguage\":\"es\",\"@id\":\"https:\/\/mivoot.com\/gt\/#\/schema\/logo\/image\/\",\"url\":\"https:\/\/mivoot.com\/gt\/wp-content\/uploads\/2023\/03\/cropped-icon.png\",\"contentUrl\":\"https:\/\/mivoot.com\/gt\/wp-content\/uploads\/2023\/03\/cropped-icon.png\",\"width\":512,\"height\":512,\"caption\":\"Mivoot Guatemala\"},\"image\":{\"@id\":\"https:\/\/mivoot.com\/gt\/#\/schema\/logo\/image\/\"},\"sameAs\":[\"https:\/\/www.facebook.com\/mivootgt\",\"https:\/\/instagram.com\/mivoot\"]}]}<\/script>\n<!-- \/ Yoast SEO Premium plugin. -->","yoast_head_json":{"title":"UPS 1000VA 600W ZKTeco - Mivoot","robots":{"index":"index","follow":"follow","max-snippet":"max-snippet:-1","max-image-preview":"max-image-preview:large","max-video-preview":"max-video-preview:-1"},"canonical":"https:\/\/mivoot.com\/gt\/producto\/ups-1000va-600w-zkteco\/","og_locale":"es_ES","og_type":"article","og_title":"UPS 1000VA 600W ZKTeco","og_description":"- Entrada Voltage 110 V\/120 VAC or 220\/230\/240 VAC - Voltage Range 81 to 145 VAC or 145 to 275 VAC - Frequency 60\/50 Hz (Auto sensing) - Salida Voltage 110\/120 VAC or 220\/230\/240 VAC -Charge Time 8 hours recover to 90% capacity - Protecci\u00f3n contra descarga total, cortocircuito y sobrecarga. - Dimension (mm) 320 \u00d7 90 \u00d7 140 - Weight (kg) 5.3 - Control inteligente de CPU - Reinicio autom\u00e1tico mientras el aire acondicionado se recupera - AVR elevador y reductor para estabilizaci\u00f3n de voltaje - Funci\u00f3n de arranque en fr\u00edo y funci\u00f3n de carga en modo apagado - Puerto de comunicaci\u00f3n USB o RS-232 opcional, RJ-45 y SNMP","og_url":"https:\/\/mivoot.com\/gt\/producto\/ups-1000va-600w-zkteco\/","og_site_name":"Mivoot","article_publisher":"https:\/\/www.facebook.com\/mivootgt","article_modified_time":"2025-06-05T18:59:25+00:00","og_image":[{"width":500,"height":500,"url":"https:\/\/mivoot.com\/gt\/wp-content\/uploads\/2025\/05\/ZKUPS-360w.jpg","type":"image\/jpeg"}],"twitter_card":"summary_large_image","twitter_misc":{"Est. reading time":"2 minutos"},"schema":{"@context":"https:\/\/schema.org","@graph":[{"@type":"WebPage","@id":"https:\/\/mivoot.com\/gt\/producto\/ups-1000va-600w-zkteco\/","url":"https:\/\/mivoot.com\/gt\/producto\/ups-1000va-600w-zkteco\/","name":"UPS 1000VA 600W ZKTeco - Mivoot","isPartOf":{"@id":"https:\/\/mivoot.com\/gt\/#website"},"primaryImageOfPage":{"@id":"https:\/\/mivoot.com\/gt\/producto\/ups-1000va-600w-zkteco\/#primaryimage"},"image":{"@id":"https:\/\/mivoot.com\/gt\/producto\/ups-1000va-600w-zkteco\/#primaryimage"},"thumbnailUrl":"https:\/\/mivoot.com\/gt\/wp-content\/uploads\/2025\/05\/ZKUPS-360w.jpg","datePublished":"2025-05-16T01:25:07+00:00","dateModified":"2025-06-05T18:59:25+00:00","breadcrumb":{"@id":"https:\/\/mivoot.com\/gt\/producto\/ups-1000va-600w-zkteco\/#breadcrumb"},"inLanguage":"es","potentialAction":[{"@type":"ReadAction","target":["https:\/\/mivoot.com\/gt\/producto\/ups-1000va-600w-zkteco\/"]}]},{"@type":"ImageObject","inLanguage":"es","@id":"https:\/\/mivoot.com\/gt\/producto\/ups-1000va-600w-zkteco\/#primaryimage","url":"https:\/\/mivoot.com\/gt\/wp-content\/uploads\/2025\/05\/ZKUPS-360w.jpg","contentUrl":"https:\/\/mivoot.com\/gt\/wp-content\/uploads\/2025\/05\/ZKUPS-360w.jpg","width":500,"height":500},{"@type":"BreadcrumbList","@id":"https:\/\/mivoot.com\/gt\/producto\/ups-1000va-600w-zkteco\/#breadcrumb","itemListElement":[{"@type":"ListItem","position":1,"name":"Inicio","item":"https:\/\/mivoot.com\/gt\/"},{"@type":"ListItem","position":2,"name":"Productos","item":"https:\/\/mivoot.com\/gt\/producto\/"},{"@type":"ListItem","position":3,"name":"ZKTeco","item":"https:\/\/mivoot.com\/gt\/marca\/zkteco-guatemala\/"},{"@type":"ListItem","position":4,"name":"UPS 1000VA 600W ZKTeco"}]},{"@type":"WebSite","@id":"https:\/\/mivoot.com\/gt\/#website","url":"https:\/\/mivoot.com\/gt\/","name":"Mivoot","description":"Mivoot Guatemala | Tienda Online","publisher":{"@id":"https:\/\/mivoot.com\/gt\/#organization"},"alternateName":"mivoot","potentialAction":[{"@type":"SearchAction","target":{"@type":"EntryPoint","urlTemplate":"https:\/\/mivoot.com\/gt\/?s={search_term_string}"},"query-input":{"@type":"PropertyValueSpecification","valueRequired":true,"valueName":"search_term_string"}}],"inLanguage":"es"},{"@type":"Organization","@id":"https:\/\/mivoot.com\/gt\/#organization","name":"Mivoot Guatemala","alternateName":"mivoot.com","url":"https:\/\/mivoot.com\/gt\/","logo":{"@type":"ImageObject","inLanguage":"es","@id":"https:\/\/mivoot.com\/gt\/#\/schema\/logo\/image\/","url":"https:\/\/mivoot.com\/gt\/wp-content\/uploads\/2023\/03\/cropped-icon.png","contentUrl":"https:\/\/mivoot.com\/gt\/wp-content\/uploads\/2023\/03\/cropped-icon.png","width":512,"height":512,"caption":"Mivoot Guatemala"},"image":{"@id":"https:\/\/mivoot.com\/gt\/#\/schema\/logo\/image\/"},"sameAs":["https:\/\/www.facebook.com\/mivootgt","https:\/\/instagram.com\/mivoot"]}]}},"jetpack_publicize_connections":[],"jetpack_sharing_enabled":true,"brands":[{"id":101,"name":"ZKTeco","slug":"zkteco-guatemala"}],"_links":{"self":[{"href":"https:\/\/mivoot.com\/gt\/wp-json\/wp\/v2\/product\/28210","targetHints":{"allow":["GET"]}}],"collection":[{"href":"https:\/\/mivoot.com\/gt\/wp-json\/wp\/v2\/product"}],"about":[{"href":"https:\/\/mivoot.com\/gt\/wp-json\/wp\/v2\/types\/product"}],"replies":[{"embeddable":true,"href":"https:\/\/mivoot.com\/gt\/wp-json\/wp\/v2\/comments?post=28210"}],"version-history":[{"count":4,"href":"https:\/\/mivoot.com\/gt\/wp-json\/wp\/v2\/product\/28210\/revisions"}],"predecessor-version":[{"id":28553,"href":"https:\/\/mivoot.com\/gt\/wp-json\/wp\/v2\/product\/28210\/revisions\/28553"}],"wp:featuredmedia":[{"embeddable":true,"href":"https:\/\/mivoot.com\/gt\/wp-json\/wp\/v2\/media\/28203"}],"wp:attachment":[{"href":"https:\/\/mivoot.com\/gt\/wp-json\/wp\/v2\/media?parent=28210"}],"wp:term":[{"taxonomy":"pwb-brand","embeddable":true,"href":"https:\/\/mivoot.com\/gt\/wp-json\/wp\/v2\/pwb-brand?post=28210"},{"taxonomy":"product_brand","embeddable":true,"href":"https:\/\/mivoot.com\/gt\/wp-json\/wp\/v2\/product_brand?post=28210"},{"taxonomy":"product_cat","embeddable":true,"href":"https:\/\/mivoot.com\/gt\/wp-json\/wp\/v2\/product_cat?post=28210"},{"taxonomy":"product_tag","embeddable":true,"href":"https:\/\/mivoot.com\/gt\/wp-json\/wp\/v2\/product_tag?post=28210"}],"curies":[{"name":"wp","href":"https:\/\/api.w.org\/{rel}","templated":true}]}}