{"id":28220,"date":"2025-05-19T10:58:55","date_gmt":"2025-05-19T16:58:55","guid":{"rendered":"https:\/\/mivoot.com\/gt\/?post_type=product&#038;p=28220"},"modified":"2025-08-16T12:53:01","modified_gmt":"2025-08-16T18:53:01","slug":"microfonos-2-mic-y-1-receptor-lark-max-hollyland","status":"publish","type":"product","link":"https:\/\/mivoot.com\/gt\/producto\/microfonos-2-mic-y-1-receptor-lark-max-hollyland\/","title":{"rendered":"Micr\u00f3fonos 2 Mic y 1 Receptor LARK MAX Hollyland"},"content":{"rendered":"<h1 style=\"text-align: center;\">Micr\u00f3fonos 2 Mic y 1 Receptor LARK MAX Hollyland<\/h1>\n<p><img decoding=\"async\" src=\"https:\/\/m.media-amazon.com\/images\/S\/aplus-media-library-service-media\/badfb867-3755-4a2c-9b69-41fb9342bbbd.__CR0,0,1464,600_PT0_SX1464_V1___.jpg\" \/><\/p>\n<p>&nbsp;<\/p>\n<p>El LARK MAX es un sistema de micr\u00f3fono de solapa inal\u00e1mbrico todo en uno con la primera tecnolog\u00eda de micr\u00f3fono MaxTimbre del sector y tecnolog\u00eda ENC avanzada que proporciona un sonido n\u00edtido inigualable. El transmisor tiene 8 GB de memoria incorporada, lo que proporciona hasta 14 horas de grabaci\u00f3n segura. Es perfecto para entrevistas, videoblogs, podcast, producciones electr\u00f3nicas de campo, ense\u00f1anza en l\u00ednea y cualquier aplicaci\u00f3n de grabaci\u00f3n de audio que requiera una captaci\u00f3n de audio de alta calidad y una soluci\u00f3n de audio segura.<\/p>\n<ul class=\"list_OMS5rN7R1Z\">\n<li class=\"listItem_OMS5rN7R1Z\" data-selenium=\"sellingPointsListItem\">Para el periodismo m\u00f3vil, creaci\u00f3n de contenidos<\/li>\n<li class=\"listItem_OMS5rN7R1Z\" data-selenium=\"sellingPointsListItem\">Transmisor con micr\u00f3fono omnidireccional incorporado<\/li>\n<li class=\"listItem_OMS5rN7R1Z\" data-selenium=\"sellingPointsListItem\">Receptor de dos canales<\/li>\n<li class=\"listItem_OMS5rN7R1Z\" data-selenium=\"sellingPointsListItem\">Cancelaci\u00f3n de ruido ambiental<\/li>\n<li class=\"listItem_OMS5rN7R1Z\" data-selenium=\"sellingPointsListItem\">Tecnolog\u00eda de procesamiento de se\u00f1al dual<\/li>\n<li class=\"listItem_OMS5rN7R1Z\" data-selenium=\"sellingPointsListItem\">Grabaci\u00f3n de respaldo de 14 horas<\/li>\n<li class=\"listItem_OMS5rN7R1Z\" data-selenium=\"sellingPointsListItem\">Distancia de transmisi\u00f3n de hasta 820&#8242;<\/li>\n<li class=\"listItem_OMS5rN7R1Z\" data-selenium=\"sellingPointsListItem\">Duraci\u00f3n de la bater\u00eda del transmisor: 7,5 horas<\/li>\n<li class=\"listItem_OMS5rN7R1Z\" data-selenium=\"sellingPointsListItem\">Receptor OLED con pantalla t\u00e1ctil<\/li>\n<\/ul>\n<div>\n<div class=\"feature_UbV5SNP5Eo\">\n<div class=\"js-injected-html text_UbV5SNP5Eo\">El receptor LARK MAX cuenta con una pantalla t\u00e1ctil AMOLED a color de 1,1\u2033 para ajustar la configuraci\u00f3n de cada transmisor y monitorear aspectos como la potencia, la se\u00f1al, el nivel de audio y el estado de la conexi\u00f3n en tiempo real. Una perilla de control r\u00e1pido gira 360\u00b0 y se presiona para seleccionar diferentes par\u00e1metros mientras\u00a0el boton Inicial ofrece acceso a la interfaz de configuraci\u00f3n r\u00e1pida o regreso a la p\u00e1gina anterior.<\/div>\n<\/div>\n<\/div>\n<div>\n<div class=\"feature_UbV5SNP5Eo\">\n<div class=\"hasRightMedia_UbV5SNP5Eo\">\n<div class=\"isImage_UbV5SNP5Eo media_UbV5SNP5Eo\"><\/div>\n<div class=\"featureHeader_UbV5SNP5Eo\">\n<div class=\"text_TAw0W35QK_ comfy_TAw0W35QK_ sizeTitle2_TAw0W35QK_ weightNormal_TAw0W35QK_ primary_i3MsQsqoe0\">Con el sistema se incluye un estuche de carga compacto capaz de extender el tiempo de ejecuci\u00f3n de cada componente a un total de 22 horas cuando est\u00e1 completamente cargado.\u00a0Cada transmisor por s\u00ed solo tiene una autonom\u00eda de 7,5 horas, mientras que el receptor tiene una autonom\u00eda de 9 horas y se puede cargar y utilizar simult\u00e1neamente.\u00a0Los indicadores LED en el estuche permiten monitorear el estado de la bater\u00eda.<\/div>\n<\/div>\n<\/div>\n<\/div>\n<\/div>\n<p>&nbsp;<\/p>\n<p><img decoding=\"async\" src=\"https:\/\/m.media-amazon.com\/images\/S\/aplus-media-library-service-media\/f675b67f-98ab-431e-bc0a-4a54343b1269.__CR0,0,1464,600_PT0_SX1464_V1___.jpg\" \/><img decoding=\"async\" src=\"https:\/\/m.media-amazon.com\/images\/S\/aplus-media-library-service-media\/77e0c52a-9e1a-4c18-bc9a-f255ca919071.__CR0,0,1464,600_PT0_SX1464_V1___.jpg\" \/><img decoding=\"async\" src=\"https:\/\/m.media-amazon.com\/images\/S\/aplus-media-library-service-media\/0e00d0b0-5b55-4691-a68b-3b5f5d4bc2cc.__CR0,0,1464,600_PT0_SX1464_V1___.jpg\" alt=\"6902\" \/><img decoding=\"async\" src=\"https:\/\/m.media-amazon.com\/images\/S\/aplus-media-library-service-media\/90aea69b-6c6e-4aaa-bcf1-83ccf914e0f0.__CR0,0,1464,600_PT0_SX1464_V1___.jpg\" alt=\"6902\" \/><img decoding=\"async\" src=\"https:\/\/m.media-amazon.com\/images\/S\/aplus-media-library-service-media\/8062982a-6cec-4f88-87c5-9a5c4b4fee20.__CR0,0,1464,600_PT0_SX1464_V1___.jpg\" alt=\"6902\" \/><img fetchpriority=\"high\" decoding=\"async\" class=\"\" src=\"https:\/\/store.hollyland.com\/cdn\/shop\/files\/6902__main--6.jpg?v=1704874568\" width=\"542\" height=\"542\" \/><img decoding=\"async\" class=\"\" src=\"https:\/\/store.hollyland.com\/cdn\/shop\/files\/6902__main--5.jpg?v=1704874567\" width=\"540\" height=\"540\" \/><\/p>\n<h3>CARACTER\u00cdSTICAS:<\/h3>\n<h3><\/h3>\n<ul>\n<li><strong>Tecnolog\u00eda inal\u00e1mbrica:<\/strong>\u00a0H\u00edbrido anal\u00f3gico\/digital 2,4 GHz<\/li>\n<li><strong>Transmisores incluidos:\u00a0<\/strong>2 x\u00a0Clip-On con micr\u00f3fono<\/li>\n<li><strong>Rango operativo m\u00e1ximo:<\/strong>\u00a0820,2\u2032 \/ 250 m (l\u00ednea de visi\u00f3n)<br \/>\n196,9\u2032 \/ 60 m (con obstrucci\u00f3n)<\/li>\n<li><strong>Tipo de micr\u00f3fono:<\/strong>\u00a0Integrado<\/li>\n<li><strong>Patr\u00f3n polar:<\/strong>\u00a0Omnidireccional<\/li>\n<li><strong>Transmisores m\u00e1ximos por banda:<\/strong>\u00a02<\/li>\n<li><strong>Grabadora incorporada:<\/strong>\u00a0SI<\/li>\n<li><strong>Compatible con aplicaciones m\u00f3viles:<\/strong>\u00a0SI<\/li>\n<li><strong>Frecuencia de muestreo\/resoluci\u00f3n:<\/strong>\u00a048 kHz\/24 bits<\/li>\n<li><strong>Modulaci\u00f3n:<\/strong>\u00a0GFSK<\/li>\n<li><strong>SNR:\u00a0<\/strong>70dB<\/li>\n<\/ul>\n<h3>RECEPTOR<\/h3>\n<ul>\n<li><strong>Tipo de receptor:<\/strong>\u00a0Montaje de c\u00e1mara<\/li>\n<li><strong>Opciones de montaje:<\/strong>\u00a0Montaje en zapata (con hardware incluido)<\/li>\n<li><strong>Antena:\u00a0<\/strong>Interno<\/li>\n<li><strong>N\u00famero de canales de audio:<\/strong>\u00a02<\/li>\n<li><strong>E\/S de audio:\u00a0<\/strong>1\u00a0salida no balanceada TRS de 1\/8\u2033 \/ 3,5 mm<br \/>\n1\u00a0entrada\/salida de auriculares TRS no balanceada de 1\/8\u2033 \/ 3,5 mm<\/li>\n<li><strong>Respuesta frecuente:<\/strong>\u00a020 Hz a 20 kHz<\/li>\n<li><strong>E\/S de red:<\/strong>\u00a0Ninguno<\/li>\n<li><strong>Conectividad USB\/Lightning:<\/strong>\u00a01 x\u00a0USB-C hembra (audio, carga)<\/li>\n<li><strong>Requerimientos de energ\u00eda:<\/strong>\u00a0Bater\u00eda<\/li>\n<li><strong>Tipo de bater\u00eda:<\/strong>\u00a01 x<strong>\u00a0<\/strong>recargable incorporado<\/li>\n<li><strong>Capacidad de bater\u00eda interna:<\/strong>\u00a0490mAh<\/li>\n<li><strong>Tiempo de carga de la bater\u00eda:<\/strong>\u00a02 horas<\/li>\n<li><strong>Duraci\u00f3n aprox de la bater\u00eda:<\/strong>\u00a09 horas<\/li>\n<li><strong>Pantalla e indicadores:<\/strong>\u00a01 x\u00a0pantalla t\u00e1ctil OLED (estado de la bater\u00eda, canal)<\/li>\n<li><strong>Temperatura de funcionamiento:<\/strong>\u00a0-4 a 113\u00b0F \/ -20 a 45\u00b0C<\/li>\n<li><strong>Dimensiones:<\/strong>\u00a02,3 x 1,6 x 0,9\u2033 \/ 58 x 40,8 x 23,2 mm<\/li>\n<li><strong>Peso:<\/strong>\u00a02,1 oz \/ 60g<\/li>\n<\/ul>\n<h3>TRANSMISOR<\/h3>\n<ul>\n<li><strong>Tipo de transmisor:<\/strong>\u00a0Clip-on con micr\u00f3fono<\/li>\n<li><strong>Potencia de salida de RF:<\/strong>\u00a0No especificado por el fabricante<\/li>\n<li><strong>E\/S de audio:<\/strong>\u00a01\u00a0entrada hembra TRS de 1\/8\u2033\/3,5 mm.<\/li>\n<li><strong>Silenciar:<\/strong>\u00a0Interruptor de apagado\/encendido<\/li>\n<li><strong>Control de nivel autom\u00e1tico:<\/strong>\u00a0No<\/li>\n<li><strong>Frecuencias de muestreo de la grabadora:<\/strong>\u00a0WAV<b>:\u00a0<\/b>48kHz<\/li>\n<li><strong>Profundidad de bits del registrador:<\/strong>\u00a024 bits<\/li>\n<li><strong>Formatos de archivos de audio:<\/strong>\u00a0WAV<\/li>\n<li><strong>Rango de ganancia:<\/strong>\u00a030dB<\/li>\n<li><strong>Procesamiento de la se\u00f1al:<\/strong>\u00a0Ninguno<\/li>\n<li><strong>Respuesta frecuente:<\/strong>\u00a020 Hz a 20 kHz<\/li>\n<li><strong>Antena:<\/strong>\u00a0Interno<\/li>\n<li><strong>Requerimiento de energ\u00eda:<\/strong>\u00a0Bater\u00eda<\/li>\n<li><strong>Tipo de bater\u00eda:<\/strong>\u00a01 x\u00a0recargable incorporado<\/li>\n<li><strong>Capacidad de la bater\u00eda interna:<\/strong>\u00a0300mah<\/li>\n<li><strong>Tiempo de carga de la bater\u00eda:<\/strong>\u00a02 horas<\/li>\n<li><strong>Duraci\u00f3n aprox de la bater\u00eda:<\/strong>\u00a07,5 horas<\/li>\n<li><strong>E\/S USB\/lightning:<\/strong>\u00a01\u00a0USB-C (carga)<\/li>\n<li><strong>Pantalla e indicadores:<\/strong>\u00a0LED<\/li>\n<li><strong>Temperatura de funcionamiento:<\/strong>\u00a0-4 a 113\u00b0F \/ -20 a 45\u00b0C<\/li>\n<li><strong>Dimensiones:<\/strong>\u00a01,9 x 1,2 x 0,8\u2033 \/ 48,5 x 30,3 x 19,4 mm<\/li>\n<li><strong>Peso:<\/strong>\u00a01,2 oz\/33g<\/li>\n<\/ul>\n<h3>MICR\u00d3FONO<\/h3>\n<ul>\n<li><strong>Tipo de micr\u00f3fono:<\/strong>\u00a0Integrado<\/li>\n<li><strong>Color:\u00a0<\/strong>Negro<\/li>\n<li><strong>Patr\u00f3n polar:<\/strong>\u00a0Omnidireccional<\/li>\n<li><strong>Rango de frecuencia:<\/strong>\u00a020 Hz a 20 kHz<\/li>\n<li><strong>SNR:<\/strong>\u00a070dB<\/li>\n<li><strong>Nivel de ruido equivalente:<\/strong>\u00a024 dB ponderado A<\/li>\n<li><strong>SPL m\u00e1ximo:<\/strong>\u00a028 dB SPL pico \/\u00a0120 dB SPL<\/li>\n<li><strong>Sensibilidad:<\/strong>\u00a0-36 dBFS a 1 kHz \/\u00a096 dB<\/li>\n<li><strong>Tensi\u00f3n de funcionamiento:<\/strong>\u00a0No<\/li>\n<\/ul>\n<h3>ESTUCHE DE CARGA<\/h3>\n<ul>\n<li><strong>Tiempo de ejecuci\u00f3n:<\/strong>\u00a022 Horas<\/li>\n<li><strong>Tiempo de recarga:<\/strong>\u00a02 horas<\/li>\n<li><strong>Qu\u00edmica de la bater\u00eda:<\/strong>\u00a0Pol\u00edmero de iones de litio (LiPo)<\/li>\n<li><strong>Capacidad:<\/strong>\u00a02800mAh<\/li>\n<li><strong>Interfaz de carga:<\/strong>\u00a0USB-C<\/li>\n<li><strong>Dimensiones:<\/strong>\u00a04,5 x 2,5 x 1,8\u2033 \/ 115 x 63 x 46 mm<\/li>\n<li><strong>Peso:<\/strong>\u00a06,8 oz\/193,5g<\/li>\n<\/ul>\n<p><img decoding=\"async\" src=\"https:\/\/m.media-amazon.com\/images\/S\/aplus-media-library-service-media\/1140a41d-dd6a-4e48-b392-12186dd60049.__CR0,0,1464,600_PT0_SX1464_V1___.jpg\" \/><\/p>\n<p><img decoding=\"async\" class=\" wp-image-28227 aligncenter\" src=\"https:\/\/mivoot.com\/gt\/wp-content\/uploads\/2025\/05\/pag-HOL-LARK-MAX-DUO-7.webp\" alt=\"\" width=\"596\" height=\"596\" srcset=\"https:\/\/mivoot.com\/gt\/wp-content\/uploads\/2025\/05\/pag-HOL-LARK-MAX-DUO-7.webp 500w, https:\/\/mivoot.com\/gt\/wp-content\/uploads\/2025\/05\/pag-HOL-LARK-MAX-DUO-7-250x250.webp 250w, https:\/\/mivoot.com\/gt\/wp-content\/uploads\/2025\/05\/pag-HOL-LARK-MAX-DUO-7-100x100.webp 100w, https:\/\/mivoot.com\/gt\/wp-content\/uploads\/2025\/05\/pag-HOL-LARK-MAX-DUO-7-410x410.webp 410w, https:\/\/mivoot.com\/gt\/wp-content\/uploads\/2025\/05\/pag-HOL-LARK-MAX-DUO-7-64x64.webp 64w, https:\/\/mivoot.com\/gt\/wp-content\/uploads\/2025\/05\/pag-HOL-LARK-MAX-DUO-7-300x300.webp 300w, https:\/\/mivoot.com\/gt\/wp-content\/uploads\/2025\/05\/pag-HOL-LARK-MAX-DUO-7-150x150.webp 150w, https:\/\/mivoot.com\/gt\/wp-content\/uploads\/2025\/05\/pag-HOL-LARK-MAX-DUO-7-50x50.webp 50w\" sizes=\"(max-width: 596px) 100vw, 596px\" \/><\/p>\n","protected":false},"excerpt":{"rendered":"<p>&#8211; Hollyland LARK MAX Duo<br \/>\n&#8211; Sistema de micr\u00f3fono inal\u00e1mbrico para 2 personas (2,4 GHz, negro)<br \/>\n&#8211; Bater\u00eda ultralarga de 22 horas de autonom\u00eda<br \/>\n&#8211; Almacenamiento integrado para 14 horas de grabaci\u00f3n segura<br \/>\n&#8211; Alta relaci\u00f3n se\u00f1al-ruido 70 dB<br \/>\n&#8211; Sonido de alta fidelidad de 48 kHz y 24 bits<br \/>\n&#8211; Tecnolog\u00eda de micr\u00f3fono MaxTimbre<br \/>\n&#8211; Nivel m\u00e1ximo de presi\u00f3n sonora de entrada (SPL) 128 dB<br \/>\n&#8211; Tecnolog\u00eda avanzada DSP<br \/>\n&#8211; Cancelaci\u00f3n del ruido ambiental<br \/>\n&#8211; 2 transmisores de micr\u00f3fono inal\u00e1mbricos con clip Hollyland LARK MAX (2,4 GHz, negro)<br \/>\n&#8211; 1 Receptor<br \/>\n&#8211; Estuche de carga Hollyland LARK MAX (negro)<br \/>\n&#8211; Cable TRS de 3,5 mm.<br \/>\n&#8211; Cable USB-C a Lightning<br \/>\n&#8211; Cable USB-C a USB-C<br \/>\n&#8211; Cable USB-C a USB-A<br \/>\n&#8211; 2 parabrisas peludos<br \/>\n&#8211; 2 clips magn\u00e9ticos<br \/>\n&#8211; 1 Bolsa de almacenamiento<\/p>\n","protected":false},"featured_media":28228,"comment_status":"open","ping_status":"closed","template":"","meta":{"jetpack_publicize_message":"","jetpack_publicize_feature_enabled":true,"jetpack_social_post_already_shared":true,"jetpack_social_options":{"image_generator_settings":{"template":"highway","default_image_id":0,"font":"","enabled":false},"version":2}},"pwb-brand":[540],"product_brand":[],"product_cat":[162,626],"product_tag":[],"class_list":{"0":"post-28220","1":"product","2":"type-product","3":"status-publish","4":"has-post-thumbnail","6":"pwb-brand-hollyland","7":"product_cat-microfonos","8":"product_cat-microfonos-inalambricos","10":"first","11":"instock","12":"sale","13":"taxable","14":"shipping-taxable","15":"purchasable","16":"product-type-simple"},"yoast_head":"<!-- This site is optimized with the Yoast SEO Premium plugin v25.7.1 (Yoast SEO v26.8) - https:\/\/yoast.com\/product\/yoast-seo-premium-wordpress\/ -->\n<title>Micr\u00f3fonos 2 Mic y 1 Receptor LARK MAX Hollyland - Mivoot<\/title>\n<meta name=\"robots\" content=\"index, follow, max-snippet:-1, max-image-preview:large, max-video-preview:-1\" \/>\n<link rel=\"canonical\" href=\"https:\/\/mivoot.com\/gt\/producto\/microfonos-2-mic-y-1-receptor-lark-max-hollyland\/\" \/>\n<meta property=\"og:locale\" content=\"es_ES\" \/>\n<meta property=\"og:type\" content=\"article\" \/>\n<meta property=\"og:title\" content=\"Micr\u00f3fonos 2 Mic y 1 Receptor LARK MAX Hollyland\" \/>\n<meta property=\"og:description\" content=\"- Hollyland LARK MAX Duo - Sistema de micr\u00f3fono inal\u00e1mbrico para 2 personas (2,4 GHz, negro) - Bater\u00eda ultralarga de 22 horas de autonom\u00eda - Almacenamiento integrado para 14 horas de grabaci\u00f3n segura - Alta relaci\u00f3n se\u00f1al-ruido 70 dB - Sonido de alta fidelidad de 48 kHz y 24 bits - Tecnolog\u00eda de micr\u00f3fono MaxTimbre - Nivel m\u00e1ximo de presi\u00f3n sonora de entrada (SPL) 128 dB - Tecnolog\u00eda avanzada DSP - Cancelaci\u00f3n del ruido ambiental - 2 transmisores de micr\u00f3fono inal\u00e1mbricos con clip Hollyland LARK MAX (2,4 GHz, negro) - 1 Receptor - Estuche de carga Hollyland LARK MAX (negro) - Cable TRS de 3,5 mm. - Cable USB-C a Lightning - Cable USB-C a USB-C - Cable USB-C a USB-A - 2 parabrisas peludos - 2 clips magn\u00e9ticos - 1 Bolsa de almacenamiento\" \/>\n<meta property=\"og:url\" content=\"https:\/\/mivoot.com\/gt\/producto\/microfonos-2-mic-y-1-receptor-lark-max-hollyland\/\" \/>\n<meta property=\"og:site_name\" content=\"Mivoot\" \/>\n<meta property=\"article:publisher\" content=\"https:\/\/www.facebook.com\/mivootgt\" \/>\n<meta property=\"article:modified_time\" content=\"2025-08-16T18:53:01+00:00\" \/>\n<meta property=\"og:image\" content=\"https:\/\/mivoot.com\/gt\/wp-content\/uploads\/2025\/05\/holly.png\" \/>\n\t<meta property=\"og:image:width\" content=\"800\" \/>\n\t<meta property=\"og:image:height\" content=\"800\" \/>\n\t<meta property=\"og:image:type\" content=\"image\/png\" \/>\n<meta name=\"twitter:card\" content=\"summary_large_image\" \/>\n<meta name=\"twitter:label1\" content=\"Est. reading time\" \/>\n\t<meta name=\"twitter:data1\" content=\"6 minutos\" \/>\n<script type=\"application\/ld+json\" class=\"yoast-schema-graph\">{\"@context\":\"https:\/\/schema.org\",\"@graph\":[{\"@type\":\"WebPage\",\"@id\":\"https:\/\/mivoot.com\/gt\/producto\/microfonos-2-mic-y-1-receptor-lark-max-hollyland\/\",\"url\":\"https:\/\/mivoot.com\/gt\/producto\/microfonos-2-mic-y-1-receptor-lark-max-hollyland\/\",\"name\":\"Micr\u00f3fonos 2 Mic y 1 Receptor LARK MAX Hollyland - Mivoot\",\"isPartOf\":{\"@id\":\"https:\/\/mivoot.com\/gt\/#website\"},\"primaryImageOfPage\":{\"@id\":\"https:\/\/mivoot.com\/gt\/producto\/microfonos-2-mic-y-1-receptor-lark-max-hollyland\/#primaryimage\"},\"image\":{\"@id\":\"https:\/\/mivoot.com\/gt\/producto\/microfonos-2-mic-y-1-receptor-lark-max-hollyland\/#primaryimage\"},\"thumbnailUrl\":\"https:\/\/mivoot.com\/gt\/wp-content\/uploads\/2025\/05\/holly.png\",\"datePublished\":\"2025-05-19T16:58:55+00:00\",\"dateModified\":\"2025-08-16T18:53:01+00:00\",\"breadcrumb\":{\"@id\":\"https:\/\/mivoot.com\/gt\/producto\/microfonos-2-mic-y-1-receptor-lark-max-hollyland\/#breadcrumb\"},\"inLanguage\":\"es\",\"potentialAction\":[{\"@type\":\"ReadAction\",\"target\":[\"https:\/\/mivoot.com\/gt\/producto\/microfonos-2-mic-y-1-receptor-lark-max-hollyland\/\"]}]},{\"@type\":\"ImageObject\",\"inLanguage\":\"es\",\"@id\":\"https:\/\/mivoot.com\/gt\/producto\/microfonos-2-mic-y-1-receptor-lark-max-hollyland\/#primaryimage\",\"url\":\"https:\/\/mivoot.com\/gt\/wp-content\/uploads\/2025\/05\/holly.png\",\"contentUrl\":\"https:\/\/mivoot.com\/gt\/wp-content\/uploads\/2025\/05\/holly.png\",\"width\":800,\"height\":800},{\"@type\":\"BreadcrumbList\",\"@id\":\"https:\/\/mivoot.com\/gt\/producto\/microfonos-2-mic-y-1-receptor-lark-max-hollyland\/#breadcrumb\",\"itemListElement\":[{\"@type\":\"ListItem\",\"position\":1,\"name\":\"Inicio\",\"item\":\"https:\/\/mivoot.com\/gt\/\"},{\"@type\":\"ListItem\",\"position\":2,\"name\":\"Productos\",\"item\":\"https:\/\/mivoot.com\/gt\/producto\/\"},{\"@type\":\"ListItem\",\"position\":3,\"name\":\"Hollyland\",\"item\":\"https:\/\/mivoot.com\/gt\/marca\/hollyland\/\"},{\"@type\":\"ListItem\",\"position\":4,\"name\":\"Micr\u00f3fonos 2 Mic y 1 Receptor LARK MAX Hollyland\"}]},{\"@type\":\"WebSite\",\"@id\":\"https:\/\/mivoot.com\/gt\/#website\",\"url\":\"https:\/\/mivoot.com\/gt\/\",\"name\":\"Mivoot\",\"description\":\"Mivoot Guatemala | Tienda Online\",\"publisher\":{\"@id\":\"https:\/\/mivoot.com\/gt\/#organization\"},\"alternateName\":\"mivoot\",\"potentialAction\":[{\"@type\":\"SearchAction\",\"target\":{\"@type\":\"EntryPoint\",\"urlTemplate\":\"https:\/\/mivoot.com\/gt\/?s={search_term_string}\"},\"query-input\":{\"@type\":\"PropertyValueSpecification\",\"valueRequired\":true,\"valueName\":\"search_term_string\"}}],\"inLanguage\":\"es\"},{\"@type\":\"Organization\",\"@id\":\"https:\/\/mivoot.com\/gt\/#organization\",\"name\":\"Mivoot Guatemala\",\"alternateName\":\"mivoot.com\",\"url\":\"https:\/\/mivoot.com\/gt\/\",\"logo\":{\"@type\":\"ImageObject\",\"inLanguage\":\"es\",\"@id\":\"https:\/\/mivoot.com\/gt\/#\/schema\/logo\/image\/\",\"url\":\"https:\/\/mivoot.com\/gt\/wp-content\/uploads\/2023\/03\/cropped-icon.png\",\"contentUrl\":\"https:\/\/mivoot.com\/gt\/wp-content\/uploads\/2023\/03\/cropped-icon.png\",\"width\":512,\"height\":512,\"caption\":\"Mivoot Guatemala\"},\"image\":{\"@id\":\"https:\/\/mivoot.com\/gt\/#\/schema\/logo\/image\/\"},\"sameAs\":[\"https:\/\/www.facebook.com\/mivootgt\",\"https:\/\/instagram.com\/mivoot\"]}]}<\/script>\n<!-- \/ Yoast SEO Premium plugin. -->","yoast_head_json":{"title":"Micr\u00f3fonos 2 Mic y 1 Receptor LARK MAX Hollyland - Mivoot","robots":{"index":"index","follow":"follow","max-snippet":"max-snippet:-1","max-image-preview":"max-image-preview:large","max-video-preview":"max-video-preview:-1"},"canonical":"https:\/\/mivoot.com\/gt\/producto\/microfonos-2-mic-y-1-receptor-lark-max-hollyland\/","og_locale":"es_ES","og_type":"article","og_title":"Micr\u00f3fonos 2 Mic y 1 Receptor LARK MAX Hollyland","og_description":"- Hollyland LARK MAX Duo - Sistema de micr\u00f3fono inal\u00e1mbrico para 2 personas (2,4 GHz, negro) - Bater\u00eda ultralarga de 22 horas de autonom\u00eda - Almacenamiento integrado para 14 horas de grabaci\u00f3n segura - Alta relaci\u00f3n se\u00f1al-ruido 70 dB - Sonido de alta fidelidad de 48 kHz y 24 bits - Tecnolog\u00eda de micr\u00f3fono MaxTimbre - Nivel m\u00e1ximo de presi\u00f3n sonora de entrada (SPL) 128 dB - Tecnolog\u00eda avanzada DSP - Cancelaci\u00f3n del ruido ambiental - 2 transmisores de micr\u00f3fono inal\u00e1mbricos con clip Hollyland LARK MAX (2,4 GHz, negro) - 1 Receptor - Estuche de carga Hollyland LARK MAX (negro) - Cable TRS de 3,5 mm. - Cable USB-C a Lightning - Cable USB-C a USB-C - Cable USB-C a USB-A - 2 parabrisas peludos - 2 clips magn\u00e9ticos - 1 Bolsa de almacenamiento","og_url":"https:\/\/mivoot.com\/gt\/producto\/microfonos-2-mic-y-1-receptor-lark-max-hollyland\/","og_site_name":"Mivoot","article_publisher":"https:\/\/www.facebook.com\/mivootgt","article_modified_time":"2025-08-16T18:53:01+00:00","og_image":[{"width":800,"height":800,"url":"https:\/\/mivoot.com\/gt\/wp-content\/uploads\/2025\/05\/holly.png","type":"image\/png"}],"twitter_card":"summary_large_image","twitter_misc":{"Est. reading time":"6 minutos"},"schema":{"@context":"https:\/\/schema.org","@graph":[{"@type":"WebPage","@id":"https:\/\/mivoot.com\/gt\/producto\/microfonos-2-mic-y-1-receptor-lark-max-hollyland\/","url":"https:\/\/mivoot.com\/gt\/producto\/microfonos-2-mic-y-1-receptor-lark-max-hollyland\/","name":"Micr\u00f3fonos 2 Mic y 1 Receptor LARK MAX Hollyland - Mivoot","isPartOf":{"@id":"https:\/\/mivoot.com\/gt\/#website"},"primaryImageOfPage":{"@id":"https:\/\/mivoot.com\/gt\/producto\/microfonos-2-mic-y-1-receptor-lark-max-hollyland\/#primaryimage"},"image":{"@id":"https:\/\/mivoot.com\/gt\/producto\/microfonos-2-mic-y-1-receptor-lark-max-hollyland\/#primaryimage"},"thumbnailUrl":"https:\/\/mivoot.com\/gt\/wp-content\/uploads\/2025\/05\/holly.png","datePublished":"2025-05-19T16:58:55+00:00","dateModified":"2025-08-16T18:53:01+00:00","breadcrumb":{"@id":"https:\/\/mivoot.com\/gt\/producto\/microfonos-2-mic-y-1-receptor-lark-max-hollyland\/#breadcrumb"},"inLanguage":"es","potentialAction":[{"@type":"ReadAction","target":["https:\/\/mivoot.com\/gt\/producto\/microfonos-2-mic-y-1-receptor-lark-max-hollyland\/"]}]},{"@type":"ImageObject","inLanguage":"es","@id":"https:\/\/mivoot.com\/gt\/producto\/microfonos-2-mic-y-1-receptor-lark-max-hollyland\/#primaryimage","url":"https:\/\/mivoot.com\/gt\/wp-content\/uploads\/2025\/05\/holly.png","contentUrl":"https:\/\/mivoot.com\/gt\/wp-content\/uploads\/2025\/05\/holly.png","width":800,"height":800},{"@type":"BreadcrumbList","@id":"https:\/\/mivoot.com\/gt\/producto\/microfonos-2-mic-y-1-receptor-lark-max-hollyland\/#breadcrumb","itemListElement":[{"@type":"ListItem","position":1,"name":"Inicio","item":"https:\/\/mivoot.com\/gt\/"},{"@type":"ListItem","position":2,"name":"Productos","item":"https:\/\/mivoot.com\/gt\/producto\/"},{"@type":"ListItem","position":3,"name":"Hollyland","item":"https:\/\/mivoot.com\/gt\/marca\/hollyland\/"},{"@type":"ListItem","position":4,"name":"Micr\u00f3fonos 2 Mic y 1 Receptor LARK MAX Hollyland"}]},{"@type":"WebSite","@id":"https:\/\/mivoot.com\/gt\/#website","url":"https:\/\/mivoot.com\/gt\/","name":"Mivoot","description":"Mivoot Guatemala | Tienda Online","publisher":{"@id":"https:\/\/mivoot.com\/gt\/#organization"},"alternateName":"mivoot","potentialAction":[{"@type":"SearchAction","target":{"@type":"EntryPoint","urlTemplate":"https:\/\/mivoot.com\/gt\/?s={search_term_string}"},"query-input":{"@type":"PropertyValueSpecification","valueRequired":true,"valueName":"search_term_string"}}],"inLanguage":"es"},{"@type":"Organization","@id":"https:\/\/mivoot.com\/gt\/#organization","name":"Mivoot Guatemala","alternateName":"mivoot.com","url":"https:\/\/mivoot.com\/gt\/","logo":{"@type":"ImageObject","inLanguage":"es","@id":"https:\/\/mivoot.com\/gt\/#\/schema\/logo\/image\/","url":"https:\/\/mivoot.com\/gt\/wp-content\/uploads\/2023\/03\/cropped-icon.png","contentUrl":"https:\/\/mivoot.com\/gt\/wp-content\/uploads\/2023\/03\/cropped-icon.png","width":512,"height":512,"caption":"Mivoot Guatemala"},"image":{"@id":"https:\/\/mivoot.com\/gt\/#\/schema\/logo\/image\/"},"sameAs":["https:\/\/www.facebook.com\/mivootgt","https:\/\/instagram.com\/mivoot"]}]}},"jetpack_publicize_connections":[],"jetpack_sharing_enabled":true,"brands":[{"id":540,"name":"Hollyland","slug":"hollyland"}],"_links":{"self":[{"href":"https:\/\/mivoot.com\/gt\/wp-json\/wp\/v2\/product\/28220","targetHints":{"allow":["GET"]}}],"collection":[{"href":"https:\/\/mivoot.com\/gt\/wp-json\/wp\/v2\/product"}],"about":[{"href":"https:\/\/mivoot.com\/gt\/wp-json\/wp\/v2\/types\/product"}],"replies":[{"embeddable":true,"href":"https:\/\/mivoot.com\/gt\/wp-json\/wp\/v2\/comments?post=28220"}],"version-history":[{"count":4,"href":"https:\/\/mivoot.com\/gt\/wp-json\/wp\/v2\/product\/28220\/revisions"}],"predecessor-version":[{"id":29442,"href":"https:\/\/mivoot.com\/gt\/wp-json\/wp\/v2\/product\/28220\/revisions\/29442"}],"wp:featuredmedia":[{"embeddable":true,"href":"https:\/\/mivoot.com\/gt\/wp-json\/wp\/v2\/media\/28228"}],"wp:attachment":[{"href":"https:\/\/mivoot.com\/gt\/wp-json\/wp\/v2\/media?parent=28220"}],"wp:term":[{"taxonomy":"pwb-brand","embeddable":true,"href":"https:\/\/mivoot.com\/gt\/wp-json\/wp\/v2\/pwb-brand?post=28220"},{"taxonomy":"product_brand","embeddable":true,"href":"https:\/\/mivoot.com\/gt\/wp-json\/wp\/v2\/product_brand?post=28220"},{"taxonomy":"product_cat","embeddable":true,"href":"https:\/\/mivoot.com\/gt\/wp-json\/wp\/v2\/product_cat?post=28220"},{"taxonomy":"product_tag","embeddable":true,"href":"https:\/\/mivoot.com\/gt\/wp-json\/wp\/v2\/product_tag?post=28220"}],"curies":[{"name":"wp","href":"https:\/\/api.w.org\/{rel}","templated":true}]}}