{"id":28239,"date":"2025-05-20T20:52:40","date_gmt":"2025-05-21T02:52:40","guid":{"rendered":"https:\/\/mivoot.com\/gt\/?post_type=product&#038;p=28239"},"modified":"2025-05-20T21:04:54","modified_gmt":"2025-05-21T03:04:54","slug":"bocina-portatil-bluetooth-flip-7-jbl","status":"publish","type":"product","link":"https:\/\/mivoot.com\/gt\/producto\/bocina-portatil-bluetooth-flip-7-jbl\/","title":{"rendered":"Bocina Port\u00e1til Bluetooth Flip 7 JBL"},"content":{"rendered":"<div id=\"title_feature_div\" class=\"celwidget\" data-feature-name=\"title\" data-csa-c-type=\"widget\" data-csa-c-content-id=\"title\" data-csa-c-slot-id=\"title_feature_div\" data-csa-c-asin=\"B0DMV3BMGP\" data-csa-c-is-in-initial-active-row=\"false\" data-cel-widget=\"title_feature_div\" data-csa-c-id=\"ba57fb-ajacm3-hqznh6-9rrjbh\">\n<div id=\"titleSection\" class=\"a-section a-spacing-none\">\n<h1 id=\"title\" class=\"a-size-large a-spacing-none\" style=\"text-align: center;\"><span id=\"productTitle\" class=\"a-size-large product-title-word-break\">JBL Flip 7 Bocina Port\u00e1til Bluetooth, Bater\u00eda Integrada, Resistente al Agua &#8211; Negro<\/span><\/h1>\n<\/div>\n<\/div>\n<div id=\"bylineInfo_feature_div\" class=\"celwidget\" data-feature-name=\"bylineInfo\" data-csa-c-type=\"widget\" data-csa-c-content-id=\"bylineInfo\" data-csa-c-slot-id=\"bylineInfo_feature_div\" data-csa-c-asin=\"B0DMV3BMGP\" data-csa-c-is-in-initial-active-row=\"false\" data-cel-widget=\"bylineInfo_feature_div\" data-csa-c-id=\"92j2pm-odtcgm-9ve060-5xy88v\"><img decoding=\"async\" class=\"aligncenter\" src=\"https:\/\/m.media-amazon.com\/images\/S\/aplus-media-library-service-media\/2ad6da5b-f7ff-44fd-8431-4910f31473b4.__CR0,0,970,600_PT0_SX970_V1___.jpg\" alt=\"Flip 7 A+ content\" \/><img decoding=\"async\" class=\"aligncenter\" src=\"https:\/\/m.media-amazon.com\/images\/S\/aplus-media-library-service-media\/45c8dd7c-0f80-4522-8afa-57f3af9f7a6d.__CR0,0,970,600_PT0_SX970_V1___.jpg\" alt=\"A+ content flip 7\" \/><\/div>\n<div data-feature-name=\"bylineInfo\" data-csa-c-type=\"widget\" data-csa-c-content-id=\"bylineInfo\" data-csa-c-slot-id=\"bylineInfo_feature_div\" data-csa-c-asin=\"B0DMV3BMGP\" data-csa-c-is-in-initial-active-row=\"false\" data-cel-widget=\"bylineInfo_feature_div\" data-csa-c-id=\"92j2pm-odtcgm-9ve060-5xy88v\"><\/div>\n<div data-feature-name=\"bylineInfo\" data-csa-c-type=\"widget\" data-csa-c-content-id=\"bylineInfo\" data-csa-c-slot-id=\"bylineInfo_feature_div\" data-csa-c-asin=\"B0DMV3BMGP\" data-csa-c-is-in-initial-active-row=\"false\" data-cel-widget=\"bylineInfo_feature_div\" data-csa-c-id=\"92j2pm-odtcgm-9ve060-5xy88v\">\n<h3>El impactante sonido Pro de JBL con AI Sound Boost<\/h3>\n<p>Hemos reforzado los graves y afinado nuestros agudos. \u00bfEl resultado? Graves potentes y m\u00e1s claros, incluso a m\u00e1ximo volumen, y agudos m\u00e1s n\u00edtidos gracias a un nuevo e inteligente dise\u00f1o de la c\u00fapula del altavoz de agudos, que a\u00f1ade m\u00e1s profundidad al sonido de tu altavoz. Tambi\u00e9n hemos incorporado AI Sound Boost, nuestra nueva tecnolog\u00eda patentada, que analiza la m\u00fasica en tiempo real para ofrecer el m\u00e1ximo rendimiento ac\u00fastico con menos distorsi\u00f3n. Es como tener un peque\u00f1o genio del audio dentro de cada Flip 7. Ahora podemos ofrecerte un mejor sonido sin un gramo de peso de m\u00e1s. Mismo tama\u00f1o, m\u00e1s potencia.<\/p>\n<h3>Hasta 16\u00a0horas de reproducci\u00f3n<\/h3>\n<p>Una sola carga te permite mantener el ritmo durante 14 horas, pero si necesitas exprimir un poco m\u00e1s el jugo a la ocasi\u00f3n o darte otro baile con tu pareja, puedes sacarle 2 horas m\u00e1s con Playtime Boost.<\/p>\n<h3>Conexi\u00f3n de varios altavoces con Auracast\u2122<\/h3>\n<p>\u00bfNo te encantar\u00eda compartir tu estado de \u00e1nimo con toda tu gente? Pues ahora puedes hacerlo. Gracias a Auracast\u2122 podemos conectar sin esfuerzo dos altavoces Flip 7 para disfrutar de un escenario sonoro m\u00e1s amplio y conectar varios altavoces JBL compatibles con Auracast\u2122 para cubrir m\u00e1s terreno con la misma lista de reproducci\u00f3n.<\/p>\n<h3>Caracter\u00edsticas generales<\/h3>\n<div class=\"accordion-content\">\n<ul>\n<li class=\"spec-row\"><span class=\"spec-key\">Transductores<\/span><span class=\"spec-value\">altavoz de graves de 45 x 80\u00a0mm, altavoz de agudos de 16\u00a0mm<\/span><\/li>\n<li class=\"spec-row\"><span class=\"spec-key\">Potencia de salida<\/span><span class=\"spec-value\">altavoz de graves 25\u00a0W, altavoz de agudos 10\u00a0W RMS<\/span><\/li>\n<li class=\"spec-row\"><span class=\"spec-key\">Respuesta de frecuencia<\/span><span class=\"spec-value\">60\u00a0Hz &#8211; 20\u00a0kHz<\/span><\/li>\n<li class=\"spec-row\"><span class=\"spec-key\">Relaci\u00f3n se\u00f1al\/ruido<\/span><span class=\"spec-value\">&gt;80\u00a0dB<\/span><\/li>\n<li class=\"spec-row\"><span class=\"spec-key\">Tipo de bater\u00eda<\/span><span class=\"spec-value\">Pol\u00edmero de iones de litio de 17,28\u00a0Wh (equivalente a 3,6\u00a0V\/4800\u00a0mAh)<\/span><\/li>\n<li class=\"spec-row\"><span class=\"spec-key\">Tiempo de carga de la bater\u00eda<\/span><span class=\"spec-value\">2,5\u00a0horas a 5\u00a0V\/3\u00a0A<\/span><\/li>\n<li class=\"spec-row\"><span class=\"spec-key\">Tiempo de reproducci\u00f3n de m\u00fasica<\/span><span class=\"spec-value\">Hasta 14\u00a0horas, m\u00e1s 2 horas con Playtime Boost (dependiendo del volumen y del contenido del audio)<\/span><\/li>\n<li class=\"spec-row\"><span class=\"spec-key\">Temperatura m\u00e1xima de funcionamiento<\/span><span class=\"spec-value\">45\u00a0\u00b0C<\/span><\/li>\n<\/ul>\n<h3>Medidas<\/h3>\n<div class=\"accordion-content\">\n<ul>\n<li class=\"spec-row\"><span class=\"spec-key\">Dimensiones (An x Al x Pr)<\/span><span class=\"spec-value\">182,5 x 69,5 x 71,5\u00a0mm<\/span><\/li>\n<li class=\"spec-row\"><span class=\"spec-key\">Peso neto:\u00a00,56 kg<\/span><span class=\"spec-value\">S\u00ed<\/span><\/li>\n<li class=\"spec-row\"><span class=\"spec-key\">Dimensiones del embalaje<\/span><span class=\"spec-value\">S\u00ed<\/span><\/li>\n<li class=\"spec-row\"><span class=\"spec-key\">Dimensiones (An Al x Pr)<\/span><span class=\"spec-value\">211,5 x 109,5 x 92,5\u00a0mm<\/span><\/li>\n<li class=\"spec-row\"><span class=\"spec-key\">Peso bruto:\u00a00,826\u00a0kg<\/span><span class=\"spec-value\">S\u00ed<\/span><\/li>\n<\/ul>\n<\/div>\n<\/div>\n<\/div>\n<div data-feature-name=\"bylineInfo\" data-csa-c-type=\"widget\" data-csa-c-content-id=\"bylineInfo\" data-csa-c-slot-id=\"bylineInfo_feature_div\" data-csa-c-asin=\"B0DMV3BMGP\" data-csa-c-is-in-initial-active-row=\"false\" data-cel-widget=\"bylineInfo_feature_div\" data-csa-c-id=\"92j2pm-odtcgm-9ve060-5xy88v\"><\/div>\n<div data-feature-name=\"bylineInfo\" data-csa-c-type=\"widget\" data-csa-c-content-id=\"bylineInfo\" data-csa-c-slot-id=\"bylineInfo_feature_div\" data-csa-c-asin=\"B0DMV3BMGP\" data-csa-c-is-in-initial-active-row=\"false\" data-cel-widget=\"bylineInfo_feature_div\" data-csa-c-id=\"92j2pm-odtcgm-9ve060-5xy88v\"><img decoding=\"async\" class=\"aligncenter\" src=\"https:\/\/www.jbl.com\/dw\/image\/v2\/BFND_PRD\/on\/demandware.static\/-\/Sites-masterCatalog_Harman\/default\/dw341e2d60\/pdp\/JBL_Flip_7_Lifestyle_01_904x560px.png?sw=904&amp;sh=560\" alt=\"JBL Flip 7 Bold JBL Pro Sound with AI Sound Boost - Image\" \/><img decoding=\"async\" src=\"https:\/\/m.media-amazon.com\/images\/I\/81xWO9HgZXL._AC_SL1500_.jpg\" \/><img decoding=\"async\" src=\"https:\/\/m.media-amazon.com\/images\/I\/810z47nmAEL._AC_SL1500_.jpg\" \/><\/div>\n","protected":false},"excerpt":{"rendered":"<p>&#8211; Tipo de bater\u00eda Pol\u00edmero de iones de litio de 17,28\u00a0Wh (equivalente a 3,6\u00a0V\/4800\u00a0mAh)<br \/>\n&#8211; Tiempo de carga de la bater\u00eda 2,5\u00a0horas a 5\u00a0V\/3\u00a0A<br \/>\n&#8211; Tiempo de reproducci\u00f3n de m\u00fasica Hasta 14\u00a0horas,<br \/>\n&#8211; m\u00e1s 2 horas con Playtime Boost (dependiendo del volumen y del contenido del audio)<\/p>\n","protected":false},"featured_media":28244,"comment_status":"open","ping_status":"closed","template":"","meta":{"jetpack_publicize_message":"","jetpack_publicize_feature_enabled":true,"jetpack_social_post_already_shared":true,"jetpack_social_options":{"image_generator_settings":{"template":"highway","default_image_id":0,"font":"","enabled":false},"version":2}},"pwb-brand":[75],"product_brand":[],"product_cat":[26],"product_tag":[],"class_list":{"0":"post-28239","1":"product","2":"type-product","3":"status-publish","4":"has-post-thumbnail","6":"pwb-brand-jbl","7":"product_cat-bocinas","9":"first","10":"instock","11":"taxable","12":"shipping-taxable","13":"product-type-simple"},"yoast_head":"<!-- This site is optimized with the Yoast SEO Premium plugin v25.7.1 (Yoast SEO v26.8) - https:\/\/yoast.com\/product\/yoast-seo-premium-wordpress\/ -->\n<title>Bocina Port\u00e1til Bluetooth Flip 7 JBL - Mivoot<\/title>\n<meta name=\"robots\" content=\"index, follow, max-snippet:-1, max-image-preview:large, max-video-preview:-1\" \/>\n<link rel=\"canonical\" href=\"https:\/\/mivoot.com\/gt\/producto\/bocina-portatil-bluetooth-flip-7-jbl\/\" \/>\n<meta property=\"og:locale\" content=\"es_ES\" \/>\n<meta property=\"og:type\" content=\"article\" \/>\n<meta property=\"og:title\" content=\"Bocina Port\u00e1til Bluetooth Flip 7 JBL\" \/>\n<meta property=\"og:description\" content=\"- Tipo de bater\u00eda Pol\u00edmero de iones de litio de 17,28\u00a0Wh (equivalente a 3,6\u00a0V\/4800\u00a0mAh) - Tiempo de carga de la bater\u00eda 2,5\u00a0horas a 5\u00a0V\/3\u00a0A - Tiempo de reproducci\u00f3n de m\u00fasica Hasta 14\u00a0horas,  - m\u00e1s 2 horas con Playtime Boost (dependiendo del volumen y del contenido del audio)\" \/>\n<meta property=\"og:url\" content=\"https:\/\/mivoot.com\/gt\/producto\/bocina-portatil-bluetooth-flip-7-jbl\/\" \/>\n<meta property=\"og:site_name\" content=\"Mivoot\" \/>\n<meta property=\"article:publisher\" content=\"https:\/\/www.facebook.com\/mivootgt\" \/>\n<meta property=\"article:modified_time\" content=\"2025-05-21T03:04:54+00:00\" \/>\n<meta property=\"og:image\" content=\"https:\/\/mivoot.com\/gt\/wp-content\/uploads\/2025\/05\/JBL-FLIP-7-BLACK-04.png\" \/>\n\t<meta property=\"og:image:width\" content=\"537\" \/>\n\t<meta property=\"og:image:height\" content=\"537\" \/>\n\t<meta property=\"og:image:type\" content=\"image\/png\" \/>\n<meta name=\"twitter:card\" content=\"summary_large_image\" \/>\n<meta name=\"twitter:label1\" content=\"Est. reading time\" \/>\n\t<meta name=\"twitter:data1\" content=\"3 minutos\" \/>\n<script type=\"application\/ld+json\" class=\"yoast-schema-graph\">{\"@context\":\"https:\/\/schema.org\",\"@graph\":[{\"@type\":\"WebPage\",\"@id\":\"https:\/\/mivoot.com\/gt\/producto\/bocina-portatil-bluetooth-flip-7-jbl\/\",\"url\":\"https:\/\/mivoot.com\/gt\/producto\/bocina-portatil-bluetooth-flip-7-jbl\/\",\"name\":\"Bocina Port\u00e1til Bluetooth Flip 7 JBL - Mivoot\",\"isPartOf\":{\"@id\":\"https:\/\/mivoot.com\/gt\/#website\"},\"primaryImageOfPage\":{\"@id\":\"https:\/\/mivoot.com\/gt\/producto\/bocina-portatil-bluetooth-flip-7-jbl\/#primaryimage\"},\"image\":{\"@id\":\"https:\/\/mivoot.com\/gt\/producto\/bocina-portatil-bluetooth-flip-7-jbl\/#primaryimage\"},\"thumbnailUrl\":\"https:\/\/mivoot.com\/gt\/wp-content\/uploads\/2025\/05\/JBL-FLIP-7-BLACK-04.png\",\"datePublished\":\"2025-05-21T02:52:40+00:00\",\"dateModified\":\"2025-05-21T03:04:54+00:00\",\"breadcrumb\":{\"@id\":\"https:\/\/mivoot.com\/gt\/producto\/bocina-portatil-bluetooth-flip-7-jbl\/#breadcrumb\"},\"inLanguage\":\"es\",\"potentialAction\":[{\"@type\":\"ReadAction\",\"target\":[\"https:\/\/mivoot.com\/gt\/producto\/bocina-portatil-bluetooth-flip-7-jbl\/\"]}]},{\"@type\":\"ImageObject\",\"inLanguage\":\"es\",\"@id\":\"https:\/\/mivoot.com\/gt\/producto\/bocina-portatil-bluetooth-flip-7-jbl\/#primaryimage\",\"url\":\"https:\/\/mivoot.com\/gt\/wp-content\/uploads\/2025\/05\/JBL-FLIP-7-BLACK-04.png\",\"contentUrl\":\"https:\/\/mivoot.com\/gt\/wp-content\/uploads\/2025\/05\/JBL-FLIP-7-BLACK-04.png\",\"width\":537,\"height\":537},{\"@type\":\"BreadcrumbList\",\"@id\":\"https:\/\/mivoot.com\/gt\/producto\/bocina-portatil-bluetooth-flip-7-jbl\/#breadcrumb\",\"itemListElement\":[{\"@type\":\"ListItem\",\"position\":1,\"name\":\"Inicio\",\"item\":\"https:\/\/mivoot.com\/gt\/\"},{\"@type\":\"ListItem\",\"position\":2,\"name\":\"Productos\",\"item\":\"https:\/\/mivoot.com\/gt\/producto\/\"},{\"@type\":\"ListItem\",\"position\":3,\"name\":\"JBL\",\"item\":\"https:\/\/mivoot.com\/gt\/marca\/jbl\/\"},{\"@type\":\"ListItem\",\"position\":4,\"name\":\"Bocina Port\u00e1til Bluetooth Flip 7 JBL\"}]},{\"@type\":\"WebSite\",\"@id\":\"https:\/\/mivoot.com\/gt\/#website\",\"url\":\"https:\/\/mivoot.com\/gt\/\",\"name\":\"Mivoot\",\"description\":\"Mivoot Guatemala | Tienda Online\",\"publisher\":{\"@id\":\"https:\/\/mivoot.com\/gt\/#organization\"},\"alternateName\":\"mivoot\",\"potentialAction\":[{\"@type\":\"SearchAction\",\"target\":{\"@type\":\"EntryPoint\",\"urlTemplate\":\"https:\/\/mivoot.com\/gt\/?s={search_term_string}\"},\"query-input\":{\"@type\":\"PropertyValueSpecification\",\"valueRequired\":true,\"valueName\":\"search_term_string\"}}],\"inLanguage\":\"es\"},{\"@type\":\"Organization\",\"@id\":\"https:\/\/mivoot.com\/gt\/#organization\",\"name\":\"Mivoot Guatemala\",\"alternateName\":\"mivoot.com\",\"url\":\"https:\/\/mivoot.com\/gt\/\",\"logo\":{\"@type\":\"ImageObject\",\"inLanguage\":\"es\",\"@id\":\"https:\/\/mivoot.com\/gt\/#\/schema\/logo\/image\/\",\"url\":\"https:\/\/mivoot.com\/gt\/wp-content\/uploads\/2023\/03\/cropped-icon.png\",\"contentUrl\":\"https:\/\/mivoot.com\/gt\/wp-content\/uploads\/2023\/03\/cropped-icon.png\",\"width\":512,\"height\":512,\"caption\":\"Mivoot Guatemala\"},\"image\":{\"@id\":\"https:\/\/mivoot.com\/gt\/#\/schema\/logo\/image\/\"},\"sameAs\":[\"https:\/\/www.facebook.com\/mivootgt\",\"https:\/\/instagram.com\/mivoot\"]}]}<\/script>\n<!-- \/ Yoast SEO Premium plugin. -->","yoast_head_json":{"title":"Bocina Port\u00e1til Bluetooth Flip 7 JBL - Mivoot","robots":{"index":"index","follow":"follow","max-snippet":"max-snippet:-1","max-image-preview":"max-image-preview:large","max-video-preview":"max-video-preview:-1"},"canonical":"https:\/\/mivoot.com\/gt\/producto\/bocina-portatil-bluetooth-flip-7-jbl\/","og_locale":"es_ES","og_type":"article","og_title":"Bocina Port\u00e1til Bluetooth Flip 7 JBL","og_description":"- Tipo de bater\u00eda Pol\u00edmero de iones de litio de 17,28\u00a0Wh (equivalente a 3,6\u00a0V\/4800\u00a0mAh) - Tiempo de carga de la bater\u00eda 2,5\u00a0horas a 5\u00a0V\/3\u00a0A - Tiempo de reproducci\u00f3n de m\u00fasica Hasta 14\u00a0horas,  - m\u00e1s 2 horas con Playtime Boost (dependiendo del volumen y del contenido del audio)","og_url":"https:\/\/mivoot.com\/gt\/producto\/bocina-portatil-bluetooth-flip-7-jbl\/","og_site_name":"Mivoot","article_publisher":"https:\/\/www.facebook.com\/mivootgt","article_modified_time":"2025-05-21T03:04:54+00:00","og_image":[{"width":537,"height":537,"url":"https:\/\/mivoot.com\/gt\/wp-content\/uploads\/2025\/05\/JBL-FLIP-7-BLACK-04.png","type":"image\/png"}],"twitter_card":"summary_large_image","twitter_misc":{"Est. reading time":"3 minutos"},"schema":{"@context":"https:\/\/schema.org","@graph":[{"@type":"WebPage","@id":"https:\/\/mivoot.com\/gt\/producto\/bocina-portatil-bluetooth-flip-7-jbl\/","url":"https:\/\/mivoot.com\/gt\/producto\/bocina-portatil-bluetooth-flip-7-jbl\/","name":"Bocina Port\u00e1til Bluetooth Flip 7 JBL - Mivoot","isPartOf":{"@id":"https:\/\/mivoot.com\/gt\/#website"},"primaryImageOfPage":{"@id":"https:\/\/mivoot.com\/gt\/producto\/bocina-portatil-bluetooth-flip-7-jbl\/#primaryimage"},"image":{"@id":"https:\/\/mivoot.com\/gt\/producto\/bocina-portatil-bluetooth-flip-7-jbl\/#primaryimage"},"thumbnailUrl":"https:\/\/mivoot.com\/gt\/wp-content\/uploads\/2025\/05\/JBL-FLIP-7-BLACK-04.png","datePublished":"2025-05-21T02:52:40+00:00","dateModified":"2025-05-21T03:04:54+00:00","breadcrumb":{"@id":"https:\/\/mivoot.com\/gt\/producto\/bocina-portatil-bluetooth-flip-7-jbl\/#breadcrumb"},"inLanguage":"es","potentialAction":[{"@type":"ReadAction","target":["https:\/\/mivoot.com\/gt\/producto\/bocina-portatil-bluetooth-flip-7-jbl\/"]}]},{"@type":"ImageObject","inLanguage":"es","@id":"https:\/\/mivoot.com\/gt\/producto\/bocina-portatil-bluetooth-flip-7-jbl\/#primaryimage","url":"https:\/\/mivoot.com\/gt\/wp-content\/uploads\/2025\/05\/JBL-FLIP-7-BLACK-04.png","contentUrl":"https:\/\/mivoot.com\/gt\/wp-content\/uploads\/2025\/05\/JBL-FLIP-7-BLACK-04.png","width":537,"height":537},{"@type":"BreadcrumbList","@id":"https:\/\/mivoot.com\/gt\/producto\/bocina-portatil-bluetooth-flip-7-jbl\/#breadcrumb","itemListElement":[{"@type":"ListItem","position":1,"name":"Inicio","item":"https:\/\/mivoot.com\/gt\/"},{"@type":"ListItem","position":2,"name":"Productos","item":"https:\/\/mivoot.com\/gt\/producto\/"},{"@type":"ListItem","position":3,"name":"JBL","item":"https:\/\/mivoot.com\/gt\/marca\/jbl\/"},{"@type":"ListItem","position":4,"name":"Bocina Port\u00e1til Bluetooth Flip 7 JBL"}]},{"@type":"WebSite","@id":"https:\/\/mivoot.com\/gt\/#website","url":"https:\/\/mivoot.com\/gt\/","name":"Mivoot","description":"Mivoot Guatemala | Tienda Online","publisher":{"@id":"https:\/\/mivoot.com\/gt\/#organization"},"alternateName":"mivoot","potentialAction":[{"@type":"SearchAction","target":{"@type":"EntryPoint","urlTemplate":"https:\/\/mivoot.com\/gt\/?s={search_term_string}"},"query-input":{"@type":"PropertyValueSpecification","valueRequired":true,"valueName":"search_term_string"}}],"inLanguage":"es"},{"@type":"Organization","@id":"https:\/\/mivoot.com\/gt\/#organization","name":"Mivoot Guatemala","alternateName":"mivoot.com","url":"https:\/\/mivoot.com\/gt\/","logo":{"@type":"ImageObject","inLanguage":"es","@id":"https:\/\/mivoot.com\/gt\/#\/schema\/logo\/image\/","url":"https:\/\/mivoot.com\/gt\/wp-content\/uploads\/2023\/03\/cropped-icon.png","contentUrl":"https:\/\/mivoot.com\/gt\/wp-content\/uploads\/2023\/03\/cropped-icon.png","width":512,"height":512,"caption":"Mivoot Guatemala"},"image":{"@id":"https:\/\/mivoot.com\/gt\/#\/schema\/logo\/image\/"},"sameAs":["https:\/\/www.facebook.com\/mivootgt","https:\/\/instagram.com\/mivoot"]}]}},"jetpack_publicize_connections":[],"jetpack_sharing_enabled":true,"brands":[{"id":75,"name":"JBL","slug":"jbl"}],"_links":{"self":[{"href":"https:\/\/mivoot.com\/gt\/wp-json\/wp\/v2\/product\/28239","targetHints":{"allow":["GET"]}}],"collection":[{"href":"https:\/\/mivoot.com\/gt\/wp-json\/wp\/v2\/product"}],"about":[{"href":"https:\/\/mivoot.com\/gt\/wp-json\/wp\/v2\/types\/product"}],"replies":[{"embeddable":true,"href":"https:\/\/mivoot.com\/gt\/wp-json\/wp\/v2\/comments?post=28239"}],"version-history":[{"count":3,"href":"https:\/\/mivoot.com\/gt\/wp-json\/wp\/v2\/product\/28239\/revisions"}],"predecessor-version":[{"id":28257,"href":"https:\/\/mivoot.com\/gt\/wp-json\/wp\/v2\/product\/28239\/revisions\/28257"}],"wp:featuredmedia":[{"embeddable":true,"href":"https:\/\/mivoot.com\/gt\/wp-json\/wp\/v2\/media\/28244"}],"wp:attachment":[{"href":"https:\/\/mivoot.com\/gt\/wp-json\/wp\/v2\/media?parent=28239"}],"wp:term":[{"taxonomy":"pwb-brand","embeddable":true,"href":"https:\/\/mivoot.com\/gt\/wp-json\/wp\/v2\/pwb-brand?post=28239"},{"taxonomy":"product_brand","embeddable":true,"href":"https:\/\/mivoot.com\/gt\/wp-json\/wp\/v2\/product_brand?post=28239"},{"taxonomy":"product_cat","embeddable":true,"href":"https:\/\/mivoot.com\/gt\/wp-json\/wp\/v2\/product_cat?post=28239"},{"taxonomy":"product_tag","embeddable":true,"href":"https:\/\/mivoot.com\/gt\/wp-json\/wp\/v2\/product_tag?post=28239"}],"curies":[{"name":"wp","href":"https:\/\/api.w.org\/{rel}","templated":true}]}}