{"id":28259,"date":"2025-05-20T21:14:42","date_gmt":"2025-05-21T03:14:42","guid":{"rendered":"https:\/\/mivoot.com\/gt\/?post_type=product&#038;p=28259"},"modified":"2025-05-21T12:10:33","modified_gmt":"2025-05-21T18:10:33","slug":"tocadiscos-spinner-bt-jbl","status":"publish","type":"product","link":"https:\/\/mivoot.com\/gt\/producto\/tocadiscos-spinner-bt-jbl\/","title":{"rendered":"Tocadiscos Spinner BT JBL"},"content":{"rendered":"<div class=\"title_RiltKdop13\">\n<h1 class=\"text_TAw0W35QK_ comfy_TAw0W35QK_ sizeTitle2_TAw0W35QK_ weightNormal_TAw0W35QK_ primary_i3MsQsqoe0\" style=\"text-align: center;\" data-selenium=\"productTitle\">JBL Spinner BT &#8211; Tocadiscos manual de dos velocidades con Bluetooth<\/h1>\n<h3>Bluetooth con AptX-HD\u2122<\/h3>\n<p>Se empareja r\u00e1pidamente con tus altavoces o auriculares Bluetooth para una conexi\u00f3n instant\u00e1nea a tu colecci\u00f3n de discos. Con la codificaci\u00f3n AptX-HD, lo escuchar\u00e1s todo a la perfecci\u00f3n.<\/p>\n<p><img decoding=\"async\" class=\"aligncenter\" src=\"https:\/\/www.jbl.com.gt\/on\/demandware.static\/-\/Sites-masterCatalog_Harman\/default\/dwbe915341\/pdp\/JBL%20Spinner%20Front%20View%20Lid%20Off%201%20v3%20(2).png\" alt=\"Bluetooth con AptX-HD\u2122\" \/><\/p>\n<h3>Dise\u00f1o vivo<\/h3>\n<p>Tu declaraci\u00f3n personal de la intensidad y alegr\u00eda que Vinyl le aporta a tu vida, una relaci\u00f3n m\u00e1s \u00edntima con tus artistas de m\u00fasica favoritos.<\/p>\n<\/div>\n<div class=\"metaShare_RiltKdop13\">\n<div class=\"meta_RiltKdop13\">\n<div class=\"element_kcQ1qlyqn6\">\n<h3>Componentes de alta calidad<\/h3>\n<p>Escucha la calidad de los discos sin deteriorarlos en el proceso. El brazo de lectura de aluminio de alta calidad garantiza un excelente seguimiento del ritmo del disco sin desgastarlo.<\/p>\n<\/div>\n<\/div>\n<h3>Caracter\u00edsticas generales<\/h3>\n<div class=\"accordion-content\">\n<ul>\n<li><span class=\"spec-key\">Tipo<\/span><span class=\"spec-value\">Tocadiscos<\/span><\/li>\n<li><span class=\"spec-key\">Materiales del zocalo<\/span><span class=\"spec-value\">MDF con acabado en negro<\/span><\/li>\n<li><span class=\"spec-key\">Materiales del plato<\/span><span class=\"spec-value\">Aluminio fundido<\/span><\/li>\n<li><span class=\"spec-key\">Materiales del brazo de lectura<\/span><span class=\"spec-value\">Aluminio<\/span><\/li>\n<li><span class=\"spec-key\">Caracteristicas del brazo de lectura<\/span><span class=\"spec-value\">Cabezal extraible, contrapeso ajustable, antideslizamiento ajustable<\/span><\/li>\n<li><span class=\"spec-key\">Cartucho colocado<\/span><span class=\"spec-value\">Audio Technica AT3600L<\/span><\/li>\n<li><span class=\"spec-key\">Cartucho de repuesto<\/span><span class=\"spec-value\">Audio Technica ATN3600L<\/span><\/li>\n<li><span class=\"spec-key\">Salida Bluetooth<\/span><span class=\"spec-value\">Bluetooth 5.2 con Audio Qualcomm aptX HD<\/span><\/li>\n<li><span class=\"spec-key\">Version del perfil de Bluetooth<\/span><span class=\"spec-value\">A2DP 1.4, AVRCP 1.6.2<\/span><\/li>\n<li><span class=\"spec-key\">Intervalo de frecuencias de Bluetooth<\/span><span class=\"spec-value\">2,4~2,4835 GHz<\/span><\/li>\n<li><span class=\"spec-key\">Potencia transmitida maxima<\/span><span class=\"spec-value\">&lt;2,0 dBm (EIRP)<\/span><\/li>\n<li><span class=\"spec-key\">Modulacion del transmisor<\/span><span class=\"spec-value\">GFSK, \u03c0\/4-DQPSK, 8DPSK<\/span><\/li>\n<li><span class=\"spec-key\">Salida analogica<\/span><span class=\"spec-value\">1x Par estereo (RCA)<\/span><\/li>\n<li><span class=\"spec-key\">Etapa de fono<\/span><span class=\"spec-value\">Etapa de fono MM anulable<\/span><\/li>\n<li><span class=\"spec-key\">Relacion senal-ruido<\/span><span class=\"spec-value\">&gt;65 dB<\/span><\/li>\n<li><span class=\"spec-key\">Tipo de motor<\/span><span class=\"spec-value\">Transmision por correa CC<\/span><\/li>\n<li><span class=\"spec-key\">Fuente de alimentacion<\/span><span class=\"spec-value\">12 V CC 1 A<\/span><\/li>\n<li><span class=\"spec-key\">Dimensiones<\/span><span class=\"spec-value\">155 mm An. x 435 mm Al. x 368 mm Prof.<\/span><\/li>\n<li><span class=\"spec-key\">Peso del producto<\/span><span class=\"spec-value\">5,3 kg<\/span><\/li>\n<li><span class=\"spec-key\">Dimensiones de la caja<\/span><span class=\"spec-value\">254 mm An. x 545 mm Al. x 455 mm Prof.<\/span><\/li>\n<li><span class=\"spec-key\">Peso de la caja<\/span><span class=\"spec-value\">8,5 kg (18,8 libras)<\/span><\/li>\n<\/ul>\n<p><img decoding=\"async\" src=\"https:\/\/static.bhphoto.com\/images\/multiple_images\/images500x500\/1700476259_IMG_2127262.jpg\" \/><img decoding=\"async\" src=\"https:\/\/static.bhphoto.com\/images\/multiple_images\/images500x500\/1700476259_IMG_2127264.jpg\" \/><\/p>\n<p>&nbsp;<\/p>\n<\/div>\n<\/div>\n","protected":false},"excerpt":{"rendered":"<p>JBL Spinner BT &#8211; Tocadiscos manual de dos velocidades con Bluetooth Bluetooth con AptX-HD\u2122 Se empareja r\u00e1pidamente con tus altavoces o auriculares Bluetooth para una conexi\u00f3n instant\u00e1nea a tu colecci\u00f3n de discos. Con la codificaci\u00f3n AptX-HD, lo escuchar\u00e1s todo a la perfecci\u00f3n. Dise\u00f1o vivo Tu declaraci\u00f3n personal de la intensidad y alegr\u00eda que Vinyl le [&#8230;]\n","protected":false},"featured_media":28266,"comment_status":"open","ping_status":"closed","template":"","meta":{"jetpack_publicize_message":"","jetpack_publicize_feature_enabled":true,"jetpack_social_post_already_shared":true,"jetpack_social_options":{"image_generator_settings":{"template":"highway","default_image_id":0,"font":"","enabled":false},"version":2}},"pwb-brand":[75],"product_brand":[],"product_cat":[26],"product_tag":[],"class_list":{"0":"post-28259","1":"product","2":"type-product","3":"status-publish","4":"has-post-thumbnail","6":"pwb-brand-jbl","7":"product_cat-bocinas","9":"first","10":"instock","11":"taxable","12":"shipping-taxable","13":"purchasable","14":"product-type-simple"},"yoast_head":"<!-- This site is optimized with the Yoast SEO Premium plugin v25.7.1 (Yoast SEO v26.8) - https:\/\/yoast.com\/product\/yoast-seo-premium-wordpress\/ -->\n<title>Tocadiscos Spinner BT JBL - Mivoot<\/title>\n<meta name=\"robots\" content=\"index, follow, max-snippet:-1, max-image-preview:large, max-video-preview:-1\" \/>\n<link rel=\"canonical\" href=\"https:\/\/mivoot.com\/gt\/producto\/tocadiscos-spinner-bt-jbl\/\" \/>\n<meta property=\"og:locale\" content=\"es_ES\" \/>\n<meta property=\"og:type\" content=\"article\" \/>\n<meta property=\"og:title\" content=\"Tocadiscos Spinner BT JBL\" \/>\n<meta property=\"og:description\" content=\"JBL Spinner BT &#8211; Tocadiscos manual de dos velocidades con Bluetooth Bluetooth con AptX-HD\u2122 Se empareja r\u00e1pidamente con tus altavoces o auriculares Bluetooth para una conexi\u00f3n instant\u00e1nea a tu colecci\u00f3n de discos. Con la codificaci\u00f3n AptX-HD, lo escuchar\u00e1s todo a la perfecci\u00f3n. Dise\u00f1o vivo Tu declaraci\u00f3n personal de la intensidad y alegr\u00eda que Vinyl le [...]\" \/>\n<meta property=\"og:url\" content=\"https:\/\/mivoot.com\/gt\/producto\/tocadiscos-spinner-bt-jbl\/\" \/>\n<meta property=\"og:site_name\" content=\"Mivoot\" \/>\n<meta property=\"article:publisher\" content=\"https:\/\/www.facebook.com\/mivootgt\" \/>\n<meta property=\"article:modified_time\" content=\"2025-05-21T18:10:33+00:00\" \/>\n<meta property=\"og:image\" content=\"https:\/\/mivoot.com\/gt\/wp-content\/uploads\/2025\/05\/JBL-Spinner-BT-00.jpg\" \/>\n\t<meta property=\"og:image:width\" content=\"500\" \/>\n\t<meta property=\"og:image:height\" content=\"500\" \/>\n\t<meta property=\"og:image:type\" content=\"image\/jpeg\" \/>\n<meta name=\"twitter:card\" content=\"summary_large_image\" \/>\n<meta name=\"twitter:label1\" content=\"Est. reading time\" \/>\n\t<meta name=\"twitter:data1\" content=\"2 minutos\" \/>\n<script type=\"application\/ld+json\" class=\"yoast-schema-graph\">{\"@context\":\"https:\/\/schema.org\",\"@graph\":[{\"@type\":\"WebPage\",\"@id\":\"https:\/\/mivoot.com\/gt\/producto\/tocadiscos-spinner-bt-jbl\/\",\"url\":\"https:\/\/mivoot.com\/gt\/producto\/tocadiscos-spinner-bt-jbl\/\",\"name\":\"Tocadiscos Spinner BT JBL - Mivoot\",\"isPartOf\":{\"@id\":\"https:\/\/mivoot.com\/gt\/#website\"},\"primaryImageOfPage\":{\"@id\":\"https:\/\/mivoot.com\/gt\/producto\/tocadiscos-spinner-bt-jbl\/#primaryimage\"},\"image\":{\"@id\":\"https:\/\/mivoot.com\/gt\/producto\/tocadiscos-spinner-bt-jbl\/#primaryimage\"},\"thumbnailUrl\":\"https:\/\/mivoot.com\/gt\/wp-content\/uploads\/2025\/05\/JBL-Spinner-BT-00.jpg\",\"datePublished\":\"2025-05-21T03:14:42+00:00\",\"dateModified\":\"2025-05-21T18:10:33+00:00\",\"breadcrumb\":{\"@id\":\"https:\/\/mivoot.com\/gt\/producto\/tocadiscos-spinner-bt-jbl\/#breadcrumb\"},\"inLanguage\":\"es\",\"potentialAction\":[{\"@type\":\"ReadAction\",\"target\":[\"https:\/\/mivoot.com\/gt\/producto\/tocadiscos-spinner-bt-jbl\/\"]}]},{\"@type\":\"ImageObject\",\"inLanguage\":\"es\",\"@id\":\"https:\/\/mivoot.com\/gt\/producto\/tocadiscos-spinner-bt-jbl\/#primaryimage\",\"url\":\"https:\/\/mivoot.com\/gt\/wp-content\/uploads\/2025\/05\/JBL-Spinner-BT-00.jpg\",\"contentUrl\":\"https:\/\/mivoot.com\/gt\/wp-content\/uploads\/2025\/05\/JBL-Spinner-BT-00.jpg\",\"width\":500,\"height\":500},{\"@type\":\"BreadcrumbList\",\"@id\":\"https:\/\/mivoot.com\/gt\/producto\/tocadiscos-spinner-bt-jbl\/#breadcrumb\",\"itemListElement\":[{\"@type\":\"ListItem\",\"position\":1,\"name\":\"Inicio\",\"item\":\"https:\/\/mivoot.com\/gt\/\"},{\"@type\":\"ListItem\",\"position\":2,\"name\":\"Productos\",\"item\":\"https:\/\/mivoot.com\/gt\/producto\/\"},{\"@type\":\"ListItem\",\"position\":3,\"name\":\"JBL\",\"item\":\"https:\/\/mivoot.com\/gt\/marca\/jbl\/\"},{\"@type\":\"ListItem\",\"position\":4,\"name\":\"Tocadiscos Spinner BT JBL\"}]},{\"@type\":\"WebSite\",\"@id\":\"https:\/\/mivoot.com\/gt\/#website\",\"url\":\"https:\/\/mivoot.com\/gt\/\",\"name\":\"Mivoot\",\"description\":\"Mivoot Guatemala | Tienda Online\",\"publisher\":{\"@id\":\"https:\/\/mivoot.com\/gt\/#organization\"},\"alternateName\":\"mivoot\",\"potentialAction\":[{\"@type\":\"SearchAction\",\"target\":{\"@type\":\"EntryPoint\",\"urlTemplate\":\"https:\/\/mivoot.com\/gt\/?s={search_term_string}\"},\"query-input\":{\"@type\":\"PropertyValueSpecification\",\"valueRequired\":true,\"valueName\":\"search_term_string\"}}],\"inLanguage\":\"es\"},{\"@type\":\"Organization\",\"@id\":\"https:\/\/mivoot.com\/gt\/#organization\",\"name\":\"Mivoot Guatemala\",\"alternateName\":\"mivoot.com\",\"url\":\"https:\/\/mivoot.com\/gt\/\",\"logo\":{\"@type\":\"ImageObject\",\"inLanguage\":\"es\",\"@id\":\"https:\/\/mivoot.com\/gt\/#\/schema\/logo\/image\/\",\"url\":\"https:\/\/mivoot.com\/gt\/wp-content\/uploads\/2023\/03\/cropped-icon.png\",\"contentUrl\":\"https:\/\/mivoot.com\/gt\/wp-content\/uploads\/2023\/03\/cropped-icon.png\",\"width\":512,\"height\":512,\"caption\":\"Mivoot Guatemala\"},\"image\":{\"@id\":\"https:\/\/mivoot.com\/gt\/#\/schema\/logo\/image\/\"},\"sameAs\":[\"https:\/\/www.facebook.com\/mivootgt\",\"https:\/\/instagram.com\/mivoot\"]}]}<\/script>\n<!-- \/ Yoast SEO Premium plugin. -->","yoast_head_json":{"title":"Tocadiscos Spinner BT JBL - Mivoot","robots":{"index":"index","follow":"follow","max-snippet":"max-snippet:-1","max-image-preview":"max-image-preview:large","max-video-preview":"max-video-preview:-1"},"canonical":"https:\/\/mivoot.com\/gt\/producto\/tocadiscos-spinner-bt-jbl\/","og_locale":"es_ES","og_type":"article","og_title":"Tocadiscos Spinner BT JBL","og_description":"JBL Spinner BT &#8211; Tocadiscos manual de dos velocidades con Bluetooth Bluetooth con AptX-HD\u2122 Se empareja r\u00e1pidamente con tus altavoces o auriculares Bluetooth para una conexi\u00f3n instant\u00e1nea a tu colecci\u00f3n de discos. Con la codificaci\u00f3n AptX-HD, lo escuchar\u00e1s todo a la perfecci\u00f3n. Dise\u00f1o vivo Tu declaraci\u00f3n personal de la intensidad y alegr\u00eda que Vinyl le [...]","og_url":"https:\/\/mivoot.com\/gt\/producto\/tocadiscos-spinner-bt-jbl\/","og_site_name":"Mivoot","article_publisher":"https:\/\/www.facebook.com\/mivootgt","article_modified_time":"2025-05-21T18:10:33+00:00","og_image":[{"width":500,"height":500,"url":"https:\/\/mivoot.com\/gt\/wp-content\/uploads\/2025\/05\/JBL-Spinner-BT-00.jpg","type":"image\/jpeg"}],"twitter_card":"summary_large_image","twitter_misc":{"Est. reading time":"2 minutos"},"schema":{"@context":"https:\/\/schema.org","@graph":[{"@type":"WebPage","@id":"https:\/\/mivoot.com\/gt\/producto\/tocadiscos-spinner-bt-jbl\/","url":"https:\/\/mivoot.com\/gt\/producto\/tocadiscos-spinner-bt-jbl\/","name":"Tocadiscos Spinner BT JBL - Mivoot","isPartOf":{"@id":"https:\/\/mivoot.com\/gt\/#website"},"primaryImageOfPage":{"@id":"https:\/\/mivoot.com\/gt\/producto\/tocadiscos-spinner-bt-jbl\/#primaryimage"},"image":{"@id":"https:\/\/mivoot.com\/gt\/producto\/tocadiscos-spinner-bt-jbl\/#primaryimage"},"thumbnailUrl":"https:\/\/mivoot.com\/gt\/wp-content\/uploads\/2025\/05\/JBL-Spinner-BT-00.jpg","datePublished":"2025-05-21T03:14:42+00:00","dateModified":"2025-05-21T18:10:33+00:00","breadcrumb":{"@id":"https:\/\/mivoot.com\/gt\/producto\/tocadiscos-spinner-bt-jbl\/#breadcrumb"},"inLanguage":"es","potentialAction":[{"@type":"ReadAction","target":["https:\/\/mivoot.com\/gt\/producto\/tocadiscos-spinner-bt-jbl\/"]}]},{"@type":"ImageObject","inLanguage":"es","@id":"https:\/\/mivoot.com\/gt\/producto\/tocadiscos-spinner-bt-jbl\/#primaryimage","url":"https:\/\/mivoot.com\/gt\/wp-content\/uploads\/2025\/05\/JBL-Spinner-BT-00.jpg","contentUrl":"https:\/\/mivoot.com\/gt\/wp-content\/uploads\/2025\/05\/JBL-Spinner-BT-00.jpg","width":500,"height":500},{"@type":"BreadcrumbList","@id":"https:\/\/mivoot.com\/gt\/producto\/tocadiscos-spinner-bt-jbl\/#breadcrumb","itemListElement":[{"@type":"ListItem","position":1,"name":"Inicio","item":"https:\/\/mivoot.com\/gt\/"},{"@type":"ListItem","position":2,"name":"Productos","item":"https:\/\/mivoot.com\/gt\/producto\/"},{"@type":"ListItem","position":3,"name":"JBL","item":"https:\/\/mivoot.com\/gt\/marca\/jbl\/"},{"@type":"ListItem","position":4,"name":"Tocadiscos Spinner BT JBL"}]},{"@type":"WebSite","@id":"https:\/\/mivoot.com\/gt\/#website","url":"https:\/\/mivoot.com\/gt\/","name":"Mivoot","description":"Mivoot Guatemala | Tienda Online","publisher":{"@id":"https:\/\/mivoot.com\/gt\/#organization"},"alternateName":"mivoot","potentialAction":[{"@type":"SearchAction","target":{"@type":"EntryPoint","urlTemplate":"https:\/\/mivoot.com\/gt\/?s={search_term_string}"},"query-input":{"@type":"PropertyValueSpecification","valueRequired":true,"valueName":"search_term_string"}}],"inLanguage":"es"},{"@type":"Organization","@id":"https:\/\/mivoot.com\/gt\/#organization","name":"Mivoot Guatemala","alternateName":"mivoot.com","url":"https:\/\/mivoot.com\/gt\/","logo":{"@type":"ImageObject","inLanguage":"es","@id":"https:\/\/mivoot.com\/gt\/#\/schema\/logo\/image\/","url":"https:\/\/mivoot.com\/gt\/wp-content\/uploads\/2023\/03\/cropped-icon.png","contentUrl":"https:\/\/mivoot.com\/gt\/wp-content\/uploads\/2023\/03\/cropped-icon.png","width":512,"height":512,"caption":"Mivoot Guatemala"},"image":{"@id":"https:\/\/mivoot.com\/gt\/#\/schema\/logo\/image\/"},"sameAs":["https:\/\/www.facebook.com\/mivootgt","https:\/\/instagram.com\/mivoot"]}]}},"jetpack_publicize_connections":[],"jetpack_sharing_enabled":true,"brands":[{"id":75,"name":"JBL","slug":"jbl"}],"_links":{"self":[{"href":"https:\/\/mivoot.com\/gt\/wp-json\/wp\/v2\/product\/28259","targetHints":{"allow":["GET"]}}],"collection":[{"href":"https:\/\/mivoot.com\/gt\/wp-json\/wp\/v2\/product"}],"about":[{"href":"https:\/\/mivoot.com\/gt\/wp-json\/wp\/v2\/types\/product"}],"replies":[{"embeddable":true,"href":"https:\/\/mivoot.com\/gt\/wp-json\/wp\/v2\/comments?post=28259"}],"version-history":[{"count":1,"href":"https:\/\/mivoot.com\/gt\/wp-json\/wp\/v2\/product\/28259\/revisions"}],"predecessor-version":[{"id":28267,"href":"https:\/\/mivoot.com\/gt\/wp-json\/wp\/v2\/product\/28259\/revisions\/28267"}],"wp:featuredmedia":[{"embeddable":true,"href":"https:\/\/mivoot.com\/gt\/wp-json\/wp\/v2\/media\/28266"}],"wp:attachment":[{"href":"https:\/\/mivoot.com\/gt\/wp-json\/wp\/v2\/media?parent=28259"}],"wp:term":[{"taxonomy":"pwb-brand","embeddable":true,"href":"https:\/\/mivoot.com\/gt\/wp-json\/wp\/v2\/pwb-brand?post=28259"},{"taxonomy":"product_brand","embeddable":true,"href":"https:\/\/mivoot.com\/gt\/wp-json\/wp\/v2\/product_brand?post=28259"},{"taxonomy":"product_cat","embeddable":true,"href":"https:\/\/mivoot.com\/gt\/wp-json\/wp\/v2\/product_cat?post=28259"},{"taxonomy":"product_tag","embeddable":true,"href":"https:\/\/mivoot.com\/gt\/wp-json\/wp\/v2\/product_tag?post=28259"}],"curies":[{"name":"wp","href":"https:\/\/api.w.org\/{rel}","templated":true}]}}