{"id":28280,"date":"2025-05-21T12:08:45","date_gmt":"2025-05-21T18:08:45","guid":{"rendered":"https:\/\/mivoot.com\/gt\/?post_type=product&#038;p=28280"},"modified":"2025-05-21T12:08:47","modified_gmt":"2025-05-21T18:08:47","slug":"impresora-portatil-58mm-bluetooth-usb-ppt205bt-3nstar","status":"publish","type":"product","link":"https:\/\/mivoot.com\/gt\/producto\/impresora-portatil-58mm-bluetooth-usb-ppt205bt-3nstar\/","title":{"rendered":"Impresora Port\u00e1til 58mm Bluetooth USB PPT205BT 3nStar"},"content":{"rendered":"<h1 style=\"text-align: center;\">Impresora Port\u00e1til 58mm Bluetooth USB PPT205BT 3nStar<\/h1>\n<p>Imprima recibos cuando lo necesite y donde lo necesite con la impresora port\u00e1til PPT205.<\/p>\n<p>Es liviana, compacta y est\u00e1 equipada con caracter\u00edsticas claves que la hacen ideal para aplicaciones que requieran impresi\u00f3n en sitio.<\/p>\n<p><strong><em>Caracter\u00edsticas<\/em><\/strong><\/p>\n<ul>\n<li>Muy liviana, compacta y port\u00e1til<\/li>\n<li>Dise\u00f1o semi robusto, soporta ca\u00eddas de hasta 0.9m<\/li>\n<li>Compatible con Windows, Linux, Android, Mac OS<\/li>\n<li>Se carga a trav\u00e9s de un puerto USB tipo C para su conveniencia<\/li>\n<li>Imprime la mayor\u00eda de los c\u00f3digos de barra 1D y c\u00f3digos QR<\/li>\n<li>Bater\u00eda de larga duraci\u00f3n<\/li>\n<li>M\u00e9todo sencillo de carga de papel \u2013 drop-in<\/li>\n<\/ul>\n","protected":false},"excerpt":{"rendered":"<p>&#8211; Ultraligero, compacto y port\u00e1til<br \/>\n&#8211; Media Type Continuous paper<br \/>\n&#8211; Tama\u00f1o de papel 57.5\u00b10.5mm<br \/>\n&#8211; Dise\u00f1o semi-resistente, resistencia a ca\u00eddas de 3.0 ft (3 &#8216;)<br \/>\n&#8211; Interfaz Bluetooth y USB<br \/>\n&#8211; Compatible con Windows, Linux, Android, Mac OS<br \/>\n&#8211; Imprime la mayor\u00eda de los c\u00f3digos de barras 1D y c\u00f3digos QR<br \/>\n&#8211; Carga USB tipo C para tu comodidad<br \/>\n&#8211; Bater\u00eda de larga duraci\u00f3n<br \/>\n&#8211; Carga sencilla de medios<br \/>\n&#8211; Sensor Paper out detection<br \/>\n&#8211; Memory 32KB RAM, 64KB Flash<\/p>\n","protected":false},"featured_media":28286,"comment_status":"open","ping_status":"closed","template":"","meta":{"jetpack_publicize_message":"","jetpack_publicize_feature_enabled":true,"jetpack_social_post_already_shared":true,"jetpack_social_options":{"image_generator_settings":{"template":"highway","default_image_id":0,"font":"","enabled":false},"version":2}},"pwb-brand":[],"product_brand":[],"product_cat":[174,305],"product_tag":[],"class_list":{"0":"post-28280","1":"product","2":"type-product","3":"status-publish","4":"has-post-thumbnail","6":"product_cat-imptermica","7":"product_cat-impresoratermicarecibos","9":"first","10":"instock","11":"taxable","12":"shipping-taxable","13":"product-type-simple"},"yoast_head":"<!-- This site is optimized with the Yoast SEO Premium plugin v25.7.1 (Yoast SEO v26.8) - https:\/\/yoast.com\/product\/yoast-seo-premium-wordpress\/ -->\n<title>Impresora Port\u00e1til 58mm Bluetooth USB PPT205BT 3nStar - Mivoot<\/title>\n<meta name=\"robots\" content=\"index, follow, max-snippet:-1, max-image-preview:large, max-video-preview:-1\" \/>\n<link rel=\"canonical\" href=\"https:\/\/mivoot.com\/gt\/producto\/impresora-portatil-58mm-bluetooth-usb-ppt205bt-3nstar\/\" \/>\n<meta property=\"og:locale\" content=\"es_ES\" \/>\n<meta property=\"og:type\" content=\"article\" \/>\n<meta property=\"og:title\" content=\"Impresora Port\u00e1til 58mm Bluetooth USB PPT205BT 3nStar\" \/>\n<meta property=\"og:description\" content=\"- Ultraligero, compacto y port\u00e1til - Media Type Continuous paper - Tama\u00f1o de papel 57.5\u00b10.5mm - Dise\u00f1o semi-resistente, resistencia a ca\u00eddas de 3.0 ft (3 &#039;) - Interfaz Bluetooth y USB - Compatible con Windows, Linux, Android, Mac OS - Imprime la mayor\u00eda de los c\u00f3digos de barras 1D y c\u00f3digos QR - Carga USB tipo C para tu comodidad - Bater\u00eda de larga duraci\u00f3n - Carga sencilla de medios - Sensor Paper out detection - Memory 32KB RAM, 64KB Flash\" \/>\n<meta property=\"og:url\" content=\"https:\/\/mivoot.com\/gt\/producto\/impresora-portatil-58mm-bluetooth-usb-ppt205bt-3nstar\/\" \/>\n<meta property=\"og:site_name\" content=\"Mivoot\" \/>\n<meta property=\"article:publisher\" content=\"https:\/\/www.facebook.com\/mivootgt\" \/>\n<meta property=\"article:modified_time\" content=\"2025-05-21T18:08:47+00:00\" \/>\n<meta property=\"og:image\" content=\"https:\/\/mivoot.com\/gt\/wp-content\/uploads\/2025\/05\/imagen.webp\" \/>\n\t<meta property=\"og:image:width\" content=\"500\" \/>\n\t<meta property=\"og:image:height\" content=\"500\" \/>\n\t<meta property=\"og:image:type\" content=\"image\/webp\" \/>\n<meta name=\"twitter:card\" content=\"summary_large_image\" \/>\n<meta name=\"twitter:label1\" content=\"Est. reading time\" \/>\n\t<meta name=\"twitter:data1\" content=\"1 minuto\" \/>\n<script type=\"application\/ld+json\" class=\"yoast-schema-graph\">{\"@context\":\"https:\/\/schema.org\",\"@graph\":[{\"@type\":\"WebPage\",\"@id\":\"https:\/\/mivoot.com\/gt\/producto\/impresora-portatil-58mm-bluetooth-usb-ppt205bt-3nstar\/\",\"url\":\"https:\/\/mivoot.com\/gt\/producto\/impresora-portatil-58mm-bluetooth-usb-ppt205bt-3nstar\/\",\"name\":\"Impresora Port\u00e1til 58mm Bluetooth USB PPT205BT 3nStar - Mivoot\",\"isPartOf\":{\"@id\":\"https:\/\/mivoot.com\/gt\/#website\"},\"primaryImageOfPage\":{\"@id\":\"https:\/\/mivoot.com\/gt\/producto\/impresora-portatil-58mm-bluetooth-usb-ppt205bt-3nstar\/#primaryimage\"},\"image\":{\"@id\":\"https:\/\/mivoot.com\/gt\/producto\/impresora-portatil-58mm-bluetooth-usb-ppt205bt-3nstar\/#primaryimage\"},\"thumbnailUrl\":\"https:\/\/mivoot.com\/gt\/wp-content\/uploads\/2025\/05\/imagen.webp\",\"datePublished\":\"2025-05-21T18:08:45+00:00\",\"dateModified\":\"2025-05-21T18:08:47+00:00\",\"breadcrumb\":{\"@id\":\"https:\/\/mivoot.com\/gt\/producto\/impresora-portatil-58mm-bluetooth-usb-ppt205bt-3nstar\/#breadcrumb\"},\"inLanguage\":\"es\",\"potentialAction\":[{\"@type\":\"ReadAction\",\"target\":[\"https:\/\/mivoot.com\/gt\/producto\/impresora-portatil-58mm-bluetooth-usb-ppt205bt-3nstar\/\"]}]},{\"@type\":\"ImageObject\",\"inLanguage\":\"es\",\"@id\":\"https:\/\/mivoot.com\/gt\/producto\/impresora-portatil-58mm-bluetooth-usb-ppt205bt-3nstar\/#primaryimage\",\"url\":\"https:\/\/mivoot.com\/gt\/wp-content\/uploads\/2025\/05\/imagen.webp\",\"contentUrl\":\"https:\/\/mivoot.com\/gt\/wp-content\/uploads\/2025\/05\/imagen.webp\",\"width\":500,\"height\":500},{\"@type\":\"BreadcrumbList\",\"@id\":\"https:\/\/mivoot.com\/gt\/producto\/impresora-portatil-58mm-bluetooth-usb-ppt205bt-3nstar\/#breadcrumb\",\"itemListElement\":[{\"@type\":\"ListItem\",\"position\":1,\"name\":\"Inicio\",\"item\":\"https:\/\/mivoot.com\/gt\/\"},{\"@type\":\"ListItem\",\"position\":2,\"name\":\"Productos\",\"item\":\"https:\/\/mivoot.com\/gt\/producto\/\"},{\"@type\":\"ListItem\",\"position\":3,\"name\":\"Impresora Port\u00e1til 58mm Bluetooth USB PPT205BT 3nStar\"}]},{\"@type\":\"WebSite\",\"@id\":\"https:\/\/mivoot.com\/gt\/#website\",\"url\":\"https:\/\/mivoot.com\/gt\/\",\"name\":\"Mivoot\",\"description\":\"Mivoot Guatemala | Tienda Online\",\"publisher\":{\"@id\":\"https:\/\/mivoot.com\/gt\/#organization\"},\"alternateName\":\"mivoot\",\"potentialAction\":[{\"@type\":\"SearchAction\",\"target\":{\"@type\":\"EntryPoint\",\"urlTemplate\":\"https:\/\/mivoot.com\/gt\/?s={search_term_string}\"},\"query-input\":{\"@type\":\"PropertyValueSpecification\",\"valueRequired\":true,\"valueName\":\"search_term_string\"}}],\"inLanguage\":\"es\"},{\"@type\":\"Organization\",\"@id\":\"https:\/\/mivoot.com\/gt\/#organization\",\"name\":\"Mivoot Guatemala\",\"alternateName\":\"mivoot.com\",\"url\":\"https:\/\/mivoot.com\/gt\/\",\"logo\":{\"@type\":\"ImageObject\",\"inLanguage\":\"es\",\"@id\":\"https:\/\/mivoot.com\/gt\/#\/schema\/logo\/image\/\",\"url\":\"https:\/\/mivoot.com\/gt\/wp-content\/uploads\/2023\/03\/cropped-icon.png\",\"contentUrl\":\"https:\/\/mivoot.com\/gt\/wp-content\/uploads\/2023\/03\/cropped-icon.png\",\"width\":512,\"height\":512,\"caption\":\"Mivoot Guatemala\"},\"image\":{\"@id\":\"https:\/\/mivoot.com\/gt\/#\/schema\/logo\/image\/\"},\"sameAs\":[\"https:\/\/www.facebook.com\/mivootgt\",\"https:\/\/instagram.com\/mivoot\"]}]}<\/script>\n<!-- \/ Yoast SEO Premium plugin. -->","yoast_head_json":{"title":"Impresora Port\u00e1til 58mm Bluetooth USB PPT205BT 3nStar - Mivoot","robots":{"index":"index","follow":"follow","max-snippet":"max-snippet:-1","max-image-preview":"max-image-preview:large","max-video-preview":"max-video-preview:-1"},"canonical":"https:\/\/mivoot.com\/gt\/producto\/impresora-portatil-58mm-bluetooth-usb-ppt205bt-3nstar\/","og_locale":"es_ES","og_type":"article","og_title":"Impresora Port\u00e1til 58mm Bluetooth USB PPT205BT 3nStar","og_description":"- Ultraligero, compacto y port\u00e1til - Media Type Continuous paper - Tama\u00f1o de papel 57.5\u00b10.5mm - Dise\u00f1o semi-resistente, resistencia a ca\u00eddas de 3.0 ft (3 ') - Interfaz Bluetooth y USB - Compatible con Windows, Linux, Android, Mac OS - Imprime la mayor\u00eda de los c\u00f3digos de barras 1D y c\u00f3digos QR - Carga USB tipo C para tu comodidad - Bater\u00eda de larga duraci\u00f3n - Carga sencilla de medios - Sensor Paper out detection - Memory 32KB RAM, 64KB Flash","og_url":"https:\/\/mivoot.com\/gt\/producto\/impresora-portatil-58mm-bluetooth-usb-ppt205bt-3nstar\/","og_site_name":"Mivoot","article_publisher":"https:\/\/www.facebook.com\/mivootgt","article_modified_time":"2025-05-21T18:08:47+00:00","og_image":[{"width":500,"height":500,"url":"https:\/\/mivoot.com\/gt\/wp-content\/uploads\/2025\/05\/imagen.webp","type":"image\/webp"}],"twitter_card":"summary_large_image","twitter_misc":{"Est. reading time":"1 minuto"},"schema":{"@context":"https:\/\/schema.org","@graph":[{"@type":"WebPage","@id":"https:\/\/mivoot.com\/gt\/producto\/impresora-portatil-58mm-bluetooth-usb-ppt205bt-3nstar\/","url":"https:\/\/mivoot.com\/gt\/producto\/impresora-portatil-58mm-bluetooth-usb-ppt205bt-3nstar\/","name":"Impresora Port\u00e1til 58mm Bluetooth USB PPT205BT 3nStar - Mivoot","isPartOf":{"@id":"https:\/\/mivoot.com\/gt\/#website"},"primaryImageOfPage":{"@id":"https:\/\/mivoot.com\/gt\/producto\/impresora-portatil-58mm-bluetooth-usb-ppt205bt-3nstar\/#primaryimage"},"image":{"@id":"https:\/\/mivoot.com\/gt\/producto\/impresora-portatil-58mm-bluetooth-usb-ppt205bt-3nstar\/#primaryimage"},"thumbnailUrl":"https:\/\/mivoot.com\/gt\/wp-content\/uploads\/2025\/05\/imagen.webp","datePublished":"2025-05-21T18:08:45+00:00","dateModified":"2025-05-21T18:08:47+00:00","breadcrumb":{"@id":"https:\/\/mivoot.com\/gt\/producto\/impresora-portatil-58mm-bluetooth-usb-ppt205bt-3nstar\/#breadcrumb"},"inLanguage":"es","potentialAction":[{"@type":"ReadAction","target":["https:\/\/mivoot.com\/gt\/producto\/impresora-portatil-58mm-bluetooth-usb-ppt205bt-3nstar\/"]}]},{"@type":"ImageObject","inLanguage":"es","@id":"https:\/\/mivoot.com\/gt\/producto\/impresora-portatil-58mm-bluetooth-usb-ppt205bt-3nstar\/#primaryimage","url":"https:\/\/mivoot.com\/gt\/wp-content\/uploads\/2025\/05\/imagen.webp","contentUrl":"https:\/\/mivoot.com\/gt\/wp-content\/uploads\/2025\/05\/imagen.webp","width":500,"height":500},{"@type":"BreadcrumbList","@id":"https:\/\/mivoot.com\/gt\/producto\/impresora-portatil-58mm-bluetooth-usb-ppt205bt-3nstar\/#breadcrumb","itemListElement":[{"@type":"ListItem","position":1,"name":"Inicio","item":"https:\/\/mivoot.com\/gt\/"},{"@type":"ListItem","position":2,"name":"Productos","item":"https:\/\/mivoot.com\/gt\/producto\/"},{"@type":"ListItem","position":3,"name":"Impresora Port\u00e1til 58mm Bluetooth USB PPT205BT 3nStar"}]},{"@type":"WebSite","@id":"https:\/\/mivoot.com\/gt\/#website","url":"https:\/\/mivoot.com\/gt\/","name":"Mivoot","description":"Mivoot Guatemala | Tienda Online","publisher":{"@id":"https:\/\/mivoot.com\/gt\/#organization"},"alternateName":"mivoot","potentialAction":[{"@type":"SearchAction","target":{"@type":"EntryPoint","urlTemplate":"https:\/\/mivoot.com\/gt\/?s={search_term_string}"},"query-input":{"@type":"PropertyValueSpecification","valueRequired":true,"valueName":"search_term_string"}}],"inLanguage":"es"},{"@type":"Organization","@id":"https:\/\/mivoot.com\/gt\/#organization","name":"Mivoot Guatemala","alternateName":"mivoot.com","url":"https:\/\/mivoot.com\/gt\/","logo":{"@type":"ImageObject","inLanguage":"es","@id":"https:\/\/mivoot.com\/gt\/#\/schema\/logo\/image\/","url":"https:\/\/mivoot.com\/gt\/wp-content\/uploads\/2023\/03\/cropped-icon.png","contentUrl":"https:\/\/mivoot.com\/gt\/wp-content\/uploads\/2023\/03\/cropped-icon.png","width":512,"height":512,"caption":"Mivoot Guatemala"},"image":{"@id":"https:\/\/mivoot.com\/gt\/#\/schema\/logo\/image\/"},"sameAs":["https:\/\/www.facebook.com\/mivootgt","https:\/\/instagram.com\/mivoot"]}]}},"jetpack_publicize_connections":[],"jetpack_sharing_enabled":true,"brands":[],"_links":{"self":[{"href":"https:\/\/mivoot.com\/gt\/wp-json\/wp\/v2\/product\/28280","targetHints":{"allow":["GET"]}}],"collection":[{"href":"https:\/\/mivoot.com\/gt\/wp-json\/wp\/v2\/product"}],"about":[{"href":"https:\/\/mivoot.com\/gt\/wp-json\/wp\/v2\/types\/product"}],"replies":[{"embeddable":true,"href":"https:\/\/mivoot.com\/gt\/wp-json\/wp\/v2\/comments?post=28280"}],"version-history":[{"count":1,"href":"https:\/\/mivoot.com\/gt\/wp-json\/wp\/v2\/product\/28280\/revisions"}],"predecessor-version":[{"id":28287,"href":"https:\/\/mivoot.com\/gt\/wp-json\/wp\/v2\/product\/28280\/revisions\/28287"}],"wp:featuredmedia":[{"embeddable":true,"href":"https:\/\/mivoot.com\/gt\/wp-json\/wp\/v2\/media\/28286"}],"wp:attachment":[{"href":"https:\/\/mivoot.com\/gt\/wp-json\/wp\/v2\/media?parent=28280"}],"wp:term":[{"taxonomy":"pwb-brand","embeddable":true,"href":"https:\/\/mivoot.com\/gt\/wp-json\/wp\/v2\/pwb-brand?post=28280"},{"taxonomy":"product_brand","embeddable":true,"href":"https:\/\/mivoot.com\/gt\/wp-json\/wp\/v2\/product_brand?post=28280"},{"taxonomy":"product_cat","embeddable":true,"href":"https:\/\/mivoot.com\/gt\/wp-json\/wp\/v2\/product_cat?post=28280"},{"taxonomy":"product_tag","embeddable":true,"href":"https:\/\/mivoot.com\/gt\/wp-json\/wp\/v2\/product_tag?post=28280"}],"curies":[{"name":"wp","href":"https:\/\/api.w.org\/{rel}","templated":true}]}}