{"id":28295,"date":"2025-05-21T15:40:40","date_gmt":"2025-05-21T21:40:40","guid":{"rendered":"https:\/\/mivoot.com\/gt\/?post_type=product&#038;p=28295"},"modified":"2025-06-03T19:21:12","modified_gmt":"2025-06-04T01:21:12","slug":"impresora-termica-usb-serial-ethernet-srp-350plusv-bixolon","status":"publish","type":"product","link":"https:\/\/mivoot.com\/gt\/producto\/impresora-termica-usb-serial-ethernet-srp-350plusv-bixolon\/","title":{"rendered":"Impresora Termica USB Serial Ethernet SRP-350plusV Bixolon"},"content":{"rendered":"<div class=\"row pb90 pt50\">\n<div class=\"col-md-12\">\n<h1 style=\"text-align: center;\">Impresora Termica USB Serial Ethernet SRP-350plusV Bixolon<\/h1>\n<p class=\"text-center long-desc\">La SRP-350plusV es una impresora t\u00e9rmica de 3 pulgadas (80 mm) con una velocidad de impresi\u00f3n de hasta 400 mm\/seg con una escala de grises de 16 tonos para texto, gr\u00e1ficos y c\u00f3digos de barras de calidad, lo que la convierte en la soluci\u00f3n perfecta para supermercados minoristas. Soporta una gu\u00eda antiatascos, un soporte de montaje en pared para ofrecer una mayor comodidad al usuario. La SRP-350plusV es suministrada con una tarjeta Interfaz opcional, adem\u00e1s de una amplia gama de opciones de conectividad que incluye USB, serial, red, paralelo, Wifi y Bluetooth\u00ae. La impresora tambi\u00e9n es totalmente compatible con los lenguajes de programaci\u00f3n l\u00edderes del mercado y los dispositivos inteligentes, incluyendo iOS\u2122, Android\u2122 y Windows\u00ae.<\/p>\n<\/div>\n<\/div>\n<div class=\"row\">\n<div class=\"col-md-12 no-padding\">\n<div class=\"dummy\">\n<div class=\"sub-gnb-wrap on\"><div class=\"row\"  id=\"row-1692466821\">\n\t<div id=\"col-1169201239\" class=\"col medium-1\/3 large-4\"  >\n\t\t<div class=\"col-inner\"  >\n\t\t\t\n\t\t\t\n<p><img fetchpriority=\"high\" decoding=\"async\" class=\"img-responsive center-block\" src=\"https:\/\/www.bixolon.com\/_upload\/category\/001&#091;0&#093;.jpg\" alt=\"\" width=\"357\" height=\"186\" \/><\/p>\n<h5 class=\"pt20 pb10\">Rendimiento de impresi\u00f3n de alta calidad<\/h5>\n<ul>\n<li style=\"list-style-type: none;\">\n<ul>\n<li>Impresi\u00f3n r\u00e1pida hasta 400 mm\/seg<\/li>\n<li>Impresi\u00f3n de gr\u00e1ficos en escala de grises de 16 tonos<\/li>\n<li>Parte de la l\u00ednea SRP-350 de clase mundial<\/li>\n<li>Soporta Modo de ahorro de papel&#8221;<\/li>\n<\/ul>\n<\/li>\n<\/ul>\n\t\t<\/div>\n\t\t\t<\/div>\n\n\t\n\n\t<div id=\"col-1609418801\" class=\"col medium-1\/3 large-4\"  >\n\t\t<div class=\"col-inner\"  >\n\t\t\t\n\t\t\t\n<p><img decoding=\"async\" class=\"img-responsive center-block\" src=\"https:\/\/www.bixolon.com\/_upload\/category\/KakaoTalk_20230315_105752483_01.jpg\" alt=\"\" width=\"336\" height=\"175\" \/><\/p>\n<h5 class=\"pt20 pb10\">Flexibilidad de clase mundial<\/h5>\n<ul>\n<li style=\"list-style-type: none;\">\n<ul>\n<li>USB y Red integrado<\/li>\n<li>Serial, paralelo, Wifi, Bluetooth\u00ae y USB energizado opcional<\/li>\n<li>Compatible con los principales sistemas operativos, incluyendo iOS\u2122, Android\u2122 y Windows\u00ae<\/li>\n<li>SoftAP (portal cautivo), Simple configuraci\u00f3n del Wifi con un dispositivo m\u00f3vil&#8221;<\/li>\n<\/ul>\n<\/li>\n<\/ul>\n\t\t<\/div>\n\t\t\t<\/div>\n\n\t\n\n\t<div id=\"col-1525663556\" class=\"col medium-1\/3 large-4\"  >\n\t\t<div class=\"col-inner\"  >\n\t\t\t\n\t\t\t\n<p><img decoding=\"async\" class=\"img-responsive center-block\" src=\"https:\/\/www.bixolon.com\/_upload\/category\/KakaoTalk_20230315_105752483.jpg\" alt=\"\" width=\"380\" height=\"198\" \/><\/p>\n<h5 class=\"pt20 pb10\">Dise\u00f1o f\u00e1cil de usar<\/h5>\n<ul>\n<li style=\"list-style-type: none;\">\n<ul>\n<li>Admite una funci\u00f3n Visibility Intelligence \u2122 para una calidad de impresi\u00f3n \u00f3ptima en papel Blue4est\u00ae<\/li>\n<li>Dise\u00f1ado especialmente para gu\u00eda antiatascos<\/li>\n<li>Diversos accesorios de impresora opcionales y B-melodist<\/li>\n<li>180, 203 dpi opcional&#8221;<\/li>\n<\/ul>\n<\/li>\n<\/ul>\n\t\t<\/div>\n\t\t\t<\/div>\n\n\t\n<\/div><\/div>\n<\/div>\n<\/div>\n<\/div>\n<div><\/div>\n<div><\/div>\n<div>\n<h1 class=\"a-size-large a-spacing-small a-text-bold\">Informaci\u00f3n de producto<\/h1>\n<div class=\"a-row\">\n<div class=\"a-column a-span12 a-span-last\">\n<div id=\"productDetails_expanderSectionTables\" class=\"a-section\">\n<div class=\"a-row\">\n<div class=\"a-column a-span6\">\n<div class=\"a-row a-spacing-medium-plus\">\n<div id=\"productDetails_expanderTables_depthLeftSections\" class=\"a-section\">\n<div class=\"a-row a-expander-container a-expander-section-container a-section-expander-container\" data-csa-c-content-id=\"voyager-expander-btn\" data-csa-c-slot-id=\"voyager-expander-btn\" data-csa-c-type=\"button\" data-csa-c-id=\"ei1ob2-qzqakn-hws6hi-hgsaf7\"><span class=\"a-declarative\" data-action=\"voyager-expander-heading-toggle\" data-voyager-expander-heading-toggle=\"{&quot;sectionIndex&quot;:0,&quot;columnName&quot;:&quot;depthLeftSections&quot;}\"><a class=\"a-expander-header a-declarative a-expander-section-header prodDet-expander-header-styling a-color-offset-background a-link-section-expander a-size-medium\" role=\"button\" aria-expanded=\"true\" data-action=\"a-expander-toggle\" data-a-expander-toggle=\"{&quot;allowLinkDefault&quot;:true, &quot;expand_prompt&quot;:&quot;&quot;, &quot;collapse_prompt&quot;:&quot;&quot;}\"><i class=\"a-icon a-icon-section-collapse\"><\/i><span class=\"a-expander-prompt\" role=\"heading\" aria-level=\"5\">Detalles del producto<\/span><\/a><\/span><\/p>\n<div class=\"a-expander-content a-expander-extend-content a-expander-content-expanded\" data-expanded=\"true\">\n<div class=\"a-section\">\n<table class=\"a-keyvalue prodDetTable\">\n<tbody>\n<tr>\n<th class=\"a-color-secondary a-size-base prodDetSectionEntry\">Marca<\/th>\n<td class=\"a-size-base prodDetAttrValue\">Bixolon<\/td>\n<\/tr>\n<tr>\n<th class=\"a-color-secondary a-size-base prodDetSectionEntry\">Nombre Modelo<\/th>\n<td class=\"a-size-base prodDetAttrValue\">SRP 350PLUSV<\/td>\n<\/tr>\n<tr>\n<th class=\"a-color-secondary a-size-base prodDetSectionEntry\">N\u00famero de modelo<\/th>\n<td class=\"a-size-base prodDetAttrValue\">8809794035203<\/td>\n<\/tr>\n<tr>\n<th class=\"a-color-secondary a-size-base prodDetSectionEntry\">Serie de modelos<\/th>\n<td class=\"a-size-base prodDetAttrValue\">SRP<\/td>\n<\/tr>\n<tr>\n<th class=\"a-color-secondary a-size-base prodDetSectionEntry\">Usos espec\u00edficos del producto<\/th>\n<td class=\"a-size-base prodDetAttrValue\">Oficina<\/td>\n<\/tr>\n<tr>\n<th class=\"a-color-secondary a-size-base prodDetSectionEntry\"><\/th>\n<td><\/td>\n<\/tr>\n<tr>\n<th class=\"a-color-secondary a-size-base prodDetSectionEntry\">ASIN<\/th>\n<td class=\"a-size-base prodDetAttrValue\">B0CN5GYRCV<\/td>\n<\/tr>\n<tr>\n<th class=\"a-color-secondary a-size-base prodDetSectionEntry\">Altura del art\u00edculo<\/th>\n<td class=\"a-size-base prodDetAttrValue\">20 cent\u00edmetros<\/td>\n<\/tr>\n<tr>\n<th class=\"a-color-secondary a-size-base prodDetSectionEntry\">Fabricante<\/th>\n<td class=\"a-size-base prodDetAttrValue\">BIXOLON<\/td>\n<\/tr>\n<tr>\n<th class=\"a-color-secondary a-size-base prodDetSectionEntry\">Total del paquete seg\u00fan la medida elegida para referenciar precio<\/th>\n<td class=\"a-size-base prodDetAttrValue\">1.0 Count<\/td>\n<\/tr>\n<\/tbody>\n<\/table>\n<\/div>\n<\/div>\n<\/div>\n<h4 class=\"a-row a-expander-container a-expander-section-container a-section-expander-container\" data-csa-c-content-id=\"voyager-expander-btn\" data-csa-c-slot-id=\"voyager-expander-btn\" data-csa-c-type=\"button\" data-csa-c-id=\"oy8pqm-mmkqz8-wpwmx2-4ezk2h\"><span class=\"a-declarative\" data-action=\"voyager-expander-heading-toggle\" data-voyager-expander-heading-toggle=\"{&quot;sectionIndex&quot;:1,&quot;columnName&quot;:&quot;depthLeftSections&quot;}\"><a class=\"a-expander-header a-declarative a-expander-section-header prodDet-expander-header-styling a-color-offset-background a-link-section-expander a-size-medium\" role=\"button\" aria-expanded=\"true\" data-action=\"a-expander-toggle\" data-a-expander-toggle=\"{&quot;allowLinkDefault&quot;:true, &quot;expand_prompt&quot;:&quot;&quot;, &quot;collapse_prompt&quot;:&quot;&quot;}\"><i class=\"a-icon a-icon-section-collapse\"><\/i><span class=\"a-expander-prompt\" role=\"heading\" aria-level=\"5\">Impresi\u00f3n a doble cara<\/span><\/a><\/span><\/h4>\n<div class=\"a-expander-content a-expander-extend-content a-expander-content-expanded\" data-expanded=\"true\">\n<div class=\"a-section\">\n<table class=\"a-keyvalue prodDetTable\">\n<tbody>\n<tr>\n<th class=\"a-color-secondary a-size-base prodDetSectionEntry\">Impresi\u00f3n a doble cara<\/th>\n<td class=\"a-size-base prodDetAttrValue\">S\u00ed<\/td>\n<\/tr>\n<tr>\n<th class=\"a-color-secondary a-size-base prodDetSectionEntry\">D\u00faplex<\/th>\n<td class=\"a-size-base prodDetAttrValue\">Simplex<\/td>\n<\/tr>\n<\/tbody>\n<\/table>\n<\/div>\n<\/div>\n<h4 class=\"a-row a-expander-container a-expander-section-container a-section-expander-container\" data-csa-c-content-id=\"voyager-expander-btn\" data-csa-c-slot-id=\"voyager-expander-btn\" data-csa-c-type=\"button\" data-csa-c-id=\"dmvl3s-ejwkrb-egn97o-f9db3g\"><span class=\"a-declarative\" data-action=\"voyager-expander-heading-toggle\" data-voyager-expander-heading-toggle=\"{&quot;sectionIndex&quot;:2,&quot;columnName&quot;:&quot;depthLeftSections&quot;}\"><a class=\"a-expander-header a-declarative a-expander-section-header prodDet-expander-header-styling a-color-offset-background a-link-section-expander a-size-medium\" role=\"button\" aria-expanded=\"true\" data-action=\"a-expander-toggle\" data-a-expander-toggle=\"{&quot;allowLinkDefault&quot;:true, &quot;expand_prompt&quot;:&quot;&quot;, &quot;collapse_prompt&quot;:&quot;&quot;}\"><i class=\"a-icon a-icon-section-collapse\"><\/i><span class=\"a-expander-prompt\" role=\"heading\" aria-level=\"5\">Detalles adicionales<\/span><\/a><\/span><\/h4>\n<div class=\"a-expander-content a-expander-extend-content a-expander-content-expanded\" data-expanded=\"true\">\n<div class=\"a-section\">\n<table class=\"a-keyvalue prodDetTable\">\n<tbody>\n<tr>\n<th class=\"a-color-secondary a-size-base prodDetSectionEntry\">Tecnolog\u00eda de impresi\u00f3n<\/th>\n<td class=\"a-size-base prodDetAttrValue\">Termal<\/td>\n<\/tr>\n<tr>\n<th class=\"a-color-secondary a-size-base prodDetSectionEntry\">Salida de impresora<\/th>\n<td class=\"a-size-base prodDetAttrValue\">Monocromo<\/td>\n<\/tr>\n<tr>\n<th class=\"a-color-secondary a-size-base prodDetSectionEntry\">Unidad de peso<\/th>\n<td class=\"a-size-base prodDetAttrValue\">2,61 Kilogramos<\/td>\n<\/tr>\n<tr>\n<th class=\"a-color-secondary a-size-base prodDetSectionEntry\">Soportes de impresi\u00f3n compatibles<\/th>\n<td class=\"a-size-base prodDetAttrValue\">Etiquetas<\/td>\n<\/tr>\n<tr>\n<th class=\"a-color-secondary a-size-base prodDetSectionEntry\">Velocidad m\u00e1xima de copia en b\/n<\/th>\n<td class=\"a-size-base prodDetAttrValue\">3E+1 P\u00e1ginas por minuto<\/td>\n<\/tr>\n<tr>\n<th class=\"a-color-secondary a-size-base prodDetSectionEntry\">Dispositivos compatibles<\/th>\n<td class=\"a-size-base prodDetAttrValue\">Computadoras Portatiles<\/td>\n<\/tr>\n<tr>\n<th class=\"a-color-secondary a-size-base prodDetSectionEntry\">Tipo de garant\u00eda<\/th>\n<td class=\"a-size-base prodDetAttrValue\">Garant\u00eda limitada<\/td>\n<\/tr>\n<tr>\n<th class=\"a-color-secondary a-size-base prodDetSectionEntry\">Tinta Color<\/th>\n<td class=\"a-size-base prodDetAttrValue\">negro<\/td>\n<\/tr>\n<tr>\n<th class=\"a-color-secondary a-size-base prodDetSectionEntry\">Resoluci\u00f3n del esc\u00e1ner<\/th>\n<td class=\"a-size-base prodDetAttrValue\">180 x 180<\/td>\n<\/tr>\n<tr>\n<th class=\"a-color-secondary a-size-base prodDetSectionEntry\">Funciones adicionales de la impresora<\/th>\n<td class=\"a-size-base prodDetAttrValue\">Solo imprimir<\/td>\n<\/tr>\n<tr>\n<th class=\"a-color-secondary a-size-base prodDetSectionEntry\">M\u00e9todo de control<\/th>\n<td class=\"a-size-base prodDetAttrValue\">Control remoto<\/td>\n<\/tr>\n<\/tbody>\n<\/table>\n<\/div>\n<\/div>\n<\/div>\n<\/div>\n<\/div>\n<\/div>\n<\/div>\n<\/div>\n<\/div>\n<\/div>\n<div><\/div>\n","protected":false},"excerpt":{"rendered":"<p>Impresora Termica USB Serial Ethernet SRP-350plusV Bixolon La SRP-350plusV es una impresora t\u00e9rmica de 3 pulgadas (80 mm) con una velocidad de impresi\u00f3n de hasta 400 mm\/seg con una escala de grises de 16 tonos para texto, gr\u00e1ficos y c\u00f3digos de barras de calidad, lo que la convierte en la soluci\u00f3n perfecta para supermercados minoristas. [&#8230;]\n","protected":false},"featured_media":28303,"comment_status":"open","ping_status":"closed","template":"","meta":{"jetpack_publicize_message":"","jetpack_publicize_feature_enabled":true,"jetpack_social_post_already_shared":true,"jetpack_social_options":{"image_generator_settings":{"template":"highway","default_image_id":0,"font":"","enabled":false},"version":2}},"pwb-brand":[],"product_brand":[],"product_cat":[174,305],"product_tag":[],"class_list":{"0":"post-28295","1":"product","2":"type-product","3":"status-publish","4":"has-post-thumbnail","6":"product_cat-imptermica","7":"product_cat-impresoratermicarecibos","9":"first","10":"instock","11":"taxable","12":"shipping-taxable","13":"product-type-simple"},"yoast_head":"<!-- This site is optimized with the Yoast SEO Premium plugin v25.7.1 (Yoast SEO v26.8) - https:\/\/yoast.com\/product\/yoast-seo-premium-wordpress\/ -->\n<title>Impresora Termica USB Serial Ethernet SRP-350plusV Bixolon - Mivoot<\/title>\n<meta name=\"robots\" content=\"index, follow, max-snippet:-1, max-image-preview:large, max-video-preview:-1\" \/>\n<link rel=\"canonical\" href=\"https:\/\/mivoot.com\/gt\/producto\/impresora-termica-usb-serial-ethernet-srp-350plusv-bixolon\/\" \/>\n<meta property=\"og:locale\" content=\"es_ES\" \/>\n<meta property=\"og:type\" content=\"article\" \/>\n<meta property=\"og:title\" content=\"Impresora Termica USB Serial Ethernet SRP-350plusV Bixolon\" \/>\n<meta property=\"og:description\" content=\"Impresora Termica USB Serial Ethernet SRP-350plusV Bixolon La SRP-350plusV es una impresora t\u00e9rmica de 3 pulgadas (80 mm) con una velocidad de impresi\u00f3n de hasta 400 mm\/seg con una escala de grises de 16 tonos para texto, gr\u00e1ficos y c\u00f3digos de barras de calidad, lo que la convierte en la soluci\u00f3n perfecta para supermercados minoristas. [...]\" \/>\n<meta property=\"og:url\" content=\"https:\/\/mivoot.com\/gt\/producto\/impresora-termica-usb-serial-ethernet-srp-350plusv-bixolon\/\" \/>\n<meta property=\"og:site_name\" content=\"Mivoot\" \/>\n<meta property=\"article:publisher\" content=\"https:\/\/www.facebook.com\/mivootgt\" \/>\n<meta property=\"article:modified_time\" content=\"2025-06-04T01:21:12+00:00\" \/>\n<meta property=\"og:image\" content=\"https:\/\/mivoot.com\/gt\/wp-content\/uploads\/2025\/05\/SRP-350plusV-001.png\" \/>\n\t<meta property=\"og:image:width\" content=\"800\" \/>\n\t<meta property=\"og:image:height\" content=\"650\" \/>\n\t<meta property=\"og:image:type\" content=\"image\/png\" \/>\n<meta name=\"twitter:card\" content=\"summary_large_image\" \/>\n<meta name=\"twitter:label1\" content=\"Est. reading time\" \/>\n\t<meta name=\"twitter:data1\" content=\"3 minutos\" \/>\n<script type=\"application\/ld+json\" class=\"yoast-schema-graph\">{\"@context\":\"https:\/\/schema.org\",\"@graph\":[{\"@type\":\"WebPage\",\"@id\":\"https:\/\/mivoot.com\/gt\/producto\/impresora-termica-usb-serial-ethernet-srp-350plusv-bixolon\/\",\"url\":\"https:\/\/mivoot.com\/gt\/producto\/impresora-termica-usb-serial-ethernet-srp-350plusv-bixolon\/\",\"name\":\"Impresora Termica USB Serial Ethernet SRP-350plusV Bixolon - Mivoot\",\"isPartOf\":{\"@id\":\"https:\/\/mivoot.com\/gt\/#website\"},\"primaryImageOfPage\":{\"@id\":\"https:\/\/mivoot.com\/gt\/producto\/impresora-termica-usb-serial-ethernet-srp-350plusv-bixolon\/#primaryimage\"},\"image\":{\"@id\":\"https:\/\/mivoot.com\/gt\/producto\/impresora-termica-usb-serial-ethernet-srp-350plusv-bixolon\/#primaryimage\"},\"thumbnailUrl\":\"https:\/\/mivoot.com\/gt\/wp-content\/uploads\/2025\/05\/SRP-350plusV-001.png\",\"datePublished\":\"2025-05-21T21:40:40+00:00\",\"dateModified\":\"2025-06-04T01:21:12+00:00\",\"breadcrumb\":{\"@id\":\"https:\/\/mivoot.com\/gt\/producto\/impresora-termica-usb-serial-ethernet-srp-350plusv-bixolon\/#breadcrumb\"},\"inLanguage\":\"es\",\"potentialAction\":[{\"@type\":\"ReadAction\",\"target\":[\"https:\/\/mivoot.com\/gt\/producto\/impresora-termica-usb-serial-ethernet-srp-350plusv-bixolon\/\"]}]},{\"@type\":\"ImageObject\",\"inLanguage\":\"es\",\"@id\":\"https:\/\/mivoot.com\/gt\/producto\/impresora-termica-usb-serial-ethernet-srp-350plusv-bixolon\/#primaryimage\",\"url\":\"https:\/\/mivoot.com\/gt\/wp-content\/uploads\/2025\/05\/SRP-350plusV-001.png\",\"contentUrl\":\"https:\/\/mivoot.com\/gt\/wp-content\/uploads\/2025\/05\/SRP-350plusV-001.png\",\"width\":800,\"height\":650},{\"@type\":\"BreadcrumbList\",\"@id\":\"https:\/\/mivoot.com\/gt\/producto\/impresora-termica-usb-serial-ethernet-srp-350plusv-bixolon\/#breadcrumb\",\"itemListElement\":[{\"@type\":\"ListItem\",\"position\":1,\"name\":\"Inicio\",\"item\":\"https:\/\/mivoot.com\/gt\/\"},{\"@type\":\"ListItem\",\"position\":2,\"name\":\"Productos\",\"item\":\"https:\/\/mivoot.com\/gt\/producto\/\"},{\"@type\":\"ListItem\",\"position\":3,\"name\":\"Impresora Termica USB Serial Ethernet SRP-350plusV Bixolon\"}]},{\"@type\":\"WebSite\",\"@id\":\"https:\/\/mivoot.com\/gt\/#website\",\"url\":\"https:\/\/mivoot.com\/gt\/\",\"name\":\"Mivoot\",\"description\":\"Mivoot Guatemala | Tienda Online\",\"publisher\":{\"@id\":\"https:\/\/mivoot.com\/gt\/#organization\"},\"alternateName\":\"mivoot\",\"potentialAction\":[{\"@type\":\"SearchAction\",\"target\":{\"@type\":\"EntryPoint\",\"urlTemplate\":\"https:\/\/mivoot.com\/gt\/?s={search_term_string}\"},\"query-input\":{\"@type\":\"PropertyValueSpecification\",\"valueRequired\":true,\"valueName\":\"search_term_string\"}}],\"inLanguage\":\"es\"},{\"@type\":\"Organization\",\"@id\":\"https:\/\/mivoot.com\/gt\/#organization\",\"name\":\"Mivoot Guatemala\",\"alternateName\":\"mivoot.com\",\"url\":\"https:\/\/mivoot.com\/gt\/\",\"logo\":{\"@type\":\"ImageObject\",\"inLanguage\":\"es\",\"@id\":\"https:\/\/mivoot.com\/gt\/#\/schema\/logo\/image\/\",\"url\":\"https:\/\/mivoot.com\/gt\/wp-content\/uploads\/2023\/03\/cropped-icon.png\",\"contentUrl\":\"https:\/\/mivoot.com\/gt\/wp-content\/uploads\/2023\/03\/cropped-icon.png\",\"width\":512,\"height\":512,\"caption\":\"Mivoot Guatemala\"},\"image\":{\"@id\":\"https:\/\/mivoot.com\/gt\/#\/schema\/logo\/image\/\"},\"sameAs\":[\"https:\/\/www.facebook.com\/mivootgt\",\"https:\/\/instagram.com\/mivoot\"]}]}<\/script>\n<!-- \/ Yoast SEO Premium plugin. -->","yoast_head_json":{"title":"Impresora Termica USB Serial Ethernet SRP-350plusV Bixolon - Mivoot","robots":{"index":"index","follow":"follow","max-snippet":"max-snippet:-1","max-image-preview":"max-image-preview:large","max-video-preview":"max-video-preview:-1"},"canonical":"https:\/\/mivoot.com\/gt\/producto\/impresora-termica-usb-serial-ethernet-srp-350plusv-bixolon\/","og_locale":"es_ES","og_type":"article","og_title":"Impresora Termica USB Serial Ethernet SRP-350plusV Bixolon","og_description":"Impresora Termica USB Serial Ethernet SRP-350plusV Bixolon La SRP-350plusV es una impresora t\u00e9rmica de 3 pulgadas (80 mm) con una velocidad de impresi\u00f3n de hasta 400 mm\/seg con una escala de grises de 16 tonos para texto, gr\u00e1ficos y c\u00f3digos de barras de calidad, lo que la convierte en la soluci\u00f3n perfecta para supermercados minoristas. [...]","og_url":"https:\/\/mivoot.com\/gt\/producto\/impresora-termica-usb-serial-ethernet-srp-350plusv-bixolon\/","og_site_name":"Mivoot","article_publisher":"https:\/\/www.facebook.com\/mivootgt","article_modified_time":"2025-06-04T01:21:12+00:00","og_image":[{"width":800,"height":650,"url":"https:\/\/mivoot.com\/gt\/wp-content\/uploads\/2025\/05\/SRP-350plusV-001.png","type":"image\/png"}],"twitter_card":"summary_large_image","twitter_misc":{"Est. reading time":"3 minutos"},"schema":{"@context":"https:\/\/schema.org","@graph":[{"@type":"WebPage","@id":"https:\/\/mivoot.com\/gt\/producto\/impresora-termica-usb-serial-ethernet-srp-350plusv-bixolon\/","url":"https:\/\/mivoot.com\/gt\/producto\/impresora-termica-usb-serial-ethernet-srp-350plusv-bixolon\/","name":"Impresora Termica USB Serial Ethernet SRP-350plusV Bixolon - Mivoot","isPartOf":{"@id":"https:\/\/mivoot.com\/gt\/#website"},"primaryImageOfPage":{"@id":"https:\/\/mivoot.com\/gt\/producto\/impresora-termica-usb-serial-ethernet-srp-350plusv-bixolon\/#primaryimage"},"image":{"@id":"https:\/\/mivoot.com\/gt\/producto\/impresora-termica-usb-serial-ethernet-srp-350plusv-bixolon\/#primaryimage"},"thumbnailUrl":"https:\/\/mivoot.com\/gt\/wp-content\/uploads\/2025\/05\/SRP-350plusV-001.png","datePublished":"2025-05-21T21:40:40+00:00","dateModified":"2025-06-04T01:21:12+00:00","breadcrumb":{"@id":"https:\/\/mivoot.com\/gt\/producto\/impresora-termica-usb-serial-ethernet-srp-350plusv-bixolon\/#breadcrumb"},"inLanguage":"es","potentialAction":[{"@type":"ReadAction","target":["https:\/\/mivoot.com\/gt\/producto\/impresora-termica-usb-serial-ethernet-srp-350plusv-bixolon\/"]}]},{"@type":"ImageObject","inLanguage":"es","@id":"https:\/\/mivoot.com\/gt\/producto\/impresora-termica-usb-serial-ethernet-srp-350plusv-bixolon\/#primaryimage","url":"https:\/\/mivoot.com\/gt\/wp-content\/uploads\/2025\/05\/SRP-350plusV-001.png","contentUrl":"https:\/\/mivoot.com\/gt\/wp-content\/uploads\/2025\/05\/SRP-350plusV-001.png","width":800,"height":650},{"@type":"BreadcrumbList","@id":"https:\/\/mivoot.com\/gt\/producto\/impresora-termica-usb-serial-ethernet-srp-350plusv-bixolon\/#breadcrumb","itemListElement":[{"@type":"ListItem","position":1,"name":"Inicio","item":"https:\/\/mivoot.com\/gt\/"},{"@type":"ListItem","position":2,"name":"Productos","item":"https:\/\/mivoot.com\/gt\/producto\/"},{"@type":"ListItem","position":3,"name":"Impresora Termica USB Serial Ethernet SRP-350plusV Bixolon"}]},{"@type":"WebSite","@id":"https:\/\/mivoot.com\/gt\/#website","url":"https:\/\/mivoot.com\/gt\/","name":"Mivoot","description":"Mivoot Guatemala | Tienda Online","publisher":{"@id":"https:\/\/mivoot.com\/gt\/#organization"},"alternateName":"mivoot","potentialAction":[{"@type":"SearchAction","target":{"@type":"EntryPoint","urlTemplate":"https:\/\/mivoot.com\/gt\/?s={search_term_string}"},"query-input":{"@type":"PropertyValueSpecification","valueRequired":true,"valueName":"search_term_string"}}],"inLanguage":"es"},{"@type":"Organization","@id":"https:\/\/mivoot.com\/gt\/#organization","name":"Mivoot Guatemala","alternateName":"mivoot.com","url":"https:\/\/mivoot.com\/gt\/","logo":{"@type":"ImageObject","inLanguage":"es","@id":"https:\/\/mivoot.com\/gt\/#\/schema\/logo\/image\/","url":"https:\/\/mivoot.com\/gt\/wp-content\/uploads\/2023\/03\/cropped-icon.png","contentUrl":"https:\/\/mivoot.com\/gt\/wp-content\/uploads\/2023\/03\/cropped-icon.png","width":512,"height":512,"caption":"Mivoot Guatemala"},"image":{"@id":"https:\/\/mivoot.com\/gt\/#\/schema\/logo\/image\/"},"sameAs":["https:\/\/www.facebook.com\/mivootgt","https:\/\/instagram.com\/mivoot"]}]}},"jetpack_publicize_connections":[],"jetpack_sharing_enabled":true,"brands":[],"_links":{"self":[{"href":"https:\/\/mivoot.com\/gt\/wp-json\/wp\/v2\/product\/28295","targetHints":{"allow":["GET"]}}],"collection":[{"href":"https:\/\/mivoot.com\/gt\/wp-json\/wp\/v2\/product"}],"about":[{"href":"https:\/\/mivoot.com\/gt\/wp-json\/wp\/v2\/types\/product"}],"replies":[{"embeddable":true,"href":"https:\/\/mivoot.com\/gt\/wp-json\/wp\/v2\/comments?post=28295"}],"version-history":[{"count":1,"href":"https:\/\/mivoot.com\/gt\/wp-json\/wp\/v2\/product\/28295\/revisions"}],"predecessor-version":[{"id":28304,"href":"https:\/\/mivoot.com\/gt\/wp-json\/wp\/v2\/product\/28295\/revisions\/28304"}],"wp:featuredmedia":[{"embeddable":true,"href":"https:\/\/mivoot.com\/gt\/wp-json\/wp\/v2\/media\/28303"}],"wp:attachment":[{"href":"https:\/\/mivoot.com\/gt\/wp-json\/wp\/v2\/media?parent=28295"}],"wp:term":[{"taxonomy":"pwb-brand","embeddable":true,"href":"https:\/\/mivoot.com\/gt\/wp-json\/wp\/v2\/pwb-brand?post=28295"},{"taxonomy":"product_brand","embeddable":true,"href":"https:\/\/mivoot.com\/gt\/wp-json\/wp\/v2\/product_brand?post=28295"},{"taxonomy":"product_cat","embeddable":true,"href":"https:\/\/mivoot.com\/gt\/wp-json\/wp\/v2\/product_cat?post=28295"},{"taxonomy":"product_tag","embeddable":true,"href":"https:\/\/mivoot.com\/gt\/wp-json\/wp\/v2\/product_tag?post=28295"}],"curies":[{"name":"wp","href":"https:\/\/api.w.org\/{rel}","templated":true}]}}