{"id":28485,"date":"2025-06-03T19:28:21","date_gmt":"2025-06-04T01:28:21","guid":{"rendered":"https:\/\/mivoot.com\/gt\/?post_type=product&#038;p=28485"},"modified":"2025-06-03T19:48:38","modified_gmt":"2025-06-04T01:48:38","slug":"regleta-6-tomas-2200w-120v-240v-forza","status":"publish","type":"product","link":"https:\/\/mivoot.com\/gt\/producto\/regleta-6-tomas-2200w-120v-240v-forza\/","title":{"rendered":"Regleta 6 Tomas 2200W 120V 240V Forza"},"content":{"rendered":"<h1><img decoding=\"async\" src=\"https:\/\/forza-ups-frontend.s3.amazonaws.com\/media\/img\/PS-001B_DK_Banner1_SPA.png\" alt=\"PS-001B\" \/><\/h1>\n<h1 style=\"text-align: center;\">Regleta 2200W, 6 NEMA universales, disyuntor reposici\u00f3n-120V\/240V<\/h1>\n<p><strong data-v-01385bd4=\"\">Interruptor de reposici\u00f3n autom\u00e1tico<\/strong><\/p>\n<p>Evita autom\u00e1ticamente el flujo de corriente en un circuito el\u00e9ctrico como medida de seguridad al detectar niveles de alta tensi\u00f3n inapropiados. Se puede volver a configurar para reanudar el funcionamiento.<\/p>\n<p><strong data-v-01385bd4=\"\">Material retardador de llama<\/strong><\/p>\n<p>Todos nuestros sistemas UPS est\u00e1n elaborados con material ABS retardador de llama, lo cual garantiza que de presentarse alguna falla, el equipo no es susceptible de prender fuego.<\/p>\n<p><strong data-v-01385bd4=\"\">Tomacorrientes universales NEMA<\/strong><\/p>\n<p>El dise\u00f1o \u00fanico de los recept\u00e1culos universales NEMA resulta ideal en regiones donde se utilizan diversos enchufes. Compatibles con conectores tipo A, B, C, E y F.<\/p>\n<p>&nbsp;<\/p>\n<div id=\"accvent-id\">\n<div id=\"load-accvent-content\" style=\"width: 100% !important; margin: 0px auto;\">\n<div>\n<div id=\"avloading\" style=\"text-align: center; display: none;\"><img decoding=\"async\" style=\"height: 80px;\" src=\"https:\/\/accvent.com\/scripting\/loading.gif\" \/><\/p>\n<div>Cargando&#8230;<\/div>\n<\/div>\n<p><iframe id=\"aviframe\" style=\"border: none; visibility: visible; overflow: hidden !important; height: 3267px;\" src=\"https:\/\/www.forzaups.com\/es\/sindicated\/?search=PS-001B\" name=\"aviframe\" width=\"100%\" frameborder=\"0\" scrolling=\"no\"><\/iframe><\/p>\n<\/div>\n<\/div>\n<p><script id=\"accvent-loader\" type=\"text\/javascript\" src=\"https:\/\/accvent.com\/scripting\/loader.js\" data-search=\"PS-001B\" data-brand=\"FORZA\" data-lang=\"es\">\n            <\/script><\/p>\n<\/div>\n","protected":false},"excerpt":{"rendered":"<p>&#8211; Capacidad: 2200W<br \/>\n&#8211; Voltaje: 110V\/220V<br \/>\n&#8211; Tipo de entrada: NEMA 5-15P<br \/>\n&#8211; Tipo de salida: 6 x NEMA Universal 5-15R<br \/>\n&#8211; Indicador visual: Interruptor de conexi\u00f3n con luz<\/p>\n","protected":false},"featured_media":28486,"comment_status":"open","ping_status":"closed","template":"","meta":{"jetpack_publicize_message":"","jetpack_publicize_feature_enabled":true,"jetpack_social_post_already_shared":true,"jetpack_social_options":{"image_generator_settings":{"template":"highway","default_image_id":0,"font":"","enabled":false},"version":2}},"pwb-brand":[110],"product_brand":[],"product_cat":[224],"product_tag":[],"class_list":{"0":"post-28485","1":"product","2":"type-product","3":"status-publish","4":"has-post-thumbnail","6":"pwb-brand-forza","7":"product_cat-supresor-sobretensiones","9":"first","10":"instock","11":"taxable","12":"shipping-taxable","13":"purchasable","14":"product-type-simple"},"yoast_head":"<!-- This site is optimized with the Yoast SEO Premium plugin v25.7.1 (Yoast SEO v26.8) - https:\/\/yoast.com\/product\/yoast-seo-premium-wordpress\/ -->\n<title>Regleta 6 Tomas 2200W 120V 240V Forza - Mivoot<\/title>\n<meta name=\"robots\" content=\"index, follow, max-snippet:-1, max-image-preview:large, max-video-preview:-1\" \/>\n<link rel=\"canonical\" href=\"https:\/\/mivoot.com\/gt\/producto\/regleta-6-tomas-2200w-120v-240v-forza\/\" \/>\n<meta property=\"og:locale\" content=\"es_ES\" \/>\n<meta property=\"og:type\" content=\"article\" \/>\n<meta property=\"og:title\" content=\"Regleta 6 Tomas 2200W 120V 240V Forza\" \/>\n<meta property=\"og:description\" content=\"- Capacidad: 2200W - Voltaje: 110V\/220V - Tipo de entrada: NEMA 5-15P - Tipo de salida: 6 x NEMA Universal 5-15R - Indicador visual: Interruptor de conexi\u00f3n con luz\" \/>\n<meta property=\"og:url\" content=\"https:\/\/mivoot.com\/gt\/producto\/regleta-6-tomas-2200w-120v-240v-forza\/\" \/>\n<meta property=\"og:site_name\" content=\"Mivoot\" \/>\n<meta property=\"article:publisher\" content=\"https:\/\/www.facebook.com\/mivootgt\" \/>\n<meta property=\"article:modified_time\" content=\"2025-06-04T01:48:38+00:00\" \/>\n<meta property=\"og:image\" content=\"https:\/\/mivoot.com\/gt\/wp-content\/uploads\/2025\/06\/PS-001B-00.jpg\" \/>\n\t<meta property=\"og:image:width\" content=\"800\" \/>\n\t<meta property=\"og:image:height\" content=\"800\" \/>\n\t<meta property=\"og:image:type\" content=\"image\/jpeg\" \/>\n<meta name=\"twitter:card\" content=\"summary_large_image\" \/>\n<meta name=\"twitter:label1\" content=\"Est. reading time\" \/>\n\t<meta name=\"twitter:data1\" content=\"2 minutos\" \/>\n<script type=\"application\/ld+json\" class=\"yoast-schema-graph\">{\"@context\":\"https:\/\/schema.org\",\"@graph\":[{\"@type\":\"WebPage\",\"@id\":\"https:\/\/mivoot.com\/gt\/producto\/regleta-6-tomas-2200w-120v-240v-forza\/\",\"url\":\"https:\/\/mivoot.com\/gt\/producto\/regleta-6-tomas-2200w-120v-240v-forza\/\",\"name\":\"Regleta 6 Tomas 2200W 120V 240V Forza - Mivoot\",\"isPartOf\":{\"@id\":\"https:\/\/mivoot.com\/gt\/#website\"},\"primaryImageOfPage\":{\"@id\":\"https:\/\/mivoot.com\/gt\/producto\/regleta-6-tomas-2200w-120v-240v-forza\/#primaryimage\"},\"image\":{\"@id\":\"https:\/\/mivoot.com\/gt\/producto\/regleta-6-tomas-2200w-120v-240v-forza\/#primaryimage\"},\"thumbnailUrl\":\"https:\/\/mivoot.com\/gt\/wp-content\/uploads\/2025\/06\/PS-001B-00.jpg\",\"datePublished\":\"2025-06-04T01:28:21+00:00\",\"dateModified\":\"2025-06-04T01:48:38+00:00\",\"breadcrumb\":{\"@id\":\"https:\/\/mivoot.com\/gt\/producto\/regleta-6-tomas-2200w-120v-240v-forza\/#breadcrumb\"},\"inLanguage\":\"es\",\"potentialAction\":[{\"@type\":\"ReadAction\",\"target\":[\"https:\/\/mivoot.com\/gt\/producto\/regleta-6-tomas-2200w-120v-240v-forza\/\"]}]},{\"@type\":\"ImageObject\",\"inLanguage\":\"es\",\"@id\":\"https:\/\/mivoot.com\/gt\/producto\/regleta-6-tomas-2200w-120v-240v-forza\/#primaryimage\",\"url\":\"https:\/\/mivoot.com\/gt\/wp-content\/uploads\/2025\/06\/PS-001B-00.jpg\",\"contentUrl\":\"https:\/\/mivoot.com\/gt\/wp-content\/uploads\/2025\/06\/PS-001B-00.jpg\",\"width\":800,\"height\":800},{\"@type\":\"BreadcrumbList\",\"@id\":\"https:\/\/mivoot.com\/gt\/producto\/regleta-6-tomas-2200w-120v-240v-forza\/#breadcrumb\",\"itemListElement\":[{\"@type\":\"ListItem\",\"position\":1,\"name\":\"Inicio\",\"item\":\"https:\/\/mivoot.com\/gt\/\"},{\"@type\":\"ListItem\",\"position\":2,\"name\":\"Productos\",\"item\":\"https:\/\/mivoot.com\/gt\/producto\/\"},{\"@type\":\"ListItem\",\"position\":3,\"name\":\"Forza\",\"item\":\"https:\/\/mivoot.com\/gt\/marca\/forza\/\"},{\"@type\":\"ListItem\",\"position\":4,\"name\":\"Regleta 6 Tomas 2200W 120V 240V Forza\"}]},{\"@type\":\"WebSite\",\"@id\":\"https:\/\/mivoot.com\/gt\/#website\",\"url\":\"https:\/\/mivoot.com\/gt\/\",\"name\":\"Mivoot\",\"description\":\"Mivoot Guatemala | Tienda Online\",\"publisher\":{\"@id\":\"https:\/\/mivoot.com\/gt\/#organization\"},\"alternateName\":\"mivoot\",\"potentialAction\":[{\"@type\":\"SearchAction\",\"target\":{\"@type\":\"EntryPoint\",\"urlTemplate\":\"https:\/\/mivoot.com\/gt\/?s={search_term_string}\"},\"query-input\":{\"@type\":\"PropertyValueSpecification\",\"valueRequired\":true,\"valueName\":\"search_term_string\"}}],\"inLanguage\":\"es\"},{\"@type\":\"Organization\",\"@id\":\"https:\/\/mivoot.com\/gt\/#organization\",\"name\":\"Mivoot Guatemala\",\"alternateName\":\"mivoot.com\",\"url\":\"https:\/\/mivoot.com\/gt\/\",\"logo\":{\"@type\":\"ImageObject\",\"inLanguage\":\"es\",\"@id\":\"https:\/\/mivoot.com\/gt\/#\/schema\/logo\/image\/\",\"url\":\"https:\/\/mivoot.com\/gt\/wp-content\/uploads\/2023\/03\/cropped-icon.png\",\"contentUrl\":\"https:\/\/mivoot.com\/gt\/wp-content\/uploads\/2023\/03\/cropped-icon.png\",\"width\":512,\"height\":512,\"caption\":\"Mivoot Guatemala\"},\"image\":{\"@id\":\"https:\/\/mivoot.com\/gt\/#\/schema\/logo\/image\/\"},\"sameAs\":[\"https:\/\/www.facebook.com\/mivootgt\",\"https:\/\/instagram.com\/mivoot\"]}]}<\/script>\n<!-- \/ Yoast SEO Premium plugin. -->","yoast_head_json":{"title":"Regleta 6 Tomas 2200W 120V 240V Forza - Mivoot","robots":{"index":"index","follow":"follow","max-snippet":"max-snippet:-1","max-image-preview":"max-image-preview:large","max-video-preview":"max-video-preview:-1"},"canonical":"https:\/\/mivoot.com\/gt\/producto\/regleta-6-tomas-2200w-120v-240v-forza\/","og_locale":"es_ES","og_type":"article","og_title":"Regleta 6 Tomas 2200W 120V 240V Forza","og_description":"- Capacidad: 2200W - Voltaje: 110V\/220V - Tipo de entrada: NEMA 5-15P - Tipo de salida: 6 x NEMA Universal 5-15R - Indicador visual: Interruptor de conexi\u00f3n con luz","og_url":"https:\/\/mivoot.com\/gt\/producto\/regleta-6-tomas-2200w-120v-240v-forza\/","og_site_name":"Mivoot","article_publisher":"https:\/\/www.facebook.com\/mivootgt","article_modified_time":"2025-06-04T01:48:38+00:00","og_image":[{"width":800,"height":800,"url":"https:\/\/mivoot.com\/gt\/wp-content\/uploads\/2025\/06\/PS-001B-00.jpg","type":"image\/jpeg"}],"twitter_card":"summary_large_image","twitter_misc":{"Est. reading time":"2 minutos"},"schema":{"@context":"https:\/\/schema.org","@graph":[{"@type":"WebPage","@id":"https:\/\/mivoot.com\/gt\/producto\/regleta-6-tomas-2200w-120v-240v-forza\/","url":"https:\/\/mivoot.com\/gt\/producto\/regleta-6-tomas-2200w-120v-240v-forza\/","name":"Regleta 6 Tomas 2200W 120V 240V Forza - Mivoot","isPartOf":{"@id":"https:\/\/mivoot.com\/gt\/#website"},"primaryImageOfPage":{"@id":"https:\/\/mivoot.com\/gt\/producto\/regleta-6-tomas-2200w-120v-240v-forza\/#primaryimage"},"image":{"@id":"https:\/\/mivoot.com\/gt\/producto\/regleta-6-tomas-2200w-120v-240v-forza\/#primaryimage"},"thumbnailUrl":"https:\/\/mivoot.com\/gt\/wp-content\/uploads\/2025\/06\/PS-001B-00.jpg","datePublished":"2025-06-04T01:28:21+00:00","dateModified":"2025-06-04T01:48:38+00:00","breadcrumb":{"@id":"https:\/\/mivoot.com\/gt\/producto\/regleta-6-tomas-2200w-120v-240v-forza\/#breadcrumb"},"inLanguage":"es","potentialAction":[{"@type":"ReadAction","target":["https:\/\/mivoot.com\/gt\/producto\/regleta-6-tomas-2200w-120v-240v-forza\/"]}]},{"@type":"ImageObject","inLanguage":"es","@id":"https:\/\/mivoot.com\/gt\/producto\/regleta-6-tomas-2200w-120v-240v-forza\/#primaryimage","url":"https:\/\/mivoot.com\/gt\/wp-content\/uploads\/2025\/06\/PS-001B-00.jpg","contentUrl":"https:\/\/mivoot.com\/gt\/wp-content\/uploads\/2025\/06\/PS-001B-00.jpg","width":800,"height":800},{"@type":"BreadcrumbList","@id":"https:\/\/mivoot.com\/gt\/producto\/regleta-6-tomas-2200w-120v-240v-forza\/#breadcrumb","itemListElement":[{"@type":"ListItem","position":1,"name":"Inicio","item":"https:\/\/mivoot.com\/gt\/"},{"@type":"ListItem","position":2,"name":"Productos","item":"https:\/\/mivoot.com\/gt\/producto\/"},{"@type":"ListItem","position":3,"name":"Forza","item":"https:\/\/mivoot.com\/gt\/marca\/forza\/"},{"@type":"ListItem","position":4,"name":"Regleta 6 Tomas 2200W 120V 240V Forza"}]},{"@type":"WebSite","@id":"https:\/\/mivoot.com\/gt\/#website","url":"https:\/\/mivoot.com\/gt\/","name":"Mivoot","description":"Mivoot Guatemala | Tienda Online","publisher":{"@id":"https:\/\/mivoot.com\/gt\/#organization"},"alternateName":"mivoot","potentialAction":[{"@type":"SearchAction","target":{"@type":"EntryPoint","urlTemplate":"https:\/\/mivoot.com\/gt\/?s={search_term_string}"},"query-input":{"@type":"PropertyValueSpecification","valueRequired":true,"valueName":"search_term_string"}}],"inLanguage":"es"},{"@type":"Organization","@id":"https:\/\/mivoot.com\/gt\/#organization","name":"Mivoot Guatemala","alternateName":"mivoot.com","url":"https:\/\/mivoot.com\/gt\/","logo":{"@type":"ImageObject","inLanguage":"es","@id":"https:\/\/mivoot.com\/gt\/#\/schema\/logo\/image\/","url":"https:\/\/mivoot.com\/gt\/wp-content\/uploads\/2023\/03\/cropped-icon.png","contentUrl":"https:\/\/mivoot.com\/gt\/wp-content\/uploads\/2023\/03\/cropped-icon.png","width":512,"height":512,"caption":"Mivoot Guatemala"},"image":{"@id":"https:\/\/mivoot.com\/gt\/#\/schema\/logo\/image\/"},"sameAs":["https:\/\/www.facebook.com\/mivootgt","https:\/\/instagram.com\/mivoot"]}]}},"jetpack_publicize_connections":[],"jetpack_sharing_enabled":true,"brands":[{"id":110,"name":"Forza","slug":"forza"}],"_links":{"self":[{"href":"https:\/\/mivoot.com\/gt\/wp-json\/wp\/v2\/product\/28485","targetHints":{"allow":["GET"]}}],"collection":[{"href":"https:\/\/mivoot.com\/gt\/wp-json\/wp\/v2\/product"}],"about":[{"href":"https:\/\/mivoot.com\/gt\/wp-json\/wp\/v2\/types\/product"}],"replies":[{"embeddable":true,"href":"https:\/\/mivoot.com\/gt\/wp-json\/wp\/v2\/comments?post=28485"}],"version-history":[{"count":1,"href":"https:\/\/mivoot.com\/gt\/wp-json\/wp\/v2\/product\/28485\/revisions"}],"predecessor-version":[{"id":28489,"href":"https:\/\/mivoot.com\/gt\/wp-json\/wp\/v2\/product\/28485\/revisions\/28489"}],"wp:featuredmedia":[{"embeddable":true,"href":"https:\/\/mivoot.com\/gt\/wp-json\/wp\/v2\/media\/28486"}],"wp:attachment":[{"href":"https:\/\/mivoot.com\/gt\/wp-json\/wp\/v2\/media?parent=28485"}],"wp:term":[{"taxonomy":"pwb-brand","embeddable":true,"href":"https:\/\/mivoot.com\/gt\/wp-json\/wp\/v2\/pwb-brand?post=28485"},{"taxonomy":"product_brand","embeddable":true,"href":"https:\/\/mivoot.com\/gt\/wp-json\/wp\/v2\/product_brand?post=28485"},{"taxonomy":"product_cat","embeddable":true,"href":"https:\/\/mivoot.com\/gt\/wp-json\/wp\/v2\/product_cat?post=28485"},{"taxonomy":"product_tag","embeddable":true,"href":"https:\/\/mivoot.com\/gt\/wp-json\/wp\/v2\/product_tag?post=28485"}],"curies":[{"name":"wp","href":"https:\/\/api.w.org\/{rel}","templated":true}]}}