{"id":28525,"date":"2025-06-03T20:27:13","date_gmt":"2025-06-04T02:27:13","guid":{"rendered":"https:\/\/mivoot.com\/gt\/?post_type=product&#038;p=28525"},"modified":"2025-06-03T20:37:05","modified_gmt":"2025-06-04T02:37:05","slug":"regulador-de-voltaje-3600va-1800w-forza","status":"publish","type":"product","link":"https:\/\/mivoot.com\/gt\/producto\/regulador-de-voltaje-3600va-1800w-forza\/","title":{"rendered":"Regulador de Voltaje 3600VA 1800W Forza"},"content":{"rendered":"<p><img decoding=\"async\" src=\"https:\/\/forza-ups-frontend.s3.amazonaws.com\/media\/img\/FVR-3601_Banner_03_DK_SPA.jpg\" alt=\"Regulador Autom\u00e1tico de Voltaje 3600VA\/1800W, 4 NEMA 5-15R| ForzaUPS\" \/><\/p>\n<h1 class=\"page-title page-title-original\" style=\"text-align: center;\">Regulador Autom\u00e1tico de Voltaje 3600VA\/1800W, 4 NEMA 5-15R<\/h1>\n<p>El Regulador Autom\u00e1tico de Voltaje de la Serie FVR-3601 de Forza \u2013tambi\u00e9n conocido como acondicionador de l\u00ednea- ofrece la protecci\u00f3n fiable y robusta contra sobretensiones, ca\u00eddas de voltaje transitorias o prolongadas en la l\u00ednea de suministro.<\/p>\n<p>Con capacidad para absorber cargas de hasta 1800W, esta unidad combina perfectamente el efecto estabilizador con el filtraje de ruido, a fin de mantener un suministro uniforme y limpio de corriente alterna para equipos de alta capacidad y uso intenso, tanto en entornos residenciales como comerciales.<\/p>\n<p>El FVR-3601, con su amplia tolerancia a las fluctuaciones, ha sido especialmente dise\u00f1ado para ofrecer un \u00f3ptimo rendimiento incluso en las condiciones de funcionamiento m\u00e1s exigentes.<\/p>\n<div class=\"col-md-3 border-colum\" data-v-01385bd4=\"\">\n<h5 data-v-01385bd4=\"\">Tipo de Soluci\u00f3n<\/h5>\n<ul data-v-01385bd4=\"\">\n<li data-v-01385bd4=\"\">F\u00e1bricas<\/li>\n<li data-v-01385bd4=\"\">Hospitaless y Laboratorios<\/li>\n<li data-v-01385bd4=\"\">Cocinas industriales<\/li>\n<\/ul>\n<\/div>\n<div class=\"col-md-3\" data-v-01385bd4=\"\">\n<h5 data-v-01385bd4=\"\">Aplicaciones<\/h5>\n<ul data-v-01385bd4=\"\">\n<li data-v-01385bd4=\"\">Electrodom\u00e9sticos industriales<\/li>\n<li data-v-01385bd4=\"\">Impresoras y copiadoras multifunci\u00f3n<\/li>\n<li data-v-01385bd4=\"\">Bombas, herramientes y motores el\u00e9ctricos<\/li>\n<\/ul>\n<\/div>\n<div class=\"col-md-3\" data-v-01385bd4=\"\">\n<ul data-v-01385bd4=\"\">\n<li data-v-01385bd4=\"\">Equipos de calentamiento<\/li>\n<\/ul>\n<p>&nbsp;<\/p>\n<\/div>\n<div id=\"accvent-id\">\n<div id=\"load-accvent-content\" style=\"width: 100% !important; margin: 0px auto;\">\n<div>\n<div id=\"avloading\" style=\"text-align: center; display: none;\"><img decoding=\"async\" style=\"height: 80px;\" src=\"https:\/\/accvent.com\/scripting\/loading.gif\" \/><\/p>\n<div>Cargando&#8230;<\/div>\n<\/div>\n<p><iframe id=\"aviframe\" style=\"border: none; visibility: visible; overflow: hidden !important; height: 5072px;\" src=\"https:\/\/www.forzaups.com\/es\/sindicated\/?search=FVR-3601\" name=\"aviframe\" width=\"100%\" frameborder=\"0\" scrolling=\"no\"><\/iframe><\/p>\n<\/div>\n<\/div>\n<p><script id=\"accvent-loader\" type=\"text\/javascript\" src=\"https:\/\/accvent.com\/scripting\/loader.js\" data-search=\"FVR-3601\" data-brand=\"FORZA\" data-lang=\"es\">\n            <\/script><\/p>\n<\/div>\n","protected":false},"excerpt":{"rendered":"<p>&#8211; Capacidad: 3600VA\/1800W<br \/>\n&#8211; Voltaje: 110\/115\/120VCA (ajustable con interruptor DIP de selecci\u00f3n de voltaje)<br \/>\n&#8211; Tipo de entrada: NEMA 5-15P<br \/>\n&#8211; Tipo de salida: 4 x NEMA 5-15R<br \/>\n&#8211; Indicador visual: Pantalla LCD<\/p>\n","protected":false},"featured_media":28529,"comment_status":"open","ping_status":"closed","template":"","meta":{"jetpack_publicize_message":"","jetpack_publicize_feature_enabled":true,"jetpack_social_post_already_shared":true,"jetpack_social_options":{"image_generator_settings":{"template":"highway","default_image_id":0,"font":"","enabled":false},"version":2}},"pwb-brand":[110],"product_brand":[],"product_cat":[179],"product_tag":[],"class_list":{"0":"post-28525","1":"product","2":"type-product","3":"status-publish","4":"has-post-thumbnail","6":"pwb-brand-forza","7":"product_cat-regulador","9":"first","10":"instock","11":"taxable","12":"shipping-taxable","13":"purchasable","14":"product-type-simple"},"yoast_head":"<!-- This site is optimized with the Yoast SEO Premium plugin v25.7.1 (Yoast SEO v26.8) - https:\/\/yoast.com\/product\/yoast-seo-premium-wordpress\/ -->\n<title>Regulador de Voltaje 3600VA 1800W Forza - Mivoot<\/title>\n<meta name=\"robots\" content=\"index, follow, max-snippet:-1, max-image-preview:large, max-video-preview:-1\" \/>\n<link rel=\"canonical\" href=\"https:\/\/mivoot.com\/gt\/producto\/regulador-de-voltaje-3600va-1800w-forza\/\" \/>\n<meta property=\"og:locale\" content=\"es_ES\" \/>\n<meta property=\"og:type\" content=\"article\" \/>\n<meta property=\"og:title\" content=\"Regulador de Voltaje 3600VA 1800W Forza\" \/>\n<meta property=\"og:description\" content=\"- Capacidad: 3600VA\/1800W - Voltaje: 110\/115\/120VCA (ajustable con interruptor DIP de selecci\u00f3n de voltaje) - Tipo de entrada: NEMA 5-15P - Tipo de salida: 4 x NEMA 5-15R - Indicador visual: Pantalla LCD\" \/>\n<meta property=\"og:url\" content=\"https:\/\/mivoot.com\/gt\/producto\/regulador-de-voltaje-3600va-1800w-forza\/\" \/>\n<meta property=\"og:site_name\" content=\"Mivoot\" \/>\n<meta property=\"article:publisher\" content=\"https:\/\/www.facebook.com\/mivootgt\" \/>\n<meta property=\"article:modified_time\" content=\"2025-06-04T02:37:05+00:00\" \/>\n<meta property=\"og:image\" content=\"https:\/\/mivoot.com\/gt\/wp-content\/uploads\/2025\/06\/FVR-3601-00.jpg\" \/>\n\t<meta property=\"og:image:width\" content=\"800\" \/>\n\t<meta property=\"og:image:height\" content=\"800\" \/>\n\t<meta property=\"og:image:type\" content=\"image\/jpeg\" \/>\n<meta name=\"twitter:card\" content=\"summary_large_image\" \/>\n<meta name=\"twitter:label1\" content=\"Est. reading time\" \/>\n\t<meta name=\"twitter:data1\" content=\"2 minutos\" \/>\n<script type=\"application\/ld+json\" class=\"yoast-schema-graph\">{\"@context\":\"https:\/\/schema.org\",\"@graph\":[{\"@type\":\"WebPage\",\"@id\":\"https:\/\/mivoot.com\/gt\/producto\/regulador-de-voltaje-3600va-1800w-forza\/\",\"url\":\"https:\/\/mivoot.com\/gt\/producto\/regulador-de-voltaje-3600va-1800w-forza\/\",\"name\":\"Regulador de Voltaje 3600VA 1800W Forza - Mivoot\",\"isPartOf\":{\"@id\":\"https:\/\/mivoot.com\/gt\/#website\"},\"primaryImageOfPage\":{\"@id\":\"https:\/\/mivoot.com\/gt\/producto\/regulador-de-voltaje-3600va-1800w-forza\/#primaryimage\"},\"image\":{\"@id\":\"https:\/\/mivoot.com\/gt\/producto\/regulador-de-voltaje-3600va-1800w-forza\/#primaryimage\"},\"thumbnailUrl\":\"https:\/\/mivoot.com\/gt\/wp-content\/uploads\/2025\/06\/FVR-3601-00.jpg\",\"datePublished\":\"2025-06-04T02:27:13+00:00\",\"dateModified\":\"2025-06-04T02:37:05+00:00\",\"breadcrumb\":{\"@id\":\"https:\/\/mivoot.com\/gt\/producto\/regulador-de-voltaje-3600va-1800w-forza\/#breadcrumb\"},\"inLanguage\":\"es\",\"potentialAction\":[{\"@type\":\"ReadAction\",\"target\":[\"https:\/\/mivoot.com\/gt\/producto\/regulador-de-voltaje-3600va-1800w-forza\/\"]}]},{\"@type\":\"ImageObject\",\"inLanguage\":\"es\",\"@id\":\"https:\/\/mivoot.com\/gt\/producto\/regulador-de-voltaje-3600va-1800w-forza\/#primaryimage\",\"url\":\"https:\/\/mivoot.com\/gt\/wp-content\/uploads\/2025\/06\/FVR-3601-00.jpg\",\"contentUrl\":\"https:\/\/mivoot.com\/gt\/wp-content\/uploads\/2025\/06\/FVR-3601-00.jpg\",\"width\":800,\"height\":800},{\"@type\":\"BreadcrumbList\",\"@id\":\"https:\/\/mivoot.com\/gt\/producto\/regulador-de-voltaje-3600va-1800w-forza\/#breadcrumb\",\"itemListElement\":[{\"@type\":\"ListItem\",\"position\":1,\"name\":\"Inicio\",\"item\":\"https:\/\/mivoot.com\/gt\/\"},{\"@type\":\"ListItem\",\"position\":2,\"name\":\"Productos\",\"item\":\"https:\/\/mivoot.com\/gt\/producto\/\"},{\"@type\":\"ListItem\",\"position\":3,\"name\":\"Forza\",\"item\":\"https:\/\/mivoot.com\/gt\/marca\/forza\/\"},{\"@type\":\"ListItem\",\"position\":4,\"name\":\"Regulador de Voltaje 3600VA 1800W Forza\"}]},{\"@type\":\"WebSite\",\"@id\":\"https:\/\/mivoot.com\/gt\/#website\",\"url\":\"https:\/\/mivoot.com\/gt\/\",\"name\":\"Mivoot\",\"description\":\"Mivoot Guatemala | Tienda Online\",\"publisher\":{\"@id\":\"https:\/\/mivoot.com\/gt\/#organization\"},\"alternateName\":\"mivoot\",\"potentialAction\":[{\"@type\":\"SearchAction\",\"target\":{\"@type\":\"EntryPoint\",\"urlTemplate\":\"https:\/\/mivoot.com\/gt\/?s={search_term_string}\"},\"query-input\":{\"@type\":\"PropertyValueSpecification\",\"valueRequired\":true,\"valueName\":\"search_term_string\"}}],\"inLanguage\":\"es\"},{\"@type\":\"Organization\",\"@id\":\"https:\/\/mivoot.com\/gt\/#organization\",\"name\":\"Mivoot Guatemala\",\"alternateName\":\"mivoot.com\",\"url\":\"https:\/\/mivoot.com\/gt\/\",\"logo\":{\"@type\":\"ImageObject\",\"inLanguage\":\"es\",\"@id\":\"https:\/\/mivoot.com\/gt\/#\/schema\/logo\/image\/\",\"url\":\"https:\/\/mivoot.com\/gt\/wp-content\/uploads\/2023\/03\/cropped-icon.png\",\"contentUrl\":\"https:\/\/mivoot.com\/gt\/wp-content\/uploads\/2023\/03\/cropped-icon.png\",\"width\":512,\"height\":512,\"caption\":\"Mivoot Guatemala\"},\"image\":{\"@id\":\"https:\/\/mivoot.com\/gt\/#\/schema\/logo\/image\/\"},\"sameAs\":[\"https:\/\/www.facebook.com\/mivootgt\",\"https:\/\/instagram.com\/mivoot\"]}]}<\/script>\n<!-- \/ Yoast SEO Premium plugin. -->","yoast_head_json":{"title":"Regulador de Voltaje 3600VA 1800W Forza - Mivoot","robots":{"index":"index","follow":"follow","max-snippet":"max-snippet:-1","max-image-preview":"max-image-preview:large","max-video-preview":"max-video-preview:-1"},"canonical":"https:\/\/mivoot.com\/gt\/producto\/regulador-de-voltaje-3600va-1800w-forza\/","og_locale":"es_ES","og_type":"article","og_title":"Regulador de Voltaje 3600VA 1800W Forza","og_description":"- Capacidad: 3600VA\/1800W - Voltaje: 110\/115\/120VCA (ajustable con interruptor DIP de selecci\u00f3n de voltaje) - Tipo de entrada: NEMA 5-15P - Tipo de salida: 4 x NEMA 5-15R - Indicador visual: Pantalla LCD","og_url":"https:\/\/mivoot.com\/gt\/producto\/regulador-de-voltaje-3600va-1800w-forza\/","og_site_name":"Mivoot","article_publisher":"https:\/\/www.facebook.com\/mivootgt","article_modified_time":"2025-06-04T02:37:05+00:00","og_image":[{"width":800,"height":800,"url":"https:\/\/mivoot.com\/gt\/wp-content\/uploads\/2025\/06\/FVR-3601-00.jpg","type":"image\/jpeg"}],"twitter_card":"summary_large_image","twitter_misc":{"Est. reading time":"2 minutos"},"schema":{"@context":"https:\/\/schema.org","@graph":[{"@type":"WebPage","@id":"https:\/\/mivoot.com\/gt\/producto\/regulador-de-voltaje-3600va-1800w-forza\/","url":"https:\/\/mivoot.com\/gt\/producto\/regulador-de-voltaje-3600va-1800w-forza\/","name":"Regulador de Voltaje 3600VA 1800W Forza - Mivoot","isPartOf":{"@id":"https:\/\/mivoot.com\/gt\/#website"},"primaryImageOfPage":{"@id":"https:\/\/mivoot.com\/gt\/producto\/regulador-de-voltaje-3600va-1800w-forza\/#primaryimage"},"image":{"@id":"https:\/\/mivoot.com\/gt\/producto\/regulador-de-voltaje-3600va-1800w-forza\/#primaryimage"},"thumbnailUrl":"https:\/\/mivoot.com\/gt\/wp-content\/uploads\/2025\/06\/FVR-3601-00.jpg","datePublished":"2025-06-04T02:27:13+00:00","dateModified":"2025-06-04T02:37:05+00:00","breadcrumb":{"@id":"https:\/\/mivoot.com\/gt\/producto\/regulador-de-voltaje-3600va-1800w-forza\/#breadcrumb"},"inLanguage":"es","potentialAction":[{"@type":"ReadAction","target":["https:\/\/mivoot.com\/gt\/producto\/regulador-de-voltaje-3600va-1800w-forza\/"]}]},{"@type":"ImageObject","inLanguage":"es","@id":"https:\/\/mivoot.com\/gt\/producto\/regulador-de-voltaje-3600va-1800w-forza\/#primaryimage","url":"https:\/\/mivoot.com\/gt\/wp-content\/uploads\/2025\/06\/FVR-3601-00.jpg","contentUrl":"https:\/\/mivoot.com\/gt\/wp-content\/uploads\/2025\/06\/FVR-3601-00.jpg","width":800,"height":800},{"@type":"BreadcrumbList","@id":"https:\/\/mivoot.com\/gt\/producto\/regulador-de-voltaje-3600va-1800w-forza\/#breadcrumb","itemListElement":[{"@type":"ListItem","position":1,"name":"Inicio","item":"https:\/\/mivoot.com\/gt\/"},{"@type":"ListItem","position":2,"name":"Productos","item":"https:\/\/mivoot.com\/gt\/producto\/"},{"@type":"ListItem","position":3,"name":"Forza","item":"https:\/\/mivoot.com\/gt\/marca\/forza\/"},{"@type":"ListItem","position":4,"name":"Regulador de Voltaje 3600VA 1800W Forza"}]},{"@type":"WebSite","@id":"https:\/\/mivoot.com\/gt\/#website","url":"https:\/\/mivoot.com\/gt\/","name":"Mivoot","description":"Mivoot Guatemala | Tienda Online","publisher":{"@id":"https:\/\/mivoot.com\/gt\/#organization"},"alternateName":"mivoot","potentialAction":[{"@type":"SearchAction","target":{"@type":"EntryPoint","urlTemplate":"https:\/\/mivoot.com\/gt\/?s={search_term_string}"},"query-input":{"@type":"PropertyValueSpecification","valueRequired":true,"valueName":"search_term_string"}}],"inLanguage":"es"},{"@type":"Organization","@id":"https:\/\/mivoot.com\/gt\/#organization","name":"Mivoot Guatemala","alternateName":"mivoot.com","url":"https:\/\/mivoot.com\/gt\/","logo":{"@type":"ImageObject","inLanguage":"es","@id":"https:\/\/mivoot.com\/gt\/#\/schema\/logo\/image\/","url":"https:\/\/mivoot.com\/gt\/wp-content\/uploads\/2023\/03\/cropped-icon.png","contentUrl":"https:\/\/mivoot.com\/gt\/wp-content\/uploads\/2023\/03\/cropped-icon.png","width":512,"height":512,"caption":"Mivoot Guatemala"},"image":{"@id":"https:\/\/mivoot.com\/gt\/#\/schema\/logo\/image\/"},"sameAs":["https:\/\/www.facebook.com\/mivootgt","https:\/\/instagram.com\/mivoot"]}]}},"jetpack_publicize_connections":[],"jetpack_sharing_enabled":true,"brands":[{"id":110,"name":"Forza","slug":"forza"}],"_links":{"self":[{"href":"https:\/\/mivoot.com\/gt\/wp-json\/wp\/v2\/product\/28525","targetHints":{"allow":["GET"]}}],"collection":[{"href":"https:\/\/mivoot.com\/gt\/wp-json\/wp\/v2\/product"}],"about":[{"href":"https:\/\/mivoot.com\/gt\/wp-json\/wp\/v2\/types\/product"}],"replies":[{"embeddable":true,"href":"https:\/\/mivoot.com\/gt\/wp-json\/wp\/v2\/comments?post=28525"}],"version-history":[{"count":1,"href":"https:\/\/mivoot.com\/gt\/wp-json\/wp\/v2\/product\/28525\/revisions"}],"predecessor-version":[{"id":28530,"href":"https:\/\/mivoot.com\/gt\/wp-json\/wp\/v2\/product\/28525\/revisions\/28530"}],"wp:featuredmedia":[{"embeddable":true,"href":"https:\/\/mivoot.com\/gt\/wp-json\/wp\/v2\/media\/28529"}],"wp:attachment":[{"href":"https:\/\/mivoot.com\/gt\/wp-json\/wp\/v2\/media?parent=28525"}],"wp:term":[{"taxonomy":"pwb-brand","embeddable":true,"href":"https:\/\/mivoot.com\/gt\/wp-json\/wp\/v2\/pwb-brand?post=28525"},{"taxonomy":"product_brand","embeddable":true,"href":"https:\/\/mivoot.com\/gt\/wp-json\/wp\/v2\/product_brand?post=28525"},{"taxonomy":"product_cat","embeddable":true,"href":"https:\/\/mivoot.com\/gt\/wp-json\/wp\/v2\/product_cat?post=28525"},{"taxonomy":"product_tag","embeddable":true,"href":"https:\/\/mivoot.com\/gt\/wp-json\/wp\/v2\/product_tag?post=28525"}],"curies":[{"name":"wp","href":"https:\/\/api.w.org\/{rel}","templated":true}]}}