{"id":28607,"date":"2025-06-10T14:28:09","date_gmt":"2025-06-10T20:28:09","guid":{"rendered":"https:\/\/mivoot.com\/gt\/?post_type=product&#038;p=28607"},"modified":"2026-02-03T16:31:39","modified_gmt":"2026-02-03T22:31:39","slug":"videoportero-con-monitor-y-apertura-de-cerradura-vik-01-fanvil","status":"publish","type":"product","link":"https:\/\/mivoot.com\/gt\/producto\/videoportero-con-monitor-y-apertura-de-cerradura-vik-01-fanvil\/","title":{"rendered":"Videoportero con Monitor y Apertura de Cerradura VIK-01 Fanvil"},"content":{"rendered":"<h1 style=\"text-align: center;\">Kit Videoportero con Monitor y Apertura de Cerradura VIK-01 Fanvil<\/h1>\n<div class=\"pro-detail1\">\n<div class=\"wp\">\n<div class=\"txt\">\n<p align=\"left\">El kit de videoportero Fanvil VIK-01 integra la estaci\u00f3n interior SIP i504W, el videoportero i60 y la app Fanvil Link, ideal para villas y viviendas unifamiliares. Los usuarios pueden realizar videollamadas HD y desbloquear puertas remotamente a trav\u00e9s de la unidad interior o la app Fanvil Link, con m\u00faltiples opciones de desbloqueo y compatibilidad con Wi-Fi 2.4G\/5G. Implementaci\u00f3n plug-and-play con sencillas conexiones de red y alimentaci\u00f3n.<\/p>\n<\/div>\n<\/div>\n<\/div>\n<div class=\"contentmain\">\n<div class=\"product-n2\">\n<div class=\"pro-detail2\"><span style=\"color: #555555; font-size: 14.4px;\">El kit de intercomunicaci\u00f3n VIK-01 combina tecnolog\u00eda avanzada de audio y v\u00eddeo con una interfaz de usuario intuitiva. Su sencilla conexi\u00f3n a la red y su f\u00e1cil configuraci\u00f3n permiten una instalaci\u00f3n e implementaci\u00f3n r\u00e1pidas, ofreciendo una funcionalidad plug-and-play.<\/span><\/div>\n<\/div>\n<\/div>\n<p>Este kit garantiza una experiencia de control de acceso segura y fiable, ofrece una integraci\u00f3n fluida con aplicaciones y mejora la eficiencia de la comunicaci\u00f3n, contribuyendo a una soluci\u00f3n de acceso integral.<\/p>\n<p>El VIK-01 es un kit de videoportero IP que incluye una estaci\u00f3n interior i504W, un videoportero i60 y la aplicaci\u00f3n m\u00f3vil Fanvil Link (incluye 1 licencia = 5 usuarios de la aplicaci\u00f3n). El i504W y el i60 se emparejar\u00e1n autom\u00e1ticamente tras conectarse a la misma red. Los usuarios pueden activar la aplicaci\u00f3n simplemente escaneando un c\u00f3digo QR en el i504W.<\/p>\n<ul class=\"ui-tabs-nav ui-corner-all ui-helper-reset ui-helper-clearfix ui-widget-header\" role=\"tablist\">\n<li>Monitorear las im\u00e1genes de la c\u00e1mara del portero autom\u00e1tico tanto en el m\u00f3vil como en la estaci\u00f3n interior<\/li>\n<li>M\u00e9todos de acceso a puertas flexibles<\/li>\n<li>Admite llamadas con un solo toque<\/li>\n<li>Apertura remota de puertas en cualquier lugar y en cualquier momento<\/li>\n<li>Despliegue r\u00e1pido<\/li>\n<li>Integraci\u00f3n de CCTV<\/li>\n<li>Audio de alta definici\u00f3n full-duplex<\/li>\n<li>Pantalla t\u00e1ctil a color de 7 pulgadas<\/li>\n<li>Montado en la pared<\/li>\n<li>Funda para lluvia<\/li>\n<\/ul>\n<p><img decoding=\"async\" src=\"https:\/\/www.fanvil.com\/upload\/images\/20250326\/1032t86hlr.jpg\" \/><img decoding=\"async\" src=\"https:\/\/www.fanvil.com\/upload\/images\/20250326\/103228428z.jpg\" \/><img decoding=\"async\" src=\"https:\/\/www.fanvil.com\/upload\/images\/20250326\/10320v6d2n.jpg\" \/><img decoding=\"async\" style=\"color: #333333; font-size: 14.4px;\" src=\"https:\/\/www.fanvil.com\/upload\/images\/20240423\/1611r22r64.jpg\" \/><img decoding=\"async\" class=\"aligncenter\" src=\"https:\/\/ftp3.syscom.mx\/usuarios\/fotos\/I504W\/225922-0953462802-photoroom.jpg\" alt=\"Fanvil i504W lateral\" \/><img decoding=\"async\" src=\"https:\/\/www.fanvil.com\/upload\/images\/20250326\/10322d008f.jpg\" \/><img decoding=\"async\" src=\"https:\/\/www.fanvil.com\/upload\/images\/20241009\/142768pflf.gif\" \/><img decoding=\"async\" src=\"https:\/\/www.fanvil.com\/upload\/images\/20250326\/10328xb686.jpg\" \/><\/p>\n","protected":false},"excerpt":{"rendered":"<p>&#8211; Pantalla t\u00e1ctil a color de 7 pulgadas<br \/>\n&#8211; Montado en la pared<br \/>\n&#8211; Funda para lluvia<\/p>\n<p><strong>Monitor Pantalla<\/strong><br \/>\n&#8211; Bocina de 2W<br \/>\n&#8211; Red 10\/100 Mbps adaptive<br \/>\n&#8211; Fuente de alimentaci\u00f3n PoE: 3.65~6.64W<br \/>\n&#8211; C\u00f3dec de video: H.264<br \/>\n&#8211; Resoluci\u00f3n de videollamada: hasta 1080p<br \/>\n&#8211; Tama\u00f1o 177.38&#215;113.99&#215;22.5mm<\/p>\n<p><strong>Frente de Calle (timbre)<\/strong><br \/>\n&#8211; Teclado 1 Speed-dial Button<br \/>\n&#8211; C\u00e1mara 2 Mpx, Vision infrarrojo<br \/>\n&#8211; Angulo de Visi\u00f3n 140\u00b0(FOV) 100\u00b0(Horizontal) 57\u00b0(Vertical)<br \/>\n&#8211; Salida de video H.264 (Baseline, Main Profile)<br \/>\n&#8211; Alimentaci\u00f3n PoE:1.63~6.93W &#8211; Adapter: 1.51~6.16W<br \/>\n&#8211; Protecci\u00f3n IP65 contra el polvo y agua<br \/>\n&#8211; Soporte de protocolo ONVIF<br \/>\n&#8211; PoE habilitado (802.3af)<br \/>\n&#8211; Protecci\u00f3n IP65<br \/>\n&#8211; Montaje en pared Cubierta anti lluvia<br \/>\n&#8211; Temperatura de operaci\u00f3n: -40 ~ 70 C (-40 ~ 158 F).<\/p>\n","protected":false},"featured_media":28616,"comment_status":"open","ping_status":"closed","template":"","meta":{"jetpack_publicize_message":"","jetpack_publicize_feature_enabled":true,"jetpack_social_post_already_shared":true,"jetpack_social_options":{"image_generator_settings":{"template":"highway","default_image_id":0,"font":"","enabled":false},"version":2}},"pwb-brand":[557],"product_brand":[],"product_cat":[356],"product_tag":[],"class_list":{"0":"post-28607","1":"product","2":"type-product","3":"status-publish","4":"has-post-thumbnail","6":"pwb-brand-fanvil-guatemala","7":"product_cat-video-portero","9":"first","10":"instock","11":"taxable","12":"shipping-taxable","13":"purchasable","14":"product-type-simple"},"yoast_head":"<!-- This site is optimized with the Yoast SEO Premium plugin v25.7.1 (Yoast SEO v26.8) - https:\/\/yoast.com\/product\/yoast-seo-premium-wordpress\/ -->\n<title>Videoportero con Monitor y Apertura de Cerradura VIK-01 Fanvil - Mivoot<\/title>\n<meta name=\"robots\" content=\"index, follow, max-snippet:-1, max-image-preview:large, max-video-preview:-1\" \/>\n<link rel=\"canonical\" href=\"https:\/\/mivoot.com\/gt\/producto\/videoportero-con-monitor-y-apertura-de-cerradura-vik-01-fanvil\/\" \/>\n<meta property=\"og:locale\" content=\"es_ES\" \/>\n<meta property=\"og:type\" content=\"article\" \/>\n<meta property=\"og:title\" content=\"Videoportero con Monitor y Apertura de Cerradura VIK-01 Fanvil\" \/>\n<meta property=\"og:description\" content=\"- Pantalla t\u00e1ctil a color de 7 pulgadas - Montado en la pared - Funda para lluvia  Monitor Pantalla - Bocina de 2W - Red 10\/100 Mbps adaptive - Fuente de alimentaci\u00f3n PoE: 3.65~6.64W - C\u00f3dec de video: H.264 - Resoluci\u00f3n de videollamada: hasta 1080p - Tama\u00f1o 177.38x113.99x22.5mm  Frente de Calle (timbre) - Teclado 1 Speed-dial Button - C\u00e1mara 2 Mpx, Vision infrarrojo - Angulo de Visi\u00f3n 140\u00b0(FOV) 100\u00b0(Horizontal) 57\u00b0(Vertical) - Salida de video H.264 (Baseline, Main Profile) - Alimentaci\u00f3n PoE:1.63~6.93W - Adapter: 1.51~6.16W - Protecci\u00f3n IP65 contra el polvo y agua - Soporte de protocolo ONVIF - PoE habilitado (802.3af) - Protecci\u00f3n IP65 - Montaje en pared Cubierta anti lluvia - Temperatura de operaci\u00f3n: -40 ~ 70 C (-40 ~ 158 F).\" \/>\n<meta property=\"og:url\" content=\"https:\/\/mivoot.com\/gt\/producto\/videoportero-con-monitor-y-apertura-de-cerradura-vik-01-fanvil\/\" \/>\n<meta property=\"og:site_name\" content=\"Mivoot\" \/>\n<meta property=\"article:publisher\" content=\"https:\/\/www.facebook.com\/mivootgt\" \/>\n<meta property=\"article:modified_time\" content=\"2026-02-03T22:31:39+00:00\" \/>\n<meta property=\"og:image\" content=\"https:\/\/mivoot.com\/gt\/wp-content\/uploads\/2025\/06\/Famvil-MIVOOT-02.jpg\" \/>\n\t<meta property=\"og:image:width\" content=\"1000\" \/>\n\t<meta property=\"og:image:height\" content=\"759\" \/>\n\t<meta property=\"og:image:type\" content=\"image\/jpeg\" \/>\n<meta name=\"twitter:card\" content=\"summary_large_image\" \/>\n<meta name=\"twitter:label1\" content=\"Est. reading time\" \/>\n\t<meta name=\"twitter:data1\" content=\"4 minutos\" \/>\n<script type=\"application\/ld+json\" class=\"yoast-schema-graph\">{\"@context\":\"https:\/\/schema.org\",\"@graph\":[{\"@type\":\"WebPage\",\"@id\":\"https:\/\/mivoot.com\/gt\/producto\/videoportero-con-monitor-y-apertura-de-cerradura-vik-01-fanvil\/\",\"url\":\"https:\/\/mivoot.com\/gt\/producto\/videoportero-con-monitor-y-apertura-de-cerradura-vik-01-fanvil\/\",\"name\":\"Videoportero con Monitor y Apertura de Cerradura VIK-01 Fanvil - Mivoot\",\"isPartOf\":{\"@id\":\"https:\/\/mivoot.com\/gt\/#website\"},\"primaryImageOfPage\":{\"@id\":\"https:\/\/mivoot.com\/gt\/producto\/videoportero-con-monitor-y-apertura-de-cerradura-vik-01-fanvil\/#primaryimage\"},\"image\":{\"@id\":\"https:\/\/mivoot.com\/gt\/producto\/videoportero-con-monitor-y-apertura-de-cerradura-vik-01-fanvil\/#primaryimage\"},\"thumbnailUrl\":\"https:\/\/mivoot.com\/gt\/wp-content\/uploads\/2025\/06\/Famvil-MIVOOT-02.jpg\",\"datePublished\":\"2025-06-10T20:28:09+00:00\",\"dateModified\":\"2026-02-03T22:31:39+00:00\",\"breadcrumb\":{\"@id\":\"https:\/\/mivoot.com\/gt\/producto\/videoportero-con-monitor-y-apertura-de-cerradura-vik-01-fanvil\/#breadcrumb\"},\"inLanguage\":\"es\",\"potentialAction\":[{\"@type\":\"ReadAction\",\"target\":[\"https:\/\/mivoot.com\/gt\/producto\/videoportero-con-monitor-y-apertura-de-cerradura-vik-01-fanvil\/\"]}]},{\"@type\":\"ImageObject\",\"inLanguage\":\"es\",\"@id\":\"https:\/\/mivoot.com\/gt\/producto\/videoportero-con-monitor-y-apertura-de-cerradura-vik-01-fanvil\/#primaryimage\",\"url\":\"https:\/\/mivoot.com\/gt\/wp-content\/uploads\/2025\/06\/Famvil-MIVOOT-02.jpg\",\"contentUrl\":\"https:\/\/mivoot.com\/gt\/wp-content\/uploads\/2025\/06\/Famvil-MIVOOT-02.jpg\",\"width\":1000,\"height\":759},{\"@type\":\"BreadcrumbList\",\"@id\":\"https:\/\/mivoot.com\/gt\/producto\/videoportero-con-monitor-y-apertura-de-cerradura-vik-01-fanvil\/#breadcrumb\",\"itemListElement\":[{\"@type\":\"ListItem\",\"position\":1,\"name\":\"Inicio\",\"item\":\"https:\/\/mivoot.com\/gt\/\"},{\"@type\":\"ListItem\",\"position\":2,\"name\":\"Productos\",\"item\":\"https:\/\/mivoot.com\/gt\/producto\/\"},{\"@type\":\"ListItem\",\"position\":3,\"name\":\"Fanvil\",\"item\":\"https:\/\/mivoot.com\/gt\/marca\/fanvil-guatemala\/\"},{\"@type\":\"ListItem\",\"position\":4,\"name\":\"Videoportero con Monitor y Apertura de Cerradura VIK-01 Fanvil\"}]},{\"@type\":\"WebSite\",\"@id\":\"https:\/\/mivoot.com\/gt\/#website\",\"url\":\"https:\/\/mivoot.com\/gt\/\",\"name\":\"Mivoot\",\"description\":\"Mivoot Guatemala | Tienda Online\",\"publisher\":{\"@id\":\"https:\/\/mivoot.com\/gt\/#organization\"},\"alternateName\":\"mivoot\",\"potentialAction\":[{\"@type\":\"SearchAction\",\"target\":{\"@type\":\"EntryPoint\",\"urlTemplate\":\"https:\/\/mivoot.com\/gt\/?s={search_term_string}\"},\"query-input\":{\"@type\":\"PropertyValueSpecification\",\"valueRequired\":true,\"valueName\":\"search_term_string\"}}],\"inLanguage\":\"es\"},{\"@type\":\"Organization\",\"@id\":\"https:\/\/mivoot.com\/gt\/#organization\",\"name\":\"Mivoot Guatemala\",\"alternateName\":\"mivoot.com\",\"url\":\"https:\/\/mivoot.com\/gt\/\",\"logo\":{\"@type\":\"ImageObject\",\"inLanguage\":\"es\",\"@id\":\"https:\/\/mivoot.com\/gt\/#\/schema\/logo\/image\/\",\"url\":\"https:\/\/mivoot.com\/gt\/wp-content\/uploads\/2023\/03\/cropped-icon.png\",\"contentUrl\":\"https:\/\/mivoot.com\/gt\/wp-content\/uploads\/2023\/03\/cropped-icon.png\",\"width\":512,\"height\":512,\"caption\":\"Mivoot Guatemala\"},\"image\":{\"@id\":\"https:\/\/mivoot.com\/gt\/#\/schema\/logo\/image\/\"},\"sameAs\":[\"https:\/\/www.facebook.com\/mivootgt\",\"https:\/\/instagram.com\/mivoot\"]}]}<\/script>\n<!-- \/ Yoast SEO Premium plugin. -->","yoast_head_json":{"title":"Videoportero con Monitor y Apertura de Cerradura VIK-01 Fanvil - Mivoot","robots":{"index":"index","follow":"follow","max-snippet":"max-snippet:-1","max-image-preview":"max-image-preview:large","max-video-preview":"max-video-preview:-1"},"canonical":"https:\/\/mivoot.com\/gt\/producto\/videoportero-con-monitor-y-apertura-de-cerradura-vik-01-fanvil\/","og_locale":"es_ES","og_type":"article","og_title":"Videoportero con Monitor y Apertura de Cerradura VIK-01 Fanvil","og_description":"- Pantalla t\u00e1ctil a color de 7 pulgadas - Montado en la pared - Funda para lluvia  Monitor Pantalla - Bocina de 2W - Red 10\/100 Mbps adaptive - Fuente de alimentaci\u00f3n PoE: 3.65~6.64W - C\u00f3dec de video: H.264 - Resoluci\u00f3n de videollamada: hasta 1080p - Tama\u00f1o 177.38x113.99x22.5mm  Frente de Calle (timbre) - Teclado 1 Speed-dial Button - C\u00e1mara 2 Mpx, Vision infrarrojo - Angulo de Visi\u00f3n 140\u00b0(FOV) 100\u00b0(Horizontal) 57\u00b0(Vertical) - Salida de video H.264 (Baseline, Main Profile) - Alimentaci\u00f3n PoE:1.63~6.93W - Adapter: 1.51~6.16W - Protecci\u00f3n IP65 contra el polvo y agua - Soporte de protocolo ONVIF - PoE habilitado (802.3af) - Protecci\u00f3n IP65 - Montaje en pared Cubierta anti lluvia - Temperatura de operaci\u00f3n: -40 ~ 70 C (-40 ~ 158 F).","og_url":"https:\/\/mivoot.com\/gt\/producto\/videoportero-con-monitor-y-apertura-de-cerradura-vik-01-fanvil\/","og_site_name":"Mivoot","article_publisher":"https:\/\/www.facebook.com\/mivootgt","article_modified_time":"2026-02-03T22:31:39+00:00","og_image":[{"width":1000,"height":759,"url":"https:\/\/mivoot.com\/gt\/wp-content\/uploads\/2025\/06\/Famvil-MIVOOT-02.jpg","type":"image\/jpeg"}],"twitter_card":"summary_large_image","twitter_misc":{"Est. reading time":"4 minutos"},"schema":{"@context":"https:\/\/schema.org","@graph":[{"@type":"WebPage","@id":"https:\/\/mivoot.com\/gt\/producto\/videoportero-con-monitor-y-apertura-de-cerradura-vik-01-fanvil\/","url":"https:\/\/mivoot.com\/gt\/producto\/videoportero-con-monitor-y-apertura-de-cerradura-vik-01-fanvil\/","name":"Videoportero con Monitor y Apertura de Cerradura VIK-01 Fanvil - Mivoot","isPartOf":{"@id":"https:\/\/mivoot.com\/gt\/#website"},"primaryImageOfPage":{"@id":"https:\/\/mivoot.com\/gt\/producto\/videoportero-con-monitor-y-apertura-de-cerradura-vik-01-fanvil\/#primaryimage"},"image":{"@id":"https:\/\/mivoot.com\/gt\/producto\/videoportero-con-monitor-y-apertura-de-cerradura-vik-01-fanvil\/#primaryimage"},"thumbnailUrl":"https:\/\/mivoot.com\/gt\/wp-content\/uploads\/2025\/06\/Famvil-MIVOOT-02.jpg","datePublished":"2025-06-10T20:28:09+00:00","dateModified":"2026-02-03T22:31:39+00:00","breadcrumb":{"@id":"https:\/\/mivoot.com\/gt\/producto\/videoportero-con-monitor-y-apertura-de-cerradura-vik-01-fanvil\/#breadcrumb"},"inLanguage":"es","potentialAction":[{"@type":"ReadAction","target":["https:\/\/mivoot.com\/gt\/producto\/videoportero-con-monitor-y-apertura-de-cerradura-vik-01-fanvil\/"]}]},{"@type":"ImageObject","inLanguage":"es","@id":"https:\/\/mivoot.com\/gt\/producto\/videoportero-con-monitor-y-apertura-de-cerradura-vik-01-fanvil\/#primaryimage","url":"https:\/\/mivoot.com\/gt\/wp-content\/uploads\/2025\/06\/Famvil-MIVOOT-02.jpg","contentUrl":"https:\/\/mivoot.com\/gt\/wp-content\/uploads\/2025\/06\/Famvil-MIVOOT-02.jpg","width":1000,"height":759},{"@type":"BreadcrumbList","@id":"https:\/\/mivoot.com\/gt\/producto\/videoportero-con-monitor-y-apertura-de-cerradura-vik-01-fanvil\/#breadcrumb","itemListElement":[{"@type":"ListItem","position":1,"name":"Inicio","item":"https:\/\/mivoot.com\/gt\/"},{"@type":"ListItem","position":2,"name":"Productos","item":"https:\/\/mivoot.com\/gt\/producto\/"},{"@type":"ListItem","position":3,"name":"Fanvil","item":"https:\/\/mivoot.com\/gt\/marca\/fanvil-guatemala\/"},{"@type":"ListItem","position":4,"name":"Videoportero con Monitor y Apertura de Cerradura VIK-01 Fanvil"}]},{"@type":"WebSite","@id":"https:\/\/mivoot.com\/gt\/#website","url":"https:\/\/mivoot.com\/gt\/","name":"Mivoot","description":"Mivoot Guatemala | Tienda Online","publisher":{"@id":"https:\/\/mivoot.com\/gt\/#organization"},"alternateName":"mivoot","potentialAction":[{"@type":"SearchAction","target":{"@type":"EntryPoint","urlTemplate":"https:\/\/mivoot.com\/gt\/?s={search_term_string}"},"query-input":{"@type":"PropertyValueSpecification","valueRequired":true,"valueName":"search_term_string"}}],"inLanguage":"es"},{"@type":"Organization","@id":"https:\/\/mivoot.com\/gt\/#organization","name":"Mivoot Guatemala","alternateName":"mivoot.com","url":"https:\/\/mivoot.com\/gt\/","logo":{"@type":"ImageObject","inLanguage":"es","@id":"https:\/\/mivoot.com\/gt\/#\/schema\/logo\/image\/","url":"https:\/\/mivoot.com\/gt\/wp-content\/uploads\/2023\/03\/cropped-icon.png","contentUrl":"https:\/\/mivoot.com\/gt\/wp-content\/uploads\/2023\/03\/cropped-icon.png","width":512,"height":512,"caption":"Mivoot Guatemala"},"image":{"@id":"https:\/\/mivoot.com\/gt\/#\/schema\/logo\/image\/"},"sameAs":["https:\/\/www.facebook.com\/mivootgt","https:\/\/instagram.com\/mivoot"]}]}},"jetpack_publicize_connections":[],"jetpack_sharing_enabled":true,"brands":[{"id":557,"name":"Fanvil","slug":"fanvil-guatemala"}],"_links":{"self":[{"href":"https:\/\/mivoot.com\/gt\/wp-json\/wp\/v2\/product\/28607","targetHints":{"allow":["GET"]}}],"collection":[{"href":"https:\/\/mivoot.com\/gt\/wp-json\/wp\/v2\/product"}],"about":[{"href":"https:\/\/mivoot.com\/gt\/wp-json\/wp\/v2\/types\/product"}],"replies":[{"embeddable":true,"href":"https:\/\/mivoot.com\/gt\/wp-json\/wp\/v2\/comments?post=28607"}],"version-history":[{"count":3,"href":"https:\/\/mivoot.com\/gt\/wp-json\/wp\/v2\/product\/28607\/revisions"}],"predecessor-version":[{"id":28623,"href":"https:\/\/mivoot.com\/gt\/wp-json\/wp\/v2\/product\/28607\/revisions\/28623"}],"wp:featuredmedia":[{"embeddable":true,"href":"https:\/\/mivoot.com\/gt\/wp-json\/wp\/v2\/media\/28616"}],"wp:attachment":[{"href":"https:\/\/mivoot.com\/gt\/wp-json\/wp\/v2\/media?parent=28607"}],"wp:term":[{"taxonomy":"pwb-brand","embeddable":true,"href":"https:\/\/mivoot.com\/gt\/wp-json\/wp\/v2\/pwb-brand?post=28607"},{"taxonomy":"product_brand","embeddable":true,"href":"https:\/\/mivoot.com\/gt\/wp-json\/wp\/v2\/product_brand?post=28607"},{"taxonomy":"product_cat","embeddable":true,"href":"https:\/\/mivoot.com\/gt\/wp-json\/wp\/v2\/product_cat?post=28607"},{"taxonomy":"product_tag","embeddable":true,"href":"https:\/\/mivoot.com\/gt\/wp-json\/wp\/v2\/product_tag?post=28607"}],"curies":[{"name":"wp","href":"https:\/\/api.w.org\/{rel}","templated":true}]}}