{"id":28622,"date":"2025-06-10T15:05:20","date_gmt":"2025-06-10T21:05:20","guid":{"rendered":"https:\/\/mivoot.com\/gt\/?post_type=product&#038;p=28622"},"modified":"2026-02-03T16:31:26","modified_gmt":"2026-02-03T22:31:26","slug":"videoportero-timbre-i60-fanvil","status":"publish","type":"product","link":"https:\/\/mivoot.com\/gt\/producto\/videoportero-timbre-i60-fanvil\/","title":{"rendered":"Videoportero Timbre i60 Fanvil"},"content":{"rendered":"<h1><span>Tel\u00e9fono de puerta de nivel b\u00e1sico Fanvil i60<\/span><\/h1>\n<p><span>El portero autom\u00e1tico Fanvil i60 de nivel b\u00e1sico est\u00e1 dise\u00f1ado para un control de acceso seguro y eficiente, ofreciendo comunicaci\u00f3n de audio bidireccional b\u00e1sica y una gesti\u00f3n de acceso fiable. Es compatible con el protocolo SIP, lo que facilita su integraci\u00f3n en sistemas IP y puede gestionarse remotamente mediante smartphones o tel\u00e9fonos IP. Gracias a su construcci\u00f3n duradera y resistente a la intemperie, el i60 es apto para instalaci\u00f3n en exteriores, ofreciendo un rendimiento fiable en diversas aplicaciones de seguridad.<\/span><\/p>\n<h2><span>Caracter\u00edsticas y especificaciones del portero autom\u00e1tico Fanvil i60 de nivel b\u00e1sico:\u00a0<\/span><\/h2>\n<ul class=\"ui-tabs-nav ui-corner-all ui-helper-reset ui-helper-clearfix ui-widget-header\" role=\"tablist\">\n<li><span>Tel\u00e9fono de puerta de nivel b\u00e1sico y rentable\u00a0<\/span><\/li>\n<li><span>1 bot\u00f3n de marcaci\u00f3n r\u00e1pida<\/span><\/li>\n<li><span>C\u00e1mara de 2 megap\u00edxeles<\/span><\/li>\n<li><span>Admite PoE<\/span><\/li>\n<li><span>Admite apertura de puerta mediante tarjeta IC\/ID, c\u00f3digo DTMF y control remoto de puerta.<\/span><\/li>\n<li><span>Admite el protocolo ONVIF<\/span><\/li>\n<li><span>Montado en la pared<\/span><\/li>\n<li><span>Delgado y fino con instalaci\u00f3n flexible<\/span><\/li>\n<li><span>IP65 y cubierta para lluvia<\/span><\/li>\n<li><span>Alarma de manipulaci\u00f3n<\/span><\/li>\n<li><span>Admite apertura de puertas mediante BLE, aplicaci\u00f3n m\u00f3vil, tarjeta, etc.\u00a0<\/span><\/li>\n<\/ul>\n<div>\n<h3>Caracter\u00edsticas Principales:<\/h3>\n<ul>\n<li>2 l\u00edneas SIP<\/li>\n<li>C\u00e1mara de 2 MP con visi\u00f3n clara<\/li>\n<li>Soporte para 1000 tarjetas IC<\/li>\n<li>1 relevador integrado<\/li>\n<li>Bot\u00f3n de marcaci\u00f3n r\u00e1pida<\/li>\n<li>Soporte de protocolo ONVIF<\/li>\n<li>PoE habilitado (802.3af)<\/li>\n<li>Montaje en pared<\/li>\n<li>Compatibilidad: 3CX, Grandstream, Asterisk, Broadsoft, Metaswitch, etc.<\/li>\n<\/ul>\n<\/div>\n<div>\n<h3>Caracter\u00edsticas de Red:<\/h3>\n<ul>\n<li>Codec de video: H.264<\/li>\n<li>Puerto Ethernet 10\/100 Mbps<\/li>\n<li>Soporte para L2TP \/ OpenVPN<\/li>\n<li>VLAN, LLDP<\/li>\n<li>IPv4 \/ IPv6 \/ Dual Stack<\/li>\n<li>SIP 2.0 sobre UDP, TCP y TLS<\/li>\n<li>PPPoE y QoS<\/li>\n<\/ul>\n<\/div>\n<div>\n<h3>Caracter\u00edsticas F\u00edsicas y El\u00e9ctricas:<\/h3>\n<ul>\n<li>Alimentaci\u00f3n: PoE 802.3af o 12V DC (1A)<\/li>\n<li>Protecci\u00f3n IP65 contra agua y polvo<\/li>\n<li>Temperatura de operaci\u00f3n: -40\u00b0C a 70\u00b0C<\/li>\n<li>Montaje en pared con cubierta antilluvia<\/li>\n<\/ul>\n<\/div>\n<p><img decoding=\"async\" src=\"https:\/\/www.fanvil.com\/upload\/images\/20241017\/1411bj06hf.jpg\" alt=\"i60-es_01.jpg\" \/><img decoding=\"async\" src=\"https:\/\/www.fanvil.com\/upload\/images\/20241009\/14274842v8.jpg\" \/><img decoding=\"async\" src=\"https:\/\/www.fanvil.com\/upload\/images\/20241009\/14272z6jz4.jpg\" \/><img decoding=\"async\" src=\"https:\/\/www.fanvil.com\/upload\/images\/20241009\/142768pflf.gif\" \/><img decoding=\"async\" src=\"https:\/\/www.fanvil.com\/upload\/images\/20241009\/1427l44r8h.jpg\" \/><\/p>\n","protected":false},"excerpt":{"rendered":"<p>&#8211; 2 l\u00edneas SIP<br \/>\n&#8211; C\u00e1mara de 2 MP con visi\u00f3n clara<br \/>\n&#8211; Soporte para 1000 tarjetas IC<br \/>\n&#8211; 1 relevador integrado<br \/>\n&#8211; Bot\u00f3n de marcaci\u00f3n r\u00e1pida<br \/>\n&#8211; Soporte de protocolo ONVIF<br \/>\n&#8211; PoE habilitado (802.3af)<br \/>\n&#8211; Alimentaci\u00f3n v\u00eda PoE (802.3af) o 12 Vcc, 1 A (fuente no incluida).<br \/>\n&#8211; Protecci\u00f3n IP65<br \/>\n&#8211; Montaje en pared Cubierta anti lluvia<br \/>\n&#8211; Temperatura de operaci\u00f3n: -40 ~ 70 C (-40 ~ 158 F).<br \/>\n&#8211; Compatibilidad: 3CX, Grandstream, Asterisk, Broadsoft, Metaswitch, etc.<\/p>\n","protected":false},"featured_media":28624,"comment_status":"open","ping_status":"closed","template":"","meta":{"jetpack_publicize_message":"","jetpack_publicize_feature_enabled":true,"jetpack_social_post_already_shared":true,"jetpack_social_options":{"image_generator_settings":{"template":"highway","default_image_id":0,"font":"","enabled":false},"version":2}},"pwb-brand":[557],"product_brand":[],"product_cat":[356],"product_tag":[],"class_list":{"0":"post-28622","1":"product","2":"type-product","3":"status-publish","4":"has-post-thumbnail","6":"pwb-brand-fanvil-guatemala","7":"product_cat-video-portero","9":"first","10":"instock","11":"taxable","12":"shipping-taxable","13":"purchasable","14":"product-type-simple"},"yoast_head":"<!-- This site is optimized with the Yoast SEO Premium plugin v25.7.1 (Yoast SEO v26.8) - https:\/\/yoast.com\/product\/yoast-seo-premium-wordpress\/ -->\n<title>Videoportero Timbre i60 Fanvil - Mivoot<\/title>\n<meta name=\"robots\" content=\"index, follow, max-snippet:-1, max-image-preview:large, max-video-preview:-1\" \/>\n<link rel=\"canonical\" href=\"https:\/\/mivoot.com\/gt\/producto\/videoportero-timbre-i60-fanvil\/\" \/>\n<meta property=\"og:locale\" content=\"es_ES\" \/>\n<meta property=\"og:type\" content=\"article\" \/>\n<meta property=\"og:title\" content=\"Videoportero Timbre i60 Fanvil\" \/>\n<meta property=\"og:description\" content=\"- 2 l\u00edneas SIP - C\u00e1mara de 2 MP con visi\u00f3n clara - Soporte para 1000 tarjetas IC - 1 relevador integrado - Bot\u00f3n de marcaci\u00f3n r\u00e1pida - Soporte de protocolo ONVIF - PoE habilitado (802.3af) - Alimentaci\u00f3n v\u00eda PoE (802.3af) o 12 Vcc, 1 A (fuente no incluida). - Protecci\u00f3n IP65 - Montaje en pared Cubierta anti lluvia - Temperatura de operaci\u00f3n: -40 ~ 70 C (-40 ~ 158 F). - Compatibilidad: 3CX, Grandstream, Asterisk, Broadsoft, Metaswitch, etc.\" \/>\n<meta property=\"og:url\" content=\"https:\/\/mivoot.com\/gt\/producto\/videoportero-timbre-i60-fanvil\/\" \/>\n<meta property=\"og:site_name\" content=\"Mivoot\" \/>\n<meta property=\"article:publisher\" content=\"https:\/\/www.facebook.com\/mivootgt\" \/>\n<meta property=\"article:modified_time\" content=\"2026-02-03T22:31:26+00:00\" \/>\n<meta property=\"og:image\" content=\"https:\/\/mivoot.com\/gt\/wp-content\/uploads\/2025\/06\/i60-00.webp\" \/>\n\t<meta property=\"og:image:width\" content=\"1000\" \/>\n\t<meta property=\"og:image:height\" content=\"1000\" \/>\n\t<meta property=\"og:image:type\" content=\"image\/webp\" \/>\n<meta name=\"twitter:card\" content=\"summary_large_image\" \/>\n<meta name=\"twitter:label1\" content=\"Est. reading time\" \/>\n\t<meta name=\"twitter:data1\" content=\"3 minutos\" \/>\n<script type=\"application\/ld+json\" class=\"yoast-schema-graph\">{\"@context\":\"https:\/\/schema.org\",\"@graph\":[{\"@type\":\"WebPage\",\"@id\":\"https:\/\/mivoot.com\/gt\/producto\/videoportero-timbre-i60-fanvil\/\",\"url\":\"https:\/\/mivoot.com\/gt\/producto\/videoportero-timbre-i60-fanvil\/\",\"name\":\"Videoportero Timbre i60 Fanvil - Mivoot\",\"isPartOf\":{\"@id\":\"https:\/\/mivoot.com\/gt\/#website\"},\"primaryImageOfPage\":{\"@id\":\"https:\/\/mivoot.com\/gt\/producto\/videoportero-timbre-i60-fanvil\/#primaryimage\"},\"image\":{\"@id\":\"https:\/\/mivoot.com\/gt\/producto\/videoportero-timbre-i60-fanvil\/#primaryimage\"},\"thumbnailUrl\":\"https:\/\/mivoot.com\/gt\/wp-content\/uploads\/2025\/06\/i60-00.webp\",\"datePublished\":\"2025-06-10T21:05:20+00:00\",\"dateModified\":\"2026-02-03T22:31:26+00:00\",\"breadcrumb\":{\"@id\":\"https:\/\/mivoot.com\/gt\/producto\/videoportero-timbre-i60-fanvil\/#breadcrumb\"},\"inLanguage\":\"es\",\"potentialAction\":[{\"@type\":\"ReadAction\",\"target\":[\"https:\/\/mivoot.com\/gt\/producto\/videoportero-timbre-i60-fanvil\/\"]}]},{\"@type\":\"ImageObject\",\"inLanguage\":\"es\",\"@id\":\"https:\/\/mivoot.com\/gt\/producto\/videoportero-timbre-i60-fanvil\/#primaryimage\",\"url\":\"https:\/\/mivoot.com\/gt\/wp-content\/uploads\/2025\/06\/i60-00.webp\",\"contentUrl\":\"https:\/\/mivoot.com\/gt\/wp-content\/uploads\/2025\/06\/i60-00.webp\",\"width\":1000,\"height\":1000},{\"@type\":\"BreadcrumbList\",\"@id\":\"https:\/\/mivoot.com\/gt\/producto\/videoportero-timbre-i60-fanvil\/#breadcrumb\",\"itemListElement\":[{\"@type\":\"ListItem\",\"position\":1,\"name\":\"Inicio\",\"item\":\"https:\/\/mivoot.com\/gt\/\"},{\"@type\":\"ListItem\",\"position\":2,\"name\":\"Productos\",\"item\":\"https:\/\/mivoot.com\/gt\/producto\/\"},{\"@type\":\"ListItem\",\"position\":3,\"name\":\"Fanvil\",\"item\":\"https:\/\/mivoot.com\/gt\/marca\/fanvil-guatemala\/\"},{\"@type\":\"ListItem\",\"position\":4,\"name\":\"Videoportero Timbre i60 Fanvil\"}]},{\"@type\":\"WebSite\",\"@id\":\"https:\/\/mivoot.com\/gt\/#website\",\"url\":\"https:\/\/mivoot.com\/gt\/\",\"name\":\"Mivoot\",\"description\":\"Mivoot Guatemala | Tienda Online\",\"publisher\":{\"@id\":\"https:\/\/mivoot.com\/gt\/#organization\"},\"alternateName\":\"mivoot\",\"potentialAction\":[{\"@type\":\"SearchAction\",\"target\":{\"@type\":\"EntryPoint\",\"urlTemplate\":\"https:\/\/mivoot.com\/gt\/?s={search_term_string}\"},\"query-input\":{\"@type\":\"PropertyValueSpecification\",\"valueRequired\":true,\"valueName\":\"search_term_string\"}}],\"inLanguage\":\"es\"},{\"@type\":\"Organization\",\"@id\":\"https:\/\/mivoot.com\/gt\/#organization\",\"name\":\"Mivoot Guatemala\",\"alternateName\":\"mivoot.com\",\"url\":\"https:\/\/mivoot.com\/gt\/\",\"logo\":{\"@type\":\"ImageObject\",\"inLanguage\":\"es\",\"@id\":\"https:\/\/mivoot.com\/gt\/#\/schema\/logo\/image\/\",\"url\":\"https:\/\/mivoot.com\/gt\/wp-content\/uploads\/2023\/03\/cropped-icon.png\",\"contentUrl\":\"https:\/\/mivoot.com\/gt\/wp-content\/uploads\/2023\/03\/cropped-icon.png\",\"width\":512,\"height\":512,\"caption\":\"Mivoot Guatemala\"},\"image\":{\"@id\":\"https:\/\/mivoot.com\/gt\/#\/schema\/logo\/image\/\"},\"sameAs\":[\"https:\/\/www.facebook.com\/mivootgt\",\"https:\/\/instagram.com\/mivoot\"]}]}<\/script>\n<!-- \/ Yoast SEO Premium plugin. -->","yoast_head_json":{"title":"Videoportero Timbre i60 Fanvil - Mivoot","robots":{"index":"index","follow":"follow","max-snippet":"max-snippet:-1","max-image-preview":"max-image-preview:large","max-video-preview":"max-video-preview:-1"},"canonical":"https:\/\/mivoot.com\/gt\/producto\/videoportero-timbre-i60-fanvil\/","og_locale":"es_ES","og_type":"article","og_title":"Videoportero Timbre i60 Fanvil","og_description":"- 2 l\u00edneas SIP - C\u00e1mara de 2 MP con visi\u00f3n clara - Soporte para 1000 tarjetas IC - 1 relevador integrado - Bot\u00f3n de marcaci\u00f3n r\u00e1pida - Soporte de protocolo ONVIF - PoE habilitado (802.3af) - Alimentaci\u00f3n v\u00eda PoE (802.3af) o 12 Vcc, 1 A (fuente no incluida). - Protecci\u00f3n IP65 - Montaje en pared Cubierta anti lluvia - Temperatura de operaci\u00f3n: -40 ~ 70 C (-40 ~ 158 F). - Compatibilidad: 3CX, Grandstream, Asterisk, Broadsoft, Metaswitch, etc.","og_url":"https:\/\/mivoot.com\/gt\/producto\/videoportero-timbre-i60-fanvil\/","og_site_name":"Mivoot","article_publisher":"https:\/\/www.facebook.com\/mivootgt","article_modified_time":"2026-02-03T22:31:26+00:00","og_image":[{"width":1000,"height":1000,"url":"https:\/\/mivoot.com\/gt\/wp-content\/uploads\/2025\/06\/i60-00.webp","type":"image\/webp"}],"twitter_card":"summary_large_image","twitter_misc":{"Est. reading time":"3 minutos"},"schema":{"@context":"https:\/\/schema.org","@graph":[{"@type":"WebPage","@id":"https:\/\/mivoot.com\/gt\/producto\/videoportero-timbre-i60-fanvil\/","url":"https:\/\/mivoot.com\/gt\/producto\/videoportero-timbre-i60-fanvil\/","name":"Videoportero Timbre i60 Fanvil - Mivoot","isPartOf":{"@id":"https:\/\/mivoot.com\/gt\/#website"},"primaryImageOfPage":{"@id":"https:\/\/mivoot.com\/gt\/producto\/videoportero-timbre-i60-fanvil\/#primaryimage"},"image":{"@id":"https:\/\/mivoot.com\/gt\/producto\/videoportero-timbre-i60-fanvil\/#primaryimage"},"thumbnailUrl":"https:\/\/mivoot.com\/gt\/wp-content\/uploads\/2025\/06\/i60-00.webp","datePublished":"2025-06-10T21:05:20+00:00","dateModified":"2026-02-03T22:31:26+00:00","breadcrumb":{"@id":"https:\/\/mivoot.com\/gt\/producto\/videoportero-timbre-i60-fanvil\/#breadcrumb"},"inLanguage":"es","potentialAction":[{"@type":"ReadAction","target":["https:\/\/mivoot.com\/gt\/producto\/videoportero-timbre-i60-fanvil\/"]}]},{"@type":"ImageObject","inLanguage":"es","@id":"https:\/\/mivoot.com\/gt\/producto\/videoportero-timbre-i60-fanvil\/#primaryimage","url":"https:\/\/mivoot.com\/gt\/wp-content\/uploads\/2025\/06\/i60-00.webp","contentUrl":"https:\/\/mivoot.com\/gt\/wp-content\/uploads\/2025\/06\/i60-00.webp","width":1000,"height":1000},{"@type":"BreadcrumbList","@id":"https:\/\/mivoot.com\/gt\/producto\/videoportero-timbre-i60-fanvil\/#breadcrumb","itemListElement":[{"@type":"ListItem","position":1,"name":"Inicio","item":"https:\/\/mivoot.com\/gt\/"},{"@type":"ListItem","position":2,"name":"Productos","item":"https:\/\/mivoot.com\/gt\/producto\/"},{"@type":"ListItem","position":3,"name":"Fanvil","item":"https:\/\/mivoot.com\/gt\/marca\/fanvil-guatemala\/"},{"@type":"ListItem","position":4,"name":"Videoportero Timbre i60 Fanvil"}]},{"@type":"WebSite","@id":"https:\/\/mivoot.com\/gt\/#website","url":"https:\/\/mivoot.com\/gt\/","name":"Mivoot","description":"Mivoot Guatemala | Tienda Online","publisher":{"@id":"https:\/\/mivoot.com\/gt\/#organization"},"alternateName":"mivoot","potentialAction":[{"@type":"SearchAction","target":{"@type":"EntryPoint","urlTemplate":"https:\/\/mivoot.com\/gt\/?s={search_term_string}"},"query-input":{"@type":"PropertyValueSpecification","valueRequired":true,"valueName":"search_term_string"}}],"inLanguage":"es"},{"@type":"Organization","@id":"https:\/\/mivoot.com\/gt\/#organization","name":"Mivoot Guatemala","alternateName":"mivoot.com","url":"https:\/\/mivoot.com\/gt\/","logo":{"@type":"ImageObject","inLanguage":"es","@id":"https:\/\/mivoot.com\/gt\/#\/schema\/logo\/image\/","url":"https:\/\/mivoot.com\/gt\/wp-content\/uploads\/2023\/03\/cropped-icon.png","contentUrl":"https:\/\/mivoot.com\/gt\/wp-content\/uploads\/2023\/03\/cropped-icon.png","width":512,"height":512,"caption":"Mivoot Guatemala"},"image":{"@id":"https:\/\/mivoot.com\/gt\/#\/schema\/logo\/image\/"},"sameAs":["https:\/\/www.facebook.com\/mivootgt","https:\/\/instagram.com\/mivoot"]}]}},"jetpack_publicize_connections":[],"jetpack_sharing_enabled":true,"brands":[{"id":557,"name":"Fanvil","slug":"fanvil-guatemala"}],"_links":{"self":[{"href":"https:\/\/mivoot.com\/gt\/wp-json\/wp\/v2\/product\/28622","targetHints":{"allow":["GET"]}}],"collection":[{"href":"https:\/\/mivoot.com\/gt\/wp-json\/wp\/v2\/product"}],"about":[{"href":"https:\/\/mivoot.com\/gt\/wp-json\/wp\/v2\/types\/product"}],"replies":[{"embeddable":true,"href":"https:\/\/mivoot.com\/gt\/wp-json\/wp\/v2\/comments?post=28622"}],"version-history":[{"count":1,"href":"https:\/\/mivoot.com\/gt\/wp-json\/wp\/v2\/product\/28622\/revisions"}],"predecessor-version":[{"id":28629,"href":"https:\/\/mivoot.com\/gt\/wp-json\/wp\/v2\/product\/28622\/revisions\/28629"}],"wp:featuredmedia":[{"embeddable":true,"href":"https:\/\/mivoot.com\/gt\/wp-json\/wp\/v2\/media\/28624"}],"wp:attachment":[{"href":"https:\/\/mivoot.com\/gt\/wp-json\/wp\/v2\/media?parent=28622"}],"wp:term":[{"taxonomy":"pwb-brand","embeddable":true,"href":"https:\/\/mivoot.com\/gt\/wp-json\/wp\/v2\/pwb-brand?post=28622"},{"taxonomy":"product_brand","embeddable":true,"href":"https:\/\/mivoot.com\/gt\/wp-json\/wp\/v2\/product_brand?post=28622"},{"taxonomy":"product_cat","embeddable":true,"href":"https:\/\/mivoot.com\/gt\/wp-json\/wp\/v2\/product_cat?post=28622"},{"taxonomy":"product_tag","embeddable":true,"href":"https:\/\/mivoot.com\/gt\/wp-json\/wp\/v2\/product_tag?post=28622"}],"curies":[{"name":"wp","href":"https:\/\/api.w.org\/{rel}","templated":true}]}}