{"id":28649,"date":"2025-06-18T11:24:26","date_gmt":"2025-06-18T17:24:26","guid":{"rendered":"https:\/\/mivoot.com\/gt\/?post_type=product&#038;p=28649"},"modified":"2025-10-01T12:50:31","modified_gmt":"2025-10-01T18:50:31","slug":"adaptador-lightning-telefono-iphone-para-microfonos-mic-mini-dji","status":"publish","type":"product","link":"https:\/\/mivoot.com\/gt\/producto\/adaptador-lightning-telefono-iphone-para-microfonos-mic-mini-dji\/","title":{"rendered":"Adaptador Lightning Tel\u00e9fono Iphone para Micr\u00f3fonos Mic Mini DJI"},"content":{"rendered":"<h1 class=\"style__product-title___ItCPV style__product-title___Wu1tx\" style=\"text-align: center\">Adaptador para tel\u00e9fono m\u00f3vil DJI Mic Mini (Lightning)<\/h1>\n<div class=\"style__money-wrapper___5wxlW\">\n<div class=\"style__money___T5bx7\">\n<div class=\"temp-specs-tr\">\n<div class=\"temp-specs-td value\">\n<p>Experiencia de grabaci\u00f3n mejorada: transforma tu dispositivo iOS en una potente herramienta de grabaci\u00f3n de audio. El miniadaptador de micr\u00f3fono para smartphone iOS se conecta sin esfuerzo a tus dispositivos m\u00f3viles y ofrece una calidad de sonido de nivel profesional.Casos de uso vers\u00e1tiles: ideal para vloggers, m\u00fasicos o podcasters, este mini micr\u00f3fono para conector Lightning abre infinitas posibilidades para capturar audio de alta fidelidad en diversas configuraciones y aplicaciones. Permite que el receptor DJI Mic Mini se conecte a dispositivos m\u00f3viles de Apple con un puerto Lightning para grabaci\u00f3n de audio.<\/p>\n<\/div>\n<\/div>\n<div class=\"temp-specs-tr\">\n<div class=\"temp-specs-td name\">Consejos<\/div>\n<div class=\"temp-specs-td value\">\n<p>No compatible con DJI Mic y DJI Mic 2.<\/p>\n<p>Compatible con la serie iPhone 14 y modelos anteriores. Para m\u00e1s informaci\u00f3n sobre compatibilidad, consulta la p\u00e1gina del producto en el sitio web oficial de DJI.<\/p>\n<\/div>\n<\/div>\n<div class=\"temp-specs-tr\">\n<div class=\"temp-specs-td name\">En la caja<\/div>\n<div class=\"temp-specs-td value\">\n<p>Adaptador para tel\u00e9fono m\u00f3vil DJI Mic Mini (Lightning) \u00d7 1<\/p>\n<\/div>\n<\/div>\n<div class=\"temp-specs-tr\">\n<div class=\"temp-specs-td value\">\n<p><span style=\"color: #333333;font-size: 14.4px\">Compatibilidad<\/span><\/p>\n<\/div>\n<\/div>\n<div class=\"temp-specs-tr\">\n<div class=\"temp-specs-td value\">\n<p>DJI Mic Mini<\/p>\n<\/div>\n<\/div>\n<\/div>\n<\/div>\n<p><img decoding=\"async\" class=\"aligncenter\" src=\"https:\/\/se-cdn.djiits.com\/tpc\/uploads\/photo\/image\/8947e8b4837e17faea78c7cf729c10d9@large.jpg?format=webp\" alt=\"u\u00f1a del pulgar\" \/><\/p>\n<p>&nbsp;<\/p>\n","protected":false},"excerpt":{"rendered":"<p>&#8211; Permite que el receptor DJI Mic Mini se conecte a dispositivos m\u00f3viles de Apple con un puerto Lightning para grabaci\u00f3n de audio.<br \/>\n&#8211; No compatible con DJI Mic y DJI Mic 2.<br \/>\n&#8211; Peso: Aprox. 2 g<\/p>\n","protected":false},"featured_media":28650,"comment_status":"open","ping_status":"closed","template":"","meta":{"jetpack_publicize_message":"","jetpack_publicize_feature_enabled":true,"jetpack_social_post_already_shared":true,"jetpack_social_options":{"image_generator_settings":{"template":"highway","default_image_id":0,"font":"","enabled":false},"version":2}},"pwb-brand":[476],"product_brand":[],"product_cat":[162],"product_tag":[],"class_list":{"0":"post-28649","1":"product","2":"type-product","3":"status-publish","4":"has-post-thumbnail","6":"pwb-brand-dji","7":"product_cat-microfonos","9":"first","10":"instock","11":"taxable","12":"shipping-taxable","13":"purchasable","14":"product-type-simple"},"yoast_head":"<!-- This site is optimized with the Yoast SEO Premium plugin v25.7.1 (Yoast SEO v26.8) - https:\/\/yoast.com\/product\/yoast-seo-premium-wordpress\/ -->\n<title>Adaptador Lightning Tel\u00e9fono Iphone para Micr\u00f3fonos Mic Mini DJI - Mivoot<\/title>\n<meta name=\"robots\" content=\"index, follow, max-snippet:-1, max-image-preview:large, max-video-preview:-1\" \/>\n<link rel=\"canonical\" href=\"https:\/\/mivoot.com\/gt\/producto\/adaptador-lightning-telefono-iphone-para-microfonos-mic-mini-dji\/\" \/>\n<meta property=\"og:locale\" content=\"es_ES\" \/>\n<meta property=\"og:type\" content=\"article\" \/>\n<meta property=\"og:title\" content=\"Adaptador Lightning Tel\u00e9fono Iphone para Micr\u00f3fonos Mic Mini DJI\" \/>\n<meta property=\"og:description\" content=\"- Permite que el receptor DJI Mic Mini se conecte a dispositivos m\u00f3viles de Apple con un puerto Lightning para grabaci\u00f3n de audio. - No compatible con DJI Mic y DJI Mic 2. - Peso: Aprox. 2 g\" \/>\n<meta property=\"og:url\" content=\"https:\/\/mivoot.com\/gt\/producto\/adaptador-lightning-telefono-iphone-para-microfonos-mic-mini-dji\/\" \/>\n<meta property=\"og:site_name\" content=\"Mivoot\" \/>\n<meta property=\"article:publisher\" content=\"https:\/\/www.facebook.com\/mivootgt\" \/>\n<meta property=\"article:modified_time\" content=\"2025-10-01T18:50:31+00:00\" \/>\n<meta property=\"og:image\" content=\"https:\/\/mivoot.com\/gt\/wp-content\/uploads\/2025\/06\/light-1-scaled.jpg\" \/>\n\t<meta property=\"og:image:width\" content=\"2560\" \/>\n\t<meta property=\"og:image:height\" content=\"1707\" \/>\n\t<meta property=\"og:image:type\" content=\"image\/jpeg\" \/>\n<meta name=\"twitter:card\" content=\"summary_large_image\" \/>\n<meta name=\"twitter:label1\" content=\"Est. reading time\" \/>\n\t<meta name=\"twitter:data1\" content=\"2 minutos\" \/>\n<script type=\"application\/ld+json\" class=\"yoast-schema-graph\">{\"@context\":\"https:\/\/schema.org\",\"@graph\":[{\"@type\":\"WebPage\",\"@id\":\"https:\/\/mivoot.com\/gt\/producto\/adaptador-lightning-telefono-iphone-para-microfonos-mic-mini-dji\/\",\"url\":\"https:\/\/mivoot.com\/gt\/producto\/adaptador-lightning-telefono-iphone-para-microfonos-mic-mini-dji\/\",\"name\":\"Adaptador Lightning Tel\u00e9fono Iphone para Micr\u00f3fonos Mic Mini DJI - Mivoot\",\"isPartOf\":{\"@id\":\"https:\/\/mivoot.com\/gt\/#website\"},\"primaryImageOfPage\":{\"@id\":\"https:\/\/mivoot.com\/gt\/producto\/adaptador-lightning-telefono-iphone-para-microfonos-mic-mini-dji\/#primaryimage\"},\"image\":{\"@id\":\"https:\/\/mivoot.com\/gt\/producto\/adaptador-lightning-telefono-iphone-para-microfonos-mic-mini-dji\/#primaryimage\"},\"thumbnailUrl\":\"https:\/\/mivoot.com\/gt\/wp-content\/uploads\/2025\/06\/light-1-scaled.jpg\",\"datePublished\":\"2025-06-18T17:24:26+00:00\",\"dateModified\":\"2025-10-01T18:50:31+00:00\",\"breadcrumb\":{\"@id\":\"https:\/\/mivoot.com\/gt\/producto\/adaptador-lightning-telefono-iphone-para-microfonos-mic-mini-dji\/#breadcrumb\"},\"inLanguage\":\"es\",\"potentialAction\":[{\"@type\":\"ReadAction\",\"target\":[\"https:\/\/mivoot.com\/gt\/producto\/adaptador-lightning-telefono-iphone-para-microfonos-mic-mini-dji\/\"]}]},{\"@type\":\"ImageObject\",\"inLanguage\":\"es\",\"@id\":\"https:\/\/mivoot.com\/gt\/producto\/adaptador-lightning-telefono-iphone-para-microfonos-mic-mini-dji\/#primaryimage\",\"url\":\"https:\/\/mivoot.com\/gt\/wp-content\/uploads\/2025\/06\/light-1-scaled.jpg\",\"contentUrl\":\"https:\/\/mivoot.com\/gt\/wp-content\/uploads\/2025\/06\/light-1-scaled.jpg\",\"width\":2560,\"height\":1707},{\"@type\":\"BreadcrumbList\",\"@id\":\"https:\/\/mivoot.com\/gt\/producto\/adaptador-lightning-telefono-iphone-para-microfonos-mic-mini-dji\/#breadcrumb\",\"itemListElement\":[{\"@type\":\"ListItem\",\"position\":1,\"name\":\"Inicio\",\"item\":\"https:\/\/mivoot.com\/gt\/\"},{\"@type\":\"ListItem\",\"position\":2,\"name\":\"Productos\",\"item\":\"https:\/\/mivoot.com\/gt\/producto\/\"},{\"@type\":\"ListItem\",\"position\":3,\"name\":\"DJI\",\"item\":\"https:\/\/mivoot.com\/gt\/marca\/dji\/\"},{\"@type\":\"ListItem\",\"position\":4,\"name\":\"Adaptador Lightning Tel\u00e9fono Iphone para Micr\u00f3fonos Mic Mini DJI\"}]},{\"@type\":\"WebSite\",\"@id\":\"https:\/\/mivoot.com\/gt\/#website\",\"url\":\"https:\/\/mivoot.com\/gt\/\",\"name\":\"Mivoot\",\"description\":\"Mivoot Guatemala | Tienda Online\",\"publisher\":{\"@id\":\"https:\/\/mivoot.com\/gt\/#organization\"},\"alternateName\":\"mivoot\",\"potentialAction\":[{\"@type\":\"SearchAction\",\"target\":{\"@type\":\"EntryPoint\",\"urlTemplate\":\"https:\/\/mivoot.com\/gt\/?s={search_term_string}\"},\"query-input\":{\"@type\":\"PropertyValueSpecification\",\"valueRequired\":true,\"valueName\":\"search_term_string\"}}],\"inLanguage\":\"es\"},{\"@type\":\"Organization\",\"@id\":\"https:\/\/mivoot.com\/gt\/#organization\",\"name\":\"Mivoot Guatemala\",\"alternateName\":\"mivoot.com\",\"url\":\"https:\/\/mivoot.com\/gt\/\",\"logo\":{\"@type\":\"ImageObject\",\"inLanguage\":\"es\",\"@id\":\"https:\/\/mivoot.com\/gt\/#\/schema\/logo\/image\/\",\"url\":\"https:\/\/mivoot.com\/gt\/wp-content\/uploads\/2023\/03\/cropped-icon.png\",\"contentUrl\":\"https:\/\/mivoot.com\/gt\/wp-content\/uploads\/2023\/03\/cropped-icon.png\",\"width\":512,\"height\":512,\"caption\":\"Mivoot Guatemala\"},\"image\":{\"@id\":\"https:\/\/mivoot.com\/gt\/#\/schema\/logo\/image\/\"},\"sameAs\":[\"https:\/\/www.facebook.com\/mivootgt\",\"https:\/\/instagram.com\/mivoot\"]}]}<\/script>\n<!-- \/ Yoast SEO Premium plugin. -->","yoast_head_json":{"title":"Adaptador Lightning Tel\u00e9fono Iphone para Micr\u00f3fonos Mic Mini DJI - Mivoot","robots":{"index":"index","follow":"follow","max-snippet":"max-snippet:-1","max-image-preview":"max-image-preview:large","max-video-preview":"max-video-preview:-1"},"canonical":"https:\/\/mivoot.com\/gt\/producto\/adaptador-lightning-telefono-iphone-para-microfonos-mic-mini-dji\/","og_locale":"es_ES","og_type":"article","og_title":"Adaptador Lightning Tel\u00e9fono Iphone para Micr\u00f3fonos Mic Mini DJI","og_description":"- Permite que el receptor DJI Mic Mini se conecte a dispositivos m\u00f3viles de Apple con un puerto Lightning para grabaci\u00f3n de audio. - No compatible con DJI Mic y DJI Mic 2. - Peso: Aprox. 2 g","og_url":"https:\/\/mivoot.com\/gt\/producto\/adaptador-lightning-telefono-iphone-para-microfonos-mic-mini-dji\/","og_site_name":"Mivoot","article_publisher":"https:\/\/www.facebook.com\/mivootgt","article_modified_time":"2025-10-01T18:50:31+00:00","og_image":[{"width":2560,"height":1707,"url":"https:\/\/mivoot.com\/gt\/wp-content\/uploads\/2025\/06\/light-1-scaled.jpg","type":"image\/jpeg"}],"twitter_card":"summary_large_image","twitter_misc":{"Est. reading time":"2 minutos"},"schema":{"@context":"https:\/\/schema.org","@graph":[{"@type":"WebPage","@id":"https:\/\/mivoot.com\/gt\/producto\/adaptador-lightning-telefono-iphone-para-microfonos-mic-mini-dji\/","url":"https:\/\/mivoot.com\/gt\/producto\/adaptador-lightning-telefono-iphone-para-microfonos-mic-mini-dji\/","name":"Adaptador Lightning Tel\u00e9fono Iphone para Micr\u00f3fonos Mic Mini DJI - Mivoot","isPartOf":{"@id":"https:\/\/mivoot.com\/gt\/#website"},"primaryImageOfPage":{"@id":"https:\/\/mivoot.com\/gt\/producto\/adaptador-lightning-telefono-iphone-para-microfonos-mic-mini-dji\/#primaryimage"},"image":{"@id":"https:\/\/mivoot.com\/gt\/producto\/adaptador-lightning-telefono-iphone-para-microfonos-mic-mini-dji\/#primaryimage"},"thumbnailUrl":"https:\/\/mivoot.com\/gt\/wp-content\/uploads\/2025\/06\/light-1-scaled.jpg","datePublished":"2025-06-18T17:24:26+00:00","dateModified":"2025-10-01T18:50:31+00:00","breadcrumb":{"@id":"https:\/\/mivoot.com\/gt\/producto\/adaptador-lightning-telefono-iphone-para-microfonos-mic-mini-dji\/#breadcrumb"},"inLanguage":"es","potentialAction":[{"@type":"ReadAction","target":["https:\/\/mivoot.com\/gt\/producto\/adaptador-lightning-telefono-iphone-para-microfonos-mic-mini-dji\/"]}]},{"@type":"ImageObject","inLanguage":"es","@id":"https:\/\/mivoot.com\/gt\/producto\/adaptador-lightning-telefono-iphone-para-microfonos-mic-mini-dji\/#primaryimage","url":"https:\/\/mivoot.com\/gt\/wp-content\/uploads\/2025\/06\/light-1-scaled.jpg","contentUrl":"https:\/\/mivoot.com\/gt\/wp-content\/uploads\/2025\/06\/light-1-scaled.jpg","width":2560,"height":1707},{"@type":"BreadcrumbList","@id":"https:\/\/mivoot.com\/gt\/producto\/adaptador-lightning-telefono-iphone-para-microfonos-mic-mini-dji\/#breadcrumb","itemListElement":[{"@type":"ListItem","position":1,"name":"Inicio","item":"https:\/\/mivoot.com\/gt\/"},{"@type":"ListItem","position":2,"name":"Productos","item":"https:\/\/mivoot.com\/gt\/producto\/"},{"@type":"ListItem","position":3,"name":"DJI","item":"https:\/\/mivoot.com\/gt\/marca\/dji\/"},{"@type":"ListItem","position":4,"name":"Adaptador Lightning Tel\u00e9fono Iphone para Micr\u00f3fonos Mic Mini DJI"}]},{"@type":"WebSite","@id":"https:\/\/mivoot.com\/gt\/#website","url":"https:\/\/mivoot.com\/gt\/","name":"Mivoot","description":"Mivoot Guatemala | Tienda Online","publisher":{"@id":"https:\/\/mivoot.com\/gt\/#organization"},"alternateName":"mivoot","potentialAction":[{"@type":"SearchAction","target":{"@type":"EntryPoint","urlTemplate":"https:\/\/mivoot.com\/gt\/?s={search_term_string}"},"query-input":{"@type":"PropertyValueSpecification","valueRequired":true,"valueName":"search_term_string"}}],"inLanguage":"es"},{"@type":"Organization","@id":"https:\/\/mivoot.com\/gt\/#organization","name":"Mivoot Guatemala","alternateName":"mivoot.com","url":"https:\/\/mivoot.com\/gt\/","logo":{"@type":"ImageObject","inLanguage":"es","@id":"https:\/\/mivoot.com\/gt\/#\/schema\/logo\/image\/","url":"https:\/\/mivoot.com\/gt\/wp-content\/uploads\/2023\/03\/cropped-icon.png","contentUrl":"https:\/\/mivoot.com\/gt\/wp-content\/uploads\/2023\/03\/cropped-icon.png","width":512,"height":512,"caption":"Mivoot Guatemala"},"image":{"@id":"https:\/\/mivoot.com\/gt\/#\/schema\/logo\/image\/"},"sameAs":["https:\/\/www.facebook.com\/mivootgt","https:\/\/instagram.com\/mivoot"]}]}},"jetpack_publicize_connections":[],"jetpack_sharing_enabled":true,"brands":[{"id":476,"name":"DJI","slug":"dji"}],"_links":{"self":[{"href":"https:\/\/mivoot.com\/gt\/wp-json\/wp\/v2\/product\/28649","targetHints":{"allow":["GET"]}}],"collection":[{"href":"https:\/\/mivoot.com\/gt\/wp-json\/wp\/v2\/product"}],"about":[{"href":"https:\/\/mivoot.com\/gt\/wp-json\/wp\/v2\/types\/product"}],"replies":[{"embeddable":true,"href":"https:\/\/mivoot.com\/gt\/wp-json\/wp\/v2\/comments?post=28649"}],"version-history":[{"count":3,"href":"https:\/\/mivoot.com\/gt\/wp-json\/wp\/v2\/product\/28649\/revisions"}],"predecessor-version":[{"id":30515,"href":"https:\/\/mivoot.com\/gt\/wp-json\/wp\/v2\/product\/28649\/revisions\/30515"}],"wp:featuredmedia":[{"embeddable":true,"href":"https:\/\/mivoot.com\/gt\/wp-json\/wp\/v2\/media\/28650"}],"wp:attachment":[{"href":"https:\/\/mivoot.com\/gt\/wp-json\/wp\/v2\/media?parent=28649"}],"wp:term":[{"taxonomy":"pwb-brand","embeddable":true,"href":"https:\/\/mivoot.com\/gt\/wp-json\/wp\/v2\/pwb-brand?post=28649"},{"taxonomy":"product_brand","embeddable":true,"href":"https:\/\/mivoot.com\/gt\/wp-json\/wp\/v2\/product_brand?post=28649"},{"taxonomy":"product_cat","embeddable":true,"href":"https:\/\/mivoot.com\/gt\/wp-json\/wp\/v2\/product_cat?post=28649"},{"taxonomy":"product_tag","embeddable":true,"href":"https:\/\/mivoot.com\/gt\/wp-json\/wp\/v2\/product_tag?post=28649"}],"curies":[{"name":"wp","href":"https:\/\/api.w.org\/{rel}","templated":true}]}}