{"id":28667,"date":"2025-06-18T12:40:05","date_gmt":"2025-06-18T18:40:05","guid":{"rendered":"https:\/\/mivoot.com\/gt\/?post_type=product&#038;p=28667"},"modified":"2025-06-18T17:16:38","modified_gmt":"2025-06-18T23:16:38","slug":"audifonos-gaming-quantum-100m2-jbl","status":"publish","type":"product","link":"https:\/\/mivoot.com\/gt\/producto\/audifonos-gaming-quantum-100m2-jbl\/","title":{"rendered":"Audifonos Gaming Quantum 100M2 JBL"},"content":{"rendered":"<h1 class=\"headline\" style=\"text-align: center;\" data-productname=\"JBL Quantum 100M2\">JBL Quantum 100M2<\/h1>\n<p class=\"teaser\">Auriculares para gaming con cable, micr\u00f3fono omnidireccional extra\u00edble con opci\u00f3n de silenciar y almohadillas de espuma viscoel\u00e1stica cubiertas de tela<\/p>\n<h3>Convi\u00e9rtete en el polo de atracci\u00f3n del juego con JBL QuantumSOUND Signature<\/h3>\n<div class=\"expanded-feature -lifestyle in-view\">\n<div class=\"copy\">\n<p>Tanto si se trata de un peque\u00f1o paso o la mayor explosi\u00f3n, JBL QuantumSOUND Signature impulsa la \u00e9pica y la competitividad. El sonido Signature proporciona un sonido envolvente totalmente realista para que puedas ganar todas las batallas.<\/p>\n<h3>Juega durante a\u00fan m\u00e1s tiempo con las c\u00f3modas almohadillas de tela transpirable<\/h3>\n<div class=\"expanded-feature -lifestyle in-view\">\n<div class=\"copy\">\n<p>Su diadema ligera y las almohadillas de tela transpirable con espuma viscoel\u00e1stica est\u00e1n pensadas para ofrecerte comodidad incluso en las sesiones de gaming m\u00e1s largas.<\/p>\n<h3>Haz que tu voz suene alta y clara<\/h3>\n<section class=\"pdp-features in-view\" data-section=\"features\" data-headline=\"Caracter\u00edsticas\">\n<div class=\"expanded-features\">\n<div class=\"expanded-feature -lifestyle in-view\">\n<div class=\"copy\">\n<p>Los auriculares JBL Quantum 100M2 te permiten dirigir las tropas con total claridad. El micr\u00f3fono direccional vocal de asta desmontable incorpora funci\u00f3n de silenciar.<\/p>\n<p><img fetchpriority=\"high\" decoding=\"async\" class=\"\" src=\"https:\/\/www.jbl.com.gt\/on\/demandware.static\/-\/Sites-masterCatalog_Harman\/default\/dwac7dcced\/pdp\/JBL_Quantum-100M2_Lifestyle_Sound_01.png\" alt=\"Convi\u00e9rtete en el polo de atracci\u00f3n del juego con JBL QuantumSOUND Signature\" width=\"499\" height=\"309\" \/><img decoding=\"async\" class=\"\" src=\"https:\/\/www.jbl.com.gt\/on\/demandware.static\/-\/Sites-masterCatalog_Harman\/default\/dw10111d51\/pdp\/JBL_Quantum_100M2_Lifestyle_White_02.png\" alt=\"Juega durante a\u00fan m\u00e1s tiempo con las c\u00f3modas almohadillas de tela transpirable\" width=\"499\" height=\"309\" \/><\/p>\n<\/div>\n<\/div>\n<\/div>\n<div class=\"feature-slider slick-initialized slick-slider slick-dotted\">\n<div class=\"slick-list draggable\">\n<div class=\"slick-track\">\n<div id=\"slick-slide10\" class=\"feature-slide slick-slide slick-current slick-active\" tabindex=\"0\" role=\"tabpanel\" data-slick-index=\"0\" aria-hidden=\"false\"><span class=\"imagery\"><span style=\"font-size: 20.16px;\">Compatibles con Windows Sonic Spatial Sound<\/span><\/span>Los auriculares JBL Quantum 100M2 son compatibles con el sistema de sonido envolvente nativo de ordenadores con Windows 10 y las consolas Xbox\u2122 ONE.<\/p>\n<\/div>\n<div id=\"slick-slide11\" class=\"feature-slide slick-slide slick-active\" tabindex=\"0\" role=\"tabpanel\" data-slick-index=\"1\" aria-hidden=\"false\">\n<h3>Compatible con todas las plataformas<\/h3>\n<p>Los auriculares JBL Quantum 100M2 son compatibles a trav\u00e9s de un conector de 3,5 mm con PC, PlayStation\u2122*, Xbox\u2122, Nintendo Switch\u2122, tel\u00e9fonos m\u00f3viles, Mac y RV. Comprueba la compatibilidad en la gu\u00eda de conectividad. *Compatibles con PlayStation (PS5 y PS4) **Compatibles con todos los modelos Xbox, incluidos Xbox Series X<\/p>\n<h4>Audio<\/h4>\n<ul>\n<li><strong>Tama\u00f1o del Driver:<\/strong>\u00a040 mm din\u00e1mico<\/li>\n<li><strong>Respuesta de Frecuencia:<\/strong>\u00a020 Hz \u2013 20 kHz<\/li>\n<li><strong>Entrada de Potencia M\u00e1xima:<\/strong>\u00a020 mW<\/li>\n<li><strong>Sensibilidad:<\/strong>\u00a096 dB SPL a 1 kHz\/1 mW<\/li>\n<li><strong>Impedancia:<\/strong>\u00a032 ohmios<\/li>\n<\/ul>\n<h4>Microfono<\/h4>\n<ul>\n<li><strong>Tipo:<\/strong>\u00a0Asta desmontable<\/li>\n<li><strong>Patr\u00f3n de Captaci\u00f3n:<\/strong>\u00a0Direccional<\/li>\n<li><strong>Respuesta de Frecuencia:<\/strong>\u00a0100 Hz \u2013 10 kHz<\/li>\n<li><strong>Sensibilidad:<\/strong>\u00a0-42 dBV a 1 kHz dB\/Pa<\/li>\n<\/ul>\n<\/div>\n<\/div>\n<\/div>\n<\/div>\n<\/section>\n<\/div>\n<\/div>\n<\/div>\n<\/div>\n<p>&nbsp;<\/p>\n<p>&nbsp;<\/p>\n<div class=\"expanded-feature -lifestyle in-view\">\n<div class=\"copy\">\n<div class=\"expanded-feature -lifestyle in-view\"><\/div>\n<\/div>\n<\/div>\n<div class=\"expanded-feature -lifestyle in-view\"><\/div>\n","protected":false},"excerpt":{"rendered":"<p>&#8211; Tama\u00f1o del Driver:\u00a040 mm din\u00e1mico<br \/>\n&#8211; Respuesta de Frecuencia:\u00a020 Hz \u2013 20 kHz<br \/>\n&#8211; Entrada de Potencia M\u00e1xima:\u00a020 mW<br \/>\n&#8211; Sensibilidad:\u00a096 dB SPL a 1 kHz\/1 mW<br \/>\n&#8211; Impedancia:\u00a032 ohmios<br \/>\n&#8211; Tipo:\u00a0Asta desmontable<br \/>\n&#8211; Patr\u00f3n de Captaci\u00f3n:\u00a0Direccional<br \/>\n&#8211; Respuesta de Frecuencia:\u00a0100 Hz \u2013 10 kHz<br \/>\n&#8211; Sensibilidad:\u00a0-42 dBV a 1 kHz dB\/Pa<\/p>\n","protected":false},"featured_media":28673,"comment_status":"open","ping_status":"closed","template":"","meta":{"jetpack_publicize_message":"","jetpack_publicize_feature_enabled":true,"jetpack_social_post_already_shared":true,"jetpack_social_options":{"image_generator_settings":{"template":"highway","default_image_id":0,"font":"","enabled":false},"version":2}},"pwb-brand":[75],"product_brand":[],"product_cat":[25],"product_tag":[],"class_list":{"0":"post-28667","1":"product","2":"type-product","3":"status-publish","4":"has-post-thumbnail","6":"pwb-brand-jbl","7":"product_cat-audifonos-alambricos","9":"first","10":"instock","11":"taxable","12":"shipping-taxable","13":"purchasable","14":"product-type-simple"},"yoast_head":"<!-- This site is optimized with the Yoast SEO Premium plugin v25.7.1 (Yoast SEO v26.8) - https:\/\/yoast.com\/product\/yoast-seo-premium-wordpress\/ -->\n<title>Audifonos Gaming Quantum 100M2 JBL - Mivoot<\/title>\n<meta name=\"robots\" content=\"index, follow, max-snippet:-1, max-image-preview:large, max-video-preview:-1\" \/>\n<link rel=\"canonical\" href=\"https:\/\/mivoot.com\/gt\/producto\/audifonos-gaming-quantum-100m2-jbl\/\" \/>\n<meta property=\"og:locale\" content=\"es_ES\" \/>\n<meta property=\"og:type\" content=\"article\" \/>\n<meta property=\"og:title\" content=\"Audifonos Gaming Quantum 100M2 JBL\" \/>\n<meta property=\"og:description\" content=\"- Tama\u00f1o del Driver:\u00a040 mm din\u00e1mico - Respuesta de Frecuencia:\u00a020 Hz \u2013 20 kHz - Entrada de Potencia M\u00e1xima:\u00a020 mW - Sensibilidad:\u00a096 dB SPL a 1 kHz\/1 mW - Impedancia:\u00a032 ohmios - Tipo:\u00a0Asta desmontable - Patr\u00f3n de Captaci\u00f3n:\u00a0Direccional - Respuesta de Frecuencia:\u00a0100 Hz \u2013 10 kHz - Sensibilidad:\u00a0-42 dBV a 1 kHz dB\/Pa\" \/>\n<meta property=\"og:url\" content=\"https:\/\/mivoot.com\/gt\/producto\/audifonos-gaming-quantum-100m2-jbl\/\" \/>\n<meta property=\"og:site_name\" content=\"Mivoot\" \/>\n<meta property=\"article:publisher\" content=\"https:\/\/www.facebook.com\/mivootgt\" \/>\n<meta property=\"article:modified_time\" content=\"2025-06-18T23:16:38+00:00\" \/>\n<meta property=\"og:image\" content=\"https:\/\/mivoot.com\/gt\/wp-content\/uploads\/2025\/06\/100m2-jbl-3.png\" \/>\n\t<meta property=\"og:image:width\" content=\"537\" \/>\n\t<meta property=\"og:image:height\" content=\"537\" \/>\n\t<meta property=\"og:image:type\" content=\"image\/png\" \/>\n<meta name=\"twitter:card\" content=\"summary_large_image\" \/>\n<meta name=\"twitter:label1\" content=\"Est. reading time\" \/>\n\t<meta name=\"twitter:data1\" content=\"2 minutos\" \/>\n<script type=\"application\/ld+json\" class=\"yoast-schema-graph\">{\"@context\":\"https:\/\/schema.org\",\"@graph\":[{\"@type\":\"WebPage\",\"@id\":\"https:\/\/mivoot.com\/gt\/producto\/audifonos-gaming-quantum-100m2-jbl\/\",\"url\":\"https:\/\/mivoot.com\/gt\/producto\/audifonos-gaming-quantum-100m2-jbl\/\",\"name\":\"Audifonos Gaming Quantum 100M2 JBL - Mivoot\",\"isPartOf\":{\"@id\":\"https:\/\/mivoot.com\/gt\/#website\"},\"primaryImageOfPage\":{\"@id\":\"https:\/\/mivoot.com\/gt\/producto\/audifonos-gaming-quantum-100m2-jbl\/#primaryimage\"},\"image\":{\"@id\":\"https:\/\/mivoot.com\/gt\/producto\/audifonos-gaming-quantum-100m2-jbl\/#primaryimage\"},\"thumbnailUrl\":\"https:\/\/mivoot.com\/gt\/wp-content\/uploads\/2025\/06\/100m2-jbl-3.png\",\"datePublished\":\"2025-06-18T18:40:05+00:00\",\"dateModified\":\"2025-06-18T23:16:38+00:00\",\"breadcrumb\":{\"@id\":\"https:\/\/mivoot.com\/gt\/producto\/audifonos-gaming-quantum-100m2-jbl\/#breadcrumb\"},\"inLanguage\":\"es\",\"potentialAction\":[{\"@type\":\"ReadAction\",\"target\":[\"https:\/\/mivoot.com\/gt\/producto\/audifonos-gaming-quantum-100m2-jbl\/\"]}]},{\"@type\":\"ImageObject\",\"inLanguage\":\"es\",\"@id\":\"https:\/\/mivoot.com\/gt\/producto\/audifonos-gaming-quantum-100m2-jbl\/#primaryimage\",\"url\":\"https:\/\/mivoot.com\/gt\/wp-content\/uploads\/2025\/06\/100m2-jbl-3.png\",\"contentUrl\":\"https:\/\/mivoot.com\/gt\/wp-content\/uploads\/2025\/06\/100m2-jbl-3.png\",\"width\":537,\"height\":537},{\"@type\":\"BreadcrumbList\",\"@id\":\"https:\/\/mivoot.com\/gt\/producto\/audifonos-gaming-quantum-100m2-jbl\/#breadcrumb\",\"itemListElement\":[{\"@type\":\"ListItem\",\"position\":1,\"name\":\"Inicio\",\"item\":\"https:\/\/mivoot.com\/gt\/\"},{\"@type\":\"ListItem\",\"position\":2,\"name\":\"Productos\",\"item\":\"https:\/\/mivoot.com\/gt\/producto\/\"},{\"@type\":\"ListItem\",\"position\":3,\"name\":\"JBL\",\"item\":\"https:\/\/mivoot.com\/gt\/marca\/jbl\/\"},{\"@type\":\"ListItem\",\"position\":4,\"name\":\"Audifonos Gaming Quantum 100M2 JBL\"}]},{\"@type\":\"WebSite\",\"@id\":\"https:\/\/mivoot.com\/gt\/#website\",\"url\":\"https:\/\/mivoot.com\/gt\/\",\"name\":\"Mivoot\",\"description\":\"Mivoot Guatemala | Tienda Online\",\"publisher\":{\"@id\":\"https:\/\/mivoot.com\/gt\/#organization\"},\"alternateName\":\"mivoot\",\"potentialAction\":[{\"@type\":\"SearchAction\",\"target\":{\"@type\":\"EntryPoint\",\"urlTemplate\":\"https:\/\/mivoot.com\/gt\/?s={search_term_string}\"},\"query-input\":{\"@type\":\"PropertyValueSpecification\",\"valueRequired\":true,\"valueName\":\"search_term_string\"}}],\"inLanguage\":\"es\"},{\"@type\":\"Organization\",\"@id\":\"https:\/\/mivoot.com\/gt\/#organization\",\"name\":\"Mivoot Guatemala\",\"alternateName\":\"mivoot.com\",\"url\":\"https:\/\/mivoot.com\/gt\/\",\"logo\":{\"@type\":\"ImageObject\",\"inLanguage\":\"es\",\"@id\":\"https:\/\/mivoot.com\/gt\/#\/schema\/logo\/image\/\",\"url\":\"https:\/\/mivoot.com\/gt\/wp-content\/uploads\/2023\/03\/cropped-icon.png\",\"contentUrl\":\"https:\/\/mivoot.com\/gt\/wp-content\/uploads\/2023\/03\/cropped-icon.png\",\"width\":512,\"height\":512,\"caption\":\"Mivoot Guatemala\"},\"image\":{\"@id\":\"https:\/\/mivoot.com\/gt\/#\/schema\/logo\/image\/\"},\"sameAs\":[\"https:\/\/www.facebook.com\/mivootgt\",\"https:\/\/instagram.com\/mivoot\"]}]}<\/script>\n<!-- \/ Yoast SEO Premium plugin. -->","yoast_head_json":{"title":"Audifonos Gaming Quantum 100M2 JBL - Mivoot","robots":{"index":"index","follow":"follow","max-snippet":"max-snippet:-1","max-image-preview":"max-image-preview:large","max-video-preview":"max-video-preview:-1"},"canonical":"https:\/\/mivoot.com\/gt\/producto\/audifonos-gaming-quantum-100m2-jbl\/","og_locale":"es_ES","og_type":"article","og_title":"Audifonos Gaming Quantum 100M2 JBL","og_description":"- Tama\u00f1o del Driver:\u00a040 mm din\u00e1mico - Respuesta de Frecuencia:\u00a020 Hz \u2013 20 kHz - Entrada de Potencia M\u00e1xima:\u00a020 mW - Sensibilidad:\u00a096 dB SPL a 1 kHz\/1 mW - Impedancia:\u00a032 ohmios - Tipo:\u00a0Asta desmontable - Patr\u00f3n de Captaci\u00f3n:\u00a0Direccional - Respuesta de Frecuencia:\u00a0100 Hz \u2013 10 kHz - Sensibilidad:\u00a0-42 dBV a 1 kHz dB\/Pa","og_url":"https:\/\/mivoot.com\/gt\/producto\/audifonos-gaming-quantum-100m2-jbl\/","og_site_name":"Mivoot","article_publisher":"https:\/\/www.facebook.com\/mivootgt","article_modified_time":"2025-06-18T23:16:38+00:00","og_image":[{"width":537,"height":537,"url":"https:\/\/mivoot.com\/gt\/wp-content\/uploads\/2025\/06\/100m2-jbl-3.png","type":"image\/png"}],"twitter_card":"summary_large_image","twitter_misc":{"Est. reading time":"2 minutos"},"schema":{"@context":"https:\/\/schema.org","@graph":[{"@type":"WebPage","@id":"https:\/\/mivoot.com\/gt\/producto\/audifonos-gaming-quantum-100m2-jbl\/","url":"https:\/\/mivoot.com\/gt\/producto\/audifonos-gaming-quantum-100m2-jbl\/","name":"Audifonos Gaming Quantum 100M2 JBL - Mivoot","isPartOf":{"@id":"https:\/\/mivoot.com\/gt\/#website"},"primaryImageOfPage":{"@id":"https:\/\/mivoot.com\/gt\/producto\/audifonos-gaming-quantum-100m2-jbl\/#primaryimage"},"image":{"@id":"https:\/\/mivoot.com\/gt\/producto\/audifonos-gaming-quantum-100m2-jbl\/#primaryimage"},"thumbnailUrl":"https:\/\/mivoot.com\/gt\/wp-content\/uploads\/2025\/06\/100m2-jbl-3.png","datePublished":"2025-06-18T18:40:05+00:00","dateModified":"2025-06-18T23:16:38+00:00","breadcrumb":{"@id":"https:\/\/mivoot.com\/gt\/producto\/audifonos-gaming-quantum-100m2-jbl\/#breadcrumb"},"inLanguage":"es","potentialAction":[{"@type":"ReadAction","target":["https:\/\/mivoot.com\/gt\/producto\/audifonos-gaming-quantum-100m2-jbl\/"]}]},{"@type":"ImageObject","inLanguage":"es","@id":"https:\/\/mivoot.com\/gt\/producto\/audifonos-gaming-quantum-100m2-jbl\/#primaryimage","url":"https:\/\/mivoot.com\/gt\/wp-content\/uploads\/2025\/06\/100m2-jbl-3.png","contentUrl":"https:\/\/mivoot.com\/gt\/wp-content\/uploads\/2025\/06\/100m2-jbl-3.png","width":537,"height":537},{"@type":"BreadcrumbList","@id":"https:\/\/mivoot.com\/gt\/producto\/audifonos-gaming-quantum-100m2-jbl\/#breadcrumb","itemListElement":[{"@type":"ListItem","position":1,"name":"Inicio","item":"https:\/\/mivoot.com\/gt\/"},{"@type":"ListItem","position":2,"name":"Productos","item":"https:\/\/mivoot.com\/gt\/producto\/"},{"@type":"ListItem","position":3,"name":"JBL","item":"https:\/\/mivoot.com\/gt\/marca\/jbl\/"},{"@type":"ListItem","position":4,"name":"Audifonos Gaming Quantum 100M2 JBL"}]},{"@type":"WebSite","@id":"https:\/\/mivoot.com\/gt\/#website","url":"https:\/\/mivoot.com\/gt\/","name":"Mivoot","description":"Mivoot Guatemala | Tienda Online","publisher":{"@id":"https:\/\/mivoot.com\/gt\/#organization"},"alternateName":"mivoot","potentialAction":[{"@type":"SearchAction","target":{"@type":"EntryPoint","urlTemplate":"https:\/\/mivoot.com\/gt\/?s={search_term_string}"},"query-input":{"@type":"PropertyValueSpecification","valueRequired":true,"valueName":"search_term_string"}}],"inLanguage":"es"},{"@type":"Organization","@id":"https:\/\/mivoot.com\/gt\/#organization","name":"Mivoot Guatemala","alternateName":"mivoot.com","url":"https:\/\/mivoot.com\/gt\/","logo":{"@type":"ImageObject","inLanguage":"es","@id":"https:\/\/mivoot.com\/gt\/#\/schema\/logo\/image\/","url":"https:\/\/mivoot.com\/gt\/wp-content\/uploads\/2023\/03\/cropped-icon.png","contentUrl":"https:\/\/mivoot.com\/gt\/wp-content\/uploads\/2023\/03\/cropped-icon.png","width":512,"height":512,"caption":"Mivoot Guatemala"},"image":{"@id":"https:\/\/mivoot.com\/gt\/#\/schema\/logo\/image\/"},"sameAs":["https:\/\/www.facebook.com\/mivootgt","https:\/\/instagram.com\/mivoot"]}]}},"jetpack_publicize_connections":[],"jetpack_sharing_enabled":true,"brands":[{"id":75,"name":"JBL","slug":"jbl"}],"_links":{"self":[{"href":"https:\/\/mivoot.com\/gt\/wp-json\/wp\/v2\/product\/28667","targetHints":{"allow":["GET"]}}],"collection":[{"href":"https:\/\/mivoot.com\/gt\/wp-json\/wp\/v2\/product"}],"about":[{"href":"https:\/\/mivoot.com\/gt\/wp-json\/wp\/v2\/types\/product"}],"replies":[{"embeddable":true,"href":"https:\/\/mivoot.com\/gt\/wp-json\/wp\/v2\/comments?post=28667"}],"version-history":[{"count":1,"href":"https:\/\/mivoot.com\/gt\/wp-json\/wp\/v2\/product\/28667\/revisions"}],"predecessor-version":[{"id":28674,"href":"https:\/\/mivoot.com\/gt\/wp-json\/wp\/v2\/product\/28667\/revisions\/28674"}],"wp:featuredmedia":[{"embeddable":true,"href":"https:\/\/mivoot.com\/gt\/wp-json\/wp\/v2\/media\/28673"}],"wp:attachment":[{"href":"https:\/\/mivoot.com\/gt\/wp-json\/wp\/v2\/media?parent=28667"}],"wp:term":[{"taxonomy":"pwb-brand","embeddable":true,"href":"https:\/\/mivoot.com\/gt\/wp-json\/wp\/v2\/pwb-brand?post=28667"},{"taxonomy":"product_brand","embeddable":true,"href":"https:\/\/mivoot.com\/gt\/wp-json\/wp\/v2\/product_brand?post=28667"},{"taxonomy":"product_cat","embeddable":true,"href":"https:\/\/mivoot.com\/gt\/wp-json\/wp\/v2\/product_cat?post=28667"},{"taxonomy":"product_tag","embeddable":true,"href":"https:\/\/mivoot.com\/gt\/wp-json\/wp\/v2\/product_tag?post=28667"}],"curies":[{"name":"wp","href":"https:\/\/api.w.org\/{rel}","templated":true}]}}