{"id":28701,"date":"2025-06-18T17:13:19","date_gmt":"2025-06-18T23:13:19","guid":{"rendered":"https:\/\/mivoot.com\/gt\/?post_type=product&#038;p=28701"},"modified":"2025-06-18T17:18:08","modified_gmt":"2025-06-18T23:18:08","slug":"audifonos-gaming-wireless-quantum-360p-console-blanco-jbl","status":"publish","type":"product","link":"https:\/\/mivoot.com\/gt\/producto\/audifonos-gaming-wireless-quantum-360p-console-blanco-jbl\/","title":{"rendered":"Aud\u00edfonos Gaming Wireless Quantum 360P Console Blanco JBL"},"content":{"rendered":"<h1 style=\"text-align: center;\">Aud\u00edfonos Gaming Wireless Quantum 360P Console Blanco JBL<\/h1>\n<p>Auriculares inal\u00e1mbricos para gaming de consola sobre la oreja con micr\u00f3fono de asta desmontable \u00bfListo para subir tu nivel de juego? Te presentamos los auriculares JBL Quantum 360P de consola inal\u00e1mbricos, ideales para PlayStation, que tambi\u00e9n funcionan con Nintendo Switch, PC y Mac. Desde los pasos m\u00e1s silenciosos hasta las explosiones l\u00e1ser m\u00e1s potentes, QuantumSOUND Signature de JBL te sit\u00faa en el centro de cada pantalla. No importa de cu\u00e1nta acci\u00f3n te rodees, el micr\u00f3fono de asta desmontable y direccional permite que tus compa\u00f1eros de equipo jugadores siempre puedan o\u00edrte con claridad. Gracias a su bater\u00eda inal\u00e1mbrica sin p\u00e9rdidas de 22 horas de duraci\u00f3n y a las ligeras almohadillas de espuma viscoel\u00e1stica, no perder\u00e1s ni un segundo incluso durante tus sesiones de juego m\u00e1s largas. El software JBL QuantumENGINE PC ajusta el sonido para obtener la ventaja competitiva definitiva. Tus oponentes se quedar\u00e1n con la boca abierta.<\/p>\n<h3>No te pierdas ni un momento con la conexi\u00f3n inal\u00e1mbrica dual.<\/h3>\n<p>Cuando la clave es la sincronizaci\u00f3n y cada fracci\u00f3n de segundo cuenta, no puedes depender de nada. El sistema sin p\u00e9rdidas 2,4\u00a0GHz inal\u00e1mbrico para gaming te ofrece total libertad de movimiento, para olvidarte de las ca\u00eddas de audio en medio de la batalla. Estos auriculares son compatibles con todos los dispositivos compatibles con Bluetooth, como smartphones y tabletas.<\/p>\n<h3>Vive el juego al m\u00e1ximo con JBL QuantumSOUND Signature<\/h3>\n<p>Desde los pasos m\u00e1s silenciosos hasta las explosiones l\u00e1ser m\u00e1s potentes, la firma JBL Quantum convierte en \u00e9pica cada pantalla. Con amplificadores de 40\u00a0mm, el JBL Quantum 360P inal\u00e1mbrico te sumerge por completo en el juego para disfrutar de la m\u00e1xima ventaja competitiva.<\/p>\n<h3>Decide si quieres que te escuchen o no, con un micr\u00f3fono de asta desmontable con funci\u00f3n de modo silencio.<\/h3>\n<p>Incluso en los momentos m\u00e1s ruidosos, el micr\u00f3fono de asta con enfoque de voz direccional desmontable de los JBL Quantum 360P de consola inal\u00e1mbrico permite que tu equipo siempre te escuche con claridad. Tambi\u00e9n hay un pr\u00e1ctico modo silencio, por si lo necesitas en una misi\u00f3n secreta en el mundo real.<\/p>\n<p><img fetchpriority=\"high\" decoding=\"async\" class=\"\" src=\"https:\/\/www.jbl.com.gt\/on\/demandware.static\/-\/Sites-masterCatalog_Harman\/default\/dwe61712b8\/pdp\/JBL_Quantum_360P_Lifestyle_Image_01_904x560.png\" alt=\"No te pierdas ni un momento con la conexi\u00f3n inal\u00e1mbrica dual.\" width=\"552\" height=\"342\" \/><img decoding=\"async\" class=\"\" src=\"https:\/\/www.jbl.com.gt\/on\/demandware.static\/-\/Sites-masterCatalog_Harman\/default\/dw9fe7da50\/pdp\/JBL_Quantum_360P_Lifestyle_Image_03_904x560.png\" alt=\"Decide si quieres que te escuchen o no, con un micr\u00f3fono de asta desmontable con funci\u00f3n de modo silencio.\" width=\"551\" height=\"341\" \/><\/p>\n<p>&nbsp;<\/p>\n<p>&nbsp;<\/p>\n","protected":false},"excerpt":{"rendered":"<p>&#8211; Tama\u00f1o del controlador: Controladores din\u00e1micos de 40 mm<br \/>\n&#8211; Respuesta de frecuencia: 20 Hz &#8211; 20 kHz<br \/>\n&#8211; Frecuencia del micr\u00f3fono: de 100 Hz a 8 KHz<br \/>\n&#8211; Sensibilidad: 98 dB SPL a 1 KHz<br \/>\n&#8211; Frecuencia portadora inal\u00e1mbrica 2,4G: 2402 MHz &#8211; 2480 MHz<br \/>\n&#8211; Tipo de bater\u00eda: Bater\u00eda de iones de litio (3,7 V \/ 500 mAh)<\/p>\n","protected":false},"featured_media":28721,"comment_status":"open","ping_status":"closed","template":"","meta":{"jetpack_publicize_message":"","jetpack_publicize_feature_enabled":true,"jetpack_social_post_already_shared":true,"jetpack_social_options":{"image_generator_settings":{"template":"highway","default_image_id":0,"font":"","enabled":false},"version":2}},"pwb-brand":[75],"product_brand":[],"product_cat":[637],"product_tag":[],"class_list":{"0":"post-28701","1":"product","2":"type-product","3":"status-publish","4":"has-post-thumbnail","6":"pwb-brand-jbl","7":"product_cat-audifonos-gaming","9":"first","10":"instock","11":"taxable","12":"shipping-taxable","13":"purchasable","14":"product-type-simple"},"yoast_head":"<!-- This site is optimized with the Yoast SEO Premium plugin v25.7.1 (Yoast SEO v26.8) - https:\/\/yoast.com\/product\/yoast-seo-premium-wordpress\/ -->\n<title>Aud\u00edfonos Gaming Wireless Quantum 360P Console Blanco JBL - Mivoot<\/title>\n<meta name=\"robots\" content=\"index, follow, max-snippet:-1, max-image-preview:large, max-video-preview:-1\" \/>\n<link rel=\"canonical\" href=\"https:\/\/mivoot.com\/gt\/producto\/audifonos-gaming-wireless-quantum-360p-console-blanco-jbl\/\" \/>\n<meta property=\"og:locale\" content=\"es_ES\" \/>\n<meta property=\"og:type\" content=\"article\" \/>\n<meta property=\"og:title\" content=\"Aud\u00edfonos Gaming Wireless Quantum 360P Console Blanco JBL\" \/>\n<meta property=\"og:description\" content=\"- Tama\u00f1o del controlador: Controladores din\u00e1micos de 40 mm - Respuesta de frecuencia: 20 Hz - 20 kHz - Frecuencia del micr\u00f3fono: de 100 Hz a 8 KHz - Sensibilidad: 98 dB SPL a 1 KHz - Frecuencia portadora inal\u00e1mbrica 2,4G: 2402 MHz - 2480 MHz - Tipo de bater\u00eda: Bater\u00eda de iones de litio (3,7 V \/ 500 mAh)\" \/>\n<meta property=\"og:url\" content=\"https:\/\/mivoot.com\/gt\/producto\/audifonos-gaming-wireless-quantum-360p-console-blanco-jbl\/\" \/>\n<meta property=\"og:site_name\" content=\"Mivoot\" \/>\n<meta property=\"article:publisher\" content=\"https:\/\/www.facebook.com\/mivootgt\" \/>\n<meta property=\"article:modified_time\" content=\"2025-06-18T23:18:08+00:00\" \/>\n<meta property=\"og:image\" content=\"https:\/\/mivoot.com\/gt\/wp-content\/uploads\/2025\/06\/JBL-Quantum-360P-Console-Wireless-04.png\" \/>\n\t<meta property=\"og:image:width\" content=\"537\" \/>\n\t<meta property=\"og:image:height\" content=\"537\" \/>\n\t<meta property=\"og:image:type\" content=\"image\/png\" \/>\n<meta name=\"twitter:card\" content=\"summary_large_image\" \/>\n<meta name=\"twitter:label1\" content=\"Est. reading time\" \/>\n\t<meta name=\"twitter:data1\" content=\"3 minutos\" \/>\n<script type=\"application\/ld+json\" class=\"yoast-schema-graph\">{\"@context\":\"https:\/\/schema.org\",\"@graph\":[{\"@type\":\"WebPage\",\"@id\":\"https:\/\/mivoot.com\/gt\/producto\/audifonos-gaming-wireless-quantum-360p-console-blanco-jbl\/\",\"url\":\"https:\/\/mivoot.com\/gt\/producto\/audifonos-gaming-wireless-quantum-360p-console-blanco-jbl\/\",\"name\":\"Aud\u00edfonos Gaming Wireless Quantum 360P Console Blanco JBL - Mivoot\",\"isPartOf\":{\"@id\":\"https:\/\/mivoot.com\/gt\/#website\"},\"primaryImageOfPage\":{\"@id\":\"https:\/\/mivoot.com\/gt\/producto\/audifonos-gaming-wireless-quantum-360p-console-blanco-jbl\/#primaryimage\"},\"image\":{\"@id\":\"https:\/\/mivoot.com\/gt\/producto\/audifonos-gaming-wireless-quantum-360p-console-blanco-jbl\/#primaryimage\"},\"thumbnailUrl\":\"https:\/\/mivoot.com\/gt\/wp-content\/uploads\/2025\/06\/JBL-Quantum-360P-Console-Wireless-04.png\",\"datePublished\":\"2025-06-18T23:13:19+00:00\",\"dateModified\":\"2025-06-18T23:18:08+00:00\",\"breadcrumb\":{\"@id\":\"https:\/\/mivoot.com\/gt\/producto\/audifonos-gaming-wireless-quantum-360p-console-blanco-jbl\/#breadcrumb\"},\"inLanguage\":\"es\",\"potentialAction\":[{\"@type\":\"ReadAction\",\"target\":[\"https:\/\/mivoot.com\/gt\/producto\/audifonos-gaming-wireless-quantum-360p-console-blanco-jbl\/\"]}]},{\"@type\":\"ImageObject\",\"inLanguage\":\"es\",\"@id\":\"https:\/\/mivoot.com\/gt\/producto\/audifonos-gaming-wireless-quantum-360p-console-blanco-jbl\/#primaryimage\",\"url\":\"https:\/\/mivoot.com\/gt\/wp-content\/uploads\/2025\/06\/JBL-Quantum-360P-Console-Wireless-04.png\",\"contentUrl\":\"https:\/\/mivoot.com\/gt\/wp-content\/uploads\/2025\/06\/JBL-Quantum-360P-Console-Wireless-04.png\",\"width\":537,\"height\":537},{\"@type\":\"BreadcrumbList\",\"@id\":\"https:\/\/mivoot.com\/gt\/producto\/audifonos-gaming-wireless-quantum-360p-console-blanco-jbl\/#breadcrumb\",\"itemListElement\":[{\"@type\":\"ListItem\",\"position\":1,\"name\":\"Inicio\",\"item\":\"https:\/\/mivoot.com\/gt\/\"},{\"@type\":\"ListItem\",\"position\":2,\"name\":\"Productos\",\"item\":\"https:\/\/mivoot.com\/gt\/producto\/\"},{\"@type\":\"ListItem\",\"position\":3,\"name\":\"JBL\",\"item\":\"https:\/\/mivoot.com\/gt\/marca\/jbl\/\"},{\"@type\":\"ListItem\",\"position\":4,\"name\":\"Aud\u00edfonos Gaming Wireless Quantum 360P Console Blanco JBL\"}]},{\"@type\":\"WebSite\",\"@id\":\"https:\/\/mivoot.com\/gt\/#website\",\"url\":\"https:\/\/mivoot.com\/gt\/\",\"name\":\"Mivoot\",\"description\":\"Mivoot Guatemala | Tienda Online\",\"publisher\":{\"@id\":\"https:\/\/mivoot.com\/gt\/#organization\"},\"alternateName\":\"mivoot\",\"potentialAction\":[{\"@type\":\"SearchAction\",\"target\":{\"@type\":\"EntryPoint\",\"urlTemplate\":\"https:\/\/mivoot.com\/gt\/?s={search_term_string}\"},\"query-input\":{\"@type\":\"PropertyValueSpecification\",\"valueRequired\":true,\"valueName\":\"search_term_string\"}}],\"inLanguage\":\"es\"},{\"@type\":\"Organization\",\"@id\":\"https:\/\/mivoot.com\/gt\/#organization\",\"name\":\"Mivoot Guatemala\",\"alternateName\":\"mivoot.com\",\"url\":\"https:\/\/mivoot.com\/gt\/\",\"logo\":{\"@type\":\"ImageObject\",\"inLanguage\":\"es\",\"@id\":\"https:\/\/mivoot.com\/gt\/#\/schema\/logo\/image\/\",\"url\":\"https:\/\/mivoot.com\/gt\/wp-content\/uploads\/2023\/03\/cropped-icon.png\",\"contentUrl\":\"https:\/\/mivoot.com\/gt\/wp-content\/uploads\/2023\/03\/cropped-icon.png\",\"width\":512,\"height\":512,\"caption\":\"Mivoot Guatemala\"},\"image\":{\"@id\":\"https:\/\/mivoot.com\/gt\/#\/schema\/logo\/image\/\"},\"sameAs\":[\"https:\/\/www.facebook.com\/mivootgt\",\"https:\/\/instagram.com\/mivoot\"]}]}<\/script>\n<!-- \/ Yoast SEO Premium plugin. -->","yoast_head_json":{"title":"Aud\u00edfonos Gaming Wireless Quantum 360P Console Blanco JBL - Mivoot","robots":{"index":"index","follow":"follow","max-snippet":"max-snippet:-1","max-image-preview":"max-image-preview:large","max-video-preview":"max-video-preview:-1"},"canonical":"https:\/\/mivoot.com\/gt\/producto\/audifonos-gaming-wireless-quantum-360p-console-blanco-jbl\/","og_locale":"es_ES","og_type":"article","og_title":"Aud\u00edfonos Gaming Wireless Quantum 360P Console Blanco JBL","og_description":"- Tama\u00f1o del controlador: Controladores din\u00e1micos de 40 mm - Respuesta de frecuencia: 20 Hz - 20 kHz - Frecuencia del micr\u00f3fono: de 100 Hz a 8 KHz - Sensibilidad: 98 dB SPL a 1 KHz - Frecuencia portadora inal\u00e1mbrica 2,4G: 2402 MHz - 2480 MHz - Tipo de bater\u00eda: Bater\u00eda de iones de litio (3,7 V \/ 500 mAh)","og_url":"https:\/\/mivoot.com\/gt\/producto\/audifonos-gaming-wireless-quantum-360p-console-blanco-jbl\/","og_site_name":"Mivoot","article_publisher":"https:\/\/www.facebook.com\/mivootgt","article_modified_time":"2025-06-18T23:18:08+00:00","og_image":[{"width":537,"height":537,"url":"https:\/\/mivoot.com\/gt\/wp-content\/uploads\/2025\/06\/JBL-Quantum-360P-Console-Wireless-04.png","type":"image\/png"}],"twitter_card":"summary_large_image","twitter_misc":{"Est. reading time":"3 minutos"},"schema":{"@context":"https:\/\/schema.org","@graph":[{"@type":"WebPage","@id":"https:\/\/mivoot.com\/gt\/producto\/audifonos-gaming-wireless-quantum-360p-console-blanco-jbl\/","url":"https:\/\/mivoot.com\/gt\/producto\/audifonos-gaming-wireless-quantum-360p-console-blanco-jbl\/","name":"Aud\u00edfonos Gaming Wireless Quantum 360P Console Blanco JBL - Mivoot","isPartOf":{"@id":"https:\/\/mivoot.com\/gt\/#website"},"primaryImageOfPage":{"@id":"https:\/\/mivoot.com\/gt\/producto\/audifonos-gaming-wireless-quantum-360p-console-blanco-jbl\/#primaryimage"},"image":{"@id":"https:\/\/mivoot.com\/gt\/producto\/audifonos-gaming-wireless-quantum-360p-console-blanco-jbl\/#primaryimage"},"thumbnailUrl":"https:\/\/mivoot.com\/gt\/wp-content\/uploads\/2025\/06\/JBL-Quantum-360P-Console-Wireless-04.png","datePublished":"2025-06-18T23:13:19+00:00","dateModified":"2025-06-18T23:18:08+00:00","breadcrumb":{"@id":"https:\/\/mivoot.com\/gt\/producto\/audifonos-gaming-wireless-quantum-360p-console-blanco-jbl\/#breadcrumb"},"inLanguage":"es","potentialAction":[{"@type":"ReadAction","target":["https:\/\/mivoot.com\/gt\/producto\/audifonos-gaming-wireless-quantum-360p-console-blanco-jbl\/"]}]},{"@type":"ImageObject","inLanguage":"es","@id":"https:\/\/mivoot.com\/gt\/producto\/audifonos-gaming-wireless-quantum-360p-console-blanco-jbl\/#primaryimage","url":"https:\/\/mivoot.com\/gt\/wp-content\/uploads\/2025\/06\/JBL-Quantum-360P-Console-Wireless-04.png","contentUrl":"https:\/\/mivoot.com\/gt\/wp-content\/uploads\/2025\/06\/JBL-Quantum-360P-Console-Wireless-04.png","width":537,"height":537},{"@type":"BreadcrumbList","@id":"https:\/\/mivoot.com\/gt\/producto\/audifonos-gaming-wireless-quantum-360p-console-blanco-jbl\/#breadcrumb","itemListElement":[{"@type":"ListItem","position":1,"name":"Inicio","item":"https:\/\/mivoot.com\/gt\/"},{"@type":"ListItem","position":2,"name":"Productos","item":"https:\/\/mivoot.com\/gt\/producto\/"},{"@type":"ListItem","position":3,"name":"JBL","item":"https:\/\/mivoot.com\/gt\/marca\/jbl\/"},{"@type":"ListItem","position":4,"name":"Aud\u00edfonos Gaming Wireless Quantum 360P Console Blanco JBL"}]},{"@type":"WebSite","@id":"https:\/\/mivoot.com\/gt\/#website","url":"https:\/\/mivoot.com\/gt\/","name":"Mivoot","description":"Mivoot Guatemala | Tienda Online","publisher":{"@id":"https:\/\/mivoot.com\/gt\/#organization"},"alternateName":"mivoot","potentialAction":[{"@type":"SearchAction","target":{"@type":"EntryPoint","urlTemplate":"https:\/\/mivoot.com\/gt\/?s={search_term_string}"},"query-input":{"@type":"PropertyValueSpecification","valueRequired":true,"valueName":"search_term_string"}}],"inLanguage":"es"},{"@type":"Organization","@id":"https:\/\/mivoot.com\/gt\/#organization","name":"Mivoot Guatemala","alternateName":"mivoot.com","url":"https:\/\/mivoot.com\/gt\/","logo":{"@type":"ImageObject","inLanguage":"es","@id":"https:\/\/mivoot.com\/gt\/#\/schema\/logo\/image\/","url":"https:\/\/mivoot.com\/gt\/wp-content\/uploads\/2023\/03\/cropped-icon.png","contentUrl":"https:\/\/mivoot.com\/gt\/wp-content\/uploads\/2023\/03\/cropped-icon.png","width":512,"height":512,"caption":"Mivoot Guatemala"},"image":{"@id":"https:\/\/mivoot.com\/gt\/#\/schema\/logo\/image\/"},"sameAs":["https:\/\/www.facebook.com\/mivootgt","https:\/\/instagram.com\/mivoot"]}]}},"jetpack_publicize_connections":[],"jetpack_sharing_enabled":true,"brands":[{"id":75,"name":"JBL","slug":"jbl"}],"_links":{"self":[{"href":"https:\/\/mivoot.com\/gt\/wp-json\/wp\/v2\/product\/28701","targetHints":{"allow":["GET"]}}],"collection":[{"href":"https:\/\/mivoot.com\/gt\/wp-json\/wp\/v2\/product"}],"about":[{"href":"https:\/\/mivoot.com\/gt\/wp-json\/wp\/v2\/types\/product"}],"replies":[{"embeddable":true,"href":"https:\/\/mivoot.com\/gt\/wp-json\/wp\/v2\/comments?post=28701"}],"version-history":[{"count":1,"href":"https:\/\/mivoot.com\/gt\/wp-json\/wp\/v2\/product\/28701\/revisions"}],"predecessor-version":[{"id":28724,"href":"https:\/\/mivoot.com\/gt\/wp-json\/wp\/v2\/product\/28701\/revisions\/28724"}],"wp:featuredmedia":[{"embeddable":true,"href":"https:\/\/mivoot.com\/gt\/wp-json\/wp\/v2\/media\/28721"}],"wp:attachment":[{"href":"https:\/\/mivoot.com\/gt\/wp-json\/wp\/v2\/media?parent=28701"}],"wp:term":[{"taxonomy":"pwb-brand","embeddable":true,"href":"https:\/\/mivoot.com\/gt\/wp-json\/wp\/v2\/pwb-brand?post=28701"},{"taxonomy":"product_brand","embeddable":true,"href":"https:\/\/mivoot.com\/gt\/wp-json\/wp\/v2\/product_brand?post=28701"},{"taxonomy":"product_cat","embeddable":true,"href":"https:\/\/mivoot.com\/gt\/wp-json\/wp\/v2\/product_cat?post=28701"},{"taxonomy":"product_tag","embeddable":true,"href":"https:\/\/mivoot.com\/gt\/wp-json\/wp\/v2\/product_tag?post=28701"}],"curies":[{"name":"wp","href":"https:\/\/api.w.org\/{rel}","templated":true}]}}