{"id":28789,"date":"2025-06-19T15:42:59","date_gmt":"2025-06-19T21:42:59","guid":{"rendered":"https:\/\/mivoot.com\/gt\/?post_type=product&#038;p=28789"},"modified":"2025-08-27T10:30:30","modified_gmt":"2025-08-27T16:30:30","slug":"silla-gaming-storm-trooper-thronos-100s-primus","status":"publish","type":"product","link":"https:\/\/mivoot.com\/gt\/producto\/silla-gaming-storm-trooper-thronos-100s-primus\/","title":{"rendered":"Silla Gaming Storm Trooper Thronos 100S Primus"},"content":{"rendered":"<div id=\"product-detail-page-title-section-universal\" class=\"w-full\" data-testid=\"product-detail-page-title-section-universal\">\n<h1 id=\"product-detail-page-title-container\" class=\"text-lg font-bold text-max-black-900 3xl:text-2xl\" style=\"text-align: center;\" data-testid=\"product-detail-page-title-container\">Silla Gaming Primus Storm Trooper Thronos 100S Edici\u00f3n Coleccionable<\/h1>\n<\/div>\n<p>Lleva tu entretenimiento a un nuevo nivel con esta edici\u00f3n limitada de la silla para juegos Thr\u00f3nos, dise\u00f1ada para los fans incondicionales de la saga Star Wars con motivos inspirados en las tropas de choque de \u00e9lite del imperio gal\u00e1ctico.<\/p>\n<p>Ergonom\u00eda, soporte inigualable durante sesiones de juego maratonianas o largas jornadas de trabajo, estabilidad y durabilidad durante a\u00f1os, y mecanismos de ajuste que la convierten en la silla perfecta para tu arsenal de juego.<\/p>\n<p style=\"text-align: center;\">\u00a1Empu\u00f1a tu pistola l\u00e1ser y si\u00e9ntate en tu nuevo trono para unirte a la aventura y cumplir tu destino!<\/p>\n<div>\n<h3>ESPECIFICACIONES<\/h3>\n<ul>\n<li><strong>CAPACIDAD DE CARGA M\u00c1X:\u00a0<\/strong>140KG<\/li>\n<li><strong>CONTROL DE ALTURA:\u00a0<\/strong>FIABLE MECANISMO NEUM\u00c1TICO DE GAS<\/li>\n<li><strong>ALTURA M\u00cdNIMA DEL ASIENTO:\u00a0<\/strong>47CM<\/li>\n<li><strong>ALTURA M\u00c1XIMA DEL ASIENTO:\u00a0<\/strong>57CM<\/li>\n<li><strong>\u00c1NGULO DE INCLINACI\u00d3N DEL ASIENTO:\u00a0<\/strong>90<sup>\u00ba<\/sup>\u00a0&#8211; 130<sup>\u00ba<\/sup><\/li>\n<li><strong>TIPO DE REPOSABRAZOS:\u00a0<\/strong>AJUSTABLE EN 2 DIRECCIONES (VERTICAL\/HORIZONTAL)<\/li>\n<li><strong>MATERIAL DEL MARCO:\u00a0<\/strong>METAL<\/li>\n<li><strong>TIPO DE BASE:\u00a0<\/strong>BASE DE NAILON RESISTENTE<\/li>\n<li><strong>MATERIAL DEL FORRO DEL ASIENTO:\u00a0<\/strong>PVC DE PRIMERA CALIDAD<\/li>\n<li><strong>MECANISMO DE DESPLAZAMIENTO:\u00a0<\/strong>RUEDAS GIRATORIAS DE NYLON<\/li>\n<li><strong>DENSIDAD DEL RELLENO:\u00a0<\/strong>ESPUMA MOLDEADA DE 25 KG\/M<sup>3<\/sup>\u00a0+ 22 KG\/M<sup>3<\/sup>\u00a0DE ESPESOR<\/li>\n<li><strong>TAMA\u00d1O DEL ASIENTO:\u00a0<\/strong>54 X 53,5 CM<\/li>\n<li><strong>ALTURA M\u00cdNIMA\/M\u00c1XIMA DEL REPOSABRAZOS:\u00a0<\/strong>27,5\/35 CM<\/li>\n<li><strong>TAMA\u00d1O DEL REPOSABRAZOS:\u00a0<\/strong>7,4X27,8CM<\/li>\n<li><strong>ALTURA DEL RESPALDO:\u00a0<\/strong>81,5 CM<\/li>\n<li><strong>\u00c1NGULO DE AJUSTE DEL RESPALDO:\u00a0<\/strong>90\u00ba -135\u00ba<\/li>\n<li><strong>ANCHO DEL RESPALDO A LA ALTURA DEL HOMBRO:\u00a0<\/strong>53 CM<\/li>\n<\/ul>\n<\/div>\n<div>\n<h3>OTRAS CARACTER\u00cdSTICAS SILLAS<\/h3>\n<ul>\n<li>ESTILIZADO DISE\u00d1O TIPO AUTO DE CARRERA<\/li>\n<li>COMODIDAD DE ALTO RENDIMIENTO<\/li>\n<li>SUMAMENTE ADAPTABLE<\/li>\n<li>CONSTRUCCI\u00d3N ROBUSTA<\/li>\n<li>COLECCIONABLE<\/li>\n<\/ul>\n<\/div>\n<p><img decoding=\"async\" class=\"aligncenter\" src=\"https:\/\/api.primusgaming.com\/images\/PCH-S103STW_Banner-12.png\" alt=\"THR\u00d3NOS200S | PCH-S103STW | Primus Gaming\" \/><\/p>\n<p>&nbsp;<\/p>\n<p>&nbsp;<\/p>\n<div id=\"product-detail-page-quick-availability-sku-section-desktop\" class=\"hidden xl:flex\" data-testid=\"product-detail-page-quick-availability-sku-section-desktop\" aria-label=\"Disponibilidad r\u00e1pida SKU\">\n<div id=\"quick-availability-container-desktop\" class=\"flex w-full flex-row items-center gap-[6px] text-xs\" data-testid=\"quick-availability-container-desktop\"><\/div>\n<\/div>\n<div id=\"accvent-id\">\n<div id=\"load-accvent-content\" style=\"width: 100% !important; margin: 0px auto;\">\n<div>\n<div id=\"avloading\" style=\"text-align: center; display: none;\">\n<p><img decoding=\"async\" style=\"height: 80px;\" src=\"https:\/\/accvent.com\/scripting\/loading.gif\" \/><\/p>\n<div>Cargando&#8230;<\/div>\n<\/div>\n<p><iframe id=\"aviframe\" style=\"border: none; visibility: visible; overflow: hidden !important; height: 200px;\" src=\"https:\/\/syndicated.primusgaming.com\/es\/sindicado\/?code=PCH-S103STW\" name=\"aviframe\" width=\"100%\" frameborder=\"0\" scrolling=\"no\"><\/iframe><\/p>\n<\/div>\n<\/div>\n<p><script id=\"accvent-loader\" type=\"text\/javascript\" src=\"https:\/\/accvent.com\/scripting\/loader.js\" data-search=\"PCH-S103STW\" data-brand=\"PRIMUS\" data-lang=\"es\">\n            <\/script><\/p>\n<\/div>\n","protected":false},"excerpt":{"rendered":"<p>&#8211; Respaldo alto ergon\u00f3micamente dise\u00f1ado incluye coj\u00edn lumbar y almohada removibles.<br \/>\n&#8211; Asiento con inclinaci\u00f3n, tensi\u00f3n y altura ajustables<br \/>\n&#8211; Reposabrazos amplio con recubrimiento suave.<br \/>\n&#8211; Altura ajustable<br \/>\n&#8211; Base de Nailon Resistente<br \/>\n&#8211; Capacidad de de Carga Maxima 148KG<br \/>\n&#8211; Tipo de Reposabrazos 2D<\/p>\n","protected":false},"featured_media":28792,"comment_status":"open","ping_status":"closed","template":"","meta":{"jetpack_publicize_message":"","jetpack_publicize_feature_enabled":true,"jetpack_social_post_already_shared":true,"jetpack_social_options":{"image_generator_settings":{"template":"highway","default_image_id":0,"font":"","enabled":false},"version":2}},"pwb-brand":[192],"product_brand":[],"product_cat":[46],"product_tag":[],"class_list":{"0":"post-28789","1":"product","2":"type-product","3":"status-publish","4":"has-post-thumbnail","6":"pwb-brand-primus-gaming","7":"product_cat-sillas","9":"first","10":"instock","11":"sale","12":"taxable","13":"shipping-taxable","14":"purchasable","15":"product-type-simple"},"yoast_head":"<!-- This site is optimized with the Yoast SEO Premium plugin v25.7.1 (Yoast SEO v26.8) - https:\/\/yoast.com\/product\/yoast-seo-premium-wordpress\/ -->\n<title>Silla Gaming Storm Trooper Thronos 100S Primus - Mivoot<\/title>\n<meta name=\"robots\" content=\"index, follow, max-snippet:-1, max-image-preview:large, max-video-preview:-1\" \/>\n<link rel=\"canonical\" href=\"https:\/\/mivoot.com\/gt\/producto\/silla-gaming-storm-trooper-thronos-100s-primus\/\" \/>\n<meta property=\"og:locale\" content=\"es_ES\" \/>\n<meta property=\"og:type\" content=\"article\" \/>\n<meta property=\"og:title\" content=\"Silla Gaming Storm Trooper Thronos 100S Primus\" \/>\n<meta property=\"og:description\" content=\"- Respaldo alto ergon\u00f3micamente dise\u00f1ado incluye coj\u00edn lumbar y almohada removibles. - Asiento con inclinaci\u00f3n, tensi\u00f3n y altura ajustables - Reposabrazos amplio con recubrimiento suave. - Altura ajustable - Base de Nailon Resistente - Capacidad de de Carga Maxima 148KG - Tipo de Reposabrazos 2D\" \/>\n<meta property=\"og:url\" content=\"https:\/\/mivoot.com\/gt\/producto\/silla-gaming-storm-trooper-thronos-100s-primus\/\" \/>\n<meta property=\"og:site_name\" content=\"Mivoot\" \/>\n<meta property=\"article:publisher\" content=\"https:\/\/www.facebook.com\/mivootgt\" \/>\n<meta property=\"article:modified_time\" content=\"2025-08-27T16:30:30+00:00\" \/>\n<meta property=\"og:image\" content=\"https:\/\/mivoot.com\/gt\/wp-content\/uploads\/2025\/06\/PCH-S103STW.webp\" \/>\n\t<meta property=\"og:image:width\" content=\"1600\" \/>\n\t<meta property=\"og:image:height\" content=\"1200\" \/>\n\t<meta property=\"og:image:type\" content=\"image\/webp\" \/>\n<meta name=\"twitter:card\" content=\"summary_large_image\" \/>\n<meta name=\"twitter:label1\" content=\"Est. reading time\" \/>\n\t<meta name=\"twitter:data1\" content=\"2 minutos\" \/>\n<script type=\"application\/ld+json\" class=\"yoast-schema-graph\">{\"@context\":\"https:\/\/schema.org\",\"@graph\":[{\"@type\":\"WebPage\",\"@id\":\"https:\/\/mivoot.com\/gt\/producto\/silla-gaming-storm-trooper-thronos-100s-primus\/\",\"url\":\"https:\/\/mivoot.com\/gt\/producto\/silla-gaming-storm-trooper-thronos-100s-primus\/\",\"name\":\"Silla Gaming Storm Trooper Thronos 100S Primus - Mivoot\",\"isPartOf\":{\"@id\":\"https:\/\/mivoot.com\/gt\/#website\"},\"primaryImageOfPage\":{\"@id\":\"https:\/\/mivoot.com\/gt\/producto\/silla-gaming-storm-trooper-thronos-100s-primus\/#primaryimage\"},\"image\":{\"@id\":\"https:\/\/mivoot.com\/gt\/producto\/silla-gaming-storm-trooper-thronos-100s-primus\/#primaryimage\"},\"thumbnailUrl\":\"https:\/\/mivoot.com\/gt\/wp-content\/uploads\/2025\/06\/PCH-S103STW.webp\",\"datePublished\":\"2025-06-19T21:42:59+00:00\",\"dateModified\":\"2025-08-27T16:30:30+00:00\",\"breadcrumb\":{\"@id\":\"https:\/\/mivoot.com\/gt\/producto\/silla-gaming-storm-trooper-thronos-100s-primus\/#breadcrumb\"},\"inLanguage\":\"es\",\"potentialAction\":[{\"@type\":\"ReadAction\",\"target\":[\"https:\/\/mivoot.com\/gt\/producto\/silla-gaming-storm-trooper-thronos-100s-primus\/\"]}]},{\"@type\":\"ImageObject\",\"inLanguage\":\"es\",\"@id\":\"https:\/\/mivoot.com\/gt\/producto\/silla-gaming-storm-trooper-thronos-100s-primus\/#primaryimage\",\"url\":\"https:\/\/mivoot.com\/gt\/wp-content\/uploads\/2025\/06\/PCH-S103STW.webp\",\"contentUrl\":\"https:\/\/mivoot.com\/gt\/wp-content\/uploads\/2025\/06\/PCH-S103STW.webp\",\"width\":1600,\"height\":1200},{\"@type\":\"BreadcrumbList\",\"@id\":\"https:\/\/mivoot.com\/gt\/producto\/silla-gaming-storm-trooper-thronos-100s-primus\/#breadcrumb\",\"itemListElement\":[{\"@type\":\"ListItem\",\"position\":1,\"name\":\"Inicio\",\"item\":\"https:\/\/mivoot.com\/gt\/\"},{\"@type\":\"ListItem\",\"position\":2,\"name\":\"Productos\",\"item\":\"https:\/\/mivoot.com\/gt\/producto\/\"},{\"@type\":\"ListItem\",\"position\":3,\"name\":\"Primus Gaming\",\"item\":\"https:\/\/mivoot.com\/gt\/marca\/primus-gaming\/\"},{\"@type\":\"ListItem\",\"position\":4,\"name\":\"Silla Gaming Storm Trooper Thronos 100S Primus\"}]},{\"@type\":\"WebSite\",\"@id\":\"https:\/\/mivoot.com\/gt\/#website\",\"url\":\"https:\/\/mivoot.com\/gt\/\",\"name\":\"Mivoot\",\"description\":\"Mivoot Guatemala | Tienda Online\",\"publisher\":{\"@id\":\"https:\/\/mivoot.com\/gt\/#organization\"},\"alternateName\":\"mivoot\",\"potentialAction\":[{\"@type\":\"SearchAction\",\"target\":{\"@type\":\"EntryPoint\",\"urlTemplate\":\"https:\/\/mivoot.com\/gt\/?s={search_term_string}\"},\"query-input\":{\"@type\":\"PropertyValueSpecification\",\"valueRequired\":true,\"valueName\":\"search_term_string\"}}],\"inLanguage\":\"es\"},{\"@type\":\"Organization\",\"@id\":\"https:\/\/mivoot.com\/gt\/#organization\",\"name\":\"Mivoot Guatemala\",\"alternateName\":\"mivoot.com\",\"url\":\"https:\/\/mivoot.com\/gt\/\",\"logo\":{\"@type\":\"ImageObject\",\"inLanguage\":\"es\",\"@id\":\"https:\/\/mivoot.com\/gt\/#\/schema\/logo\/image\/\",\"url\":\"https:\/\/mivoot.com\/gt\/wp-content\/uploads\/2023\/03\/cropped-icon.png\",\"contentUrl\":\"https:\/\/mivoot.com\/gt\/wp-content\/uploads\/2023\/03\/cropped-icon.png\",\"width\":512,\"height\":512,\"caption\":\"Mivoot Guatemala\"},\"image\":{\"@id\":\"https:\/\/mivoot.com\/gt\/#\/schema\/logo\/image\/\"},\"sameAs\":[\"https:\/\/www.facebook.com\/mivootgt\",\"https:\/\/instagram.com\/mivoot\"]}]}<\/script>\n<!-- \/ Yoast SEO Premium plugin. -->","yoast_head_json":{"title":"Silla Gaming Storm Trooper Thronos 100S Primus - Mivoot","robots":{"index":"index","follow":"follow","max-snippet":"max-snippet:-1","max-image-preview":"max-image-preview:large","max-video-preview":"max-video-preview:-1"},"canonical":"https:\/\/mivoot.com\/gt\/producto\/silla-gaming-storm-trooper-thronos-100s-primus\/","og_locale":"es_ES","og_type":"article","og_title":"Silla Gaming Storm Trooper Thronos 100S Primus","og_description":"- Respaldo alto ergon\u00f3micamente dise\u00f1ado incluye coj\u00edn lumbar y almohada removibles. - Asiento con inclinaci\u00f3n, tensi\u00f3n y altura ajustables - Reposabrazos amplio con recubrimiento suave. - Altura ajustable - Base de Nailon Resistente - Capacidad de de Carga Maxima 148KG - Tipo de Reposabrazos 2D","og_url":"https:\/\/mivoot.com\/gt\/producto\/silla-gaming-storm-trooper-thronos-100s-primus\/","og_site_name":"Mivoot","article_publisher":"https:\/\/www.facebook.com\/mivootgt","article_modified_time":"2025-08-27T16:30:30+00:00","og_image":[{"width":1600,"height":1200,"url":"https:\/\/mivoot.com\/gt\/wp-content\/uploads\/2025\/06\/PCH-S103STW.webp","type":"image\/webp"}],"twitter_card":"summary_large_image","twitter_misc":{"Est. reading time":"2 minutos"},"schema":{"@context":"https:\/\/schema.org","@graph":[{"@type":"WebPage","@id":"https:\/\/mivoot.com\/gt\/producto\/silla-gaming-storm-trooper-thronos-100s-primus\/","url":"https:\/\/mivoot.com\/gt\/producto\/silla-gaming-storm-trooper-thronos-100s-primus\/","name":"Silla Gaming Storm Trooper Thronos 100S Primus - Mivoot","isPartOf":{"@id":"https:\/\/mivoot.com\/gt\/#website"},"primaryImageOfPage":{"@id":"https:\/\/mivoot.com\/gt\/producto\/silla-gaming-storm-trooper-thronos-100s-primus\/#primaryimage"},"image":{"@id":"https:\/\/mivoot.com\/gt\/producto\/silla-gaming-storm-trooper-thronos-100s-primus\/#primaryimage"},"thumbnailUrl":"https:\/\/mivoot.com\/gt\/wp-content\/uploads\/2025\/06\/PCH-S103STW.webp","datePublished":"2025-06-19T21:42:59+00:00","dateModified":"2025-08-27T16:30:30+00:00","breadcrumb":{"@id":"https:\/\/mivoot.com\/gt\/producto\/silla-gaming-storm-trooper-thronos-100s-primus\/#breadcrumb"},"inLanguage":"es","potentialAction":[{"@type":"ReadAction","target":["https:\/\/mivoot.com\/gt\/producto\/silla-gaming-storm-trooper-thronos-100s-primus\/"]}]},{"@type":"ImageObject","inLanguage":"es","@id":"https:\/\/mivoot.com\/gt\/producto\/silla-gaming-storm-trooper-thronos-100s-primus\/#primaryimage","url":"https:\/\/mivoot.com\/gt\/wp-content\/uploads\/2025\/06\/PCH-S103STW.webp","contentUrl":"https:\/\/mivoot.com\/gt\/wp-content\/uploads\/2025\/06\/PCH-S103STW.webp","width":1600,"height":1200},{"@type":"BreadcrumbList","@id":"https:\/\/mivoot.com\/gt\/producto\/silla-gaming-storm-trooper-thronos-100s-primus\/#breadcrumb","itemListElement":[{"@type":"ListItem","position":1,"name":"Inicio","item":"https:\/\/mivoot.com\/gt\/"},{"@type":"ListItem","position":2,"name":"Productos","item":"https:\/\/mivoot.com\/gt\/producto\/"},{"@type":"ListItem","position":3,"name":"Primus Gaming","item":"https:\/\/mivoot.com\/gt\/marca\/primus-gaming\/"},{"@type":"ListItem","position":4,"name":"Silla Gaming Storm Trooper Thronos 100S Primus"}]},{"@type":"WebSite","@id":"https:\/\/mivoot.com\/gt\/#website","url":"https:\/\/mivoot.com\/gt\/","name":"Mivoot","description":"Mivoot Guatemala | Tienda Online","publisher":{"@id":"https:\/\/mivoot.com\/gt\/#organization"},"alternateName":"mivoot","potentialAction":[{"@type":"SearchAction","target":{"@type":"EntryPoint","urlTemplate":"https:\/\/mivoot.com\/gt\/?s={search_term_string}"},"query-input":{"@type":"PropertyValueSpecification","valueRequired":true,"valueName":"search_term_string"}}],"inLanguage":"es"},{"@type":"Organization","@id":"https:\/\/mivoot.com\/gt\/#organization","name":"Mivoot Guatemala","alternateName":"mivoot.com","url":"https:\/\/mivoot.com\/gt\/","logo":{"@type":"ImageObject","inLanguage":"es","@id":"https:\/\/mivoot.com\/gt\/#\/schema\/logo\/image\/","url":"https:\/\/mivoot.com\/gt\/wp-content\/uploads\/2023\/03\/cropped-icon.png","contentUrl":"https:\/\/mivoot.com\/gt\/wp-content\/uploads\/2023\/03\/cropped-icon.png","width":512,"height":512,"caption":"Mivoot Guatemala"},"image":{"@id":"https:\/\/mivoot.com\/gt\/#\/schema\/logo\/image\/"},"sameAs":["https:\/\/www.facebook.com\/mivootgt","https:\/\/instagram.com\/mivoot"]}]}},"jetpack_publicize_connections":[],"jetpack_sharing_enabled":true,"brands":[{"id":192,"name":"Primus Gaming","slug":"primus-gaming"}],"_links":{"self":[{"href":"https:\/\/mivoot.com\/gt\/wp-json\/wp\/v2\/product\/28789","targetHints":{"allow":["GET"]}}],"collection":[{"href":"https:\/\/mivoot.com\/gt\/wp-json\/wp\/v2\/product"}],"about":[{"href":"https:\/\/mivoot.com\/gt\/wp-json\/wp\/v2\/types\/product"}],"replies":[{"embeddable":true,"href":"https:\/\/mivoot.com\/gt\/wp-json\/wp\/v2\/comments?post=28789"}],"version-history":[{"count":2,"href":"https:\/\/mivoot.com\/gt\/wp-json\/wp\/v2\/product\/28789\/revisions"}],"predecessor-version":[{"id":28798,"href":"https:\/\/mivoot.com\/gt\/wp-json\/wp\/v2\/product\/28789\/revisions\/28798"}],"wp:featuredmedia":[{"embeddable":true,"href":"https:\/\/mivoot.com\/gt\/wp-json\/wp\/v2\/media\/28792"}],"wp:attachment":[{"href":"https:\/\/mivoot.com\/gt\/wp-json\/wp\/v2\/media?parent=28789"}],"wp:term":[{"taxonomy":"pwb-brand","embeddable":true,"href":"https:\/\/mivoot.com\/gt\/wp-json\/wp\/v2\/pwb-brand?post=28789"},{"taxonomy":"product_brand","embeddable":true,"href":"https:\/\/mivoot.com\/gt\/wp-json\/wp\/v2\/product_brand?post=28789"},{"taxonomy":"product_cat","embeddable":true,"href":"https:\/\/mivoot.com\/gt\/wp-json\/wp\/v2\/product_cat?post=28789"},{"taxonomy":"product_tag","embeddable":true,"href":"https:\/\/mivoot.com\/gt\/wp-json\/wp\/v2\/product_tag?post=28789"}],"curies":[{"name":"wp","href":"https:\/\/api.w.org\/{rel}","templated":true}]}}