{"id":28824,"date":"2025-06-19T17:05:09","date_gmt":"2025-06-19T23:05:09","guid":{"rendered":"https:\/\/mivoot.com\/gt\/?post_type=product&#038;p=28824"},"modified":"2025-09-30T16:28:21","modified_gmt":"2025-09-30T22:28:21","slug":"camara-para-vehiculo-dashcam-gps-sensor-g-f6pro-hikvision","status":"publish","type":"product","link":"https:\/\/mivoot.com\/gt\/producto\/camara-para-vehiculo-dashcam-gps-sensor-g-f6pro-hikvision\/","title":{"rendered":"C\u00e1mara para Veh\u00edculo Dashcam GPS Sensor G F6PRO Hikvision"},"content":{"rendered":"<div class=\"row\">\n<h1 id=\"product_title_237210\" class=\"titulo_vp\" style=\"text-align: center;\">C\u00e1mara M\u00f3vil (Dash Cam) para Veh\u00edculos \/ ADAS \/ Micr\u00f3fono y Bocina Integrado \/ Wi-Fi \/ Micro SD \/ Conector USB \/ G &#8211; Sensor \/ Soporta GPS<\/h1>\n<\/div>\n<p><strong style=\"color: #333333; font-size: 14.4px;\">Caracter\u00edsticas principales:<\/strong><\/p>\n<div class=\"col-sm-6\">\n<ul>\n<li>1600p (2560 X 1600 = 4 Megapixel) de alta resoluci\u00f3n, gran angular 130\u00b0 de visi\u00f3n.<\/li>\n<li>La apertura de F1.6 ofrece una imagen nocturna perfecta.<\/li>\n<li>Incluye micr\u00f3fono y altavoz integrados.<\/li>\n<li>Incluye m\u00f3dulo Wi-Fi (genera un AP con la App para revisar grabaciones).<\/li>\n<li>M\u00f3dulo G-Sensor incorporado, compatible con el enlace de grabaci\u00f3n de video en caso de un accidente automovil\u00edstico o vibraci\u00f3n fuerte (la grabaci\u00f3n de video del enlace se puede configurar sin sobrescritura).<\/li>\n<li>Soporta tarjeta micro SD para grabaci\u00f3n de video, hasta 128 GB (compatible con sobrescritura).<\/li>\n<li>Aplicaci\u00f3n de tel\u00e9fono: visualizaci\u00f3n en vivo, reproducci\u00f3n de grabaciones y configuraci\u00f3n de par\u00e1metros. (no soporta visualizaci\u00f3n remota, solo de manera local).<\/li>\n<li>F\u00e1cil instalaci\u00f3n y f\u00e1cil de usar, plug and play (grabaci\u00f3n autom\u00e1tica despu\u00e9s de encender).<\/li>\n<li>Conector micro USB (3.4 metros de longitud) y adaptador para el cenicero (incluido).<\/li>\n<li><strong>Incluye GPS<\/strong>, permite saber la ubicaci\u00f3n de lo que grabo la c\u00e1mara.<\/li>\n<li><strong>La aplicaci\u00f3n m\u00f3vil se llama HikDashcam, en el manual de usuario del producto viene un c\u00f3digo QR para poder descargar la App en el celular para equipos iOS. En Playstore si esta la App. \u00a0<\/strong><\/li>\n<li><strong>Garantia por defecto de fabrica: 2 a\u00f1os.<\/strong><\/li>\n<\/ul>\n<p><img decoding=\"async\" class=\"aligncenter\" src=\"https:\/\/d3e54emdgoy1fq.cloudfront.net\/system\/redactor_assets\/pictures\/121752\/Cab-AE-DC5013-F6-1-1.jpg\" alt=\"Full HD 2K 1600p Resolution dash cam Camera with GPS PRO - Hikvision\" \/><\/p>\n<\/div>\n<div class=\"col-sm-6\">\n<p><strong>Caracter\u00edsticas F\u00edsicas y El\u00e9ctricas:<\/strong><\/p>\n<ul>\n<li>Puerto USB para alimentaci\u00f3n. (incluye adaptador de encendedor y cable 3.4mts).<\/li>\n<li>Temperatura de operaci\u00f3n: -20\u00b0C a 70\u00b0C.<\/li>\n<li>Alimentaci\u00f3n: 5 Vcc \/ 2 A \/ 5 Watts.<\/li>\n<li>Dimensiones: 45 x 50 x 50 mm.<\/li>\n<li>Peso: 120 gramos.<\/li>\n<\/ul>\n<ul class=\"tech-specs-items-description\" data-target=\"Camera \">\n<li class=\"tech-specs-items-description-list\"><span class=\"tech-specs-items-description__title--heading\">C\u00e1mara <\/span><span class=\"tech-specs-items-description__title\">Sensor de imagen <\/span><span class=\"tech-specs-items-description__title-details\">OV-05A20<\/span><\/li>\n<li class=\"tech-specs-items-description-list\"><span class=\"tech-specs-items-description__title\">Ajuste del \u00e1ngulo <\/span><span class=\"tech-specs-items-description__title-details\">\u00c1ngulos ajustables hasta 30\u00b0<\/span><\/li>\n<li class=\"tech-specs-items-description-list\"><span class=\"tech-specs-items-description__title\">Memoria de apagado <\/span><span class=\"tech-specs-items-description__title-details\">S\u00cd<\/span><\/li>\n<\/ul>\n<h4><span class=\"tech-specs-items-description__title--heading\">Lente<\/span><\/h4>\n<ul class=\"tech-specs-items-description\" data-target=\"Lens\">\n<li class=\"tech-specs-items-description-list\"><span class=\"tech-specs-items-description__title\">Tipo de lente <\/span><span class=\"tech-specs-items-description__title-details\">G+P<\/span><\/li>\n<li class=\"tech-specs-items-description-list\"><span class=\"tech-specs-items-description__title\">Abertura<\/span><span class=\"tech-specs-items-description__title-details\">F1.6<\/span><\/li>\n<\/ul>\n<h4><span class=\"tech-specs-items-description__title--heading\">Wi-Fi<\/span><\/h4>\n<ul class=\"tech-specs-items-description\" data-target=\"Wi-Fi\">\n<li class=\"tech-specs-items-description-list\"><span class=\"tech-specs-items-description__title\">Rango de frecuencia <\/span><span class=\"tech-specs-items-description__title-details\">2412-2472 MHz<\/span><\/li>\n<li class=\"tech-specs-items-description-list\"><span class=\"tech-specs-items-description__title\">Ancho de banda del canal<\/span><span class=\"tech-specs-items-description__title-details\">20 MHz\/40 MHz<\/span><\/li>\n<li><span class=\"tech-specs-items-description__title\">Wi-Fi<\/span><span class=\"tech-specs-items-description__title-details\">2.4G<\/span><\/li>\n<\/ul>\n<h4><span class=\"tech-specs-items-description__title--heading\">Imagen<\/span><\/h4>\n<ul class=\"tech-specs-items-description\" data-target=\"Image\">\n<li class=\"tech-specs-items-description-list\"><span class=\"tech-specs-items-description__title\">Amplio rango din\u00e1mico (WDR)<\/span><span class=\"tech-specs-items-description__title-details\">NO<\/span><\/li>\n<li class=\"tech-specs-items-description-list\"><span class=\"tech-specs-items-description__title\">Mejora de la imagen<\/span><span class=\"tech-specs-items-description__title-details\">S\u00cd<\/span><\/li>\n<\/ul>\n<h4><span class=\"tech-specs-items-description__title--heading\">Interfaz<\/span><\/h4>\n<ul class=\"tech-specs-items-description\" data-target=\"Interface\">\n<li class=\"tech-specs-items-description-list\"><span class=\"tech-specs-items-description__title\">Micr\u00f3fono incorporado<\/span><span class=\"tech-specs-items-description__title-details\">S\u00cd<\/span><\/li>\n<li class=\"tech-specs-items-description-list\"><span class=\"tech-specs-items-description__title\">Altavoz incorporado<\/span><span class=\"tech-specs-items-description__title-details\">S\u00cd<\/span><\/li>\n<\/ul>\n<h4><span class=\"tech-specs-items-description__title--heading\">General<\/span><\/h4>\n<ul class=\"tech-specs-items-description\" data-target=\"General\">\n<li class=\"tech-specs-items-description-list\"><span class=\"tech-specs-items-description__title\">Resoluci\u00f3n<\/span>\n<p class=\"mb-p\">1600p a 30 fps, 1600p a 25 fps;<\/p>\n<p class=\"mb-p\">1440p a 30 fps, 1440p a 25 fps;<\/p>\n<p class=\"mb-p\">1080p a 30 fps, 1080p a 25 fps<\/p>\n<\/li>\n<li class=\"tech-specs-items-description-list\"><span class=\"tech-specs-items-description__title\">M\u00e1xima resoluci\u00f3n<\/span><span class=\"tech-specs-items-description__title-details\">1600p a 30 fps<\/span><\/li>\n<li class=\"tech-specs-items-description-list\"><span class=\"tech-specs-items-description__title\">Compresi\u00f3n de v\u00eddeo<\/span><span class=\"tech-specs-items-description__title-details\">H.265<\/span><\/li>\n<li class=\"tech-specs-items-description-list\"><span class=\"tech-specs-items-description__title\">Campo de visi\u00f3n<\/span><span class=\"tech-specs-items-description__title-details\">130\u00b0 (profundidad), 109\u00b0 (altura)<\/span><\/li>\n<li class=\"tech-specs-items-description-list\"><span class=\"tech-specs-items-description__title\">Dimensiones de la c\u00e1mara<\/span><span class=\"tech-specs-items-description__title-details\">52 mm x 50,4 mm x 51,9 mm (2,04&#8243; x 1,98&#8243; x 2,04&#8243;)<\/span><\/li>\n<li class=\"tech-specs-items-description-list\"><span class=\"tech-specs-items-description__title\">Peso de la c\u00e1mara<\/span><span class=\"tech-specs-items-description__title-details\">120 g (0,26 libras)<\/span><\/li>\n<li class=\"tech-specs-items-description-list\"><span class=\"tech-specs-items-description__title\">Restablecimiento de software<\/span><span class=\"tech-specs-items-description__title-details\">S\u00cd<\/span><\/li>\n<li class=\"tech-specs-items-description-list\"><span class=\"tech-specs-items-description__title\">Actualizaci\u00f3n en l\u00ednea<\/span><span class=\"tech-specs-items-description__title-details\">S\u00cd<\/span><\/li>\n<li class=\"tech-specs-items-description-list\"><span class=\"tech-specs-items-description__title\">Consumo de energ\u00eda y corriente<\/span><span class=\"tech-specs-items-description__title-details\">3,5 W<\/span><\/li>\n<li class=\"tech-specs-items-description-list\"><span class=\"tech-specs-items-description__title\">Fuente de alimentaci\u00f3n<\/span><span class=\"tech-specs-items-description__title-details\">5 V CC, 2 A<\/span><\/li>\n<li class=\"tech-specs-items-description-list\"><span class=\"tech-specs-items-description__title\">Interfaz de energ\u00eda<\/span><span class=\"tech-specs-items-description__title-details\">Micro<\/span><\/li>\n<li class=\"tech-specs-items-description-list\"><span class=\"tech-specs-items-description__title\">Temperatura de trabajo<\/span><span class=\"tech-specs-items-description__title-details\">-20 \u00b0C a 70 \u00b0C (-4 \u00b0F a 158 \u00b0F)<\/span><\/li>\n<li class=\"tech-specs-items-description-list\"><span class=\"tech-specs-items-description__title\">Humedad de trabajo<\/span><span class=\"tech-specs-items-description__title-details\">95%(m\u00e1x.)<\/span><\/li>\n<li class=\"tech-specs-items-description-list\"><span class=\"tech-specs-items-description__title\">Almacenamiento<\/span><span class=\"tech-specs-items-description__title-details\">Tarjeta TF, m\u00e1x. 128 GB<\/span><\/li>\n<li class=\"tech-specs-items-description-list\"><span class=\"tech-specs-items-description__title\">OSD<\/span><span class=\"tech-specs-items-description__title-details\">Mostrar hora, fecha, etc.<\/span><\/li>\n<li class=\"tech-specs-items-description-list\"><span class=\"tech-specs-items-description__title\">Formato de imagen<\/span><span class=\"tech-specs-items-description__title-details\">JPEG<\/span><\/li>\n<li class=\"tech-specs-items-description-list\"><span class=\"tech-specs-items-description__title\">Almacenamiento local<\/span><span class=\"tech-specs-items-description__title-details\">NO<\/span><\/li>\n<li class=\"tech-specs-items-description-list\"><span class=\"tech-specs-items-description__title\">Sistemas avanzados de asistencia al conductor (ADAS)<\/span><span class=\"tech-specs-items-description__title-details\">S\u00cd<\/span><\/li>\n<li class=\"tech-specs-items-description-list\"><span class=\"tech-specs-items-description__title\">Reconocimiento de voz<\/span><span class=\"tech-specs-items-description__title-details\">S\u00cd<\/span><\/li>\n<\/ul>\n<\/div>\n<div class=\"row\"><\/div>\n","protected":false},"excerpt":{"rendered":"<p>&#8211; Resoluci\u00f3n 1600p con alta claridad de imagen<br \/>\n&#8211; Gran angular de 130\u00b0 con apertura f1.6<br \/>\n&#8211; M\u00f3dulo Wi-Fi para revisi\u00f3n con aplicaci\u00f3n<br \/>\n&#8211; G-sensor para grabaci\u00f3n de incidentes<br \/>\n&#8211; Admite Micro SD hasta 128 GB<br \/>\n&#8211; Incluye micr\u00f3fono y altavoz integrados.<\/p>\n","protected":false},"featured_media":20193,"comment_status":"open","ping_status":"closed","template":"","meta":{"jetpack_publicize_message":"","jetpack_publicize_feature_enabled":true,"jetpack_social_post_already_shared":true,"jetpack_social_options":{"image_generator_settings":{"template":"highway","default_image_id":0,"font":"","enabled":false},"version":2}},"pwb-brand":[113],"product_brand":[],"product_cat":[402],"product_tag":[],"class_list":{"0":"post-28824","1":"product","2":"type-product","3":"status-publish","4":"has-post-thumbnail","6":"pwb-brand-hikvision","7":"product_cat-dash-cam-vehiculos","9":"first","10":"instock","11":"sale","12":"taxable","13":"shipping-taxable","14":"purchasable","15":"product-type-simple"},"yoast_head":"<!-- This site is optimized with the Yoast SEO Premium plugin v25.7.1 (Yoast SEO v26.8) - https:\/\/yoast.com\/product\/yoast-seo-premium-wordpress\/ -->\n<title>C\u00e1mara para Veh\u00edculo Dashcam GPS Sensor G F6PRO Hikvision - Mivoot<\/title>\n<meta name=\"robots\" content=\"index, follow, max-snippet:-1, max-image-preview:large, max-video-preview:-1\" \/>\n<link rel=\"canonical\" href=\"https:\/\/mivoot.com\/gt\/producto\/camara-para-vehiculo-dashcam-gps-sensor-g-f6pro-hikvision\/\" \/>\n<meta property=\"og:locale\" content=\"es_ES\" \/>\n<meta property=\"og:type\" content=\"article\" \/>\n<meta property=\"og:title\" content=\"C\u00e1mara para Veh\u00edculo Dashcam GPS Sensor G F6PRO Hikvision\" \/>\n<meta property=\"og:description\" content=\"- Resoluci\u00f3n 1600p con alta claridad de imagen - Gran angular de 130\u00b0 con apertura f1.6 - M\u00f3dulo Wi-Fi para revisi\u00f3n con aplicaci\u00f3n - G-sensor para grabaci\u00f3n de incidentes - Admite Micro SD hasta 128 GB - Incluye micr\u00f3fono y altavoz integrados.\" \/>\n<meta property=\"og:url\" content=\"https:\/\/mivoot.com\/gt\/producto\/camara-para-vehiculo-dashcam-gps-sensor-g-f6pro-hikvision\/\" \/>\n<meta property=\"og:site_name\" content=\"Mivoot\" \/>\n<meta property=\"article:publisher\" content=\"https:\/\/www.facebook.com\/mivootgt\" \/>\n<meta property=\"article:modified_time\" content=\"2025-09-30T22:28:21+00:00\" \/>\n<meta property=\"og:image\" content=\"https:\/\/mivoot.com\/gt\/wp-content\/uploads\/2024\/07\/AE-DC5013-F6-02.webp\" \/>\n\t<meta property=\"og:image:width\" content=\"1000\" \/>\n\t<meta property=\"og:image:height\" content=\"1000\" \/>\n\t<meta property=\"og:image:type\" content=\"image\/webp\" \/>\n<meta name=\"twitter:card\" content=\"summary_large_image\" \/>\n<meta name=\"twitter:label1\" content=\"Est. reading time\" \/>\n\t<meta name=\"twitter:data1\" content=\"3 minutos\" \/>\n<script type=\"application\/ld+json\" class=\"yoast-schema-graph\">{\"@context\":\"https:\/\/schema.org\",\"@graph\":[{\"@type\":\"WebPage\",\"@id\":\"https:\/\/mivoot.com\/gt\/producto\/camara-para-vehiculo-dashcam-gps-sensor-g-f6pro-hikvision\/\",\"url\":\"https:\/\/mivoot.com\/gt\/producto\/camara-para-vehiculo-dashcam-gps-sensor-g-f6pro-hikvision\/\",\"name\":\"C\u00e1mara para Veh\u00edculo Dashcam GPS Sensor G F6PRO Hikvision - Mivoot\",\"isPartOf\":{\"@id\":\"https:\/\/mivoot.com\/gt\/#website\"},\"primaryImageOfPage\":{\"@id\":\"https:\/\/mivoot.com\/gt\/producto\/camara-para-vehiculo-dashcam-gps-sensor-g-f6pro-hikvision\/#primaryimage\"},\"image\":{\"@id\":\"https:\/\/mivoot.com\/gt\/producto\/camara-para-vehiculo-dashcam-gps-sensor-g-f6pro-hikvision\/#primaryimage\"},\"thumbnailUrl\":\"https:\/\/mivoot.com\/gt\/wp-content\/uploads\/2024\/07\/AE-DC5013-F6-02.webp\",\"datePublished\":\"2025-06-19T23:05:09+00:00\",\"dateModified\":\"2025-09-30T22:28:21+00:00\",\"breadcrumb\":{\"@id\":\"https:\/\/mivoot.com\/gt\/producto\/camara-para-vehiculo-dashcam-gps-sensor-g-f6pro-hikvision\/#breadcrumb\"},\"inLanguage\":\"es\",\"potentialAction\":[{\"@type\":\"ReadAction\",\"target\":[\"https:\/\/mivoot.com\/gt\/producto\/camara-para-vehiculo-dashcam-gps-sensor-g-f6pro-hikvision\/\"]}]},{\"@type\":\"ImageObject\",\"inLanguage\":\"es\",\"@id\":\"https:\/\/mivoot.com\/gt\/producto\/camara-para-vehiculo-dashcam-gps-sensor-g-f6pro-hikvision\/#primaryimage\",\"url\":\"https:\/\/mivoot.com\/gt\/wp-content\/uploads\/2024\/07\/AE-DC5013-F6-02.webp\",\"contentUrl\":\"https:\/\/mivoot.com\/gt\/wp-content\/uploads\/2024\/07\/AE-DC5013-F6-02.webp\",\"width\":1000,\"height\":1000},{\"@type\":\"BreadcrumbList\",\"@id\":\"https:\/\/mivoot.com\/gt\/producto\/camara-para-vehiculo-dashcam-gps-sensor-g-f6pro-hikvision\/#breadcrumb\",\"itemListElement\":[{\"@type\":\"ListItem\",\"position\":1,\"name\":\"Inicio\",\"item\":\"https:\/\/mivoot.com\/gt\/\"},{\"@type\":\"ListItem\",\"position\":2,\"name\":\"Productos\",\"item\":\"https:\/\/mivoot.com\/gt\/producto\/\"},{\"@type\":\"ListItem\",\"position\":3,\"name\":\"Hikvision\",\"item\":\"https:\/\/mivoot.com\/gt\/marca\/hikvision\/\"},{\"@type\":\"ListItem\",\"position\":4,\"name\":\"C\u00e1mara para Veh\u00edculo Dashcam GPS Sensor G F6PRO Hikvision\"}]},{\"@type\":\"WebSite\",\"@id\":\"https:\/\/mivoot.com\/gt\/#website\",\"url\":\"https:\/\/mivoot.com\/gt\/\",\"name\":\"Mivoot\",\"description\":\"Mivoot Guatemala | Tienda Online\",\"publisher\":{\"@id\":\"https:\/\/mivoot.com\/gt\/#organization\"},\"alternateName\":\"mivoot\",\"potentialAction\":[{\"@type\":\"SearchAction\",\"target\":{\"@type\":\"EntryPoint\",\"urlTemplate\":\"https:\/\/mivoot.com\/gt\/?s={search_term_string}\"},\"query-input\":{\"@type\":\"PropertyValueSpecification\",\"valueRequired\":true,\"valueName\":\"search_term_string\"}}],\"inLanguage\":\"es\"},{\"@type\":\"Organization\",\"@id\":\"https:\/\/mivoot.com\/gt\/#organization\",\"name\":\"Mivoot Guatemala\",\"alternateName\":\"mivoot.com\",\"url\":\"https:\/\/mivoot.com\/gt\/\",\"logo\":{\"@type\":\"ImageObject\",\"inLanguage\":\"es\",\"@id\":\"https:\/\/mivoot.com\/gt\/#\/schema\/logo\/image\/\",\"url\":\"https:\/\/mivoot.com\/gt\/wp-content\/uploads\/2023\/03\/cropped-icon.png\",\"contentUrl\":\"https:\/\/mivoot.com\/gt\/wp-content\/uploads\/2023\/03\/cropped-icon.png\",\"width\":512,\"height\":512,\"caption\":\"Mivoot Guatemala\"},\"image\":{\"@id\":\"https:\/\/mivoot.com\/gt\/#\/schema\/logo\/image\/\"},\"sameAs\":[\"https:\/\/www.facebook.com\/mivootgt\",\"https:\/\/instagram.com\/mivoot\"]}]}<\/script>\n<!-- \/ Yoast SEO Premium plugin. -->","yoast_head_json":{"title":"C\u00e1mara para Veh\u00edculo Dashcam GPS Sensor G F6PRO Hikvision - Mivoot","robots":{"index":"index","follow":"follow","max-snippet":"max-snippet:-1","max-image-preview":"max-image-preview:large","max-video-preview":"max-video-preview:-1"},"canonical":"https:\/\/mivoot.com\/gt\/producto\/camara-para-vehiculo-dashcam-gps-sensor-g-f6pro-hikvision\/","og_locale":"es_ES","og_type":"article","og_title":"C\u00e1mara para Veh\u00edculo Dashcam GPS Sensor G F6PRO Hikvision","og_description":"- Resoluci\u00f3n 1600p con alta claridad de imagen - Gran angular de 130\u00b0 con apertura f1.6 - M\u00f3dulo Wi-Fi para revisi\u00f3n con aplicaci\u00f3n - G-sensor para grabaci\u00f3n de incidentes - Admite Micro SD hasta 128 GB - Incluye micr\u00f3fono y altavoz integrados.","og_url":"https:\/\/mivoot.com\/gt\/producto\/camara-para-vehiculo-dashcam-gps-sensor-g-f6pro-hikvision\/","og_site_name":"Mivoot","article_publisher":"https:\/\/www.facebook.com\/mivootgt","article_modified_time":"2025-09-30T22:28:21+00:00","og_image":[{"width":1000,"height":1000,"url":"https:\/\/mivoot.com\/gt\/wp-content\/uploads\/2024\/07\/AE-DC5013-F6-02.webp","type":"image\/webp"}],"twitter_card":"summary_large_image","twitter_misc":{"Est. reading time":"3 minutos"},"schema":{"@context":"https:\/\/schema.org","@graph":[{"@type":"WebPage","@id":"https:\/\/mivoot.com\/gt\/producto\/camara-para-vehiculo-dashcam-gps-sensor-g-f6pro-hikvision\/","url":"https:\/\/mivoot.com\/gt\/producto\/camara-para-vehiculo-dashcam-gps-sensor-g-f6pro-hikvision\/","name":"C\u00e1mara para Veh\u00edculo Dashcam GPS Sensor G F6PRO Hikvision - Mivoot","isPartOf":{"@id":"https:\/\/mivoot.com\/gt\/#website"},"primaryImageOfPage":{"@id":"https:\/\/mivoot.com\/gt\/producto\/camara-para-vehiculo-dashcam-gps-sensor-g-f6pro-hikvision\/#primaryimage"},"image":{"@id":"https:\/\/mivoot.com\/gt\/producto\/camara-para-vehiculo-dashcam-gps-sensor-g-f6pro-hikvision\/#primaryimage"},"thumbnailUrl":"https:\/\/mivoot.com\/gt\/wp-content\/uploads\/2024\/07\/AE-DC5013-F6-02.webp","datePublished":"2025-06-19T23:05:09+00:00","dateModified":"2025-09-30T22:28:21+00:00","breadcrumb":{"@id":"https:\/\/mivoot.com\/gt\/producto\/camara-para-vehiculo-dashcam-gps-sensor-g-f6pro-hikvision\/#breadcrumb"},"inLanguage":"es","potentialAction":[{"@type":"ReadAction","target":["https:\/\/mivoot.com\/gt\/producto\/camara-para-vehiculo-dashcam-gps-sensor-g-f6pro-hikvision\/"]}]},{"@type":"ImageObject","inLanguage":"es","@id":"https:\/\/mivoot.com\/gt\/producto\/camara-para-vehiculo-dashcam-gps-sensor-g-f6pro-hikvision\/#primaryimage","url":"https:\/\/mivoot.com\/gt\/wp-content\/uploads\/2024\/07\/AE-DC5013-F6-02.webp","contentUrl":"https:\/\/mivoot.com\/gt\/wp-content\/uploads\/2024\/07\/AE-DC5013-F6-02.webp","width":1000,"height":1000},{"@type":"BreadcrumbList","@id":"https:\/\/mivoot.com\/gt\/producto\/camara-para-vehiculo-dashcam-gps-sensor-g-f6pro-hikvision\/#breadcrumb","itemListElement":[{"@type":"ListItem","position":1,"name":"Inicio","item":"https:\/\/mivoot.com\/gt\/"},{"@type":"ListItem","position":2,"name":"Productos","item":"https:\/\/mivoot.com\/gt\/producto\/"},{"@type":"ListItem","position":3,"name":"Hikvision","item":"https:\/\/mivoot.com\/gt\/marca\/hikvision\/"},{"@type":"ListItem","position":4,"name":"C\u00e1mara para Veh\u00edculo Dashcam GPS Sensor G F6PRO Hikvision"}]},{"@type":"WebSite","@id":"https:\/\/mivoot.com\/gt\/#website","url":"https:\/\/mivoot.com\/gt\/","name":"Mivoot","description":"Mivoot Guatemala | Tienda Online","publisher":{"@id":"https:\/\/mivoot.com\/gt\/#organization"},"alternateName":"mivoot","potentialAction":[{"@type":"SearchAction","target":{"@type":"EntryPoint","urlTemplate":"https:\/\/mivoot.com\/gt\/?s={search_term_string}"},"query-input":{"@type":"PropertyValueSpecification","valueRequired":true,"valueName":"search_term_string"}}],"inLanguage":"es"},{"@type":"Organization","@id":"https:\/\/mivoot.com\/gt\/#organization","name":"Mivoot Guatemala","alternateName":"mivoot.com","url":"https:\/\/mivoot.com\/gt\/","logo":{"@type":"ImageObject","inLanguage":"es","@id":"https:\/\/mivoot.com\/gt\/#\/schema\/logo\/image\/","url":"https:\/\/mivoot.com\/gt\/wp-content\/uploads\/2023\/03\/cropped-icon.png","contentUrl":"https:\/\/mivoot.com\/gt\/wp-content\/uploads\/2023\/03\/cropped-icon.png","width":512,"height":512,"caption":"Mivoot Guatemala"},"image":{"@id":"https:\/\/mivoot.com\/gt\/#\/schema\/logo\/image\/"},"sameAs":["https:\/\/www.facebook.com\/mivootgt","https:\/\/instagram.com\/mivoot"]}]}},"jetpack_publicize_connections":[],"jetpack_sharing_enabled":true,"brands":[{"id":113,"name":"Hikvision","slug":"hikvision"}],"_links":{"self":[{"href":"https:\/\/mivoot.com\/gt\/wp-json\/wp\/v2\/product\/28824","targetHints":{"allow":["GET"]}}],"collection":[{"href":"https:\/\/mivoot.com\/gt\/wp-json\/wp\/v2\/product"}],"about":[{"href":"https:\/\/mivoot.com\/gt\/wp-json\/wp\/v2\/types\/product"}],"replies":[{"embeddable":true,"href":"https:\/\/mivoot.com\/gt\/wp-json\/wp\/v2\/comments?post=28824"}],"version-history":[{"count":2,"href":"https:\/\/mivoot.com\/gt\/wp-json\/wp\/v2\/product\/28824\/revisions"}],"predecessor-version":[{"id":30508,"href":"https:\/\/mivoot.com\/gt\/wp-json\/wp\/v2\/product\/28824\/revisions\/30508"}],"wp:featuredmedia":[{"embeddable":true,"href":"https:\/\/mivoot.com\/gt\/wp-json\/wp\/v2\/media\/20193"}],"wp:attachment":[{"href":"https:\/\/mivoot.com\/gt\/wp-json\/wp\/v2\/media?parent=28824"}],"wp:term":[{"taxonomy":"pwb-brand","embeddable":true,"href":"https:\/\/mivoot.com\/gt\/wp-json\/wp\/v2\/pwb-brand?post=28824"},{"taxonomy":"product_brand","embeddable":true,"href":"https:\/\/mivoot.com\/gt\/wp-json\/wp\/v2\/product_brand?post=28824"},{"taxonomy":"product_cat","embeddable":true,"href":"https:\/\/mivoot.com\/gt\/wp-json\/wp\/v2\/product_cat?post=28824"},{"taxonomy":"product_tag","embeddable":true,"href":"https:\/\/mivoot.com\/gt\/wp-json\/wp\/v2\/product_tag?post=28824"}],"curies":[{"name":"wp","href":"https:\/\/api.w.org\/{rel}","templated":true}]}}