{"id":28931,"date":"2025-07-02T15:40:36","date_gmt":"2025-07-02T21:40:36","guid":{"rendered":"https:\/\/mivoot.com\/gt\/?post_type=product&#038;p=28931"},"modified":"2025-07-24T13:13:41","modified_gmt":"2025-07-24T19:13:41","slug":"protector-contra-descargas-y-tensiones-ethernet-gen2-eth-sp-g2-ubiquiti","status":"publish","type":"product","link":"https:\/\/mivoot.com\/gt\/producto\/protector-contra-descargas-y-tensiones-ethernet-gen2-eth-sp-g2-ubiquiti\/","title":{"rendered":"Protector Contra Descargas y Tensiones Ethernet Gen2 ETH-SP-G2 Ubiquiti"},"content":{"rendered":"<h1 style=\"text-align: center;\">Protector Contra Descargas y Tensiones Ethernet Gen2\u00a0para exterior ETH-SP-G2 Ubiquiti<\/h1>\n<div class=\"sc-14cjdti-17 iVAxby\">\n<ul>\n<li><span>Protecci\u00f3n ESD para redes exteriores de alta velocidad.<\/span><\/li>\n<li>Protege dispositivos Ethernet exteriores<\/li>\n<li>(2) Conexiones RJ45 pasivas y protegidas contra sobretensiones<\/li>\n<li>Instalaci\u00f3n r\u00e1pida y sencilla<\/li>\n<li>Compatible con redes de 2,5 GbE<\/li>\n<\/ul>\n<\/div>\n<h1>Especificaciones<\/h1>\n<table class=\"TableSpecifications\">\n<thead>\n<tr>\n<td colspan=\"2\">ETH-SP-G2<\/td>\n<\/tr>\n<\/thead>\n<tbody>\n<tr>\n<th width=\"40%\">Dimensiones<\/th>\n<td width=\"60%\">91 x 61 x 32,5\u00a0mm<br \/>\n(3,58 x 2,4 x 1,28&#8243;)<\/td>\n<\/tr>\n<tr>\n<th>Peso<\/th>\n<td>80 g<br \/>\n(2,82 oz)<\/td>\n<\/tr>\n<tr>\n<th>Conexiones de interfaz<\/th>\n<td>(2) conectores hembra RJ45<\/td>\n<\/tr>\n<tr>\n<th>Protecci\u00f3n ESD\/EMP<\/th>\n<td>Absorci\u00f3n de corriente transitoria con respuesta a sobretensi\u00f3n de 100\u00a0V\/s a 1\u00a0kV\/\u00b5s<\/td>\n<\/tr>\n<tr>\n<th>Tensi\u00f3n de descarga de CC<\/th>\n<td>90\u00a0V a 100\u00a0V\/s<\/td>\n<\/tr>\n<tr>\n<th>Tensi\u00f3n de descarga de impulso m\u00e1ximo<\/th>\n<td>700\u00a0V a 1\u00a0kV\/\u00b5s<\/td>\n<\/tr>\n<tr>\n<th>Corriente de descarga<\/th>\n<td>15\u00a0kV<\/td>\n<\/tr>\n<tr>\n<th>Resistencia m\u00e1xima al aislamiento<\/th>\n<td>1\u00a0G\u03a9 a 50\u00a0V<\/td>\n<\/tr>\n<tr>\n<th>Capacitancia m\u00e1xima<\/th>\n<td>1,0\u00a0pF a 1\u00a0MHz<\/td>\n<\/tr>\n<tr>\n<th>Protecci\u00f3n de l\u00ednea de datos<\/th>\n<td>RJ45 10\/100\/1000 Ethernet<\/td>\n<\/tr>\n<tr>\n<th>Compatible con IEEE 802.3af PoE<\/th>\n<td>S\u00ed<\/td>\n<\/tr>\n<tr>\n<th>Certificaci\u00f3n contra impactos y vibraciones<\/th>\n<td>ETSI300-019-1\/4 est\u00e1ndar<\/td>\n<\/tr>\n<tr>\n<th>Temperatura de funcionamiento<\/th>\n<td>De -30 a 65\u00b0 C<br \/>\n(-22 to 149\u00b0 F)<\/td>\n<\/tr>\n<tr>\n<th>Humedad de funcionamiento<\/th>\n<td>De 10 a 90 % sin condensaci\u00f3n<\/td>\n<\/tr>\n<\/tbody>\n<\/table>\n<p><img decoding=\"async\" class=\"aligncenter\" src=\"https:\/\/prd-www-cdn.ubnt.com\/media\/images\/product-features\/3rd-Party_ESD_Protection_01.jpg\" \/><\/p>\n<h3>Diagrama de instalaci\u00f3n para un equipo.<\/h3>\n<p>&nbsp;<\/p>\n<h1><img decoding=\"async\" class=\"img-fluid aligncenter\" src=\"https:\/\/prd-www-cdn.ubnt.com\/media\/images\/product-features\/Additional_ESD_Protection_01.jpg\" alt=\"\" \/><\/h1>\n<h3>\nF\u00e1cil y r\u00e1pida instalaci\u00f3n.<\/h3>\n<p>&nbsp;<\/p>\n<p><img decoding=\"async\" class=\"img-fluid aligncenter\" src=\"https:\/\/ftp3.syscom.mx\/usuarios\/adiaz\/UBNT\/ETHSP\/ETH-SP.gif\" alt=\"\" \/><\/p>\n<p>&nbsp;<\/p>\n<p>&nbsp;<\/p>\n","protected":false},"excerpt":{"rendered":"<p>&#8211; Protecci\u00f3n contra descargas electrost\u00e1ticas para exterior<br \/>\n&#8211; 2 puertos de datos 10\/100\/1000 Mbps<br \/>\n&#8211; Corriente de descarga superior a 10 kA<br \/>\n&#8211; Compatible con 802.3af PoE<br \/>\n&#8211; Dimensiones: 91 x 61 x 32.5 mm.<br \/>\n&#8211; Peso: 80 g.<br \/>\n&#8211; Temperatura de operaci\u00f3n: -30 a 65 \u00b0C.<\/p>\n","protected":false},"featured_media":28935,"comment_status":"open","ping_status":"closed","template":"","meta":{"jetpack_publicize_message":"","jetpack_publicize_feature_enabled":true,"jetpack_social_post_already_shared":true,"jetpack_social_options":{"image_generator_settings":{"template":"highway","default_image_id":0,"font":"","enabled":false},"version":2}},"pwb-brand":[332],"product_brand":[],"product_cat":[331],"product_tag":[],"class_list":{"0":"post-28931","1":"product","2":"type-product","3":"status-publish","4":"has-post-thumbnail","6":"pwb-brand-ubiquiti","7":"product_cat-redes-y-conexiones","9":"first","10":"instock","11":"taxable","12":"shipping-taxable","13":"purchasable","14":"product-type-simple"},"yoast_head":"<!-- This site is optimized with the Yoast SEO Premium plugin v25.7.1 (Yoast SEO v26.8) - https:\/\/yoast.com\/product\/yoast-seo-premium-wordpress\/ -->\n<title>Protector Contra Descargas y Tensiones Ethernet Gen2 ETH-SP-G2 Ubiquiti - Mivoot<\/title>\n<meta name=\"robots\" content=\"index, follow, max-snippet:-1, max-image-preview:large, max-video-preview:-1\" \/>\n<link rel=\"canonical\" href=\"https:\/\/mivoot.com\/gt\/producto\/protector-contra-descargas-y-tensiones-ethernet-gen2-eth-sp-g2-ubiquiti\/\" \/>\n<meta property=\"og:locale\" content=\"es_ES\" \/>\n<meta property=\"og:type\" content=\"article\" \/>\n<meta property=\"og:title\" content=\"Protector Contra Descargas y Tensiones Ethernet Gen2 ETH-SP-G2 Ubiquiti\" \/>\n<meta property=\"og:description\" content=\"- Protecci\u00f3n contra descargas electrost\u00e1ticas para exterior - 2 puertos de datos 10\/100\/1000 Mbps - Corriente de descarga superior a 10 kA - Compatible con 802.3af PoE - Dimensiones: 91 x 61 x 32.5 mm. - Peso: 80 g. - Temperatura de operaci\u00f3n: -30 a 65 \u00b0C.\" \/>\n<meta property=\"og:url\" content=\"https:\/\/mivoot.com\/gt\/producto\/protector-contra-descargas-y-tensiones-ethernet-gen2-eth-sp-g2-ubiquiti\/\" \/>\n<meta property=\"og:site_name\" content=\"Mivoot\" \/>\n<meta property=\"article:publisher\" content=\"https:\/\/www.facebook.com\/mivootgt\" \/>\n<meta property=\"article:modified_time\" content=\"2025-07-24T19:13:41+00:00\" \/>\n<meta property=\"og:image\" content=\"https:\/\/mivoot.com\/gt\/wp-content\/uploads\/2025\/07\/ETH-SP-G2.png\" \/>\n\t<meta property=\"og:image:width\" content=\"1000\" \/>\n\t<meta property=\"og:image:height\" content=\"1000\" \/>\n\t<meta property=\"og:image:type\" content=\"image\/png\" \/>\n<meta name=\"twitter:card\" content=\"summary_large_image\" \/>\n<meta name=\"twitter:label1\" content=\"Est. reading time\" \/>\n\t<meta name=\"twitter:data1\" content=\"2 minutos\" \/>\n<script type=\"application\/ld+json\" class=\"yoast-schema-graph\">{\"@context\":\"https:\/\/schema.org\",\"@graph\":[{\"@type\":\"WebPage\",\"@id\":\"https:\/\/mivoot.com\/gt\/producto\/protector-contra-descargas-y-tensiones-ethernet-gen2-eth-sp-g2-ubiquiti\/\",\"url\":\"https:\/\/mivoot.com\/gt\/producto\/protector-contra-descargas-y-tensiones-ethernet-gen2-eth-sp-g2-ubiquiti\/\",\"name\":\"Protector Contra Descargas y Tensiones Ethernet Gen2 ETH-SP-G2 Ubiquiti - Mivoot\",\"isPartOf\":{\"@id\":\"https:\/\/mivoot.com\/gt\/#website\"},\"primaryImageOfPage\":{\"@id\":\"https:\/\/mivoot.com\/gt\/producto\/protector-contra-descargas-y-tensiones-ethernet-gen2-eth-sp-g2-ubiquiti\/#primaryimage\"},\"image\":{\"@id\":\"https:\/\/mivoot.com\/gt\/producto\/protector-contra-descargas-y-tensiones-ethernet-gen2-eth-sp-g2-ubiquiti\/#primaryimage\"},\"thumbnailUrl\":\"https:\/\/mivoot.com\/gt\/wp-content\/uploads\/2025\/07\/ETH-SP-G2.png\",\"datePublished\":\"2025-07-02T21:40:36+00:00\",\"dateModified\":\"2025-07-24T19:13:41+00:00\",\"breadcrumb\":{\"@id\":\"https:\/\/mivoot.com\/gt\/producto\/protector-contra-descargas-y-tensiones-ethernet-gen2-eth-sp-g2-ubiquiti\/#breadcrumb\"},\"inLanguage\":\"es\",\"potentialAction\":[{\"@type\":\"ReadAction\",\"target\":[\"https:\/\/mivoot.com\/gt\/producto\/protector-contra-descargas-y-tensiones-ethernet-gen2-eth-sp-g2-ubiquiti\/\"]}]},{\"@type\":\"ImageObject\",\"inLanguage\":\"es\",\"@id\":\"https:\/\/mivoot.com\/gt\/producto\/protector-contra-descargas-y-tensiones-ethernet-gen2-eth-sp-g2-ubiquiti\/#primaryimage\",\"url\":\"https:\/\/mivoot.com\/gt\/wp-content\/uploads\/2025\/07\/ETH-SP-G2.png\",\"contentUrl\":\"https:\/\/mivoot.com\/gt\/wp-content\/uploads\/2025\/07\/ETH-SP-G2.png\",\"width\":1000,\"height\":1000},{\"@type\":\"BreadcrumbList\",\"@id\":\"https:\/\/mivoot.com\/gt\/producto\/protector-contra-descargas-y-tensiones-ethernet-gen2-eth-sp-g2-ubiquiti\/#breadcrumb\",\"itemListElement\":[{\"@type\":\"ListItem\",\"position\":1,\"name\":\"Inicio\",\"item\":\"https:\/\/mivoot.com\/gt\/\"},{\"@type\":\"ListItem\",\"position\":2,\"name\":\"Productos\",\"item\":\"https:\/\/mivoot.com\/gt\/producto\/\"},{\"@type\":\"ListItem\",\"position\":3,\"name\":\"Ubiquiti\",\"item\":\"https:\/\/mivoot.com\/gt\/marca\/ubiquiti\/\"},{\"@type\":\"ListItem\",\"position\":4,\"name\":\"Protector Contra Descargas y Tensiones Ethernet Gen2 ETH-SP-G2 Ubiquiti\"}]},{\"@type\":\"WebSite\",\"@id\":\"https:\/\/mivoot.com\/gt\/#website\",\"url\":\"https:\/\/mivoot.com\/gt\/\",\"name\":\"Mivoot\",\"description\":\"Mivoot Guatemala | Tienda Online\",\"publisher\":{\"@id\":\"https:\/\/mivoot.com\/gt\/#organization\"},\"alternateName\":\"mivoot\",\"potentialAction\":[{\"@type\":\"SearchAction\",\"target\":{\"@type\":\"EntryPoint\",\"urlTemplate\":\"https:\/\/mivoot.com\/gt\/?s={search_term_string}\"},\"query-input\":{\"@type\":\"PropertyValueSpecification\",\"valueRequired\":true,\"valueName\":\"search_term_string\"}}],\"inLanguage\":\"es\"},{\"@type\":\"Organization\",\"@id\":\"https:\/\/mivoot.com\/gt\/#organization\",\"name\":\"Mivoot Guatemala\",\"alternateName\":\"mivoot.com\",\"url\":\"https:\/\/mivoot.com\/gt\/\",\"logo\":{\"@type\":\"ImageObject\",\"inLanguage\":\"es\",\"@id\":\"https:\/\/mivoot.com\/gt\/#\/schema\/logo\/image\/\",\"url\":\"https:\/\/mivoot.com\/gt\/wp-content\/uploads\/2023\/03\/cropped-icon.png\",\"contentUrl\":\"https:\/\/mivoot.com\/gt\/wp-content\/uploads\/2023\/03\/cropped-icon.png\",\"width\":512,\"height\":512,\"caption\":\"Mivoot Guatemala\"},\"image\":{\"@id\":\"https:\/\/mivoot.com\/gt\/#\/schema\/logo\/image\/\"},\"sameAs\":[\"https:\/\/www.facebook.com\/mivootgt\",\"https:\/\/instagram.com\/mivoot\"]}]}<\/script>\n<!-- \/ Yoast SEO Premium plugin. -->","yoast_head_json":{"title":"Protector Contra Descargas y Tensiones Ethernet Gen2 ETH-SP-G2 Ubiquiti - Mivoot","robots":{"index":"index","follow":"follow","max-snippet":"max-snippet:-1","max-image-preview":"max-image-preview:large","max-video-preview":"max-video-preview:-1"},"canonical":"https:\/\/mivoot.com\/gt\/producto\/protector-contra-descargas-y-tensiones-ethernet-gen2-eth-sp-g2-ubiquiti\/","og_locale":"es_ES","og_type":"article","og_title":"Protector Contra Descargas y Tensiones Ethernet Gen2 ETH-SP-G2 Ubiquiti","og_description":"- Protecci\u00f3n contra descargas electrost\u00e1ticas para exterior - 2 puertos de datos 10\/100\/1000 Mbps - Corriente de descarga superior a 10 kA - Compatible con 802.3af PoE - Dimensiones: 91 x 61 x 32.5 mm. - Peso: 80 g. - Temperatura de operaci\u00f3n: -30 a 65 \u00b0C.","og_url":"https:\/\/mivoot.com\/gt\/producto\/protector-contra-descargas-y-tensiones-ethernet-gen2-eth-sp-g2-ubiquiti\/","og_site_name":"Mivoot","article_publisher":"https:\/\/www.facebook.com\/mivootgt","article_modified_time":"2025-07-24T19:13:41+00:00","og_image":[{"width":1000,"height":1000,"url":"https:\/\/mivoot.com\/gt\/wp-content\/uploads\/2025\/07\/ETH-SP-G2.png","type":"image\/png"}],"twitter_card":"summary_large_image","twitter_misc":{"Est. reading time":"2 minutos"},"schema":{"@context":"https:\/\/schema.org","@graph":[{"@type":"WebPage","@id":"https:\/\/mivoot.com\/gt\/producto\/protector-contra-descargas-y-tensiones-ethernet-gen2-eth-sp-g2-ubiquiti\/","url":"https:\/\/mivoot.com\/gt\/producto\/protector-contra-descargas-y-tensiones-ethernet-gen2-eth-sp-g2-ubiquiti\/","name":"Protector Contra Descargas y Tensiones Ethernet Gen2 ETH-SP-G2 Ubiquiti - Mivoot","isPartOf":{"@id":"https:\/\/mivoot.com\/gt\/#website"},"primaryImageOfPage":{"@id":"https:\/\/mivoot.com\/gt\/producto\/protector-contra-descargas-y-tensiones-ethernet-gen2-eth-sp-g2-ubiquiti\/#primaryimage"},"image":{"@id":"https:\/\/mivoot.com\/gt\/producto\/protector-contra-descargas-y-tensiones-ethernet-gen2-eth-sp-g2-ubiquiti\/#primaryimage"},"thumbnailUrl":"https:\/\/mivoot.com\/gt\/wp-content\/uploads\/2025\/07\/ETH-SP-G2.png","datePublished":"2025-07-02T21:40:36+00:00","dateModified":"2025-07-24T19:13:41+00:00","breadcrumb":{"@id":"https:\/\/mivoot.com\/gt\/producto\/protector-contra-descargas-y-tensiones-ethernet-gen2-eth-sp-g2-ubiquiti\/#breadcrumb"},"inLanguage":"es","potentialAction":[{"@type":"ReadAction","target":["https:\/\/mivoot.com\/gt\/producto\/protector-contra-descargas-y-tensiones-ethernet-gen2-eth-sp-g2-ubiquiti\/"]}]},{"@type":"ImageObject","inLanguage":"es","@id":"https:\/\/mivoot.com\/gt\/producto\/protector-contra-descargas-y-tensiones-ethernet-gen2-eth-sp-g2-ubiquiti\/#primaryimage","url":"https:\/\/mivoot.com\/gt\/wp-content\/uploads\/2025\/07\/ETH-SP-G2.png","contentUrl":"https:\/\/mivoot.com\/gt\/wp-content\/uploads\/2025\/07\/ETH-SP-G2.png","width":1000,"height":1000},{"@type":"BreadcrumbList","@id":"https:\/\/mivoot.com\/gt\/producto\/protector-contra-descargas-y-tensiones-ethernet-gen2-eth-sp-g2-ubiquiti\/#breadcrumb","itemListElement":[{"@type":"ListItem","position":1,"name":"Inicio","item":"https:\/\/mivoot.com\/gt\/"},{"@type":"ListItem","position":2,"name":"Productos","item":"https:\/\/mivoot.com\/gt\/producto\/"},{"@type":"ListItem","position":3,"name":"Ubiquiti","item":"https:\/\/mivoot.com\/gt\/marca\/ubiquiti\/"},{"@type":"ListItem","position":4,"name":"Protector Contra Descargas y Tensiones Ethernet Gen2 ETH-SP-G2 Ubiquiti"}]},{"@type":"WebSite","@id":"https:\/\/mivoot.com\/gt\/#website","url":"https:\/\/mivoot.com\/gt\/","name":"Mivoot","description":"Mivoot Guatemala | Tienda Online","publisher":{"@id":"https:\/\/mivoot.com\/gt\/#organization"},"alternateName":"mivoot","potentialAction":[{"@type":"SearchAction","target":{"@type":"EntryPoint","urlTemplate":"https:\/\/mivoot.com\/gt\/?s={search_term_string}"},"query-input":{"@type":"PropertyValueSpecification","valueRequired":true,"valueName":"search_term_string"}}],"inLanguage":"es"},{"@type":"Organization","@id":"https:\/\/mivoot.com\/gt\/#organization","name":"Mivoot Guatemala","alternateName":"mivoot.com","url":"https:\/\/mivoot.com\/gt\/","logo":{"@type":"ImageObject","inLanguage":"es","@id":"https:\/\/mivoot.com\/gt\/#\/schema\/logo\/image\/","url":"https:\/\/mivoot.com\/gt\/wp-content\/uploads\/2023\/03\/cropped-icon.png","contentUrl":"https:\/\/mivoot.com\/gt\/wp-content\/uploads\/2023\/03\/cropped-icon.png","width":512,"height":512,"caption":"Mivoot Guatemala"},"image":{"@id":"https:\/\/mivoot.com\/gt\/#\/schema\/logo\/image\/"},"sameAs":["https:\/\/www.facebook.com\/mivootgt","https:\/\/instagram.com\/mivoot"]}]}},"jetpack_publicize_connections":[],"jetpack_sharing_enabled":true,"brands":[{"id":332,"name":"Ubiquiti","slug":"ubiquiti"}],"_links":{"self":[{"href":"https:\/\/mivoot.com\/gt\/wp-json\/wp\/v2\/product\/28931","targetHints":{"allow":["GET"]}}],"collection":[{"href":"https:\/\/mivoot.com\/gt\/wp-json\/wp\/v2\/product"}],"about":[{"href":"https:\/\/mivoot.com\/gt\/wp-json\/wp\/v2\/types\/product"}],"replies":[{"embeddable":true,"href":"https:\/\/mivoot.com\/gt\/wp-json\/wp\/v2\/comments?post=28931"}],"version-history":[{"count":1,"href":"https:\/\/mivoot.com\/gt\/wp-json\/wp\/v2\/product\/28931\/revisions"}],"predecessor-version":[{"id":28936,"href":"https:\/\/mivoot.com\/gt\/wp-json\/wp\/v2\/product\/28931\/revisions\/28936"}],"wp:featuredmedia":[{"embeddable":true,"href":"https:\/\/mivoot.com\/gt\/wp-json\/wp\/v2\/media\/28935"}],"wp:attachment":[{"href":"https:\/\/mivoot.com\/gt\/wp-json\/wp\/v2\/media?parent=28931"}],"wp:term":[{"taxonomy":"pwb-brand","embeddable":true,"href":"https:\/\/mivoot.com\/gt\/wp-json\/wp\/v2\/pwb-brand?post=28931"},{"taxonomy":"product_brand","embeddable":true,"href":"https:\/\/mivoot.com\/gt\/wp-json\/wp\/v2\/product_brand?post=28931"},{"taxonomy":"product_cat","embeddable":true,"href":"https:\/\/mivoot.com\/gt\/wp-json\/wp\/v2\/product_cat?post=28931"},{"taxonomy":"product_tag","embeddable":true,"href":"https:\/\/mivoot.com\/gt\/wp-json\/wp\/v2\/product_tag?post=28931"}],"curies":[{"name":"wp","href":"https:\/\/api.w.org\/{rel}","templated":true}]}}