{"id":28964,"date":"2025-07-02T16:36:58","date_gmt":"2025-07-02T22:36:58","guid":{"rendered":"https:\/\/mivoot.com\/gt\/?post_type=product&#038;p=28964"},"modified":"2025-07-02T16:42:41","modified_gmt":"2025-07-02T22:42:41","slug":"antena-red-sectorial-simetrica-doble-banda-uma-d-unifi-ubiquiti","status":"publish","type":"product","link":"https:\/\/mivoot.com\/gt\/producto\/antena-red-sectorial-simetrica-doble-banda-uma-d-unifi-ubiquiti\/","title":{"rendered":"Antena Red Sectorial Simetrica Doble Banda UMA-D UniFi Ubiquiti"},"content":{"rendered":"<h1 style=\"text-align: center;\">Antena sectorial sim\u00e9trica UniFi, doble banda con apertura de 90\u00b0 en 2.4 GHz (10 dBi) y 45\u00b0 en 5 GHz (15dBi)<\/h1>\n<div class=\"attribute-desc-section__attribute attribute-desc-section__attribute--seo-description\">\n<p>Una antena de malla opcional dise\u00f1ada para funcionar con el Punto de Acceso AC Mesh.<\/p>\n<div id=\"attribute_description\" class=\"attribute-desc-section \">\n<div class=\"attribute-desc-section__content\">\n<div class=\"product-redesign__description\">Ubiquiti UMA-D. Ganancia de la antena (max): 15 dBi, Frecuencia de banda: 2.4 &#8211; 2.5, 5.1 &#8211; 5.9 GHz, Est\u00e1ndares de red: IEEE 802.11ac. Tipo de antena: Antena direccional, Tipo de conector de antena: RP-SMA, Polarizaci\u00f3n: Polarizaci\u00f3n dual. Ancho: 128 mm, Profundidad: 32,5 mm, Altura: 201,3 mm. Cantidad por paquete: 1 pieza(s)<\/div>\n<\/div>\n<\/div>\n<\/div>\n<div class=\"attribute-desc-section__attribute attribute-desc-section__attribute--key-features\">\n<div>\n<ul>\n<li>Recinto resistente a la intemperie para exteriores<\/li>\n<li>Patr\u00f3n de radiaci\u00f3n direccional de alta eficiencia<\/li>\n<li>Banda dual, dual-polarizaci\u00f3n optimizada para 802.11ac<\/li>\n<li>Soporte de montaje de bola de junta 3 ejes para apuntar con precisi\u00f3n<\/li>\n<li>Montaje en pared y poste incluido<\/li>\n<li>&#8211; Para uso en interior y exterior.<\/li>\n<li>&#8211; Rango de frecuencia:<br \/>\n2.4 GHz; 2.4-2.5 GHz.<br \/>\n5 GHz; 5.1-5.9 GHz.<\/li>\n<li>&#8211; Apertura en Horizontal:<br \/>\n2.4 GHz; 90\u00b0<br \/>\n5 GHz; 45\u00b0<\/li>\n<li>&#8211; Apertura en Vertical:<br \/>\n2.4 GHz; 90\u00b0<br \/>\n5 GHz; 45\u00b0<\/li>\n<li>&#8211; Ganancia de la antena:<br \/>\n2.4 GHz; 10 dBi<br \/>\n5 GHz; 15 dBi<\/li>\n<\/ul>\n<p><img decoding=\"async\" class=\"aligncenter\" src=\"https:\/\/ftp3.syscom.mx\/usuarios\/dquezada\/Ubiquiti\/UniFi\/UMA-D\/Incluye.PNG\" \/><\/p>\n<p><strong>Ejemplo de cobertura:<\/strong><\/p>\n<p><strong><img fetchpriority=\"high\" decoding=\"async\" class=\"img-fluid aligncenter\" src=\"https:\/\/ftp3.syscom.mx\/usuarios\/fotos\/UMAD\/141868-cobertura-umad.png\" alt=\"\" width=\"450\" height=\"419\" \/><\/strong><\/p>\n<p><strong><br \/>\nIdeal para UAP-AC-M (No incluido)<\/strong><\/p>\n<p><a href=\"https:\/\/ftp3.syscom.mx\/usuarios\/dquezada\/Ubiquiti\/UniFi\/UMA-D\/con%20UAPACM.PNG\"><img decoding=\"async\" class=\"fr-fic fr-dii img-fluid aligncenter\" src=\"https:\/\/ftp3.syscom.mx\/usuarios\/dquezada\/Ubiquiti\/UniFi\/UMA-D\/con%20UAPACM.PNG\" alt=\"\" \/><\/a><\/p>\n<h3 class=\"attribute-desc-section__title\">Especificaci\u00f3n<\/h3>\n<div id=\"description-specification\" class=\"attribute-desc-section__content\">\n<div class=\"attribute-desc-section__attribute attribute-desc-section__attribute--html attribute-desc-section__attribute--ubi_store_tech_spec\">\n<table id=\"product-attribute-specs-table\" class=\"data-table\">\n<colgroup>\n<col width=\"25%\" \/>\n<col \/><\/colgroup>\n<tbody>\n<tr>\n<th colspan=\"100%\">Mec\u00e1nico<\/th>\n<\/tr>\n<tr>\n<td class=\"key\">Dimensiones<\/td>\n<td class=\"value\">201,3 x 128 x 32,5 mm (7,9 x 5 x 1,3 pulgadas)<\/td>\n<\/tr>\n<tr>\n<td class=\"key\">Peso<\/td>\n<td class=\"value\">Sin soporte: 400 g (0,9 lb)<br \/>\nCon soporte: 480 g (1,1 lb)<\/td>\n<\/tr>\n<tr>\n<td class=\"key\">Material de la carcasa<\/td>\n<td class=\"value\">Pl\u00e1stico UV estabilizado para exteriores<\/td>\n<\/tr>\n<tr>\n<th colspan=\"100%\">Hardware<\/th>\n<\/tr>\n<tr>\n<td class=\"key\">Rango de frecuencia admitido<\/td>\n<td class=\"value\">2,4\u20132,5 GHz<br \/>\n5,1\u20135,9 GHz<\/td>\n<\/tr>\n<tr>\n<td class=\"key\">Conexiones de RF<\/td>\n<td class=\"value\">(2) RP-SMA<\/td>\n<\/tr>\n<tr>\n<td class=\"key\">Ganancia<br \/>\n2,4 GHz<br \/>\n5 GHz<\/td>\n<td class=\"value\">10 dBi<br \/>\n15 dBi<\/td>\n<\/tr>\n<tr>\n<td class=\"key\">Ancho de haz HPOL<br \/>\n2,4 GHz<br \/>\n5 GHz<\/td>\n<td class=\"value\">90\u00b0<br \/>\n45\u00b0<\/td>\n<\/tr>\n<tr>\n<td class=\"key\">Ancho de haz VPOL<br \/>\n2,4 GHz<br \/>\n5 GHz<\/td>\n<td class=\"value\">90\u00b0<br \/>\n45\u00b0<\/td>\n<\/tr>\n<tr>\n<td class=\"key\">Ancho de haz de elevaci\u00f3n<br \/>\n2,4 GHz<br \/>\n5 GHz<\/td>\n<td class=\"value\">90\u00b0<br \/>\n45\u00b0<\/td>\n<\/tr>\n<tr>\n<td class=\"key\">VSWR m\u00e1ximo<\/td>\n<td class=\"value\">2:1<\/td>\n<\/tr>\n<tr>\n<td class=\"key\">Polarizaci\u00f3n<\/td>\n<td class=\"value\">Doble lineal<\/td>\n<\/tr>\n<tr>\n<td class=\"key\">Aislamiento cruzado de pol<br \/>\n2,4 GHz<br \/>\n5 GHz<\/td>\n<td class=\"value\">25 dB<br \/>\n30 dB<\/td>\n<\/tr>\n<\/tbody>\n<\/table>\n<\/div>\n<\/div>\n<\/div>\n<\/div>\n","protected":false},"excerpt":{"rendered":"<p>&#8211; Para uso en interior y exterior.<br \/>\n&#8211; Rango de frecuencia:<br \/>\n2.4 GHz; 2.4-2.5 GHz.<br \/>\n5 GHz; 5.1-5.9 GHz.<br \/>\n&#8211; Apertura en Horizontal:<br \/>\n2.4 GHz; 90\u00b0<br \/>\n5 GHz; 45\u00b0<br \/>\n&#8211; Apertura en Vertical:<br \/>\n2.4 GHz; 90\u00b0<br \/>\n5 GHz; 45\u00b0<br \/>\n&#8211; Ganancia de la antena:<br \/>\n2.4 GHz; 10 dBi<br \/>\n5 GHz; 15 dBi<\/p>\n","protected":false},"featured_media":28965,"comment_status":"open","ping_status":"closed","template":"","meta":{"jetpack_publicize_message":"","jetpack_publicize_feature_enabled":true,"jetpack_social_post_already_shared":true,"jetpack_social_options":{"image_generator_settings":{"template":"highway","default_image_id":0,"font":"","enabled":false},"version":2}},"pwb-brand":[332],"product_brand":[],"product_cat":[331],"product_tag":[],"class_list":{"0":"post-28964","1":"product","2":"type-product","3":"status-publish","4":"has-post-thumbnail","6":"pwb-brand-ubiquiti","7":"product_cat-redes-y-conexiones","9":"first","10":"instock","11":"taxable","12":"shipping-taxable","13":"purchasable","14":"product-type-simple"},"yoast_head":"<!-- This site is optimized with the Yoast SEO Premium plugin v25.7.1 (Yoast SEO v26.8) - https:\/\/yoast.com\/product\/yoast-seo-premium-wordpress\/ -->\n<title>Antena Red Sectorial Simetrica Doble Banda UMA-D UniFi Ubiquiti - Mivoot<\/title>\n<meta name=\"robots\" content=\"index, follow, max-snippet:-1, max-image-preview:large, max-video-preview:-1\" \/>\n<link rel=\"canonical\" href=\"https:\/\/mivoot.com\/gt\/producto\/antena-red-sectorial-simetrica-doble-banda-uma-d-unifi-ubiquiti\/\" \/>\n<meta property=\"og:locale\" content=\"es_ES\" \/>\n<meta property=\"og:type\" content=\"article\" \/>\n<meta property=\"og:title\" content=\"Antena Red Sectorial Simetrica Doble Banda UMA-D UniFi Ubiquiti\" \/>\n<meta property=\"og:description\" content=\"- Para uso en interior y exterior. - Rango de frecuencia: 2.4 GHz; 2.4-2.5 GHz. 5 GHz; 5.1-5.9 GHz. - Apertura en Horizontal: 2.4 GHz; 90\u00b0 5 GHz; 45\u00b0 - Apertura en Vertical: 2.4 GHz; 90\u00b0 5 GHz; 45\u00b0 - Ganancia de la antena: 2.4 GHz; 10 dBi 5 GHz; 15 dBi\" \/>\n<meta property=\"og:url\" content=\"https:\/\/mivoot.com\/gt\/producto\/antena-red-sectorial-simetrica-doble-banda-uma-d-unifi-ubiquiti\/\" \/>\n<meta property=\"og:site_name\" content=\"Mivoot\" \/>\n<meta property=\"article:publisher\" content=\"https:\/\/www.facebook.com\/mivootgt\" \/>\n<meta property=\"article:modified_time\" content=\"2025-07-02T22:42:41+00:00\" \/>\n<meta property=\"og:image\" content=\"https:\/\/mivoot.com\/gt\/wp-content\/uploads\/2025\/07\/UMAD-l.png\" \/>\n\t<meta property=\"og:image:width\" content=\"1000\" \/>\n\t<meta property=\"og:image:height\" content=\"1000\" \/>\n\t<meta property=\"og:image:type\" content=\"image\/png\" \/>\n<meta name=\"twitter:card\" content=\"summary_large_image\" \/>\n<meta name=\"twitter:label1\" content=\"Est. reading time\" \/>\n\t<meta name=\"twitter:data1\" content=\"3 minutos\" \/>\n<script type=\"application\/ld+json\" class=\"yoast-schema-graph\">{\"@context\":\"https:\/\/schema.org\",\"@graph\":[{\"@type\":\"WebPage\",\"@id\":\"https:\/\/mivoot.com\/gt\/producto\/antena-red-sectorial-simetrica-doble-banda-uma-d-unifi-ubiquiti\/\",\"url\":\"https:\/\/mivoot.com\/gt\/producto\/antena-red-sectorial-simetrica-doble-banda-uma-d-unifi-ubiquiti\/\",\"name\":\"Antena Red Sectorial Simetrica Doble Banda UMA-D UniFi Ubiquiti - Mivoot\",\"isPartOf\":{\"@id\":\"https:\/\/mivoot.com\/gt\/#website\"},\"primaryImageOfPage\":{\"@id\":\"https:\/\/mivoot.com\/gt\/producto\/antena-red-sectorial-simetrica-doble-banda-uma-d-unifi-ubiquiti\/#primaryimage\"},\"image\":{\"@id\":\"https:\/\/mivoot.com\/gt\/producto\/antena-red-sectorial-simetrica-doble-banda-uma-d-unifi-ubiquiti\/#primaryimage\"},\"thumbnailUrl\":\"https:\/\/mivoot.com\/gt\/wp-content\/uploads\/2025\/07\/UMAD-l.png\",\"datePublished\":\"2025-07-02T22:36:58+00:00\",\"dateModified\":\"2025-07-02T22:42:41+00:00\",\"breadcrumb\":{\"@id\":\"https:\/\/mivoot.com\/gt\/producto\/antena-red-sectorial-simetrica-doble-banda-uma-d-unifi-ubiquiti\/#breadcrumb\"},\"inLanguage\":\"es\",\"potentialAction\":[{\"@type\":\"ReadAction\",\"target\":[\"https:\/\/mivoot.com\/gt\/producto\/antena-red-sectorial-simetrica-doble-banda-uma-d-unifi-ubiquiti\/\"]}]},{\"@type\":\"ImageObject\",\"inLanguage\":\"es\",\"@id\":\"https:\/\/mivoot.com\/gt\/producto\/antena-red-sectorial-simetrica-doble-banda-uma-d-unifi-ubiquiti\/#primaryimage\",\"url\":\"https:\/\/mivoot.com\/gt\/wp-content\/uploads\/2025\/07\/UMAD-l.png\",\"contentUrl\":\"https:\/\/mivoot.com\/gt\/wp-content\/uploads\/2025\/07\/UMAD-l.png\",\"width\":1000,\"height\":1000},{\"@type\":\"BreadcrumbList\",\"@id\":\"https:\/\/mivoot.com\/gt\/producto\/antena-red-sectorial-simetrica-doble-banda-uma-d-unifi-ubiquiti\/#breadcrumb\",\"itemListElement\":[{\"@type\":\"ListItem\",\"position\":1,\"name\":\"Inicio\",\"item\":\"https:\/\/mivoot.com\/gt\/\"},{\"@type\":\"ListItem\",\"position\":2,\"name\":\"Productos\",\"item\":\"https:\/\/mivoot.com\/gt\/producto\/\"},{\"@type\":\"ListItem\",\"position\":3,\"name\":\"Ubiquiti\",\"item\":\"https:\/\/mivoot.com\/gt\/marca\/ubiquiti\/\"},{\"@type\":\"ListItem\",\"position\":4,\"name\":\"Antena Red Sectorial Simetrica Doble Banda UMA-D UniFi Ubiquiti\"}]},{\"@type\":\"WebSite\",\"@id\":\"https:\/\/mivoot.com\/gt\/#website\",\"url\":\"https:\/\/mivoot.com\/gt\/\",\"name\":\"Mivoot\",\"description\":\"Mivoot Guatemala | Tienda Online\",\"publisher\":{\"@id\":\"https:\/\/mivoot.com\/gt\/#organization\"},\"alternateName\":\"mivoot\",\"potentialAction\":[{\"@type\":\"SearchAction\",\"target\":{\"@type\":\"EntryPoint\",\"urlTemplate\":\"https:\/\/mivoot.com\/gt\/?s={search_term_string}\"},\"query-input\":{\"@type\":\"PropertyValueSpecification\",\"valueRequired\":true,\"valueName\":\"search_term_string\"}}],\"inLanguage\":\"es\"},{\"@type\":\"Organization\",\"@id\":\"https:\/\/mivoot.com\/gt\/#organization\",\"name\":\"Mivoot Guatemala\",\"alternateName\":\"mivoot.com\",\"url\":\"https:\/\/mivoot.com\/gt\/\",\"logo\":{\"@type\":\"ImageObject\",\"inLanguage\":\"es\",\"@id\":\"https:\/\/mivoot.com\/gt\/#\/schema\/logo\/image\/\",\"url\":\"https:\/\/mivoot.com\/gt\/wp-content\/uploads\/2023\/03\/cropped-icon.png\",\"contentUrl\":\"https:\/\/mivoot.com\/gt\/wp-content\/uploads\/2023\/03\/cropped-icon.png\",\"width\":512,\"height\":512,\"caption\":\"Mivoot Guatemala\"},\"image\":{\"@id\":\"https:\/\/mivoot.com\/gt\/#\/schema\/logo\/image\/\"},\"sameAs\":[\"https:\/\/www.facebook.com\/mivootgt\",\"https:\/\/instagram.com\/mivoot\"]}]}<\/script>\n<!-- \/ Yoast SEO Premium plugin. -->","yoast_head_json":{"title":"Antena Red Sectorial Simetrica Doble Banda UMA-D UniFi Ubiquiti - Mivoot","robots":{"index":"index","follow":"follow","max-snippet":"max-snippet:-1","max-image-preview":"max-image-preview:large","max-video-preview":"max-video-preview:-1"},"canonical":"https:\/\/mivoot.com\/gt\/producto\/antena-red-sectorial-simetrica-doble-banda-uma-d-unifi-ubiquiti\/","og_locale":"es_ES","og_type":"article","og_title":"Antena Red Sectorial Simetrica Doble Banda UMA-D UniFi Ubiquiti","og_description":"- Para uso en interior y exterior. - Rango de frecuencia: 2.4 GHz; 2.4-2.5 GHz. 5 GHz; 5.1-5.9 GHz. - Apertura en Horizontal: 2.4 GHz; 90\u00b0 5 GHz; 45\u00b0 - Apertura en Vertical: 2.4 GHz; 90\u00b0 5 GHz; 45\u00b0 - Ganancia de la antena: 2.4 GHz; 10 dBi 5 GHz; 15 dBi","og_url":"https:\/\/mivoot.com\/gt\/producto\/antena-red-sectorial-simetrica-doble-banda-uma-d-unifi-ubiquiti\/","og_site_name":"Mivoot","article_publisher":"https:\/\/www.facebook.com\/mivootgt","article_modified_time":"2025-07-02T22:42:41+00:00","og_image":[{"width":1000,"height":1000,"url":"https:\/\/mivoot.com\/gt\/wp-content\/uploads\/2025\/07\/UMAD-l.png","type":"image\/png"}],"twitter_card":"summary_large_image","twitter_misc":{"Est. reading time":"3 minutos"},"schema":{"@context":"https:\/\/schema.org","@graph":[{"@type":"WebPage","@id":"https:\/\/mivoot.com\/gt\/producto\/antena-red-sectorial-simetrica-doble-banda-uma-d-unifi-ubiquiti\/","url":"https:\/\/mivoot.com\/gt\/producto\/antena-red-sectorial-simetrica-doble-banda-uma-d-unifi-ubiquiti\/","name":"Antena Red Sectorial Simetrica Doble Banda UMA-D UniFi Ubiquiti - Mivoot","isPartOf":{"@id":"https:\/\/mivoot.com\/gt\/#website"},"primaryImageOfPage":{"@id":"https:\/\/mivoot.com\/gt\/producto\/antena-red-sectorial-simetrica-doble-banda-uma-d-unifi-ubiquiti\/#primaryimage"},"image":{"@id":"https:\/\/mivoot.com\/gt\/producto\/antena-red-sectorial-simetrica-doble-banda-uma-d-unifi-ubiquiti\/#primaryimage"},"thumbnailUrl":"https:\/\/mivoot.com\/gt\/wp-content\/uploads\/2025\/07\/UMAD-l.png","datePublished":"2025-07-02T22:36:58+00:00","dateModified":"2025-07-02T22:42:41+00:00","breadcrumb":{"@id":"https:\/\/mivoot.com\/gt\/producto\/antena-red-sectorial-simetrica-doble-banda-uma-d-unifi-ubiquiti\/#breadcrumb"},"inLanguage":"es","potentialAction":[{"@type":"ReadAction","target":["https:\/\/mivoot.com\/gt\/producto\/antena-red-sectorial-simetrica-doble-banda-uma-d-unifi-ubiquiti\/"]}]},{"@type":"ImageObject","inLanguage":"es","@id":"https:\/\/mivoot.com\/gt\/producto\/antena-red-sectorial-simetrica-doble-banda-uma-d-unifi-ubiquiti\/#primaryimage","url":"https:\/\/mivoot.com\/gt\/wp-content\/uploads\/2025\/07\/UMAD-l.png","contentUrl":"https:\/\/mivoot.com\/gt\/wp-content\/uploads\/2025\/07\/UMAD-l.png","width":1000,"height":1000},{"@type":"BreadcrumbList","@id":"https:\/\/mivoot.com\/gt\/producto\/antena-red-sectorial-simetrica-doble-banda-uma-d-unifi-ubiquiti\/#breadcrumb","itemListElement":[{"@type":"ListItem","position":1,"name":"Inicio","item":"https:\/\/mivoot.com\/gt\/"},{"@type":"ListItem","position":2,"name":"Productos","item":"https:\/\/mivoot.com\/gt\/producto\/"},{"@type":"ListItem","position":3,"name":"Ubiquiti","item":"https:\/\/mivoot.com\/gt\/marca\/ubiquiti\/"},{"@type":"ListItem","position":4,"name":"Antena Red Sectorial Simetrica Doble Banda UMA-D UniFi Ubiquiti"}]},{"@type":"WebSite","@id":"https:\/\/mivoot.com\/gt\/#website","url":"https:\/\/mivoot.com\/gt\/","name":"Mivoot","description":"Mivoot Guatemala | Tienda Online","publisher":{"@id":"https:\/\/mivoot.com\/gt\/#organization"},"alternateName":"mivoot","potentialAction":[{"@type":"SearchAction","target":{"@type":"EntryPoint","urlTemplate":"https:\/\/mivoot.com\/gt\/?s={search_term_string}"},"query-input":{"@type":"PropertyValueSpecification","valueRequired":true,"valueName":"search_term_string"}}],"inLanguage":"es"},{"@type":"Organization","@id":"https:\/\/mivoot.com\/gt\/#organization","name":"Mivoot Guatemala","alternateName":"mivoot.com","url":"https:\/\/mivoot.com\/gt\/","logo":{"@type":"ImageObject","inLanguage":"es","@id":"https:\/\/mivoot.com\/gt\/#\/schema\/logo\/image\/","url":"https:\/\/mivoot.com\/gt\/wp-content\/uploads\/2023\/03\/cropped-icon.png","contentUrl":"https:\/\/mivoot.com\/gt\/wp-content\/uploads\/2023\/03\/cropped-icon.png","width":512,"height":512,"caption":"Mivoot Guatemala"},"image":{"@id":"https:\/\/mivoot.com\/gt\/#\/schema\/logo\/image\/"},"sameAs":["https:\/\/www.facebook.com\/mivootgt","https:\/\/instagram.com\/mivoot"]}]}},"jetpack_publicize_connections":[],"jetpack_sharing_enabled":true,"brands":[{"id":332,"name":"Ubiquiti","slug":"ubiquiti"}],"_links":{"self":[{"href":"https:\/\/mivoot.com\/gt\/wp-json\/wp\/v2\/product\/28964","targetHints":{"allow":["GET"]}}],"collection":[{"href":"https:\/\/mivoot.com\/gt\/wp-json\/wp\/v2\/product"}],"about":[{"href":"https:\/\/mivoot.com\/gt\/wp-json\/wp\/v2\/types\/product"}],"replies":[{"embeddable":true,"href":"https:\/\/mivoot.com\/gt\/wp-json\/wp\/v2\/comments?post=28964"}],"version-history":[{"count":2,"href":"https:\/\/mivoot.com\/gt\/wp-json\/wp\/v2\/product\/28964\/revisions"}],"predecessor-version":[{"id":28969,"href":"https:\/\/mivoot.com\/gt\/wp-json\/wp\/v2\/product\/28964\/revisions\/28969"}],"wp:featuredmedia":[{"embeddable":true,"href":"https:\/\/mivoot.com\/gt\/wp-json\/wp\/v2\/media\/28965"}],"wp:attachment":[{"href":"https:\/\/mivoot.com\/gt\/wp-json\/wp\/v2\/media?parent=28964"}],"wp:term":[{"taxonomy":"pwb-brand","embeddable":true,"href":"https:\/\/mivoot.com\/gt\/wp-json\/wp\/v2\/pwb-brand?post=28964"},{"taxonomy":"product_brand","embeddable":true,"href":"https:\/\/mivoot.com\/gt\/wp-json\/wp\/v2\/product_brand?post=28964"},{"taxonomy":"product_cat","embeddable":true,"href":"https:\/\/mivoot.com\/gt\/wp-json\/wp\/v2\/product_cat?post=28964"},{"taxonomy":"product_tag","embeddable":true,"href":"https:\/\/mivoot.com\/gt\/wp-json\/wp\/v2\/product_tag?post=28964"}],"curies":[{"name":"wp","href":"https:\/\/api.w.org\/{rel}","templated":true}]}}