{"id":28990,"date":"2025-07-02T19:19:17","date_gmt":"2025-07-03T01:19:17","guid":{"rendered":"https:\/\/mivoot.com\/gt\/?post_type=product&#038;p=28990"},"modified":"2025-07-02T19:20:05","modified_gmt":"2025-07-03T01:20:05","slug":"punto-de-acceso-dual-band-wifi-6-ug-ubiquiti","status":"publish","type":"product","link":"https:\/\/mivoot.com\/gt\/producto\/punto-de-acceso-dual-band-wifi-6-ug-ubiquiti\/","title":{"rendered":"Punto de Acceso Dual Band WiFi 6 UG+ Ubiquiti"},"content":{"rendered":"<div class=\"sc-14cjdti-16 gQyUCt\">\n<div class=\"sc-14cjdti-17 iVAxby\">\n<p>&nbsp;<\/p>\n<p>Punto de acceso WiFi 6 compacto de techo con 4 flujos espaciales que mejora el U6 Lite con mayor rendimiento y compatibilidad con WiFi 6 de doble banda. Ideal para peque\u00f1as y medianas empresas.<\/p>\n<ul>\n<li><img decoding=\"async\" class=\"img-fluid\" src=\"https:\/\/assets.ecomm.ui.com\/static\/key-features\/floorplan.svg\" width=\"20\" height=\"20\" data-type=\"icon\" data-icon=\"floorplan\" \/>140 m\u00b2 (1,500 ft\u00b2) de cobertura<\/li>\n<li><img decoding=\"async\" class=\"img-fluid\" src=\"https:\/\/assets.ecomm.ui.com\/static\/key-features\/connection.svg\" width=\"20\" height=\"20\" data-type=\"icon\" data-icon=\"connection\" \/>300+ dispositivos conectados<\/li>\n<li><img decoding=\"async\" class=\"img-fluid\" src=\"https:\/\/assets.ecomm.ui.com\/static\/key-features\/wifi6.svg\" width=\"20\" height=\"20\" data-type=\"icon\" data-icon=\"wifi6\" \/>WiFi6 (2&#215;2 MIMO)<\/li>\n<li><img loading=\"lazy\" decoding=\"async\" class=\"img-fluid\" src=\"https:\/\/assets.ecomm.ui.com\/static\/key-features\/poe.svg\" width=\"20\" height=\"20\" data-type=\"icon\" data-icon=\"poe\" \/>Se enciende con POE 802.3af (No incluido, recomendado \u00a0U-POE-AT)<\/li>\n<\/ul>\n<p>Nota: Todos los productos de red UniFi requieren ser administrados a trav\u00e9s de la aplicaci\u00f3n UniFi Network, a trav\u00e9s de un UniFi OS Console o UniFi Network Server.<\/p>\n<\/div>\n<div class=\"sc-797x8i-1 arJHL\">\n<div class=\"sc-797x8i-2 dYpfmy\"><img loading=\"lazy\" decoding=\"async\" draggable=\"false\" src=\"https:\/\/images.svc.ui.com\/?u=https%3A%2F%2Fcdn.ecomm.ui.com%2Fproducts%2F6d5c6141-e2e9-416a-b789-53e59416bb1a%2Fcf196dd0-a83a-4dee-a198-0a9b4a770f7d.png&amp;q=75&amp;w=3840\" sizes=\"(max-width: 1260px) 100vw, 1196px\" srcset=\"https:\/\/images.svc.ui.com\/?u=https%3A%2F%2Fcdn.ecomm.ui.com%2Fproducts%2F6d5c6141-e2e9-416a-b789-53e59416bb1a%2Fcf196dd0-a83a-4dee-a198-0a9b4a770f7d.png&amp;q=75&amp;w=640 640w, https:\/\/images.svc.ui.com\/?u=https%3A%2F%2Fcdn.ecomm.ui.com%2Fproducts%2F6d5c6141-e2e9-416a-b789-53e59416bb1a%2Fcf196dd0-a83a-4dee-a198-0a9b4a770f7d.png&amp;q=75&amp;w=750 750w, https:\/\/images.svc.ui.com\/?u=https%3A%2F%2Fcdn.ecomm.ui.com%2Fproducts%2F6d5c6141-e2e9-416a-b789-53e59416bb1a%2Fcf196dd0-a83a-4dee-a198-0a9b4a770f7d.png&amp;q=75&amp;w=828 828w, https:\/\/images.svc.ui.com\/?u=https%3A%2F%2Fcdn.ecomm.ui.com%2Fproducts%2F6d5c6141-e2e9-416a-b789-53e59416bb1a%2Fcf196dd0-a83a-4dee-a198-0a9b4a770f7d.png&amp;q=75&amp;w=1080 1080w, https:\/\/images.svc.ui.com\/?u=https%3A%2F%2Fcdn.ecomm.ui.com%2Fproducts%2F6d5c6141-e2e9-416a-b789-53e59416bb1a%2Fcf196dd0-a83a-4dee-a198-0a9b4a770f7d.png&amp;q=75&amp;w=1200 1200w, https:\/\/images.svc.ui.com\/?u=https%3A%2F%2Fcdn.ecomm.ui.com%2Fproducts%2F6d5c6141-e2e9-416a-b789-53e59416bb1a%2Fcf196dd0-a83a-4dee-a198-0a9b4a770f7d.png&amp;q=75&amp;w=1920 1920w, https:\/\/images.svc.ui.com\/?u=https%3A%2F%2Fcdn.ecomm.ui.com%2Fproducts%2F6d5c6141-e2e9-416a-b789-53e59416bb1a%2Fcf196dd0-a83a-4dee-a198-0a9b4a770f7d.png&amp;q=75&amp;w=2048 2048w, https:\/\/images.svc.ui.com\/?u=https%3A%2F%2Fcdn.ecomm.ui.com%2Fproducts%2F6d5c6141-e2e9-416a-b789-53e59416bb1a%2Fcf196dd0-a83a-4dee-a198-0a9b4a770f7d.png&amp;q=75&amp;w=3840 3840w\" alt=\"Punto de acceso U6 Plus\" width=\"1960\" height=\"700\" data-nimg=\"1\" \/><\/div>\n<\/div>\n<div class=\"sc-797x8i-1 arJHL\">\n<div class=\"sc-797x8i-2 fUDTol\"><img loading=\"lazy\" decoding=\"async\" class=\"\" draggable=\"false\" src=\"https:\/\/images.svc.ui.com\/?u=https%3A%2F%2Fcdn.ecomm.ui.com%2Fproducts%2F6d5c6141-e2e9-416a-b789-53e59416bb1a%2F9659b128-bb39-4a97-8c09-911ad4081f28.png&amp;q=75&amp;w=3840\" sizes=\"(max-width: 832px) 100vw, (max-width: 1260px) 33vw, 482px\" srcset=\"https:\/\/images.svc.ui.com\/?u=https%3A%2F%2Fcdn.ecomm.ui.com%2Fproducts%2F6d5c6141-e2e9-416a-b789-53e59416bb1a%2F9659b128-bb39-4a97-8c09-911ad4081f28.png&amp;q=75&amp;w=256 256w, https:\/\/images.svc.ui.com\/?u=https%3A%2F%2Fcdn.ecomm.ui.com%2Fproducts%2F6d5c6141-e2e9-416a-b789-53e59416bb1a%2F9659b128-bb39-4a97-8c09-911ad4081f28.png&amp;q=75&amp;w=384 384w, https:\/\/images.svc.ui.com\/?u=https%3A%2F%2Fcdn.ecomm.ui.com%2Fproducts%2F6d5c6141-e2e9-416a-b789-53e59416bb1a%2F9659b128-bb39-4a97-8c09-911ad4081f28.png&amp;q=75&amp;w=640 640w, https:\/\/images.svc.ui.com\/?u=https%3A%2F%2Fcdn.ecomm.ui.com%2Fproducts%2F6d5c6141-e2e9-416a-b789-53e59416bb1a%2F9659b128-bb39-4a97-8c09-911ad4081f28.png&amp;q=75&amp;w=750 750w, https:\/\/images.svc.ui.com\/?u=https%3A%2F%2Fcdn.ecomm.ui.com%2Fproducts%2F6d5c6141-e2e9-416a-b789-53e59416bb1a%2F9659b128-bb39-4a97-8c09-911ad4081f28.png&amp;q=75&amp;w=828 828w, https:\/\/images.svc.ui.com\/?u=https%3A%2F%2Fcdn.ecomm.ui.com%2Fproducts%2F6d5c6141-e2e9-416a-b789-53e59416bb1a%2F9659b128-bb39-4a97-8c09-911ad4081f28.png&amp;q=75&amp;w=1080 1080w, https:\/\/images.svc.ui.com\/?u=https%3A%2F%2Fcdn.ecomm.ui.com%2Fproducts%2F6d5c6141-e2e9-416a-b789-53e59416bb1a%2F9659b128-bb39-4a97-8c09-911ad4081f28.png&amp;q=75&amp;w=1200 1200w, https:\/\/images.svc.ui.com\/?u=https%3A%2F%2Fcdn.ecomm.ui.com%2Fproducts%2F6d5c6141-e2e9-416a-b789-53e59416bb1a%2F9659b128-bb39-4a97-8c09-911ad4081f28.png&amp;q=75&amp;w=1920 1920w, https:\/\/images.svc.ui.com\/?u=https%3A%2F%2Fcdn.ecomm.ui.com%2Fproducts%2F6d5c6141-e2e9-416a-b789-53e59416bb1a%2F9659b128-bb39-4a97-8c09-911ad4081f28.png&amp;q=75&amp;w=2048 2048w, https:\/\/images.svc.ui.com\/?u=https%3A%2F%2Fcdn.ecomm.ui.com%2Fproducts%2F6d5c6141-e2e9-416a-b789-53e59416bb1a%2F9659b128-bb39-4a97-8c09-911ad4081f28.png&amp;q=75&amp;w=3840 3840w\" alt=\"Punto de acceso U6 Plus\" width=\"492\" height=\"437\" data-nimg=\"1\" \/> \u00a0<img loading=\"lazy\" decoding=\"async\" class=\"\" draggable=\"false\" src=\"https:\/\/images.svc.ui.com\/?u=https%3A%2F%2Fcdn.ecomm.ui.com%2Fproducts%2F6d5c6141-e2e9-416a-b789-53e59416bb1a%2Ff456e7d9-5329-4f53-af69-ba19f5e1fb7a.png&amp;q=75&amp;w=3840\" sizes=\"(max-width: 832px) 100vw, (max-width: 1260px) 66vw, 690px\" srcset=\"https:\/\/images.svc.ui.com\/?u=https%3A%2F%2Fcdn.ecomm.ui.com%2Fproducts%2F6d5c6141-e2e9-416a-b789-53e59416bb1a%2Ff456e7d9-5329-4f53-af69-ba19f5e1fb7a.png&amp;q=75&amp;w=640 640w, https:\/\/images.svc.ui.com\/?u=https%3A%2F%2Fcdn.ecomm.ui.com%2Fproducts%2F6d5c6141-e2e9-416a-b789-53e59416bb1a%2Ff456e7d9-5329-4f53-af69-ba19f5e1fb7a.png&amp;q=75&amp;w=750 750w, https:\/\/images.svc.ui.com\/?u=https%3A%2F%2Fcdn.ecomm.ui.com%2Fproducts%2F6d5c6141-e2e9-416a-b789-53e59416bb1a%2Ff456e7d9-5329-4f53-af69-ba19f5e1fb7a.png&amp;q=75&amp;w=828 828w, https:\/\/images.svc.ui.com\/?u=https%3A%2F%2Fcdn.ecomm.ui.com%2Fproducts%2F6d5c6141-e2e9-416a-b789-53e59416bb1a%2Ff456e7d9-5329-4f53-af69-ba19f5e1fb7a.png&amp;q=75&amp;w=1080 1080w, https:\/\/images.svc.ui.com\/?u=https%3A%2F%2Fcdn.ecomm.ui.com%2Fproducts%2F6d5c6141-e2e9-416a-b789-53e59416bb1a%2Ff456e7d9-5329-4f53-af69-ba19f5e1fb7a.png&amp;q=75&amp;w=1200 1200w, https:\/\/images.svc.ui.com\/?u=https%3A%2F%2Fcdn.ecomm.ui.com%2Fproducts%2F6d5c6141-e2e9-416a-b789-53e59416bb1a%2Ff456e7d9-5329-4f53-af69-ba19f5e1fb7a.png&amp;q=75&amp;w=1920 1920w, https:\/\/images.svc.ui.com\/?u=https%3A%2F%2Fcdn.ecomm.ui.com%2Fproducts%2F6d5c6141-e2e9-416a-b789-53e59416bb1a%2Ff456e7d9-5329-4f53-af69-ba19f5e1fb7a.png&amp;q=75&amp;w=2048 2048w, https:\/\/images.svc.ui.com\/?u=https%3A%2F%2Fcdn.ecomm.ui.com%2Fproducts%2F6d5c6141-e2e9-416a-b789-53e59416bb1a%2Ff456e7d9-5329-4f53-af69-ba19f5e1fb7a.png&amp;q=75&amp;w=3840 3840w\" alt=\"Punto de acceso U6 Plus\" width=\"700\" height=\"434\" data-nimg=\"1\" \/><\/div>\n<div><img decoding=\"async\" src=\"https:\/\/images.svc.ui.com\/?u=https%3A%2F%2Fcdn.ecomm.ui.com%2Fproducts%2F6d5c6141-e2e9-416a-b789-53e59416bb1a%2Fdbf286c8-38a0-4025-97d9-b04f50f1339a.png&amp;q=75&amp;w=2048\" \/><img decoding=\"async\" src=\"https:\/\/images.svc.ui.com\/?u=https%3A%2F%2Fcdn.ecomm.ui.com%2Fproducts%2F6d5c6141-e2e9-416a-b789-53e59416bb1a%2Ff13853b8-ddfe-4b56-b25d-dab3ffe81b0e.png&amp;q=75&amp;w=3840\" alt=\"Access Point U6 Plus\" \/><\/div>\n<div><\/div>\n<\/div>\n<\/div>\n<div class=\"sc-y2swsu-15 sc-y2swsu-16 iHvcfV lmaHdx\">\n<div class=\"sc-13o8c5x-0 jQSiVu\">\n<div class=\"sc-13o8c5x-3 ahZDp\">\n<div class=\"sc-13o8c5x-2 iTtrnm\">\n<div class=\"input__1yRZ5FQO\"><\/div>\n<\/div>\n<\/div>\n<\/div>\n<\/div>\n","protected":false},"excerpt":{"rendered":"<p>&#8211; Wi-Fi 6 (802.11ax)<br \/>\n&#8211; Hasta 2975 Mb\/s Rendimiento<br \/>\n&#8211; 2.4 GHz \/5 GHz (Dual-Banda)<br \/>\n&#8211; 1 x Puerto Gigabit Ethernet compatible con PoE<br \/>\n&#8211; Incluye Monturas de Pared y Techo<br \/>\n&#8211; Cobertura de Hasta 1500 Pies Cuadrados<br \/>\n&#8211; Autenticaci\u00f3n WPA\/WPA2\/WPA3<br \/>\n&#8211; Dise\u00f1o Compacto<br \/>\n&#8211; Admite el controlador de red UniFi<\/p>\n","protected":false},"featured_media":28991,"comment_status":"open","ping_status":"closed","template":"","meta":{"jetpack_publicize_message":"","jetpack_publicize_feature_enabled":true,"jetpack_social_post_already_shared":true,"jetpack_social_options":{"image_generator_settings":{"template":"highway","default_image_id":0,"font":"","enabled":false},"version":2}},"pwb-brand":[],"product_brand":[],"product_cat":[331],"product_tag":[],"class_list":{"0":"post-28990","1":"product","2":"type-product","3":"status-publish","4":"has-post-thumbnail","6":"product_cat-redes-y-conexiones","8":"first","9":"instock","10":"taxable","11":"shipping-taxable","12":"purchasable","13":"product-type-simple"},"yoast_head":"<!-- This site is optimized with the Yoast SEO Premium plugin v25.7.1 (Yoast SEO v26.8) - https:\/\/yoast.com\/product\/yoast-seo-premium-wordpress\/ -->\n<title>Punto de Acceso Dual Band WiFi 6 UG+ Ubiquiti - Mivoot<\/title>\n<meta name=\"robots\" content=\"index, follow, max-snippet:-1, max-image-preview:large, max-video-preview:-1\" \/>\n<link rel=\"canonical\" href=\"https:\/\/mivoot.com\/gt\/producto\/punto-de-acceso-dual-band-wifi-6-ug-ubiquiti\/\" \/>\n<meta property=\"og:locale\" content=\"es_ES\" \/>\n<meta property=\"og:type\" content=\"article\" \/>\n<meta property=\"og:title\" content=\"Punto de Acceso Dual Band WiFi 6 UG+ Ubiquiti\" \/>\n<meta property=\"og:description\" content=\"- Wi-Fi 6 (802.11ax) - Hasta 2975 Mb\/s Rendimiento - 2.4 GHz \/5 GHz (Dual-Banda) - 1 x Puerto Gigabit Ethernet compatible con PoE - Incluye Monturas de Pared y Techo - Cobertura de Hasta 1500 Pies Cuadrados - Autenticaci\u00f3n WPA\/WPA2\/WPA3 - Dise\u00f1o Compacto - Admite el controlador de red UniFi\" \/>\n<meta property=\"og:url\" content=\"https:\/\/mivoot.com\/gt\/producto\/punto-de-acceso-dual-band-wifi-6-ug-ubiquiti\/\" \/>\n<meta property=\"og:site_name\" content=\"Mivoot\" \/>\n<meta property=\"article:publisher\" content=\"https:\/\/www.facebook.com\/mivootgt\" \/>\n<meta property=\"article:modified_time\" content=\"2025-07-03T01:20:05+00:00\" \/>\n<meta property=\"og:image\" content=\"https:\/\/mivoot.com\/gt\/wp-content\/uploads\/2025\/07\/U6-2.jpg\" \/>\n\t<meta property=\"og:image:width\" content=\"500\" \/>\n\t<meta property=\"og:image:height\" content=\"500\" \/>\n\t<meta property=\"og:image:type\" content=\"image\/jpeg\" \/>\n<meta name=\"twitter:card\" content=\"summary_large_image\" \/>\n<meta name=\"twitter:label1\" content=\"Est. reading time\" \/>\n\t<meta name=\"twitter:data1\" content=\"3 minutos\" \/>\n<script type=\"application\/ld+json\" class=\"yoast-schema-graph\">{\"@context\":\"https:\/\/schema.org\",\"@graph\":[{\"@type\":\"WebPage\",\"@id\":\"https:\/\/mivoot.com\/gt\/producto\/punto-de-acceso-dual-band-wifi-6-ug-ubiquiti\/\",\"url\":\"https:\/\/mivoot.com\/gt\/producto\/punto-de-acceso-dual-band-wifi-6-ug-ubiquiti\/\",\"name\":\"Punto de Acceso Dual Band WiFi 6 UG+ Ubiquiti - Mivoot\",\"isPartOf\":{\"@id\":\"https:\/\/mivoot.com\/gt\/#website\"},\"primaryImageOfPage\":{\"@id\":\"https:\/\/mivoot.com\/gt\/producto\/punto-de-acceso-dual-band-wifi-6-ug-ubiquiti\/#primaryimage\"},\"image\":{\"@id\":\"https:\/\/mivoot.com\/gt\/producto\/punto-de-acceso-dual-band-wifi-6-ug-ubiquiti\/#primaryimage\"},\"thumbnailUrl\":\"https:\/\/mivoot.com\/gt\/wp-content\/uploads\/2025\/07\/U6-2.jpg\",\"datePublished\":\"2025-07-03T01:19:17+00:00\",\"dateModified\":\"2025-07-03T01:20:05+00:00\",\"breadcrumb\":{\"@id\":\"https:\/\/mivoot.com\/gt\/producto\/punto-de-acceso-dual-band-wifi-6-ug-ubiquiti\/#breadcrumb\"},\"inLanguage\":\"es\",\"potentialAction\":[{\"@type\":\"ReadAction\",\"target\":[\"https:\/\/mivoot.com\/gt\/producto\/punto-de-acceso-dual-band-wifi-6-ug-ubiquiti\/\"]}]},{\"@type\":\"ImageObject\",\"inLanguage\":\"es\",\"@id\":\"https:\/\/mivoot.com\/gt\/producto\/punto-de-acceso-dual-band-wifi-6-ug-ubiquiti\/#primaryimage\",\"url\":\"https:\/\/mivoot.com\/gt\/wp-content\/uploads\/2025\/07\/U6-2.jpg\",\"contentUrl\":\"https:\/\/mivoot.com\/gt\/wp-content\/uploads\/2025\/07\/U6-2.jpg\",\"width\":500,\"height\":500},{\"@type\":\"BreadcrumbList\",\"@id\":\"https:\/\/mivoot.com\/gt\/producto\/punto-de-acceso-dual-band-wifi-6-ug-ubiquiti\/#breadcrumb\",\"itemListElement\":[{\"@type\":\"ListItem\",\"position\":1,\"name\":\"Inicio\",\"item\":\"https:\/\/mivoot.com\/gt\/\"},{\"@type\":\"ListItem\",\"position\":2,\"name\":\"Productos\",\"item\":\"https:\/\/mivoot.com\/gt\/producto\/\"},{\"@type\":\"ListItem\",\"position\":3,\"name\":\"Punto de Acceso Dual Band WiFi 6 UG+ Ubiquiti\"}]},{\"@type\":\"WebSite\",\"@id\":\"https:\/\/mivoot.com\/gt\/#website\",\"url\":\"https:\/\/mivoot.com\/gt\/\",\"name\":\"Mivoot\",\"description\":\"Mivoot Guatemala | Tienda Online\",\"publisher\":{\"@id\":\"https:\/\/mivoot.com\/gt\/#organization\"},\"alternateName\":\"mivoot\",\"potentialAction\":[{\"@type\":\"SearchAction\",\"target\":{\"@type\":\"EntryPoint\",\"urlTemplate\":\"https:\/\/mivoot.com\/gt\/?s={search_term_string}\"},\"query-input\":{\"@type\":\"PropertyValueSpecification\",\"valueRequired\":true,\"valueName\":\"search_term_string\"}}],\"inLanguage\":\"es\"},{\"@type\":\"Organization\",\"@id\":\"https:\/\/mivoot.com\/gt\/#organization\",\"name\":\"Mivoot Guatemala\",\"alternateName\":\"mivoot.com\",\"url\":\"https:\/\/mivoot.com\/gt\/\",\"logo\":{\"@type\":\"ImageObject\",\"inLanguage\":\"es\",\"@id\":\"https:\/\/mivoot.com\/gt\/#\/schema\/logo\/image\/\",\"url\":\"https:\/\/mivoot.com\/gt\/wp-content\/uploads\/2023\/03\/cropped-icon.png\",\"contentUrl\":\"https:\/\/mivoot.com\/gt\/wp-content\/uploads\/2023\/03\/cropped-icon.png\",\"width\":512,\"height\":512,\"caption\":\"Mivoot Guatemala\"},\"image\":{\"@id\":\"https:\/\/mivoot.com\/gt\/#\/schema\/logo\/image\/\"},\"sameAs\":[\"https:\/\/www.facebook.com\/mivootgt\",\"https:\/\/instagram.com\/mivoot\"]}]}<\/script>\n<!-- \/ Yoast SEO Premium plugin. -->","yoast_head_json":{"title":"Punto de Acceso Dual Band WiFi 6 UG+ Ubiquiti - Mivoot","robots":{"index":"index","follow":"follow","max-snippet":"max-snippet:-1","max-image-preview":"max-image-preview:large","max-video-preview":"max-video-preview:-1"},"canonical":"https:\/\/mivoot.com\/gt\/producto\/punto-de-acceso-dual-band-wifi-6-ug-ubiquiti\/","og_locale":"es_ES","og_type":"article","og_title":"Punto de Acceso Dual Band WiFi 6 UG+ Ubiquiti","og_description":"- Wi-Fi 6 (802.11ax) - Hasta 2975 Mb\/s Rendimiento - 2.4 GHz \/5 GHz (Dual-Banda) - 1 x Puerto Gigabit Ethernet compatible con PoE - Incluye Monturas de Pared y Techo - Cobertura de Hasta 1500 Pies Cuadrados - Autenticaci\u00f3n WPA\/WPA2\/WPA3 - Dise\u00f1o Compacto - Admite el controlador de red UniFi","og_url":"https:\/\/mivoot.com\/gt\/producto\/punto-de-acceso-dual-band-wifi-6-ug-ubiquiti\/","og_site_name":"Mivoot","article_publisher":"https:\/\/www.facebook.com\/mivootgt","article_modified_time":"2025-07-03T01:20:05+00:00","og_image":[{"width":500,"height":500,"url":"https:\/\/mivoot.com\/gt\/wp-content\/uploads\/2025\/07\/U6-2.jpg","type":"image\/jpeg"}],"twitter_card":"summary_large_image","twitter_misc":{"Est. reading time":"3 minutos"},"schema":{"@context":"https:\/\/schema.org","@graph":[{"@type":"WebPage","@id":"https:\/\/mivoot.com\/gt\/producto\/punto-de-acceso-dual-band-wifi-6-ug-ubiquiti\/","url":"https:\/\/mivoot.com\/gt\/producto\/punto-de-acceso-dual-band-wifi-6-ug-ubiquiti\/","name":"Punto de Acceso Dual Band WiFi 6 UG+ Ubiquiti - Mivoot","isPartOf":{"@id":"https:\/\/mivoot.com\/gt\/#website"},"primaryImageOfPage":{"@id":"https:\/\/mivoot.com\/gt\/producto\/punto-de-acceso-dual-band-wifi-6-ug-ubiquiti\/#primaryimage"},"image":{"@id":"https:\/\/mivoot.com\/gt\/producto\/punto-de-acceso-dual-band-wifi-6-ug-ubiquiti\/#primaryimage"},"thumbnailUrl":"https:\/\/mivoot.com\/gt\/wp-content\/uploads\/2025\/07\/U6-2.jpg","datePublished":"2025-07-03T01:19:17+00:00","dateModified":"2025-07-03T01:20:05+00:00","breadcrumb":{"@id":"https:\/\/mivoot.com\/gt\/producto\/punto-de-acceso-dual-band-wifi-6-ug-ubiquiti\/#breadcrumb"},"inLanguage":"es","potentialAction":[{"@type":"ReadAction","target":["https:\/\/mivoot.com\/gt\/producto\/punto-de-acceso-dual-band-wifi-6-ug-ubiquiti\/"]}]},{"@type":"ImageObject","inLanguage":"es","@id":"https:\/\/mivoot.com\/gt\/producto\/punto-de-acceso-dual-band-wifi-6-ug-ubiquiti\/#primaryimage","url":"https:\/\/mivoot.com\/gt\/wp-content\/uploads\/2025\/07\/U6-2.jpg","contentUrl":"https:\/\/mivoot.com\/gt\/wp-content\/uploads\/2025\/07\/U6-2.jpg","width":500,"height":500},{"@type":"BreadcrumbList","@id":"https:\/\/mivoot.com\/gt\/producto\/punto-de-acceso-dual-band-wifi-6-ug-ubiquiti\/#breadcrumb","itemListElement":[{"@type":"ListItem","position":1,"name":"Inicio","item":"https:\/\/mivoot.com\/gt\/"},{"@type":"ListItem","position":2,"name":"Productos","item":"https:\/\/mivoot.com\/gt\/producto\/"},{"@type":"ListItem","position":3,"name":"Punto de Acceso Dual Band WiFi 6 UG+ Ubiquiti"}]},{"@type":"WebSite","@id":"https:\/\/mivoot.com\/gt\/#website","url":"https:\/\/mivoot.com\/gt\/","name":"Mivoot","description":"Mivoot Guatemala | Tienda Online","publisher":{"@id":"https:\/\/mivoot.com\/gt\/#organization"},"alternateName":"mivoot","potentialAction":[{"@type":"SearchAction","target":{"@type":"EntryPoint","urlTemplate":"https:\/\/mivoot.com\/gt\/?s={search_term_string}"},"query-input":{"@type":"PropertyValueSpecification","valueRequired":true,"valueName":"search_term_string"}}],"inLanguage":"es"},{"@type":"Organization","@id":"https:\/\/mivoot.com\/gt\/#organization","name":"Mivoot Guatemala","alternateName":"mivoot.com","url":"https:\/\/mivoot.com\/gt\/","logo":{"@type":"ImageObject","inLanguage":"es","@id":"https:\/\/mivoot.com\/gt\/#\/schema\/logo\/image\/","url":"https:\/\/mivoot.com\/gt\/wp-content\/uploads\/2023\/03\/cropped-icon.png","contentUrl":"https:\/\/mivoot.com\/gt\/wp-content\/uploads\/2023\/03\/cropped-icon.png","width":512,"height":512,"caption":"Mivoot Guatemala"},"image":{"@id":"https:\/\/mivoot.com\/gt\/#\/schema\/logo\/image\/"},"sameAs":["https:\/\/www.facebook.com\/mivootgt","https:\/\/instagram.com\/mivoot"]}]}},"jetpack_publicize_connections":[],"jetpack_sharing_enabled":true,"brands":[],"_links":{"self":[{"href":"https:\/\/mivoot.com\/gt\/wp-json\/wp\/v2\/product\/28990","targetHints":{"allow":["GET"]}}],"collection":[{"href":"https:\/\/mivoot.com\/gt\/wp-json\/wp\/v2\/product"}],"about":[{"href":"https:\/\/mivoot.com\/gt\/wp-json\/wp\/v2\/types\/product"}],"replies":[{"embeddable":true,"href":"https:\/\/mivoot.com\/gt\/wp-json\/wp\/v2\/comments?post=28990"}],"version-history":[{"count":1,"href":"https:\/\/mivoot.com\/gt\/wp-json\/wp\/v2\/product\/28990\/revisions"}],"predecessor-version":[{"id":28996,"href":"https:\/\/mivoot.com\/gt\/wp-json\/wp\/v2\/product\/28990\/revisions\/28996"}],"wp:featuredmedia":[{"embeddable":true,"href":"https:\/\/mivoot.com\/gt\/wp-json\/wp\/v2\/media\/28991"}],"wp:attachment":[{"href":"https:\/\/mivoot.com\/gt\/wp-json\/wp\/v2\/media?parent=28990"}],"wp:term":[{"taxonomy":"pwb-brand","embeddable":true,"href":"https:\/\/mivoot.com\/gt\/wp-json\/wp\/v2\/pwb-brand?post=28990"},{"taxonomy":"product_brand","embeddable":true,"href":"https:\/\/mivoot.com\/gt\/wp-json\/wp\/v2\/product_brand?post=28990"},{"taxonomy":"product_cat","embeddable":true,"href":"https:\/\/mivoot.com\/gt\/wp-json\/wp\/v2\/product_cat?post=28990"},{"taxonomy":"product_tag","embeddable":true,"href":"https:\/\/mivoot.com\/gt\/wp-json\/wp\/v2\/product_tag?post=28990"}],"curies":[{"name":"wp","href":"https:\/\/api.w.org\/{rel}","templated":true}]}}