{"id":29118,"date":"2025-07-07T18:18:11","date_gmt":"2025-07-08T00:18:11","guid":{"rendered":"https:\/\/mivoot.com\/gt\/?post_type=product&#038;p=29118"},"modified":"2025-09-12T17:15:30","modified_gmt":"2025-09-12T23:15:30","slug":"auriculares-de-intercomunicacion-solidcom-se-4pack-hollyland","status":"publish","type":"product","link":"https:\/\/mivoot.com\/gt\/producto\/auriculares-de-intercomunicacion-solidcom-se-4pack-hollyland\/","title":{"rendered":"Auriculares de Intercomunicaci\u00f3n Solidcom SE 4pack Hollyland"},"content":{"rendered":"<h1 style=\"text-align: center;\">Auriculares de Intercomunicaci\u00f3n Hollyland Solidcom SE <span class=\"a-size-large product-title-word-break\">Full Duplex <\/span><span id=\"productTitle\" class=\"a-size-large product-title-word-break\">ENC Cancelaci\u00f3n de ruido &#8211; 4S &#8211; 4PACK<\/span><\/h1>\n<div class=\"overviewDescription_OMS5rN7R1Z js-injected-html\" data-selenium=\"sellingPointsOverviewDescription\">El\u00a0<b>sistema de intercomunicaci\u00f3n Solidcom SE Pro 2S para dos personas, full-duplex, con auriculares monoaurales<\/b>\u00a0de\u00a0<b>Hollyland<\/b>\u00a0ofrece a equipos de producci\u00f3n peque\u00f1os y medianos una soluci\u00f3n de comunicaci\u00f3n rentable y potente. Esta configuraci\u00f3n incluye un auricular monoaural principal y un auricular monoaural remoto. El sistema opera en el rango de frecuencia de 1.9 GHz y cuenta con un dise\u00f1o ligero, cancelaci\u00f3n de ruido ambiental, resistencia al polvo y al viento, y una bater\u00eda de larga duraci\u00f3n, lo que permite a los miembros del equipo colaborar eficazmente en diversos entornos, desde producci\u00f3n de video comercial hasta operaciones en la costa. El sistema se puede ampliar con auriculares remotos adicionales para admitir un total de 9 usuarios simult\u00e1neamente.<\/div>\n<div data-selenium=\"sellingPointsOverviewDescription\"><\/div>\n<div data-selenium=\"sellingPointsOverviewDescription\"><\/div>\n<div data-selenium=\"sellingPointsOverviewDescription\"><img decoding=\"async\" class=\"aligncenter\" src=\"https:\/\/m.media-amazon.com\/images\/S\/aplus-media-library-service-media\/7f2eed93-3a62-4af2-b36d-11a00acf3141.__CR0,0,1464,600_PT0_SX1464_V1___.jpg\" alt=\"ALTO\" \/><img decoding=\"async\" class=\"aligncenter\" src=\"https:\/\/m.media-amazon.com\/images\/I\/71vZkjJX1TL._AC_SL1500_.jpg\" \/><\/div>\n<h3 class=\"overviewDescription_OMS5rN7R1Z js-injected-html\" data-selenium=\"sellingPointsOverviewDescription\">Comunicaci\u00f3n confiable<\/h3>\n<div data-selenium=\"sellingPointsOverviewDescription\">\n<div class=\"feature_UbV5SNP5Eo\">\n<div class=\"hasLeftMedia_UbV5SNP5Eo\">\n<div class=\"featureHeader_UbV5SNP5Eo\">\n<div><\/div>\n<\/div>\n<div class=\"js-injected-html text_UbV5SNP5Eo\">Los auriculares Solidcom SE Pro admiten comunicaci\u00f3n full-duplex, lo que permite a los miembros del equipo comunicarse simult\u00e1neamente y elimina la necesidad de turnarse, ahorrando tiempo valioso y mejorando la eficiencia del trabajo. El sistema ofrece una distancia de operaci\u00f3n inal\u00e1mbrica con l\u00ednea de visi\u00f3n de hasta 400 metros en la banda de frecuencia de 1.9 GHz, evitando interferencias con dispositivos Wi-Fi y Bluetooth. La tecnolog\u00eda de salto de frecuencia autom\u00e1tico cambia instant\u00e1neamente a una frecuencia limpia si se produce interferencia, lo que aumenta la estabilidad y la fiabilidad del sistema de comunicaci\u00f3n.<\/div>\n<\/div>\n<\/div>\n<\/div>\n<div><\/div>\n<div><\/div>\n<div data-selenium=\"sellingPointsOverviewDescription\">\n<div class=\"feature_UbV5SNP5Eo\">\n<div class=\"hasLeftMedia_UbV5SNP5Eo\">\n<div><\/div>\n<\/div>\n<\/div>\n<div class=\"feature_UbV5SNP5Eo\">\n<div class=\"hasRightMedia_UbV5SNP5Eo\">\n<div><img decoding=\"async\" class=\"aligncenter\" src=\"https:\/\/m.media-amazon.com\/images\/S\/aplus-media-library-service-media\/3042d9be-c46c-45b1-84a0-e4e9912f5e2e.__CR0,0,1464,600_PT0_SX1464_V1___.jpg\" alt=\"Water Resistance\" \/><img decoding=\"async\" class=\"aligncenter\" src=\"https:\/\/m.media-amazon.com\/images\/S\/aplus-media-library-service-media\/677dfc20-cd36-4ff9-98d0-d3f68c0af5e0.__CR0,0,1464,600_PT0_SX1464_V1___.jpg\" alt=\"Continuous Power. Endless Creativity.\" \/><\/div>\n<div class=\"featureHeader_UbV5SNP5Eo\">\n<div><\/div>\n<h3 class=\"text_TAw0W35QK_ comfy_TAw0W35QK_ sizeTitle2_TAw0W35QK_ weightNormal_TAw0W35QK_ primary_i3MsQsqoe0\">ENC de doble micr\u00f3fono para un sonido superior<\/h3>\n<div><\/div>\n<div class=\"text_TAw0W35QK_ comfy_TAw0W35QK_ sizeTitle2_TAw0W35QK_ weightNormal_TAw0W35QK_ primary_i3MsQsqoe0\">La tecnolog\u00eda avanzada de cancelaci\u00f3n de ruido ambiental con micr\u00f3fono dual procesa el sonido de forma que cancela el ruido ambiental, garantizando que su voz se escuche alta y clara, incluso en entornos ruidosos. Con una relaci\u00f3n se\u00f1al-ruido de 71 dB, el Solidcom SE Pro proporciona una comunicaci\u00f3n clara e inteligible para su equipo.<\/div>\n<\/div>\n<\/div>\n<div><\/div>\n<div class=\"hasRightMedia_UbV5SNP5Eo\">\n<div class=\"featureHeader_UbV5SNP5Eo\">\n<div><\/div>\n<\/div>\n<div><img decoding=\"async\" class=\"aligncenter\" src=\"https:\/\/m.media-amazon.com\/images\/S\/aplus-media-library-service-media\/e3a0d101-9df5-4887-9279-1c9a3a67c132.__CR0,0,1464,600_PT0_SX1464_V1___.jpg\" alt=\"1,100ft (350m) LOS Range\" \/><\/div>\n<\/div>\n<\/div>\n<div class=\"feature_UbV5SNP5Eo\">\n<div class=\"hasLeftMedia_UbV5SNP5Eo\">\n<div class=\"isImage_UbV5SNP5Eo media_UbV5SNP5Eo\"><\/div>\n<div class=\"featureHeader_UbV5SNP5Eo\">\n<h3 class=\"text_TAw0W35QK_ comfy_TAw0W35QK_ sizeTitle2_TAw0W35QK_ weightNormal_TAw0W35QK_ primary_i3MsQsqoe0\">Resistencia al polvo y al agua<\/h3>\n<div><\/div>\n<div class=\"text_TAw0W35QK_ comfy_TAw0W35QK_ sizeTitle2_TAw0W35QK_ weightNormal_TAw0W35QK_ primary_i3MsQsqoe0\">Los auriculares robustos y duraderos est\u00e1n dise\u00f1ados para resistir el agua y el polvo. La pintura protectora interna protege los componentes del sudor y la humedad. Puede estar tranquilo sabiendo que el sistema permanece operativo incluso en condiciones clim\u00e1ticas adversas.<\/div>\n<\/div>\n<\/div>\n<\/div>\n<div class=\"feature_UbV5SNP5Eo\">\n<div class=\"hasRightMedia_UbV5SNP5Eo\">\n<div class=\"isImage_UbV5SNP5Eo media_UbV5SNP5Eo\"><img decoding=\"async\" class=\"pointer_pdnKDph4rT alignleft\" src=\"https:\/\/static.bhphoto.com\/images\/rich_content\/desktop\/IMG_2477040.jpg\" data-selenium=\"OverviewSectionMediaImage\" \/><\/div>\n<div class=\"featureHeader_UbV5SNP5Eo\">\n<h3 class=\"text_TAw0W35QK_ comfy_TAw0W35QK_ sizeTitle2_TAw0W35QK_ weightNormal_TAw0W35QK_ primary_i3MsQsqoe0\">Operaci\u00f3n sin complicaciones<\/h3>\n<div><\/div>\n<\/div>\n<div class=\"js-injected-html text_UbV5SNP5Eo\">Los Solidcom SE Pro est\u00e1n listos para usar desde el primer momento, ya que vienen preemparejados de f\u00e1brica. Un brazo de micr\u00f3fono m\u00f3vil permite controlar intuitivamente las funciones de silencio y conversaci\u00f3n en cada auricular. Incluye un puerto de monitorizaci\u00f3n de 3,5 mm para integrarse en configuraciones con cable.<\/div>\n<div><\/div>\n<\/div>\n<\/div>\n<div class=\"feature_UbV5SNP5Eo\">\n<div class=\"featureHeader_UbV5SNP5Eo\">\n<h3 class=\"text_TAw0W35QK_ comfy_TAw0W35QK_ sizeTitle2_TAw0W35QK_ weightNormal_TAw0W35QK_ primary_i3MsQsqoe0\">Bater\u00eda de larga duraci\u00f3n<\/h3>\n<\/div>\n<div>\n<div class=\"js-injected-html text_UbV5SNP5Eo\">El Solidcom SE Pro incluye cuatro bater\u00edas recargables para garantizar que el sistema siga funcionando con un tiempo de inactividad m\u00ednimo. Comun\u00edquese con su equipo hasta 10 horas con los auriculares remotos con la cancelaci\u00f3n de ruido activada y hasta 5 horas con los auriculares principales al conectarlos a cinco auriculares remotos. Rec\u00e1rguelos en tan solo 3 horas con el cable USB incluido o la estaci\u00f3n de carga de 6 ranuras.<\/div>\n<\/div>\n<\/div>\n<\/div>\n<p>&nbsp;<\/p>\n<p>&nbsp;<\/p>\n<p>&nbsp;<\/p>\n<p><img decoding=\"async\" class=\"aligncenter\" src=\"https:\/\/m.media-amazon.com\/images\/S\/aplus-media-library-service-media\/be6e16d7-971b-4dbd-8278-dcc49e5df8f1.__CR0,0,1464,600_PT0_SX1464_V1___.jpg\" alt=\"Multiple Scenarios\" \/><img decoding=\"async\" class=\"aligncenter\" src=\"https:\/\/m.media-amazon.com\/images\/S\/aplus-media-library-service-media\/c43bda19-caee-46b3-a0a9-c5492cf38f99.__CR0,0,1464,600_PT0_SX1464_V1___.jpg\" alt=\"Multiple Options for Every Need.\" \/><\/p>\n<h4 class=\"section-title\">Especificaciones<\/h4>\n<div class=\"section-list\">\n<div class=\"section-item\">\n<ul>\n<li>Nombre del producto Solidcom SE Global Version<\/li>\n<li>Rango LOS 350 m<\/li>\n<li>Frecuencia de funcionamiento 2,4 GHz<\/li>\n<li>Modo de modulaci\u00f3n GFSK<\/li>\n<li>Potencia de transmisi\u00f3n \u2264 20 dBm<\/li>\n<li>Sensibilidad del receptor &lt; -92 dBm<\/li>\n<li>Capacidad de la bater\u00eda 770 mAH (2,926 Wh)<\/li>\n<li>Tiempo de carga &lt; 3 horas<\/li>\n<li>Frecuencia de respuesta 150 Hz \u2013 7 kHz (\u00b110 dB)<\/li>\n<li>S\/R 71\u00b12 dB @94 dB SPL,1 kHz<\/li>\n<li>Distorsi\u00f3n &lt; 1 %@94 dB SPL,150 Hz-7 kHz<\/li>\n<li>Tipo de micr\u00f3fono Electreto<\/li>\n<li>Nivel m\u00e1ximo de SPL &gt; 115 dB SPL<\/li>\n<li>Presi\u00f3n sonora de salida (SPL) 98 dB SPL (@94 dB SPL, 1 kHz)<\/li>\n<li>Reducci\u00f3n del ruido ambiental &gt; 20 dB (desde todas las direcciones)<\/li>\n<li>Peso \u2248185,2 g (con bater\u00eda)<\/li>\n<li>Duraci\u00f3n de la bater\u00eda 10 h<\/li>\n<li>Temperatura 0 \u2013 45\u00b0C (en funcionamiento) -10 \u2013 60\u00b0C (en almacenamiento)<\/li>\n<\/ul>\n<p><img decoding=\"async\" class=\"aligncenter\" src=\"https:\/\/m.media-amazon.com\/images\/S\/aplus-media-library-service-media\/d151602e-14c9-4bb9-bf39-11a8df8b2303.__CR0,0,1464,600_PT0_SX1464_V1___.jpg\" alt=\"Packing List 4S\" \/><\/p>\n<\/div>\n<\/div>\n<p>&nbsp;<\/p>\n<p>&nbsp;<\/p>\n","protected":false},"excerpt":{"rendered":"<p>&#8211; Intercomunicadores Solidcom SE 4S (4pack)<br \/>\n&#8211; Rango de cobertura de 350 metros Lineales en vista con master<br \/>\n&#8211; Cancelaci\u00f3n de ruido ambiental (ENC)<br \/>\n&#8211; Full duplex<br \/>\n&#8211; Frecuencia de funcionamiento: 2,4GHz<br \/>\n&#8211; Modulaci\u00f3n: GFSK<br \/>\n&#8211; Relaci\u00f3n se\u00f1al\/ruido: 71 \u00b1 2 dB a 94 dB de presi\u00f3n sonora, 1 kHz<br \/>\n&#8211; Capacidad de la bater\u00eda: 770mAh (2.926Wh)<br \/>\n&#8211; Autonom\u00eda: 10 horas<br \/>\n&#8211; Tiempo de carga: 3 horas<br \/>\n&#8211; Respuesta de frecuencia: 150Hz &#8211; 7KHz<br \/>\n&#8211; Peso: 185,2g (bater\u00eda incluida)<br \/>\n&#8211; Uso en espacios abiertos no atraviesa paredes<\/p>\n","protected":false},"featured_media":29119,"comment_status":"open","ping_status":"closed","template":"","meta":{"jetpack_publicize_message":"","jetpack_publicize_feature_enabled":true,"jetpack_social_post_already_shared":true,"jetpack_social_options":{"image_generator_settings":{"template":"highway","default_image_id":0,"font":"","enabled":false},"version":2}},"pwb-brand":[540],"product_brand":[],"product_cat":[23,639],"product_tag":[],"class_list":{"0":"post-29118","1":"product","2":"type-product","3":"status-publish","4":"has-post-thumbnail","6":"pwb-brand-hollyland","7":"product_cat-audifonos-bluetooth","8":"product_cat-intercomunicadores","10":"first","11":"instock","12":"sale","13":"taxable","14":"shipping-taxable","15":"purchasable","16":"product-type-simple"},"yoast_head":"<!-- This site is optimized with the Yoast SEO Premium plugin v25.7.1 (Yoast SEO v26.8) - https:\/\/yoast.com\/product\/yoast-seo-premium-wordpress\/ -->\n<title>Auriculares de Intercomunicaci\u00f3n Solidcom SE 4pack Hollyland - Mivoot<\/title>\n<meta name=\"robots\" content=\"index, follow, max-snippet:-1, max-image-preview:large, max-video-preview:-1\" \/>\n<link rel=\"canonical\" href=\"https:\/\/mivoot.com\/gt\/producto\/auriculares-de-intercomunicacion-solidcom-se-4pack-hollyland\/\" \/>\n<meta property=\"og:locale\" content=\"es_ES\" \/>\n<meta property=\"og:type\" content=\"article\" \/>\n<meta property=\"og:title\" content=\"Auriculares de Intercomunicaci\u00f3n Solidcom SE 4pack Hollyland\" \/>\n<meta property=\"og:description\" content=\"- Intercomunicadores Solidcom SE 4S (4pack) - Rango de cobertura de 350 metros Lineales en vista con master - Cancelaci\u00f3n de ruido ambiental (ENC) - Full duplex - Frecuencia de funcionamiento: 2,4GHz - Modulaci\u00f3n: GFSK - Relaci\u00f3n se\u00f1al\/ruido: 71 \u00b1 2 dB a 94 dB de presi\u00f3n sonora, 1 kHz - Capacidad de la bater\u00eda: 770mAh (2.926Wh) - Autonom\u00eda: 10 horas - Tiempo de carga: 3 horas - Respuesta de frecuencia: 150Hz - 7KHz - Peso: 185,2g (bater\u00eda incluida) - Uso en espacios abiertos no atraviesa paredes\" \/>\n<meta property=\"og:url\" content=\"https:\/\/mivoot.com\/gt\/producto\/auriculares-de-intercomunicacion-solidcom-se-4pack-hollyland\/\" \/>\n<meta property=\"og:site_name\" content=\"Mivoot\" \/>\n<meta property=\"article:publisher\" content=\"https:\/\/www.facebook.com\/mivootgt\" \/>\n<meta property=\"article:modified_time\" content=\"2025-09-12T23:15:30+00:00\" \/>\n<meta property=\"og:image\" content=\"https:\/\/mivoot.com\/gt\/wp-content\/uploads\/2025\/07\/Solidcom-SE-4S-0.png\" \/>\n\t<meta property=\"og:image:width\" content=\"1000\" \/>\n\t<meta property=\"og:image:height\" content=\"1000\" \/>\n\t<meta property=\"og:image:type\" content=\"image\/png\" \/>\n<meta name=\"twitter:card\" content=\"summary_large_image\" \/>\n<meta name=\"twitter:label1\" content=\"Est. reading time\" \/>\n\t<meta name=\"twitter:data1\" content=\"5 minutos\" \/>\n<script type=\"application\/ld+json\" class=\"yoast-schema-graph\">{\"@context\":\"https:\/\/schema.org\",\"@graph\":[{\"@type\":\"WebPage\",\"@id\":\"https:\/\/mivoot.com\/gt\/producto\/auriculares-de-intercomunicacion-solidcom-se-4pack-hollyland\/\",\"url\":\"https:\/\/mivoot.com\/gt\/producto\/auriculares-de-intercomunicacion-solidcom-se-4pack-hollyland\/\",\"name\":\"Auriculares de Intercomunicaci\u00f3n Solidcom SE 4pack Hollyland - Mivoot\",\"isPartOf\":{\"@id\":\"https:\/\/mivoot.com\/gt\/#website\"},\"primaryImageOfPage\":{\"@id\":\"https:\/\/mivoot.com\/gt\/producto\/auriculares-de-intercomunicacion-solidcom-se-4pack-hollyland\/#primaryimage\"},\"image\":{\"@id\":\"https:\/\/mivoot.com\/gt\/producto\/auriculares-de-intercomunicacion-solidcom-se-4pack-hollyland\/#primaryimage\"},\"thumbnailUrl\":\"https:\/\/mivoot.com\/gt\/wp-content\/uploads\/2025\/07\/Solidcom-SE-4S-0.png\",\"datePublished\":\"2025-07-08T00:18:11+00:00\",\"dateModified\":\"2025-09-12T23:15:30+00:00\",\"breadcrumb\":{\"@id\":\"https:\/\/mivoot.com\/gt\/producto\/auriculares-de-intercomunicacion-solidcom-se-4pack-hollyland\/#breadcrumb\"},\"inLanguage\":\"es\",\"potentialAction\":[{\"@type\":\"ReadAction\",\"target\":[\"https:\/\/mivoot.com\/gt\/producto\/auriculares-de-intercomunicacion-solidcom-se-4pack-hollyland\/\"]}]},{\"@type\":\"ImageObject\",\"inLanguage\":\"es\",\"@id\":\"https:\/\/mivoot.com\/gt\/producto\/auriculares-de-intercomunicacion-solidcom-se-4pack-hollyland\/#primaryimage\",\"url\":\"https:\/\/mivoot.com\/gt\/wp-content\/uploads\/2025\/07\/Solidcom-SE-4S-0.png\",\"contentUrl\":\"https:\/\/mivoot.com\/gt\/wp-content\/uploads\/2025\/07\/Solidcom-SE-4S-0.png\",\"width\":1000,\"height\":1000},{\"@type\":\"BreadcrumbList\",\"@id\":\"https:\/\/mivoot.com\/gt\/producto\/auriculares-de-intercomunicacion-solidcom-se-4pack-hollyland\/#breadcrumb\",\"itemListElement\":[{\"@type\":\"ListItem\",\"position\":1,\"name\":\"Inicio\",\"item\":\"https:\/\/mivoot.com\/gt\/\"},{\"@type\":\"ListItem\",\"position\":2,\"name\":\"Productos\",\"item\":\"https:\/\/mivoot.com\/gt\/producto\/\"},{\"@type\":\"ListItem\",\"position\":3,\"name\":\"Hollyland\",\"item\":\"https:\/\/mivoot.com\/gt\/marca\/hollyland\/\"},{\"@type\":\"ListItem\",\"position\":4,\"name\":\"Auriculares de Intercomunicaci\u00f3n Solidcom SE 4pack Hollyland\"}]},{\"@type\":\"WebSite\",\"@id\":\"https:\/\/mivoot.com\/gt\/#website\",\"url\":\"https:\/\/mivoot.com\/gt\/\",\"name\":\"Mivoot\",\"description\":\"Mivoot Guatemala | Tienda Online\",\"publisher\":{\"@id\":\"https:\/\/mivoot.com\/gt\/#organization\"},\"alternateName\":\"mivoot\",\"potentialAction\":[{\"@type\":\"SearchAction\",\"target\":{\"@type\":\"EntryPoint\",\"urlTemplate\":\"https:\/\/mivoot.com\/gt\/?s={search_term_string}\"},\"query-input\":{\"@type\":\"PropertyValueSpecification\",\"valueRequired\":true,\"valueName\":\"search_term_string\"}}],\"inLanguage\":\"es\"},{\"@type\":\"Organization\",\"@id\":\"https:\/\/mivoot.com\/gt\/#organization\",\"name\":\"Mivoot Guatemala\",\"alternateName\":\"mivoot.com\",\"url\":\"https:\/\/mivoot.com\/gt\/\",\"logo\":{\"@type\":\"ImageObject\",\"inLanguage\":\"es\",\"@id\":\"https:\/\/mivoot.com\/gt\/#\/schema\/logo\/image\/\",\"url\":\"https:\/\/mivoot.com\/gt\/wp-content\/uploads\/2023\/03\/cropped-icon.png\",\"contentUrl\":\"https:\/\/mivoot.com\/gt\/wp-content\/uploads\/2023\/03\/cropped-icon.png\",\"width\":512,\"height\":512,\"caption\":\"Mivoot Guatemala\"},\"image\":{\"@id\":\"https:\/\/mivoot.com\/gt\/#\/schema\/logo\/image\/\"},\"sameAs\":[\"https:\/\/www.facebook.com\/mivootgt\",\"https:\/\/instagram.com\/mivoot\"]}]}<\/script>\n<!-- \/ Yoast SEO Premium plugin. -->","yoast_head_json":{"title":"Auriculares de Intercomunicaci\u00f3n Solidcom SE 4pack Hollyland - Mivoot","robots":{"index":"index","follow":"follow","max-snippet":"max-snippet:-1","max-image-preview":"max-image-preview:large","max-video-preview":"max-video-preview:-1"},"canonical":"https:\/\/mivoot.com\/gt\/producto\/auriculares-de-intercomunicacion-solidcom-se-4pack-hollyland\/","og_locale":"es_ES","og_type":"article","og_title":"Auriculares de Intercomunicaci\u00f3n Solidcom SE 4pack Hollyland","og_description":"- Intercomunicadores Solidcom SE 4S (4pack) - Rango de cobertura de 350 metros Lineales en vista con master - Cancelaci\u00f3n de ruido ambiental (ENC) - Full duplex - Frecuencia de funcionamiento: 2,4GHz - Modulaci\u00f3n: GFSK - Relaci\u00f3n se\u00f1al\/ruido: 71 \u00b1 2 dB a 94 dB de presi\u00f3n sonora, 1 kHz - Capacidad de la bater\u00eda: 770mAh (2.926Wh) - Autonom\u00eda: 10 horas - Tiempo de carga: 3 horas - Respuesta de frecuencia: 150Hz - 7KHz - Peso: 185,2g (bater\u00eda incluida) - Uso en espacios abiertos no atraviesa paredes","og_url":"https:\/\/mivoot.com\/gt\/producto\/auriculares-de-intercomunicacion-solidcom-se-4pack-hollyland\/","og_site_name":"Mivoot","article_publisher":"https:\/\/www.facebook.com\/mivootgt","article_modified_time":"2025-09-12T23:15:30+00:00","og_image":[{"width":1000,"height":1000,"url":"https:\/\/mivoot.com\/gt\/wp-content\/uploads\/2025\/07\/Solidcom-SE-4S-0.png","type":"image\/png"}],"twitter_card":"summary_large_image","twitter_misc":{"Est. reading time":"5 minutos"},"schema":{"@context":"https:\/\/schema.org","@graph":[{"@type":"WebPage","@id":"https:\/\/mivoot.com\/gt\/producto\/auriculares-de-intercomunicacion-solidcom-se-4pack-hollyland\/","url":"https:\/\/mivoot.com\/gt\/producto\/auriculares-de-intercomunicacion-solidcom-se-4pack-hollyland\/","name":"Auriculares de Intercomunicaci\u00f3n Solidcom SE 4pack Hollyland - Mivoot","isPartOf":{"@id":"https:\/\/mivoot.com\/gt\/#website"},"primaryImageOfPage":{"@id":"https:\/\/mivoot.com\/gt\/producto\/auriculares-de-intercomunicacion-solidcom-se-4pack-hollyland\/#primaryimage"},"image":{"@id":"https:\/\/mivoot.com\/gt\/producto\/auriculares-de-intercomunicacion-solidcom-se-4pack-hollyland\/#primaryimage"},"thumbnailUrl":"https:\/\/mivoot.com\/gt\/wp-content\/uploads\/2025\/07\/Solidcom-SE-4S-0.png","datePublished":"2025-07-08T00:18:11+00:00","dateModified":"2025-09-12T23:15:30+00:00","breadcrumb":{"@id":"https:\/\/mivoot.com\/gt\/producto\/auriculares-de-intercomunicacion-solidcom-se-4pack-hollyland\/#breadcrumb"},"inLanguage":"es","potentialAction":[{"@type":"ReadAction","target":["https:\/\/mivoot.com\/gt\/producto\/auriculares-de-intercomunicacion-solidcom-se-4pack-hollyland\/"]}]},{"@type":"ImageObject","inLanguage":"es","@id":"https:\/\/mivoot.com\/gt\/producto\/auriculares-de-intercomunicacion-solidcom-se-4pack-hollyland\/#primaryimage","url":"https:\/\/mivoot.com\/gt\/wp-content\/uploads\/2025\/07\/Solidcom-SE-4S-0.png","contentUrl":"https:\/\/mivoot.com\/gt\/wp-content\/uploads\/2025\/07\/Solidcom-SE-4S-0.png","width":1000,"height":1000},{"@type":"BreadcrumbList","@id":"https:\/\/mivoot.com\/gt\/producto\/auriculares-de-intercomunicacion-solidcom-se-4pack-hollyland\/#breadcrumb","itemListElement":[{"@type":"ListItem","position":1,"name":"Inicio","item":"https:\/\/mivoot.com\/gt\/"},{"@type":"ListItem","position":2,"name":"Productos","item":"https:\/\/mivoot.com\/gt\/producto\/"},{"@type":"ListItem","position":3,"name":"Hollyland","item":"https:\/\/mivoot.com\/gt\/marca\/hollyland\/"},{"@type":"ListItem","position":4,"name":"Auriculares de Intercomunicaci\u00f3n Solidcom SE 4pack Hollyland"}]},{"@type":"WebSite","@id":"https:\/\/mivoot.com\/gt\/#website","url":"https:\/\/mivoot.com\/gt\/","name":"Mivoot","description":"Mivoot Guatemala | Tienda Online","publisher":{"@id":"https:\/\/mivoot.com\/gt\/#organization"},"alternateName":"mivoot","potentialAction":[{"@type":"SearchAction","target":{"@type":"EntryPoint","urlTemplate":"https:\/\/mivoot.com\/gt\/?s={search_term_string}"},"query-input":{"@type":"PropertyValueSpecification","valueRequired":true,"valueName":"search_term_string"}}],"inLanguage":"es"},{"@type":"Organization","@id":"https:\/\/mivoot.com\/gt\/#organization","name":"Mivoot Guatemala","alternateName":"mivoot.com","url":"https:\/\/mivoot.com\/gt\/","logo":{"@type":"ImageObject","inLanguage":"es","@id":"https:\/\/mivoot.com\/gt\/#\/schema\/logo\/image\/","url":"https:\/\/mivoot.com\/gt\/wp-content\/uploads\/2023\/03\/cropped-icon.png","contentUrl":"https:\/\/mivoot.com\/gt\/wp-content\/uploads\/2023\/03\/cropped-icon.png","width":512,"height":512,"caption":"Mivoot Guatemala"},"image":{"@id":"https:\/\/mivoot.com\/gt\/#\/schema\/logo\/image\/"},"sameAs":["https:\/\/www.facebook.com\/mivootgt","https:\/\/instagram.com\/mivoot"]}]}},"jetpack_publicize_connections":[],"jetpack_sharing_enabled":true,"brands":[{"id":540,"name":"Hollyland","slug":"hollyland"}],"_links":{"self":[{"href":"https:\/\/mivoot.com\/gt\/wp-json\/wp\/v2\/product\/29118","targetHints":{"allow":["GET"]}}],"collection":[{"href":"https:\/\/mivoot.com\/gt\/wp-json\/wp\/v2\/product"}],"about":[{"href":"https:\/\/mivoot.com\/gt\/wp-json\/wp\/v2\/types\/product"}],"replies":[{"embeddable":true,"href":"https:\/\/mivoot.com\/gt\/wp-json\/wp\/v2\/comments?post=29118"}],"version-history":[{"count":3,"href":"https:\/\/mivoot.com\/gt\/wp-json\/wp\/v2\/product\/29118\/revisions"}],"predecessor-version":[{"id":29642,"href":"https:\/\/mivoot.com\/gt\/wp-json\/wp\/v2\/product\/29118\/revisions\/29642"}],"wp:featuredmedia":[{"embeddable":true,"href":"https:\/\/mivoot.com\/gt\/wp-json\/wp\/v2\/media\/29119"}],"wp:attachment":[{"href":"https:\/\/mivoot.com\/gt\/wp-json\/wp\/v2\/media?parent=29118"}],"wp:term":[{"taxonomy":"pwb-brand","embeddable":true,"href":"https:\/\/mivoot.com\/gt\/wp-json\/wp\/v2\/pwb-brand?post=29118"},{"taxonomy":"product_brand","embeddable":true,"href":"https:\/\/mivoot.com\/gt\/wp-json\/wp\/v2\/product_brand?post=29118"},{"taxonomy":"product_cat","embeddable":true,"href":"https:\/\/mivoot.com\/gt\/wp-json\/wp\/v2\/product_cat?post=29118"},{"taxonomy":"product_tag","embeddable":true,"href":"https:\/\/mivoot.com\/gt\/wp-json\/wp\/v2\/product_tag?post=29118"}],"curies":[{"name":"wp","href":"https:\/\/api.w.org\/{rel}","templated":true}]}}