{"id":29558,"date":"2025-08-25T21:58:05","date_gmt":"2025-08-26T03:58:05","guid":{"rendered":"https:\/\/mivoot.com\/gt\/?post_type=product&#038;p=29558"},"modified":"2025-09-12T17:14:21","modified_gmt":"2025-09-12T23:14:21","slug":"monitor-all-in-one-15-touch-celeron-j6412-8gb-ram-128gb-ssd-linux-aio-allmax-400l-aon","status":"publish","type":"product","link":"https:\/\/mivoot.com\/gt\/producto\/monitor-all-in-one-15-touch-celeron-j6412-8gb-ram-128gb-ssd-linux-aio-allmax-400l-aon\/","title":{"rendered":"Monitor All In One 15&#8243; Touch Celeron J6412 8GB RAM 128GB SSD Linux AIO ALLMAX-400L AON"},"content":{"rendered":"<h1 class=\"h2\" style=\"text-align: center;\">Computadora AIO AON ALLMAX-400L 15&#8243; Touch Celeron J6412 8GB RAM\u00a0128GB\u00a0SSD\u00a0Linux<\/h1>\n<div class=\"o_website_rating_static\">\n<h4><span dir=\"auto\">Caracter\u00edsticas<\/span><\/h4>\n<ul>\n<li><span dir=\"auto\">PANTALLA T\u00c1CTIL DE 15\u201d<\/span><\/li>\n<li><span dir=\"auto\">PANTALLA AUXILIAR DE 9,7\u2033<\/span><\/li>\n<li><span dir=\"auto\">DISE\u00d1O MODERNO Y ELEGANTE<\/span><\/li>\n<li><span dir=\"auto\">INSTALACI\u00d3N R\u00c1PIDA Y F\u00c1CIL<\/span><\/li>\n<li><span dir=\"auto\">SOPORTE DE ALUMINIO ALLY<\/span><\/li>\n<li><span dir=\"auto\">CUBIERTA DE CABLE PARA E\/S<\/span><\/li>\n<li><span dir=\"auto\">E\/S M\u00daLTIPLES<\/span><\/li>\n<\/ul>\n<ul>\n<li><span dir=\"auto\">AllMax-400L, AIO de 15\u2033, Celeron J6412, (Linux), 8 GB de RAM y 128 GB de SSD<\/span><\/li>\n<li><strong><span dir=\"auto\">Procesador:<\/span><\/strong><span dir=\"auto\">\u00a0\u00a0Intel\u00ae Celeron\u00ae J6412, cuatro n\u00facleos, velocidad de reloj 2,00 GHz, hasta 2,60 GHz, TDP 10 W<\/span><\/li>\n<li><strong><span dir=\"auto\">Memoria:<\/span><\/strong><span dir=\"auto\">\u00a08 GB, DDR3<\/span><\/li>\n<li><strong><span dir=\"auto\">Almacenamiento:<\/span><\/strong><span dir=\"auto\">\u00a0128 SSD<\/span><\/li>\n<li><strong><span dir=\"auto\">Sistema operativo:<\/span><\/strong><span dir=\"auto\">\u00a0\u00a0Linux preinstalado, compatible con: Windows 7, Windows 8.1, Windows 10, POS Ready7<\/span><\/li>\n<li><strong><span dir=\"auto\">Tipo de pantalla:<\/span><\/strong><span dir=\"auto\">\u00a0\u00a0TFT de 15\u2033 con retroiluminaci\u00f3n LED<\/span><\/li>\n<li><strong><span dir=\"auto\">Resoluci\u00f3n:<\/span><\/strong><span dir=\"auto\">\u00a01024*768<\/span><\/li>\n<li><strong><span dir=\"auto\">Pantalla t\u00e1ctil<\/span><\/strong><span dir=\"auto\">\u00a0\u2013 Pantalla t\u00e1ctil capacitiva proyectiva<\/span><\/li>\n<li><strong><span dir=\"auto\">Pantalla:<\/span><\/strong><span dir=\"auto\">\u00a01*VGA (J6412), 1*HDMI (i3 e i5) y 1*VGA (J1900, i3, i5)<\/span><\/li>\n<li><strong><span dir=\"auto\">USB:<\/span><\/strong><span dir=\"auto\">\u00a06*USB (J6412), 4*USB (i3, i5)<\/span><\/li>\n<li><strong><span dir=\"auto\">Serie:<\/span><\/strong><span dir=\"auto\">\u00a02*COM<\/span><\/li>\n<li><strong><span dir=\"auto\">LAN:<\/span><\/strong><span dir=\"auto\">\u00a01*Gigabit Ethernet, RJ45<\/span><\/li>\n<li><strong><span dir=\"auto\">Audio:<\/span><\/strong><span dir=\"auto\">\u00a01*salida de l\u00ednea, 1*entrada de micr\u00f3fono<\/span><\/li>\n<li><strong><span dir=\"auto\">Alimentaci\u00f3n DC-IN:<\/span><\/strong><span dir=\"auto\">\u00a0Entrada CA 100~240 V\/50~60 Hz, Salida CC 12 V\/5 A<\/span><\/li>\n<li><strong><span dir=\"auto\">Fuente de alimentaci\u00f3n:<\/span><\/strong><span dir=\"auto\">\u00a0adaptador de 12 V, 5 A<\/span><\/li>\n<li><strong><span dir=\"auto\">Pantalla del cliente<\/span><\/strong><span dir=\"auto\">\u00a0\u2013 Opcional<\/span><\/li>\n<li><strong><span dir=\"auto\">Kit de montaje en pared:<\/span><\/strong><span dir=\"auto\">\u00a0\u00a0compatible con VESA, 75 \u00d7 75 (mm)<\/span><\/li>\n<\/ul>\n<\/div>\n","protected":false},"excerpt":{"rendered":"<p>&#8211; Monitor 15&#8243; TFT LED (1024&#215;768) con T\u00e1ctil Opcional<br \/>\n&#8211; Procesador Intel Celeron J6412 Quad Core @ 2.60 GHz<br \/>\n&#8211; 8GB RAM DDR4<br \/>\n&#8211; 128GB SSD<br \/>\n&#8211; Sistema Operativo Linux (Preinstalado)<br \/>\n&#8211; Compatible con Windows<br \/>\n&#8211; 1 x Puerto HDMI<br \/>\n&#8211; 6 x Puertos USB<br \/>\n&#8211; 2 x Puertos COM<br \/>\n&#8211; 1 x Puerto Gigabit Ethernet (RJ45)<br \/>\n&#8211; 1 x Salida de audio (l\u00ednea)<br \/>\n&#8211; 1 x Entrada de micr\u00f3fono<br \/>\n&#8211; Montaje VESA compatible (75 x 75 mm)<\/p>\n","protected":false},"featured_media":29559,"comment_status":"open","ping_status":"closed","template":"","meta":{"jetpack_publicize_message":"","jetpack_publicize_feature_enabled":true,"jetpack_social_post_already_shared":true,"jetpack_social_options":{"image_generator_settings":{"template":"highway","default_image_id":0,"font":"","enabled":false},"version":2}},"pwb-brand":[555],"product_brand":[],"product_cat":[309],"product_tag":[],"class_list":{"0":"post-29558","1":"product","2":"type-product","3":"status-publish","4":"has-post-thumbnail","6":"pwb-brand-aon","7":"product_cat-monitoresallinone","9":"first","10":"instock","11":"taxable","12":"shipping-taxable","13":"purchasable","14":"product-type-simple"},"yoast_head":"<!-- This site is optimized with the Yoast SEO Premium plugin v25.7.1 (Yoast SEO v26.8) - https:\/\/yoast.com\/product\/yoast-seo-premium-wordpress\/ -->\n<title>Monitor All In One 15&quot; Touch Celeron J6412 8GB RAM 128GB SSD Linux AIO ALLMAX-400L AON - Mivoot<\/title>\n<meta name=\"robots\" content=\"index, follow, max-snippet:-1, max-image-preview:large, max-video-preview:-1\" \/>\n<link rel=\"canonical\" href=\"https:\/\/mivoot.com\/gt\/producto\/monitor-all-in-one-15-touch-celeron-j6412-8gb-ram-128gb-ssd-linux-aio-allmax-400l-aon\/\" \/>\n<meta property=\"og:locale\" content=\"es_ES\" \/>\n<meta property=\"og:type\" content=\"article\" \/>\n<meta property=\"og:title\" content=\"Monitor All In One 15&quot; Touch Celeron J6412 8GB RAM 128GB SSD Linux AIO ALLMAX-400L AON\" \/>\n<meta property=\"og:description\" content=\"- Monitor 15&quot; TFT LED (1024x768) con T\u00e1ctil Opcional - Procesador Intel Celeron J6412 Quad Core @ 2.60 GHz - 8GB RAM DDR4 - 128GB SSD - Sistema Operativo Linux (Preinstalado) - Compatible con Windows - 1 x Puerto HDMI - 6 x Puertos USB - 2 x Puertos COM - 1 x Puerto Gigabit Ethernet (RJ45) - 1 x Salida de audio (l\u00ednea) - 1 x Entrada de micr\u00f3fono - Montaje VESA compatible (75 x 75 mm)\" \/>\n<meta property=\"og:url\" content=\"https:\/\/mivoot.com\/gt\/producto\/monitor-all-in-one-15-touch-celeron-j6412-8gb-ram-128gb-ssd-linux-aio-allmax-400l-aon\/\" \/>\n<meta property=\"og:site_name\" content=\"Mivoot\" \/>\n<meta property=\"article:publisher\" content=\"https:\/\/www.facebook.com\/mivootgt\" \/>\n<meta property=\"article:modified_time\" content=\"2025-09-12T23:14:21+00:00\" \/>\n<meta property=\"og:image\" content=\"https:\/\/mivoot.com\/gt\/wp-content\/uploads\/2025\/08\/AO-1009-04-1.png\" \/>\n\t<meta property=\"og:image:width\" content=\"1280\" \/>\n\t<meta property=\"og:image:height\" content=\"1280\" \/>\n\t<meta property=\"og:image:type\" content=\"image\/png\" \/>\n<meta name=\"twitter:card\" content=\"summary_large_image\" \/>\n<meta name=\"twitter:label1\" content=\"Est. reading time\" \/>\n\t<meta name=\"twitter:data1\" content=\"2 minutos\" \/>\n<script type=\"application\/ld+json\" class=\"yoast-schema-graph\">{\"@context\":\"https:\/\/schema.org\",\"@graph\":[{\"@type\":\"WebPage\",\"@id\":\"https:\/\/mivoot.com\/gt\/producto\/monitor-all-in-one-15-touch-celeron-j6412-8gb-ram-128gb-ssd-linux-aio-allmax-400l-aon\/\",\"url\":\"https:\/\/mivoot.com\/gt\/producto\/monitor-all-in-one-15-touch-celeron-j6412-8gb-ram-128gb-ssd-linux-aio-allmax-400l-aon\/\",\"name\":\"Monitor All In One 15\\\" Touch Celeron J6412 8GB RAM 128GB SSD Linux AIO ALLMAX-400L AON - Mivoot\",\"isPartOf\":{\"@id\":\"https:\/\/mivoot.com\/gt\/#website\"},\"primaryImageOfPage\":{\"@id\":\"https:\/\/mivoot.com\/gt\/producto\/monitor-all-in-one-15-touch-celeron-j6412-8gb-ram-128gb-ssd-linux-aio-allmax-400l-aon\/#primaryimage\"},\"image\":{\"@id\":\"https:\/\/mivoot.com\/gt\/producto\/monitor-all-in-one-15-touch-celeron-j6412-8gb-ram-128gb-ssd-linux-aio-allmax-400l-aon\/#primaryimage\"},\"thumbnailUrl\":\"https:\/\/mivoot.com\/gt\/wp-content\/uploads\/2025\/08\/AO-1009-04-1.png\",\"datePublished\":\"2025-08-26T03:58:05+00:00\",\"dateModified\":\"2025-09-12T23:14:21+00:00\",\"breadcrumb\":{\"@id\":\"https:\/\/mivoot.com\/gt\/producto\/monitor-all-in-one-15-touch-celeron-j6412-8gb-ram-128gb-ssd-linux-aio-allmax-400l-aon\/#breadcrumb\"},\"inLanguage\":\"es\",\"potentialAction\":[{\"@type\":\"ReadAction\",\"target\":[\"https:\/\/mivoot.com\/gt\/producto\/monitor-all-in-one-15-touch-celeron-j6412-8gb-ram-128gb-ssd-linux-aio-allmax-400l-aon\/\"]}]},{\"@type\":\"ImageObject\",\"inLanguage\":\"es\",\"@id\":\"https:\/\/mivoot.com\/gt\/producto\/monitor-all-in-one-15-touch-celeron-j6412-8gb-ram-128gb-ssd-linux-aio-allmax-400l-aon\/#primaryimage\",\"url\":\"https:\/\/mivoot.com\/gt\/wp-content\/uploads\/2025\/08\/AO-1009-04-1.png\",\"contentUrl\":\"https:\/\/mivoot.com\/gt\/wp-content\/uploads\/2025\/08\/AO-1009-04-1.png\",\"width\":1280,\"height\":1280},{\"@type\":\"BreadcrumbList\",\"@id\":\"https:\/\/mivoot.com\/gt\/producto\/monitor-all-in-one-15-touch-celeron-j6412-8gb-ram-128gb-ssd-linux-aio-allmax-400l-aon\/#breadcrumb\",\"itemListElement\":[{\"@type\":\"ListItem\",\"position\":1,\"name\":\"Inicio\",\"item\":\"https:\/\/mivoot.com\/gt\/\"},{\"@type\":\"ListItem\",\"position\":2,\"name\":\"Productos\",\"item\":\"https:\/\/mivoot.com\/gt\/producto\/\"},{\"@type\":\"ListItem\",\"position\":3,\"name\":\"AON\",\"item\":\"https:\/\/mivoot.com\/gt\/marca\/aon\/\"},{\"@type\":\"ListItem\",\"position\":4,\"name\":\"Monitor All In One 15&#8243; Touch Celeron J6412 8GB RAM 128GB SSD Linux AIO ALLMAX-400L AON\"}]},{\"@type\":\"WebSite\",\"@id\":\"https:\/\/mivoot.com\/gt\/#website\",\"url\":\"https:\/\/mivoot.com\/gt\/\",\"name\":\"Mivoot\",\"description\":\"Mivoot Guatemala | Tienda Online\",\"publisher\":{\"@id\":\"https:\/\/mivoot.com\/gt\/#organization\"},\"alternateName\":\"mivoot\",\"potentialAction\":[{\"@type\":\"SearchAction\",\"target\":{\"@type\":\"EntryPoint\",\"urlTemplate\":\"https:\/\/mivoot.com\/gt\/?s={search_term_string}\"},\"query-input\":{\"@type\":\"PropertyValueSpecification\",\"valueRequired\":true,\"valueName\":\"search_term_string\"}}],\"inLanguage\":\"es\"},{\"@type\":\"Organization\",\"@id\":\"https:\/\/mivoot.com\/gt\/#organization\",\"name\":\"Mivoot Guatemala\",\"alternateName\":\"mivoot.com\",\"url\":\"https:\/\/mivoot.com\/gt\/\",\"logo\":{\"@type\":\"ImageObject\",\"inLanguage\":\"es\",\"@id\":\"https:\/\/mivoot.com\/gt\/#\/schema\/logo\/image\/\",\"url\":\"https:\/\/mivoot.com\/gt\/wp-content\/uploads\/2023\/03\/cropped-icon.png\",\"contentUrl\":\"https:\/\/mivoot.com\/gt\/wp-content\/uploads\/2023\/03\/cropped-icon.png\",\"width\":512,\"height\":512,\"caption\":\"Mivoot Guatemala\"},\"image\":{\"@id\":\"https:\/\/mivoot.com\/gt\/#\/schema\/logo\/image\/\"},\"sameAs\":[\"https:\/\/www.facebook.com\/mivootgt\",\"https:\/\/instagram.com\/mivoot\"]}]}<\/script>\n<!-- \/ Yoast SEO Premium plugin. -->","yoast_head_json":{"title":"Monitor All In One 15\" Touch Celeron J6412 8GB RAM 128GB SSD Linux AIO ALLMAX-400L AON - Mivoot","robots":{"index":"index","follow":"follow","max-snippet":"max-snippet:-1","max-image-preview":"max-image-preview:large","max-video-preview":"max-video-preview:-1"},"canonical":"https:\/\/mivoot.com\/gt\/producto\/monitor-all-in-one-15-touch-celeron-j6412-8gb-ram-128gb-ssd-linux-aio-allmax-400l-aon\/","og_locale":"es_ES","og_type":"article","og_title":"Monitor All In One 15\" Touch Celeron J6412 8GB RAM 128GB SSD Linux AIO ALLMAX-400L AON","og_description":"- Monitor 15\" TFT LED (1024x768) con T\u00e1ctil Opcional - Procesador Intel Celeron J6412 Quad Core @ 2.60 GHz - 8GB RAM DDR4 - 128GB SSD - Sistema Operativo Linux (Preinstalado) - Compatible con Windows - 1 x Puerto HDMI - 6 x Puertos USB - 2 x Puertos COM - 1 x Puerto Gigabit Ethernet (RJ45) - 1 x Salida de audio (l\u00ednea) - 1 x Entrada de micr\u00f3fono - Montaje VESA compatible (75 x 75 mm)","og_url":"https:\/\/mivoot.com\/gt\/producto\/monitor-all-in-one-15-touch-celeron-j6412-8gb-ram-128gb-ssd-linux-aio-allmax-400l-aon\/","og_site_name":"Mivoot","article_publisher":"https:\/\/www.facebook.com\/mivootgt","article_modified_time":"2025-09-12T23:14:21+00:00","og_image":[{"width":1280,"height":1280,"url":"https:\/\/mivoot.com\/gt\/wp-content\/uploads\/2025\/08\/AO-1009-04-1.png","type":"image\/png"}],"twitter_card":"summary_large_image","twitter_misc":{"Est. reading time":"2 minutos"},"schema":{"@context":"https:\/\/schema.org","@graph":[{"@type":"WebPage","@id":"https:\/\/mivoot.com\/gt\/producto\/monitor-all-in-one-15-touch-celeron-j6412-8gb-ram-128gb-ssd-linux-aio-allmax-400l-aon\/","url":"https:\/\/mivoot.com\/gt\/producto\/monitor-all-in-one-15-touch-celeron-j6412-8gb-ram-128gb-ssd-linux-aio-allmax-400l-aon\/","name":"Monitor All In One 15\" Touch Celeron J6412 8GB RAM 128GB SSD Linux AIO ALLMAX-400L AON - Mivoot","isPartOf":{"@id":"https:\/\/mivoot.com\/gt\/#website"},"primaryImageOfPage":{"@id":"https:\/\/mivoot.com\/gt\/producto\/monitor-all-in-one-15-touch-celeron-j6412-8gb-ram-128gb-ssd-linux-aio-allmax-400l-aon\/#primaryimage"},"image":{"@id":"https:\/\/mivoot.com\/gt\/producto\/monitor-all-in-one-15-touch-celeron-j6412-8gb-ram-128gb-ssd-linux-aio-allmax-400l-aon\/#primaryimage"},"thumbnailUrl":"https:\/\/mivoot.com\/gt\/wp-content\/uploads\/2025\/08\/AO-1009-04-1.png","datePublished":"2025-08-26T03:58:05+00:00","dateModified":"2025-09-12T23:14:21+00:00","breadcrumb":{"@id":"https:\/\/mivoot.com\/gt\/producto\/monitor-all-in-one-15-touch-celeron-j6412-8gb-ram-128gb-ssd-linux-aio-allmax-400l-aon\/#breadcrumb"},"inLanguage":"es","potentialAction":[{"@type":"ReadAction","target":["https:\/\/mivoot.com\/gt\/producto\/monitor-all-in-one-15-touch-celeron-j6412-8gb-ram-128gb-ssd-linux-aio-allmax-400l-aon\/"]}]},{"@type":"ImageObject","inLanguage":"es","@id":"https:\/\/mivoot.com\/gt\/producto\/monitor-all-in-one-15-touch-celeron-j6412-8gb-ram-128gb-ssd-linux-aio-allmax-400l-aon\/#primaryimage","url":"https:\/\/mivoot.com\/gt\/wp-content\/uploads\/2025\/08\/AO-1009-04-1.png","contentUrl":"https:\/\/mivoot.com\/gt\/wp-content\/uploads\/2025\/08\/AO-1009-04-1.png","width":1280,"height":1280},{"@type":"BreadcrumbList","@id":"https:\/\/mivoot.com\/gt\/producto\/monitor-all-in-one-15-touch-celeron-j6412-8gb-ram-128gb-ssd-linux-aio-allmax-400l-aon\/#breadcrumb","itemListElement":[{"@type":"ListItem","position":1,"name":"Inicio","item":"https:\/\/mivoot.com\/gt\/"},{"@type":"ListItem","position":2,"name":"Productos","item":"https:\/\/mivoot.com\/gt\/producto\/"},{"@type":"ListItem","position":3,"name":"AON","item":"https:\/\/mivoot.com\/gt\/marca\/aon\/"},{"@type":"ListItem","position":4,"name":"Monitor All In One 15&#8243; Touch Celeron J6412 8GB RAM 128GB SSD Linux AIO ALLMAX-400L AON"}]},{"@type":"WebSite","@id":"https:\/\/mivoot.com\/gt\/#website","url":"https:\/\/mivoot.com\/gt\/","name":"Mivoot","description":"Mivoot Guatemala | Tienda Online","publisher":{"@id":"https:\/\/mivoot.com\/gt\/#organization"},"alternateName":"mivoot","potentialAction":[{"@type":"SearchAction","target":{"@type":"EntryPoint","urlTemplate":"https:\/\/mivoot.com\/gt\/?s={search_term_string}"},"query-input":{"@type":"PropertyValueSpecification","valueRequired":true,"valueName":"search_term_string"}}],"inLanguage":"es"},{"@type":"Organization","@id":"https:\/\/mivoot.com\/gt\/#organization","name":"Mivoot Guatemala","alternateName":"mivoot.com","url":"https:\/\/mivoot.com\/gt\/","logo":{"@type":"ImageObject","inLanguage":"es","@id":"https:\/\/mivoot.com\/gt\/#\/schema\/logo\/image\/","url":"https:\/\/mivoot.com\/gt\/wp-content\/uploads\/2023\/03\/cropped-icon.png","contentUrl":"https:\/\/mivoot.com\/gt\/wp-content\/uploads\/2023\/03\/cropped-icon.png","width":512,"height":512,"caption":"Mivoot Guatemala"},"image":{"@id":"https:\/\/mivoot.com\/gt\/#\/schema\/logo\/image\/"},"sameAs":["https:\/\/www.facebook.com\/mivootgt","https:\/\/instagram.com\/mivoot"]}]}},"jetpack_publicize_connections":[],"jetpack_sharing_enabled":true,"brands":[{"id":555,"name":"AON","slug":"aon"}],"_links":{"self":[{"href":"https:\/\/mivoot.com\/gt\/wp-json\/wp\/v2\/product\/29558","targetHints":{"allow":["GET"]}}],"collection":[{"href":"https:\/\/mivoot.com\/gt\/wp-json\/wp\/v2\/product"}],"about":[{"href":"https:\/\/mivoot.com\/gt\/wp-json\/wp\/v2\/types\/product"}],"replies":[{"embeddable":true,"href":"https:\/\/mivoot.com\/gt\/wp-json\/wp\/v2\/comments?post=29558"}],"version-history":[{"count":1,"href":"https:\/\/mivoot.com\/gt\/wp-json\/wp\/v2\/product\/29558\/revisions"}],"predecessor-version":[{"id":29565,"href":"https:\/\/mivoot.com\/gt\/wp-json\/wp\/v2\/product\/29558\/revisions\/29565"}],"wp:featuredmedia":[{"embeddable":true,"href":"https:\/\/mivoot.com\/gt\/wp-json\/wp\/v2\/media\/29559"}],"wp:attachment":[{"href":"https:\/\/mivoot.com\/gt\/wp-json\/wp\/v2\/media?parent=29558"}],"wp:term":[{"taxonomy":"pwb-brand","embeddable":true,"href":"https:\/\/mivoot.com\/gt\/wp-json\/wp\/v2\/pwb-brand?post=29558"},{"taxonomy":"product_brand","embeddable":true,"href":"https:\/\/mivoot.com\/gt\/wp-json\/wp\/v2\/product_brand?post=29558"},{"taxonomy":"product_cat","embeddable":true,"href":"https:\/\/mivoot.com\/gt\/wp-json\/wp\/v2\/product_cat?post=29558"},{"taxonomy":"product_tag","embeddable":true,"href":"https:\/\/mivoot.com\/gt\/wp-json\/wp\/v2\/product_tag?post=29558"}],"curies":[{"name":"wp","href":"https:\/\/api.w.org\/{rel}","templated":true}]}}