{"id":29566,"date":"2025-08-25T22:17:41","date_gmt":"2025-08-26T04:17:41","guid":{"rendered":"https:\/\/mivoot.com\/gt\/?post_type=product&#038;p=29566"},"modified":"2026-01-29T09:18:22","modified_gmt":"2026-01-29T15:18:22","slug":"terminal-pos-portatil-android-aon","status":"publish","type":"product","link":"https:\/\/mivoot.com\/gt\/producto\/terminal-pos-portatil-android-aon\/","title":{"rendered":"Terminal POS Port\u00e1til Android AON"},"content":{"rendered":"<h3><strong>Caracter\u00edsticas principales:<\/strong><\/h3>\n<ul>\n<li>\u2705\u00a0<strong>Sistema operativo Android:<\/strong>\u00a0Interfaz f\u00e1cil de usar con aplicaciones POS compatibles.<\/li>\n<li>\u2705\u00a0<strong>Impresora t\u00e9rmica integrada:<\/strong>\u00a0Emisi\u00f3n r\u00e1pida de recibos sin necesidad de tinta.<\/li>\n<li>\u2705\u00a0<strong>Conectividad vers\u00e1til:<\/strong>\u00a0Wi-Fi, Bluetooth y 4G para una operaci\u00f3n flexible.<\/li>\n<li>\u2705\u00a0<strong>Pantalla t\u00e1ctil:<\/strong>\u00a0Interacci\u00f3n fluida y navegaci\u00f3n intuitiva.<\/li>\n<li>\u2705\u00a0<strong>Bater\u00eda de larga duraci\u00f3n:<\/strong>\u00a0Ideal para uso prolongado sin interrupciones.<\/li>\n<li>\ud83d\uded2\u00a0<strong>Optimiza tu negocio con el POS AON port\u00e1til Android con impresora integrada y lleva la eficiencia de ventas al siguiente nivel.<\/strong><\/li>\n<\/ul>\n<h6><\/h6>\n<h6 class=\"wp-block-heading\"><span dir=\"auto\">Par\u00e1metros de rendimiento<\/span><\/h6>\n<ul class=\"wp-block-list\">\n<li><strong><span dir=\"auto\">Sistema operativo:<\/span><\/strong><span dir=\"auto\">\u00a0Android 14 GMS Certificado<\/span><\/li>\n<li><strong><span dir=\"auto\">Modelo de CPU:<\/span><\/strong><span dir=\"auto\">\u00a0Procesador MTK Octa-Core<\/span><\/li>\n<li><strong><span dir=\"auto\">Rango de reloj de la CPU:<\/span><\/strong><span dir=\"auto\">\u00a02,0 GHZ<\/span><\/li>\n<li><strong><span dir=\"auto\">RAM:<\/span><\/strong><span dir=\"auto\">\u00a03 GB<\/span><\/li>\n<li><strong><span dir=\"auto\">Flash:<\/span><\/strong><span dir=\"auto\">\u00a032 GB<\/span><\/li>\n<li><strong><span dir=\"auto\">Pantalla LCD:<\/span><\/strong><span dir=\"auto\">\u00a0Pantalla completa de alta definici\u00f3n de 5,5 pulgadas<\/span><\/li>\n<li><strong><span dir=\"auto\">Resoluci\u00f3n de pantalla:<\/span><\/strong><span dir=\"auto\">\u00a0720*1440<\/span><\/li>\n<li><strong><span dir=\"auto\">Retroiluminaci\u00f3n:<\/span><\/strong><span dir=\"auto\">\u00a0LED<\/span><\/li>\n<li><strong><span dir=\"auto\">Pantalla t\u00e1ctil:<\/span><\/strong><span dir=\"auto\">\u00a0t\u00e1ctil capacitiva de cinco puntos<\/span><\/li>\n<li><strong><span dir=\"auto\">Bandas de la tarjeta SIM:<\/span><\/strong><span dir=\"auto\">\u00a04G: FDD-LTE, TD-LTE | 3G: WCDMA | 2G: GSM, GPRS | Punto de acceso | Bluetooth<\/span><\/li>\n<li><strong><span dir=\"auto\">Llamada de voz:<\/span><\/strong><span dir=\"auto\">\u00a0Soporte<\/span><\/li>\n<li><strong><span dir=\"auto\">Datos:<\/span><\/strong><span dir=\"auto\">\u00a0Soporte<\/span><\/li>\n<li><strong><span dir=\"auto\">SMS y MMS:<\/span><\/strong><span dir=\"auto\">\u00a0Soporte<\/span><\/li>\n<li><strong><span dir=\"auto\">M\u00f3dulo WIFI:<\/span><\/strong><span dir=\"auto\">\u00a0802.11a\/b\/g\/n, 2.4G+5G<\/span><\/li>\n<li><strong><span dir=\"auto\">Bluetooth:<\/span><\/strong><span dir=\"auto\">\u00a0compatible con BLE5.0<\/span><\/li>\n<li><strong><span dir=\"auto\">GPS:<\/span><\/strong><span dir=\"auto\">\u00a0GPS\/AGPS, GLONASS, GALILEO, Antena interna<\/span><\/li>\n<li><strong><span dir=\"auto\">USB:<\/span><\/strong><span dir=\"auto\">\u00a0USB 2.0 (OTG)<\/span><\/li>\n<li><strong><span dir=\"auto\">C\u00e1mara trasera<\/span><\/strong><span dir=\"auto\">\u00a0: 5 megap\u00edxeles<\/span><\/li>\n<li><strong><span dir=\"auto\">Orador:<\/span><\/strong><span dir=\"auto\">\u00a0Apoyo<\/span><\/li>\n<li><strong><span dir=\"auto\">Micr\u00f3fono:<\/span><\/strong><span dir=\"auto\">\u00a0Soporte<\/span><\/li>\n<li><strong><span dir=\"auto\">Ranura para tarjeta:<\/span><\/strong><span dir=\"auto\">\u00a01*Nano SIM+1*PSAM+1*TF<\/span><\/li>\n<li><strong><span dir=\"auto\">Bot\u00f3n f\u00edsico:<\/span><\/strong><span dir=\"auto\">\u00a0Bot\u00f3n de encendido x1, Bot\u00f3n de esc\u00e1ner<\/span><\/li>\n<li><strong><span dir=\"auto\">Dimensiones:<\/span><\/strong><span dir=\"auto\">\u00a0219 mm x 80 mm x 17,9 mm<\/span><\/li>\n<li><strong><span dir=\"auto\">Peso:<\/span><\/strong><span dir=\"auto\">\u00a0380 g (una caja que incluye el producto pesa 600 g)<\/span><\/li>\n<li><strong><span dir=\"auto\">Bater\u00eda:<\/span><\/strong><span dir=\"auto\">\u00a0Bater\u00eda de litio extra\u00edble<\/span><\/li>\n<li><strong><span dir=\"auto\">Capacidad de la bater\u00eda:<\/span><\/strong><span dir=\"auto\">\u00a07,7 V 3000 mAh<\/span><\/li>\n<li><strong><span dir=\"auto\">Adaptador de corriente:<\/span><\/strong><span dir=\"auto\">\u00a05 V CC\/2 A<\/span><\/li>\n<li><strong><span dir=\"auto\">Lector NFC directo:<\/span><\/strong><span dir=\"auto\">\u00a0compatible con ISO\/IEC 14443 A y B, Mifare, Felica Card, compatible con el est\u00e1ndar EMV\/PBOC PAYPASS (opcional)<\/span><\/li>\n<li><strong><span dir=\"auto\">Impresora:<\/span><\/strong><span dir=\"auto\">\u00a0Ancho m\u00e1ximo del papel: 58 mm<\/span><\/li>\n<li><strong><span dir=\"auto\">Accesorios est\u00e1ndar:<\/span><\/strong><span dir=\"auto\">\u00a01 adaptador de corriente, 1 manual de usuario, 1 cable USB tipo C, 1 rollo de papel t\u00e9rmico de 58 mm<\/span><\/li>\n<li><strong><span dir=\"auto\">Accesorios opcionales:<\/span><\/strong><span dir=\"auto\">\u00a0Funda de silicona, Cintur\u00f3n de mano<\/span><\/li>\n<li><strong><span dir=\"auto\">Temperatura:<\/span><\/strong><span dir=\"auto\">\u00a0Temperatura de almacenamiento: -10 \u00b0C &#8211; 60 \u00b0C | Temperatura de trabajo: 0 \u00b0C &#8211; 50 \u00b0C<\/span><\/li>\n<\/ul>\n","protected":false},"excerpt":{"rendered":"<p>&#8211; Sistema operativo: Android 14 GMS Certificado<br \/>\n&#8211; CPU: Procesador MTK Octa-Core@2GHz<br \/>\n&#8211; RAM: 3 GB<br \/>\n&#8211; Almacenamiento interno: 32 GB<br \/>\n&#8211; Pantalla de alta definici\u00f3n tactil 720&#215;1440 de 5,5 pulgadas<br \/>\n&#8211; Ranura para tarjeta SIM<br \/>\n&#8211; WIFI: 802.11a\/b\/g\/n, 2.4G+5G<br \/>\n&#8211; Bluetooth 5.0<br \/>\n&#8211; GPS<br \/>\n&#8211; USB 2.0<br \/>\n&#8211; C\u00e1mara trasera 5 megap\u00edxeles<br \/>\n&#8211; Dimensiones: 219 mm x 80 mm x 17,9 mm<br \/>\n&#8211; Peso: 380g<br \/>\n&#8211; Bater\u00eda de litio extra\u00edble 7,7 V 3000 mAh<br \/>\n&#8211; Adaptador de corriente: 5 V CC\/2 A<br \/>\n&#8211; Lector NFC<br \/>\n&#8211; Impresora: Ancho m\u00e1ximo del papel: 58 mm<\/p>\n","protected":false},"featured_media":29567,"comment_status":"open","ping_status":"closed","template":"","meta":{"jetpack_publicize_message":"","jetpack_publicize_feature_enabled":true,"jetpack_social_post_already_shared":true,"jetpack_social_options":{"image_generator_settings":{"template":"highway","default_image_id":0,"font":"","enabled":false},"version":2}},"pwb-brand":[555],"product_brand":[],"product_cat":[306],"product_tag":[],"class_list":{"0":"post-29566","1":"product","2":"type-product","3":"status-publish","4":"has-post-thumbnail","6":"pwb-brand-aon","7":"product_cat-posmovil","9":"first","10":"instock","11":"taxable","12":"shipping-taxable","13":"purchasable","14":"product-type-simple"},"yoast_head":"<!-- This site is optimized with the Yoast SEO Premium plugin v25.7.1 (Yoast SEO v26.8) - https:\/\/yoast.com\/product\/yoast-seo-premium-wordpress\/ -->\n<title>Terminal POS Port\u00e1til Android AON - Mivoot<\/title>\n<meta name=\"robots\" content=\"index, follow, max-snippet:-1, max-image-preview:large, max-video-preview:-1\" \/>\n<link rel=\"canonical\" href=\"https:\/\/mivoot.com\/gt\/producto\/terminal-pos-portatil-android-aon\/\" \/>\n<meta property=\"og:locale\" content=\"es_ES\" \/>\n<meta property=\"og:type\" content=\"article\" \/>\n<meta property=\"og:title\" content=\"Terminal POS Port\u00e1til Android AON\" \/>\n<meta property=\"og:description\" content=\"- Sistema operativo: Android 14 GMS Certificado - CPU: Procesador MTK Octa-Core@2GHz - RAM: 3 GB - Almacenamiento interno: 32 GB - Pantalla de alta definici\u00f3n tactil 720x1440 de 5,5 pulgadas - Ranura para tarjeta SIM - WIFI: 802.11a\/b\/g\/n, 2.4G+5G - Bluetooth 5.0 - GPS - USB 2.0 - C\u00e1mara trasera 5 megap\u00edxeles - Dimensiones: 219 mm x 80 mm x 17,9 mm - Peso: 380g - Bater\u00eda de litio extra\u00edble 7,7 V 3000 mAh - Adaptador de corriente: 5 V CC\/2 A - Lector NFC - Impresora: Ancho m\u00e1ximo del papel: 58 mm\" \/>\n<meta property=\"og:url\" content=\"https:\/\/mivoot.com\/gt\/producto\/terminal-pos-portatil-android-aon\/\" \/>\n<meta property=\"og:site_name\" content=\"Mivoot\" \/>\n<meta property=\"article:publisher\" content=\"https:\/\/www.facebook.com\/mivootgt\" \/>\n<meta property=\"article:modified_time\" content=\"2026-01-29T15:18:22+00:00\" \/>\n<meta property=\"og:image\" content=\"https:\/\/mivoot.com\/gt\/wp-content\/uploads\/2025\/08\/00.jpg\" \/>\n\t<meta property=\"og:image:width\" content=\"800\" \/>\n\t<meta property=\"og:image:height\" content=\"800\" \/>\n\t<meta property=\"og:image:type\" content=\"image\/jpeg\" \/>\n<meta name=\"twitter:card\" content=\"summary_large_image\" \/>\n<meta name=\"twitter:label1\" content=\"Est. reading time\" \/>\n\t<meta name=\"twitter:data1\" content=\"2 minutos\" \/>\n<script type=\"application\/ld+json\" class=\"yoast-schema-graph\">{\"@context\":\"https:\/\/schema.org\",\"@graph\":[{\"@type\":\"WebPage\",\"@id\":\"https:\/\/mivoot.com\/gt\/producto\/terminal-pos-portatil-android-aon\/\",\"url\":\"https:\/\/mivoot.com\/gt\/producto\/terminal-pos-portatil-android-aon\/\",\"name\":\"Terminal POS Port\u00e1til Android AON - Mivoot\",\"isPartOf\":{\"@id\":\"https:\/\/mivoot.com\/gt\/#website\"},\"primaryImageOfPage\":{\"@id\":\"https:\/\/mivoot.com\/gt\/producto\/terminal-pos-portatil-android-aon\/#primaryimage\"},\"image\":{\"@id\":\"https:\/\/mivoot.com\/gt\/producto\/terminal-pos-portatil-android-aon\/#primaryimage\"},\"thumbnailUrl\":\"https:\/\/mivoot.com\/gt\/wp-content\/uploads\/2025\/08\/00.jpg\",\"datePublished\":\"2025-08-26T04:17:41+00:00\",\"dateModified\":\"2026-01-29T15:18:22+00:00\",\"breadcrumb\":{\"@id\":\"https:\/\/mivoot.com\/gt\/producto\/terminal-pos-portatil-android-aon\/#breadcrumb\"},\"inLanguage\":\"es\",\"potentialAction\":[{\"@type\":\"ReadAction\",\"target\":[\"https:\/\/mivoot.com\/gt\/producto\/terminal-pos-portatil-android-aon\/\"]}]},{\"@type\":\"ImageObject\",\"inLanguage\":\"es\",\"@id\":\"https:\/\/mivoot.com\/gt\/producto\/terminal-pos-portatil-android-aon\/#primaryimage\",\"url\":\"https:\/\/mivoot.com\/gt\/wp-content\/uploads\/2025\/08\/00.jpg\",\"contentUrl\":\"https:\/\/mivoot.com\/gt\/wp-content\/uploads\/2025\/08\/00.jpg\",\"width\":800,\"height\":800},{\"@type\":\"BreadcrumbList\",\"@id\":\"https:\/\/mivoot.com\/gt\/producto\/terminal-pos-portatil-android-aon\/#breadcrumb\",\"itemListElement\":[{\"@type\":\"ListItem\",\"position\":1,\"name\":\"Inicio\",\"item\":\"https:\/\/mivoot.com\/gt\/\"},{\"@type\":\"ListItem\",\"position\":2,\"name\":\"Productos\",\"item\":\"https:\/\/mivoot.com\/gt\/producto\/\"},{\"@type\":\"ListItem\",\"position\":3,\"name\":\"AON\",\"item\":\"https:\/\/mivoot.com\/gt\/marca\/aon\/\"},{\"@type\":\"ListItem\",\"position\":4,\"name\":\"Terminal POS Port\u00e1til Android AON\"}]},{\"@type\":\"WebSite\",\"@id\":\"https:\/\/mivoot.com\/gt\/#website\",\"url\":\"https:\/\/mivoot.com\/gt\/\",\"name\":\"Mivoot\",\"description\":\"Mivoot Guatemala | Tienda Online\",\"publisher\":{\"@id\":\"https:\/\/mivoot.com\/gt\/#organization\"},\"alternateName\":\"mivoot\",\"potentialAction\":[{\"@type\":\"SearchAction\",\"target\":{\"@type\":\"EntryPoint\",\"urlTemplate\":\"https:\/\/mivoot.com\/gt\/?s={search_term_string}\"},\"query-input\":{\"@type\":\"PropertyValueSpecification\",\"valueRequired\":true,\"valueName\":\"search_term_string\"}}],\"inLanguage\":\"es\"},{\"@type\":\"Organization\",\"@id\":\"https:\/\/mivoot.com\/gt\/#organization\",\"name\":\"Mivoot Guatemala\",\"alternateName\":\"mivoot.com\",\"url\":\"https:\/\/mivoot.com\/gt\/\",\"logo\":{\"@type\":\"ImageObject\",\"inLanguage\":\"es\",\"@id\":\"https:\/\/mivoot.com\/gt\/#\/schema\/logo\/image\/\",\"url\":\"https:\/\/mivoot.com\/gt\/wp-content\/uploads\/2023\/03\/cropped-icon.png\",\"contentUrl\":\"https:\/\/mivoot.com\/gt\/wp-content\/uploads\/2023\/03\/cropped-icon.png\",\"width\":512,\"height\":512,\"caption\":\"Mivoot Guatemala\"},\"image\":{\"@id\":\"https:\/\/mivoot.com\/gt\/#\/schema\/logo\/image\/\"},\"sameAs\":[\"https:\/\/www.facebook.com\/mivootgt\",\"https:\/\/instagram.com\/mivoot\"]}]}<\/script>\n<!-- \/ Yoast SEO Premium plugin. -->","yoast_head_json":{"title":"Terminal POS Port\u00e1til Android AON - Mivoot","robots":{"index":"index","follow":"follow","max-snippet":"max-snippet:-1","max-image-preview":"max-image-preview:large","max-video-preview":"max-video-preview:-1"},"canonical":"https:\/\/mivoot.com\/gt\/producto\/terminal-pos-portatil-android-aon\/","og_locale":"es_ES","og_type":"article","og_title":"Terminal POS Port\u00e1til Android AON","og_description":"- Sistema operativo: Android 14 GMS Certificado - CPU: Procesador MTK Octa-Core@2GHz - RAM: 3 GB - Almacenamiento interno: 32 GB - Pantalla de alta definici\u00f3n tactil 720x1440 de 5,5 pulgadas - Ranura para tarjeta SIM - WIFI: 802.11a\/b\/g\/n, 2.4G+5G - Bluetooth 5.0 - GPS - USB 2.0 - C\u00e1mara trasera 5 megap\u00edxeles - Dimensiones: 219 mm x 80 mm x 17,9 mm - Peso: 380g - Bater\u00eda de litio extra\u00edble 7,7 V 3000 mAh - Adaptador de corriente: 5 V CC\/2 A - Lector NFC - Impresora: Ancho m\u00e1ximo del papel: 58 mm","og_url":"https:\/\/mivoot.com\/gt\/producto\/terminal-pos-portatil-android-aon\/","og_site_name":"Mivoot","article_publisher":"https:\/\/www.facebook.com\/mivootgt","article_modified_time":"2026-01-29T15:18:22+00:00","og_image":[{"width":800,"height":800,"url":"https:\/\/mivoot.com\/gt\/wp-content\/uploads\/2025\/08\/00.jpg","type":"image\/jpeg"}],"twitter_card":"summary_large_image","twitter_misc":{"Est. reading time":"2 minutos"},"schema":{"@context":"https:\/\/schema.org","@graph":[{"@type":"WebPage","@id":"https:\/\/mivoot.com\/gt\/producto\/terminal-pos-portatil-android-aon\/","url":"https:\/\/mivoot.com\/gt\/producto\/terminal-pos-portatil-android-aon\/","name":"Terminal POS Port\u00e1til Android AON - Mivoot","isPartOf":{"@id":"https:\/\/mivoot.com\/gt\/#website"},"primaryImageOfPage":{"@id":"https:\/\/mivoot.com\/gt\/producto\/terminal-pos-portatil-android-aon\/#primaryimage"},"image":{"@id":"https:\/\/mivoot.com\/gt\/producto\/terminal-pos-portatil-android-aon\/#primaryimage"},"thumbnailUrl":"https:\/\/mivoot.com\/gt\/wp-content\/uploads\/2025\/08\/00.jpg","datePublished":"2025-08-26T04:17:41+00:00","dateModified":"2026-01-29T15:18:22+00:00","breadcrumb":{"@id":"https:\/\/mivoot.com\/gt\/producto\/terminal-pos-portatil-android-aon\/#breadcrumb"},"inLanguage":"es","potentialAction":[{"@type":"ReadAction","target":["https:\/\/mivoot.com\/gt\/producto\/terminal-pos-portatil-android-aon\/"]}]},{"@type":"ImageObject","inLanguage":"es","@id":"https:\/\/mivoot.com\/gt\/producto\/terminal-pos-portatil-android-aon\/#primaryimage","url":"https:\/\/mivoot.com\/gt\/wp-content\/uploads\/2025\/08\/00.jpg","contentUrl":"https:\/\/mivoot.com\/gt\/wp-content\/uploads\/2025\/08\/00.jpg","width":800,"height":800},{"@type":"BreadcrumbList","@id":"https:\/\/mivoot.com\/gt\/producto\/terminal-pos-portatil-android-aon\/#breadcrumb","itemListElement":[{"@type":"ListItem","position":1,"name":"Inicio","item":"https:\/\/mivoot.com\/gt\/"},{"@type":"ListItem","position":2,"name":"Productos","item":"https:\/\/mivoot.com\/gt\/producto\/"},{"@type":"ListItem","position":3,"name":"AON","item":"https:\/\/mivoot.com\/gt\/marca\/aon\/"},{"@type":"ListItem","position":4,"name":"Terminal POS Port\u00e1til Android AON"}]},{"@type":"WebSite","@id":"https:\/\/mivoot.com\/gt\/#website","url":"https:\/\/mivoot.com\/gt\/","name":"Mivoot","description":"Mivoot Guatemala | Tienda Online","publisher":{"@id":"https:\/\/mivoot.com\/gt\/#organization"},"alternateName":"mivoot","potentialAction":[{"@type":"SearchAction","target":{"@type":"EntryPoint","urlTemplate":"https:\/\/mivoot.com\/gt\/?s={search_term_string}"},"query-input":{"@type":"PropertyValueSpecification","valueRequired":true,"valueName":"search_term_string"}}],"inLanguage":"es"},{"@type":"Organization","@id":"https:\/\/mivoot.com\/gt\/#organization","name":"Mivoot Guatemala","alternateName":"mivoot.com","url":"https:\/\/mivoot.com\/gt\/","logo":{"@type":"ImageObject","inLanguage":"es","@id":"https:\/\/mivoot.com\/gt\/#\/schema\/logo\/image\/","url":"https:\/\/mivoot.com\/gt\/wp-content\/uploads\/2023\/03\/cropped-icon.png","contentUrl":"https:\/\/mivoot.com\/gt\/wp-content\/uploads\/2023\/03\/cropped-icon.png","width":512,"height":512,"caption":"Mivoot Guatemala"},"image":{"@id":"https:\/\/mivoot.com\/gt\/#\/schema\/logo\/image\/"},"sameAs":["https:\/\/www.facebook.com\/mivootgt","https:\/\/instagram.com\/mivoot"]}]}},"jetpack_publicize_connections":[],"jetpack_sharing_enabled":true,"brands":[{"id":555,"name":"AON","slug":"aon"}],"_links":{"self":[{"href":"https:\/\/mivoot.com\/gt\/wp-json\/wp\/v2\/product\/29566","targetHints":{"allow":["GET"]}}],"collection":[{"href":"https:\/\/mivoot.com\/gt\/wp-json\/wp\/v2\/product"}],"about":[{"href":"https:\/\/mivoot.com\/gt\/wp-json\/wp\/v2\/types\/product"}],"replies":[{"embeddable":true,"href":"https:\/\/mivoot.com\/gt\/wp-json\/wp\/v2\/comments?post=29566"}],"version-history":[{"count":1,"href":"https:\/\/mivoot.com\/gt\/wp-json\/wp\/v2\/product\/29566\/revisions"}],"predecessor-version":[{"id":29569,"href":"https:\/\/mivoot.com\/gt\/wp-json\/wp\/v2\/product\/29566\/revisions\/29569"}],"wp:featuredmedia":[{"embeddable":true,"href":"https:\/\/mivoot.com\/gt\/wp-json\/wp\/v2\/media\/29567"}],"wp:attachment":[{"href":"https:\/\/mivoot.com\/gt\/wp-json\/wp\/v2\/media?parent=29566"}],"wp:term":[{"taxonomy":"pwb-brand","embeddable":true,"href":"https:\/\/mivoot.com\/gt\/wp-json\/wp\/v2\/pwb-brand?post=29566"},{"taxonomy":"product_brand","embeddable":true,"href":"https:\/\/mivoot.com\/gt\/wp-json\/wp\/v2\/product_brand?post=29566"},{"taxonomy":"product_cat","embeddable":true,"href":"https:\/\/mivoot.com\/gt\/wp-json\/wp\/v2\/product_cat?post=29566"},{"taxonomy":"product_tag","embeddable":true,"href":"https:\/\/mivoot.com\/gt\/wp-json\/wp\/v2\/product_tag?post=29566"}],"curies":[{"name":"wp","href":"https:\/\/api.w.org\/{rel}","templated":true}]}}