{"id":29571,"date":"2025-08-26T23:02:04","date_gmt":"2025-08-27T05:02:04","guid":{"rendered":"https:\/\/mivoot.com\/gt\/?post_type=product&#038;p=29571"},"modified":"2025-08-27T13:24:08","modified_gmt":"2025-08-27T19:24:08","slug":"silla-gaming-speeder-negro-cougar","status":"publish","type":"product","link":"https:\/\/mivoot.com\/gt\/producto\/silla-gaming-speeder-negro-cougar\/","title":{"rendered":"Silla Gaming Speeder Negro Cougar"},"content":{"rendered":"<div id=\"head-model-name-2\" class=\"elementor-element elementor-element-489bc57 elementor-widget elementor-widget-heading\" data-id=\"489bc57\" data-element_type=\"widget\" data-widget_type=\"heading.default\">\n<div class=\"elementor-widget-container\">\n<h1 class=\"elementor-heading-title elementor-size-xxl\" style=\"text-align: center;\"><span dir=\"auto\">SPEEDER UNO Silla Gaming Speeder Negro Cougar<\/span><\/h1>\n<\/div>\n<\/div>\n<div id=\"head-slogan-2\" class=\"elementor-element elementor-element-068eb3a elementor-widget elementor-widget-heading\" data-id=\"068eb3a\" data-element_type=\"widget\" data-widget_type=\"heading.default\">\n<div class=\"elementor-widget-container\">\n<h2 class=\"elementor-heading-title elementor-size-large\"><span dir=\"auto\">El ayuno es un estado mental<\/span><\/h2>\n<\/div>\n<\/div>\n<div id=\"head-desc-2\" class=\"elementor-element elementor-element-5b03b1c elementor-widget elementor-widget-text-editor\" data-id=\"5b03b1c\" data-element_type=\"widget\" data-widget_type=\"text-editor.default\">\n<div class=\"elementor-widget-container\">\n<div class=\"elementor-text-editor elementor-clearfix\">\n<p><span dir=\"auto\">Las \u00e1reas de juego y trabajo suelen coincidir en los espacios habitables modernos: el Speeder One est\u00e1 dise\u00f1ado con esta versatilidad en mente. Inspirado est\u00e9ticamente en el dise\u00f1o de carreras de autos, sus caracter\u00edsticas ergon\u00f3micas te ayudan a mantener una postura saludable, ya sea que est\u00e9s compitiendo contrarreloj en el momento decisivo o aprovechando ese momento decisivo en el juego.<\/span><\/p>\n<p><span dir=\"auto\">La tapicer\u00eda de malla garantiza la transpirabilidad, mientras que la profundidad del asiento y la zona lumbar ajustables con precisi\u00f3n garantizan un ajuste perfecto. Los reposabrazos plegables 2D sujetan los brazos en m\u00faltiples posiciones, para que nunca sientas tensi\u00f3n, ya sea en el escritorio o jugando. La Speeder One sujeta tu cuerpo para mantener tus manos y mente \u00e1giles, para que puedas trabajar r\u00e1pido y disfrutar al m\u00e1ximo..<\/span><\/p>\n<ul>\n<li><span dir=\"auto\">Dise\u00f1o ergon\u00f3mico inspirado en las carreras de motor.<\/span><\/li>\n<li><span dir=\"auto\">La tela de malla garantiza transpirabilidad y durabilidad.<\/span><\/li>\n<li><span dir=\"auto\">Reposabrazos plegable 2D y reposacabezas ajustable.<\/span><\/li>\n<li><span dir=\"auto\">Soporte lumbar y profundidad del asiento ajustables con precisi\u00f3n.<\/span><\/li>\n<\/ul>\n<p><img decoding=\"async\" src=\"https:\/\/cougargaming.com\/_cgrwdr_\/wwdpp\/wp-content\/uploads\/2025\/07\/SPEEDER-ONE-White-banner-2048x1152.jpg\" \/><\/p>\n<div class=\"elementor-element elementor-element-ed732bf elementor-widget elementor-widget-heading\" data-id=\"ed732bf\" data-element_type=\"widget\" data-widget_type=\"heading.default\">\n<div class=\"elementor-widget-container\">\n<h3 class=\"elementor-heading-title elementor-size-default\"><span dir=\"auto\">Amigable con el cuerpo<\/span><\/h3>\n<\/div>\n<\/div>\n<div class=\"elementor-element elementor-element-2e3d373 elementor-widget elementor-widget-heading\" data-id=\"2e3d373\" data-element_type=\"widget\" data-widget_type=\"heading.default\">\n<div class=\"elementor-widget-container\">\n<div class=\"elementor-heading-title elementor-size-default\"><span dir=\"auto\">El respaldo se curva para adaptarse a los contornos naturales de la cintura, mejorando el soporte y la comodidad de la zona lumbar. El asiento en cascada se inclina hacia abajo para reducir la tensi\u00f3n y la fricci\u00f3n en la parte posterior de los muslos. Esta caracter\u00edstica alivia la presi\u00f3n en las rodillas y mejora la circulaci\u00f3n sangu\u00ednea en las extremidades inferiores, promoviendo una distribuci\u00f3n uniforme del peso en todo el asiento gracias a su dise\u00f1o contorneado.<\/span><\/div>\n<div><\/div>\n<div><img fetchpriority=\"high\" decoding=\"async\" class=\"\" src=\"https:\/\/cougargaming.com\/_cgrwdr_\/wwdpp\/wp-content\/uploads\/2024\/08\/SPEEDER-ONE-Body-Friendly-chair-back.jpg\" width=\"443\" height=\"295\" \/><img decoding=\"async\" class=\"\" src=\"https:\/\/cougargaming.com\/_cgrwdr_\/wwdpp\/wp-content\/uploads\/2024\/08\/SPEEDER-ONE-Body-Friendly-chair-seat.jpg\" width=\"438\" height=\"292\" \/><\/div>\n<div>\n<div class=\"elementor-element elementor-element-466ea39 elementor-widget elementor-widget-heading\" data-id=\"466ea39\" data-element_type=\"widget\" data-widget_type=\"heading.default\">\n<div class=\"elementor-widget-container\">\n<h3 class=\"elementor-heading-title elementor-size-default\"><span dir=\"auto\">Movimiento del brazo sin restricciones<\/span><\/h3>\n<\/div>\n<\/div>\n<div class=\"elementor-element elementor-element-0f8a12c elementor-widget elementor-widget-heading\" data-id=\"0f8a12c\" data-element_type=\"widget\" data-widget_type=\"heading.default\">\n<div class=\"elementor-widget-container\">\n<div class=\"elementor-heading-title elementor-size-default\"><span dir=\"auto\">Los reposabrazos se pueden levantar y retirar para mayor flexibilidad, permiti\u00e9ndole acercar la silla a su escritorio. Adem\u00e1s, le deja los brazos libres para cualquier actividad que requiera total libertad de movimiento: arte, m\u00fasica, trabajo o diversi\u00f3n; la Speeder One se adapta completamente a sus<\/span><\/div>\n<div class=\"elementor-heading-title elementor-size-default\"><span dir=\"auto\"> necesidades.<\/span><\/div>\n<div>\n<div class=\"elementor-element elementor-element-39ceb0c elementor-widget elementor-widget-heading\" data-id=\"39ceb0c\" data-element_type=\"widget\" data-widget_type=\"heading.default\">\n<div class=\"elementor-widget-container\">\n<h3 class=\"elementor-heading-title elementor-size-default\"><span dir=\"auto\">Sistema de soporte<\/span><\/h3>\n<\/div>\n<\/div>\n<div class=\"elementor-element elementor-element-3f1100e elementor-widget elementor-widget-heading\" data-id=\"3f1100e\" data-element_type=\"widget\" data-widget_type=\"heading.default\">\n<div class=\"elementor-widget-container\">\n<div class=\"elementor-heading-title elementor-size-default\"><span dir=\"auto\">Los apoyabrazos plegables 2D admiten varias posiciones de los brazos, mientras que el reposacabezas se ajusta para una comodidad personalizada.<\/span><\/div>\n<\/div>\n<\/div>\n<\/div>\n<\/div>\n<\/div>\n<\/div>\n<\/div>\n<\/div>\n<div><\/div>\n<div class=\"elementor-element elementor-element-2e3d373 elementor-widget elementor-widget-heading\" data-id=\"2e3d373\" data-element_type=\"widget\" data-widget_type=\"heading.default\">\n<div class=\"elementor-widget-container\">\n<div class=\"elementor-element elementor-element-0f8a12c elementor-widget elementor-widget-heading\" data-id=\"0f8a12c\" data-element_type=\"widget\" data-widget_type=\"heading.default\">\n<div class=\"elementor-widget-container\">\n<div class=\"elementor-element elementor-element-3f1100e elementor-widget elementor-widget-heading\" data-id=\"3f1100e\" data-element_type=\"widget\" data-widget_type=\"heading.default\">\n<div class=\"elementor-widget-container\">\n<div><\/div>\n<div><img decoding=\"async\" class=\"aligncenter\" src=\"https:\/\/cougargaming.com\/_cgrwdr_\/wwdpp\/wp-content\/uploads\/2024\/09\/SPEEDER-ONE-Adaptive-Damping-3-degree.png\" \/><\/div>\n<div><img decoding=\"async\" class=\"aligncenter\" src=\"https:\/\/cougargaming.com\/_cgrwdr_\/wwdpp\/wp-content\/uploads\/2024\/08\/SPEEDER-ONE-dimensions-1024x707.jpg\" \/><\/div>\n<\/div>\n<\/div>\n<\/div>\n<\/div>\n<\/div>\n<\/div>\n<\/div>\n<\/div>\n<\/div>\n","protected":false},"excerpt":{"rendered":"<p>&#8211; Superficie de Tejido de Malla<br \/>\n&#8211; 135\u00b0 Ajuste Reclinable<br \/>\n&#8211; Reposabrazos 2D Plegables<br \/>\n&#8211; Soporte Lumbar y Asiento Ajustable<br \/>\n&#8211; Cilindro Elevador de Gas Clase 4<br \/>\n&#8211; Reposacabezas 3D Ajustable<br \/>\n&#8211; 120kg Peso Soportado<\/p>\n","protected":false},"featured_media":29582,"comment_status":"open","ping_status":"closed","template":"","meta":{"jetpack_publicize_message":"","jetpack_publicize_feature_enabled":true,"jetpack_social_post_already_shared":true,"jetpack_social_options":{"image_generator_settings":{"template":"highway","default_image_id":0,"font":"","enabled":false},"version":2}},"pwb-brand":[85],"product_brand":[],"product_cat":[46],"product_tag":[],"class_list":{"0":"post-29571","1":"product","2":"type-product","3":"status-publish","4":"has-post-thumbnail","6":"pwb-brand-cougar","7":"product_cat-sillas","9":"first","10":"instock","11":"taxable","12":"shipping-taxable","13":"purchasable","14":"product-type-simple"},"yoast_head":"<!-- This site is optimized with the Yoast SEO Premium plugin v25.7.1 (Yoast SEO v26.8) - https:\/\/yoast.com\/product\/yoast-seo-premium-wordpress\/ -->\n<title>Silla Gaming Speeder Negro Cougar - Mivoot<\/title>\n<meta name=\"robots\" content=\"index, follow, max-snippet:-1, max-image-preview:large, max-video-preview:-1\" \/>\n<link rel=\"canonical\" href=\"https:\/\/mivoot.com\/gt\/producto\/silla-gaming-speeder-negro-cougar\/\" \/>\n<meta property=\"og:locale\" content=\"es_ES\" \/>\n<meta property=\"og:type\" content=\"article\" \/>\n<meta property=\"og:title\" content=\"Silla Gaming Speeder Negro Cougar\" \/>\n<meta property=\"og:description\" content=\"- Superficie de Tejido de Malla - 135\u00b0 Ajuste Reclinable - Reposabrazos 2D Plegables - Soporte Lumbar y Asiento Ajustable - Cilindro Elevador de Gas Clase 4 - Reposacabezas 3D Ajustable - 120kg Peso Soportado\" \/>\n<meta property=\"og:url\" content=\"https:\/\/mivoot.com\/gt\/producto\/silla-gaming-speeder-negro-cougar\/\" \/>\n<meta property=\"og:site_name\" content=\"Mivoot\" \/>\n<meta property=\"article:publisher\" content=\"https:\/\/www.facebook.com\/mivootgt\" \/>\n<meta property=\"article:modified_time\" content=\"2025-08-27T19:24:08+00:00\" \/>\n<meta property=\"og:image\" content=\"https:\/\/mivoot.com\/gt\/wp-content\/uploads\/2025\/08\/SPEEDER-ONE-1-550x550-1.png\" \/>\n\t<meta property=\"og:image:width\" content=\"550\" \/>\n\t<meta property=\"og:image:height\" content=\"550\" \/>\n\t<meta property=\"og:image:type\" content=\"image\/png\" \/>\n<meta name=\"twitter:card\" content=\"summary_large_image\" \/>\n<meta name=\"twitter:label1\" content=\"Est. reading time\" \/>\n\t<meta name=\"twitter:data1\" content=\"3 minutos\" \/>\n<script type=\"application\/ld+json\" class=\"yoast-schema-graph\">{\"@context\":\"https:\/\/schema.org\",\"@graph\":[{\"@type\":\"WebPage\",\"@id\":\"https:\/\/mivoot.com\/gt\/producto\/silla-gaming-speeder-negro-cougar\/\",\"url\":\"https:\/\/mivoot.com\/gt\/producto\/silla-gaming-speeder-negro-cougar\/\",\"name\":\"Silla Gaming Speeder Negro Cougar - Mivoot\",\"isPartOf\":{\"@id\":\"https:\/\/mivoot.com\/gt\/#website\"},\"primaryImageOfPage\":{\"@id\":\"https:\/\/mivoot.com\/gt\/producto\/silla-gaming-speeder-negro-cougar\/#primaryimage\"},\"image\":{\"@id\":\"https:\/\/mivoot.com\/gt\/producto\/silla-gaming-speeder-negro-cougar\/#primaryimage\"},\"thumbnailUrl\":\"https:\/\/mivoot.com\/gt\/wp-content\/uploads\/2025\/08\/SPEEDER-ONE-1-550x550-1.png\",\"datePublished\":\"2025-08-27T05:02:04+00:00\",\"dateModified\":\"2025-08-27T19:24:08+00:00\",\"breadcrumb\":{\"@id\":\"https:\/\/mivoot.com\/gt\/producto\/silla-gaming-speeder-negro-cougar\/#breadcrumb\"},\"inLanguage\":\"es\",\"potentialAction\":[{\"@type\":\"ReadAction\",\"target\":[\"https:\/\/mivoot.com\/gt\/producto\/silla-gaming-speeder-negro-cougar\/\"]}]},{\"@type\":\"ImageObject\",\"inLanguage\":\"es\",\"@id\":\"https:\/\/mivoot.com\/gt\/producto\/silla-gaming-speeder-negro-cougar\/#primaryimage\",\"url\":\"https:\/\/mivoot.com\/gt\/wp-content\/uploads\/2025\/08\/SPEEDER-ONE-1-550x550-1.png\",\"contentUrl\":\"https:\/\/mivoot.com\/gt\/wp-content\/uploads\/2025\/08\/SPEEDER-ONE-1-550x550-1.png\",\"width\":550,\"height\":550},{\"@type\":\"BreadcrumbList\",\"@id\":\"https:\/\/mivoot.com\/gt\/producto\/silla-gaming-speeder-negro-cougar\/#breadcrumb\",\"itemListElement\":[{\"@type\":\"ListItem\",\"position\":1,\"name\":\"Inicio\",\"item\":\"https:\/\/mivoot.com\/gt\/\"},{\"@type\":\"ListItem\",\"position\":2,\"name\":\"Productos\",\"item\":\"https:\/\/mivoot.com\/gt\/producto\/\"},{\"@type\":\"ListItem\",\"position\":3,\"name\":\"Cougar\",\"item\":\"https:\/\/mivoot.com\/gt\/marca\/cougar\/\"},{\"@type\":\"ListItem\",\"position\":4,\"name\":\"Silla Gaming Speeder Negro Cougar\"}]},{\"@type\":\"WebSite\",\"@id\":\"https:\/\/mivoot.com\/gt\/#website\",\"url\":\"https:\/\/mivoot.com\/gt\/\",\"name\":\"Mivoot\",\"description\":\"Mivoot Guatemala | Tienda Online\",\"publisher\":{\"@id\":\"https:\/\/mivoot.com\/gt\/#organization\"},\"alternateName\":\"mivoot\",\"potentialAction\":[{\"@type\":\"SearchAction\",\"target\":{\"@type\":\"EntryPoint\",\"urlTemplate\":\"https:\/\/mivoot.com\/gt\/?s={search_term_string}\"},\"query-input\":{\"@type\":\"PropertyValueSpecification\",\"valueRequired\":true,\"valueName\":\"search_term_string\"}}],\"inLanguage\":\"es\"},{\"@type\":\"Organization\",\"@id\":\"https:\/\/mivoot.com\/gt\/#organization\",\"name\":\"Mivoot Guatemala\",\"alternateName\":\"mivoot.com\",\"url\":\"https:\/\/mivoot.com\/gt\/\",\"logo\":{\"@type\":\"ImageObject\",\"inLanguage\":\"es\",\"@id\":\"https:\/\/mivoot.com\/gt\/#\/schema\/logo\/image\/\",\"url\":\"https:\/\/mivoot.com\/gt\/wp-content\/uploads\/2023\/03\/cropped-icon.png\",\"contentUrl\":\"https:\/\/mivoot.com\/gt\/wp-content\/uploads\/2023\/03\/cropped-icon.png\",\"width\":512,\"height\":512,\"caption\":\"Mivoot Guatemala\"},\"image\":{\"@id\":\"https:\/\/mivoot.com\/gt\/#\/schema\/logo\/image\/\"},\"sameAs\":[\"https:\/\/www.facebook.com\/mivootgt\",\"https:\/\/instagram.com\/mivoot\"]}]}<\/script>\n<!-- \/ Yoast SEO Premium plugin. -->","yoast_head_json":{"title":"Silla Gaming Speeder Negro Cougar - Mivoot","robots":{"index":"index","follow":"follow","max-snippet":"max-snippet:-1","max-image-preview":"max-image-preview:large","max-video-preview":"max-video-preview:-1"},"canonical":"https:\/\/mivoot.com\/gt\/producto\/silla-gaming-speeder-negro-cougar\/","og_locale":"es_ES","og_type":"article","og_title":"Silla Gaming Speeder Negro Cougar","og_description":"- Superficie de Tejido de Malla - 135\u00b0 Ajuste Reclinable - Reposabrazos 2D Plegables - Soporte Lumbar y Asiento Ajustable - Cilindro Elevador de Gas Clase 4 - Reposacabezas 3D Ajustable - 120kg Peso Soportado","og_url":"https:\/\/mivoot.com\/gt\/producto\/silla-gaming-speeder-negro-cougar\/","og_site_name":"Mivoot","article_publisher":"https:\/\/www.facebook.com\/mivootgt","article_modified_time":"2025-08-27T19:24:08+00:00","og_image":[{"width":550,"height":550,"url":"https:\/\/mivoot.com\/gt\/wp-content\/uploads\/2025\/08\/SPEEDER-ONE-1-550x550-1.png","type":"image\/png"}],"twitter_card":"summary_large_image","twitter_misc":{"Est. reading time":"3 minutos"},"schema":{"@context":"https:\/\/schema.org","@graph":[{"@type":"WebPage","@id":"https:\/\/mivoot.com\/gt\/producto\/silla-gaming-speeder-negro-cougar\/","url":"https:\/\/mivoot.com\/gt\/producto\/silla-gaming-speeder-negro-cougar\/","name":"Silla Gaming Speeder Negro Cougar - Mivoot","isPartOf":{"@id":"https:\/\/mivoot.com\/gt\/#website"},"primaryImageOfPage":{"@id":"https:\/\/mivoot.com\/gt\/producto\/silla-gaming-speeder-negro-cougar\/#primaryimage"},"image":{"@id":"https:\/\/mivoot.com\/gt\/producto\/silla-gaming-speeder-negro-cougar\/#primaryimage"},"thumbnailUrl":"https:\/\/mivoot.com\/gt\/wp-content\/uploads\/2025\/08\/SPEEDER-ONE-1-550x550-1.png","datePublished":"2025-08-27T05:02:04+00:00","dateModified":"2025-08-27T19:24:08+00:00","breadcrumb":{"@id":"https:\/\/mivoot.com\/gt\/producto\/silla-gaming-speeder-negro-cougar\/#breadcrumb"},"inLanguage":"es","potentialAction":[{"@type":"ReadAction","target":["https:\/\/mivoot.com\/gt\/producto\/silla-gaming-speeder-negro-cougar\/"]}]},{"@type":"ImageObject","inLanguage":"es","@id":"https:\/\/mivoot.com\/gt\/producto\/silla-gaming-speeder-negro-cougar\/#primaryimage","url":"https:\/\/mivoot.com\/gt\/wp-content\/uploads\/2025\/08\/SPEEDER-ONE-1-550x550-1.png","contentUrl":"https:\/\/mivoot.com\/gt\/wp-content\/uploads\/2025\/08\/SPEEDER-ONE-1-550x550-1.png","width":550,"height":550},{"@type":"BreadcrumbList","@id":"https:\/\/mivoot.com\/gt\/producto\/silla-gaming-speeder-negro-cougar\/#breadcrumb","itemListElement":[{"@type":"ListItem","position":1,"name":"Inicio","item":"https:\/\/mivoot.com\/gt\/"},{"@type":"ListItem","position":2,"name":"Productos","item":"https:\/\/mivoot.com\/gt\/producto\/"},{"@type":"ListItem","position":3,"name":"Cougar","item":"https:\/\/mivoot.com\/gt\/marca\/cougar\/"},{"@type":"ListItem","position":4,"name":"Silla Gaming Speeder Negro Cougar"}]},{"@type":"WebSite","@id":"https:\/\/mivoot.com\/gt\/#website","url":"https:\/\/mivoot.com\/gt\/","name":"Mivoot","description":"Mivoot Guatemala | Tienda Online","publisher":{"@id":"https:\/\/mivoot.com\/gt\/#organization"},"alternateName":"mivoot","potentialAction":[{"@type":"SearchAction","target":{"@type":"EntryPoint","urlTemplate":"https:\/\/mivoot.com\/gt\/?s={search_term_string}"},"query-input":{"@type":"PropertyValueSpecification","valueRequired":true,"valueName":"search_term_string"}}],"inLanguage":"es"},{"@type":"Organization","@id":"https:\/\/mivoot.com\/gt\/#organization","name":"Mivoot Guatemala","alternateName":"mivoot.com","url":"https:\/\/mivoot.com\/gt\/","logo":{"@type":"ImageObject","inLanguage":"es","@id":"https:\/\/mivoot.com\/gt\/#\/schema\/logo\/image\/","url":"https:\/\/mivoot.com\/gt\/wp-content\/uploads\/2023\/03\/cropped-icon.png","contentUrl":"https:\/\/mivoot.com\/gt\/wp-content\/uploads\/2023\/03\/cropped-icon.png","width":512,"height":512,"caption":"Mivoot Guatemala"},"image":{"@id":"https:\/\/mivoot.com\/gt\/#\/schema\/logo\/image\/"},"sameAs":["https:\/\/www.facebook.com\/mivootgt","https:\/\/instagram.com\/mivoot"]}]}},"jetpack_publicize_connections":[],"jetpack_sharing_enabled":true,"brands":[{"id":85,"name":"Cougar","slug":"cougar"}],"_links":{"self":[{"href":"https:\/\/mivoot.com\/gt\/wp-json\/wp\/v2\/product\/29571","targetHints":{"allow":["GET"]}}],"collection":[{"href":"https:\/\/mivoot.com\/gt\/wp-json\/wp\/v2\/product"}],"about":[{"href":"https:\/\/mivoot.com\/gt\/wp-json\/wp\/v2\/types\/product"}],"replies":[{"embeddable":true,"href":"https:\/\/mivoot.com\/gt\/wp-json\/wp\/v2\/comments?post=29571"}],"version-history":[{"count":1,"href":"https:\/\/mivoot.com\/gt\/wp-json\/wp\/v2\/product\/29571\/revisions"}],"predecessor-version":[{"id":29583,"href":"https:\/\/mivoot.com\/gt\/wp-json\/wp\/v2\/product\/29571\/revisions\/29583"}],"wp:featuredmedia":[{"embeddable":true,"href":"https:\/\/mivoot.com\/gt\/wp-json\/wp\/v2\/media\/29582"}],"wp:attachment":[{"href":"https:\/\/mivoot.com\/gt\/wp-json\/wp\/v2\/media?parent=29571"}],"wp:term":[{"taxonomy":"pwb-brand","embeddable":true,"href":"https:\/\/mivoot.com\/gt\/wp-json\/wp\/v2\/pwb-brand?post=29571"},{"taxonomy":"product_brand","embeddable":true,"href":"https:\/\/mivoot.com\/gt\/wp-json\/wp\/v2\/product_brand?post=29571"},{"taxonomy":"product_cat","embeddable":true,"href":"https:\/\/mivoot.com\/gt\/wp-json\/wp\/v2\/product_cat?post=29571"},{"taxonomy":"product_tag","embeddable":true,"href":"https:\/\/mivoot.com\/gt\/wp-json\/wp\/v2\/product_tag?post=29571"}],"curies":[{"name":"wp","href":"https:\/\/api.w.org\/{rel}","templated":true}]}}