{"id":29612,"date":"2025-08-27T10:53:28","date_gmt":"2025-08-27T16:53:28","guid":{"rendered":"https:\/\/mivoot.com\/gt\/?post_type=product&#038;p=29612"},"modified":"2025-08-27T20:30:41","modified_gmt":"2025-08-28T02:30:41","slug":"silla-gaming-death-trooper-thronos-200s-primus","status":"publish","type":"product","link":"https:\/\/mivoot.com\/gt\/producto\/silla-gaming-death-trooper-thronos-200s-primus\/","title":{"rendered":"Silla Gaming Death Trooper Thronos 200S Primus"},"content":{"rendered":"<h1 style=\"text-align: center;\">Silla Gaming Death Trooper Thronos 200S Primus &#8211; EDICION LIMITADA<\/h1>\n<p style=\"text-align: center;\">Lleva tu entretenimiento a un nuevo nivel con esta edici\u00f3n limitada de la silla para juegos Thr\u00f3nos, dise\u00f1ada para los fans incondicionales de la saga Star Wars con motivos inspirados en las tropas de choque de \u00e9lite del imperio gal\u00e1ctico.<br \/>\nErgonom\u00eda, soporte inigualable durante sesiones de juego maratonianas o largas jornadas de trabajo, estabilidad y durabilidad durante a\u00f1os, y mecanismos de ajuste que la convierten en la silla perfecta para tu arsenal de juego.<br \/>\n\u00a1Empu\u00f1a tu pistola l\u00e1ser y si\u00e9ntate en tu nuevo trono para unirte a la aventura y cumplir tu destino!<\/p>\n<p>&nbsp;<\/p>\n<h3 class=\"title-banner\">ESTILIZADO DISE\u00d1O TIPO AUTO DE CARRERA<\/h3>\n<p><img decoding=\"async\" class=\"customsection-sep\" title=\"separador\" src=\"https:\/\/api.primusgaming.com\/images\/StormTrooper_GR_franja-banner.png\" alt=\"franja-titulos-ahsoka-tano-frases.png.png\" \/><\/p>\n<p><span style=\"font-size: 14.4px;\">Butaca anat\u00f3mica con respaldo alto dise\u00f1ado ergon\u00f3micamente, que incluye coj\u00edn lumbar y almohada removibles.<\/span><\/p>\n<div class=\"text-banner\">\n<p>Esta silla se adapta al contorno natural del cuerpo con el fin de brindar el m\u00e1ximo apoyo durante marat\u00f3nicas competencias o largas jornadas de trabajo.<\/p>\n<h3 class=\"title-banner\">DISE\u00d1O EXCLUSIVO, MATERIALES DE PRIMERA CALIDAD Y ACABADO IMPECABLE<\/h3>\n<p><img decoding=\"async\" class=\"customsection-sep\" title=\"separador\" src=\"https:\/\/api.primusgaming.com\/images\/StormTrooper_GR_franja-banner.png\" alt=\"franja-titulos-ahsoka-tano-frases.png.png\" \/><\/p>\n<div class=\"text-banner\">\n<p>Estilizado dise\u00f1o tricolor que evoca el impoluto uniforme de los Death Troopers\u2122, y que incluye los logotipos de Star Wars\u2122 y el Lado Oscuro, as\u00ed como el de Primus<sup>\u00ae<\/sup><\/p>\n<p>Exterior durable y elegante, con un forro permeable y poroso elaborado con cuerina PU\/PVC pr\u00e9mium y atractivas l\u00edneas de costura que acent\u00faan los contornos del asiento.<\/p>\n<p>&nbsp;<\/p>\n<\/div>\n<\/div>\n<div id=\"accvent-id\">\n<div id=\"load-accvent-content\" style=\"width: 100% !important; margin: 0px auto;\">\n<div>\n<div id=\"avloading\" style=\"text-align: center; display: none;\"><img decoding=\"async\" style=\"height: 80px;\" src=\"https:\/\/accvent.com\/scripting\/loading.gif\" \/><\/p>\n<div>Cargando&#8230;<\/div>\n<\/div>\n<p><iframe id=\"aviframe\" style=\"border: none; visibility: visible; overflow: hidden !important; height: 5388px;\" src=\"https:\/\/www.primusgaming.com\/es\/sindicado\/?code=PCH-S103DT\" name=\"aviframe\" width=\"100%\" frameborder=\"0\" scrolling=\"no\"><\/iframe><\/p>\n<\/div>\n<\/div>\n<p><script id=\"accvent-loader\" type=\"text\/javascript\" src=\"https:\/\/accvent.com\/scripting\/loader.js\" data-search=\"PCH-S103DT\" data-brand=\"PRIMUS\" data-lang=\"es\">\n            <\/script><\/p>\n<\/div>\n","protected":false},"excerpt":{"rendered":"<p>&#8211; Capacidad de carga m\u00e1xima 140 kg<br \/>\n&#8211; Control de altura Mecanismo neum\u00e1tico de gas<br \/>\n&#8211; Altura del asiento 47 cm (m\u00edn) \u2013 57 cm (m\u00e1x)<br \/>\n&#8211; \u00c1ngulo de inclinaci\u00f3n del asiento 90\u00ba \u2013 130\u00ba<br \/>\n&#8211; Tipo de reposabrazos\t2D (ajustable vertical y horizontal)<br \/>\n&#8211; Altura del reposabrazos\t27.5 cm \u2013 35 cm<br \/>\n&#8211; Tama\u00f1o del reposabrazos\t7.4 x 27.8 cm<br \/>\n&#8211; Material del marco\tMetal<br \/>\n&#8211; Tipo de base\tNailon resistente<br \/>\n&#8211; Material del asiento\tPVC de primera calidad<br \/>\n&#8211; Mecanismo de desplazamiento\tRuedas giratorias de nailon<br \/>\n&#8211; Densidad del relleno\tEspuma moldeada de 25 kg\/m\u00b3 + 22 kg\/m\u00b3<br \/>\n&#8211; Tama\u00f1o del asiento\t54 x 53.5 cm<br \/>\n&#8211; Altura del respaldo\t81.5 cm<br \/>\n&#8211; \u00c1ngulo de ajuste del respaldo\t90\u00ba \u2013 135\u00ba<br \/>\n&#8211; Ancho del respaldo (altura hombros)\t53 cm<\/p>\n","protected":false},"featured_media":29614,"comment_status":"open","ping_status":"closed","template":"","meta":{"jetpack_publicize_message":"","jetpack_publicize_feature_enabled":true,"jetpack_social_post_already_shared":true,"jetpack_social_options":{"image_generator_settings":{"template":"highway","default_image_id":0,"font":"","enabled":false},"version":2}},"pwb-brand":[192],"product_brand":[],"product_cat":[46],"product_tag":[],"class_list":{"0":"post-29612","1":"product","2":"type-product","3":"status-publish","4":"has-post-thumbnail","6":"pwb-brand-primus-gaming","7":"product_cat-sillas","9":"first","10":"instock","11":"taxable","12":"shipping-taxable","13":"purchasable","14":"product-type-simple"},"yoast_head":"<!-- This site is optimized with the Yoast SEO Premium plugin v25.7.1 (Yoast SEO v26.8) - https:\/\/yoast.com\/product\/yoast-seo-premium-wordpress\/ -->\n<title>Silla Gaming Death Trooper Thronos 200S Primus - Mivoot<\/title>\n<meta name=\"robots\" content=\"index, follow, max-snippet:-1, max-image-preview:large, max-video-preview:-1\" \/>\n<link rel=\"canonical\" href=\"https:\/\/mivoot.com\/gt\/producto\/silla-gaming-death-trooper-thronos-200s-primus\/\" \/>\n<meta property=\"og:locale\" content=\"es_ES\" \/>\n<meta property=\"og:type\" content=\"article\" \/>\n<meta property=\"og:title\" content=\"Silla Gaming Death Trooper Thronos 200S Primus\" \/>\n<meta property=\"og:description\" content=\"- Capacidad de carga m\u00e1xima 140 kg - Control de altura Mecanismo neum\u00e1tico de gas - Altura del asiento 47 cm (m\u00edn) \u2013 57 cm (m\u00e1x) - \u00c1ngulo de inclinaci\u00f3n del asiento 90\u00ba \u2013 130\u00ba - Tipo de reposabrazos 2D (ajustable vertical y horizontal) - Altura del reposabrazos 27.5 cm \u2013 35 cm - Tama\u00f1o del reposabrazos 7.4 x 27.8 cm - Material del marco Metal - Tipo de base Nailon resistente - Material del asiento PVC de primera calidad - Mecanismo de desplazamiento Ruedas giratorias de nailon - Densidad del relleno Espuma moldeada de 25 kg\/m\u00b3 + 22 kg\/m\u00b3 - Tama\u00f1o del asiento 54 x 53.5 cm - Altura del respaldo 81.5 cm - \u00c1ngulo de ajuste del respaldo 90\u00ba \u2013 135\u00ba - Ancho del respaldo (altura hombros) 53 cm\" \/>\n<meta property=\"og:url\" content=\"https:\/\/mivoot.com\/gt\/producto\/silla-gaming-death-trooper-thronos-200s-primus\/\" \/>\n<meta property=\"og:site_name\" content=\"Mivoot\" \/>\n<meta property=\"article:publisher\" content=\"https:\/\/www.facebook.com\/mivootgt\" \/>\n<meta property=\"article:modified_time\" content=\"2025-08-28T02:30:41+00:00\" \/>\n<meta property=\"og:image\" content=\"https:\/\/mivoot.com\/gt\/wp-content\/uploads\/2025\/08\/PCH-S103DT-02.webp\" \/>\n\t<meta property=\"og:image:width\" content=\"600\" \/>\n\t<meta property=\"og:image:height\" content=\"600\" \/>\n\t<meta property=\"og:image:type\" content=\"image\/webp\" \/>\n<meta name=\"twitter:card\" content=\"summary_large_image\" \/>\n<meta name=\"twitter:label1\" content=\"Est. reading time\" \/>\n\t<meta name=\"twitter:data1\" content=\"2 minutos\" \/>\n<script type=\"application\/ld+json\" class=\"yoast-schema-graph\">{\"@context\":\"https:\/\/schema.org\",\"@graph\":[{\"@type\":\"WebPage\",\"@id\":\"https:\/\/mivoot.com\/gt\/producto\/silla-gaming-death-trooper-thronos-200s-primus\/\",\"url\":\"https:\/\/mivoot.com\/gt\/producto\/silla-gaming-death-trooper-thronos-200s-primus\/\",\"name\":\"Silla Gaming Death Trooper Thronos 200S Primus - Mivoot\",\"isPartOf\":{\"@id\":\"https:\/\/mivoot.com\/gt\/#website\"},\"primaryImageOfPage\":{\"@id\":\"https:\/\/mivoot.com\/gt\/producto\/silla-gaming-death-trooper-thronos-200s-primus\/#primaryimage\"},\"image\":{\"@id\":\"https:\/\/mivoot.com\/gt\/producto\/silla-gaming-death-trooper-thronos-200s-primus\/#primaryimage\"},\"thumbnailUrl\":\"https:\/\/mivoot.com\/gt\/wp-content\/uploads\/2025\/08\/PCH-S103DT-02.webp\",\"datePublished\":\"2025-08-27T16:53:28+00:00\",\"dateModified\":\"2025-08-28T02:30:41+00:00\",\"breadcrumb\":{\"@id\":\"https:\/\/mivoot.com\/gt\/producto\/silla-gaming-death-trooper-thronos-200s-primus\/#breadcrumb\"},\"inLanguage\":\"es\",\"potentialAction\":[{\"@type\":\"ReadAction\",\"target\":[\"https:\/\/mivoot.com\/gt\/producto\/silla-gaming-death-trooper-thronos-200s-primus\/\"]}]},{\"@type\":\"ImageObject\",\"inLanguage\":\"es\",\"@id\":\"https:\/\/mivoot.com\/gt\/producto\/silla-gaming-death-trooper-thronos-200s-primus\/#primaryimage\",\"url\":\"https:\/\/mivoot.com\/gt\/wp-content\/uploads\/2025\/08\/PCH-S103DT-02.webp\",\"contentUrl\":\"https:\/\/mivoot.com\/gt\/wp-content\/uploads\/2025\/08\/PCH-S103DT-02.webp\",\"width\":600,\"height\":600},{\"@type\":\"BreadcrumbList\",\"@id\":\"https:\/\/mivoot.com\/gt\/producto\/silla-gaming-death-trooper-thronos-200s-primus\/#breadcrumb\",\"itemListElement\":[{\"@type\":\"ListItem\",\"position\":1,\"name\":\"Inicio\",\"item\":\"https:\/\/mivoot.com\/gt\/\"},{\"@type\":\"ListItem\",\"position\":2,\"name\":\"Productos\",\"item\":\"https:\/\/mivoot.com\/gt\/producto\/\"},{\"@type\":\"ListItem\",\"position\":3,\"name\":\"Primus Gaming\",\"item\":\"https:\/\/mivoot.com\/gt\/marca\/primus-gaming\/\"},{\"@type\":\"ListItem\",\"position\":4,\"name\":\"Silla Gaming Death Trooper Thronos 200S Primus\"}]},{\"@type\":\"WebSite\",\"@id\":\"https:\/\/mivoot.com\/gt\/#website\",\"url\":\"https:\/\/mivoot.com\/gt\/\",\"name\":\"Mivoot\",\"description\":\"Mivoot Guatemala | Tienda Online\",\"publisher\":{\"@id\":\"https:\/\/mivoot.com\/gt\/#organization\"},\"alternateName\":\"mivoot\",\"potentialAction\":[{\"@type\":\"SearchAction\",\"target\":{\"@type\":\"EntryPoint\",\"urlTemplate\":\"https:\/\/mivoot.com\/gt\/?s={search_term_string}\"},\"query-input\":{\"@type\":\"PropertyValueSpecification\",\"valueRequired\":true,\"valueName\":\"search_term_string\"}}],\"inLanguage\":\"es\"},{\"@type\":\"Organization\",\"@id\":\"https:\/\/mivoot.com\/gt\/#organization\",\"name\":\"Mivoot Guatemala\",\"alternateName\":\"mivoot.com\",\"url\":\"https:\/\/mivoot.com\/gt\/\",\"logo\":{\"@type\":\"ImageObject\",\"inLanguage\":\"es\",\"@id\":\"https:\/\/mivoot.com\/gt\/#\/schema\/logo\/image\/\",\"url\":\"https:\/\/mivoot.com\/gt\/wp-content\/uploads\/2023\/03\/cropped-icon.png\",\"contentUrl\":\"https:\/\/mivoot.com\/gt\/wp-content\/uploads\/2023\/03\/cropped-icon.png\",\"width\":512,\"height\":512,\"caption\":\"Mivoot Guatemala\"},\"image\":{\"@id\":\"https:\/\/mivoot.com\/gt\/#\/schema\/logo\/image\/\"},\"sameAs\":[\"https:\/\/www.facebook.com\/mivootgt\",\"https:\/\/instagram.com\/mivoot\"]}]}<\/script>\n<!-- \/ Yoast SEO Premium plugin. -->","yoast_head_json":{"title":"Silla Gaming Death Trooper Thronos 200S Primus - Mivoot","robots":{"index":"index","follow":"follow","max-snippet":"max-snippet:-1","max-image-preview":"max-image-preview:large","max-video-preview":"max-video-preview:-1"},"canonical":"https:\/\/mivoot.com\/gt\/producto\/silla-gaming-death-trooper-thronos-200s-primus\/","og_locale":"es_ES","og_type":"article","og_title":"Silla Gaming Death Trooper Thronos 200S Primus","og_description":"- Capacidad de carga m\u00e1xima 140 kg - Control de altura Mecanismo neum\u00e1tico de gas - Altura del asiento 47 cm (m\u00edn) \u2013 57 cm (m\u00e1x) - \u00c1ngulo de inclinaci\u00f3n del asiento 90\u00ba \u2013 130\u00ba - Tipo de reposabrazos 2D (ajustable vertical y horizontal) - Altura del reposabrazos 27.5 cm \u2013 35 cm - Tama\u00f1o del reposabrazos 7.4 x 27.8 cm - Material del marco Metal - Tipo de base Nailon resistente - Material del asiento PVC de primera calidad - Mecanismo de desplazamiento Ruedas giratorias de nailon - Densidad del relleno Espuma moldeada de 25 kg\/m\u00b3 + 22 kg\/m\u00b3 - Tama\u00f1o del asiento 54 x 53.5 cm - Altura del respaldo 81.5 cm - \u00c1ngulo de ajuste del respaldo 90\u00ba \u2013 135\u00ba - Ancho del respaldo (altura hombros) 53 cm","og_url":"https:\/\/mivoot.com\/gt\/producto\/silla-gaming-death-trooper-thronos-200s-primus\/","og_site_name":"Mivoot","article_publisher":"https:\/\/www.facebook.com\/mivootgt","article_modified_time":"2025-08-28T02:30:41+00:00","og_image":[{"width":600,"height":600,"url":"https:\/\/mivoot.com\/gt\/wp-content\/uploads\/2025\/08\/PCH-S103DT-02.webp","type":"image\/webp"}],"twitter_card":"summary_large_image","twitter_misc":{"Est. reading time":"2 minutos"},"schema":{"@context":"https:\/\/schema.org","@graph":[{"@type":"WebPage","@id":"https:\/\/mivoot.com\/gt\/producto\/silla-gaming-death-trooper-thronos-200s-primus\/","url":"https:\/\/mivoot.com\/gt\/producto\/silla-gaming-death-trooper-thronos-200s-primus\/","name":"Silla Gaming Death Trooper Thronos 200S Primus - Mivoot","isPartOf":{"@id":"https:\/\/mivoot.com\/gt\/#website"},"primaryImageOfPage":{"@id":"https:\/\/mivoot.com\/gt\/producto\/silla-gaming-death-trooper-thronos-200s-primus\/#primaryimage"},"image":{"@id":"https:\/\/mivoot.com\/gt\/producto\/silla-gaming-death-trooper-thronos-200s-primus\/#primaryimage"},"thumbnailUrl":"https:\/\/mivoot.com\/gt\/wp-content\/uploads\/2025\/08\/PCH-S103DT-02.webp","datePublished":"2025-08-27T16:53:28+00:00","dateModified":"2025-08-28T02:30:41+00:00","breadcrumb":{"@id":"https:\/\/mivoot.com\/gt\/producto\/silla-gaming-death-trooper-thronos-200s-primus\/#breadcrumb"},"inLanguage":"es","potentialAction":[{"@type":"ReadAction","target":["https:\/\/mivoot.com\/gt\/producto\/silla-gaming-death-trooper-thronos-200s-primus\/"]}]},{"@type":"ImageObject","inLanguage":"es","@id":"https:\/\/mivoot.com\/gt\/producto\/silla-gaming-death-trooper-thronos-200s-primus\/#primaryimage","url":"https:\/\/mivoot.com\/gt\/wp-content\/uploads\/2025\/08\/PCH-S103DT-02.webp","contentUrl":"https:\/\/mivoot.com\/gt\/wp-content\/uploads\/2025\/08\/PCH-S103DT-02.webp","width":600,"height":600},{"@type":"BreadcrumbList","@id":"https:\/\/mivoot.com\/gt\/producto\/silla-gaming-death-trooper-thronos-200s-primus\/#breadcrumb","itemListElement":[{"@type":"ListItem","position":1,"name":"Inicio","item":"https:\/\/mivoot.com\/gt\/"},{"@type":"ListItem","position":2,"name":"Productos","item":"https:\/\/mivoot.com\/gt\/producto\/"},{"@type":"ListItem","position":3,"name":"Primus Gaming","item":"https:\/\/mivoot.com\/gt\/marca\/primus-gaming\/"},{"@type":"ListItem","position":4,"name":"Silla Gaming Death Trooper Thronos 200S Primus"}]},{"@type":"WebSite","@id":"https:\/\/mivoot.com\/gt\/#website","url":"https:\/\/mivoot.com\/gt\/","name":"Mivoot","description":"Mivoot Guatemala | Tienda Online","publisher":{"@id":"https:\/\/mivoot.com\/gt\/#organization"},"alternateName":"mivoot","potentialAction":[{"@type":"SearchAction","target":{"@type":"EntryPoint","urlTemplate":"https:\/\/mivoot.com\/gt\/?s={search_term_string}"},"query-input":{"@type":"PropertyValueSpecification","valueRequired":true,"valueName":"search_term_string"}}],"inLanguage":"es"},{"@type":"Organization","@id":"https:\/\/mivoot.com\/gt\/#organization","name":"Mivoot Guatemala","alternateName":"mivoot.com","url":"https:\/\/mivoot.com\/gt\/","logo":{"@type":"ImageObject","inLanguage":"es","@id":"https:\/\/mivoot.com\/gt\/#\/schema\/logo\/image\/","url":"https:\/\/mivoot.com\/gt\/wp-content\/uploads\/2023\/03\/cropped-icon.png","contentUrl":"https:\/\/mivoot.com\/gt\/wp-content\/uploads\/2023\/03\/cropped-icon.png","width":512,"height":512,"caption":"Mivoot Guatemala"},"image":{"@id":"https:\/\/mivoot.com\/gt\/#\/schema\/logo\/image\/"},"sameAs":["https:\/\/www.facebook.com\/mivootgt","https:\/\/instagram.com\/mivoot"]}]}},"jetpack_publicize_connections":[],"jetpack_sharing_enabled":true,"brands":[{"id":192,"name":"Primus Gaming","slug":"primus-gaming"}],"_links":{"self":[{"href":"https:\/\/mivoot.com\/gt\/wp-json\/wp\/v2\/product\/29612","targetHints":{"allow":["GET"]}}],"collection":[{"href":"https:\/\/mivoot.com\/gt\/wp-json\/wp\/v2\/product"}],"about":[{"href":"https:\/\/mivoot.com\/gt\/wp-json\/wp\/v2\/types\/product"}],"replies":[{"embeddable":true,"href":"https:\/\/mivoot.com\/gt\/wp-json\/wp\/v2\/comments?post=29612"}],"version-history":[{"count":1,"href":"https:\/\/mivoot.com\/gt\/wp-json\/wp\/v2\/product\/29612\/revisions"}],"predecessor-version":[{"id":29618,"href":"https:\/\/mivoot.com\/gt\/wp-json\/wp\/v2\/product\/29612\/revisions\/29618"}],"wp:featuredmedia":[{"embeddable":true,"href":"https:\/\/mivoot.com\/gt\/wp-json\/wp\/v2\/media\/29614"}],"wp:attachment":[{"href":"https:\/\/mivoot.com\/gt\/wp-json\/wp\/v2\/media?parent=29612"}],"wp:term":[{"taxonomy":"pwb-brand","embeddable":true,"href":"https:\/\/mivoot.com\/gt\/wp-json\/wp\/v2\/pwb-brand?post=29612"},{"taxonomy":"product_brand","embeddable":true,"href":"https:\/\/mivoot.com\/gt\/wp-json\/wp\/v2\/product_brand?post=29612"},{"taxonomy":"product_cat","embeddable":true,"href":"https:\/\/mivoot.com\/gt\/wp-json\/wp\/v2\/product_cat?post=29612"},{"taxonomy":"product_tag","embeddable":true,"href":"https:\/\/mivoot.com\/gt\/wp-json\/wp\/v2\/product_tag?post=29612"}],"curies":[{"name":"wp","href":"https:\/\/api.w.org\/{rel}","templated":true}]}}