{"id":29619,"date":"2025-08-27T11:03:53","date_gmt":"2025-08-27T17:03:53","guid":{"rendered":"https:\/\/mivoot.com\/gt\/?post_type=product&#038;p=29619"},"modified":"2025-08-27T20:30:12","modified_gmt":"2025-08-28T02:30:12","slug":"silla-gaming-edicion-spiderman-miles-morales-xtech","status":"publish","type":"product","link":"https:\/\/mivoot.com\/gt\/producto\/silla-gaming-edicion-spiderman-miles-morales-xtech\/","title":{"rendered":"Silla Gaming Edici\u00f3n Spiderman Miles Morales Xtech"},"content":{"rendered":"<div id=\"product-detail-page-title-section-universal\" class=\"w-full\" data-testid=\"product-detail-page-title-section-universal\">\n<h1 id=\"product-detail-page-title-container\" class=\"text-lg font-bold text-max-black-900 3xl:text-2xl\" style=\"text-align: center;\" data-testid=\"product-detail-page-title-container\">Silla XTech Gaming con Altura Ajustable y Reposabrazos Edici\u00f3n Spiderman Miles Morales<\/h1>\n<\/div>\n<div id=\"product-detail-page-quick-availability-sku-section-desktop\" class=\"hidden xl:flex\" data-testid=\"product-detail-page-quick-availability-sku-section-desktop\" aria-label=\"Disponibilidad r\u00e1pida SKU\">\n<div id=\"quick-availability-container-desktop\" class=\"flex w-full flex-row items-center gap-[6px] text-xs\" data-testid=\"quick-availability-container-desktop\">\n<div class=\"row no-gutters align-items-stretch justify-content-center align-content-center\" data-v-7ea75d56=\"\">\n<div class=\"bg-secondary p-4 p-md-5 d-flex flex-column justify-content-center align-items-center col-md-6 order-md-1 col-12 order-1\" data-v-7ea75d56=\"\">\n<p class=\"text-grey text-left banner-text\" data-v-7ea75d56=\"\">Silla para gamers edici\u00f3n Spider- Man Miles Morales, para que disfrutes durante horas de tus videojuegos favoritos<\/p>\n<\/div>\n<\/div>\n<div class=\"row no-gutters align-items-stretch justify-content-center align-content-center\" data-v-7ea75d56=\"\">\n<div class=\"row no-gutters align-items-stretch justify-content-center align-content-center\" data-v-7ea75d56=\"\">\n<div class=\"bg-secondary p-4 p-md-5 d-flex flex-column justify-content-center align-items-center col-md-6 order-md-0 col-12 order-1\" data-v-7ea75d56=\"\">\n<p class=\"text-grey text-left banner-text\" data-v-7ea75d56=\"\">Fabricada con materiales PU y PVC de alta calidad que producen una silla suave y durable. Cuenta con una base de metal negra de 5 puntas con ruedas giratorias de nylon que se mueven sin esfuerzo y un cilindro neum\u00e1tico de gas proporciona estabilidad y soporta hasta 120kg<\/p>\n<\/div>\n<\/div>\n<div class=\"row no-gutters align-items-stretch justify-content-center align-content-center\" data-v-7ea75d56=\"\">\n<h3>Caracter\u00edsticas<\/h3>\n<ul>\n<li>Reposabrazos acolchados brindan soporte continuo durante largas sesiones de juego<\/li>\n<li>Fabricada con materiales PU y PVC de alta calidad que producen una silla suave y durable<\/li>\n<li>La silla se fija en posici\u00f3n recta para ofrecer soporte firme al cuerpo<\/li>\n<li>Cilindro neum\u00e1tico de gas proporciona estabilidad y soporta hasta 120kg<\/li>\n<li>Base de metal negra de 5 puntas con ruedas giratorias de nylon que se mueven sin esfuerzo<\/li>\n<li>Dise\u00f1o innovador para a\u00f1adir a tu colecci\u00f3n de Marvel<\/li>\n<\/ul>\n<h3>\u200bEspecificaciones<\/h3>\n<ul>\n<li><strong>Capacidad de carga m\u00e1x:<\/strong>\u00a0120kg<\/li>\n<li><strong>Control de altura:<\/strong>\u00a0Cilindro neum\u00e1tico de gas confiable<\/li>\n<li><strong>Altura m\u00ednima del asiento:<\/strong>\u00a048cm<\/li>\n<li><strong>Altura m\u00e1xima del asiento:<\/strong>\u00a058cm<\/li>\n<li><strong>Material del marco:<\/strong>\u00a0Madera contrachapada<\/li>\n<li><strong>Tipo de base:<\/strong>\u00a0Base de metal negra de 5 puntas<\/li>\n<li><strong>Material del forro del asiento:<\/strong>\u00a0PU y PVC de alta calidad<\/li>\n<li><strong>Mecanismo de desplazamiento:<\/strong>\u00a0Ruedas giratorias de nylon<\/li>\n<li><strong>Densidad del relleno:<\/strong>\u00a025kg\/m\u00b3<\/li>\n<li><strong>Tama\u00f1o del asiento:<\/strong>\u00a050x48cm<\/li>\n<li><strong>Tipo de reposabrazos:<\/strong>\u00a0Fijo<\/li>\n<li><strong>Altura del reposabrazos:<\/strong>\u00a028,5cm<\/li>\n<li><strong>Altura del respaldo:<\/strong>\u00a072,8cm<\/li>\n<li><strong>Ancho del respaldo:<\/strong>\u00a054,1cm<\/li>\n<li><strong>Color:<\/strong>\u00a0Negro y rojo<\/li>\n<li><strong>Materiales:\u00a0<\/strong>Pl\u00e1stico: 15%, tela: 8%, espuma: 35%, metal: 25%, madera contrachapada: 17%<\/li>\n<li><strong>Tama\u00f1o:\u00a0<\/strong>Largo: 62,4cm, ancho: 65,5cm, altura m\u00ednima: 113cm, altura m\u00e1xima: 123cm<\/li>\n<li><strong>Peso neto:\u00a0<\/strong>12,2kg<\/li>\n<li><strong>Tama\u00f1o del empaque (LaxAnxAl):\u00a0<\/strong>73,4x32x58cm<\/li>\n<li><strong>Peso bruto del empaque:\u00a0<\/strong>13,5kg<\/li>\n<\/ul>\n<\/div>\n<p>&nbsp;<\/p>\n<\/div>\n<\/div>\n<\/div>\n<div id=\"accvent-id\">\n<div id=\"load-accvent-content\" style=\"width: 100% !important; margin: 0px auto;\">\n<div>\n<div id=\"avloading\" style=\"text-align: center; display: none;\">\n<p><img decoding=\"async\" style=\"height: 80px;\" src=\"https:\/\/accvent.com\/scripting\/loading.gif\" \/><\/p>\n<div>Cargando&#8230;<\/div>\n<\/div>\n<p><iframe id=\"aviframe\" style=\"border: none; visibility: visible; overflow: hidden !important; height: 2991px;\" src=\"https:\/\/xtechamericas.com\/es\/sindicado\/?code=XTF-MC100SM\" name=\"aviframe\" width=\"100%\" frameborder=\"0\" scrolling=\"no\"><\/iframe><\/p>\n<\/div>\n<\/div>\n<p><script id=\"accvent-loader\" type=\"text\/javascript\" src=\"https:\/\/accvent.com\/scripting\/loader.js\" data-search=\"XTF-MC100SM\" data-brand=\"XTECH\" data-lang=\"es\">\n            <\/script><\/p>\n<\/div>\n","protected":false},"excerpt":{"rendered":"<p>&#8211; Capacidad de carga m\u00e1x: 120kg<br \/>\n&#8211; Control de altura: Cilindro neum\u00e1tico de gas confiable<br \/>\n&#8211; Altura m\u00ednima del asiento: 48cm<br \/>\n&#8211; Altura m\u00e1xima del asiento: 58cm<br \/>\n&#8211; Material del marco: Madera contrachapada<br \/>\n&#8211; Tipo de base: Base de metal negra de 5 puntas<br \/>\n&#8211; Material del forro del asiento: PU y PVC de alta calidad<br \/>\n&#8211; Mecanismo de desplazamiento: Ruedas giratorias de nylon<br \/>\n&#8211; Densidad del relleno: 25kg\/m\u00b3<br \/>\n&#8211; Tama\u00f1o del asiento: 50x48cm<br \/>\n&#8211; Tipo de reposabrazos: Fijo<br \/>\n&#8211; Altura del reposabrazos: 28,5cm<br \/>\n&#8211; Altura del respaldo: 72,8cm<br \/>\n&#8211; Ancho del respaldo: 54,1cm<br \/>\n&#8211; Color: Negro y rojo<br \/>\n&#8211; Materiales: Pl\u00e1stico: 15%, tela: 8%, espuma: 35%, metal: 25%, madera contrachapada: 17%<br \/>\n&#8211; Tama\u00f1o: Largo: 62,4cm, ancho: 65,5cm, altura m\u00ednima: 113cm, altura m\u00e1xima: 123cm<br \/>\n&#8211; Peso neto: 12,2kg<br \/>\n&#8211; Tama\u00f1o del empaque (LaxAnxAl): 73,4x32x58cm<br \/>\n&#8211; Peso bruto del empaque: 13,5kg<\/p>\n","protected":false},"featured_media":29625,"comment_status":"open","ping_status":"closed","template":"","meta":{"jetpack_publicize_message":"","jetpack_publicize_feature_enabled":true,"jetpack_social_post_already_shared":true,"jetpack_social_options":{"image_generator_settings":{"template":"highway","default_image_id":0,"font":"","enabled":false},"version":2}},"pwb-brand":[78],"product_brand":[],"product_cat":[46],"product_tag":[],"class_list":{"0":"post-29619","1":"product","2":"type-product","3":"status-publish","4":"has-post-thumbnail","6":"pwb-brand-xtech","7":"product_cat-sillas","9":"first","10":"instock","11":"taxable","12":"shipping-taxable","13":"purchasable","14":"product-type-simple"},"yoast_head":"<!-- This site is optimized with the Yoast SEO Premium plugin v25.7.1 (Yoast SEO v26.8) - https:\/\/yoast.com\/product\/yoast-seo-premium-wordpress\/ -->\n<title>Silla Gaming Edici\u00f3n Spiderman Miles Morales Xtech - Mivoot<\/title>\n<meta name=\"robots\" content=\"index, follow, max-snippet:-1, max-image-preview:large, max-video-preview:-1\" \/>\n<link rel=\"canonical\" href=\"https:\/\/mivoot.com\/gt\/producto\/silla-gaming-edicion-spiderman-miles-morales-xtech\/\" \/>\n<meta property=\"og:locale\" content=\"es_ES\" \/>\n<meta property=\"og:type\" content=\"article\" \/>\n<meta property=\"og:title\" content=\"Silla Gaming Edici\u00f3n Spiderman Miles Morales Xtech\" \/>\n<meta property=\"og:description\" content=\"- Capacidad de carga m\u00e1x: 120kg - Control de altura: Cilindro neum\u00e1tico de gas confiable - Altura m\u00ednima del asiento: 48cm - Altura m\u00e1xima del asiento: 58cm - Material del marco: Madera contrachapada - Tipo de base: Base de metal negra de 5 puntas - Material del forro del asiento: PU y PVC de alta calidad - Mecanismo de desplazamiento: Ruedas giratorias de nylon - Densidad del relleno: 25kg\/m\u00b3 - Tama\u00f1o del asiento: 50x48cm - Tipo de reposabrazos: Fijo - Altura del reposabrazos: 28,5cm - Altura del respaldo: 72,8cm - Ancho del respaldo: 54,1cm - Color: Negro y rojo - Materiales: Pl\u00e1stico: 15%, tela: 8%, espuma: 35%, metal: 25%, madera contrachapada: 17% - Tama\u00f1o: Largo: 62,4cm, ancho: 65,5cm, altura m\u00ednima: 113cm, altura m\u00e1xima: 123cm - Peso neto: 12,2kg - Tama\u00f1o del empaque (LaxAnxAl): 73,4x32x58cm - Peso bruto del empaque: 13,5kg\" \/>\n<meta property=\"og:url\" content=\"https:\/\/mivoot.com\/gt\/producto\/silla-gaming-edicion-spiderman-miles-morales-xtech\/\" \/>\n<meta property=\"og:site_name\" content=\"Mivoot\" \/>\n<meta property=\"article:publisher\" content=\"https:\/\/www.facebook.com\/mivootgt\" \/>\n<meta property=\"article:modified_time\" content=\"2025-08-28T02:30:12+00:00\" \/>\n<meta property=\"og:image\" content=\"https:\/\/mivoot.com\/gt\/wp-content\/uploads\/2025\/08\/XTF-MC100SM-03.png\" \/>\n\t<meta property=\"og:image:width\" content=\"519\" \/>\n\t<meta property=\"og:image:height\" content=\"501\" \/>\n\t<meta property=\"og:image:type\" content=\"image\/png\" \/>\n<meta name=\"twitter:card\" content=\"summary_large_image\" \/>\n<meta name=\"twitter:label1\" content=\"Est. reading time\" \/>\n\t<meta name=\"twitter:data1\" content=\"2 minutos\" \/>\n<script type=\"application\/ld+json\" class=\"yoast-schema-graph\">{\"@context\":\"https:\/\/schema.org\",\"@graph\":[{\"@type\":\"WebPage\",\"@id\":\"https:\/\/mivoot.com\/gt\/producto\/silla-gaming-edicion-spiderman-miles-morales-xtech\/\",\"url\":\"https:\/\/mivoot.com\/gt\/producto\/silla-gaming-edicion-spiderman-miles-morales-xtech\/\",\"name\":\"Silla Gaming Edici\u00f3n Spiderman Miles Morales Xtech - Mivoot\",\"isPartOf\":{\"@id\":\"https:\/\/mivoot.com\/gt\/#website\"},\"primaryImageOfPage\":{\"@id\":\"https:\/\/mivoot.com\/gt\/producto\/silla-gaming-edicion-spiderman-miles-morales-xtech\/#primaryimage\"},\"image\":{\"@id\":\"https:\/\/mivoot.com\/gt\/producto\/silla-gaming-edicion-spiderman-miles-morales-xtech\/#primaryimage\"},\"thumbnailUrl\":\"https:\/\/mivoot.com\/gt\/wp-content\/uploads\/2025\/08\/XTF-MC100SM-03.png\",\"datePublished\":\"2025-08-27T17:03:53+00:00\",\"dateModified\":\"2025-08-28T02:30:12+00:00\",\"breadcrumb\":{\"@id\":\"https:\/\/mivoot.com\/gt\/producto\/silla-gaming-edicion-spiderman-miles-morales-xtech\/#breadcrumb\"},\"inLanguage\":\"es\",\"potentialAction\":[{\"@type\":\"ReadAction\",\"target\":[\"https:\/\/mivoot.com\/gt\/producto\/silla-gaming-edicion-spiderman-miles-morales-xtech\/\"]}]},{\"@type\":\"ImageObject\",\"inLanguage\":\"es\",\"@id\":\"https:\/\/mivoot.com\/gt\/producto\/silla-gaming-edicion-spiderman-miles-morales-xtech\/#primaryimage\",\"url\":\"https:\/\/mivoot.com\/gt\/wp-content\/uploads\/2025\/08\/XTF-MC100SM-03.png\",\"contentUrl\":\"https:\/\/mivoot.com\/gt\/wp-content\/uploads\/2025\/08\/XTF-MC100SM-03.png\",\"width\":519,\"height\":501},{\"@type\":\"BreadcrumbList\",\"@id\":\"https:\/\/mivoot.com\/gt\/producto\/silla-gaming-edicion-spiderman-miles-morales-xtech\/#breadcrumb\",\"itemListElement\":[{\"@type\":\"ListItem\",\"position\":1,\"name\":\"Inicio\",\"item\":\"https:\/\/mivoot.com\/gt\/\"},{\"@type\":\"ListItem\",\"position\":2,\"name\":\"Productos\",\"item\":\"https:\/\/mivoot.com\/gt\/producto\/\"},{\"@type\":\"ListItem\",\"position\":3,\"name\":\"Xtech\",\"item\":\"https:\/\/mivoot.com\/gt\/marca\/xtech\/\"},{\"@type\":\"ListItem\",\"position\":4,\"name\":\"Silla Gaming Edici\u00f3n Spiderman Miles Morales Xtech\"}]},{\"@type\":\"WebSite\",\"@id\":\"https:\/\/mivoot.com\/gt\/#website\",\"url\":\"https:\/\/mivoot.com\/gt\/\",\"name\":\"Mivoot\",\"description\":\"Mivoot Guatemala | Tienda Online\",\"publisher\":{\"@id\":\"https:\/\/mivoot.com\/gt\/#organization\"},\"alternateName\":\"mivoot\",\"potentialAction\":[{\"@type\":\"SearchAction\",\"target\":{\"@type\":\"EntryPoint\",\"urlTemplate\":\"https:\/\/mivoot.com\/gt\/?s={search_term_string}\"},\"query-input\":{\"@type\":\"PropertyValueSpecification\",\"valueRequired\":true,\"valueName\":\"search_term_string\"}}],\"inLanguage\":\"es\"},{\"@type\":\"Organization\",\"@id\":\"https:\/\/mivoot.com\/gt\/#organization\",\"name\":\"Mivoot Guatemala\",\"alternateName\":\"mivoot.com\",\"url\":\"https:\/\/mivoot.com\/gt\/\",\"logo\":{\"@type\":\"ImageObject\",\"inLanguage\":\"es\",\"@id\":\"https:\/\/mivoot.com\/gt\/#\/schema\/logo\/image\/\",\"url\":\"https:\/\/mivoot.com\/gt\/wp-content\/uploads\/2023\/03\/cropped-icon.png\",\"contentUrl\":\"https:\/\/mivoot.com\/gt\/wp-content\/uploads\/2023\/03\/cropped-icon.png\",\"width\":512,\"height\":512,\"caption\":\"Mivoot Guatemala\"},\"image\":{\"@id\":\"https:\/\/mivoot.com\/gt\/#\/schema\/logo\/image\/\"},\"sameAs\":[\"https:\/\/www.facebook.com\/mivootgt\",\"https:\/\/instagram.com\/mivoot\"]}]}<\/script>\n<!-- \/ Yoast SEO Premium plugin. -->","yoast_head_json":{"title":"Silla Gaming Edici\u00f3n Spiderman Miles Morales Xtech - Mivoot","robots":{"index":"index","follow":"follow","max-snippet":"max-snippet:-1","max-image-preview":"max-image-preview:large","max-video-preview":"max-video-preview:-1"},"canonical":"https:\/\/mivoot.com\/gt\/producto\/silla-gaming-edicion-spiderman-miles-morales-xtech\/","og_locale":"es_ES","og_type":"article","og_title":"Silla Gaming Edici\u00f3n Spiderman Miles Morales Xtech","og_description":"- Capacidad de carga m\u00e1x: 120kg - Control de altura: Cilindro neum\u00e1tico de gas confiable - Altura m\u00ednima del asiento: 48cm - Altura m\u00e1xima del asiento: 58cm - Material del marco: Madera contrachapada - Tipo de base: Base de metal negra de 5 puntas - Material del forro del asiento: PU y PVC de alta calidad - Mecanismo de desplazamiento: Ruedas giratorias de nylon - Densidad del relleno: 25kg\/m\u00b3 - Tama\u00f1o del asiento: 50x48cm - Tipo de reposabrazos: Fijo - Altura del reposabrazos: 28,5cm - Altura del respaldo: 72,8cm - Ancho del respaldo: 54,1cm - Color: Negro y rojo - Materiales: Pl\u00e1stico: 15%, tela: 8%, espuma: 35%, metal: 25%, madera contrachapada: 17% - Tama\u00f1o: Largo: 62,4cm, ancho: 65,5cm, altura m\u00ednima: 113cm, altura m\u00e1xima: 123cm - Peso neto: 12,2kg - Tama\u00f1o del empaque (LaxAnxAl): 73,4x32x58cm - Peso bruto del empaque: 13,5kg","og_url":"https:\/\/mivoot.com\/gt\/producto\/silla-gaming-edicion-spiderman-miles-morales-xtech\/","og_site_name":"Mivoot","article_publisher":"https:\/\/www.facebook.com\/mivootgt","article_modified_time":"2025-08-28T02:30:12+00:00","og_image":[{"width":519,"height":501,"url":"https:\/\/mivoot.com\/gt\/wp-content\/uploads\/2025\/08\/XTF-MC100SM-03.png","type":"image\/png"}],"twitter_card":"summary_large_image","twitter_misc":{"Est. reading time":"2 minutos"},"schema":{"@context":"https:\/\/schema.org","@graph":[{"@type":"WebPage","@id":"https:\/\/mivoot.com\/gt\/producto\/silla-gaming-edicion-spiderman-miles-morales-xtech\/","url":"https:\/\/mivoot.com\/gt\/producto\/silla-gaming-edicion-spiderman-miles-morales-xtech\/","name":"Silla Gaming Edici\u00f3n Spiderman Miles Morales Xtech - Mivoot","isPartOf":{"@id":"https:\/\/mivoot.com\/gt\/#website"},"primaryImageOfPage":{"@id":"https:\/\/mivoot.com\/gt\/producto\/silla-gaming-edicion-spiderman-miles-morales-xtech\/#primaryimage"},"image":{"@id":"https:\/\/mivoot.com\/gt\/producto\/silla-gaming-edicion-spiderman-miles-morales-xtech\/#primaryimage"},"thumbnailUrl":"https:\/\/mivoot.com\/gt\/wp-content\/uploads\/2025\/08\/XTF-MC100SM-03.png","datePublished":"2025-08-27T17:03:53+00:00","dateModified":"2025-08-28T02:30:12+00:00","breadcrumb":{"@id":"https:\/\/mivoot.com\/gt\/producto\/silla-gaming-edicion-spiderman-miles-morales-xtech\/#breadcrumb"},"inLanguage":"es","potentialAction":[{"@type":"ReadAction","target":["https:\/\/mivoot.com\/gt\/producto\/silla-gaming-edicion-spiderman-miles-morales-xtech\/"]}]},{"@type":"ImageObject","inLanguage":"es","@id":"https:\/\/mivoot.com\/gt\/producto\/silla-gaming-edicion-spiderman-miles-morales-xtech\/#primaryimage","url":"https:\/\/mivoot.com\/gt\/wp-content\/uploads\/2025\/08\/XTF-MC100SM-03.png","contentUrl":"https:\/\/mivoot.com\/gt\/wp-content\/uploads\/2025\/08\/XTF-MC100SM-03.png","width":519,"height":501},{"@type":"BreadcrumbList","@id":"https:\/\/mivoot.com\/gt\/producto\/silla-gaming-edicion-spiderman-miles-morales-xtech\/#breadcrumb","itemListElement":[{"@type":"ListItem","position":1,"name":"Inicio","item":"https:\/\/mivoot.com\/gt\/"},{"@type":"ListItem","position":2,"name":"Productos","item":"https:\/\/mivoot.com\/gt\/producto\/"},{"@type":"ListItem","position":3,"name":"Xtech","item":"https:\/\/mivoot.com\/gt\/marca\/xtech\/"},{"@type":"ListItem","position":4,"name":"Silla Gaming Edici\u00f3n Spiderman Miles Morales Xtech"}]},{"@type":"WebSite","@id":"https:\/\/mivoot.com\/gt\/#website","url":"https:\/\/mivoot.com\/gt\/","name":"Mivoot","description":"Mivoot Guatemala | Tienda Online","publisher":{"@id":"https:\/\/mivoot.com\/gt\/#organization"},"alternateName":"mivoot","potentialAction":[{"@type":"SearchAction","target":{"@type":"EntryPoint","urlTemplate":"https:\/\/mivoot.com\/gt\/?s={search_term_string}"},"query-input":{"@type":"PropertyValueSpecification","valueRequired":true,"valueName":"search_term_string"}}],"inLanguage":"es"},{"@type":"Organization","@id":"https:\/\/mivoot.com\/gt\/#organization","name":"Mivoot Guatemala","alternateName":"mivoot.com","url":"https:\/\/mivoot.com\/gt\/","logo":{"@type":"ImageObject","inLanguage":"es","@id":"https:\/\/mivoot.com\/gt\/#\/schema\/logo\/image\/","url":"https:\/\/mivoot.com\/gt\/wp-content\/uploads\/2023\/03\/cropped-icon.png","contentUrl":"https:\/\/mivoot.com\/gt\/wp-content\/uploads\/2023\/03\/cropped-icon.png","width":512,"height":512,"caption":"Mivoot Guatemala"},"image":{"@id":"https:\/\/mivoot.com\/gt\/#\/schema\/logo\/image\/"},"sameAs":["https:\/\/www.facebook.com\/mivootgt","https:\/\/instagram.com\/mivoot"]}]}},"jetpack_publicize_connections":[],"jetpack_sharing_enabled":true,"brands":[{"id":78,"name":"Xtech","slug":"xtech"}],"_links":{"self":[{"href":"https:\/\/mivoot.com\/gt\/wp-json\/wp\/v2\/product\/29619","targetHints":{"allow":["GET"]}}],"collection":[{"href":"https:\/\/mivoot.com\/gt\/wp-json\/wp\/v2\/product"}],"about":[{"href":"https:\/\/mivoot.com\/gt\/wp-json\/wp\/v2\/types\/product"}],"replies":[{"embeddable":true,"href":"https:\/\/mivoot.com\/gt\/wp-json\/wp\/v2\/comments?post=29619"}],"version-history":[{"count":2,"href":"https:\/\/mivoot.com\/gt\/wp-json\/wp\/v2\/product\/29619\/revisions"}],"predecessor-version":[{"id":29635,"href":"https:\/\/mivoot.com\/gt\/wp-json\/wp\/v2\/product\/29619\/revisions\/29635"}],"wp:featuredmedia":[{"embeddable":true,"href":"https:\/\/mivoot.com\/gt\/wp-json\/wp\/v2\/media\/29625"}],"wp:attachment":[{"href":"https:\/\/mivoot.com\/gt\/wp-json\/wp\/v2\/media?parent=29619"}],"wp:term":[{"taxonomy":"pwb-brand","embeddable":true,"href":"https:\/\/mivoot.com\/gt\/wp-json\/wp\/v2\/pwb-brand?post=29619"},{"taxonomy":"product_brand","embeddable":true,"href":"https:\/\/mivoot.com\/gt\/wp-json\/wp\/v2\/product_brand?post=29619"},{"taxonomy":"product_cat","embeddable":true,"href":"https:\/\/mivoot.com\/gt\/wp-json\/wp\/v2\/product_cat?post=29619"},{"taxonomy":"product_tag","embeddable":true,"href":"https:\/\/mivoot.com\/gt\/wp-json\/wp\/v2\/product_tag?post=29619"}],"curies":[{"name":"wp","href":"https:\/\/api.w.org\/{rel}","templated":true}]}}