{"id":29832,"date":"2025-09-08T13:14:14","date_gmt":"2025-09-08T19:14:14","guid":{"rendered":"https:\/\/mivoot.com\/gt\/?post_type=product&#038;p=29832"},"modified":"2025-09-11T00:00:32","modified_gmt":"2025-09-11T06:00:32","slug":"bocina-bluetooth-30w-sound-outdoor-negro-xiaomi","status":"publish","type":"product","link":"https:\/\/mivoot.com\/gt\/producto\/bocina-bluetooth-30w-sound-outdoor-negro-xiaomi\/","title":{"rendered":"Bocina Bluetooth 30W Sound Outdoor Negro Xiaomi"},"content":{"rendered":"<h1 style=\"text-align: center;\" data-start=\"227\" data-end=\"1018\">Bocina Bluetooth 30W Sound Outdoor Negro Xiaomi<\/h1>\n<p data-start=\"227\" data-end=\"1018\">El Xiaomi Sound Outdoor Speaker es un altavoz inal\u00e1mbrico dise\u00f1ado para ofrecer una experiencia de audio potente y clara, perfecto para exteriores. Con un dise\u00f1o resistente al agua y al polvo, este altavoz permite disfrutar de m\u00fasica en la piscina, la playa o en cualquier reuni\u00f3n al aire libre sin preocupaciones.<\/p>\n<p data-start=\"227\" data-end=\"1018\">Su bater\u00eda de larga duraci\u00f3n proporciona horas continuas de reproducci\u00f3n, mientras que la conectividad Bluetooth asegura una conexi\u00f3n estable y r\u00e1pida con tus dispositivos. Equipado con un dise\u00f1o robusto y pr\u00e1ctico, es f\u00e1cil de transportar y soporta condiciones exigentes sin comprometer la calidad de sonido.<\/p>\n<p data-start=\"227\" data-end=\"1018\">Compatible con diferentes asistentes de voz y aplicaciones de m\u00fasica, garantiza versatilidad y control total sobre tu experiencia auditiva.<\/p>\n<p data-start=\"227\" data-end=\"1018\"><img fetchpriority=\"high\" decoding=\"async\" class=\"alignnone size-full wp-image-29834\" src=\"https:\/\/mivoot.com\/gt\/wp-content\/uploads\/2025\/09\/xiaomi-soun-outdoor-0.png\" alt=\"\" width=\"1522\" height=\"774\" srcset=\"https:\/\/mivoot.com\/gt\/wp-content\/uploads\/2025\/09\/xiaomi-soun-outdoor-0.png 1522w, https:\/\/mivoot.com\/gt\/wp-content\/uploads\/2025\/09\/xiaomi-soun-outdoor-0-410x209.png 410w, https:\/\/mivoot.com\/gt\/wp-content\/uploads\/2025\/09\/xiaomi-soun-outdoor-0-64x33.png 64w, https:\/\/mivoot.com\/gt\/wp-content\/uploads\/2025\/09\/xiaomi-soun-outdoor-0-300x153.png 300w, https:\/\/mivoot.com\/gt\/wp-content\/uploads\/2025\/09\/xiaomi-soun-outdoor-0-768x391.png 768w, https:\/\/mivoot.com\/gt\/wp-content\/uploads\/2025\/09\/xiaomi-soun-outdoor-0-18x9.png 18w, https:\/\/mivoot.com\/gt\/wp-content\/uploads\/2025\/09\/xiaomi-soun-outdoor-0-600x305.png 600w\" sizes=\"(max-width: 1522px) 100vw, 1522px\" \/><\/p>\n<h3>Perfectamente ajustado para una calidad de sonido magistral<\/h3>\n<p>1. Equilibrio din\u00e1mico: Experimente un audio natural y cautivador gracias a la ecualizaci\u00f3n autom\u00e1tica de los diferentes componentes de frecuencia.<br \/>\n2. Equilibrio de volumen inteligente: Los niveles de volumen se ajustan autom\u00e1ticamente en funci\u00f3n de los elementos de la m\u00fasica para garantizar una reproducci\u00f3n precisa de los detalles incluso a vol\u00famenes bajos.<br \/>\n3. Extensi\u00f3n din\u00e1mica del woofer: Sum\u00e9rjase en frecuencias incre\u00edblemente bajas, rompiendo los confines de la cavidad del woofer para obtener un altavoz compacto que puede ofrecer graves potentes.<\/p>\n<h3>Bater\u00eda de duraci\u00f3n ultralarga de 12 horas<\/h3>\n<p>Escucha ininterrumpida<br \/>\nDisfruta de hasta 12 horas de reproducci\u00f3n ininterrumpida con una carga completa, lo que lo hace perfecto para fiestas y picnics \u00e9picos. Admite carga r\u00e1pida tipo C de 15 W para disfrutar de una experiencia m\u00e1s duradera.<\/p>\n<ol>\n<li>2,5 horas: Completamente cargado<\/li>\n<li>12 horas: (50% volumen) Reproducci\u00f3n por Bluetooth<\/li>\n<\/ol>\n<h3>Dise\u00f1o exquisito<\/h3>\n<ul>\n<li>Gran sonido, gran apariencia<\/li>\n<li>\u2013 Curvas refinadas: Elegante y port\u00e1til, f\u00e1cil de sostener con una mano.<\/li>\n<li>\u2013 El cuerpo adopta un dise\u00f1o curvo y liviano, lo que facilita el agarre y te permite disfrutar de la m\u00fasica sin esfuerzo dondequiera que vayas. Ya sea que est\u00e9s en casa, al aire libre o de viaje, tu m\u00fasica siempre estar\u00e1 a tu lado.<\/li>\n<\/ul>\n<p data-start=\"227\" data-end=\"1018\"><img decoding=\"async\" class=\"alignnone size-full wp-image-29838\" src=\"https:\/\/mivoot.com\/gt\/wp-content\/uploads\/2025\/09\/xiaomi-soun-outdoor-05.png\" alt=\"\" width=\"1342\" height=\"595\" srcset=\"https:\/\/mivoot.com\/gt\/wp-content\/uploads\/2025\/09\/xiaomi-soun-outdoor-05.png 1342w, https:\/\/mivoot.com\/gt\/wp-content\/uploads\/2025\/09\/xiaomi-soun-outdoor-05-410x182.png 410w, https:\/\/mivoot.com\/gt\/wp-content\/uploads\/2025\/09\/xiaomi-soun-outdoor-05-64x28.png 64w, https:\/\/mivoot.com\/gt\/wp-content\/uploads\/2025\/09\/xiaomi-soun-outdoor-05-300x133.png 300w, https:\/\/mivoot.com\/gt\/wp-content\/uploads\/2025\/09\/xiaomi-soun-outdoor-05-768x341.png 768w, https:\/\/mivoot.com\/gt\/wp-content\/uploads\/2025\/09\/xiaomi-soun-outdoor-05-18x8.png 18w, https:\/\/mivoot.com\/gt\/wp-content\/uploads\/2025\/09\/xiaomi-soun-outdoor-05-600x266.png 600w\" sizes=\"(max-width: 1342px) 100vw, 1342px\" \/> <img decoding=\"async\" class=\"alignnone size-full wp-image-29839\" src=\"https:\/\/mivoot.com\/gt\/wp-content\/uploads\/2025\/09\/xiaomi-soun-outdoor-06.png\" alt=\"\" width=\"1436\" height=\"802\" srcset=\"https:\/\/mivoot.com\/gt\/wp-content\/uploads\/2025\/09\/xiaomi-soun-outdoor-06.png 1436w, https:\/\/mivoot.com\/gt\/wp-content\/uploads\/2025\/09\/xiaomi-soun-outdoor-06-410x229.png 410w, https:\/\/mivoot.com\/gt\/wp-content\/uploads\/2025\/09\/xiaomi-soun-outdoor-06-64x36.png 64w, https:\/\/mivoot.com\/gt\/wp-content\/uploads\/2025\/09\/xiaomi-soun-outdoor-06-300x168.png 300w, https:\/\/mivoot.com\/gt\/wp-content\/uploads\/2025\/09\/xiaomi-soun-outdoor-06-768x429.png 768w, https:\/\/mivoot.com\/gt\/wp-content\/uploads\/2025\/09\/xiaomi-soun-outdoor-06-18x10.png 18w, https:\/\/mivoot.com\/gt\/wp-content\/uploads\/2025\/09\/xiaomi-soun-outdoor-06-600x335.png 600w\" sizes=\"(max-width: 1436px) 100vw, 1436px\" \/> <img loading=\"lazy\" decoding=\"async\" class=\"alignnone size-full wp-image-29840\" src=\"https:\/\/mivoot.com\/gt\/wp-content\/uploads\/2025\/09\/xiaomi-soun-outdoor-07.png\" alt=\"\" width=\"1333\" height=\"789\" srcset=\"https:\/\/mivoot.com\/gt\/wp-content\/uploads\/2025\/09\/xiaomi-soun-outdoor-07.png 1333w, https:\/\/mivoot.com\/gt\/wp-content\/uploads\/2025\/09\/xiaomi-soun-outdoor-07-410x243.png 410w, https:\/\/mivoot.com\/gt\/wp-content\/uploads\/2025\/09\/xiaomi-soun-outdoor-07-64x38.png 64w, https:\/\/mivoot.com\/gt\/wp-content\/uploads\/2025\/09\/xiaomi-soun-outdoor-07-300x178.png 300w, https:\/\/mivoot.com\/gt\/wp-content\/uploads\/2025\/09\/xiaomi-soun-outdoor-07-768x455.png 768w, https:\/\/mivoot.com\/gt\/wp-content\/uploads\/2025\/09\/xiaomi-soun-outdoor-07-18x12.png 18w, https:\/\/mivoot.com\/gt\/wp-content\/uploads\/2025\/09\/xiaomi-soun-outdoor-07-600x355.png 600w\" sizes=\"(max-width: 1333px) 100vw, 1333px\" \/><\/p>\n<ul>\n<li class=\" lazy\" data-type=\"bg\" data-id=\"4855ca3b25\" data-loaded=\"true\"><span class=\"xm-text f-bold \" data-key=\"spec_2\" data-type=\"text\" data-id=\"045aee701b\"><span dir=\"auto\">Nombre<\/span><\/span><span class=\"xm-text f-regular \" data-key=\"spec_3\" data-type=\"text\" data-id=\"7be83c586d\"><span dir=\"auto\">Sonido Xiaomi para exteriores<\/span><\/span><\/li>\n<li class=\" lazy\" data-type=\"bg\" data-id=\"d9d42ca4ae\" data-loaded=\"true\"><span class=\"xm-text f-bold \" data-key=\"spec_4\" data-type=\"text\" data-id=\"88bb9174f3\"><span dir=\"auto\">Modelo<\/span><\/span><span class=\"xm-text f-regular \" data-key=\"spec_5\" data-type=\"text\" data-id=\"e210ffeccd\"><span dir=\"auto\">MDZ-38-DB<\/span><\/span><\/li>\n<li class=\" lazy\" data-type=\"bg\" data-id=\"5ee472d897\" data-loaded=\"true\"><span class=\"xm-text f-bold \" data-key=\"spec_6\" data-type=\"text\" data-id=\"beeaa5435d\"><span dir=\"auto\">Color<\/span><\/span><span class=\"xm-text f-regular \" data-key=\"spec_7\" data-type=\"text\" data-id=\"728cbbddf1\"><span dir=\"auto\">Negro\/Azul\/Rojo\/Dorado\/Verde<\/span><\/span><\/li>\n<li class=\" lazy\" data-type=\"bg\" data-id=\"f7bac650e7\" data-loaded=\"true\"><span class=\"xm-text f-bold \" data-key=\"spec_8\" data-type=\"text\" data-id=\"f5b7e51b9f\"><span dir=\"auto\">Dimensiones del producto<\/span><\/span><span class=\"xm-text f-regular \" data-key=\"spec_9\" data-type=\"text\" data-id=\"4a9f470e20\"><span dir=\"auto\">196,6 mm x 68 mm x 66 mm<\/span><\/span><\/li>\n<li class=\" lazy\" data-type=\"bg\" data-id=\"a1635da260\" data-loaded=\"true\"><span class=\"xm-text f-bold \" data-key=\"spec_10\" data-type=\"text\" data-id=\"d540a9e800\"><span dir=\"auto\">Peso neto<\/span><\/span><span class=\"xm-text f-regular \" data-key=\"spec_11\" data-type=\"text\" data-id=\"1bdfc2767d\"><span dir=\"auto\">Aprox. 597 g<\/span><\/span><\/li>\n<li class=\" lazy\" data-type=\"bg\" data-id=\"88e9af6eb0\" data-loaded=\"true\"><span class=\"xm-text f-bold \" data-key=\"spec_12\" data-type=\"text\" data-id=\"b5fd344481\"><span dir=\"auto\">Potencia de salida nominal<\/span><\/span><span class=\"xm-text f-regular \" data-key=\"spec_13\" data-type=\"text\" data-id=\"43a503c188\"><span dir=\"auto\">1\u00d720W, 1\u00d710W<\/span><\/span><\/li>\n<li class=\" lazy\" data-type=\"bg\" data-id=\"8a8e6cad32\" data-loaded=\"true\"><span class=\"xm-text f-bold \" data-key=\"spec_14\" data-type=\"text\" data-id=\"c4f0626395\"><span dir=\"auto\">Rango de frecuencia<\/span><\/span><span class=\"xm-text f-regular \" data-key=\"spec_15\" data-type=\"text\" data-id=\"6162f7b8db\"><span dir=\"auto\">60 Hz a 20 kHz<\/span><\/span><\/li>\n<li class=\" lazy\" data-type=\"bg\" data-id=\"09f8ae4b56\" data-loaded=\"true\"><span class=\"xm-text f-bold \" data-key=\"spec_16\" data-type=\"text\" data-id=\"d8dff0eebb\"><span dir=\"auto\">Relaci\u00f3n se\u00f1al-ruido<\/span><\/span><span class=\"xm-text f-regular \" data-key=\"spec_17\" data-type=\"text\" data-id=\"5394d4a81e\"><span dir=\"auto\">\u226580 dB<\/span><\/span><\/li>\n<li class=\" lazy\" data-type=\"bg\" data-id=\"d8d601cac8\" data-loaded=\"true\"><span class=\"xm-text f-bold \" data-key=\"spec_18\" data-type=\"text\" data-id=\"ca732c87fb\"><span dir=\"auto\">Bater\u00eda<\/span><\/span><span class=\"xm-text f-regular \" data-key=\"spec_19\" data-type=\"text\" data-id=\"ea3ddd863b\"><span dir=\"auto\">Iones de litio, 7,2 V, 2600 mAh<\/span><\/span><\/li>\n<li class=\" lazy\" data-type=\"bg\" data-id=\"d9cfaada2d\" data-loaded=\"true\"><span class=\"xm-text f-bold \" data-key=\"spec_20\" data-type=\"text\" data-id=\"020c0ce71c\"><span dir=\"auto\">Carga de la bater\u00eda<\/span><\/span><span class=\"xm-text f-regular \" data-key=\"spec_21\" data-type=\"text\" data-id=\"f7edbea1a1\"><span dir=\"auto\">5 V 3 A, 2,5 horas<\/span><\/span><\/li>\n<li class=\" lazy\" data-type=\"bg\" data-id=\"ada3b6f806\" data-loaded=\"true\"><span class=\"xm-text f-bold \" data-key=\"spec_22\" data-type=\"text\" data-id=\"a3faa8d8c7\"><span dir=\"auto\">Versi\u00f3n de Bluetooth<\/span><\/span><span class=\"xm-text f-regular \" data-key=\"spec_23\" data-type=\"text\" data-id=\"29fdc3a1dd\"><span dir=\"auto\">5.4<\/span><\/span><\/li>\n<li class=\" lazy\" data-type=\"bg\" data-id=\"e263443fff\" data-loaded=\"true\"><span class=\"xm-text f-bold \" data-key=\"spec_24\" data-type=\"text\" data-id=\"3027bcb2c6\"><span dir=\"auto\">Distancia de transmisi\u00f3n<\/span><\/span><span class=\"xm-text f-regular \" data-key=\"spec_25\" data-type=\"text\" data-id=\"1671400bc4\"><span dir=\"auto\">25 metros<\/span><\/span><\/li>\n<li class=\" lazy\" data-type=\"bg\" data-id=\"4c25e88fa7\" data-loaded=\"true\"><span class=\"xm-text f-bold \" data-key=\"spec_26\" data-type=\"text\" data-id=\"e79673359b\"><span dir=\"auto\">Tiempo de reproducci\u00f3n<\/span><\/span><span class=\"xm-text f-regular \" data-key=\"spec_27\" data-type=\"text\" data-id=\"eb1203a49a\"><span dir=\"auto\">Aprox. 12 horas (al 50% del volumen)<\/span><\/span><\/li>\n<li class=\" lazy\" data-type=\"bg\" data-id=\"7dcb2c03ed\" data-loaded=\"true\"><span class=\"xm-text f-bold \" data-key=\"spec_28\" data-type=\"text\" data-id=\"5399165715\"><span dir=\"auto\">Impermeable<\/span><\/span><span class=\"xm-text f-regular \" data-key=\"spec_29\" data-type=\"text\" data-id=\"cbd9c3156f\"><span dir=\"auto\">IP67<\/span><\/span><\/li>\n<li class=\" lazy\" data-type=\"bg\" data-id=\"f4e5a1b418\" data-loaded=\"true\"><span class=\"xm-text f-bold \" data-key=\"spec_30\" data-type=\"text\" data-id=\"e6e80dde40\"><span dir=\"auto\">Par est\u00e9reo (TWS)<\/span><\/span><span class=\"xm-text f-regular \" data-key=\"spec_31\" data-type=\"text\" data-id=\"35fab797c9\"><span dir=\"auto\">S\u00ed<\/span><\/span><\/li>\n<li class=\" lazy\" data-type=\"bg\" data-id=\"4adbd742f5\" data-loaded=\"true\"><span class=\"xm-text f-bold \" data-key=\"spec_32\" data-type=\"text\" data-id=\"1c9795f007\"><span dir=\"auto\">Par de altavoces m\u00faltiples<\/span><\/span><span class=\"xm-text f-regular \" data-key=\"spec_33\" data-type=\"text\" data-id=\"14c70cca01\"><span dir=\"auto\">S\u00ed, \u2264100 unidades<\/span><\/span><\/li>\n<li class=\" lazy\" data-type=\"bg\" data-id=\"584268da73\" data-loaded=\"true\"><span class=\"xm-text f-bold \" data-key=\"spec_34\" data-type=\"text\" data-id=\"0e1b4d0972\"><span dir=\"auto\">Micr\u00f3fono<\/span><\/span><span class=\"xm-text f-regular \" data-key=\"spec_35\" data-type=\"text\" data-id=\"9491ddc26b\"><span dir=\"auto\">S\u00ed<\/span><\/span><\/li>\n<\/ul>\n","protected":false},"excerpt":{"rendered":"<p>&#8211; Dise\u00f1o compacto y port\u00e1til de 30W de potencia<br \/>\n&#8211; Conecta dos altavoces para armar un sonido est\u00e9reo<br \/>\n&#8211; Posibilidad de conectar hasta 100 altavoces del mismo modelo<br \/>\n&#8211; Potencia de salida nominal 1\u00d720 W, 1\u00d710 W<br \/>\n&#8211; Rango de frecuencia 60 Hz a 20 KHz<br \/>\n&#8211; Relaci\u00f3n se\u00f1al-ruido \u226580dB<br \/>\n&#8211; Bater\u00eda Iones de litio, 7,2 V, 2600 mAh<br \/>\n&#8211; Carga de la bater\u00eda 5 V 3 A, 2,5 horas<br \/>\n&#8211; Versi\u00f3n de Bluetooth 5.4<br \/>\n&#8211; Distancia de transmisi\u00f3n 25 metros<br \/>\n&#8211; Tiempo de reproducci\u00f3n Aprox. 12 horas (al 50% del volumen)<br \/>\n&#8211; Impermeable IP67<br \/>\n&#8211; Par est\u00e9reo (TWS) S\u00ed<br \/>\n&#8211; Par de altavoces m\u00faltiples S\u00ed, \u2264100 unidades<br \/>\n&#8211; Micr\u00f3fono S\u00ed<br \/>\n&#8211; Dimensiones del producto 196,6 mm x 68 mm x 66 mm<br \/>\n&#8211; Peso neto Aprox. 597g<\/p>\n","protected":false},"featured_media":29833,"comment_status":"open","ping_status":"closed","template":"","meta":{"jetpack_publicize_message":"","jetpack_publicize_feature_enabled":true,"jetpack_social_post_already_shared":true,"jetpack_social_options":{"image_generator_settings":{"template":"highway","default_image_id":0,"font":"","enabled":false},"version":2}},"pwb-brand":[],"product_brand":[],"product_cat":[26],"product_tag":[],"class_list":{"0":"post-29832","1":"product","2":"type-product","3":"status-publish","4":"has-post-thumbnail","6":"product_cat-bocinas","8":"first","9":"instock","10":"taxable","11":"shipping-taxable","12":"purchasable","13":"product-type-simple"},"yoast_head":"<!-- This site is optimized with the Yoast SEO Premium plugin v25.7.1 (Yoast SEO v26.8) - https:\/\/yoast.com\/product\/yoast-seo-premium-wordpress\/ -->\n<title>Bocina Bluetooth 30W Sound Outdoor Negro Xiaomi - Mivoot<\/title>\n<meta name=\"robots\" content=\"index, follow, max-snippet:-1, max-image-preview:large, max-video-preview:-1\" \/>\n<link rel=\"canonical\" href=\"https:\/\/mivoot.com\/gt\/producto\/bocina-bluetooth-30w-sound-outdoor-negro-xiaomi\/\" \/>\n<meta property=\"og:locale\" content=\"es_ES\" \/>\n<meta property=\"og:type\" content=\"article\" \/>\n<meta property=\"og:title\" content=\"Bocina Bluetooth 30W Sound Outdoor Negro Xiaomi\" \/>\n<meta property=\"og:description\" content=\"- Dise\u00f1o compacto y port\u00e1til de 30W de potencia - Conecta dos altavoces para armar un sonido est\u00e9reo - Posibilidad de conectar hasta 100 altavoces del mismo modelo - Potencia de salida nominal 1\u00d720 W, 1\u00d710 W - Rango de frecuencia 60 Hz a 20 KHz - Relaci\u00f3n se\u00f1al-ruido \u226580dB - Bater\u00eda Iones de litio, 7,2 V, 2600 mAh - Carga de la bater\u00eda 5 V 3 A, 2,5 horas - Versi\u00f3n de Bluetooth 5.4 - Distancia de transmisi\u00f3n 25 metros - Tiempo de reproducci\u00f3n Aprox. 12 horas (al 50% del volumen) - Impermeable IP67 - Par est\u00e9reo (TWS) S\u00ed - Par de altavoces m\u00faltiples S\u00ed, \u2264100 unidades - Micr\u00f3fono S\u00ed - Dimensiones del producto 196,6 mm x 68 mm x 66 mm - Peso neto Aprox. 597g\" \/>\n<meta property=\"og:url\" content=\"https:\/\/mivoot.com\/gt\/producto\/bocina-bluetooth-30w-sound-outdoor-negro-xiaomi\/\" \/>\n<meta property=\"og:site_name\" content=\"Mivoot\" \/>\n<meta property=\"article:publisher\" content=\"https:\/\/www.facebook.com\/mivootgt\" \/>\n<meta property=\"article:modified_time\" content=\"2025-09-11T06:00:32+00:00\" \/>\n<meta property=\"og:image\" content=\"https:\/\/mivoot.com\/gt\/wp-content\/uploads\/2025\/09\/xiaomi-soun-outdoor-0.jpg\" \/>\n\t<meta property=\"og:image:width\" content=\"1200\" \/>\n\t<meta property=\"og:image:height\" content=\"1200\" \/>\n\t<meta property=\"og:image:type\" content=\"image\/jpeg\" \/>\n<meta name=\"twitter:card\" content=\"summary_large_image\" \/>\n<meta name=\"twitter:label1\" content=\"Est. reading time\" \/>\n\t<meta name=\"twitter:data1\" content=\"3 minutos\" \/>\n<script type=\"application\/ld+json\" class=\"yoast-schema-graph\">{\"@context\":\"https:\/\/schema.org\",\"@graph\":[{\"@type\":\"WebPage\",\"@id\":\"https:\/\/mivoot.com\/gt\/producto\/bocina-bluetooth-30w-sound-outdoor-negro-xiaomi\/\",\"url\":\"https:\/\/mivoot.com\/gt\/producto\/bocina-bluetooth-30w-sound-outdoor-negro-xiaomi\/\",\"name\":\"Bocina Bluetooth 30W Sound Outdoor Negro Xiaomi - Mivoot\",\"isPartOf\":{\"@id\":\"https:\/\/mivoot.com\/gt\/#website\"},\"primaryImageOfPage\":{\"@id\":\"https:\/\/mivoot.com\/gt\/producto\/bocina-bluetooth-30w-sound-outdoor-negro-xiaomi\/#primaryimage\"},\"image\":{\"@id\":\"https:\/\/mivoot.com\/gt\/producto\/bocina-bluetooth-30w-sound-outdoor-negro-xiaomi\/#primaryimage\"},\"thumbnailUrl\":\"https:\/\/mivoot.com\/gt\/wp-content\/uploads\/2025\/09\/xiaomi-soun-outdoor-0.jpg\",\"datePublished\":\"2025-09-08T19:14:14+00:00\",\"dateModified\":\"2025-09-11T06:00:32+00:00\",\"breadcrumb\":{\"@id\":\"https:\/\/mivoot.com\/gt\/producto\/bocina-bluetooth-30w-sound-outdoor-negro-xiaomi\/#breadcrumb\"},\"inLanguage\":\"es\",\"potentialAction\":[{\"@type\":\"ReadAction\",\"target\":[\"https:\/\/mivoot.com\/gt\/producto\/bocina-bluetooth-30w-sound-outdoor-negro-xiaomi\/\"]}]},{\"@type\":\"ImageObject\",\"inLanguage\":\"es\",\"@id\":\"https:\/\/mivoot.com\/gt\/producto\/bocina-bluetooth-30w-sound-outdoor-negro-xiaomi\/#primaryimage\",\"url\":\"https:\/\/mivoot.com\/gt\/wp-content\/uploads\/2025\/09\/xiaomi-soun-outdoor-0.jpg\",\"contentUrl\":\"https:\/\/mivoot.com\/gt\/wp-content\/uploads\/2025\/09\/xiaomi-soun-outdoor-0.jpg\",\"width\":1200,\"height\":1200},{\"@type\":\"BreadcrumbList\",\"@id\":\"https:\/\/mivoot.com\/gt\/producto\/bocina-bluetooth-30w-sound-outdoor-negro-xiaomi\/#breadcrumb\",\"itemListElement\":[{\"@type\":\"ListItem\",\"position\":1,\"name\":\"Inicio\",\"item\":\"https:\/\/mivoot.com\/gt\/\"},{\"@type\":\"ListItem\",\"position\":2,\"name\":\"Productos\",\"item\":\"https:\/\/mivoot.com\/gt\/producto\/\"},{\"@type\":\"ListItem\",\"position\":3,\"name\":\"Bocina Bluetooth 30W Sound Outdoor Negro Xiaomi\"}]},{\"@type\":\"WebSite\",\"@id\":\"https:\/\/mivoot.com\/gt\/#website\",\"url\":\"https:\/\/mivoot.com\/gt\/\",\"name\":\"Mivoot\",\"description\":\"Mivoot Guatemala | Tienda Online\",\"publisher\":{\"@id\":\"https:\/\/mivoot.com\/gt\/#organization\"},\"alternateName\":\"mivoot\",\"potentialAction\":[{\"@type\":\"SearchAction\",\"target\":{\"@type\":\"EntryPoint\",\"urlTemplate\":\"https:\/\/mivoot.com\/gt\/?s={search_term_string}\"},\"query-input\":{\"@type\":\"PropertyValueSpecification\",\"valueRequired\":true,\"valueName\":\"search_term_string\"}}],\"inLanguage\":\"es\"},{\"@type\":\"Organization\",\"@id\":\"https:\/\/mivoot.com\/gt\/#organization\",\"name\":\"Mivoot Guatemala\",\"alternateName\":\"mivoot.com\",\"url\":\"https:\/\/mivoot.com\/gt\/\",\"logo\":{\"@type\":\"ImageObject\",\"inLanguage\":\"es\",\"@id\":\"https:\/\/mivoot.com\/gt\/#\/schema\/logo\/image\/\",\"url\":\"https:\/\/mivoot.com\/gt\/wp-content\/uploads\/2023\/03\/cropped-icon.png\",\"contentUrl\":\"https:\/\/mivoot.com\/gt\/wp-content\/uploads\/2023\/03\/cropped-icon.png\",\"width\":512,\"height\":512,\"caption\":\"Mivoot Guatemala\"},\"image\":{\"@id\":\"https:\/\/mivoot.com\/gt\/#\/schema\/logo\/image\/\"},\"sameAs\":[\"https:\/\/www.facebook.com\/mivootgt\",\"https:\/\/instagram.com\/mivoot\"]}]}<\/script>\n<!-- \/ Yoast SEO Premium plugin. -->","yoast_head_json":{"title":"Bocina Bluetooth 30W Sound Outdoor Negro Xiaomi - Mivoot","robots":{"index":"index","follow":"follow","max-snippet":"max-snippet:-1","max-image-preview":"max-image-preview:large","max-video-preview":"max-video-preview:-1"},"canonical":"https:\/\/mivoot.com\/gt\/producto\/bocina-bluetooth-30w-sound-outdoor-negro-xiaomi\/","og_locale":"es_ES","og_type":"article","og_title":"Bocina Bluetooth 30W Sound Outdoor Negro Xiaomi","og_description":"- Dise\u00f1o compacto y port\u00e1til de 30W de potencia - Conecta dos altavoces para armar un sonido est\u00e9reo - Posibilidad de conectar hasta 100 altavoces del mismo modelo - Potencia de salida nominal 1\u00d720 W, 1\u00d710 W - Rango de frecuencia 60 Hz a 20 KHz - Relaci\u00f3n se\u00f1al-ruido \u226580dB - Bater\u00eda Iones de litio, 7,2 V, 2600 mAh - Carga de la bater\u00eda 5 V 3 A, 2,5 horas - Versi\u00f3n de Bluetooth 5.4 - Distancia de transmisi\u00f3n 25 metros - Tiempo de reproducci\u00f3n Aprox. 12 horas (al 50% del volumen) - Impermeable IP67 - Par est\u00e9reo (TWS) S\u00ed - Par de altavoces m\u00faltiples S\u00ed, \u2264100 unidades - Micr\u00f3fono S\u00ed - Dimensiones del producto 196,6 mm x 68 mm x 66 mm - Peso neto Aprox. 597g","og_url":"https:\/\/mivoot.com\/gt\/producto\/bocina-bluetooth-30w-sound-outdoor-negro-xiaomi\/","og_site_name":"Mivoot","article_publisher":"https:\/\/www.facebook.com\/mivootgt","article_modified_time":"2025-09-11T06:00:32+00:00","og_image":[{"width":1200,"height":1200,"url":"https:\/\/mivoot.com\/gt\/wp-content\/uploads\/2025\/09\/xiaomi-soun-outdoor-0.jpg","type":"image\/jpeg"}],"twitter_card":"summary_large_image","twitter_misc":{"Est. reading time":"3 minutos"},"schema":{"@context":"https:\/\/schema.org","@graph":[{"@type":"WebPage","@id":"https:\/\/mivoot.com\/gt\/producto\/bocina-bluetooth-30w-sound-outdoor-negro-xiaomi\/","url":"https:\/\/mivoot.com\/gt\/producto\/bocina-bluetooth-30w-sound-outdoor-negro-xiaomi\/","name":"Bocina Bluetooth 30W Sound Outdoor Negro Xiaomi - Mivoot","isPartOf":{"@id":"https:\/\/mivoot.com\/gt\/#website"},"primaryImageOfPage":{"@id":"https:\/\/mivoot.com\/gt\/producto\/bocina-bluetooth-30w-sound-outdoor-negro-xiaomi\/#primaryimage"},"image":{"@id":"https:\/\/mivoot.com\/gt\/producto\/bocina-bluetooth-30w-sound-outdoor-negro-xiaomi\/#primaryimage"},"thumbnailUrl":"https:\/\/mivoot.com\/gt\/wp-content\/uploads\/2025\/09\/xiaomi-soun-outdoor-0.jpg","datePublished":"2025-09-08T19:14:14+00:00","dateModified":"2025-09-11T06:00:32+00:00","breadcrumb":{"@id":"https:\/\/mivoot.com\/gt\/producto\/bocina-bluetooth-30w-sound-outdoor-negro-xiaomi\/#breadcrumb"},"inLanguage":"es","potentialAction":[{"@type":"ReadAction","target":["https:\/\/mivoot.com\/gt\/producto\/bocina-bluetooth-30w-sound-outdoor-negro-xiaomi\/"]}]},{"@type":"ImageObject","inLanguage":"es","@id":"https:\/\/mivoot.com\/gt\/producto\/bocina-bluetooth-30w-sound-outdoor-negro-xiaomi\/#primaryimage","url":"https:\/\/mivoot.com\/gt\/wp-content\/uploads\/2025\/09\/xiaomi-soun-outdoor-0.jpg","contentUrl":"https:\/\/mivoot.com\/gt\/wp-content\/uploads\/2025\/09\/xiaomi-soun-outdoor-0.jpg","width":1200,"height":1200},{"@type":"BreadcrumbList","@id":"https:\/\/mivoot.com\/gt\/producto\/bocina-bluetooth-30w-sound-outdoor-negro-xiaomi\/#breadcrumb","itemListElement":[{"@type":"ListItem","position":1,"name":"Inicio","item":"https:\/\/mivoot.com\/gt\/"},{"@type":"ListItem","position":2,"name":"Productos","item":"https:\/\/mivoot.com\/gt\/producto\/"},{"@type":"ListItem","position":3,"name":"Bocina Bluetooth 30W Sound Outdoor Negro Xiaomi"}]},{"@type":"WebSite","@id":"https:\/\/mivoot.com\/gt\/#website","url":"https:\/\/mivoot.com\/gt\/","name":"Mivoot","description":"Mivoot Guatemala | Tienda Online","publisher":{"@id":"https:\/\/mivoot.com\/gt\/#organization"},"alternateName":"mivoot","potentialAction":[{"@type":"SearchAction","target":{"@type":"EntryPoint","urlTemplate":"https:\/\/mivoot.com\/gt\/?s={search_term_string}"},"query-input":{"@type":"PropertyValueSpecification","valueRequired":true,"valueName":"search_term_string"}}],"inLanguage":"es"},{"@type":"Organization","@id":"https:\/\/mivoot.com\/gt\/#organization","name":"Mivoot Guatemala","alternateName":"mivoot.com","url":"https:\/\/mivoot.com\/gt\/","logo":{"@type":"ImageObject","inLanguage":"es","@id":"https:\/\/mivoot.com\/gt\/#\/schema\/logo\/image\/","url":"https:\/\/mivoot.com\/gt\/wp-content\/uploads\/2023\/03\/cropped-icon.png","contentUrl":"https:\/\/mivoot.com\/gt\/wp-content\/uploads\/2023\/03\/cropped-icon.png","width":512,"height":512,"caption":"Mivoot Guatemala"},"image":{"@id":"https:\/\/mivoot.com\/gt\/#\/schema\/logo\/image\/"},"sameAs":["https:\/\/www.facebook.com\/mivootgt","https:\/\/instagram.com\/mivoot"]}]}},"jetpack_publicize_connections":[],"jetpack_sharing_enabled":true,"brands":[],"_links":{"self":[{"href":"https:\/\/mivoot.com\/gt\/wp-json\/wp\/v2\/product\/29832","targetHints":{"allow":["GET"]}}],"collection":[{"href":"https:\/\/mivoot.com\/gt\/wp-json\/wp\/v2\/product"}],"about":[{"href":"https:\/\/mivoot.com\/gt\/wp-json\/wp\/v2\/types\/product"}],"replies":[{"embeddable":true,"href":"https:\/\/mivoot.com\/gt\/wp-json\/wp\/v2\/comments?post=29832"}],"version-history":[{"count":2,"href":"https:\/\/mivoot.com\/gt\/wp-json\/wp\/v2\/product\/29832\/revisions"}],"predecessor-version":[{"id":29854,"href":"https:\/\/mivoot.com\/gt\/wp-json\/wp\/v2\/product\/29832\/revisions\/29854"}],"wp:featuredmedia":[{"embeddable":true,"href":"https:\/\/mivoot.com\/gt\/wp-json\/wp\/v2\/media\/29833"}],"wp:attachment":[{"href":"https:\/\/mivoot.com\/gt\/wp-json\/wp\/v2\/media?parent=29832"}],"wp:term":[{"taxonomy":"pwb-brand","embeddable":true,"href":"https:\/\/mivoot.com\/gt\/wp-json\/wp\/v2\/pwb-brand?post=29832"},{"taxonomy":"product_brand","embeddable":true,"href":"https:\/\/mivoot.com\/gt\/wp-json\/wp\/v2\/product_brand?post=29832"},{"taxonomy":"product_cat","embeddable":true,"href":"https:\/\/mivoot.com\/gt\/wp-json\/wp\/v2\/product_cat?post=29832"},{"taxonomy":"product_tag","embeddable":true,"href":"https:\/\/mivoot.com\/gt\/wp-json\/wp\/v2\/product_tag?post=29832"}],"curies":[{"name":"wp","href":"https:\/\/api.w.org\/{rel}","templated":true}]}}