{"id":30015,"date":"2025-09-17T16:11:00","date_gmt":"2025-09-17T22:11:00","guid":{"rendered":"https:\/\/mivoot.com\/gt\/?post_type=product&#038;p=30015"},"modified":"2025-09-18T15:58:57","modified_gmt":"2025-09-18T21:58:57","slug":"lector-de-tarjetas-con-banda-magnetica-3nstar","status":"publish","type":"product","link":"https:\/\/mivoot.com\/gt\/producto\/lector-de-tarjetas-con-banda-magnetica-3nstar\/","title":{"rendered":"Lector de Tarjetas con Banda Magn\u00e9tica 3nStar"},"content":{"rendered":"<h1 style=\"text-align: center;\">Lector de Tarjetas con Banda Magn\u00e9tica 3nStar<\/h1>\n<p>El MSR003 de 3nStar es un lector de banda magn\u00e9tica que lee y captura data de las tres pistas presentes normalmente en las bandas magn\u00e9ticas de tarjetas de cr\u00e9dito y d\u00e9bito. Lee la banda magn\u00e9tica de forma bidireccional, es decir que puede ser desplazada de adelante hacia a tras o viceversa, a una velocidad de 120cm por segundo.<\/p>\n<p>El lector posee un led indicador que se enciende en color rojo alertando al usuario que se ha producido un error en la lectura de la tarjeta. El lector posee unas cintas adhesivas que pueden ser usadas para fijarlo a un mostrador u otra superficie.<\/p>\n<p><em>Caracter\u00edsticas<\/em><\/p>\n<ul>\n<li>El lector de tarjetas magn\u00e9ticas de tres pistas se puede utilizar para deslizar y leer la banda magn\u00e9tica en la parte posterior de una tarjeta de cr\u00e9dito o d\u00e9bito u otra tarjeta de banda magn\u00e9tica<\/li>\n<li>El cable USB incorporado de 5,25\u2032 se puede conectar a un ordenador o a un sistema host para transmitir datos de la tarjeta y alimentar al lector<\/li>\n<li>Pesa 76 g. con el cable del USB; Mide 27,5 mm x 27,5 mm x 90 mm (alto x ancho x profundidad)<\/li>\n<\/ul>\n<p>&nbsp;<\/p>\n","protected":false},"excerpt":{"rendered":"<p>&#8211; Interface USB<br \/>\n&#8211; Tracks de Lectura 1, 2 y 3<br \/>\n&#8211; Direccion de Lectura Bidireccional<br \/>\n&#8211; Indicadores Luces Led y se\u00f1ales audibles<br \/>\n&#8211; Compatibilidad Windows, iOS y Android<br \/>\n&#8211; Dimensiones 27.5mm x 27.5mm x 90mm<br \/>\n&#8211; Peso 76 g.<br \/>\n&#8211; Track 1 210bpi con un m\u00e1ximo de 76 caracteres<br \/>\n&#8211; Track 2 210bpi con un m\u00e1ximo de 104 caracteres o 75bpi con un m\u00e1ximo de 37 caracteres<br \/>\n&#8211; Track 3 210bpi con un m\u00e1ximo de 104 caracteres<br \/>\n&#8211; Lectura Hi-co, Lo-co desde 300 a 4,000oe<br \/>\n&#8211; Alimentaci\u00f3n 5V DC, \u00b110%<br \/>\n&#8211; Color Negro<\/p>\n","protected":false},"featured_media":30017,"comment_status":"open","ping_status":"closed","template":"","meta":{"jetpack_publicize_message":"","jetpack_publicize_feature_enabled":true,"jetpack_social_post_already_shared":true,"jetpack_social_options":{"image_generator_settings":{"template":"highway","default_image_id":0,"font":"","enabled":false},"version":2}},"pwb-brand":[312],"product_brand":[],"product_cat":[310,306,300],"product_tag":[],"class_list":{"0":"post-30015","1":"product","2":"type-product","3":"status-publish","4":"has-post-thumbnail","6":"pwb-brand-3nstar","7":"product_cat-cajaregistradora","8":"product_cat-posmovil","9":"product_cat-codigobarras","11":"first","12":"instock","13":"taxable","14":"shipping-taxable","15":"purchasable","16":"product-type-simple"},"yoast_head":"<!-- This site is optimized with the Yoast SEO Premium plugin v25.7.1 (Yoast SEO v26.8) - https:\/\/yoast.com\/product\/yoast-seo-premium-wordpress\/ -->\n<title>Lector de Tarjetas con Banda Magn\u00e9tica 3nStar - Mivoot<\/title>\n<meta name=\"robots\" content=\"index, follow, max-snippet:-1, max-image-preview:large, max-video-preview:-1\" \/>\n<link rel=\"canonical\" href=\"https:\/\/mivoot.com\/gt\/producto\/lector-de-tarjetas-con-banda-magnetica-3nstar\/\" \/>\n<meta property=\"og:locale\" content=\"es_ES\" \/>\n<meta property=\"og:type\" content=\"article\" \/>\n<meta property=\"og:title\" content=\"Lector de Tarjetas con Banda Magn\u00e9tica 3nStar\" \/>\n<meta property=\"og:description\" content=\"- Interface USB - Tracks de Lectura 1, 2 y 3 - Direccion de Lectura Bidireccional - Indicadores Luces Led y se\u00f1ales audibles - Compatibilidad Windows, iOS y Android - Dimensiones 27.5mm x 27.5mm x 90mm - Peso 76 g. - Track 1 210bpi con un m\u00e1ximo de 76 caracteres - Track 2 210bpi con un m\u00e1ximo de 104 caracteres o 75bpi con un m\u00e1ximo de 37 caracteres - Track 3 210bpi con un m\u00e1ximo de 104 caracteres - Lectura Hi-co, Lo-co desde 300 a 4,000oe - Alimentaci\u00f3n 5V DC, \u00b110% - Color Negro\" \/>\n<meta property=\"og:url\" content=\"https:\/\/mivoot.com\/gt\/producto\/lector-de-tarjetas-con-banda-magnetica-3nstar\/\" \/>\n<meta property=\"og:site_name\" content=\"Mivoot\" \/>\n<meta property=\"article:publisher\" content=\"https:\/\/www.facebook.com\/mivootgt\" \/>\n<meta property=\"article:modified_time\" content=\"2025-09-18T21:58:57+00:00\" \/>\n<meta property=\"og:image\" content=\"https:\/\/mivoot.com\/gt\/wp-content\/uploads\/2025\/09\/MSR003-02.png\" \/>\n\t<meta property=\"og:image:width\" content=\"500\" \/>\n\t<meta property=\"og:image:height\" content=\"500\" \/>\n\t<meta property=\"og:image:type\" content=\"image\/png\" \/>\n<meta name=\"twitter:card\" content=\"summary_large_image\" \/>\n<meta name=\"twitter:label1\" content=\"Est. reading time\" \/>\n\t<meta name=\"twitter:data1\" content=\"2 minutos\" \/>\n<script type=\"application\/ld+json\" class=\"yoast-schema-graph\">{\"@context\":\"https:\/\/schema.org\",\"@graph\":[{\"@type\":\"WebPage\",\"@id\":\"https:\/\/mivoot.com\/gt\/producto\/lector-de-tarjetas-con-banda-magnetica-3nstar\/\",\"url\":\"https:\/\/mivoot.com\/gt\/producto\/lector-de-tarjetas-con-banda-magnetica-3nstar\/\",\"name\":\"Lector de Tarjetas con Banda Magn\u00e9tica 3nStar - Mivoot\",\"isPartOf\":{\"@id\":\"https:\/\/mivoot.com\/gt\/#website\"},\"primaryImageOfPage\":{\"@id\":\"https:\/\/mivoot.com\/gt\/producto\/lector-de-tarjetas-con-banda-magnetica-3nstar\/#primaryimage\"},\"image\":{\"@id\":\"https:\/\/mivoot.com\/gt\/producto\/lector-de-tarjetas-con-banda-magnetica-3nstar\/#primaryimage\"},\"thumbnailUrl\":\"https:\/\/mivoot.com\/gt\/wp-content\/uploads\/2025\/09\/MSR003-02.png\",\"datePublished\":\"2025-09-17T22:11:00+00:00\",\"dateModified\":\"2025-09-18T21:58:57+00:00\",\"breadcrumb\":{\"@id\":\"https:\/\/mivoot.com\/gt\/producto\/lector-de-tarjetas-con-banda-magnetica-3nstar\/#breadcrumb\"},\"inLanguage\":\"es\",\"potentialAction\":[{\"@type\":\"ReadAction\",\"target\":[\"https:\/\/mivoot.com\/gt\/producto\/lector-de-tarjetas-con-banda-magnetica-3nstar\/\"]}]},{\"@type\":\"ImageObject\",\"inLanguage\":\"es\",\"@id\":\"https:\/\/mivoot.com\/gt\/producto\/lector-de-tarjetas-con-banda-magnetica-3nstar\/#primaryimage\",\"url\":\"https:\/\/mivoot.com\/gt\/wp-content\/uploads\/2025\/09\/MSR003-02.png\",\"contentUrl\":\"https:\/\/mivoot.com\/gt\/wp-content\/uploads\/2025\/09\/MSR003-02.png\",\"width\":500,\"height\":500},{\"@type\":\"BreadcrumbList\",\"@id\":\"https:\/\/mivoot.com\/gt\/producto\/lector-de-tarjetas-con-banda-magnetica-3nstar\/#breadcrumb\",\"itemListElement\":[{\"@type\":\"ListItem\",\"position\":1,\"name\":\"Inicio\",\"item\":\"https:\/\/mivoot.com\/gt\/\"},{\"@type\":\"ListItem\",\"position\":2,\"name\":\"Productos\",\"item\":\"https:\/\/mivoot.com\/gt\/producto\/\"},{\"@type\":\"ListItem\",\"position\":3,\"name\":\"3nStar\",\"item\":\"https:\/\/mivoot.com\/gt\/marca\/3nstar\/\"},{\"@type\":\"ListItem\",\"position\":4,\"name\":\"Lector de Tarjetas con Banda Magn\u00e9tica 3nStar\"}]},{\"@type\":\"WebSite\",\"@id\":\"https:\/\/mivoot.com\/gt\/#website\",\"url\":\"https:\/\/mivoot.com\/gt\/\",\"name\":\"Mivoot\",\"description\":\"Mivoot Guatemala | Tienda Online\",\"publisher\":{\"@id\":\"https:\/\/mivoot.com\/gt\/#organization\"},\"alternateName\":\"mivoot\",\"potentialAction\":[{\"@type\":\"SearchAction\",\"target\":{\"@type\":\"EntryPoint\",\"urlTemplate\":\"https:\/\/mivoot.com\/gt\/?s={search_term_string}\"},\"query-input\":{\"@type\":\"PropertyValueSpecification\",\"valueRequired\":true,\"valueName\":\"search_term_string\"}}],\"inLanguage\":\"es\"},{\"@type\":\"Organization\",\"@id\":\"https:\/\/mivoot.com\/gt\/#organization\",\"name\":\"Mivoot Guatemala\",\"alternateName\":\"mivoot.com\",\"url\":\"https:\/\/mivoot.com\/gt\/\",\"logo\":{\"@type\":\"ImageObject\",\"inLanguage\":\"es\",\"@id\":\"https:\/\/mivoot.com\/gt\/#\/schema\/logo\/image\/\",\"url\":\"https:\/\/mivoot.com\/gt\/wp-content\/uploads\/2023\/03\/cropped-icon.png\",\"contentUrl\":\"https:\/\/mivoot.com\/gt\/wp-content\/uploads\/2023\/03\/cropped-icon.png\",\"width\":512,\"height\":512,\"caption\":\"Mivoot Guatemala\"},\"image\":{\"@id\":\"https:\/\/mivoot.com\/gt\/#\/schema\/logo\/image\/\"},\"sameAs\":[\"https:\/\/www.facebook.com\/mivootgt\",\"https:\/\/instagram.com\/mivoot\"]}]}<\/script>\n<!-- \/ Yoast SEO Premium plugin. -->","yoast_head_json":{"title":"Lector de Tarjetas con Banda Magn\u00e9tica 3nStar - Mivoot","robots":{"index":"index","follow":"follow","max-snippet":"max-snippet:-1","max-image-preview":"max-image-preview:large","max-video-preview":"max-video-preview:-1"},"canonical":"https:\/\/mivoot.com\/gt\/producto\/lector-de-tarjetas-con-banda-magnetica-3nstar\/","og_locale":"es_ES","og_type":"article","og_title":"Lector de Tarjetas con Banda Magn\u00e9tica 3nStar","og_description":"- Interface USB - Tracks de Lectura 1, 2 y 3 - Direccion de Lectura Bidireccional - Indicadores Luces Led y se\u00f1ales audibles - Compatibilidad Windows, iOS y Android - Dimensiones 27.5mm x 27.5mm x 90mm - Peso 76 g. - Track 1 210bpi con un m\u00e1ximo de 76 caracteres - Track 2 210bpi con un m\u00e1ximo de 104 caracteres o 75bpi con un m\u00e1ximo de 37 caracteres - Track 3 210bpi con un m\u00e1ximo de 104 caracteres - Lectura Hi-co, Lo-co desde 300 a 4,000oe - Alimentaci\u00f3n 5V DC, \u00b110% - Color Negro","og_url":"https:\/\/mivoot.com\/gt\/producto\/lector-de-tarjetas-con-banda-magnetica-3nstar\/","og_site_name":"Mivoot","article_publisher":"https:\/\/www.facebook.com\/mivootgt","article_modified_time":"2025-09-18T21:58:57+00:00","og_image":[{"width":500,"height":500,"url":"https:\/\/mivoot.com\/gt\/wp-content\/uploads\/2025\/09\/MSR003-02.png","type":"image\/png"}],"twitter_card":"summary_large_image","twitter_misc":{"Est. reading time":"2 minutos"},"schema":{"@context":"https:\/\/schema.org","@graph":[{"@type":"WebPage","@id":"https:\/\/mivoot.com\/gt\/producto\/lector-de-tarjetas-con-banda-magnetica-3nstar\/","url":"https:\/\/mivoot.com\/gt\/producto\/lector-de-tarjetas-con-banda-magnetica-3nstar\/","name":"Lector de Tarjetas con Banda Magn\u00e9tica 3nStar - Mivoot","isPartOf":{"@id":"https:\/\/mivoot.com\/gt\/#website"},"primaryImageOfPage":{"@id":"https:\/\/mivoot.com\/gt\/producto\/lector-de-tarjetas-con-banda-magnetica-3nstar\/#primaryimage"},"image":{"@id":"https:\/\/mivoot.com\/gt\/producto\/lector-de-tarjetas-con-banda-magnetica-3nstar\/#primaryimage"},"thumbnailUrl":"https:\/\/mivoot.com\/gt\/wp-content\/uploads\/2025\/09\/MSR003-02.png","datePublished":"2025-09-17T22:11:00+00:00","dateModified":"2025-09-18T21:58:57+00:00","breadcrumb":{"@id":"https:\/\/mivoot.com\/gt\/producto\/lector-de-tarjetas-con-banda-magnetica-3nstar\/#breadcrumb"},"inLanguage":"es","potentialAction":[{"@type":"ReadAction","target":["https:\/\/mivoot.com\/gt\/producto\/lector-de-tarjetas-con-banda-magnetica-3nstar\/"]}]},{"@type":"ImageObject","inLanguage":"es","@id":"https:\/\/mivoot.com\/gt\/producto\/lector-de-tarjetas-con-banda-magnetica-3nstar\/#primaryimage","url":"https:\/\/mivoot.com\/gt\/wp-content\/uploads\/2025\/09\/MSR003-02.png","contentUrl":"https:\/\/mivoot.com\/gt\/wp-content\/uploads\/2025\/09\/MSR003-02.png","width":500,"height":500},{"@type":"BreadcrumbList","@id":"https:\/\/mivoot.com\/gt\/producto\/lector-de-tarjetas-con-banda-magnetica-3nstar\/#breadcrumb","itemListElement":[{"@type":"ListItem","position":1,"name":"Inicio","item":"https:\/\/mivoot.com\/gt\/"},{"@type":"ListItem","position":2,"name":"Productos","item":"https:\/\/mivoot.com\/gt\/producto\/"},{"@type":"ListItem","position":3,"name":"3nStar","item":"https:\/\/mivoot.com\/gt\/marca\/3nstar\/"},{"@type":"ListItem","position":4,"name":"Lector de Tarjetas con Banda Magn\u00e9tica 3nStar"}]},{"@type":"WebSite","@id":"https:\/\/mivoot.com\/gt\/#website","url":"https:\/\/mivoot.com\/gt\/","name":"Mivoot","description":"Mivoot Guatemala | Tienda Online","publisher":{"@id":"https:\/\/mivoot.com\/gt\/#organization"},"alternateName":"mivoot","potentialAction":[{"@type":"SearchAction","target":{"@type":"EntryPoint","urlTemplate":"https:\/\/mivoot.com\/gt\/?s={search_term_string}"},"query-input":{"@type":"PropertyValueSpecification","valueRequired":true,"valueName":"search_term_string"}}],"inLanguage":"es"},{"@type":"Organization","@id":"https:\/\/mivoot.com\/gt\/#organization","name":"Mivoot Guatemala","alternateName":"mivoot.com","url":"https:\/\/mivoot.com\/gt\/","logo":{"@type":"ImageObject","inLanguage":"es","@id":"https:\/\/mivoot.com\/gt\/#\/schema\/logo\/image\/","url":"https:\/\/mivoot.com\/gt\/wp-content\/uploads\/2023\/03\/cropped-icon.png","contentUrl":"https:\/\/mivoot.com\/gt\/wp-content\/uploads\/2023\/03\/cropped-icon.png","width":512,"height":512,"caption":"Mivoot Guatemala"},"image":{"@id":"https:\/\/mivoot.com\/gt\/#\/schema\/logo\/image\/"},"sameAs":["https:\/\/www.facebook.com\/mivootgt","https:\/\/instagram.com\/mivoot"]}]}},"jetpack_publicize_connections":[],"jetpack_sharing_enabled":true,"brands":[{"id":312,"name":"3nStar","slug":"3nstar"}],"_links":{"self":[{"href":"https:\/\/mivoot.com\/gt\/wp-json\/wp\/v2\/product\/30015","targetHints":{"allow":["GET"]}}],"collection":[{"href":"https:\/\/mivoot.com\/gt\/wp-json\/wp\/v2\/product"}],"about":[{"href":"https:\/\/mivoot.com\/gt\/wp-json\/wp\/v2\/types\/product"}],"replies":[{"embeddable":true,"href":"https:\/\/mivoot.com\/gt\/wp-json\/wp\/v2\/comments?post=30015"}],"version-history":[{"count":1,"href":"https:\/\/mivoot.com\/gt\/wp-json\/wp\/v2\/product\/30015\/revisions"}],"predecessor-version":[{"id":30020,"href":"https:\/\/mivoot.com\/gt\/wp-json\/wp\/v2\/product\/30015\/revisions\/30020"}],"wp:featuredmedia":[{"embeddable":true,"href":"https:\/\/mivoot.com\/gt\/wp-json\/wp\/v2\/media\/30017"}],"wp:attachment":[{"href":"https:\/\/mivoot.com\/gt\/wp-json\/wp\/v2\/media?parent=30015"}],"wp:term":[{"taxonomy":"pwb-brand","embeddable":true,"href":"https:\/\/mivoot.com\/gt\/wp-json\/wp\/v2\/pwb-brand?post=30015"},{"taxonomy":"product_brand","embeddable":true,"href":"https:\/\/mivoot.com\/gt\/wp-json\/wp\/v2\/product_brand?post=30015"},{"taxonomy":"product_cat","embeddable":true,"href":"https:\/\/mivoot.com\/gt\/wp-json\/wp\/v2\/product_cat?post=30015"},{"taxonomy":"product_tag","embeddable":true,"href":"https:\/\/mivoot.com\/gt\/wp-json\/wp\/v2\/product_tag?post=30015"}],"curies":[{"name":"wp","href":"https:\/\/api.w.org\/{rel}","templated":true}]}}